{"id":8442,"date":"2024-07-16T07:00:53","date_gmt":"2024-07-16T07:00:53","guid":{"rendered":"https:\/\/www.ankarsrum.com\/au\/product\/mincer-complete\/"},"modified":"2025-11-20T00:01:13","modified_gmt":"2025-11-20T00:01:13","slug":"mincer-complete","status":"publish","type":"product","link":"https:\/\/www.ankarsrum.com\/au\/product\/mincer-complete\/","title":{"rendered":"Mincer Complete Package"},"content":{"rendered":"With the Ankarsrum Mincer Complete Package, you get everything you need to take your cooking to the next level. In addition to the Mincer, you receive five attachments that easily mount on the Mincer, making it even more versatile. Grind your own meat, make homemade sausages, puree fruit into jams and sauces, grate parmesan or nuts, and pipe cookies with ease &#8211; all with one fantastic package!\r\n\r\n<strong>Mincer with hole discs &amp; sausage horns<\/strong> \u2013 process your own ground meat, shape your own sausages, or prepare vegetarian options like falafel or chickpea patties. Easily adjust the texture from fine to coarse grinds.\r\n<strong>Strainer<\/strong> \u2013 Transform fresh fruits and vegetables into smooth purees, sauces, baby foods, jams, and marmalades.\r\n<strong>Grater <\/strong>\u2013 Easily grate everything from parmesan and chocolate to nuts and potatoes.\r\n<strong>Cookie Attachment<\/strong> \u2013 Pipe shortbread dough to create uniformly shaped cookies in four different patterns.\r\n\r\nWith the Mincer Complete Package, you unlock endless options to create homemade delicacies. From everyday meals to festive feasts, this package gives you the tools to do it all. An essential set of accessories for anyone who wants to expand their culinary range.\r\n\r\n<strong>The Mincer is compatible with any Assistent Original &#8211; Type: N1-N30 | Type: N30\/Model: AKM6230.\r\nThe Strainer, Sausage Horns, Grater, and Cookie Press attach to the Mincer and are compatible with Mincer Model 10. The model number \u201c10\u201d is stamped on the 4-blade knife.<\/strong>\r\n\r\nWhat\u2019s included?\r\n<ul>\r\n \t<li><strong>Mincer:<\/strong> Mincer housing with auger, 4-blade knife, feeding tray, feeder plug, splash guard.<\/li>\r\n \t<li><strong>4 hole discs:<\/strong> 2.5\/4.5\/6\/8 mm.<\/li>\r\n \t<li><strong>Three sausage horns:<\/strong> 10\/20\/25 mm.<\/li>\r\n \t<li><strong>Strainer: <\/strong>Strainer tube, valve, strainer screw, chute, adjustment knob, and bolt.<\/li>\r\n \t<li><strong>Grater:<\/strong> Grating cylinder and grater screw.<\/li>\r\n \t<li><strong>Cookie Attachment: <\/strong>Four different patterns for shortbread cookies.<\/li>\r\n<\/ul>","protected":false},"excerpt":{"rendered":"<p>Maximize your Ankarsrum Assistent Original with the Mincer Complete Package! This comprehensive set includes a Mincer and five practical attachments that allow you to grind, strain, grate, and pipe \u2013 quickly, effortlessly, and with full control of your ingredients. A must-have for home chefs and food enthusiasts who love to cook from scratch.<\/p>\n","protected":false},"featured_media":12547,"comment_status":"open","ping_status":"closed","template":"","meta":{"_acf_changed":false,"content-type":"","editor_notices":[]},"product_brand":[],"product_cat":[466],"product_tag":[],"product-tag":[],"machines":[],"filter":[317,309],"class_list":{"0":"post-8442","1":"product","2":"type-product","3":"status-publish","4":"has-post-thumbnail","6":"product_cat-mixer-accessories","7":"filter-food","8":"filter-mincer","10":"first","11":"instock","12":"taxable","13":"shipping-taxable","14":"product-type-simple"},"acf":{"module_pdp_hide_accordion":false,"hide_woocommerce_sections":[],"summary_upsells":false,"ac_modules--pdp":false,"blocks":false,"additional_attributes":[{"value":"weight","label":"Weight"},{"value":"dimensions","label":"Dimensions"}],"additional_information":"","image":false,"addons_repeater":false,"show_addon_products":true,"is_blocks":false,"show_product_category":true,"add_link":false,"show_usp_override":false,"swatches":"kvarnpaket","swatches_type":"","swatches_name":"Mincer Complete","show_image":true,"show_modules_last":false,"product_block_area_modules":[{"ID":13244,"post_author":"404","post_date":"2025-02-11 10:29:22","post_date_gmt":"2025-02-11 10:29:22","post_content":"<!-- wp:columns {\"align\":\"wide\"} -->\n<div class=\"wp-block-columns alignwide\"><!-- wp:column -->\n<div class=\"wp-block-column\"><!-- wp:media-text {\"mediaId\":60015,\"mediaLink\":\"https:\/\/www.ankarsrum.com\/se\/?attachment_id=60015\",\"mediaType\":\"image\"} -->\n<div class=\"wp-block-media-text is-stacked-on-mobile\"><figure class=\"wp-block-media-text__media\"><img src=\"https:\/\/www.ankarsrum.com\/se\/wp-content\/uploads\/sites\/11\/2025\/02\/kottkvarn-paket-usp-2.png\" alt=\"Ankarsrum K\u00f6ttkvarn Komplett med tillbeh\u00f6r f\u00f6r malning, rivning, passering och spritsning.\" class=\"wp-image-60015 size-full\"\/><\/figure><div class=\"wp-block-media-text__content\"><!-- wp:heading -->\n<h2 class=\"wp-block-heading\" id=\"h-mincer-complete-package\"><strong><strong><strong>Mincer Complete Package<\/strong><\/strong><\/strong><\/h2>\n<!-- \/wp:heading -->\n\n<!-- wp:image {\"id\":19088,\"sizeSlug\":\"full\",\"linkDestination\":\"none\"} -->\n<figure class=\"wp-block-image size-full\"><img src=\"https:\/\/www.ankarsrum.com\/wp-content\/uploads\/2025\/02\/821fa7c2-9467-42b4-9df9-09ad3899de7c.png\" alt=\"\" class=\"wp-image-19088\"\/><\/figure>\n<!-- \/wp:image -->\n\n<!-- wp:paragraph -->\n<p>A complete package that opens up more possibilities in the kitchen - from mincing and straining to grating and piping.<\/p>\n<!-- \/wp:paragraph -->\n\n<!-- wp:heading {\"level\":3} -->\n<h3 class=\"wp-block-heading\" id=\"h-versatile\"><img class=\"wp-image-9977\" style=\"width: 24px;\" src=\"https:\/\/www.ankarsrum.com.stg.synot.io\/wp-content\/uploads\/2022\/08\/check-flower.svg\" alt=\"\"><img class=\"wp-image-9977\" style=\"width: 24px;\" src=\"https:\/\/www.ankarsrum.com\/wp-content\/uploads\/2022\/08\/check-flower.svg\" alt=\"\"> <strong>Versatile<\/strong><\/h3>\n<!-- \/wp:heading -->\n\n<!-- wp:paragraph -->\n<p>Make everything from ground beef and sausage to purees, shredded cheese and cookies.<\/p>\n<!-- \/wp:paragraph -->\n\n<!-- wp:heading {\"level\":3} -->\n<h3 class=\"wp-block-heading\" id=\"h-efficient\"><img class=\"wp-image-9977\" style=\"width: 24px;\" src=\"https:\/\/www.ankarsrum.com\/wp-content\/uploads\/2022\/08\/check-flower.svg\" alt=\"\"><img class=\"wp-image-9977\" style=\"width: 24px;\" src=\"https:\/\/www.ankarsrum.com.stg.synot.io\/wp-content\/uploads\/2022\/08\/check-flower.svg\" alt=\"\"> <strong>Efficient<\/strong><\/h3>\n<!-- \/wp:heading -->\n\n<!-- wp:paragraph -->\n<p>Let the machine do the work and save time in the kitchen.<\/p>\n<!-- \/wp:paragraph -->\n\n<!-- wp:heading {\"level\":3} -->\n<h3 class=\"wp-block-heading\" id=\"h-full-control\"><img class=\"wp-image-9977\" style=\"width: 24px;\" src=\"https:\/\/www.ankarsrum.com.stg.synot.io\/wp-content\/uploads\/2022\/08\/check-flower.svg\" alt=\"\"><img class=\"wp-image-9977\" style=\"width: 24px;\" src=\"https:\/\/www.ankarsrum.com\/wp-content\/uploads\/2022\/08\/check-flower.svg\" alt=\"\"> <strong>Full control<\/strong><\/h3>\n<!-- \/wp:heading -->\n\n<!-- wp:paragraph -->\n<p>Adjust texture and consistency with different attachments.<\/p>\n<!-- \/wp:paragraph --><\/div><\/div>\n<!-- \/wp:media-text -->\n\n<!-- wp:media-text {\"mediaPosition\":\"right\",\"mediaId\":60016,\"mediaLink\":\"https:\/\/www.ankarsrum.com\/se\/?attachment_id=60016\",\"mediaType\":\"image\"} -->\n<div class=\"wp-block-media-text has-media-on-the-right is-stacked-on-mobile\"><div class=\"wp-block-media-text__content\"><!-- wp:heading -->\n<h2 class=\"wp-block-heading\" id=\"h-more-possibilities-in-the-kitchen\"><strong><strong>More possibilities in the kitchen<\/strong><\/strong><\/h2>\n<!-- \/wp:heading -->\n\n<!-- wp:image {\"id\":19088,\"sizeSlug\":\"full\",\"linkDestination\":\"none\"} -->\n<figure class=\"wp-block-image size-full\"><img src=\"https:\/\/www.ankarsrum.com\/wp-content\/uploads\/2025\/02\/821fa7c2-9467-42b4-9df9-09ad3899de7c.png\" alt=\"\" class=\"wp-image-19088\"\/><\/figure>\n<!-- \/wp:image -->\n\n<!-- wp:paragraph -->\n<p>With the included attachments, the Mincer becomes more than just a grinder. The <a href=\"https:\/\/www.ankarsrum.com\/au\/product\/strainer\/\" data-type=\"link\" data-id=\"https:\/\/www.ankarsrum.com\/product\/strainer\/\" target=\"_blank\" rel=\"noreferrer noopener\">Strainer <\/a>makes it easy to blend fruits and berries into smooth purees, jams or baby food. The<a href=\"https:\/\/www.ankarsrum.com\/au\/product\/grater\/\" data-type=\"link\" data-id=\"https:\/\/www.ankarsrum.com\/product\/grater\/\" target=\"_blank\" rel=\"noreferrer noopener\"> Grater<\/a> lets you shred everything from Parmesan cheese and chocolate to nuts and potatoes - quickly and efficiently. And for baking enthusiasts, the <a href=\"https:\/\/www.ankarsrum.com\/au\/product\/cookie-press\/\" data-type=\"link\" data-id=\"https:\/\/www.ankarsrum.com\/product\/cookie-press\/\" target=\"_blank\" rel=\"noreferrer noopener\">Cookie Press<\/a> ensures perfectly shaped cookies with consistent results every time.<\/p>\n<!-- \/wp:paragraph -->\n\n<!-- wp:buttons -->\n<div class=\"wp-block-buttons\"><!-- wp:button -->\n<div class=\"wp-block-button wp-block-button\"><a class=\"wp-block-button__link wp-element-button\" href=\"https:\/\/www.ankarsrum.com\/au\/product-category\/mixer-accessories\/\" target=\"_blank\" rel=\"noreferrer noopener\">Explore more Accessories<\/a><\/div>\n<!-- \/wp:button --><\/div>\n<!-- \/wp:buttons --><\/div><figure class=\"wp-block-media-text__media\"><img src=\"https:\/\/www.ankarsrum.com\/se\/wp-content\/uploads\/sites\/11\/2025\/02\/kottkvarn-komplett-content.png\" alt=\"K\u00f6ttkvarn Komplett monterad p\u00e5 Ankarsrum Assistent Original, redo f\u00f6r malning, passering och spritsning.\" class=\"wp-image-60016 size-full\"\/><\/figure><\/div>\n<!-- \/wp:media-text --><\/div>\n<!-- \/wp:column --><\/div>\n<!-- \/wp:columns -->","post_title":"Mincer Complete Package - PRODUCT","post_excerpt":"","post_status":"publish","comment_status":"closed","ping_status":"closed","post_password":"","post_name":"mincer-complete-package-product","to_ping":"","pinged":"","post_modified":"2025-02-11 10:30:47","post_modified_gmt":"2025-02-11 10:30:47","post_content_filtered":"","post_parent":0,"guid":"https:\/\/www.ankarsrum.com\/au\/?post_type=gutenberg-modules&#038;p=13244","menu_order":0,"post_type":"gutenberg-modules","post_mime_type":"","comment_count":"0","filter":"raw"}],"category_discount_product":false,"faq_posts_activation":false,"product_slider_type_columns":"default","product_disable_thumbnails":false,"product_disable_pagination_dots":false,"product_thumbnails_position_mobile":"default","product_thumbnails_position_desktop":"default","carousel_videos":[{"video_source":"youtube","youtube_video_id":"UNnmBN6w4Po","vimeo_video_id":""}],"model_info":"","product_facts":"","product_usp":"","product_technical_information":"","show_faq_posts":false},"yoast_head":"<!-- This site is optimized with the Yoast SEO Premium plugin v26.6 (Yoast SEO v26.6) - https:\/\/yoast.com\/wordpress\/plugins\/seo\/ -->\n<title>Mincer Complete Package - Ankarsrum Australia Mincer Complete Package<\/title>\n<meta name=\"description\" content=\"The Mincer Complete Package gives you full control over your ingredients for homemade sausages, pur\u00e9es, grated cheese, and perfectly shaped cookies.\" \/>\n<meta name=\"robots\" content=\"index, follow, max-snippet:-1, max-image-preview:large, max-video-preview:-1\" \/>\n<link rel=\"canonical\" href=\"https:\/\/www.ankarsrum.com\/au\/product\/mincer-complete\/\" \/>\n<meta property=\"og:locale\" content=\"en_US\" \/>\n<meta property=\"og:type\" content=\"article\" \/>\n<meta property=\"og:title\" content=\"Mincer Complete Package\" \/>\n<meta property=\"og:description\" content=\"The Mincer Complete Package gives you full control over your ingredients for homemade sausages, pur\u00e9es, grated cheese, and perfectly shaped cookies.\" \/>\n<meta property=\"og:url\" content=\"https:\/\/www.ankarsrum.com\/au\/product\/mincer-complete\/\" \/>\n<meta property=\"og:site_name\" content=\"Ankarsrum Australia\" \/>\n<meta property=\"article:modified_time\" content=\"2025-11-20T00:01:13+00:00\" \/>\n<meta property=\"og:image\" content=\"https:\/\/www.ankarsrum.com\/au\/wp-content\/uploads\/sites\/38\/2024\/09\/mincer-complete-ny.jpg\" \/>\n\t<meta property=\"og:image:width\" content=\"1200\" \/>\n\t<meta property=\"og:image:height\" content=\"630\" \/>\n\t<meta property=\"og:image:type\" content=\"image\/jpeg\" \/>\n<meta name=\"twitter:card\" content=\"summary_large_image\" \/>\n<meta name=\"twitter:label1\" content=\"Est. reading time\" \/>\n\t<meta name=\"twitter:data1\" content=\"2 minutes\" \/>\n<script type=\"application\/ld+json\" class=\"yoast-schema-graph\">{\"@context\":\"https:\/\/schema.org\",\"@graph\":[{\"@type\":\"WebPage\",\"@id\":\"https:\/\/www.ankarsrum.com\/au\/product\/mincer-complete\/\",\"url\":\"https:\/\/www.ankarsrum.com\/au\/product\/mincer-complete\/\",\"name\":\"Mincer Complete Package - Ankarsrum Australia Mincer Complete Package\",\"isPartOf\":{\"@id\":\"https:\/\/www.ankarsrum.com\/au\/#website\"},\"primaryImageOfPage\":{\"@id\":\"https:\/\/www.ankarsrum.com\/au\/product\/mincer-complete\/#primaryimage\"},\"image\":{\"@id\":\"https:\/\/www.ankarsrum.com\/au\/product\/mincer-complete\/#primaryimage\"},\"thumbnailUrl\":\"https:\/\/www.ankarsrum.com\/img-srv\/cwbo55PHldRY5nGpwqiIMJomYTxq684kzv3pr691mVI\/resizing_type:auto\/width:0\/height:0\/gravity:sm\/enlarge:1\/ext:webp\/strip_metadata:1\/quality:90\/cachebuster:filesize-766899\/bG9jYWw6Ly8vd3d3LmFua2Fyc3J1bS5jb20vd3AtY29udGVudC91cGxvYWRzL3NpdGVzLzM4LzIwMjQvMDkvbWluY2VyLWNvbXBsZXRlLW55LmpwZw.webp\",\"datePublished\":\"2024-07-16T07:00:53+00:00\",\"dateModified\":\"2025-11-20T00:01:13+00:00\",\"description\":\"The Mincer Complete Package gives you full control over your ingredients for homemade sausages, pur\u00e9es, grated cheese, and perfectly shaped cookies.\",\"breadcrumb\":{\"@id\":\"https:\/\/www.ankarsrum.com\/au\/product\/mincer-complete\/#breadcrumb\"},\"inLanguage\":\"en-US\",\"potentialAction\":[{\"@type\":\"ReadAction\",\"target\":[\"https:\/\/www.ankarsrum.com\/au\/product\/mincer-complete\/\"]}]},{\"@type\":\"ImageObject\",\"inLanguage\":\"en-US\",\"@id\":\"https:\/\/www.ankarsrum.com\/au\/product\/mincer-complete\/#primaryimage\",\"url\":\"https:\/\/www.ankarsrum.com\/img-srv\/cwbo55PHldRY5nGpwqiIMJomYTxq684kzv3pr691mVI\/resizing_type:auto\/width:0\/height:0\/gravity:sm\/enlarge:1\/ext:webp\/strip_metadata:1\/quality:90\/cachebuster:filesize-766899\/bG9jYWw6Ly8vd3d3LmFua2Fyc3J1bS5jb20vd3AtY29udGVudC91cGxvYWRzL3NpdGVzLzM4LzIwMjQvMDkvbWluY2VyLWNvbXBsZXRlLW55LmpwZw.webp\",\"contentUrl\":\"https:\/\/www.ankarsrum.com\/img-srv\/cwbo55PHldRY5nGpwqiIMJomYTxq684kzv3pr691mVI\/resizing_type:auto\/width:0\/height:0\/gravity:sm\/enlarge:1\/ext:webp\/strip_metadata:1\/quality:90\/cachebuster:filesize-766899\/bG9jYWw6Ly8vd3d3LmFua2Fyc3J1bS5jb20vd3AtY29udGVudC91cGxvYWRzL3NpdGVzLzM4LzIwMjQvMDkvbWluY2VyLWNvbXBsZXRlLW55LmpwZw.webp\",\"width\":2000,\"height\":2000},{\"@type\":\"BreadcrumbList\",\"@id\":\"https:\/\/www.ankarsrum.com\/au\/product\/mincer-complete\/#breadcrumb\",\"itemListElement\":[{\"@type\":\"ListItem\",\"position\":1,\"name\":\"Home\",\"item\":\"https:\/\/www.ankarsrum.com\/au\/\"},{\"@type\":\"ListItem\",\"position\":2,\"name\":\"Produce name\",\"item\":\"https:\/\/www.ankarsrum.com\/au\/shop\/\"},{\"@type\":\"ListItem\",\"position\":3,\"name\":\"Mincer Complete Package\"}]},{\"@type\":\"WebSite\",\"@id\":\"https:\/\/www.ankarsrum.com\/au\/#website\",\"url\":\"https:\/\/www.ankarsrum.com\/au\/\",\"name\":\"Ankarsrum Australia\",\"description\":\"The bread of the world\",\"potentialAction\":[{\"@type\":\"SearchAction\",\"target\":{\"@type\":\"EntryPoint\",\"urlTemplate\":\"https:\/\/www.ankarsrum.com\/au\/?s={search_term_string}\"},\"query-input\":{\"@type\":\"PropertyValueSpecification\",\"valueRequired\":true,\"valueName\":\"search_term_string\"}}],\"inLanguage\":\"en-US\"}]}<\/script>\n<!-- \/ Yoast SEO Premium plugin. -->","yoast_head_json":{"title":"Mincer Complete Package - Ankarsrum Australia Mincer Complete Package","description":"The Mincer Complete Package gives you full control over your ingredients for homemade sausages, pur\u00e9es, grated cheese, and perfectly shaped cookies.","robots":{"index":"index","follow":"follow","max-snippet":"max-snippet:-1","max-image-preview":"max-image-preview:large","max-video-preview":"max-video-preview:-1"},"canonical":"https:\/\/www.ankarsrum.com\/au\/product\/mincer-complete\/","og_locale":"en_US","og_type":"article","og_title":"Mincer Complete Package","og_description":"The Mincer Complete Package gives you full control over your ingredients for homemade sausages, pur\u00e9es, grated cheese, and perfectly shaped cookies.","og_url":"https:\/\/www.ankarsrum.com\/au\/product\/mincer-complete\/","og_site_name":"Ankarsrum Australia","article_modified_time":"2025-11-20T00:01:13+00:00","og_image":[{"width":1200,"height":630,"url":"https:\/\/www.ankarsrum.com\/au\/wp-content\/uploads\/sites\/38\/2024\/09\/mincer-complete-ny.jpg","type":"image\/jpeg"}],"twitter_card":"summary_large_image","twitter_misc":{"Est. reading time":"2 minutes"},"schema":{"@context":"https:\/\/schema.org","@graph":[{"@type":"WebPage","@id":"https:\/\/www.ankarsrum.com\/au\/product\/mincer-complete\/","url":"https:\/\/www.ankarsrum.com\/au\/product\/mincer-complete\/","name":"Mincer Complete Package - Ankarsrum Australia Mincer Complete Package","isPartOf":{"@id":"https:\/\/www.ankarsrum.com\/au\/#website"},"primaryImageOfPage":{"@id":"https:\/\/www.ankarsrum.com\/au\/product\/mincer-complete\/#primaryimage"},"image":{"@id":"https:\/\/www.ankarsrum.com\/au\/product\/mincer-complete\/#primaryimage"},"thumbnailUrl":"https:\/\/www.ankarsrum.com\/img-srv\/cwbo55PHldRY5nGpwqiIMJomYTxq684kzv3pr691mVI\/resizing_type:auto\/width:0\/height:0\/gravity:sm\/enlarge:1\/ext:webp\/strip_metadata:1\/quality:90\/cachebuster:filesize-766899\/bG9jYWw6Ly8vd3d3LmFua2Fyc3J1bS5jb20vd3AtY29udGVudC91cGxvYWRzL3NpdGVzLzM4LzIwMjQvMDkvbWluY2VyLWNvbXBsZXRlLW55LmpwZw.webp","datePublished":"2024-07-16T07:00:53+00:00","dateModified":"2025-11-20T00:01:13+00:00","description":"The Mincer Complete Package gives you full control over your ingredients for homemade sausages, pur\u00e9es, grated cheese, and perfectly shaped cookies.","breadcrumb":{"@id":"https:\/\/www.ankarsrum.com\/au\/product\/mincer-complete\/#breadcrumb"},"inLanguage":"en-US","potentialAction":[{"@type":"ReadAction","target":["https:\/\/www.ankarsrum.com\/au\/product\/mincer-complete\/"]}]},{"@type":"ImageObject","inLanguage":"en-US","@id":"https:\/\/www.ankarsrum.com\/au\/product\/mincer-complete\/#primaryimage","url":"https:\/\/www.ankarsrum.com\/img-srv\/cwbo55PHldRY5nGpwqiIMJomYTxq684kzv3pr691mVI\/resizing_type:auto\/width:0\/height:0\/gravity:sm\/enlarge:1\/ext:webp\/strip_metadata:1\/quality:90\/cachebuster:filesize-766899\/bG9jYWw6Ly8vd3d3LmFua2Fyc3J1bS5jb20vd3AtY29udGVudC91cGxvYWRzL3NpdGVzLzM4LzIwMjQvMDkvbWluY2VyLWNvbXBsZXRlLW55LmpwZw.webp","contentUrl":"https:\/\/www.ankarsrum.com\/img-srv\/cwbo55PHldRY5nGpwqiIMJomYTxq684kzv3pr691mVI\/resizing_type:auto\/width:0\/height:0\/gravity:sm\/enlarge:1\/ext:webp\/strip_metadata:1\/quality:90\/cachebuster:filesize-766899\/bG9jYWw6Ly8vd3d3LmFua2Fyc3J1bS5jb20vd3AtY29udGVudC91cGxvYWRzL3NpdGVzLzM4LzIwMjQvMDkvbWluY2VyLWNvbXBsZXRlLW55LmpwZw.webp","width":2000,"height":2000},{"@type":"BreadcrumbList","@id":"https:\/\/www.ankarsrum.com\/au\/product\/mincer-complete\/#breadcrumb","itemListElement":[{"@type":"ListItem","position":1,"name":"Home","item":"https:\/\/www.ankarsrum.com\/au\/"},{"@type":"ListItem","position":2,"name":"Produce name","item":"https:\/\/www.ankarsrum.com\/au\/shop\/"},{"@type":"ListItem","position":3,"name":"Mincer Complete Package"}]},{"@type":"WebSite","@id":"https:\/\/www.ankarsrum.com\/au\/#website","url":"https:\/\/www.ankarsrum.com\/au\/","name":"Ankarsrum Australia","description":"The bread of the world","potentialAction":[{"@type":"SearchAction","target":{"@type":"EntryPoint","urlTemplate":"https:\/\/www.ankarsrum.com\/au\/?s={search_term_string}"},"query-input":{"@type":"PropertyValueSpecification","valueRequired":true,"valueName":"search_term_string"}}],"inLanguage":"en-US"}]}},"_links":{"self":[{"href":"https:\/\/www.ankarsrum.com\/au\/wp-json\/wp\/v2\/product\/8442","targetHints":{"allow":["GET"]}}],"collection":[{"href":"https:\/\/www.ankarsrum.com\/au\/wp-json\/wp\/v2\/product"}],"about":[{"href":"https:\/\/www.ankarsrum.com\/au\/wp-json\/wp\/v2\/types\/product"}],"replies":[{"embeddable":true,"href":"https:\/\/www.ankarsrum.com\/au\/wp-json\/wp\/v2\/comments?post=8442"}],"wp:featuredmedia":[{"embeddable":true,"href":"https:\/\/www.ankarsrum.com\/au\/wp-json\/wp\/v2\/media\/12547"}],"wp:attachment":[{"href":"https:\/\/www.ankarsrum.com\/au\/wp-json\/wp\/v2\/media?parent=8442"}],"wp:term":[{"taxonomy":"product_brand","embeddable":true,"href":"https:\/\/www.ankarsrum.com\/au\/wp-json\/wp\/v2\/product_brand?post=8442"},{"taxonomy":"product_cat","embeddable":true,"href":"https:\/\/www.ankarsrum.com\/au\/wp-json\/wp\/v2\/product_cat?post=8442"},{"taxonomy":"product_tag","embeddable":true,"href":"https:\/\/www.ankarsrum.com\/au\/wp-json\/wp\/v2\/product_tag?post=8442"},{"taxonomy":"product-tag","embeddable":true,"href":"https:\/\/www.ankarsrum.com\/au\/wp-json\/wp\/v2\/product-tag?post=8442"},{"taxonomy":"machines","embeddable":true,"href":"https:\/\/www.ankarsrum.com\/au\/wp-json\/wp\/v2\/machines?post=8442"},{"taxonomy":"filter","embeddable":true,"href":"https:\/\/www.ankarsrum.com\/au\/wp-json\/wp\/v2\/filter?post=8442"}],"curies":[{"name":"wp","href":"https:\/\/api.w.org\/{rel}","templated":true}]}}