{"id":8278,"date":"2024-07-16T07:00:53","date_gmt":"2024-07-16T07:00:53","guid":{"rendered":"https:\/\/www.ankarsrum.com\/ca-fr\/product\/hachoir-pack-complet\/"},"modified":"2025-03-05T08:57:24","modified_gmt":"2025-03-05T08:57:24","slug":"hachoir-pack-complet","status":"publish","type":"product","link":"https:\/\/www.ankarsrum.com\/ca-fr\/product\/hachoir-pack-complet\/","title":{"rendered":"Hachoir Pack Complet"},"content":{"rendered":"<p>Un v\u00e9ritable hachoir \u00e0 viande dans votre cuisine vous permet de d\u00e9couvrir de nouvelles possibilit\u00e9s de recettes. Quelque soit vos pr\u00e9f\u00e9rences, vous pouvez l&#039;utiliser pour hacher du poisson, de la viande ou des pois chiches pour vos plats v\u00e9g\u00e9tariens (falafels).<\/p>\n<p>Utilisez la r\u00e2pe pour r\u00e2per finement les noix, les amandes, le pain , le chocolat, le parmesan, les carottes, les pommes de terre, etc.<\/p>\n<p>La passoire permet de r\u00e9duire les fruits et les baies en pur\u00e9e. Coupez les fruits en quartiers en gardant la peau et le c\u0153ur. R\u00e9glez \u00e0 l&#039;aide du bouton de r\u00e9glage, l&#039;\u00e9paisseur ou la finesse de la pur\u00e9e que vous voulez obtenir. Commencez toujours par la position la plus large pour obtenir les meilleurs r\u00e9sultats.<\/p>\n<p>Avec l&#039;accessoire \u00e0 biscuits, vous pouvez pr\u00e9parer des g\u00e2teaux en p\u00e2te sabl\u00e9e de diff\u00e9rentes formes. Id\u00e9al pour les biscuits traditionnels de No\u00ebl.<\/p>\n<p>&#8211; Un hachoir tout en m\u00e9tal comme les pros !<br \/>&#8211; Permet de hacher la viande, le poisson, le poulet, les haricots&#8230;.<br \/>&#8211; 3 embouts \u00e0 saucisses 10, 20 et 25 mm inclus<br \/>&#8211; Grilles de 2,5 mm, 4,5 mm , 6 mm et 8 mm inclues.<br \/>La passoire se compose d&#039;une vis, d&#039;un embout de sortie, d&#039;un filtre, d&#039;un bouton de r\u00e9glage et d&#039;une cuve.<br \/>&#8211; La r\u00e2pe se compose d&#039;un cylindre et d&#039;une vis.<br \/>&#8211; Utilisez la presse \u00e0 biscuits pour faire de petits biscuits secs de diff\u00e9rentes formes.<br \/>&#8211; Fili\u00e8res \u00e0 p\u00e2tes pour former des tagliatelles, des spaghettis macaroni\/tube, des fettuccine et des spaghettis &#34;normales&#34;.<br \/>&#8211; Utilisez toujours le poussoir pour introduire les ingr\u00e9dients. N&#039;ins\u00e9rez pas de corps \u00e9trangers tels que des couteaux ou des fourchettes dans le corps du hachoir.<br \/>&#8211; Le hachoir s&#039;adapte \u00e0 tous les mod\u00e8les Assistent N1-N30.<\/p>","protected":false},"excerpt":{"rendered":"<p>Voici la solution pour tous ceux qui veulent explorer toutes les possibilit\u00e9s qu&#039;offre le hachoir de l&#039;Assistent Original\u00ae comme hacher, r\u00e2per, presser, faire des saucisses, confectionner des p\u00e2tes fra\u00eeches, des biscuits,&#8230;<\/p>\n<p>Le pack complet du hachoir contient le corps de hachoir, 3 embouts \u00e0 saucisses 10\/20\/25mm, un plateau d&#039;alimentation, un poussoir, 4 grilles 2.5\/4.5\/6\/8mm, une passoire, une r\u00e2pe, des disques \u00e0 p\u00e2tes, une presse \u00e0 biscuits et une protection anti-\u00e9claboussures.<\/p>\n","protected":false},"featured_media":9650,"comment_status":"open","ping_status":"closed","template":"","meta":{"_acf_changed":false,"content-type":"","editor_notices":[]},"product_brand":[],"product_cat":[139],"product_tag":[],"product-tag":[],"machines":[],"filter":[249,243],"class_list":{"0":"post-8278","1":"product","2":"type-product","3":"status-publish","4":"has-post-thumbnail","6":"product_cat-accessoires","7":"filter-hachoir","8":"filter-plats","10":"first","11":"instock","12":"taxable","13":"shipping-taxable","14":"product-type-simple"},"acf":[],"yoast_head":"<!-- This site is optimized with the Yoast SEO Premium plugin v26.6 (Yoast SEO v26.6) - https:\/\/yoast.com\/wordpress\/plugins\/seo\/ -->\n<title>Hachoir Pack Complet - Ankarsrum Canada French<\/title>\n<meta name=\"robots\" content=\"index, follow, max-snippet:-1, max-image-preview:large, max-video-preview:-1\" \/>\n<link rel=\"canonical\" href=\"https:\/\/www.ankarsrum.com\/ca-fr\/product\/hachoir-pack-complet\/\" \/>\n<meta property=\"og:locale\" content=\"fr_FR\" \/>\n<meta property=\"og:type\" content=\"article\" \/>\n<meta property=\"og:title\" content=\"Hachoir Pack Complet\" \/>\n<meta property=\"og:description\" content=\"Voici la solution pour tous ceux qui veulent explorer toutes les possibilit\u00e9s qu&#039;offre le hachoir de l&#039;Assistent Original\u00ae comme hacher, r\u00e2per, presser, faire des saucisses, confectionner des p\u00e2tes fra\u00eeches, des biscuits,... Le pack complet du hachoir contient le corps de hachoir, 3 embouts \u00e0 saucisses 10\/20\/25mm, un plateau d&#039;alimentation, un poussoir, 4 grilles 2.5\/4.5\/6\/8mm, une passoire, une r\u00e2pe, des disques \u00e0 p\u00e2tes, une presse \u00e0 biscuits et une protection anti-\u00e9claboussures.\" \/>\n<meta property=\"og:url\" content=\"https:\/\/www.ankarsrum.com\/ca-fr\/product\/hachoir-pack-complet\/\" \/>\n<meta property=\"og:site_name\" content=\"Ankarsrum Canada French\" \/>\n<meta property=\"article:modified_time\" content=\"2025-03-05T08:57:24+00:00\" \/>\n<meta property=\"og:image\" content=\"https:\/\/www.ankarsrum.com\/ca-fr\/wp-content\/uploads\/sites\/70\/2024\/09\/mincer-complete-ny.jpg\" \/>\n\t<meta property=\"og:image:width\" content=\"1200\" \/>\n\t<meta property=\"og:image:height\" content=\"630\" \/>\n\t<meta property=\"og:image:type\" content=\"image\/jpeg\" \/>\n<meta name=\"twitter:card\" content=\"summary_large_image\" \/>\n<meta name=\"twitter:label1\" content=\"Dur\u00e9e de lecture estim\u00e9e\" \/>\n\t<meta name=\"twitter:data1\" content=\"2 minutes\" \/>\n<script type=\"application\/ld+json\" class=\"yoast-schema-graph\">{\"@context\":\"https:\/\/schema.org\",\"@graph\":[{\"@type\":\"WebPage\",\"@id\":\"https:\/\/www.ankarsrum.com\/ca-fr\/product\/hachoir-pack-complet\/\",\"url\":\"https:\/\/www.ankarsrum.com\/ca-fr\/product\/hachoir-pack-complet\/\",\"name\":\"Hachoir Pack Complet - Ankarsrum Canada French\",\"isPartOf\":{\"@id\":\"https:\/\/www.ankarsrum.com\/ca-fr\/#website\"},\"primaryImageOfPage\":{\"@id\":\"https:\/\/www.ankarsrum.com\/ca-fr\/product\/hachoir-pack-complet\/#primaryimage\"},\"image\":{\"@id\":\"https:\/\/www.ankarsrum.com\/ca-fr\/product\/hachoir-pack-complet\/#primaryimage\"},\"thumbnailUrl\":\"https:\/\/www.ankarsrum.com\/img-srv\/kB0ooBBcMxDw_ma3pcBTINDz6tXHI_ChLHQ7U9kb6Ns\/resizing_type:auto\/width:0\/height:0\/gravity:sm\/enlarge:1\/ext:webp\/strip_metadata:1\/quality:90\/cachebuster:filesize-216091\/bG9jYWw6Ly8vd3d3LmFua2Fyc3J1bS5jb20vd3AtY29udGVudC91cGxvYWRzL3NpdGVzLzcwLzIwMjQvMDkvbWluY2VyLWNvbXBsZXRlLW55LmpwZw.webp\",\"datePublished\":\"2024-07-16T07:00:53+00:00\",\"dateModified\":\"2025-03-05T08:57:24+00:00\",\"breadcrumb\":{\"@id\":\"https:\/\/www.ankarsrum.com\/ca-fr\/product\/hachoir-pack-complet\/#breadcrumb\"},\"inLanguage\":\"fr-FR\",\"potentialAction\":[{\"@type\":\"ReadAction\",\"target\":[\"https:\/\/www.ankarsrum.com\/ca-fr\/product\/hachoir-pack-complet\/\"]}]},{\"@type\":\"ImageObject\",\"inLanguage\":\"fr-FR\",\"@id\":\"https:\/\/www.ankarsrum.com\/ca-fr\/product\/hachoir-pack-complet\/#primaryimage\",\"url\":\"https:\/\/www.ankarsrum.com\/img-srv\/kB0ooBBcMxDw_ma3pcBTINDz6tXHI_ChLHQ7U9kb6Ns\/resizing_type:auto\/width:0\/height:0\/gravity:sm\/enlarge:1\/ext:webp\/strip_metadata:1\/quality:90\/cachebuster:filesize-216091\/bG9jYWw6Ly8vd3d3LmFua2Fyc3J1bS5jb20vd3AtY29udGVudC91cGxvYWRzL3NpdGVzLzcwLzIwMjQvMDkvbWluY2VyLWNvbXBsZXRlLW55LmpwZw.webp\",\"contentUrl\":\"https:\/\/www.ankarsrum.com\/img-srv\/kB0ooBBcMxDw_ma3pcBTINDz6tXHI_ChLHQ7U9kb6Ns\/resizing_type:auto\/width:0\/height:0\/gravity:sm\/enlarge:1\/ext:webp\/strip_metadata:1\/quality:90\/cachebuster:filesize-216091\/bG9jYWw6Ly8vd3d3LmFua2Fyc3J1bS5jb20vd3AtY29udGVudC91cGxvYWRzL3NpdGVzLzcwLzIwMjQvMDkvbWluY2VyLWNvbXBsZXRlLW55LmpwZw.webp\",\"width\":2000,\"height\":2000},{\"@type\":\"BreadcrumbList\",\"@id\":\"https:\/\/www.ankarsrum.com\/ca-fr\/product\/hachoir-pack-complet\/#breadcrumb\",\"itemListElement\":[{\"@type\":\"ListItem\",\"position\":1,\"name\":\"Home\",\"item\":\"https:\/\/www.ankarsrum.com\/ca-fr\/\"},{\"@type\":\"ListItem\",\"position\":2,\"name\":\"Produce name\",\"item\":\"https:\/\/www.ankarsrum.com\/ca-fr\/shop\/\"},{\"@type\":\"ListItem\",\"position\":3,\"name\":\"Hachoir Pack Complet\"}]},{\"@type\":\"WebSite\",\"@id\":\"https:\/\/www.ankarsrum.com\/ca-fr\/#website\",\"url\":\"https:\/\/www.ankarsrum.com\/ca-fr\/\",\"name\":\"Ankarsrum Canada French\",\"description\":\"\",\"potentialAction\":[{\"@type\":\"SearchAction\",\"target\":{\"@type\":\"EntryPoint\",\"urlTemplate\":\"https:\/\/www.ankarsrum.com\/ca-fr\/?s={search_term_string}\"},\"query-input\":{\"@type\":\"PropertyValueSpecification\",\"valueRequired\":true,\"valueName\":\"search_term_string\"}}],\"inLanguage\":\"fr-FR\"}]}<\/script>\n<!-- \/ Yoast SEO Premium plugin. -->","yoast_head_json":{"title":"Hachoir Pack Complet - Ankarsrum Canada French","robots":{"index":"index","follow":"follow","max-snippet":"max-snippet:-1","max-image-preview":"max-image-preview:large","max-video-preview":"max-video-preview:-1"},"canonical":"https:\/\/www.ankarsrum.com\/ca-fr\/product\/hachoir-pack-complet\/","og_locale":"fr_FR","og_type":"article","og_title":"Hachoir Pack Complet","og_description":"Voici la solution pour tous ceux qui veulent explorer toutes les possibilit\u00e9s qu&#039;offre le hachoir de l&#039;Assistent Original\u00ae comme hacher, r\u00e2per, presser, faire des saucisses, confectionner des p\u00e2tes fra\u00eeches, des biscuits,... Le pack complet du hachoir contient le corps de hachoir, 3 embouts \u00e0 saucisses 10\/20\/25mm, un plateau d&#039;alimentation, un poussoir, 4 grilles 2.5\/4.5\/6\/8mm, une passoire, une r\u00e2pe, des disques \u00e0 p\u00e2tes, une presse \u00e0 biscuits et une protection anti-\u00e9claboussures.","og_url":"https:\/\/www.ankarsrum.com\/ca-fr\/product\/hachoir-pack-complet\/","og_site_name":"Ankarsrum Canada French","article_modified_time":"2025-03-05T08:57:24+00:00","og_image":[{"width":1200,"height":630,"url":"https:\/\/www.ankarsrum.com\/ca-fr\/wp-content\/uploads\/sites\/70\/2024\/09\/mincer-complete-ny.jpg","type":"image\/jpeg"}],"twitter_card":"summary_large_image","twitter_misc":{"Dur\u00e9e de lecture estim\u00e9e":"2 minutes"},"schema":{"@context":"https:\/\/schema.org","@graph":[{"@type":"WebPage","@id":"https:\/\/www.ankarsrum.com\/ca-fr\/product\/hachoir-pack-complet\/","url":"https:\/\/www.ankarsrum.com\/ca-fr\/product\/hachoir-pack-complet\/","name":"Hachoir Pack Complet - Ankarsrum Canada French","isPartOf":{"@id":"https:\/\/www.ankarsrum.com\/ca-fr\/#website"},"primaryImageOfPage":{"@id":"https:\/\/www.ankarsrum.com\/ca-fr\/product\/hachoir-pack-complet\/#primaryimage"},"image":{"@id":"https:\/\/www.ankarsrum.com\/ca-fr\/product\/hachoir-pack-complet\/#primaryimage"},"thumbnailUrl":"https:\/\/www.ankarsrum.com\/img-srv\/kB0ooBBcMxDw_ma3pcBTINDz6tXHI_ChLHQ7U9kb6Ns\/resizing_type:auto\/width:0\/height:0\/gravity:sm\/enlarge:1\/ext:webp\/strip_metadata:1\/quality:90\/cachebuster:filesize-216091\/bG9jYWw6Ly8vd3d3LmFua2Fyc3J1bS5jb20vd3AtY29udGVudC91cGxvYWRzL3NpdGVzLzcwLzIwMjQvMDkvbWluY2VyLWNvbXBsZXRlLW55LmpwZw.webp","datePublished":"2024-07-16T07:00:53+00:00","dateModified":"2025-03-05T08:57:24+00:00","breadcrumb":{"@id":"https:\/\/www.ankarsrum.com\/ca-fr\/product\/hachoir-pack-complet\/#breadcrumb"},"inLanguage":"fr-FR","potentialAction":[{"@type":"ReadAction","target":["https:\/\/www.ankarsrum.com\/ca-fr\/product\/hachoir-pack-complet\/"]}]},{"@type":"ImageObject","inLanguage":"fr-FR","@id":"https:\/\/www.ankarsrum.com\/ca-fr\/product\/hachoir-pack-complet\/#primaryimage","url":"https:\/\/www.ankarsrum.com\/img-srv\/kB0ooBBcMxDw_ma3pcBTINDz6tXHI_ChLHQ7U9kb6Ns\/resizing_type:auto\/width:0\/height:0\/gravity:sm\/enlarge:1\/ext:webp\/strip_metadata:1\/quality:90\/cachebuster:filesize-216091\/bG9jYWw6Ly8vd3d3LmFua2Fyc3J1bS5jb20vd3AtY29udGVudC91cGxvYWRzL3NpdGVzLzcwLzIwMjQvMDkvbWluY2VyLWNvbXBsZXRlLW55LmpwZw.webp","contentUrl":"https:\/\/www.ankarsrum.com\/img-srv\/kB0ooBBcMxDw_ma3pcBTINDz6tXHI_ChLHQ7U9kb6Ns\/resizing_type:auto\/width:0\/height:0\/gravity:sm\/enlarge:1\/ext:webp\/strip_metadata:1\/quality:90\/cachebuster:filesize-216091\/bG9jYWw6Ly8vd3d3LmFua2Fyc3J1bS5jb20vd3AtY29udGVudC91cGxvYWRzL3NpdGVzLzcwLzIwMjQvMDkvbWluY2VyLWNvbXBsZXRlLW55LmpwZw.webp","width":2000,"height":2000},{"@type":"BreadcrumbList","@id":"https:\/\/www.ankarsrum.com\/ca-fr\/product\/hachoir-pack-complet\/#breadcrumb","itemListElement":[{"@type":"ListItem","position":1,"name":"Home","item":"https:\/\/www.ankarsrum.com\/ca-fr\/"},{"@type":"ListItem","position":2,"name":"Produce name","item":"https:\/\/www.ankarsrum.com\/ca-fr\/shop\/"},{"@type":"ListItem","position":3,"name":"Hachoir Pack Complet"}]},{"@type":"WebSite","@id":"https:\/\/www.ankarsrum.com\/ca-fr\/#website","url":"https:\/\/www.ankarsrum.com\/ca-fr\/","name":"Ankarsrum Canada French","description":"","potentialAction":[{"@type":"SearchAction","target":{"@type":"EntryPoint","urlTemplate":"https:\/\/www.ankarsrum.com\/ca-fr\/?s={search_term_string}"},"query-input":{"@type":"PropertyValueSpecification","valueRequired":true,"valueName":"search_term_string"}}],"inLanguage":"fr-FR"}]}},"_links":{"self":[{"href":"https:\/\/www.ankarsrum.com\/ca-fr\/wp-json\/wp\/v2\/product\/8278","targetHints":{"allow":["GET"]}}],"collection":[{"href":"https:\/\/www.ankarsrum.com\/ca-fr\/wp-json\/wp\/v2\/product"}],"about":[{"href":"https:\/\/www.ankarsrum.com\/ca-fr\/wp-json\/wp\/v2\/types\/product"}],"replies":[{"embeddable":true,"href":"https:\/\/www.ankarsrum.com\/ca-fr\/wp-json\/wp\/v2\/comments?post=8278"}],"wp:featuredmedia":[{"embeddable":true,"href":"https:\/\/www.ankarsrum.com\/ca-fr\/wp-json\/wp\/v2\/media\/9650"}],"wp:attachment":[{"href":"https:\/\/www.ankarsrum.com\/ca-fr\/wp-json\/wp\/v2\/media?parent=8278"}],"wp:term":[{"taxonomy":"product_brand","embeddable":true,"href":"https:\/\/www.ankarsrum.com\/ca-fr\/wp-json\/wp\/v2\/product_brand?post=8278"},{"taxonomy":"product_cat","embeddable":true,"href":"https:\/\/www.ankarsrum.com\/ca-fr\/wp-json\/wp\/v2\/product_cat?post=8278"},{"taxonomy":"product_tag","embeddable":true,"href":"https:\/\/www.ankarsrum.com\/ca-fr\/wp-json\/wp\/v2\/product_tag?post=8278"},{"taxonomy":"product-tag","embeddable":true,"href":"https:\/\/www.ankarsrum.com\/ca-fr\/wp-json\/wp\/v2\/product-tag?post=8278"},{"taxonomy":"machines","embeddable":true,"href":"https:\/\/www.ankarsrum.com\/ca-fr\/wp-json\/wp\/v2\/machines?post=8278"},{"taxonomy":"filter","embeddable":true,"href":"https:\/\/www.ankarsrum.com\/ca-fr\/wp-json\/wp\/v2\/filter?post=8278"}],"curies":[{"name":"wp","href":"https:\/\/api.w.org\/{rel}","templated":true}]}}