{"id":8279,"date":"2024-07-16T07:17:29","date_gmt":"2024-07-16T07:17:29","guid":{"rendered":"https:\/\/www.ankarsrum.com\/ca-fr\/product\/hachoir-pack-recolte\/"},"modified":"2025-03-05T08:57:24","modified_gmt":"2025-03-05T08:57:24","slug":"hachoir-pack-recolte","status":"publish","type":"product","link":"https:\/\/www.ankarsrum.com\/ca-fr\/product\/hachoir-pack-recolte\/","title":{"rendered":"Hachoir Pack R\u00e9colte"},"content":{"rendered":"<p>Gr\u00e2ce \u00e0 cet accessoire, vous pourrez hacher viandes, poissons, l\u00e9gumes, pain, fromage ou encore confectionner la farce pour pr\u00e9parer vos propres saucisses. Avec 3 embouts diff\u00e9rents, vous pourrez ainsi pr\u00e9parer des hots-dogs, des merguez ou pourquoi pas des saucisses de poisson ou de pois chiches &#8230;<\/p>\n<p>La passoire permet de r\u00e9duire les fruits et les baies en pur\u00e9e. Coupez les fruits en quartiers en gardant la peau et le c\u0153ur. R\u00e9glez \u00e0 l&#039;aide du bouton de r\u00e9glage, l&#039;\u00e9paisseur ou la finesse de la pur\u00e9e que vous voulez obtenir. Commencez toujours par la position la plus large pour obtenir les meilleurs r\u00e9sultats.<\/p>\n<p>&#8211; Un hachoir tout en m\u00e9tal comme les pros !<br \/>&#8211; Permet de hacher la viande, le poisson, le poulet, les haricots&#8230;.<br \/>&#8211; 3 embouts \u00e0 saucisses 10, 20 et 25 mm inclus<br \/>&#8211; Grille de 4,5 mm inclue.<br \/>&#8211; Passoire pour r\u00e9duire les fruits et les baies en pur\u00e9e.<br \/>&#8211; Utilisez toujours le poussoir pour introduire les ingr\u00e9dients. N&#039;ins\u00e9rez pas de corps \u00e9trangers tels que des couteaux ou des fourchettes dans le corps du hachoir.<br \/>&#8211; Le hachoir s&#039;adapte \u00e0 tous les mod\u00e8les Assistent N1-N30.<\/p>","protected":false},"excerpt":{"rendered":"<p>Un hachoir \u00e0 viande dans la cuisine vous permet de d\u00e9couvrir de nouvelles possibilit\u00e9s de recettes. Que vous pr\u00e9f\u00e9riez la viande, le poisson ou les plats v\u00e9g\u00e9tariens, vous pouvez utiliser le hachoir pour faire du pr\u00e9parations \u00e0 base de viande, de poissons ou de pois chiches hach\u00e9s. Utilisez la passoire pour r\u00e9duire les fruits et les baies en pur\u00e9e.<\/p>\n<p>Le pack contient un corps de hachoir, 3 embouts \u00e0 saucisses 10\/20\/25 mm, un plateau d&#039;alimentation, un poussoir, une grille 4,5 mm, une protection anti-\u00e9claboussure et une passoire.<\/p>\n","protected":false},"featured_media":9641,"comment_status":"open","ping_status":"closed","template":"","meta":{"_acf_changed":false,"content-type":"","editor_notices":[]},"product_brand":[],"product_cat":[139],"product_tag":[],"product-tag":[],"machines":[],"filter":[249,243],"class_list":{"0":"post-8279","1":"product","2":"type-product","3":"status-publish","4":"has-post-thumbnail","6":"product_cat-accessoires","7":"filter-hachoir","8":"filter-plats","10":"first","11":"instock","12":"taxable","13":"shipping-taxable","14":"product-type-simple"},"acf":[],"yoast_head":"<!-- This site is optimized with the Yoast SEO Premium plugin v26.6 (Yoast SEO v26.6) - https:\/\/yoast.com\/wordpress\/plugins\/seo\/ -->\n<title>Hachoir Pack R\u00e9colte - Ankarsrum Canada French<\/title>\n<meta name=\"robots\" content=\"index, follow, max-snippet:-1, max-image-preview:large, max-video-preview:-1\" \/>\n<link rel=\"canonical\" href=\"https:\/\/www.ankarsrum.com\/ca-fr\/product\/hachoir-pack-recolte\/\" \/>\n<meta property=\"og:locale\" content=\"fr_FR\" \/>\n<meta property=\"og:type\" content=\"article\" \/>\n<meta property=\"og:title\" content=\"Hachoir Pack R\u00e9colte\" \/>\n<meta property=\"og:description\" content=\"Un hachoir \u00e0 viande dans la cuisine vous permet de d\u00e9couvrir de nouvelles possibilit\u00e9s de recettes. Que vous pr\u00e9f\u00e9riez la viande, le poisson ou les plats v\u00e9g\u00e9tariens, vous pouvez utiliser le hachoir pour faire du pr\u00e9parations \u00e0 base de viande, de poissons ou de pois chiches hach\u00e9s. Utilisez la passoire pour r\u00e9duire les fruits et les baies en pur\u00e9e. Le pack contient un corps de hachoir, 3 embouts \u00e0 saucisses 10\/20\/25 mm, un plateau d&#039;alimentation, un poussoir, une grille 4,5 mm, une protection anti-\u00e9claboussure et une passoire.\" \/>\n<meta property=\"og:url\" content=\"https:\/\/www.ankarsrum.com\/ca-fr\/product\/hachoir-pack-recolte\/\" \/>\n<meta property=\"og:site_name\" content=\"Ankarsrum Canada French\" \/>\n<meta property=\"article:modified_time\" content=\"2025-03-05T08:57:24+00:00\" \/>\n<meta property=\"og:image\" content=\"https:\/\/www.ankarsrum.com\/ca-fr\/wp-content\/uploads\/sites\/70\/2024\/09\/mincer-harvest.jpg\" \/>\n\t<meta property=\"og:image:width\" content=\"1080\" \/>\n\t<meta property=\"og:image:height\" content=\"630\" \/>\n\t<meta property=\"og:image:type\" content=\"image\/jpeg\" \/>\n<meta name=\"twitter:card\" content=\"summary_large_image\" \/>\n<meta name=\"twitter:label1\" content=\"Dur\u00e9e de lecture estim\u00e9e\" \/>\n\t<meta name=\"twitter:data1\" content=\"1 minute\" \/>\n<script type=\"application\/ld+json\" class=\"yoast-schema-graph\">{\"@context\":\"https:\/\/schema.org\",\"@graph\":[{\"@type\":\"WebPage\",\"@id\":\"https:\/\/www.ankarsrum.com\/ca-fr\/product\/hachoir-pack-recolte\/\",\"url\":\"https:\/\/www.ankarsrum.com\/ca-fr\/product\/hachoir-pack-recolte\/\",\"name\":\"Hachoir Pack R\u00e9colte - Ankarsrum Canada French\",\"isPartOf\":{\"@id\":\"https:\/\/www.ankarsrum.com\/ca-fr\/#website\"},\"primaryImageOfPage\":{\"@id\":\"https:\/\/www.ankarsrum.com\/ca-fr\/product\/hachoir-pack-recolte\/#primaryimage\"},\"image\":{\"@id\":\"https:\/\/www.ankarsrum.com\/ca-fr\/product\/hachoir-pack-recolte\/#primaryimage\"},\"thumbnailUrl\":\"https:\/\/www.ankarsrum.com\/img-srv\/kO09E4jWwXgNTDma-q24Oy7tZ7Se7nkWgpA7IE4fL_Q\/resizing_type:auto\/width:0\/height:0\/gravity:sm\/enlarge:1\/ext:webp\/strip_metadata:1\/quality:90\/cachebuster:filesize-64170\/bG9jYWw6Ly8vd3d3LmFua2Fyc3J1bS5jb20vd3AtY29udGVudC91cGxvYWRzL3NpdGVzLzcwLzIwMjQvMDkvbWluY2VyLWhhcnZlc3QuanBn.webp\",\"datePublished\":\"2024-07-16T07:17:29+00:00\",\"dateModified\":\"2025-03-05T08:57:24+00:00\",\"breadcrumb\":{\"@id\":\"https:\/\/www.ankarsrum.com\/ca-fr\/product\/hachoir-pack-recolte\/#breadcrumb\"},\"inLanguage\":\"fr-FR\",\"potentialAction\":[{\"@type\":\"ReadAction\",\"target\":[\"https:\/\/www.ankarsrum.com\/ca-fr\/product\/hachoir-pack-recolte\/\"]}]},{\"@type\":\"ImageObject\",\"inLanguage\":\"fr-FR\",\"@id\":\"https:\/\/www.ankarsrum.com\/ca-fr\/product\/hachoir-pack-recolte\/#primaryimage\",\"url\":\"https:\/\/www.ankarsrum.com\/img-srv\/kO09E4jWwXgNTDma-q24Oy7tZ7Se7nkWgpA7IE4fL_Q\/resizing_type:auto\/width:0\/height:0\/gravity:sm\/enlarge:1\/ext:webp\/strip_metadata:1\/quality:90\/cachebuster:filesize-64170\/bG9jYWw6Ly8vd3d3LmFua2Fyc3J1bS5jb20vd3AtY29udGVudC91cGxvYWRzL3NpdGVzLzcwLzIwMjQvMDkvbWluY2VyLWhhcnZlc3QuanBn.webp\",\"contentUrl\":\"https:\/\/www.ankarsrum.com\/img-srv\/kO09E4jWwXgNTDma-q24Oy7tZ7Se7nkWgpA7IE4fL_Q\/resizing_type:auto\/width:0\/height:0\/gravity:sm\/enlarge:1\/ext:webp\/strip_metadata:1\/quality:90\/cachebuster:filesize-64170\/bG9jYWw6Ly8vd3d3LmFua2Fyc3J1bS5jb20vd3AtY29udGVudC91cGxvYWRzL3NpdGVzLzcwLzIwMjQvMDkvbWluY2VyLWhhcnZlc3QuanBn.webp\",\"width\":1080,\"height\":1080},{\"@type\":\"BreadcrumbList\",\"@id\":\"https:\/\/www.ankarsrum.com\/ca-fr\/product\/hachoir-pack-recolte\/#breadcrumb\",\"itemListElement\":[{\"@type\":\"ListItem\",\"position\":1,\"name\":\"Home\",\"item\":\"https:\/\/www.ankarsrum.com\/ca-fr\/\"},{\"@type\":\"ListItem\",\"position\":2,\"name\":\"Produce name\",\"item\":\"https:\/\/www.ankarsrum.com\/ca-fr\/shop\/\"},{\"@type\":\"ListItem\",\"position\":3,\"name\":\"Hachoir Pack R\u00e9colte\"}]},{\"@type\":\"WebSite\",\"@id\":\"https:\/\/www.ankarsrum.com\/ca-fr\/#website\",\"url\":\"https:\/\/www.ankarsrum.com\/ca-fr\/\",\"name\":\"Ankarsrum Canada French\",\"description\":\"\",\"potentialAction\":[{\"@type\":\"SearchAction\",\"target\":{\"@type\":\"EntryPoint\",\"urlTemplate\":\"https:\/\/www.ankarsrum.com\/ca-fr\/?s={search_term_string}\"},\"query-input\":{\"@type\":\"PropertyValueSpecification\",\"valueRequired\":true,\"valueName\":\"search_term_string\"}}],\"inLanguage\":\"fr-FR\"}]}<\/script>\n<!-- \/ Yoast SEO Premium plugin. -->","yoast_head_json":{"title":"Hachoir Pack R\u00e9colte - Ankarsrum Canada French","robots":{"index":"index","follow":"follow","max-snippet":"max-snippet:-1","max-image-preview":"max-image-preview:large","max-video-preview":"max-video-preview:-1"},"canonical":"https:\/\/www.ankarsrum.com\/ca-fr\/product\/hachoir-pack-recolte\/","og_locale":"fr_FR","og_type":"article","og_title":"Hachoir Pack R\u00e9colte","og_description":"Un hachoir \u00e0 viande dans la cuisine vous permet de d\u00e9couvrir de nouvelles possibilit\u00e9s de recettes. Que vous pr\u00e9f\u00e9riez la viande, le poisson ou les plats v\u00e9g\u00e9tariens, vous pouvez utiliser le hachoir pour faire du pr\u00e9parations \u00e0 base de viande, de poissons ou de pois chiches hach\u00e9s. Utilisez la passoire pour r\u00e9duire les fruits et les baies en pur\u00e9e. Le pack contient un corps de hachoir, 3 embouts \u00e0 saucisses 10\/20\/25 mm, un plateau d&#039;alimentation, un poussoir, une grille 4,5 mm, une protection anti-\u00e9claboussure et une passoire.","og_url":"https:\/\/www.ankarsrum.com\/ca-fr\/product\/hachoir-pack-recolte\/","og_site_name":"Ankarsrum Canada French","article_modified_time":"2025-03-05T08:57:24+00:00","og_image":[{"width":1080,"height":630,"url":"https:\/\/www.ankarsrum.com\/ca-fr\/wp-content\/uploads\/sites\/70\/2024\/09\/mincer-harvest.jpg","type":"image\/jpeg"}],"twitter_card":"summary_large_image","twitter_misc":{"Dur\u00e9e de lecture estim\u00e9e":"1 minute"},"schema":{"@context":"https:\/\/schema.org","@graph":[{"@type":"WebPage","@id":"https:\/\/www.ankarsrum.com\/ca-fr\/product\/hachoir-pack-recolte\/","url":"https:\/\/www.ankarsrum.com\/ca-fr\/product\/hachoir-pack-recolte\/","name":"Hachoir Pack R\u00e9colte - Ankarsrum Canada French","isPartOf":{"@id":"https:\/\/www.ankarsrum.com\/ca-fr\/#website"},"primaryImageOfPage":{"@id":"https:\/\/www.ankarsrum.com\/ca-fr\/product\/hachoir-pack-recolte\/#primaryimage"},"image":{"@id":"https:\/\/www.ankarsrum.com\/ca-fr\/product\/hachoir-pack-recolte\/#primaryimage"},"thumbnailUrl":"https:\/\/www.ankarsrum.com\/img-srv\/kO09E4jWwXgNTDma-q24Oy7tZ7Se7nkWgpA7IE4fL_Q\/resizing_type:auto\/width:0\/height:0\/gravity:sm\/enlarge:1\/ext:webp\/strip_metadata:1\/quality:90\/cachebuster:filesize-64170\/bG9jYWw6Ly8vd3d3LmFua2Fyc3J1bS5jb20vd3AtY29udGVudC91cGxvYWRzL3NpdGVzLzcwLzIwMjQvMDkvbWluY2VyLWhhcnZlc3QuanBn.webp","datePublished":"2024-07-16T07:17:29+00:00","dateModified":"2025-03-05T08:57:24+00:00","breadcrumb":{"@id":"https:\/\/www.ankarsrum.com\/ca-fr\/product\/hachoir-pack-recolte\/#breadcrumb"},"inLanguage":"fr-FR","potentialAction":[{"@type":"ReadAction","target":["https:\/\/www.ankarsrum.com\/ca-fr\/product\/hachoir-pack-recolte\/"]}]},{"@type":"ImageObject","inLanguage":"fr-FR","@id":"https:\/\/www.ankarsrum.com\/ca-fr\/product\/hachoir-pack-recolte\/#primaryimage","url":"https:\/\/www.ankarsrum.com\/img-srv\/kO09E4jWwXgNTDma-q24Oy7tZ7Se7nkWgpA7IE4fL_Q\/resizing_type:auto\/width:0\/height:0\/gravity:sm\/enlarge:1\/ext:webp\/strip_metadata:1\/quality:90\/cachebuster:filesize-64170\/bG9jYWw6Ly8vd3d3LmFua2Fyc3J1bS5jb20vd3AtY29udGVudC91cGxvYWRzL3NpdGVzLzcwLzIwMjQvMDkvbWluY2VyLWhhcnZlc3QuanBn.webp","contentUrl":"https:\/\/www.ankarsrum.com\/img-srv\/kO09E4jWwXgNTDma-q24Oy7tZ7Se7nkWgpA7IE4fL_Q\/resizing_type:auto\/width:0\/height:0\/gravity:sm\/enlarge:1\/ext:webp\/strip_metadata:1\/quality:90\/cachebuster:filesize-64170\/bG9jYWw6Ly8vd3d3LmFua2Fyc3J1bS5jb20vd3AtY29udGVudC91cGxvYWRzL3NpdGVzLzcwLzIwMjQvMDkvbWluY2VyLWhhcnZlc3QuanBn.webp","width":1080,"height":1080},{"@type":"BreadcrumbList","@id":"https:\/\/www.ankarsrum.com\/ca-fr\/product\/hachoir-pack-recolte\/#breadcrumb","itemListElement":[{"@type":"ListItem","position":1,"name":"Home","item":"https:\/\/www.ankarsrum.com\/ca-fr\/"},{"@type":"ListItem","position":2,"name":"Produce name","item":"https:\/\/www.ankarsrum.com\/ca-fr\/shop\/"},{"@type":"ListItem","position":3,"name":"Hachoir Pack R\u00e9colte"}]},{"@type":"WebSite","@id":"https:\/\/www.ankarsrum.com\/ca-fr\/#website","url":"https:\/\/www.ankarsrum.com\/ca-fr\/","name":"Ankarsrum Canada French","description":"","potentialAction":[{"@type":"SearchAction","target":{"@type":"EntryPoint","urlTemplate":"https:\/\/www.ankarsrum.com\/ca-fr\/?s={search_term_string}"},"query-input":{"@type":"PropertyValueSpecification","valueRequired":true,"valueName":"search_term_string"}}],"inLanguage":"fr-FR"}]}},"_links":{"self":[{"href":"https:\/\/www.ankarsrum.com\/ca-fr\/wp-json\/wp\/v2\/product\/8279","targetHints":{"allow":["GET"]}}],"collection":[{"href":"https:\/\/www.ankarsrum.com\/ca-fr\/wp-json\/wp\/v2\/product"}],"about":[{"href":"https:\/\/www.ankarsrum.com\/ca-fr\/wp-json\/wp\/v2\/types\/product"}],"replies":[{"embeddable":true,"href":"https:\/\/www.ankarsrum.com\/ca-fr\/wp-json\/wp\/v2\/comments?post=8279"}],"wp:featuredmedia":[{"embeddable":true,"href":"https:\/\/www.ankarsrum.com\/ca-fr\/wp-json\/wp\/v2\/media\/9641"}],"wp:attachment":[{"href":"https:\/\/www.ankarsrum.com\/ca-fr\/wp-json\/wp\/v2\/media?parent=8279"}],"wp:term":[{"taxonomy":"product_brand","embeddable":true,"href":"https:\/\/www.ankarsrum.com\/ca-fr\/wp-json\/wp\/v2\/product_brand?post=8279"},{"taxonomy":"product_cat","embeddable":true,"href":"https:\/\/www.ankarsrum.com\/ca-fr\/wp-json\/wp\/v2\/product_cat?post=8279"},{"taxonomy":"product_tag","embeddable":true,"href":"https:\/\/www.ankarsrum.com\/ca-fr\/wp-json\/wp\/v2\/product_tag?post=8279"},{"taxonomy":"product-tag","embeddable":true,"href":"https:\/\/www.ankarsrum.com\/ca-fr\/wp-json\/wp\/v2\/product-tag?post=8279"},{"taxonomy":"machines","embeddable":true,"href":"https:\/\/www.ankarsrum.com\/ca-fr\/wp-json\/wp\/v2\/machines?post=8279"},{"taxonomy":"filter","embeddable":true,"href":"https:\/\/www.ankarsrum.com\/ca-fr\/wp-json\/wp\/v2\/filter?post=8279"}],"curies":[{"name":"wp","href":"https:\/\/api.w.org\/{rel}","templated":true}]}}