{"id":8283,"date":"2024-07-16T07:36:17","date_gmt":"2024-07-16T07:36:17","guid":{"rendered":"https:\/\/www.ankarsrum.com\/ca-fr\/product\/laminoir-a-pates-lasagne\/"},"modified":"2025-03-05T08:57:26","modified_gmt":"2025-03-05T08:57:26","slug":"laminoir-a-pates-lasagne","status":"publish","type":"product","link":"https:\/\/www.ankarsrum.com\/ca-fr\/product\/laminoir-a-pates-lasagne\/","title":{"rendered":"Laminoir \u00e0 p\u00e2tes Lasagne"},"content":{"rendered":"<p>Faire ses propres p\u00e2tes pour votre famille, ce n&#039;est pas cuisiner, c&#039;est un acte d&#039;amour !<\/p>\n<p>&#8211; Les accessoires \u00e0 p\u00e2tes inox d&#039;Ankarsrum sont produits par la soci\u00e9t\u00e9 italienne Marcato qui compte 80 ans d&#039;exp\u00e9rience dans la fabrication des machines \u00e0 p\u00e2tes fra\u00eeches.<br \/>Lorsque vous utilisez l&#039;accessoire \u00e0 lasagne, travaillez la p\u00e2te plusieurs fois en r\u00e9glant la molette sur la plus grande \u00e9paisseur, puis r\u00e9duisez successivement l&#039;\u00e9paisseur en repassez les bandes de p\u00e2te que vous plierez en deux dans le sens de la longueur \u00e0 chaque passage jusqu&#039;\u00e0 l&#039;obtention de l&#039;\u00e9paisseur d\u00e9sir\u00e9e.<br \/>Lorsque vous utilisez l&#039;accessoire \u00e0 fettuccine ou \u00e0 spaghetti, ins\u00e9rez des bandes de p\u00e2tes que vous aurez pass\u00e9es au pr\u00e9alable au laminoir ou aplaties \u00e0 la main.<br \/>&#8211; Seule la p\u00e2te \u00e0 p\u00e2tes fra\u00eeches peut \u00eatre utilis\u00e9e avec cet accessoire.<br \/>&#8211; Ne jamais ins\u00e9rer les doigts ou des corps \u00e9trangers dans le rouleau.<br \/>&#8211; Les rouleaux \u00e0 p\u00e2tes s&#039;adaptent \u00e0 tous les mod\u00e8les Assistent N1-N30.<\/p>","protected":false},"excerpt":{"rendered":"<p>Servir des p\u00e2tes maison fait toujours sensation lors d&#039;un d\u00eener. Le go\u00fbt et la texture sont tellement diff\u00e9rents et c&#039;est beaucoup plus facile \u00e0 faire que vous ne le pensez !<\/p>\n<p>L\u2019accessoire \u00e0 lasagne permet de pr\u00e9parer des bandes de p\u00e2tes de 145 mm de large et de 0,6 mm \u00e0 4,8 mm d&#039;\u00e9paisseur.<br \/>Ce laminoir permet de confectionner des bandes de p\u00e2tes pour les lasagnes, les raviolis ou les tortellinis mais aussi de pr\u00e9parer la p\u00e2te avant de la passer dans les rouleaux \u00e0 fettucine et spaghetti de notre gamme.<\/p>\n","protected":false},"featured_media":9617,"comment_status":"open","ping_status":"closed","template":"","meta":{"_acf_changed":false,"content-type":"","editor_notices":[]},"product_brand":[],"product_cat":[139],"product_tag":[],"product-tag":[],"machines":[],"filter":[247,243],"class_list":{"0":"post-8283","1":"product","2":"type-product","3":"status-publish","4":"has-post-thumbnail","6":"product_cat-accessoires","7":"filter-pates","8":"filter-plats","10":"first","11":"instock","12":"taxable","13":"shipping-taxable","14":"product-type-simple"},"acf":[],"yoast_head":"<!-- This site is optimized with the Yoast SEO Premium plugin v26.6 (Yoast SEO v26.6) - https:\/\/yoast.com\/wordpress\/plugins\/seo\/ -->\n<title>Laminoir \u00e0 p\u00e2tes Lasagne - Ankarsrum Canada French<\/title>\n<meta name=\"robots\" content=\"index, follow, max-snippet:-1, max-image-preview:large, max-video-preview:-1\" \/>\n<link rel=\"canonical\" href=\"https:\/\/www.ankarsrum.com\/ca-fr\/product\/laminoir-a-pates-lasagne\/\" \/>\n<meta property=\"og:locale\" content=\"fr_FR\" \/>\n<meta property=\"og:type\" content=\"article\" \/>\n<meta property=\"og:title\" content=\"Laminoir \u00e0 p\u00e2tes Lasagne\" \/>\n<meta property=\"og:description\" content=\"Servir des p\u00e2tes maison fait toujours sensation lors d&#039;un d\u00eener. Le go\u00fbt et la texture sont tellement diff\u00e9rents et c&#039;est beaucoup plus facile \u00e0 faire que vous ne le pensez ! L\u2019accessoire \u00e0 lasagne permet de pr\u00e9parer des bandes de p\u00e2tes de 145 mm de large et de 0,6 mm \u00e0 4,8 mm d&#039;\u00e9paisseur.Ce laminoir permet de confectionner des bandes de p\u00e2tes pour les lasagnes, les raviolis ou les tortellinis mais aussi de pr\u00e9parer la p\u00e2te avant de la passer dans les rouleaux \u00e0 fettucine et spaghetti de notre gamme.\" \/>\n<meta property=\"og:url\" content=\"https:\/\/www.ankarsrum.com\/ca-fr\/product\/laminoir-a-pates-lasagne\/\" \/>\n<meta property=\"og:site_name\" content=\"Ankarsrum Canada French\" \/>\n<meta property=\"article:modified_time\" content=\"2025-03-05T08:57:26+00:00\" \/>\n<meta property=\"og:image\" content=\"https:\/\/www.ankarsrum.com\/ca-fr\/wp-content\/uploads\/sites\/70\/2024\/09\/lasagna-angle-1-scaled.jpg\" \/>\n\t<meta property=\"og:image:width\" content=\"1200\" \/>\n\t<meta property=\"og:image:height\" content=\"630\" \/>\n\t<meta property=\"og:image:type\" content=\"image\/jpeg\" \/>\n<meta name=\"twitter:card\" content=\"summary_large_image\" \/>\n<meta name=\"twitter:label1\" content=\"Dur\u00e9e de lecture estim\u00e9e\" \/>\n\t<meta name=\"twitter:data1\" content=\"1 minute\" \/>\n<script type=\"application\/ld+json\" class=\"yoast-schema-graph\">{\"@context\":\"https:\/\/schema.org\",\"@graph\":[{\"@type\":\"WebPage\",\"@id\":\"https:\/\/www.ankarsrum.com\/ca-fr\/product\/laminoir-a-pates-lasagne\/\",\"url\":\"https:\/\/www.ankarsrum.com\/ca-fr\/product\/laminoir-a-pates-lasagne\/\",\"name\":\"Laminoir \u00e0 p\u00e2tes Lasagne - Ankarsrum Canada French\",\"isPartOf\":{\"@id\":\"https:\/\/www.ankarsrum.com\/ca-fr\/#website\"},\"primaryImageOfPage\":{\"@id\":\"https:\/\/www.ankarsrum.com\/ca-fr\/product\/laminoir-a-pates-lasagne\/#primaryimage\"},\"image\":{\"@id\":\"https:\/\/www.ankarsrum.com\/ca-fr\/product\/laminoir-a-pates-lasagne\/#primaryimage\"},\"thumbnailUrl\":\"https:\/\/www.ankarsrum.com\/img-srv\/rX8UnOVszGz5soDQ10MzNThChzGf-DlrMnuYxq1fC2Q\/resizing_type:auto\/width:0\/height:0\/gravity:sm\/enlarge:1\/ext:webp\/strip_metadata:1\/quality:90\/cachebuster:filesize-221114\/bG9jYWw6Ly8vd3d3LmFua2Fyc3J1bS5jb20vd3AtY29udGVudC91cGxvYWRzL3NpdGVzLzcwLzIwMjQvMDkvbGFzYWduYS1hbmdsZS0xLXNjYWxlZC5qcGc.webp\",\"datePublished\":\"2024-07-16T07:36:17+00:00\",\"dateModified\":\"2025-03-05T08:57:26+00:00\",\"breadcrumb\":{\"@id\":\"https:\/\/www.ankarsrum.com\/ca-fr\/product\/laminoir-a-pates-lasagne\/#breadcrumb\"},\"inLanguage\":\"fr-FR\",\"potentialAction\":[{\"@type\":\"ReadAction\",\"target\":[\"https:\/\/www.ankarsrum.com\/ca-fr\/product\/laminoir-a-pates-lasagne\/\"]}]},{\"@type\":\"ImageObject\",\"inLanguage\":\"fr-FR\",\"@id\":\"https:\/\/www.ankarsrum.com\/ca-fr\/product\/laminoir-a-pates-lasagne\/#primaryimage\",\"url\":\"https:\/\/www.ankarsrum.com\/img-srv\/rX8UnOVszGz5soDQ10MzNThChzGf-DlrMnuYxq1fC2Q\/resizing_type:auto\/width:0\/height:0\/gravity:sm\/enlarge:1\/ext:webp\/strip_metadata:1\/quality:90\/cachebuster:filesize-221114\/bG9jYWw6Ly8vd3d3LmFua2Fyc3J1bS5jb20vd3AtY29udGVudC91cGxvYWRzL3NpdGVzLzcwLzIwMjQvMDkvbGFzYWduYS1hbmdsZS0xLXNjYWxlZC5qcGc.webp\",\"contentUrl\":\"https:\/\/www.ankarsrum.com\/img-srv\/rX8UnOVszGz5soDQ10MzNThChzGf-DlrMnuYxq1fC2Q\/resizing_type:auto\/width:0\/height:0\/gravity:sm\/enlarge:1\/ext:webp\/strip_metadata:1\/quality:90\/cachebuster:filesize-221114\/bG9jYWw6Ly8vd3d3LmFua2Fyc3J1bS5jb20vd3AtY29udGVudC91cGxvYWRzL3NpdGVzLzcwLzIwMjQvMDkvbGFzYWduYS1hbmdsZS0xLXNjYWxlZC5qcGc.webp\",\"width\":2560,\"height\":2560},{\"@type\":\"BreadcrumbList\",\"@id\":\"https:\/\/www.ankarsrum.com\/ca-fr\/product\/laminoir-a-pates-lasagne\/#breadcrumb\",\"itemListElement\":[{\"@type\":\"ListItem\",\"position\":1,\"name\":\"Home\",\"item\":\"https:\/\/www.ankarsrum.com\/ca-fr\/\"},{\"@type\":\"ListItem\",\"position\":2,\"name\":\"Produce name\",\"item\":\"https:\/\/www.ankarsrum.com\/ca-fr\/shop\/\"},{\"@type\":\"ListItem\",\"position\":3,\"name\":\"Laminoir \u00e0 p\u00e2tes Lasagne\"}]},{\"@type\":\"WebSite\",\"@id\":\"https:\/\/www.ankarsrum.com\/ca-fr\/#website\",\"url\":\"https:\/\/www.ankarsrum.com\/ca-fr\/\",\"name\":\"Ankarsrum Canada French\",\"description\":\"\",\"potentialAction\":[{\"@type\":\"SearchAction\",\"target\":{\"@type\":\"EntryPoint\",\"urlTemplate\":\"https:\/\/www.ankarsrum.com\/ca-fr\/?s={search_term_string}\"},\"query-input\":{\"@type\":\"PropertyValueSpecification\",\"valueRequired\":true,\"valueName\":\"search_term_string\"}}],\"inLanguage\":\"fr-FR\"}]}<\/script>\n<!-- \/ Yoast SEO Premium plugin. -->","yoast_head_json":{"title":"Laminoir \u00e0 p\u00e2tes Lasagne - Ankarsrum Canada French","robots":{"index":"index","follow":"follow","max-snippet":"max-snippet:-1","max-image-preview":"max-image-preview:large","max-video-preview":"max-video-preview:-1"},"canonical":"https:\/\/www.ankarsrum.com\/ca-fr\/product\/laminoir-a-pates-lasagne\/","og_locale":"fr_FR","og_type":"article","og_title":"Laminoir \u00e0 p\u00e2tes Lasagne","og_description":"Servir des p\u00e2tes maison fait toujours sensation lors d&#039;un d\u00eener. Le go\u00fbt et la texture sont tellement diff\u00e9rents et c&#039;est beaucoup plus facile \u00e0 faire que vous ne le pensez ! L\u2019accessoire \u00e0 lasagne permet de pr\u00e9parer des bandes de p\u00e2tes de 145 mm de large et de 0,6 mm \u00e0 4,8 mm d&#039;\u00e9paisseur.Ce laminoir permet de confectionner des bandes de p\u00e2tes pour les lasagnes, les raviolis ou les tortellinis mais aussi de pr\u00e9parer la p\u00e2te avant de la passer dans les rouleaux \u00e0 fettucine et spaghetti de notre gamme.","og_url":"https:\/\/www.ankarsrum.com\/ca-fr\/product\/laminoir-a-pates-lasagne\/","og_site_name":"Ankarsrum Canada French","article_modified_time":"2025-03-05T08:57:26+00:00","og_image":[{"width":1200,"height":630,"url":"https:\/\/www.ankarsrum.com\/ca-fr\/wp-content\/uploads\/sites\/70\/2024\/09\/lasagna-angle-1-scaled.jpg","type":"image\/jpeg"}],"twitter_card":"summary_large_image","twitter_misc":{"Dur\u00e9e de lecture estim\u00e9e":"1 minute"},"schema":{"@context":"https:\/\/schema.org","@graph":[{"@type":"WebPage","@id":"https:\/\/www.ankarsrum.com\/ca-fr\/product\/laminoir-a-pates-lasagne\/","url":"https:\/\/www.ankarsrum.com\/ca-fr\/product\/laminoir-a-pates-lasagne\/","name":"Laminoir \u00e0 p\u00e2tes Lasagne - Ankarsrum Canada French","isPartOf":{"@id":"https:\/\/www.ankarsrum.com\/ca-fr\/#website"},"primaryImageOfPage":{"@id":"https:\/\/www.ankarsrum.com\/ca-fr\/product\/laminoir-a-pates-lasagne\/#primaryimage"},"image":{"@id":"https:\/\/www.ankarsrum.com\/ca-fr\/product\/laminoir-a-pates-lasagne\/#primaryimage"},"thumbnailUrl":"https:\/\/www.ankarsrum.com\/img-srv\/rX8UnOVszGz5soDQ10MzNThChzGf-DlrMnuYxq1fC2Q\/resizing_type:auto\/width:0\/height:0\/gravity:sm\/enlarge:1\/ext:webp\/strip_metadata:1\/quality:90\/cachebuster:filesize-221114\/bG9jYWw6Ly8vd3d3LmFua2Fyc3J1bS5jb20vd3AtY29udGVudC91cGxvYWRzL3NpdGVzLzcwLzIwMjQvMDkvbGFzYWduYS1hbmdsZS0xLXNjYWxlZC5qcGc.webp","datePublished":"2024-07-16T07:36:17+00:00","dateModified":"2025-03-05T08:57:26+00:00","breadcrumb":{"@id":"https:\/\/www.ankarsrum.com\/ca-fr\/product\/laminoir-a-pates-lasagne\/#breadcrumb"},"inLanguage":"fr-FR","potentialAction":[{"@type":"ReadAction","target":["https:\/\/www.ankarsrum.com\/ca-fr\/product\/laminoir-a-pates-lasagne\/"]}]},{"@type":"ImageObject","inLanguage":"fr-FR","@id":"https:\/\/www.ankarsrum.com\/ca-fr\/product\/laminoir-a-pates-lasagne\/#primaryimage","url":"https:\/\/www.ankarsrum.com\/img-srv\/rX8UnOVszGz5soDQ10MzNThChzGf-DlrMnuYxq1fC2Q\/resizing_type:auto\/width:0\/height:0\/gravity:sm\/enlarge:1\/ext:webp\/strip_metadata:1\/quality:90\/cachebuster:filesize-221114\/bG9jYWw6Ly8vd3d3LmFua2Fyc3J1bS5jb20vd3AtY29udGVudC91cGxvYWRzL3NpdGVzLzcwLzIwMjQvMDkvbGFzYWduYS1hbmdsZS0xLXNjYWxlZC5qcGc.webp","contentUrl":"https:\/\/www.ankarsrum.com\/img-srv\/rX8UnOVszGz5soDQ10MzNThChzGf-DlrMnuYxq1fC2Q\/resizing_type:auto\/width:0\/height:0\/gravity:sm\/enlarge:1\/ext:webp\/strip_metadata:1\/quality:90\/cachebuster:filesize-221114\/bG9jYWw6Ly8vd3d3LmFua2Fyc3J1bS5jb20vd3AtY29udGVudC91cGxvYWRzL3NpdGVzLzcwLzIwMjQvMDkvbGFzYWduYS1hbmdsZS0xLXNjYWxlZC5qcGc.webp","width":2560,"height":2560},{"@type":"BreadcrumbList","@id":"https:\/\/www.ankarsrum.com\/ca-fr\/product\/laminoir-a-pates-lasagne\/#breadcrumb","itemListElement":[{"@type":"ListItem","position":1,"name":"Home","item":"https:\/\/www.ankarsrum.com\/ca-fr\/"},{"@type":"ListItem","position":2,"name":"Produce name","item":"https:\/\/www.ankarsrum.com\/ca-fr\/shop\/"},{"@type":"ListItem","position":3,"name":"Laminoir \u00e0 p\u00e2tes Lasagne"}]},{"@type":"WebSite","@id":"https:\/\/www.ankarsrum.com\/ca-fr\/#website","url":"https:\/\/www.ankarsrum.com\/ca-fr\/","name":"Ankarsrum Canada French","description":"","potentialAction":[{"@type":"SearchAction","target":{"@type":"EntryPoint","urlTemplate":"https:\/\/www.ankarsrum.com\/ca-fr\/?s={search_term_string}"},"query-input":{"@type":"PropertyValueSpecification","valueRequired":true,"valueName":"search_term_string"}}],"inLanguage":"fr-FR"}]}},"_links":{"self":[{"href":"https:\/\/www.ankarsrum.com\/ca-fr\/wp-json\/wp\/v2\/product\/8283","targetHints":{"allow":["GET"]}}],"collection":[{"href":"https:\/\/www.ankarsrum.com\/ca-fr\/wp-json\/wp\/v2\/product"}],"about":[{"href":"https:\/\/www.ankarsrum.com\/ca-fr\/wp-json\/wp\/v2\/types\/product"}],"replies":[{"embeddable":true,"href":"https:\/\/www.ankarsrum.com\/ca-fr\/wp-json\/wp\/v2\/comments?post=8283"}],"wp:featuredmedia":[{"embeddable":true,"href":"https:\/\/www.ankarsrum.com\/ca-fr\/wp-json\/wp\/v2\/media\/9617"}],"wp:attachment":[{"href":"https:\/\/www.ankarsrum.com\/ca-fr\/wp-json\/wp\/v2\/media?parent=8283"}],"wp:term":[{"taxonomy":"product_brand","embeddable":true,"href":"https:\/\/www.ankarsrum.com\/ca-fr\/wp-json\/wp\/v2\/product_brand?post=8283"},{"taxonomy":"product_cat","embeddable":true,"href":"https:\/\/www.ankarsrum.com\/ca-fr\/wp-json\/wp\/v2\/product_cat?post=8283"},{"taxonomy":"product_tag","embeddable":true,"href":"https:\/\/www.ankarsrum.com\/ca-fr\/wp-json\/wp\/v2\/product_tag?post=8283"},{"taxonomy":"product-tag","embeddable":true,"href":"https:\/\/www.ankarsrum.com\/ca-fr\/wp-json\/wp\/v2\/product-tag?post=8283"},{"taxonomy":"machines","embeddable":true,"href":"https:\/\/www.ankarsrum.com\/ca-fr\/wp-json\/wp\/v2\/machines?post=8283"},{"taxonomy":"filter","embeddable":true,"href":"https:\/\/www.ankarsrum.com\/ca-fr\/wp-json\/wp\/v2\/filter?post=8283"}],"curies":[{"name":"wp","href":"https:\/\/api.w.org\/{rel}","templated":true}]}}