{"id":8651,"date":"2024-07-16T12:58:20","date_gmt":"2024-07-16T12:58:20","guid":{"rendered":"https:\/\/www.ankarsrum.com\/ca-fr\/product\/deluxe-2\/"},"modified":"2025-03-05T08:57:41","modified_gmt":"2025-03-05T08:57:41","slug":"deluxe-2","status":"publish","type":"product","link":"https:\/\/www.ankarsrum.com\/ca-fr\/product\/deluxe-2\/","title":{"rendered":"Deluxe"},"content":{"rendered":"<p>Un hachoir \u00e0 viande dans la cuisine signifie que vous pouvez prendre votre cuisine \u00e0 un tout nouveau niveau. Et cela s&#039;applique que vous pr\u00e9f\u00e9riez la viande, le poisson ou le v\u00e9g\u00e9tarien, car vous pouvez utiliser le hachoir pour faire du poisson hach\u00e9 aussi bien que de la viande hach\u00e9e ou des pois chiches hach\u00e9s. Ou peut-\u00eatre des p\u00e2tes faites maison avec les disques de p\u00e2tes. Vous obtenez pas moins de trois cornes de saucisse diff\u00e9rentes, vous pouvez donc faire n&#039;importe quoi, des hot-dogs et des n\u00fcrnbergers au bratw\u00fcrst et \u00e0 la salsiccia &#8211; ou pourquoi ne pas opter pour une saucisse de poisson ou un falafel? Avec la presse \u00e0 biscuits, vous faites toujours les p\u00e2tisseries les plus croustillantes que vous puissiez imaginer. Bienvenue dans un monde plus vert! Dans l&#039;emballage DeLuxe, il y a un presse-agrumes, un m\u00e9langeur et une passoire qui conviennent aussi bien aux sauces aux fruits qu&#039;\u00e0 la pur\u00e9e.<\/p>","protected":false},"excerpt":{"rendered":"<p>C&#039;est la solution pour quiconque souhaite utiliser pleinement son Assistent Original\u00ae. Cuisson, hachage, m\u00e9lange, filtrage, pressage, r\u00e2page, tuyauterie. Le grand pack d&#039;accessoires DeLuxe contient un hachoir, 3 cornes \u00e0 saucisses 10\/20\/25 mm, un plateau d&#039;alimentation, une fiche d&#039;alimentation, des plaques de disques \u00e0 4 trous 2,5 \/ 4,5 \/ 6\/8 mm, une passoire, une r\u00e2pe, des disques de p\u00e2tes, un accessoire pour biscuits, un m\u00e9langeur, une presse-agrumes, un garde-boue pour hachoir.<\/p>\n","protected":false},"featured_media":9562,"comment_status":"open","ping_status":"closed","template":"","meta":{"_acf_changed":false,"content-type":"","editor_notices":[]},"product_brand":[],"product_cat":[139],"product_tag":[],"product-tag":[],"machines":[],"filter":[249,243],"class_list":{"0":"post-8651","1":"product","2":"type-product","3":"status-publish","4":"has-post-thumbnail","6":"product_cat-accessoires","7":"filter-hachoir","8":"filter-plats","10":"first","11":"instock","12":"taxable","13":"shipping-taxable","14":"product-type-simple"},"acf":[],"yoast_head":"<!-- This site is optimized with the Yoast SEO Premium plugin v26.6 (Yoast SEO v26.6) - https:\/\/yoast.com\/wordpress\/plugins\/seo\/ -->\n<title>Deluxe - Ankarsrum Canada French<\/title>\n<meta name=\"robots\" content=\"index, follow, max-snippet:-1, max-image-preview:large, max-video-preview:-1\" \/>\n<link rel=\"canonical\" href=\"https:\/\/www.ankarsrum.com\/ca-fr\/product\/deluxe-2\/\" \/>\n<meta property=\"og:locale\" content=\"fr_FR\" \/>\n<meta property=\"og:type\" content=\"article\" \/>\n<meta property=\"og:title\" content=\"Deluxe\" \/>\n<meta property=\"og:description\" content=\"C&#039;est la solution pour quiconque souhaite utiliser pleinement son Assistent Original\u00ae. Cuisson, hachage, m\u00e9lange, filtrage, pressage, r\u00e2page, tuyauterie. Le grand pack d&#039;accessoires DeLuxe contient un hachoir, 3 cornes \u00e0 saucisses 10\/20\/25 mm, un plateau d&#039;alimentation, une fiche d&#039;alimentation, des plaques de disques \u00e0 4 trous 2,5 \/ 4,5 \/ 6\/8 mm, une passoire, une r\u00e2pe, des disques de p\u00e2tes, un accessoire pour biscuits, un m\u00e9langeur, une presse-agrumes, un garde-boue pour hachoir.\" \/>\n<meta property=\"og:url\" content=\"https:\/\/www.ankarsrum.com\/ca-fr\/product\/deluxe-2\/\" \/>\n<meta property=\"og:site_name\" content=\"Ankarsrum Canada French\" \/>\n<meta property=\"article:modified_time\" content=\"2025-03-05T08:57:41+00:00\" \/>\n<meta property=\"og:image\" content=\"https:\/\/www.ankarsrum.com\/ca-fr\/wp-content\/uploads\/sites\/70\/2024\/09\/deluxe-package-920900080jpg.png\" \/>\n\t<meta property=\"og:image:width\" content=\"1080\" \/>\n\t<meta property=\"og:image:height\" content=\"630\" \/>\n\t<meta property=\"og:image:type\" content=\"image\/png\" \/>\n<meta name=\"twitter:card\" content=\"summary_large_image\" \/>\n<meta name=\"twitter:label1\" content=\"Dur\u00e9e de lecture estim\u00e9e\" \/>\n\t<meta name=\"twitter:data1\" content=\"1 minute\" \/>\n<script type=\"application\/ld+json\" class=\"yoast-schema-graph\">{\"@context\":\"https:\/\/schema.org\",\"@graph\":[{\"@type\":\"WebPage\",\"@id\":\"https:\/\/www.ankarsrum.com\/ca-fr\/product\/deluxe-2\/\",\"url\":\"https:\/\/www.ankarsrum.com\/ca-fr\/product\/deluxe-2\/\",\"name\":\"Deluxe - Ankarsrum Canada French\",\"isPartOf\":{\"@id\":\"https:\/\/www.ankarsrum.com\/ca-fr\/#website\"},\"primaryImageOfPage\":{\"@id\":\"https:\/\/www.ankarsrum.com\/ca-fr\/product\/deluxe-2\/#primaryimage\"},\"image\":{\"@id\":\"https:\/\/www.ankarsrum.com\/ca-fr\/product\/deluxe-2\/#primaryimage\"},\"thumbnailUrl\":\"https:\/\/www.ankarsrum.com\/img-srv\/X80E_oGXyQ7W3nRf85nuSVl0uVuErkG1jMR69RFV_sM\/resizing_type:auto\/width:0\/height:0\/gravity:sm\/enlarge:1\/ext:webp\/strip_metadata:1\/quality:90\/cachebuster:filesize-254966\/bG9jYWw6Ly8vd3d3LmFua2Fyc3J1bS5jb20vd3AtY29udGVudC91cGxvYWRzL3NpdGVzLzcwLzIwMjQvMDkvZGVsdXhlLXBhY2thZ2UtOTIwOTAwMDgwanBnLnBuZw.webp\",\"datePublished\":\"2024-07-16T12:58:20+00:00\",\"dateModified\":\"2025-03-05T08:57:41+00:00\",\"breadcrumb\":{\"@id\":\"https:\/\/www.ankarsrum.com\/ca-fr\/product\/deluxe-2\/#breadcrumb\"},\"inLanguage\":\"fr-FR\",\"potentialAction\":[{\"@type\":\"ReadAction\",\"target\":[\"https:\/\/www.ankarsrum.com\/ca-fr\/product\/deluxe-2\/\"]}]},{\"@type\":\"ImageObject\",\"inLanguage\":\"fr-FR\",\"@id\":\"https:\/\/www.ankarsrum.com\/ca-fr\/product\/deluxe-2\/#primaryimage\",\"url\":\"https:\/\/www.ankarsrum.com\/img-srv\/X80E_oGXyQ7W3nRf85nuSVl0uVuErkG1jMR69RFV_sM\/resizing_type:auto\/width:0\/height:0\/gravity:sm\/enlarge:1\/ext:webp\/strip_metadata:1\/quality:90\/cachebuster:filesize-254966\/bG9jYWw6Ly8vd3d3LmFua2Fyc3J1bS5jb20vd3AtY29udGVudC91cGxvYWRzL3NpdGVzLzcwLzIwMjQvMDkvZGVsdXhlLXBhY2thZ2UtOTIwOTAwMDgwanBnLnBuZw.webp\",\"contentUrl\":\"https:\/\/www.ankarsrum.com\/img-srv\/X80E_oGXyQ7W3nRf85nuSVl0uVuErkG1jMR69RFV_sM\/resizing_type:auto\/width:0\/height:0\/gravity:sm\/enlarge:1\/ext:webp\/strip_metadata:1\/quality:90\/cachebuster:filesize-254966\/bG9jYWw6Ly8vd3d3LmFua2Fyc3J1bS5jb20vd3AtY29udGVudC91cGxvYWRzL3NpdGVzLzcwLzIwMjQvMDkvZGVsdXhlLXBhY2thZ2UtOTIwOTAwMDgwanBnLnBuZw.webp\",\"width\":1080,\"height\":1080},{\"@type\":\"BreadcrumbList\",\"@id\":\"https:\/\/www.ankarsrum.com\/ca-fr\/product\/deluxe-2\/#breadcrumb\",\"itemListElement\":[{\"@type\":\"ListItem\",\"position\":1,\"name\":\"Home\",\"item\":\"https:\/\/www.ankarsrum.com\/ca-fr\/\"},{\"@type\":\"ListItem\",\"position\":2,\"name\":\"Produce name\",\"item\":\"https:\/\/www.ankarsrum.com\/ca-fr\/shop\/\"},{\"@type\":\"ListItem\",\"position\":3,\"name\":\"Deluxe\"}]},{\"@type\":\"WebSite\",\"@id\":\"https:\/\/www.ankarsrum.com\/ca-fr\/#website\",\"url\":\"https:\/\/www.ankarsrum.com\/ca-fr\/\",\"name\":\"Ankarsrum Canada French\",\"description\":\"\",\"potentialAction\":[{\"@type\":\"SearchAction\",\"target\":{\"@type\":\"EntryPoint\",\"urlTemplate\":\"https:\/\/www.ankarsrum.com\/ca-fr\/?s={search_term_string}\"},\"query-input\":{\"@type\":\"PropertyValueSpecification\",\"valueRequired\":true,\"valueName\":\"search_term_string\"}}],\"inLanguage\":\"fr-FR\"}]}<\/script>\n<!-- \/ Yoast SEO Premium plugin. -->","yoast_head_json":{"title":"Deluxe - Ankarsrum Canada French","robots":{"index":"index","follow":"follow","max-snippet":"max-snippet:-1","max-image-preview":"max-image-preview:large","max-video-preview":"max-video-preview:-1"},"canonical":"https:\/\/www.ankarsrum.com\/ca-fr\/product\/deluxe-2\/","og_locale":"fr_FR","og_type":"article","og_title":"Deluxe","og_description":"C&#039;est la solution pour quiconque souhaite utiliser pleinement son Assistent Original\u00ae. Cuisson, hachage, m\u00e9lange, filtrage, pressage, r\u00e2page, tuyauterie. Le grand pack d&#039;accessoires DeLuxe contient un hachoir, 3 cornes \u00e0 saucisses 10\/20\/25 mm, un plateau d&#039;alimentation, une fiche d&#039;alimentation, des plaques de disques \u00e0 4 trous 2,5 \/ 4,5 \/ 6\/8 mm, une passoire, une r\u00e2pe, des disques de p\u00e2tes, un accessoire pour biscuits, un m\u00e9langeur, une presse-agrumes, un garde-boue pour hachoir.","og_url":"https:\/\/www.ankarsrum.com\/ca-fr\/product\/deluxe-2\/","og_site_name":"Ankarsrum Canada French","article_modified_time":"2025-03-05T08:57:41+00:00","og_image":[{"width":1080,"height":630,"url":"https:\/\/www.ankarsrum.com\/ca-fr\/wp-content\/uploads\/sites\/70\/2024\/09\/deluxe-package-920900080jpg.png","type":"image\/png"}],"twitter_card":"summary_large_image","twitter_misc":{"Dur\u00e9e de lecture estim\u00e9e":"1 minute"},"schema":{"@context":"https:\/\/schema.org","@graph":[{"@type":"WebPage","@id":"https:\/\/www.ankarsrum.com\/ca-fr\/product\/deluxe-2\/","url":"https:\/\/www.ankarsrum.com\/ca-fr\/product\/deluxe-2\/","name":"Deluxe - Ankarsrum Canada French","isPartOf":{"@id":"https:\/\/www.ankarsrum.com\/ca-fr\/#website"},"primaryImageOfPage":{"@id":"https:\/\/www.ankarsrum.com\/ca-fr\/product\/deluxe-2\/#primaryimage"},"image":{"@id":"https:\/\/www.ankarsrum.com\/ca-fr\/product\/deluxe-2\/#primaryimage"},"thumbnailUrl":"https:\/\/www.ankarsrum.com\/img-srv\/X80E_oGXyQ7W3nRf85nuSVl0uVuErkG1jMR69RFV_sM\/resizing_type:auto\/width:0\/height:0\/gravity:sm\/enlarge:1\/ext:webp\/strip_metadata:1\/quality:90\/cachebuster:filesize-254966\/bG9jYWw6Ly8vd3d3LmFua2Fyc3J1bS5jb20vd3AtY29udGVudC91cGxvYWRzL3NpdGVzLzcwLzIwMjQvMDkvZGVsdXhlLXBhY2thZ2UtOTIwOTAwMDgwanBnLnBuZw.webp","datePublished":"2024-07-16T12:58:20+00:00","dateModified":"2025-03-05T08:57:41+00:00","breadcrumb":{"@id":"https:\/\/www.ankarsrum.com\/ca-fr\/product\/deluxe-2\/#breadcrumb"},"inLanguage":"fr-FR","potentialAction":[{"@type":"ReadAction","target":["https:\/\/www.ankarsrum.com\/ca-fr\/product\/deluxe-2\/"]}]},{"@type":"ImageObject","inLanguage":"fr-FR","@id":"https:\/\/www.ankarsrum.com\/ca-fr\/product\/deluxe-2\/#primaryimage","url":"https:\/\/www.ankarsrum.com\/img-srv\/X80E_oGXyQ7W3nRf85nuSVl0uVuErkG1jMR69RFV_sM\/resizing_type:auto\/width:0\/height:0\/gravity:sm\/enlarge:1\/ext:webp\/strip_metadata:1\/quality:90\/cachebuster:filesize-254966\/bG9jYWw6Ly8vd3d3LmFua2Fyc3J1bS5jb20vd3AtY29udGVudC91cGxvYWRzL3NpdGVzLzcwLzIwMjQvMDkvZGVsdXhlLXBhY2thZ2UtOTIwOTAwMDgwanBnLnBuZw.webp","contentUrl":"https:\/\/www.ankarsrum.com\/img-srv\/X80E_oGXyQ7W3nRf85nuSVl0uVuErkG1jMR69RFV_sM\/resizing_type:auto\/width:0\/height:0\/gravity:sm\/enlarge:1\/ext:webp\/strip_metadata:1\/quality:90\/cachebuster:filesize-254966\/bG9jYWw6Ly8vd3d3LmFua2Fyc3J1bS5jb20vd3AtY29udGVudC91cGxvYWRzL3NpdGVzLzcwLzIwMjQvMDkvZGVsdXhlLXBhY2thZ2UtOTIwOTAwMDgwanBnLnBuZw.webp","width":1080,"height":1080},{"@type":"BreadcrumbList","@id":"https:\/\/www.ankarsrum.com\/ca-fr\/product\/deluxe-2\/#breadcrumb","itemListElement":[{"@type":"ListItem","position":1,"name":"Home","item":"https:\/\/www.ankarsrum.com\/ca-fr\/"},{"@type":"ListItem","position":2,"name":"Produce name","item":"https:\/\/www.ankarsrum.com\/ca-fr\/shop\/"},{"@type":"ListItem","position":3,"name":"Deluxe"}]},{"@type":"WebSite","@id":"https:\/\/www.ankarsrum.com\/ca-fr\/#website","url":"https:\/\/www.ankarsrum.com\/ca-fr\/","name":"Ankarsrum Canada French","description":"","potentialAction":[{"@type":"SearchAction","target":{"@type":"EntryPoint","urlTemplate":"https:\/\/www.ankarsrum.com\/ca-fr\/?s={search_term_string}"},"query-input":{"@type":"PropertyValueSpecification","valueRequired":true,"valueName":"search_term_string"}}],"inLanguage":"fr-FR"}]}},"_links":{"self":[{"href":"https:\/\/www.ankarsrum.com\/ca-fr\/wp-json\/wp\/v2\/product\/8651","targetHints":{"allow":["GET"]}}],"collection":[{"href":"https:\/\/www.ankarsrum.com\/ca-fr\/wp-json\/wp\/v2\/product"}],"about":[{"href":"https:\/\/www.ankarsrum.com\/ca-fr\/wp-json\/wp\/v2\/types\/product"}],"replies":[{"embeddable":true,"href":"https:\/\/www.ankarsrum.com\/ca-fr\/wp-json\/wp\/v2\/comments?post=8651"}],"wp:featuredmedia":[{"embeddable":true,"href":"https:\/\/www.ankarsrum.com\/ca-fr\/wp-json\/wp\/v2\/media\/9562"}],"wp:attachment":[{"href":"https:\/\/www.ankarsrum.com\/ca-fr\/wp-json\/wp\/v2\/media?parent=8651"}],"wp:term":[{"taxonomy":"product_brand","embeddable":true,"href":"https:\/\/www.ankarsrum.com\/ca-fr\/wp-json\/wp\/v2\/product_brand?post=8651"},{"taxonomy":"product_cat","embeddable":true,"href":"https:\/\/www.ankarsrum.com\/ca-fr\/wp-json\/wp\/v2\/product_cat?post=8651"},{"taxonomy":"product_tag","embeddable":true,"href":"https:\/\/www.ankarsrum.com\/ca-fr\/wp-json\/wp\/v2\/product_tag?post=8651"},{"taxonomy":"product-tag","embeddable":true,"href":"https:\/\/www.ankarsrum.com\/ca-fr\/wp-json\/wp\/v2\/product-tag?post=8651"},{"taxonomy":"machines","embeddable":true,"href":"https:\/\/www.ankarsrum.com\/ca-fr\/wp-json\/wp\/v2\/machines?post=8651"},{"taxonomy":"filter","embeddable":true,"href":"https:\/\/www.ankarsrum.com\/ca-fr\/wp-json\/wp\/v2\/filter?post=8651"}],"curies":[{"name":"wp","href":"https:\/\/api.w.org\/{rel}","templated":true}]}}