{"id":8898,"date":"2024-07-16T12:46:35","date_gmt":"2024-07-16T12:46:35","guid":{"rendered":"https:\/\/www.ankarsrum.com\/ca-fr\/product\/blender-2\/"},"modified":"2025-03-05T08:57:40","modified_gmt":"2025-03-05T08:57:40","slug":"blender-2","status":"publish","type":"product","link":"https:\/\/www.ankarsrum.com\/ca-fr\/product\/blender-2\/","title":{"rendered":"Blender"},"content":{"rendered":"<p>Le Blender se compose d&#039;un r\u00e9cipient, d&#039;un couvercle sup\u00e9rieur et d&#039;un bouchon de couvercle. \u2022 Le bol mixeur a une capacit\u00e9 de 1,5 litre mais ne peut g\u00e9rer qu&#039;un contenu maximum de 1,3 litre lors du m\u00e9lange. \u2022 Pour des raisons de s\u00e9curit\u00e9, le m\u00e9langeur est en plastique incassable, copolyester Tritan, sans BPA. \u2022 Gardez toujours la main sur le couvercle lorsque vous utilisez le m\u00e9langeur. \u2022 Le m\u00e9langeur convient aux mod\u00e8les Assistent N24-N30.<\/p>","protected":false},"excerpt":{"rendered":"<p>Le Blender est con\u00e7u pour tout arranger vigoureusement, de la d\u00e9coupe du chocolat au m\u00e9lange de houmous et de smoothies &#8211; aussi souvent et autant que vous le souhaitez!<\/p>\n","protected":false},"featured_media":9551,"comment_status":"open","ping_status":"closed","template":"","meta":{"_acf_changed":false,"content-type":"","editor_notices":[]},"product_brand":[],"product_cat":[139],"product_tag":[141],"product-tag":[],"machines":[],"filter":[],"class_list":{"0":"post-8898","1":"product","2":"type-product","3":"status-publish","4":"has-post-thumbnail","6":"product_cat-accessoires","7":"product_tag-blender","9":"first","10":"instock","11":"taxable","12":"shipping-taxable","13":"product-type-simple"},"acf":[],"yoast_head":"<!-- This site is optimized with the Yoast SEO Premium plugin v26.6 (Yoast SEO v26.6) - https:\/\/yoast.com\/wordpress\/plugins\/seo\/ -->\n<title>Blender - Ankarsrum Canada French<\/title>\n<meta name=\"robots\" content=\"index, follow, max-snippet:-1, max-image-preview:large, max-video-preview:-1\" \/>\n<link rel=\"canonical\" href=\"https:\/\/www.ankarsrum.com\/ca-fr\/product\/blender-2\/\" \/>\n<meta property=\"og:locale\" content=\"fr_FR\" \/>\n<meta property=\"og:type\" content=\"article\" \/>\n<meta property=\"og:title\" content=\"Blender\" \/>\n<meta property=\"og:description\" content=\"Le Blender est con\u00e7u pour tout arranger vigoureusement, de la d\u00e9coupe du chocolat au m\u00e9lange de houmous et de smoothies - aussi souvent et autant que vous le souhaitez!\" \/>\n<meta property=\"og:url\" content=\"https:\/\/www.ankarsrum.com\/ca-fr\/product\/blender-2\/\" \/>\n<meta property=\"og:site_name\" content=\"Ankarsrum Canada French\" \/>\n<meta property=\"article:modified_time\" content=\"2025-03-05T08:57:40+00:00\" \/>\n<meta property=\"og:image\" content=\"https:\/\/www.ankarsrum.com\/ca-fr\/wp-content\/uploads\/sites\/70\/2024\/09\/blender-with-tamper-920900082-3.png\" \/>\n\t<meta property=\"og:image:width\" content=\"1080\" \/>\n\t<meta property=\"og:image:height\" content=\"630\" \/>\n\t<meta property=\"og:image:type\" content=\"image\/png\" \/>\n<meta name=\"twitter:card\" content=\"summary_large_image\" \/>\n<script type=\"application\/ld+json\" class=\"yoast-schema-graph\">{\"@context\":\"https:\/\/schema.org\",\"@graph\":[{\"@type\":\"WebPage\",\"@id\":\"https:\/\/www.ankarsrum.com\/ca-fr\/product\/blender-2\/\",\"url\":\"https:\/\/www.ankarsrum.com\/ca-fr\/product\/blender-2\/\",\"name\":\"Blender - Ankarsrum Canada French\",\"isPartOf\":{\"@id\":\"https:\/\/www.ankarsrum.com\/ca-fr\/#website\"},\"primaryImageOfPage\":{\"@id\":\"https:\/\/www.ankarsrum.com\/ca-fr\/product\/blender-2\/#primaryimage\"},\"image\":{\"@id\":\"https:\/\/www.ankarsrum.com\/ca-fr\/product\/blender-2\/#primaryimage\"},\"thumbnailUrl\":\"https:\/\/www.ankarsrum.com\/img-srv\/oo7q9Sgir-dR3BTJbBKnkxxorbWMwbmvqHbJiukhjtg\/resizing_type:auto\/width:0\/height:0\/gravity:sm\/enlarge:1\/ext:webp\/strip_metadata:1\/quality:90\/cachebuster:filesize-350030\/bG9jYWw6Ly8vd3d3LmFua2Fyc3J1bS5jb20vd3AtY29udGVudC91cGxvYWRzL3NpdGVzLzcwLzIwMjQvMDkvYmxlbmRlci13aXRoLXRhbXBlci05MjA5MDAwODItMy5wbmc.webp\",\"datePublished\":\"2024-07-16T12:46:35+00:00\",\"dateModified\":\"2025-03-05T08:57:40+00:00\",\"breadcrumb\":{\"@id\":\"https:\/\/www.ankarsrum.com\/ca-fr\/product\/blender-2\/#breadcrumb\"},\"inLanguage\":\"fr-FR\",\"potentialAction\":[{\"@type\":\"ReadAction\",\"target\":[\"https:\/\/www.ankarsrum.com\/ca-fr\/product\/blender-2\/\"]}]},{\"@type\":\"ImageObject\",\"inLanguage\":\"fr-FR\",\"@id\":\"https:\/\/www.ankarsrum.com\/ca-fr\/product\/blender-2\/#primaryimage\",\"url\":\"https:\/\/www.ankarsrum.com\/img-srv\/oo7q9Sgir-dR3BTJbBKnkxxorbWMwbmvqHbJiukhjtg\/resizing_type:auto\/width:0\/height:0\/gravity:sm\/enlarge:1\/ext:webp\/strip_metadata:1\/quality:90\/cachebuster:filesize-350030\/bG9jYWw6Ly8vd3d3LmFua2Fyc3J1bS5jb20vd3AtY29udGVudC91cGxvYWRzL3NpdGVzLzcwLzIwMjQvMDkvYmxlbmRlci13aXRoLXRhbXBlci05MjA5MDAwODItMy5wbmc.webp\",\"contentUrl\":\"https:\/\/www.ankarsrum.com\/img-srv\/oo7q9Sgir-dR3BTJbBKnkxxorbWMwbmvqHbJiukhjtg\/resizing_type:auto\/width:0\/height:0\/gravity:sm\/enlarge:1\/ext:webp\/strip_metadata:1\/quality:90\/cachebuster:filesize-350030\/bG9jYWw6Ly8vd3d3LmFua2Fyc3J1bS5jb20vd3AtY29udGVudC91cGxvYWRzL3NpdGVzLzcwLzIwMjQvMDkvYmxlbmRlci13aXRoLXRhbXBlci05MjA5MDAwODItMy5wbmc.webp\",\"width\":1080,\"height\":1080},{\"@type\":\"BreadcrumbList\",\"@id\":\"https:\/\/www.ankarsrum.com\/ca-fr\/product\/blender-2\/#breadcrumb\",\"itemListElement\":[{\"@type\":\"ListItem\",\"position\":1,\"name\":\"Home\",\"item\":\"https:\/\/www.ankarsrum.com\/ca-fr\/\"},{\"@type\":\"ListItem\",\"position\":2,\"name\":\"Produce name\",\"item\":\"https:\/\/www.ankarsrum.com\/ca-fr\/shop\/\"},{\"@type\":\"ListItem\",\"position\":3,\"name\":\"Blender\"}]},{\"@type\":\"WebSite\",\"@id\":\"https:\/\/www.ankarsrum.com\/ca-fr\/#website\",\"url\":\"https:\/\/www.ankarsrum.com\/ca-fr\/\",\"name\":\"Ankarsrum Canada French\",\"description\":\"\",\"potentialAction\":[{\"@type\":\"SearchAction\",\"target\":{\"@type\":\"EntryPoint\",\"urlTemplate\":\"https:\/\/www.ankarsrum.com\/ca-fr\/?s={search_term_string}\"},\"query-input\":{\"@type\":\"PropertyValueSpecification\",\"valueRequired\":true,\"valueName\":\"search_term_string\"}}],\"inLanguage\":\"fr-FR\"}]}<\/script>\n<!-- \/ Yoast SEO Premium plugin. -->","yoast_head_json":{"title":"Blender - Ankarsrum Canada French","robots":{"index":"index","follow":"follow","max-snippet":"max-snippet:-1","max-image-preview":"max-image-preview:large","max-video-preview":"max-video-preview:-1"},"canonical":"https:\/\/www.ankarsrum.com\/ca-fr\/product\/blender-2\/","og_locale":"fr_FR","og_type":"article","og_title":"Blender","og_description":"Le Blender est con\u00e7u pour tout arranger vigoureusement, de la d\u00e9coupe du chocolat au m\u00e9lange de houmous et de smoothies - aussi souvent et autant que vous le souhaitez!","og_url":"https:\/\/www.ankarsrum.com\/ca-fr\/product\/blender-2\/","og_site_name":"Ankarsrum Canada French","article_modified_time":"2025-03-05T08:57:40+00:00","og_image":[{"width":1080,"height":630,"url":"https:\/\/www.ankarsrum.com\/ca-fr\/wp-content\/uploads\/sites\/70\/2024\/09\/blender-with-tamper-920900082-3.png","type":"image\/png"}],"twitter_card":"summary_large_image","schema":{"@context":"https:\/\/schema.org","@graph":[{"@type":"WebPage","@id":"https:\/\/www.ankarsrum.com\/ca-fr\/product\/blender-2\/","url":"https:\/\/www.ankarsrum.com\/ca-fr\/product\/blender-2\/","name":"Blender - Ankarsrum Canada French","isPartOf":{"@id":"https:\/\/www.ankarsrum.com\/ca-fr\/#website"},"primaryImageOfPage":{"@id":"https:\/\/www.ankarsrum.com\/ca-fr\/product\/blender-2\/#primaryimage"},"image":{"@id":"https:\/\/www.ankarsrum.com\/ca-fr\/product\/blender-2\/#primaryimage"},"thumbnailUrl":"https:\/\/www.ankarsrum.com\/img-srv\/oo7q9Sgir-dR3BTJbBKnkxxorbWMwbmvqHbJiukhjtg\/resizing_type:auto\/width:0\/height:0\/gravity:sm\/enlarge:1\/ext:webp\/strip_metadata:1\/quality:90\/cachebuster:filesize-350030\/bG9jYWw6Ly8vd3d3LmFua2Fyc3J1bS5jb20vd3AtY29udGVudC91cGxvYWRzL3NpdGVzLzcwLzIwMjQvMDkvYmxlbmRlci13aXRoLXRhbXBlci05MjA5MDAwODItMy5wbmc.webp","datePublished":"2024-07-16T12:46:35+00:00","dateModified":"2025-03-05T08:57:40+00:00","breadcrumb":{"@id":"https:\/\/www.ankarsrum.com\/ca-fr\/product\/blender-2\/#breadcrumb"},"inLanguage":"fr-FR","potentialAction":[{"@type":"ReadAction","target":["https:\/\/www.ankarsrum.com\/ca-fr\/product\/blender-2\/"]}]},{"@type":"ImageObject","inLanguage":"fr-FR","@id":"https:\/\/www.ankarsrum.com\/ca-fr\/product\/blender-2\/#primaryimage","url":"https:\/\/www.ankarsrum.com\/img-srv\/oo7q9Sgir-dR3BTJbBKnkxxorbWMwbmvqHbJiukhjtg\/resizing_type:auto\/width:0\/height:0\/gravity:sm\/enlarge:1\/ext:webp\/strip_metadata:1\/quality:90\/cachebuster:filesize-350030\/bG9jYWw6Ly8vd3d3LmFua2Fyc3J1bS5jb20vd3AtY29udGVudC91cGxvYWRzL3NpdGVzLzcwLzIwMjQvMDkvYmxlbmRlci13aXRoLXRhbXBlci05MjA5MDAwODItMy5wbmc.webp","contentUrl":"https:\/\/www.ankarsrum.com\/img-srv\/oo7q9Sgir-dR3BTJbBKnkxxorbWMwbmvqHbJiukhjtg\/resizing_type:auto\/width:0\/height:0\/gravity:sm\/enlarge:1\/ext:webp\/strip_metadata:1\/quality:90\/cachebuster:filesize-350030\/bG9jYWw6Ly8vd3d3LmFua2Fyc3J1bS5jb20vd3AtY29udGVudC91cGxvYWRzL3NpdGVzLzcwLzIwMjQvMDkvYmxlbmRlci13aXRoLXRhbXBlci05MjA5MDAwODItMy5wbmc.webp","width":1080,"height":1080},{"@type":"BreadcrumbList","@id":"https:\/\/www.ankarsrum.com\/ca-fr\/product\/blender-2\/#breadcrumb","itemListElement":[{"@type":"ListItem","position":1,"name":"Home","item":"https:\/\/www.ankarsrum.com\/ca-fr\/"},{"@type":"ListItem","position":2,"name":"Produce name","item":"https:\/\/www.ankarsrum.com\/ca-fr\/shop\/"},{"@type":"ListItem","position":3,"name":"Blender"}]},{"@type":"WebSite","@id":"https:\/\/www.ankarsrum.com\/ca-fr\/#website","url":"https:\/\/www.ankarsrum.com\/ca-fr\/","name":"Ankarsrum Canada French","description":"","potentialAction":[{"@type":"SearchAction","target":{"@type":"EntryPoint","urlTemplate":"https:\/\/www.ankarsrum.com\/ca-fr\/?s={search_term_string}"},"query-input":{"@type":"PropertyValueSpecification","valueRequired":true,"valueName":"search_term_string"}}],"inLanguage":"fr-FR"}]}},"_links":{"self":[{"href":"https:\/\/www.ankarsrum.com\/ca-fr\/wp-json\/wp\/v2\/product\/8898","targetHints":{"allow":["GET"]}}],"collection":[{"href":"https:\/\/www.ankarsrum.com\/ca-fr\/wp-json\/wp\/v2\/product"}],"about":[{"href":"https:\/\/www.ankarsrum.com\/ca-fr\/wp-json\/wp\/v2\/types\/product"}],"replies":[{"embeddable":true,"href":"https:\/\/www.ankarsrum.com\/ca-fr\/wp-json\/wp\/v2\/comments?post=8898"}],"wp:featuredmedia":[{"embeddable":true,"href":"https:\/\/www.ankarsrum.com\/ca-fr\/wp-json\/wp\/v2\/media\/9551"}],"wp:attachment":[{"href":"https:\/\/www.ankarsrum.com\/ca-fr\/wp-json\/wp\/v2\/media?parent=8898"}],"wp:term":[{"taxonomy":"product_brand","embeddable":true,"href":"https:\/\/www.ankarsrum.com\/ca-fr\/wp-json\/wp\/v2\/product_brand?post=8898"},{"taxonomy":"product_cat","embeddable":true,"href":"https:\/\/www.ankarsrum.com\/ca-fr\/wp-json\/wp\/v2\/product_cat?post=8898"},{"taxonomy":"product_tag","embeddable":true,"href":"https:\/\/www.ankarsrum.com\/ca-fr\/wp-json\/wp\/v2\/product_tag?post=8898"},{"taxonomy":"product-tag","embeddable":true,"href":"https:\/\/www.ankarsrum.com\/ca-fr\/wp-json\/wp\/v2\/product-tag?post=8898"},{"taxonomy":"machines","embeddable":true,"href":"https:\/\/www.ankarsrum.com\/ca-fr\/wp-json\/wp\/v2\/machines?post=8898"},{"taxonomy":"filter","embeddable":true,"href":"https:\/\/www.ankarsrum.com\/ca-fr\/wp-json\/wp\/v2\/filter?post=8898"}],"curies":[{"name":"wp","href":"https:\/\/api.w.org\/{rel}","templated":true}]}}