{"id":9058,"date":"2024-07-04T06:32:02","date_gmt":"2024-07-04T06:32:02","guid":{"rendered":"https:\/\/www.ankarsrum.com\/ca-fr\/product\/kit-laminoir-et-rouleau-a-pates\/"},"modified":"2025-01-09T03:25:51","modified_gmt":"2025-01-09T03:25:51","slug":"kit-laminoir-et-rouleau-a-pates","status":"publish","type":"product","link":"https:\/\/www.ankarsrum.com\/ca-fr\/product\/kit-laminoir-et-rouleau-a-pates\/","title":{"rendered":"Kit Laminoir et rouleau \u00e0 p\u00e2tes"},"content":{"rendered":"<ul>\n<li>Produit par Ankarsrum en collaboration avec la c\u00e9l\u00e8bre marque italienne Marcato, fi\u00e8re de plus de 80 ans d&#039;h\u00e9ritage dans la fabrication de p\u00e2tes.<\/li>\n<li>Pour obtenir les meilleurs r\u00e9sultats, utilisez le laminoir \u00e0 lasagne avant d&#039;utiliser le rouleau \u00e0 p\u00e2tes.<\/li>\n<li>N&#039;oubliez pas d&#039;utiliser uniquement de la p\u00e2te \u00e0 p\u00e2tes avec les accessoires pour p\u00e2tes pour des performances optimales.<\/li>\n<li>La s\u00e9curit\u00e9 est primordiale : n&#039;ins\u00e9rez jamais les doigts ou des objets \u00e9trangers dans le rouleau pendant le fonctionnement.<\/li>\n<li>Les accessoires pour p\u00e2tes conviennent \u00e0 tous les mod\u00e8les Assistent Originals N1-N30.<\/li>\n<\/ul>","protected":false},"excerpt":{"rendered":"<p>Servir des p\u00e2tes fra\u00eechement pr\u00e9par\u00e9es est une d\u00e9licieuse fa\u00e7on d&#039;impressionner vos invit\u00e9s lors de n&#039;importe quelle r\u00e9union. Les saveurs riches et la texture parfaite cr\u00e9ent une exp\u00e9rience culinaire inoubliable \u2013 et le meilleur, c\u2019est que pr\u00e9parer vos propres p\u00e2tes est bien plus simple que vous ne l\u2019imaginez\u00a0!<\/p>\n<p>\u00a0<\/p>\n<p>Pr\u00e9sentation de notre kit Laminoir et rouleau \u00e0 p\u00e2tes, con\u00e7u pour faciliter la pr\u00e9paration des p\u00e2tes. Avec la possibilit\u00e9 de cr\u00e9er facilement vos plats de p\u00e2tes pr\u00e9f\u00e9r\u00e9s.<\/p>\n<p>Le kit rouleau \u00e0 p\u00e2tes comprend\u00a0:<\/p>\n<ul>\n<li>Laminoir \u00e0 lasagne<\/li>\n<li>Rouleau \u00e0 fettuccine<\/li>\n<\/ul>\n","protected":false},"featured_media":9078,"comment_status":"open","ping_status":"closed","template":"","meta":{"_acf_changed":false,"content-type":"","editor_notices":[]},"product_brand":[],"product_cat":[139],"product_tag":[],"product-tag":[],"machines":[],"filter":[],"class_list":{"0":"post-9058","1":"product","2":"type-product","3":"status-publish","4":"has-post-thumbnail","6":"product_cat-accessoires","8":"first","9":"instock","10":"taxable","11":"shipping-taxable","12":"product-type-simple"},"acf":[],"yoast_head":"<!-- This site is optimized with the Yoast SEO Premium plugin v26.6 (Yoast SEO v26.6) - https:\/\/yoast.com\/wordpress\/plugins\/seo\/ -->\n<title>Kit Laminoir et rouleau \u00e0 p\u00e2tes - Ankarsrum Canada French<\/title>\n<meta name=\"robots\" content=\"index, follow, max-snippet:-1, max-image-preview:large, max-video-preview:-1\" \/>\n<link rel=\"canonical\" href=\"https:\/\/www.ankarsrum.com\/ca-fr\/product\/kit-laminoir-et-rouleau-a-pates\/\" \/>\n<meta property=\"og:locale\" content=\"fr_FR\" \/>\n<meta property=\"og:type\" content=\"article\" \/>\n<meta property=\"og:title\" content=\"Kit Laminoir et rouleau \u00e0 p\u00e2tes\" \/>\n<meta property=\"og:description\" content=\"Servir des p\u00e2tes fra\u00eechement pr\u00e9par\u00e9es est une d\u00e9licieuse fa\u00e7on d&#039;impressionner vos invit\u00e9s lors de n&#039;importe quelle r\u00e9union. Les saveurs riches et la texture parfaite cr\u00e9ent une exp\u00e9rience culinaire inoubliable \u2013 et le meilleur, c\u2019est que pr\u00e9parer vos propres p\u00e2tes est bien plus simple que vous ne l\u2019imaginez\u00a0! \u00a0 Pr\u00e9sentation de notre kit Laminoir et rouleau \u00e0 p\u00e2tes, con\u00e7u pour faciliter la pr\u00e9paration des p\u00e2tes. Avec la possibilit\u00e9 de cr\u00e9er facilement vos plats de p\u00e2tes pr\u00e9f\u00e9r\u00e9s. Le kit rouleau \u00e0 p\u00e2tes comprend\u00a0: Laminoir \u00e0 lasagne Rouleau \u00e0 fettuccine\" \/>\n<meta property=\"og:url\" content=\"https:\/\/www.ankarsrum.com\/ca-fr\/product\/kit-laminoir-et-rouleau-a-pates\/\" \/>\n<meta property=\"og:site_name\" content=\"Ankarsrum Canada French\" \/>\n<meta property=\"article:modified_time\" content=\"2025-01-09T03:25:51+00:00\" \/>\n<meta property=\"og:image\" content=\"https:\/\/www.ankarsrum.com\/ca-fr\/wp-content\/uploads\/sites\/70\/2024\/09\/fettuccine-lasagne-bundle025x.jpg\" \/>\n\t<meta property=\"og:image:width\" content=\"1200\" \/>\n\t<meta property=\"og:image:height\" content=\"630\" \/>\n\t<meta property=\"og:image:type\" content=\"image\/jpeg\" \/>\n<meta name=\"twitter:card\" content=\"summary_large_image\" \/>\n<meta name=\"twitter:label1\" content=\"Dur\u00e9e de lecture estim\u00e9e\" \/>\n\t<meta name=\"twitter:data1\" content=\"1 minute\" \/>\n<script type=\"application\/ld+json\" class=\"yoast-schema-graph\">{\"@context\":\"https:\/\/schema.org\",\"@graph\":[{\"@type\":\"WebPage\",\"@id\":\"https:\/\/www.ankarsrum.com\/ca-fr\/product\/kit-laminoir-et-rouleau-a-pates\/\",\"url\":\"https:\/\/www.ankarsrum.com\/ca-fr\/product\/kit-laminoir-et-rouleau-a-pates\/\",\"name\":\"Kit Laminoir et rouleau \u00e0 p\u00e2tes - Ankarsrum Canada French\",\"isPartOf\":{\"@id\":\"https:\/\/www.ankarsrum.com\/ca-fr\/#website\"},\"primaryImageOfPage\":{\"@id\":\"https:\/\/www.ankarsrum.com\/ca-fr\/product\/kit-laminoir-et-rouleau-a-pates\/#primaryimage\"},\"image\":{\"@id\":\"https:\/\/www.ankarsrum.com\/ca-fr\/product\/kit-laminoir-et-rouleau-a-pates\/#primaryimage\"},\"thumbnailUrl\":\"https:\/\/www.ankarsrum.com\/img-srv\/xYnxhRFSyqvQBg7CqT0Nfhu-WrGPe9UHa7eR-Rw15Ss\/resizing_type:auto\/width:0\/height:0\/gravity:sm\/enlarge:1\/ext:webp\/strip_metadata:1\/quality:90\/cachebuster:filesize-82470\/bG9jYWw6Ly8vd3d3LmFua2Fyc3J1bS5jb20vd3AtY29udGVudC91cGxvYWRzL3NpdGVzLzcwLzIwMjQvMDkvZmV0dHVjY2luZS1sYXNhZ25lLWJ1bmRsZTAyNXguanBn.webp\",\"datePublished\":\"2024-07-04T06:32:02+00:00\",\"dateModified\":\"2025-01-09T03:25:51+00:00\",\"breadcrumb\":{\"@id\":\"https:\/\/www.ankarsrum.com\/ca-fr\/product\/kit-laminoir-et-rouleau-a-pates\/#breadcrumb\"},\"inLanguage\":\"fr-FR\",\"potentialAction\":[{\"@type\":\"ReadAction\",\"target\":[\"https:\/\/www.ankarsrum.com\/ca-fr\/product\/kit-laminoir-et-rouleau-a-pates\/\"]}]},{\"@type\":\"ImageObject\",\"inLanguage\":\"fr-FR\",\"@id\":\"https:\/\/www.ankarsrum.com\/ca-fr\/product\/kit-laminoir-et-rouleau-a-pates\/#primaryimage\",\"url\":\"https:\/\/www.ankarsrum.com\/img-srv\/xYnxhRFSyqvQBg7CqT0Nfhu-WrGPe9UHa7eR-Rw15Ss\/resizing_type:auto\/width:0\/height:0\/gravity:sm\/enlarge:1\/ext:webp\/strip_metadata:1\/quality:90\/cachebuster:filesize-82470\/bG9jYWw6Ly8vd3d3LmFua2Fyc3J1bS5jb20vd3AtY29udGVudC91cGxvYWRzL3NpdGVzLzcwLzIwMjQvMDkvZmV0dHVjY2luZS1sYXNhZ25lLWJ1bmRsZTAyNXguanBn.webp\",\"contentUrl\":\"https:\/\/www.ankarsrum.com\/img-srv\/xYnxhRFSyqvQBg7CqT0Nfhu-WrGPe9UHa7eR-Rw15Ss\/resizing_type:auto\/width:0\/height:0\/gravity:sm\/enlarge:1\/ext:webp\/strip_metadata:1\/quality:90\/cachebuster:filesize-82470\/bG9jYWw6Ly8vd3d3LmFua2Fyc3J1bS5jb20vd3AtY29udGVudC91cGxvYWRzL3NpdGVzLzcwLzIwMjQvMDkvZmV0dHVjY2luZS1sYXNhZ25lLWJ1bmRsZTAyNXguanBn.webp\",\"width\":1342,\"height\":1342},{\"@type\":\"BreadcrumbList\",\"@id\":\"https:\/\/www.ankarsrum.com\/ca-fr\/product\/kit-laminoir-et-rouleau-a-pates\/#breadcrumb\",\"itemListElement\":[{\"@type\":\"ListItem\",\"position\":1,\"name\":\"Home\",\"item\":\"https:\/\/www.ankarsrum.com\/ca-fr\/\"},{\"@type\":\"ListItem\",\"position\":2,\"name\":\"Produce name\",\"item\":\"https:\/\/www.ankarsrum.com\/ca-fr\/shop\/\"},{\"@type\":\"ListItem\",\"position\":3,\"name\":\"Kit Laminoir et rouleau \u00e0 p\u00e2tes\"}]},{\"@type\":\"WebSite\",\"@id\":\"https:\/\/www.ankarsrum.com\/ca-fr\/#website\",\"url\":\"https:\/\/www.ankarsrum.com\/ca-fr\/\",\"name\":\"Ankarsrum Canada French\",\"description\":\"\",\"potentialAction\":[{\"@type\":\"SearchAction\",\"target\":{\"@type\":\"EntryPoint\",\"urlTemplate\":\"https:\/\/www.ankarsrum.com\/ca-fr\/?s={search_term_string}\"},\"query-input\":{\"@type\":\"PropertyValueSpecification\",\"valueRequired\":true,\"valueName\":\"search_term_string\"}}],\"inLanguage\":\"fr-FR\"}]}<\/script>\n<!-- \/ Yoast SEO Premium plugin. -->","yoast_head_json":{"title":"Kit Laminoir et rouleau \u00e0 p\u00e2tes - Ankarsrum Canada French","robots":{"index":"index","follow":"follow","max-snippet":"max-snippet:-1","max-image-preview":"max-image-preview:large","max-video-preview":"max-video-preview:-1"},"canonical":"https:\/\/www.ankarsrum.com\/ca-fr\/product\/kit-laminoir-et-rouleau-a-pates\/","og_locale":"fr_FR","og_type":"article","og_title":"Kit Laminoir et rouleau \u00e0 p\u00e2tes","og_description":"Servir des p\u00e2tes fra\u00eechement pr\u00e9par\u00e9es est une d\u00e9licieuse fa\u00e7on d&#039;impressionner vos invit\u00e9s lors de n&#039;importe quelle r\u00e9union. Les saveurs riches et la texture parfaite cr\u00e9ent une exp\u00e9rience culinaire inoubliable \u2013 et le meilleur, c\u2019est que pr\u00e9parer vos propres p\u00e2tes est bien plus simple que vous ne l\u2019imaginez\u00a0! \u00a0 Pr\u00e9sentation de notre kit Laminoir et rouleau \u00e0 p\u00e2tes, con\u00e7u pour faciliter la pr\u00e9paration des p\u00e2tes. Avec la possibilit\u00e9 de cr\u00e9er facilement vos plats de p\u00e2tes pr\u00e9f\u00e9r\u00e9s. Le kit rouleau \u00e0 p\u00e2tes comprend\u00a0: Laminoir \u00e0 lasagne Rouleau \u00e0 fettuccine","og_url":"https:\/\/www.ankarsrum.com\/ca-fr\/product\/kit-laminoir-et-rouleau-a-pates\/","og_site_name":"Ankarsrum Canada French","article_modified_time":"2025-01-09T03:25:51+00:00","og_image":[{"width":1200,"height":630,"url":"https:\/\/www.ankarsrum.com\/ca-fr\/wp-content\/uploads\/sites\/70\/2024\/09\/fettuccine-lasagne-bundle025x.jpg","type":"image\/jpeg"}],"twitter_card":"summary_large_image","twitter_misc":{"Dur\u00e9e de lecture estim\u00e9e":"1 minute"},"schema":{"@context":"https:\/\/schema.org","@graph":[{"@type":"WebPage","@id":"https:\/\/www.ankarsrum.com\/ca-fr\/product\/kit-laminoir-et-rouleau-a-pates\/","url":"https:\/\/www.ankarsrum.com\/ca-fr\/product\/kit-laminoir-et-rouleau-a-pates\/","name":"Kit Laminoir et rouleau \u00e0 p\u00e2tes - Ankarsrum Canada French","isPartOf":{"@id":"https:\/\/www.ankarsrum.com\/ca-fr\/#website"},"primaryImageOfPage":{"@id":"https:\/\/www.ankarsrum.com\/ca-fr\/product\/kit-laminoir-et-rouleau-a-pates\/#primaryimage"},"image":{"@id":"https:\/\/www.ankarsrum.com\/ca-fr\/product\/kit-laminoir-et-rouleau-a-pates\/#primaryimage"},"thumbnailUrl":"https:\/\/www.ankarsrum.com\/img-srv\/xYnxhRFSyqvQBg7CqT0Nfhu-WrGPe9UHa7eR-Rw15Ss\/resizing_type:auto\/width:0\/height:0\/gravity:sm\/enlarge:1\/ext:webp\/strip_metadata:1\/quality:90\/cachebuster:filesize-82470\/bG9jYWw6Ly8vd3d3LmFua2Fyc3J1bS5jb20vd3AtY29udGVudC91cGxvYWRzL3NpdGVzLzcwLzIwMjQvMDkvZmV0dHVjY2luZS1sYXNhZ25lLWJ1bmRsZTAyNXguanBn.webp","datePublished":"2024-07-04T06:32:02+00:00","dateModified":"2025-01-09T03:25:51+00:00","breadcrumb":{"@id":"https:\/\/www.ankarsrum.com\/ca-fr\/product\/kit-laminoir-et-rouleau-a-pates\/#breadcrumb"},"inLanguage":"fr-FR","potentialAction":[{"@type":"ReadAction","target":["https:\/\/www.ankarsrum.com\/ca-fr\/product\/kit-laminoir-et-rouleau-a-pates\/"]}]},{"@type":"ImageObject","inLanguage":"fr-FR","@id":"https:\/\/www.ankarsrum.com\/ca-fr\/product\/kit-laminoir-et-rouleau-a-pates\/#primaryimage","url":"https:\/\/www.ankarsrum.com\/img-srv\/xYnxhRFSyqvQBg7CqT0Nfhu-WrGPe9UHa7eR-Rw15Ss\/resizing_type:auto\/width:0\/height:0\/gravity:sm\/enlarge:1\/ext:webp\/strip_metadata:1\/quality:90\/cachebuster:filesize-82470\/bG9jYWw6Ly8vd3d3LmFua2Fyc3J1bS5jb20vd3AtY29udGVudC91cGxvYWRzL3NpdGVzLzcwLzIwMjQvMDkvZmV0dHVjY2luZS1sYXNhZ25lLWJ1bmRsZTAyNXguanBn.webp","contentUrl":"https:\/\/www.ankarsrum.com\/img-srv\/xYnxhRFSyqvQBg7CqT0Nfhu-WrGPe9UHa7eR-Rw15Ss\/resizing_type:auto\/width:0\/height:0\/gravity:sm\/enlarge:1\/ext:webp\/strip_metadata:1\/quality:90\/cachebuster:filesize-82470\/bG9jYWw6Ly8vd3d3LmFua2Fyc3J1bS5jb20vd3AtY29udGVudC91cGxvYWRzL3NpdGVzLzcwLzIwMjQvMDkvZmV0dHVjY2luZS1sYXNhZ25lLWJ1bmRsZTAyNXguanBn.webp","width":1342,"height":1342},{"@type":"BreadcrumbList","@id":"https:\/\/www.ankarsrum.com\/ca-fr\/product\/kit-laminoir-et-rouleau-a-pates\/#breadcrumb","itemListElement":[{"@type":"ListItem","position":1,"name":"Home","item":"https:\/\/www.ankarsrum.com\/ca-fr\/"},{"@type":"ListItem","position":2,"name":"Produce name","item":"https:\/\/www.ankarsrum.com\/ca-fr\/shop\/"},{"@type":"ListItem","position":3,"name":"Kit Laminoir et rouleau \u00e0 p\u00e2tes"}]},{"@type":"WebSite","@id":"https:\/\/www.ankarsrum.com\/ca-fr\/#website","url":"https:\/\/www.ankarsrum.com\/ca-fr\/","name":"Ankarsrum Canada French","description":"","potentialAction":[{"@type":"SearchAction","target":{"@type":"EntryPoint","urlTemplate":"https:\/\/www.ankarsrum.com\/ca-fr\/?s={search_term_string}"},"query-input":{"@type":"PropertyValueSpecification","valueRequired":true,"valueName":"search_term_string"}}],"inLanguage":"fr-FR"}]}},"_links":{"self":[{"href":"https:\/\/www.ankarsrum.com\/ca-fr\/wp-json\/wp\/v2\/product\/9058","targetHints":{"allow":["GET"]}}],"collection":[{"href":"https:\/\/www.ankarsrum.com\/ca-fr\/wp-json\/wp\/v2\/product"}],"about":[{"href":"https:\/\/www.ankarsrum.com\/ca-fr\/wp-json\/wp\/v2\/types\/product"}],"replies":[{"embeddable":true,"href":"https:\/\/www.ankarsrum.com\/ca-fr\/wp-json\/wp\/v2\/comments?post=9058"}],"wp:featuredmedia":[{"embeddable":true,"href":"https:\/\/www.ankarsrum.com\/ca-fr\/wp-json\/wp\/v2\/media\/9078"}],"wp:attachment":[{"href":"https:\/\/www.ankarsrum.com\/ca-fr\/wp-json\/wp\/v2\/media?parent=9058"}],"wp:term":[{"taxonomy":"product_brand","embeddable":true,"href":"https:\/\/www.ankarsrum.com\/ca-fr\/wp-json\/wp\/v2\/product_brand?post=9058"},{"taxonomy":"product_cat","embeddable":true,"href":"https:\/\/www.ankarsrum.com\/ca-fr\/wp-json\/wp\/v2\/product_cat?post=9058"},{"taxonomy":"product_tag","embeddable":true,"href":"https:\/\/www.ankarsrum.com\/ca-fr\/wp-json\/wp\/v2\/product_tag?post=9058"},{"taxonomy":"product-tag","embeddable":true,"href":"https:\/\/www.ankarsrum.com\/ca-fr\/wp-json\/wp\/v2\/product-tag?post=9058"},{"taxonomy":"machines","embeddable":true,"href":"https:\/\/www.ankarsrum.com\/ca-fr\/wp-json\/wp\/v2\/machines?post=9058"},{"taxonomy":"filter","embeddable":true,"href":"https:\/\/www.ankarsrum.com\/ca-fr\/wp-json\/wp\/v2\/filter?post=9058"}],"curies":[{"name":"wp","href":"https:\/\/api.w.org\/{rel}","templated":true}]}}