{"id":9893,"date":"2024-07-16T08:56:30","date_gmt":"2024-07-16T08:56:30","guid":{"rendered":"https:\/\/www.ankarsrum.com\/ca-fr\/product\/plaque-de-cuisson-en-acier-avec-pelle-en-bouleau\/"},"modified":"2025-03-05T08:57:38","modified_gmt":"2025-03-05T08:57:38","slug":"plaque-de-cuisson-en-acier-avec-pelle-en-bouleau","status":"publish","type":"product","link":"https:\/\/www.ankarsrum.com\/ca-fr\/product\/plaque-de-cuisson-en-acier-avec-pelle-en-bouleau\/","title":{"rendered":"Plaque de cuisson en acier avec pelle en bouleau"},"content":{"rendered":"<p>Des pizzas de qualit\u00e9 comme au restaurant en 2 minutes<\/p>\n<p>Am\u00e9liorez votre four traditionnel pour qu&#039;il puisse fournir une chaleur similaire \u00e0 celle d&#039;un four \u00e0 bois gr\u00e2ce \u00e0 la plaque de cuisson en acier d&#039;Ankarsrum ! L&#039;acier convient \u00e9galement pour tous les types de pain dont le temps de cuisson est court mais aussi comme plancha sur le grill ext\u00e9rieur.<\/p>\n<p>Avec l&#039;acier de cuisson Ankarsrum, vous pouvez am\u00e9liorer votre four ordinaire pour qu&#039;il fournisse une chaleur similaire \u00e0 celle d&#039;un four \u00e0 bois &#8211; et ainsi obtenir une magnifique pizza en seulement 2 minutes.<\/p>\n<p>Placez votre plaque en acier sur une grille en haut du four, \u00e0 environ 5 cm de l&#039;\u00e9l\u00e9ment grill. Mettez en marche le mode grill et laissez l&#039;acier chauffer pendant environ une heure. L\u2019acier de cuisson absorbera la chaleur et deviendra tr\u00e8s chaude. Enfournez votre pizza \u00e0 l&#039;aide de la pelle \u00e0 pizza artisanale d&#039;Ankarsrum &#8211; en deux minutes seulement, vous obtiendrez une pizza fumante aux bords croustillants et dor\u00e9s.<\/p>","protected":false},"excerpt":{"rendered":"<p>Cette plaque de cuisson en acier su\u00e9dois est parfaite pour cuire la pizza, le pain et se transforme facilement en v\u00e9ritable barbecue. L\u2019acier est extrait de la mine de Kiruna en Su\u00e8de et transform\u00e9 dans l&#039;arri\u00e8re-pays du Norrland. C&#039;est l\u00e0 que la palette en bouleau est \u00e9galement fabriqu\u00e9e enti\u00e8rement \u00e0 la main.<\/p>\n","protected":false},"featured_media":9682,"comment_status":"open","ping_status":"closed","template":"","meta":{"_acf_changed":false,"content-type":"","editor_notices":[]},"product_brand":[],"product_cat":[139],"product_tag":[],"product-tag":[],"machines":[],"filter":[],"class_list":{"0":"post-9893","1":"product","2":"type-product","3":"status-publish","4":"has-post-thumbnail","6":"product_cat-accessoires","8":"first","9":"instock","10":"taxable","11":"shipping-taxable","12":"product-type-simple"},"acf":[],"yoast_head":"<!-- This site is optimized with the Yoast SEO Premium plugin v26.6 (Yoast SEO v26.6) - https:\/\/yoast.com\/wordpress\/plugins\/seo\/ -->\n<title>Plaque de cuisson en acier avec pelle en bouleau - Ankarsrum Canada French<\/title>\n<meta name=\"robots\" content=\"index, follow, max-snippet:-1, max-image-preview:large, max-video-preview:-1\" \/>\n<link rel=\"canonical\" href=\"https:\/\/www.ankarsrum.com\/ca-fr\/product\/plaque-de-cuisson-en-acier-avec-pelle-en-bouleau\/\" \/>\n<meta property=\"og:locale\" content=\"fr_FR\" \/>\n<meta property=\"og:type\" content=\"article\" \/>\n<meta property=\"og:title\" content=\"Plaque de cuisson en acier avec pelle en bouleau\" \/>\n<meta property=\"og:description\" content=\"Cette plaque de cuisson en acier su\u00e9dois est parfaite pour cuire la pizza, le pain et se transforme facilement en v\u00e9ritable barbecue. L\u2019acier est extrait de la mine de Kiruna en Su\u00e8de et transform\u00e9 dans l&#039;arri\u00e8re-pays du Norrland. C&#039;est l\u00e0 que la palette en bouleau est \u00e9galement fabriqu\u00e9e enti\u00e8rement \u00e0 la main.\" \/>\n<meta property=\"og:url\" content=\"https:\/\/www.ankarsrum.com\/ca-fr\/product\/plaque-de-cuisson-en-acier-avec-pelle-en-bouleau\/\" \/>\n<meta property=\"og:site_name\" content=\"Ankarsrum Canada French\" \/>\n<meta property=\"article:modified_time\" content=\"2025-03-05T08:57:38+00:00\" \/>\n<meta property=\"og:image\" content=\"https:\/\/www.ankarsrum.com\/ca-fr\/wp-content\/uploads\/sites\/70\/2024\/09\/bakingsteel-920-900-071-pc2729a1c.jpg\" \/>\n\t<meta property=\"og:image:width\" content=\"1200\" \/>\n\t<meta property=\"og:image:height\" content=\"630\" \/>\n\t<meta property=\"og:image:type\" content=\"image\/jpeg\" \/>\n<meta name=\"twitter:card\" content=\"summary_large_image\" \/>\n<meta name=\"twitter:label1\" content=\"Dur\u00e9e de lecture estim\u00e9e\" \/>\n\t<meta name=\"twitter:data1\" content=\"1 minute\" \/>\n<script type=\"application\/ld+json\" class=\"yoast-schema-graph\">{\"@context\":\"https:\/\/schema.org\",\"@graph\":[{\"@type\":\"WebPage\",\"@id\":\"https:\/\/www.ankarsrum.com\/ca-fr\/product\/plaque-de-cuisson-en-acier-avec-pelle-en-bouleau\/\",\"url\":\"https:\/\/www.ankarsrum.com\/ca-fr\/product\/plaque-de-cuisson-en-acier-avec-pelle-en-bouleau\/\",\"name\":\"Plaque de cuisson en acier avec pelle en bouleau - Ankarsrum Canada French\",\"isPartOf\":{\"@id\":\"https:\/\/www.ankarsrum.com\/ca-fr\/#website\"},\"primaryImageOfPage\":{\"@id\":\"https:\/\/www.ankarsrum.com\/ca-fr\/product\/plaque-de-cuisson-en-acier-avec-pelle-en-bouleau\/#primaryimage\"},\"image\":{\"@id\":\"https:\/\/www.ankarsrum.com\/ca-fr\/product\/plaque-de-cuisson-en-acier-avec-pelle-en-bouleau\/#primaryimage\"},\"thumbnailUrl\":\"https:\/\/www.ankarsrum.com\/img-srv\/VkkuyJ1YeSqkwSJ-aXuatij3HY5TqhLOlK9c7LT4DxA\/resizing_type:auto\/width:0\/height:0\/gravity:sm\/enlarge:1\/ext:webp\/strip_metadata:1\/quality:90\/cachebuster:filesize-110862\/bG9jYWw6Ly8vd3d3LmFua2Fyc3J1bS5jb20vd3AtY29udGVudC91cGxvYWRzL3NpdGVzLzcwLzIwMjQvMDkvYmFraW5nc3RlZWwtOTIwLTkwMC0wNzEtcGMyNzI5YTFjLmpwZw.webp\",\"datePublished\":\"2024-07-16T08:56:30+00:00\",\"dateModified\":\"2025-03-05T08:57:38+00:00\",\"breadcrumb\":{\"@id\":\"https:\/\/www.ankarsrum.com\/ca-fr\/product\/plaque-de-cuisson-en-acier-avec-pelle-en-bouleau\/#breadcrumb\"},\"inLanguage\":\"fr-FR\",\"potentialAction\":[{\"@type\":\"ReadAction\",\"target\":[\"https:\/\/www.ankarsrum.com\/ca-fr\/product\/plaque-de-cuisson-en-acier-avec-pelle-en-bouleau\/\"]}]},{\"@type\":\"ImageObject\",\"inLanguage\":\"fr-FR\",\"@id\":\"https:\/\/www.ankarsrum.com\/ca-fr\/product\/plaque-de-cuisson-en-acier-avec-pelle-en-bouleau\/#primaryimage\",\"url\":\"https:\/\/www.ankarsrum.com\/img-srv\/VkkuyJ1YeSqkwSJ-aXuatij3HY5TqhLOlK9c7LT4DxA\/resizing_type:auto\/width:0\/height:0\/gravity:sm\/enlarge:1\/ext:webp\/strip_metadata:1\/quality:90\/cachebuster:filesize-110862\/bG9jYWw6Ly8vd3d3LmFua2Fyc3J1bS5jb20vd3AtY29udGVudC91cGxvYWRzL3NpdGVzLzcwLzIwMjQvMDkvYmFraW5nc3RlZWwtOTIwLTkwMC0wNzEtcGMyNzI5YTFjLmpwZw.webp\",\"contentUrl\":\"https:\/\/www.ankarsrum.com\/img-srv\/VkkuyJ1YeSqkwSJ-aXuatij3HY5TqhLOlK9c7LT4DxA\/resizing_type:auto\/width:0\/height:0\/gravity:sm\/enlarge:1\/ext:webp\/strip_metadata:1\/quality:90\/cachebuster:filesize-110862\/bG9jYWw6Ly8vd3d3LmFua2Fyc3J1bS5jb20vd3AtY29udGVudC91cGxvYWRzL3NpdGVzLzcwLzIwMjQvMDkvYmFraW5nc3RlZWwtOTIwLTkwMC0wNzEtcGMyNzI5YTFjLmpwZw.webp\",\"width\":1440,\"height\":1440},{\"@type\":\"BreadcrumbList\",\"@id\":\"https:\/\/www.ankarsrum.com\/ca-fr\/product\/plaque-de-cuisson-en-acier-avec-pelle-en-bouleau\/#breadcrumb\",\"itemListElement\":[{\"@type\":\"ListItem\",\"position\":1,\"name\":\"Home\",\"item\":\"https:\/\/www.ankarsrum.com\/ca-fr\/\"},{\"@type\":\"ListItem\",\"position\":2,\"name\":\"Produce name\",\"item\":\"https:\/\/www.ankarsrum.com\/ca-fr\/shop\/\"},{\"@type\":\"ListItem\",\"position\":3,\"name\":\"Plaque de cuisson en acier avec pelle en bouleau\"}]},{\"@type\":\"WebSite\",\"@id\":\"https:\/\/www.ankarsrum.com\/ca-fr\/#website\",\"url\":\"https:\/\/www.ankarsrum.com\/ca-fr\/\",\"name\":\"Ankarsrum Canada French\",\"description\":\"\",\"potentialAction\":[{\"@type\":\"SearchAction\",\"target\":{\"@type\":\"EntryPoint\",\"urlTemplate\":\"https:\/\/www.ankarsrum.com\/ca-fr\/?s={search_term_string}\"},\"query-input\":{\"@type\":\"PropertyValueSpecification\",\"valueRequired\":true,\"valueName\":\"search_term_string\"}}],\"inLanguage\":\"fr-FR\"}]}<\/script>\n<!-- \/ Yoast SEO Premium plugin. -->","yoast_head_json":{"title":"Plaque de cuisson en acier avec pelle en bouleau - Ankarsrum Canada French","robots":{"index":"index","follow":"follow","max-snippet":"max-snippet:-1","max-image-preview":"max-image-preview:large","max-video-preview":"max-video-preview:-1"},"canonical":"https:\/\/www.ankarsrum.com\/ca-fr\/product\/plaque-de-cuisson-en-acier-avec-pelle-en-bouleau\/","og_locale":"fr_FR","og_type":"article","og_title":"Plaque de cuisson en acier avec pelle en bouleau","og_description":"Cette plaque de cuisson en acier su\u00e9dois est parfaite pour cuire la pizza, le pain et se transforme facilement en v\u00e9ritable barbecue. L\u2019acier est extrait de la mine de Kiruna en Su\u00e8de et transform\u00e9 dans l&#039;arri\u00e8re-pays du Norrland. C&#039;est l\u00e0 que la palette en bouleau est \u00e9galement fabriqu\u00e9e enti\u00e8rement \u00e0 la main.","og_url":"https:\/\/www.ankarsrum.com\/ca-fr\/product\/plaque-de-cuisson-en-acier-avec-pelle-en-bouleau\/","og_site_name":"Ankarsrum Canada French","article_modified_time":"2025-03-05T08:57:38+00:00","og_image":[{"width":1200,"height":630,"url":"https:\/\/www.ankarsrum.com\/ca-fr\/wp-content\/uploads\/sites\/70\/2024\/09\/bakingsteel-920-900-071-pc2729a1c.jpg","type":"image\/jpeg"}],"twitter_card":"summary_large_image","twitter_misc":{"Dur\u00e9e de lecture estim\u00e9e":"1 minute"},"schema":{"@context":"https:\/\/schema.org","@graph":[{"@type":"WebPage","@id":"https:\/\/www.ankarsrum.com\/ca-fr\/product\/plaque-de-cuisson-en-acier-avec-pelle-en-bouleau\/","url":"https:\/\/www.ankarsrum.com\/ca-fr\/product\/plaque-de-cuisson-en-acier-avec-pelle-en-bouleau\/","name":"Plaque de cuisson en acier avec pelle en bouleau - Ankarsrum Canada French","isPartOf":{"@id":"https:\/\/www.ankarsrum.com\/ca-fr\/#website"},"primaryImageOfPage":{"@id":"https:\/\/www.ankarsrum.com\/ca-fr\/product\/plaque-de-cuisson-en-acier-avec-pelle-en-bouleau\/#primaryimage"},"image":{"@id":"https:\/\/www.ankarsrum.com\/ca-fr\/product\/plaque-de-cuisson-en-acier-avec-pelle-en-bouleau\/#primaryimage"},"thumbnailUrl":"https:\/\/www.ankarsrum.com\/img-srv\/VkkuyJ1YeSqkwSJ-aXuatij3HY5TqhLOlK9c7LT4DxA\/resizing_type:auto\/width:0\/height:0\/gravity:sm\/enlarge:1\/ext:webp\/strip_metadata:1\/quality:90\/cachebuster:filesize-110862\/bG9jYWw6Ly8vd3d3LmFua2Fyc3J1bS5jb20vd3AtY29udGVudC91cGxvYWRzL3NpdGVzLzcwLzIwMjQvMDkvYmFraW5nc3RlZWwtOTIwLTkwMC0wNzEtcGMyNzI5YTFjLmpwZw.webp","datePublished":"2024-07-16T08:56:30+00:00","dateModified":"2025-03-05T08:57:38+00:00","breadcrumb":{"@id":"https:\/\/www.ankarsrum.com\/ca-fr\/product\/plaque-de-cuisson-en-acier-avec-pelle-en-bouleau\/#breadcrumb"},"inLanguage":"fr-FR","potentialAction":[{"@type":"ReadAction","target":["https:\/\/www.ankarsrum.com\/ca-fr\/product\/plaque-de-cuisson-en-acier-avec-pelle-en-bouleau\/"]}]},{"@type":"ImageObject","inLanguage":"fr-FR","@id":"https:\/\/www.ankarsrum.com\/ca-fr\/product\/plaque-de-cuisson-en-acier-avec-pelle-en-bouleau\/#primaryimage","url":"https:\/\/www.ankarsrum.com\/img-srv\/VkkuyJ1YeSqkwSJ-aXuatij3HY5TqhLOlK9c7LT4DxA\/resizing_type:auto\/width:0\/height:0\/gravity:sm\/enlarge:1\/ext:webp\/strip_metadata:1\/quality:90\/cachebuster:filesize-110862\/bG9jYWw6Ly8vd3d3LmFua2Fyc3J1bS5jb20vd3AtY29udGVudC91cGxvYWRzL3NpdGVzLzcwLzIwMjQvMDkvYmFraW5nc3RlZWwtOTIwLTkwMC0wNzEtcGMyNzI5YTFjLmpwZw.webp","contentUrl":"https:\/\/www.ankarsrum.com\/img-srv\/VkkuyJ1YeSqkwSJ-aXuatij3HY5TqhLOlK9c7LT4DxA\/resizing_type:auto\/width:0\/height:0\/gravity:sm\/enlarge:1\/ext:webp\/strip_metadata:1\/quality:90\/cachebuster:filesize-110862\/bG9jYWw6Ly8vd3d3LmFua2Fyc3J1bS5jb20vd3AtY29udGVudC91cGxvYWRzL3NpdGVzLzcwLzIwMjQvMDkvYmFraW5nc3RlZWwtOTIwLTkwMC0wNzEtcGMyNzI5YTFjLmpwZw.webp","width":1440,"height":1440},{"@type":"BreadcrumbList","@id":"https:\/\/www.ankarsrum.com\/ca-fr\/product\/plaque-de-cuisson-en-acier-avec-pelle-en-bouleau\/#breadcrumb","itemListElement":[{"@type":"ListItem","position":1,"name":"Home","item":"https:\/\/www.ankarsrum.com\/ca-fr\/"},{"@type":"ListItem","position":2,"name":"Produce name","item":"https:\/\/www.ankarsrum.com\/ca-fr\/shop\/"},{"@type":"ListItem","position":3,"name":"Plaque de cuisson en acier avec pelle en bouleau"}]},{"@type":"WebSite","@id":"https:\/\/www.ankarsrum.com\/ca-fr\/#website","url":"https:\/\/www.ankarsrum.com\/ca-fr\/","name":"Ankarsrum Canada French","description":"","potentialAction":[{"@type":"SearchAction","target":{"@type":"EntryPoint","urlTemplate":"https:\/\/www.ankarsrum.com\/ca-fr\/?s={search_term_string}"},"query-input":{"@type":"PropertyValueSpecification","valueRequired":true,"valueName":"search_term_string"}}],"inLanguage":"fr-FR"}]}},"_links":{"self":[{"href":"https:\/\/www.ankarsrum.com\/ca-fr\/wp-json\/wp\/v2\/product\/9893","targetHints":{"allow":["GET"]}}],"collection":[{"href":"https:\/\/www.ankarsrum.com\/ca-fr\/wp-json\/wp\/v2\/product"}],"about":[{"href":"https:\/\/www.ankarsrum.com\/ca-fr\/wp-json\/wp\/v2\/types\/product"}],"replies":[{"embeddable":true,"href":"https:\/\/www.ankarsrum.com\/ca-fr\/wp-json\/wp\/v2\/comments?post=9893"}],"wp:featuredmedia":[{"embeddable":true,"href":"https:\/\/www.ankarsrum.com\/ca-fr\/wp-json\/wp\/v2\/media\/9682"}],"wp:attachment":[{"href":"https:\/\/www.ankarsrum.com\/ca-fr\/wp-json\/wp\/v2\/media?parent=9893"}],"wp:term":[{"taxonomy":"product_brand","embeddable":true,"href":"https:\/\/www.ankarsrum.com\/ca-fr\/wp-json\/wp\/v2\/product_brand?post=9893"},{"taxonomy":"product_cat","embeddable":true,"href":"https:\/\/www.ankarsrum.com\/ca-fr\/wp-json\/wp\/v2\/product_cat?post=9893"},{"taxonomy":"product_tag","embeddable":true,"href":"https:\/\/www.ankarsrum.com\/ca-fr\/wp-json\/wp\/v2\/product_tag?post=9893"},{"taxonomy":"product-tag","embeddable":true,"href":"https:\/\/www.ankarsrum.com\/ca-fr\/wp-json\/wp\/v2\/product-tag?post=9893"},{"taxonomy":"machines","embeddable":true,"href":"https:\/\/www.ankarsrum.com\/ca-fr\/wp-json\/wp\/v2\/machines?post=9893"},{"taxonomy":"filter","embeddable":true,"href":"https:\/\/www.ankarsrum.com\/ca-fr\/wp-json\/wp\/v2\/filter?post=9893"}],"curies":[{"name":"wp","href":"https:\/\/api.w.org\/{rel}","templated":true}]}}