{"id":8205,"date":"2024-07-04T07:07:22","date_gmt":"2024-07-04T07:07:22","guid":{"rendered":"https:\/\/www.ankarsrum.com\/ch-fr\/product\/presse-agrumes\/"},"modified":"2026-04-29T05:56:51","modified_gmt":"2026-04-29T05:56:51","slug":"presse-agrumes","status":"publish","type":"product","link":"https:\/\/www.ankarsrum.com\/ch-fr\/product\/presse-agrumes\/","title":{"rendered":"Presse-agrumes"},"content":{"rendered":"<p>&#8211; Avec le presse-agrumes, vous pouvez presser des oranges, des citrons et des pamplemousses.<br \/>&#8211; Le presse-agrumes se compose d&#039;un r\u00e9cipient transparent et du presse-agrumes blanc.<br \/><br \/>&#8211; La passoire autour du presse-agrumes retient les graines et la chaire du fruit.<br \/>&#8211; Le r\u00e9cipient r\u00e9colteur de jus a une capacit\u00e9 de 1,2 litre et est fabriqu\u00e9 en plastique SAN, sans BPA.<br \/>&#8211; Le presse-agrumes s&#039;adapte sur les mod\u00e8les Assistent N1-N30.<\/p>","protected":false},"excerpt":{"rendered":"<p>Bienvenue dans un monde plus v\u00e9g\u00e9tal ! L&#039;utilisation d&#039;un presse-agrumes facilite l&#039;extraction du jus des agrumes.<\/p>\n","protected":false},"featured_media":8972,"comment_status":"open","ping_status":"closed","template":"","meta":{"_acf_changed":false,"content-type":"","editor_notices":[]},"product_brand":[],"product_cat":[139],"product_tag":[],"product-tag":[],"machines":[],"filter":[250],"class_list":{"0":"post-8205","1":"product","2":"type-product","3":"status-publish","4":"has-post-thumbnail","6":"product_cat-accessoires","7":"filter-go-green","9":"first","10":"instock","11":"taxable","12":"shipping-taxable","13":"purchasable","14":"product-type-simple"},"bundled_by":[],"bundle_stock_status":"instock","bundle_stock_quantity":null,"bundle_virtual":false,"bundle_layout":"","bundle_add_to_cart_form_location":"","bundle_editable_in_cart":false,"bundle_sold_individually_context":"","bundle_item_grouping":"","bundle_min_size":"","bundle_max_size":"","bundle_price":[],"bundled_items":[],"bundle_sell_ids":[],"acf":[],"yoast_head":"<!-- This site is optimized with the Yoast SEO Premium plugin v26.6 (Yoast SEO v26.6) - https:\/\/yoast.com\/wordpress\/plugins\/seo\/ -->\n<title>Presse-agrumes - Ankarsrum Switzerland French<\/title>\n<meta name=\"robots\" content=\"index, follow, max-snippet:-1, max-image-preview:large, max-video-preview:-1\" \/>\n<link rel=\"canonical\" href=\"https:\/\/www.ankarsrum.com\/ch-fr\/product\/presse-agrumes\/\" \/>\n<meta property=\"og:locale\" content=\"fr_FR\" \/>\n<meta property=\"og:type\" content=\"article\" \/>\n<meta property=\"og:title\" content=\"Presse-agrumes\" \/>\n<meta property=\"og:description\" content=\"Bienvenue dans un monde plus v\u00e9g\u00e9tal ! L&#039;utilisation d&#039;un presse-agrumes facilite l&#039;extraction du jus des agrumes.\" \/>\n<meta property=\"og:url\" content=\"https:\/\/www.ankarsrum.com\/ch-fr\/product\/presse-agrumes\/\" \/>\n<meta property=\"og:site_name\" content=\"Ankarsrum Switzerland French\" \/>\n<meta property=\"article:modified_time\" content=\"2026-04-29T05:56:51+00:00\" \/>\n<meta property=\"og:image\" content=\"https:\/\/www.ankarsrum.com\/ch-fr\/wp-content\/uploads\/sites\/69\/2024\/09\/citruspress-scaled.jpg\" \/>\n\t<meta property=\"og:image:width\" content=\"1200\" \/>\n\t<meta property=\"og:image:height\" content=\"630\" \/>\n\t<meta property=\"og:image:type\" content=\"image\/jpeg\" \/>\n<meta name=\"twitter:card\" content=\"summary_large_image\" \/>\n<script type=\"application\/ld+json\" class=\"yoast-schema-graph\">{\"@context\":\"https:\/\/schema.org\",\"@graph\":[{\"@type\":\"WebPage\",\"@id\":\"https:\/\/www.ankarsrum.com\/ch-fr\/product\/presse-agrumes\/\",\"url\":\"https:\/\/www.ankarsrum.com\/ch-fr\/product\/presse-agrumes\/\",\"name\":\"Presse-agrumes - Ankarsrum Switzerland French\",\"isPartOf\":{\"@id\":\"https:\/\/www.ankarsrum.com\/ch-fr\/#website\"},\"primaryImageOfPage\":{\"@id\":\"https:\/\/www.ankarsrum.com\/ch-fr\/product\/presse-agrumes\/#primaryimage\"},\"image\":{\"@id\":\"https:\/\/www.ankarsrum.com\/ch-fr\/product\/presse-agrumes\/#primaryimage\"},\"thumbnailUrl\":\"https:\/\/www.ankarsrum.com\/img-srv\/178JZ-lMSjqF8X0i8oET4pRthjl8XqXAVlxY9NKk2RA\/resizing_type:auto\/width:0\/height:0\/gravity:sm\/enlarge:1\/ext:webp\/strip_metadata:1\/quality:90\/cachebuster:filesize-210432\/bG9jYWw6Ly8vd3d3LmFua2Fyc3J1bS5jb20vd3AtY29udGVudC91cGxvYWRzL3NpdGVzLzY5LzIwMjQvMDkvY2l0cnVzcHJlc3Mtc2NhbGVkLmpwZw.webp\",\"datePublished\":\"2024-07-04T07:07:22+00:00\",\"dateModified\":\"2026-04-29T05:56:51+00:00\",\"breadcrumb\":{\"@id\":\"https:\/\/www.ankarsrum.com\/ch-fr\/product\/presse-agrumes\/#breadcrumb\"},\"inLanguage\":\"fr-FR\",\"potentialAction\":[{\"@type\":\"ReadAction\",\"target\":[\"https:\/\/www.ankarsrum.com\/ch-fr\/product\/presse-agrumes\/\"]}]},{\"@type\":\"ImageObject\",\"inLanguage\":\"fr-FR\",\"@id\":\"https:\/\/www.ankarsrum.com\/ch-fr\/product\/presse-agrumes\/#primaryimage\",\"url\":\"https:\/\/www.ankarsrum.com\/img-srv\/178JZ-lMSjqF8X0i8oET4pRthjl8XqXAVlxY9NKk2RA\/resizing_type:auto\/width:0\/height:0\/gravity:sm\/enlarge:1\/ext:webp\/strip_metadata:1\/quality:90\/cachebuster:filesize-210432\/bG9jYWw6Ly8vd3d3LmFua2Fyc3J1bS5jb20vd3AtY29udGVudC91cGxvYWRzL3NpdGVzLzY5LzIwMjQvMDkvY2l0cnVzcHJlc3Mtc2NhbGVkLmpwZw.webp\",\"contentUrl\":\"https:\/\/www.ankarsrum.com\/img-srv\/178JZ-lMSjqF8X0i8oET4pRthjl8XqXAVlxY9NKk2RA\/resizing_type:auto\/width:0\/height:0\/gravity:sm\/enlarge:1\/ext:webp\/strip_metadata:1\/quality:90\/cachebuster:filesize-210432\/bG9jYWw6Ly8vd3d3LmFua2Fyc3J1bS5jb20vd3AtY29udGVudC91cGxvYWRzL3NpdGVzLzY5LzIwMjQvMDkvY2l0cnVzcHJlc3Mtc2NhbGVkLmpwZw.webp\",\"width\":2560,\"height\":2560},{\"@type\":\"BreadcrumbList\",\"@id\":\"https:\/\/www.ankarsrum.com\/ch-fr\/product\/presse-agrumes\/#breadcrumb\",\"itemListElement\":[{\"@type\":\"ListItem\",\"position\":1,\"name\":\"Home\",\"item\":\"https:\/\/www.ankarsrum.com\/ch-fr\/\"},{\"@type\":\"ListItem\",\"position\":2,\"name\":\"Produce name\",\"item\":\"https:\/\/www.ankarsrum.com\/ch-fr\/shop\/\"},{\"@type\":\"ListItem\",\"position\":3,\"name\":\"Presse-agrumes\"}]},{\"@type\":\"WebSite\",\"@id\":\"https:\/\/www.ankarsrum.com\/ch-fr\/#website\",\"url\":\"https:\/\/www.ankarsrum.com\/ch-fr\/\",\"name\":\"Ankarsrum Switzerland French\",\"description\":\"The bread of the world\",\"potentialAction\":[{\"@type\":\"SearchAction\",\"target\":{\"@type\":\"EntryPoint\",\"urlTemplate\":\"https:\/\/www.ankarsrum.com\/ch-fr\/?s={search_term_string}\"},\"query-input\":{\"@type\":\"PropertyValueSpecification\",\"valueRequired\":true,\"valueName\":\"search_term_string\"}}],\"inLanguage\":\"fr-FR\"}]}<\/script>\n<!-- \/ Yoast SEO Premium plugin. -->","yoast_head_json":{"title":"Presse-agrumes - Ankarsrum Switzerland French","robots":{"index":"index","follow":"follow","max-snippet":"max-snippet:-1","max-image-preview":"max-image-preview:large","max-video-preview":"max-video-preview:-1"},"canonical":"https:\/\/www.ankarsrum.com\/ch-fr\/product\/presse-agrumes\/","og_locale":"fr_FR","og_type":"article","og_title":"Presse-agrumes","og_description":"Bienvenue dans un monde plus v\u00e9g\u00e9tal ! L&#039;utilisation d&#039;un presse-agrumes facilite l&#039;extraction du jus des agrumes.","og_url":"https:\/\/www.ankarsrum.com\/ch-fr\/product\/presse-agrumes\/","og_site_name":"Ankarsrum Switzerland French","article_modified_time":"2026-04-29T05:56:51+00:00","og_image":[{"width":1200,"height":630,"url":"https:\/\/www.ankarsrum.com\/ch-fr\/wp-content\/uploads\/sites\/69\/2024\/09\/citruspress-scaled.jpg","type":"image\/jpeg"}],"twitter_card":"summary_large_image","schema":{"@context":"https:\/\/schema.org","@graph":[{"@type":"WebPage","@id":"https:\/\/www.ankarsrum.com\/ch-fr\/product\/presse-agrumes\/","url":"https:\/\/www.ankarsrum.com\/ch-fr\/product\/presse-agrumes\/","name":"Presse-agrumes - Ankarsrum Switzerland French","isPartOf":{"@id":"https:\/\/www.ankarsrum.com\/ch-fr\/#website"},"primaryImageOfPage":{"@id":"https:\/\/www.ankarsrum.com\/ch-fr\/product\/presse-agrumes\/#primaryimage"},"image":{"@id":"https:\/\/www.ankarsrum.com\/ch-fr\/product\/presse-agrumes\/#primaryimage"},"thumbnailUrl":"https:\/\/www.ankarsrum.com\/img-srv\/178JZ-lMSjqF8X0i8oET4pRthjl8XqXAVlxY9NKk2RA\/resizing_type:auto\/width:0\/height:0\/gravity:sm\/enlarge:1\/ext:webp\/strip_metadata:1\/quality:90\/cachebuster:filesize-210432\/bG9jYWw6Ly8vd3d3LmFua2Fyc3J1bS5jb20vd3AtY29udGVudC91cGxvYWRzL3NpdGVzLzY5LzIwMjQvMDkvY2l0cnVzcHJlc3Mtc2NhbGVkLmpwZw.webp","datePublished":"2024-07-04T07:07:22+00:00","dateModified":"2026-04-29T05:56:51+00:00","breadcrumb":{"@id":"https:\/\/www.ankarsrum.com\/ch-fr\/product\/presse-agrumes\/#breadcrumb"},"inLanguage":"fr-FR","potentialAction":[{"@type":"ReadAction","target":["https:\/\/www.ankarsrum.com\/ch-fr\/product\/presse-agrumes\/"]}]},{"@type":"ImageObject","inLanguage":"fr-FR","@id":"https:\/\/www.ankarsrum.com\/ch-fr\/product\/presse-agrumes\/#primaryimage","url":"https:\/\/www.ankarsrum.com\/img-srv\/178JZ-lMSjqF8X0i8oET4pRthjl8XqXAVlxY9NKk2RA\/resizing_type:auto\/width:0\/height:0\/gravity:sm\/enlarge:1\/ext:webp\/strip_metadata:1\/quality:90\/cachebuster:filesize-210432\/bG9jYWw6Ly8vd3d3LmFua2Fyc3J1bS5jb20vd3AtY29udGVudC91cGxvYWRzL3NpdGVzLzY5LzIwMjQvMDkvY2l0cnVzcHJlc3Mtc2NhbGVkLmpwZw.webp","contentUrl":"https:\/\/www.ankarsrum.com\/img-srv\/178JZ-lMSjqF8X0i8oET4pRthjl8XqXAVlxY9NKk2RA\/resizing_type:auto\/width:0\/height:0\/gravity:sm\/enlarge:1\/ext:webp\/strip_metadata:1\/quality:90\/cachebuster:filesize-210432\/bG9jYWw6Ly8vd3d3LmFua2Fyc3J1bS5jb20vd3AtY29udGVudC91cGxvYWRzL3NpdGVzLzY5LzIwMjQvMDkvY2l0cnVzcHJlc3Mtc2NhbGVkLmpwZw.webp","width":2560,"height":2560},{"@type":"BreadcrumbList","@id":"https:\/\/www.ankarsrum.com\/ch-fr\/product\/presse-agrumes\/#breadcrumb","itemListElement":[{"@type":"ListItem","position":1,"name":"Home","item":"https:\/\/www.ankarsrum.com\/ch-fr\/"},{"@type":"ListItem","position":2,"name":"Produce name","item":"https:\/\/www.ankarsrum.com\/ch-fr\/shop\/"},{"@type":"ListItem","position":3,"name":"Presse-agrumes"}]},{"@type":"WebSite","@id":"https:\/\/www.ankarsrum.com\/ch-fr\/#website","url":"https:\/\/www.ankarsrum.com\/ch-fr\/","name":"Ankarsrum Switzerland French","description":"The bread of the world","potentialAction":[{"@type":"SearchAction","target":{"@type":"EntryPoint","urlTemplate":"https:\/\/www.ankarsrum.com\/ch-fr\/?s={search_term_string}"},"query-input":{"@type":"PropertyValueSpecification","valueRequired":true,"valueName":"search_term_string"}}],"inLanguage":"fr-FR"}]}},"_links":{"self":[{"href":"https:\/\/www.ankarsrum.com\/ch-fr\/wp-json\/wp\/v2\/product\/8205","targetHints":{"allow":["GET"]}}],"collection":[{"href":"https:\/\/www.ankarsrum.com\/ch-fr\/wp-json\/wp\/v2\/product"}],"about":[{"href":"https:\/\/www.ankarsrum.com\/ch-fr\/wp-json\/wp\/v2\/types\/product"}],"replies":[{"embeddable":true,"href":"https:\/\/www.ankarsrum.com\/ch-fr\/wp-json\/wp\/v2\/comments?post=8205"}],"wp:featuredmedia":[{"embeddable":true,"href":"https:\/\/www.ankarsrum.com\/ch-fr\/wp-json\/wp\/v2\/media\/8972"}],"wp:attachment":[{"href":"https:\/\/www.ankarsrum.com\/ch-fr\/wp-json\/wp\/v2\/media?parent=8205"}],"wp:term":[{"taxonomy":"product_brand","embeddable":true,"href":"https:\/\/www.ankarsrum.com\/ch-fr\/wp-json\/wp\/v2\/product_brand?post=8205"},{"taxonomy":"product_cat","embeddable":true,"href":"https:\/\/www.ankarsrum.com\/ch-fr\/wp-json\/wp\/v2\/product_cat?post=8205"},{"taxonomy":"product_tag","embeddable":true,"href":"https:\/\/www.ankarsrum.com\/ch-fr\/wp-json\/wp\/v2\/product_tag?post=8205"},{"taxonomy":"product-tag","embeddable":true,"href":"https:\/\/www.ankarsrum.com\/ch-fr\/wp-json\/wp\/v2\/product-tag?post=8205"},{"taxonomy":"machines","embeddable":true,"href":"https:\/\/www.ankarsrum.com\/ch-fr\/wp-json\/wp\/v2\/machines?post=8205"},{"taxonomy":"filter","embeddable":true,"href":"https:\/\/www.ankarsrum.com\/ch-fr\/wp-json\/wp\/v2\/filter?post=8205"}],"curies":[{"name":"wp","href":"https:\/\/api.w.org\/{rel}","templated":true}]}}