{"id":8231,"date":"2024-07-16T06:45:46","date_gmt":"2024-07-16T06:45:46","guid":{"rendered":"https:\/\/www.ankarsrum.com\/ch-fr\/product\/hachoir-pack-basic\/"},"modified":"2026-04-28T05:52:18","modified_gmt":"2026-04-28T05:52:18","slug":"hachoir-pack-basic","status":"publish","type":"product","link":"https:\/\/www.ankarsrum.com\/ch-fr\/product\/hachoir-pack-basic\/","title":{"rendered":"Hachoir Pack Basic"},"content":{"rendered":"<p>Gr\u00e2ce \u00e0 cet accessoire, vous pourrez hacher viandes, poissons, l\u00e9gumes, pain, fromage ou encore confectionner la farce pour pr\u00e9parer vos propres saucisses. Avec 3 embouts diff\u00e9rents, vous pourrez ainsi pr\u00e9parer des hots-dogs, des merguez ou pourquoi pas des saucisses de poisson ou de pois chiches &#8230;<\/p>\n<p>Vous pourrez cr\u00e9er vos propres versions de vos plats pr\u00e9f\u00e9r\u00e9s en choisissant des ingr\u00e9dients de qualit\u00e9. Essayez de pr\u00e9parer des terrines de poisson, des saucisses avec vos \u00e9pices pr\u00e9f\u00e9r\u00e9es ou pourquoi pas des hamburgers avec la viande que vous aurez hach\u00e9e vous-m\u00eame ? Faites chauffer le grill !<\/p>\n<p>&#8211; Un hachoir tout en m\u00e9tal comme les pros !<br \/>&#8211; Permet de hacher la viande, le poisson, le poulet, les haricots&#8230;.<br \/>&#8211; 3 embouts \u00e0 saucisses 10, 20 et 25 mm inclus<br \/>&#8211; Grille de 4,5 mm inclue.<br \/>&#8211; En plus de la grille standard de 4,5 mm fournie avec le hachoir, il existe trois autres grilles vendues s\u00e9par\u00e9ment. Diam\u00e8tre des grilles 70 mm, diam\u00e8tre des trous 8 mm , 6 mm, 4,5 mm ou 2,5 mm.<br \/>&#8211; Utilisez toujours le poussoir pour introduire les ingr\u00e9dients. N&#039;ins\u00e9rez pas de corps \u00e9trangers tels que des couteaux ou des fourchettes dans le corps du hachoir.<br \/>&#8211; Le hachoir s&#039;adapte \u00e0 tous les mod\u00e8les Assistent Original N1-N30.<\/p>","protected":false},"excerpt":{"rendered":"<p>Un v\u00e9ritable hachoir \u00e0 viande dans votre cuisine vous permet de d\u00e9couvrir de nouvelles possibilit\u00e9s de recettes. Quelques soient vos pr\u00e9f\u00e9rences, vous pouvez l&#039;utiliser pour hacher du poisson, de la viande ou des pois chiches pour vos plats v\u00e9g\u00e9tariens (falafels).<\/p>\n<p>Le mod\u00e8le basique contient un corps de hachoir, 3 embouts \u00e0 saucisses 10\/20\/25 mm, un plateau d&#039;alimentation, un poussoir, une grille de 4,5 mm, une protection anti-\u00e9claboussures .<\/p>\n","protected":false},"featured_media":9551,"comment_status":"open","ping_status":"closed","template":"","meta":{"_acf_changed":false,"content-type":"","editor_notices":[]},"product_brand":[],"product_cat":[139],"product_tag":[],"product-tag":[],"machines":[],"filter":[248,242],"class_list":{"0":"post-8231","1":"product","2":"type-product","3":"status-publish","4":"has-post-thumbnail","6":"product_cat-accessoires","7":"filter-hachoir","8":"filter-plats","10":"first","11":"instock","12":"taxable","13":"shipping-taxable","14":"purchasable","15":"product-type-simple"},"bundled_by":[],"bundle_stock_status":"instock","bundle_stock_quantity":null,"bundle_virtual":false,"bundle_layout":"","bundle_add_to_cart_form_location":"","bundle_editable_in_cart":false,"bundle_sold_individually_context":"","bundle_item_grouping":"","bundle_min_size":"","bundle_max_size":"","bundle_price":[],"bundled_items":[],"bundle_sell_ids":[],"acf":[],"yoast_head":"<!-- This site is optimized with the Yoast SEO Premium plugin v26.6 (Yoast SEO v26.6) - https:\/\/yoast.com\/wordpress\/plugins\/seo\/ -->\n<title>Hachoir Pack Basic - Ankarsrum Switzerland French<\/title>\n<meta name=\"robots\" content=\"index, follow, max-snippet:-1, max-image-preview:large, max-video-preview:-1\" \/>\n<link rel=\"canonical\" href=\"https:\/\/www.ankarsrum.com\/ch-fr\/product\/hachoir-pack-basic\/\" \/>\n<meta property=\"og:locale\" content=\"fr_FR\" \/>\n<meta property=\"og:type\" content=\"article\" \/>\n<meta property=\"og:title\" content=\"Hachoir Pack Basic\" \/>\n<meta property=\"og:description\" content=\"Un v\u00e9ritable hachoir \u00e0 viande dans votre cuisine vous permet de d\u00e9couvrir de nouvelles possibilit\u00e9s de recettes. Quelques soient vos pr\u00e9f\u00e9rences, vous pouvez l&#039;utiliser pour hacher du poisson, de la viande ou des pois chiches pour vos plats v\u00e9g\u00e9tariens (falafels). Le mod\u00e8le basique contient un corps de hachoir, 3 embouts \u00e0 saucisses 10\/20\/25 mm, un plateau d&#039;alimentation, un poussoir, une grille de 4,5 mm, une protection anti-\u00e9claboussures .\" \/>\n<meta property=\"og:url\" content=\"https:\/\/www.ankarsrum.com\/ch-fr\/product\/hachoir-pack-basic\/\" \/>\n<meta property=\"og:site_name\" content=\"Ankarsrum Switzerland French\" \/>\n<meta property=\"article:modified_time\" content=\"2026-04-28T05:52:18+00:00\" \/>\n<meta property=\"og:image\" content=\"https:\/\/www.ankarsrum.com\/ch-fr\/wp-content\/uploads\/sites\/69\/2024\/09\/mincer-basic.jpg\" \/>\n\t<meta property=\"og:image:width\" content=\"1080\" \/>\n\t<meta property=\"og:image:height\" content=\"630\" \/>\n\t<meta property=\"og:image:type\" content=\"image\/jpeg\" \/>\n<meta name=\"twitter:card\" content=\"summary_large_image\" \/>\n<meta name=\"twitter:label1\" content=\"Dur\u00e9e de lecture estim\u00e9e\" \/>\n\t<meta name=\"twitter:data1\" content=\"1 minute\" \/>\n<script type=\"application\/ld+json\" class=\"yoast-schema-graph\">{\"@context\":\"https:\/\/schema.org\",\"@graph\":[{\"@type\":\"WebPage\",\"@id\":\"https:\/\/www.ankarsrum.com\/ch-fr\/product\/hachoir-pack-basic\/\",\"url\":\"https:\/\/www.ankarsrum.com\/ch-fr\/product\/hachoir-pack-basic\/\",\"name\":\"Hachoir Pack Basic - Ankarsrum Switzerland French\",\"isPartOf\":{\"@id\":\"https:\/\/www.ankarsrum.com\/ch-fr\/#website\"},\"primaryImageOfPage\":{\"@id\":\"https:\/\/www.ankarsrum.com\/ch-fr\/product\/hachoir-pack-basic\/#primaryimage\"},\"image\":{\"@id\":\"https:\/\/www.ankarsrum.com\/ch-fr\/product\/hachoir-pack-basic\/#primaryimage\"},\"thumbnailUrl\":\"https:\/\/www.ankarsrum.com\/img-srv\/mbab-Blb1U0tu15g5s1_1EwUvc852xD5r38Fl_JNLdU\/resizing_type:auto\/width:0\/height:0\/gravity:sm\/enlarge:1\/ext:webp\/strip_metadata:1\/quality:90\/cachebuster:filesize-64568\/bG9jYWw6Ly8vd3d3LmFua2Fyc3J1bS5jb20vd3AtY29udGVudC91cGxvYWRzL3NpdGVzLzY5LzIwMjQvMDkvbWluY2VyLWJhc2ljLmpwZw.webp\",\"datePublished\":\"2024-07-16T06:45:46+00:00\",\"dateModified\":\"2026-04-28T05:52:18+00:00\",\"breadcrumb\":{\"@id\":\"https:\/\/www.ankarsrum.com\/ch-fr\/product\/hachoir-pack-basic\/#breadcrumb\"},\"inLanguage\":\"fr-FR\",\"potentialAction\":[{\"@type\":\"ReadAction\",\"target\":[\"https:\/\/www.ankarsrum.com\/ch-fr\/product\/hachoir-pack-basic\/\"]}]},{\"@type\":\"ImageObject\",\"inLanguage\":\"fr-FR\",\"@id\":\"https:\/\/www.ankarsrum.com\/ch-fr\/product\/hachoir-pack-basic\/#primaryimage\",\"url\":\"https:\/\/www.ankarsrum.com\/img-srv\/mbab-Blb1U0tu15g5s1_1EwUvc852xD5r38Fl_JNLdU\/resizing_type:auto\/width:0\/height:0\/gravity:sm\/enlarge:1\/ext:webp\/strip_metadata:1\/quality:90\/cachebuster:filesize-64568\/bG9jYWw6Ly8vd3d3LmFua2Fyc3J1bS5jb20vd3AtY29udGVudC91cGxvYWRzL3NpdGVzLzY5LzIwMjQvMDkvbWluY2VyLWJhc2ljLmpwZw.webp\",\"contentUrl\":\"https:\/\/www.ankarsrum.com\/img-srv\/mbab-Blb1U0tu15g5s1_1EwUvc852xD5r38Fl_JNLdU\/resizing_type:auto\/width:0\/height:0\/gravity:sm\/enlarge:1\/ext:webp\/strip_metadata:1\/quality:90\/cachebuster:filesize-64568\/bG9jYWw6Ly8vd3d3LmFua2Fyc3J1bS5jb20vd3AtY29udGVudC91cGxvYWRzL3NpdGVzLzY5LzIwMjQvMDkvbWluY2VyLWJhc2ljLmpwZw.webp\",\"width\":1080,\"height\":1080},{\"@type\":\"BreadcrumbList\",\"@id\":\"https:\/\/www.ankarsrum.com\/ch-fr\/product\/hachoir-pack-basic\/#breadcrumb\",\"itemListElement\":[{\"@type\":\"ListItem\",\"position\":1,\"name\":\"Home\",\"item\":\"https:\/\/www.ankarsrum.com\/ch-fr\/\"},{\"@type\":\"ListItem\",\"position\":2,\"name\":\"Produce name\",\"item\":\"https:\/\/www.ankarsrum.com\/ch-fr\/shop\/\"},{\"@type\":\"ListItem\",\"position\":3,\"name\":\"Hachoir Pack Basic\"}]},{\"@type\":\"WebSite\",\"@id\":\"https:\/\/www.ankarsrum.com\/ch-fr\/#website\",\"url\":\"https:\/\/www.ankarsrum.com\/ch-fr\/\",\"name\":\"Ankarsrum Switzerland French\",\"description\":\"The bread of the world\",\"potentialAction\":[{\"@type\":\"SearchAction\",\"target\":{\"@type\":\"EntryPoint\",\"urlTemplate\":\"https:\/\/www.ankarsrum.com\/ch-fr\/?s={search_term_string}\"},\"query-input\":{\"@type\":\"PropertyValueSpecification\",\"valueRequired\":true,\"valueName\":\"search_term_string\"}}],\"inLanguage\":\"fr-FR\"}]}<\/script>\n<!-- \/ Yoast SEO Premium plugin. -->","yoast_head_json":{"title":"Hachoir Pack Basic - Ankarsrum Switzerland French","robots":{"index":"index","follow":"follow","max-snippet":"max-snippet:-1","max-image-preview":"max-image-preview:large","max-video-preview":"max-video-preview:-1"},"canonical":"https:\/\/www.ankarsrum.com\/ch-fr\/product\/hachoir-pack-basic\/","og_locale":"fr_FR","og_type":"article","og_title":"Hachoir Pack Basic","og_description":"Un v\u00e9ritable hachoir \u00e0 viande dans votre cuisine vous permet de d\u00e9couvrir de nouvelles possibilit\u00e9s de recettes. Quelques soient vos pr\u00e9f\u00e9rences, vous pouvez l&#039;utiliser pour hacher du poisson, de la viande ou des pois chiches pour vos plats v\u00e9g\u00e9tariens (falafels). Le mod\u00e8le basique contient un corps de hachoir, 3 embouts \u00e0 saucisses 10\/20\/25 mm, un plateau d&#039;alimentation, un poussoir, une grille de 4,5 mm, une protection anti-\u00e9claboussures .","og_url":"https:\/\/www.ankarsrum.com\/ch-fr\/product\/hachoir-pack-basic\/","og_site_name":"Ankarsrum Switzerland French","article_modified_time":"2026-04-28T05:52:18+00:00","og_image":[{"width":1080,"height":630,"url":"https:\/\/www.ankarsrum.com\/ch-fr\/wp-content\/uploads\/sites\/69\/2024\/09\/mincer-basic.jpg","type":"image\/jpeg"}],"twitter_card":"summary_large_image","twitter_misc":{"Dur\u00e9e de lecture estim\u00e9e":"1 minute"},"schema":{"@context":"https:\/\/schema.org","@graph":[{"@type":"WebPage","@id":"https:\/\/www.ankarsrum.com\/ch-fr\/product\/hachoir-pack-basic\/","url":"https:\/\/www.ankarsrum.com\/ch-fr\/product\/hachoir-pack-basic\/","name":"Hachoir Pack Basic - Ankarsrum Switzerland French","isPartOf":{"@id":"https:\/\/www.ankarsrum.com\/ch-fr\/#website"},"primaryImageOfPage":{"@id":"https:\/\/www.ankarsrum.com\/ch-fr\/product\/hachoir-pack-basic\/#primaryimage"},"image":{"@id":"https:\/\/www.ankarsrum.com\/ch-fr\/product\/hachoir-pack-basic\/#primaryimage"},"thumbnailUrl":"https:\/\/www.ankarsrum.com\/img-srv\/mbab-Blb1U0tu15g5s1_1EwUvc852xD5r38Fl_JNLdU\/resizing_type:auto\/width:0\/height:0\/gravity:sm\/enlarge:1\/ext:webp\/strip_metadata:1\/quality:90\/cachebuster:filesize-64568\/bG9jYWw6Ly8vd3d3LmFua2Fyc3J1bS5jb20vd3AtY29udGVudC91cGxvYWRzL3NpdGVzLzY5LzIwMjQvMDkvbWluY2VyLWJhc2ljLmpwZw.webp","datePublished":"2024-07-16T06:45:46+00:00","dateModified":"2026-04-28T05:52:18+00:00","breadcrumb":{"@id":"https:\/\/www.ankarsrum.com\/ch-fr\/product\/hachoir-pack-basic\/#breadcrumb"},"inLanguage":"fr-FR","potentialAction":[{"@type":"ReadAction","target":["https:\/\/www.ankarsrum.com\/ch-fr\/product\/hachoir-pack-basic\/"]}]},{"@type":"ImageObject","inLanguage":"fr-FR","@id":"https:\/\/www.ankarsrum.com\/ch-fr\/product\/hachoir-pack-basic\/#primaryimage","url":"https:\/\/www.ankarsrum.com\/img-srv\/mbab-Blb1U0tu15g5s1_1EwUvc852xD5r38Fl_JNLdU\/resizing_type:auto\/width:0\/height:0\/gravity:sm\/enlarge:1\/ext:webp\/strip_metadata:1\/quality:90\/cachebuster:filesize-64568\/bG9jYWw6Ly8vd3d3LmFua2Fyc3J1bS5jb20vd3AtY29udGVudC91cGxvYWRzL3NpdGVzLzY5LzIwMjQvMDkvbWluY2VyLWJhc2ljLmpwZw.webp","contentUrl":"https:\/\/www.ankarsrum.com\/img-srv\/mbab-Blb1U0tu15g5s1_1EwUvc852xD5r38Fl_JNLdU\/resizing_type:auto\/width:0\/height:0\/gravity:sm\/enlarge:1\/ext:webp\/strip_metadata:1\/quality:90\/cachebuster:filesize-64568\/bG9jYWw6Ly8vd3d3LmFua2Fyc3J1bS5jb20vd3AtY29udGVudC91cGxvYWRzL3NpdGVzLzY5LzIwMjQvMDkvbWluY2VyLWJhc2ljLmpwZw.webp","width":1080,"height":1080},{"@type":"BreadcrumbList","@id":"https:\/\/www.ankarsrum.com\/ch-fr\/product\/hachoir-pack-basic\/#breadcrumb","itemListElement":[{"@type":"ListItem","position":1,"name":"Home","item":"https:\/\/www.ankarsrum.com\/ch-fr\/"},{"@type":"ListItem","position":2,"name":"Produce name","item":"https:\/\/www.ankarsrum.com\/ch-fr\/shop\/"},{"@type":"ListItem","position":3,"name":"Hachoir Pack Basic"}]},{"@type":"WebSite","@id":"https:\/\/www.ankarsrum.com\/ch-fr\/#website","url":"https:\/\/www.ankarsrum.com\/ch-fr\/","name":"Ankarsrum Switzerland French","description":"The bread of the world","potentialAction":[{"@type":"SearchAction","target":{"@type":"EntryPoint","urlTemplate":"https:\/\/www.ankarsrum.com\/ch-fr\/?s={search_term_string}"},"query-input":{"@type":"PropertyValueSpecification","valueRequired":true,"valueName":"search_term_string"}}],"inLanguage":"fr-FR"}]}},"_links":{"self":[{"href":"https:\/\/www.ankarsrum.com\/ch-fr\/wp-json\/wp\/v2\/product\/8231","targetHints":{"allow":["GET"]}}],"collection":[{"href":"https:\/\/www.ankarsrum.com\/ch-fr\/wp-json\/wp\/v2\/product"}],"about":[{"href":"https:\/\/www.ankarsrum.com\/ch-fr\/wp-json\/wp\/v2\/types\/product"}],"replies":[{"embeddable":true,"href":"https:\/\/www.ankarsrum.com\/ch-fr\/wp-json\/wp\/v2\/comments?post=8231"}],"wp:featuredmedia":[{"embeddable":true,"href":"https:\/\/www.ankarsrum.com\/ch-fr\/wp-json\/wp\/v2\/media\/9551"}],"wp:attachment":[{"href":"https:\/\/www.ankarsrum.com\/ch-fr\/wp-json\/wp\/v2\/media?parent=8231"}],"wp:term":[{"taxonomy":"product_brand","embeddable":true,"href":"https:\/\/www.ankarsrum.com\/ch-fr\/wp-json\/wp\/v2\/product_brand?post=8231"},{"taxonomy":"product_cat","embeddable":true,"href":"https:\/\/www.ankarsrum.com\/ch-fr\/wp-json\/wp\/v2\/product_cat?post=8231"},{"taxonomy":"product_tag","embeddable":true,"href":"https:\/\/www.ankarsrum.com\/ch-fr\/wp-json\/wp\/v2\/product_tag?post=8231"},{"taxonomy":"product-tag","embeddable":true,"href":"https:\/\/www.ankarsrum.com\/ch-fr\/wp-json\/wp\/v2\/product-tag?post=8231"},{"taxonomy":"machines","embeddable":true,"href":"https:\/\/www.ankarsrum.com\/ch-fr\/wp-json\/wp\/v2\/machines?post=8231"},{"taxonomy":"filter","embeddable":true,"href":"https:\/\/www.ankarsrum.com\/ch-fr\/wp-json\/wp\/v2\/filter?post=8231"}],"curies":[{"name":"wp","href":"https:\/\/api.w.org\/{rel}","templated":true}]}}