{"id":8245,"date":"2024-07-16T08:48:09","date_gmt":"2024-07-16T08:48:09","guid":{"rendered":"https:\/\/www.ankarsrum.com\/ch-fr\/product\/go-green\/"},"modified":"2026-04-28T05:52:22","modified_gmt":"2026-04-28T05:52:22","slug":"go-green","status":"publish","type":"product","link":"https:\/\/www.ankarsrum.com\/ch-fr\/product\/go-green\/","title":{"rendered":"Pack Go Green"},"content":{"rendered":"<p><span>Le pack Go Green comprend trois accessoires polyvalents pour votre Ankarsrum Assistent Original : Blender avec poussoir, presse-agrumes et coupe-l\u00e9gumes. Ensemble, ils rendent facile et amusante la pr\u00e9paration de repas, d&#039;encas et de boissons saines. Cr\u00e9ez tout, des jus matinaux rafra\u00eechissants aux smoothies nutritifs en passant par les salades, les tartinades et les plats \u00e0 base de l\u00e9gumes qui plairont \u00e0 toute la famille.\u00a0<\/span><\/p>\n<ul>\n<li><span>Blender avec poussoir : Mixez facilement des smoothies, \u00e9crasez des baies et cr\u00e9ez des sauces onctueuses, rapidement et sans effort. Fabriqu\u00e9 en plastique Tritan durable. Sans BPA et incassable.<\/span><\/li>\n<li><span>Presse-agrumes : Commencez votre journ\u00e9e avec un jus fra\u00eechement press\u00e9 d&#039;oranges, de citrons, ou de pamplemousses. Le r\u00e9cipient sans BPA peut contenir jusqu&#039;\u00e0 1,2 litre de jus &#8211; suffisant pour toute la famille. <\/span><\/li>\n<li><span>Coupe-l\u00e9gumes : Tranchez, r\u00e2pez et \u00e9mincez les l\u00e9gumes pour des entr\u00e9es ou des accompagnements sains. <\/span><\/li>\n<\/ul>\n<p><span>L&#039;ensemble Go Green est un ensemble complet qui rend la cuisine plus saine, facile et agr\u00e9able !<\/span><\/p>\n<p><strong><span>Le coupe-l\u00e9gumes est compatible avec tous les produits Assistent Original &#8211; Type : N1-N28 l Type : N30\/Mod\u00e8le : AKM6230<br \/><\/span><span>Le presse-agrumes est compatible avec tous les mod\u00e8les Assistent Original &#8211; Type : N1-N28 l Type : N30\/Mod\u00e8le : AKM6230<br \/><\/span><span>Le Blender est compatible avec tout Assistent Original &#8211; Type : N24-N28 l Type : N30\/Mod\u00e8le : AKM6230<\/span><\/strong><\/p>\n<p><span>Qu&#039;est-ce qui est inclus ?<\/span><span>\u00a0<\/span><\/p>\n<ul>\n<li><span>Blender avec poussoir<\/span><span> : Bol de blender, couvercle du blender, bouchon doseur, poussoir<\/span><\/li>\n<li><span>Presse-agrumes<\/span><span> : R\u00e9cipient\/bol durable sans BPA, c\u00f4ne de pressage et passoire<\/span><\/li>\n<li><span>Coupe-l\u00e9gumes<\/span><span> : Cylindre \u00e0 trancher, Cylindre \u00e0 r\u00e2per grossi\u00e8rement, Cylindre \u00e0 r\u00e2per moyennement, poussoir pour le coupe-l\u00e9gumes, anneau de verrouillage et bo\u00eetier principal.<\/span><\/li>\n<\/ul>","protected":false},"excerpt":{"rendered":"<p><span>Rendez votre vie plus saine et plus simple avec le pack Go Green d&#039;Ankarsrum ! Compos\u00e9 d&#039;un presse-agrumes, d&#039;un blender avec poussoir et d&#039;un coupe-l\u00e9gumes, cet ensemble comprend tout ce dont vous avez besoin pour agr\u00e9menter votre journ\u00e9e de fruits et de l\u00e9gumes. Mixez des smoothies, pressez des jus frais et coupez ou \u00e9mincez des l\u00e9gumes &#8211; rapidement et facilement dans un ensemble complet.<\/span><\/p>\n","protected":false},"featured_media":9403,"comment_status":"open","ping_status":"closed","template":"","meta":{"_acf_changed":false,"content-type":"","editor_notices":[]},"product_brand":[],"product_cat":[139],"product_tag":[],"product-tag":[],"machines":[],"filter":[250,242],"class_list":{"0":"post-8245","1":"product","2":"type-product","3":"status-publish","4":"has-post-thumbnail","6":"product_cat-accessoires","7":"filter-go-green","8":"filter-plats","10":"first","11":"instock","12":"taxable","13":"shipping-taxable","14":"purchasable","15":"product-type-simple"},"bundled_by":[],"bundle_stock_status":"instock","bundle_stock_quantity":null,"bundle_virtual":false,"bundle_layout":"","bundle_add_to_cart_form_location":"","bundle_editable_in_cart":false,"bundle_sold_individually_context":"","bundle_item_grouping":"","bundle_min_size":"","bundle_max_size":"","bundle_price":[],"bundled_items":[],"bundle_sell_ids":[],"acf":[],"yoast_head":"<!-- This site is optimized with the Yoast SEO Premium plugin v26.6 (Yoast SEO v26.6) - https:\/\/yoast.com\/wordpress\/plugins\/seo\/ -->\n<title>Pack Go Green - Ankarsrum Switzerland French<\/title>\n<meta name=\"robots\" content=\"index, follow, max-snippet:-1, max-image-preview:large, max-video-preview:-1\" \/>\n<link rel=\"canonical\" href=\"https:\/\/www.ankarsrum.com\/ch-fr\/product\/go-green\/\" \/>\n<meta property=\"og:locale\" content=\"fr_FR\" \/>\n<meta property=\"og:type\" content=\"article\" \/>\n<meta property=\"og:title\" content=\"Pack Go Green\" \/>\n<meta property=\"og:description\" content=\"Rendez votre vie plus saine et plus simple avec le pack Go Green d&#039;Ankarsrum ! Compos\u00e9 d&#039;un presse-agrumes, d&#039;un blender avec poussoir et d&#039;un coupe-l\u00e9gumes, cet ensemble comprend tout ce dont vous avez besoin pour agr\u00e9menter votre journ\u00e9e de fruits et de l\u00e9gumes. Mixez des smoothies, pressez des jus frais et coupez ou \u00e9mincez des l\u00e9gumes - rapidement et facilement dans un ensemble complet.\" \/>\n<meta property=\"og:url\" content=\"https:\/\/www.ankarsrum.com\/ch-fr\/product\/go-green\/\" \/>\n<meta property=\"og:site_name\" content=\"Ankarsrum Switzerland French\" \/>\n<meta property=\"article:modified_time\" content=\"2026-04-28T05:52:22+00:00\" \/>\n<meta property=\"og:image\" content=\"https:\/\/www.ankarsrum.com\/ch-fr\/wp-content\/uploads\/sites\/69\/2024\/09\/go-green.jpg\" \/>\n\t<meta property=\"og:image:width\" content=\"1200\" \/>\n\t<meta property=\"og:image:height\" content=\"630\" \/>\n\t<meta property=\"og:image:type\" content=\"image\/jpeg\" \/>\n<meta name=\"twitter:card\" content=\"summary_large_image\" \/>\n<meta name=\"twitter:label1\" content=\"Dur\u00e9e de lecture estim\u00e9e\" \/>\n\t<meta name=\"twitter:data1\" content=\"1 minute\" \/>\n<script type=\"application\/ld+json\" class=\"yoast-schema-graph\">{\"@context\":\"https:\/\/schema.org\",\"@graph\":[{\"@type\":\"WebPage\",\"@id\":\"https:\/\/www.ankarsrum.com\/ch-fr\/product\/go-green\/\",\"url\":\"https:\/\/www.ankarsrum.com\/ch-fr\/product\/go-green\/\",\"name\":\"Pack Go Green - Ankarsrum Switzerland French\",\"isPartOf\":{\"@id\":\"https:\/\/www.ankarsrum.com\/ch-fr\/#website\"},\"primaryImageOfPage\":{\"@id\":\"https:\/\/www.ankarsrum.com\/ch-fr\/product\/go-green\/#primaryimage\"},\"image\":{\"@id\":\"https:\/\/www.ankarsrum.com\/ch-fr\/product\/go-green\/#primaryimage\"},\"thumbnailUrl\":\"https:\/\/www.ankarsrum.com\/img-srv\/3fon7nmVtM2nt_ioEDv_ecmQ0FezHV_R_O_ZX8BTypc\/resizing_type:auto\/width:0\/height:0\/gravity:sm\/enlarge:1\/ext:webp\/strip_metadata:1\/quality:90\/cachebuster:filesize-168702\/bG9jYWw6Ly8vd3d3LmFua2Fyc3J1bS5jb20vd3AtY29udGVudC91cGxvYWRzL3NpdGVzLzY5LzIwMjQvMDkvZ28tZ3JlZW4uanBn.webp\",\"datePublished\":\"2024-07-16T08:48:09+00:00\",\"dateModified\":\"2026-04-28T05:52:22+00:00\",\"breadcrumb\":{\"@id\":\"https:\/\/www.ankarsrum.com\/ch-fr\/product\/go-green\/#breadcrumb\"},\"inLanguage\":\"fr-FR\",\"potentialAction\":[{\"@type\":\"ReadAction\",\"target\":[\"https:\/\/www.ankarsrum.com\/ch-fr\/product\/go-green\/\"]}]},{\"@type\":\"ImageObject\",\"inLanguage\":\"fr-FR\",\"@id\":\"https:\/\/www.ankarsrum.com\/ch-fr\/product\/go-green\/#primaryimage\",\"url\":\"https:\/\/www.ankarsrum.com\/img-srv\/3fon7nmVtM2nt_ioEDv_ecmQ0FezHV_R_O_ZX8BTypc\/resizing_type:auto\/width:0\/height:0\/gravity:sm\/enlarge:1\/ext:webp\/strip_metadata:1\/quality:90\/cachebuster:filesize-168702\/bG9jYWw6Ly8vd3d3LmFua2Fyc3J1bS5jb20vd3AtY29udGVudC91cGxvYWRzL3NpdGVzLzY5LzIwMjQvMDkvZ28tZ3JlZW4uanBn.webp\",\"contentUrl\":\"https:\/\/www.ankarsrum.com\/img-srv\/3fon7nmVtM2nt_ioEDv_ecmQ0FezHV_R_O_ZX8BTypc\/resizing_type:auto\/width:0\/height:0\/gravity:sm\/enlarge:1\/ext:webp\/strip_metadata:1\/quality:90\/cachebuster:filesize-168702\/bG9jYWw6Ly8vd3d3LmFua2Fyc3J1bS5jb20vd3AtY29udGVudC91cGxvYWRzL3NpdGVzLzY5LzIwMjQvMDkvZ28tZ3JlZW4uanBn.webp\",\"width\":2000,\"height\":2000},{\"@type\":\"BreadcrumbList\",\"@id\":\"https:\/\/www.ankarsrum.com\/ch-fr\/product\/go-green\/#breadcrumb\",\"itemListElement\":[{\"@type\":\"ListItem\",\"position\":1,\"name\":\"Home\",\"item\":\"https:\/\/www.ankarsrum.com\/ch-fr\/\"},{\"@type\":\"ListItem\",\"position\":2,\"name\":\"Produce name\",\"item\":\"https:\/\/www.ankarsrum.com\/ch-fr\/shop\/\"},{\"@type\":\"ListItem\",\"position\":3,\"name\":\"Pack Go Green\"}]},{\"@type\":\"WebSite\",\"@id\":\"https:\/\/www.ankarsrum.com\/ch-fr\/#website\",\"url\":\"https:\/\/www.ankarsrum.com\/ch-fr\/\",\"name\":\"Ankarsrum Switzerland French\",\"description\":\"The bread of the world\",\"potentialAction\":[{\"@type\":\"SearchAction\",\"target\":{\"@type\":\"EntryPoint\",\"urlTemplate\":\"https:\/\/www.ankarsrum.com\/ch-fr\/?s={search_term_string}\"},\"query-input\":{\"@type\":\"PropertyValueSpecification\",\"valueRequired\":true,\"valueName\":\"search_term_string\"}}],\"inLanguage\":\"fr-FR\"}]}<\/script>\n<!-- \/ Yoast SEO Premium plugin. -->","yoast_head_json":{"title":"Pack Go Green - Ankarsrum Switzerland French","robots":{"index":"index","follow":"follow","max-snippet":"max-snippet:-1","max-image-preview":"max-image-preview:large","max-video-preview":"max-video-preview:-1"},"canonical":"https:\/\/www.ankarsrum.com\/ch-fr\/product\/go-green\/","og_locale":"fr_FR","og_type":"article","og_title":"Pack Go Green","og_description":"Rendez votre vie plus saine et plus simple avec le pack Go Green d&#039;Ankarsrum ! Compos\u00e9 d&#039;un presse-agrumes, d&#039;un blender avec poussoir et d&#039;un coupe-l\u00e9gumes, cet ensemble comprend tout ce dont vous avez besoin pour agr\u00e9menter votre journ\u00e9e de fruits et de l\u00e9gumes. Mixez des smoothies, pressez des jus frais et coupez ou \u00e9mincez des l\u00e9gumes - rapidement et facilement dans un ensemble complet.","og_url":"https:\/\/www.ankarsrum.com\/ch-fr\/product\/go-green\/","og_site_name":"Ankarsrum Switzerland French","article_modified_time":"2026-04-28T05:52:22+00:00","og_image":[{"width":1200,"height":630,"url":"https:\/\/www.ankarsrum.com\/ch-fr\/wp-content\/uploads\/sites\/69\/2024\/09\/go-green.jpg","type":"image\/jpeg"}],"twitter_card":"summary_large_image","twitter_misc":{"Dur\u00e9e de lecture estim\u00e9e":"1 minute"},"schema":{"@context":"https:\/\/schema.org","@graph":[{"@type":"WebPage","@id":"https:\/\/www.ankarsrum.com\/ch-fr\/product\/go-green\/","url":"https:\/\/www.ankarsrum.com\/ch-fr\/product\/go-green\/","name":"Pack Go Green - Ankarsrum Switzerland French","isPartOf":{"@id":"https:\/\/www.ankarsrum.com\/ch-fr\/#website"},"primaryImageOfPage":{"@id":"https:\/\/www.ankarsrum.com\/ch-fr\/product\/go-green\/#primaryimage"},"image":{"@id":"https:\/\/www.ankarsrum.com\/ch-fr\/product\/go-green\/#primaryimage"},"thumbnailUrl":"https:\/\/www.ankarsrum.com\/img-srv\/3fon7nmVtM2nt_ioEDv_ecmQ0FezHV_R_O_ZX8BTypc\/resizing_type:auto\/width:0\/height:0\/gravity:sm\/enlarge:1\/ext:webp\/strip_metadata:1\/quality:90\/cachebuster:filesize-168702\/bG9jYWw6Ly8vd3d3LmFua2Fyc3J1bS5jb20vd3AtY29udGVudC91cGxvYWRzL3NpdGVzLzY5LzIwMjQvMDkvZ28tZ3JlZW4uanBn.webp","datePublished":"2024-07-16T08:48:09+00:00","dateModified":"2026-04-28T05:52:22+00:00","breadcrumb":{"@id":"https:\/\/www.ankarsrum.com\/ch-fr\/product\/go-green\/#breadcrumb"},"inLanguage":"fr-FR","potentialAction":[{"@type":"ReadAction","target":["https:\/\/www.ankarsrum.com\/ch-fr\/product\/go-green\/"]}]},{"@type":"ImageObject","inLanguage":"fr-FR","@id":"https:\/\/www.ankarsrum.com\/ch-fr\/product\/go-green\/#primaryimage","url":"https:\/\/www.ankarsrum.com\/img-srv\/3fon7nmVtM2nt_ioEDv_ecmQ0FezHV_R_O_ZX8BTypc\/resizing_type:auto\/width:0\/height:0\/gravity:sm\/enlarge:1\/ext:webp\/strip_metadata:1\/quality:90\/cachebuster:filesize-168702\/bG9jYWw6Ly8vd3d3LmFua2Fyc3J1bS5jb20vd3AtY29udGVudC91cGxvYWRzL3NpdGVzLzY5LzIwMjQvMDkvZ28tZ3JlZW4uanBn.webp","contentUrl":"https:\/\/www.ankarsrum.com\/img-srv\/3fon7nmVtM2nt_ioEDv_ecmQ0FezHV_R_O_ZX8BTypc\/resizing_type:auto\/width:0\/height:0\/gravity:sm\/enlarge:1\/ext:webp\/strip_metadata:1\/quality:90\/cachebuster:filesize-168702\/bG9jYWw6Ly8vd3d3LmFua2Fyc3J1bS5jb20vd3AtY29udGVudC91cGxvYWRzL3NpdGVzLzY5LzIwMjQvMDkvZ28tZ3JlZW4uanBn.webp","width":2000,"height":2000},{"@type":"BreadcrumbList","@id":"https:\/\/www.ankarsrum.com\/ch-fr\/product\/go-green\/#breadcrumb","itemListElement":[{"@type":"ListItem","position":1,"name":"Home","item":"https:\/\/www.ankarsrum.com\/ch-fr\/"},{"@type":"ListItem","position":2,"name":"Produce name","item":"https:\/\/www.ankarsrum.com\/ch-fr\/shop\/"},{"@type":"ListItem","position":3,"name":"Pack Go Green"}]},{"@type":"WebSite","@id":"https:\/\/www.ankarsrum.com\/ch-fr\/#website","url":"https:\/\/www.ankarsrum.com\/ch-fr\/","name":"Ankarsrum Switzerland French","description":"The bread of the world","potentialAction":[{"@type":"SearchAction","target":{"@type":"EntryPoint","urlTemplate":"https:\/\/www.ankarsrum.com\/ch-fr\/?s={search_term_string}"},"query-input":{"@type":"PropertyValueSpecification","valueRequired":true,"valueName":"search_term_string"}}],"inLanguage":"fr-FR"}]}},"_links":{"self":[{"href":"https:\/\/www.ankarsrum.com\/ch-fr\/wp-json\/wp\/v2\/product\/8245","targetHints":{"allow":["GET"]}}],"collection":[{"href":"https:\/\/www.ankarsrum.com\/ch-fr\/wp-json\/wp\/v2\/product"}],"about":[{"href":"https:\/\/www.ankarsrum.com\/ch-fr\/wp-json\/wp\/v2\/types\/product"}],"replies":[{"embeddable":true,"href":"https:\/\/www.ankarsrum.com\/ch-fr\/wp-json\/wp\/v2\/comments?post=8245"}],"wp:featuredmedia":[{"embeddable":true,"href":"https:\/\/www.ankarsrum.com\/ch-fr\/wp-json\/wp\/v2\/media\/9403"}],"wp:attachment":[{"href":"https:\/\/www.ankarsrum.com\/ch-fr\/wp-json\/wp\/v2\/media?parent=8245"}],"wp:term":[{"taxonomy":"product_brand","embeddable":true,"href":"https:\/\/www.ankarsrum.com\/ch-fr\/wp-json\/wp\/v2\/product_brand?post=8245"},{"taxonomy":"product_cat","embeddable":true,"href":"https:\/\/www.ankarsrum.com\/ch-fr\/wp-json\/wp\/v2\/product_cat?post=8245"},{"taxonomy":"product_tag","embeddable":true,"href":"https:\/\/www.ankarsrum.com\/ch-fr\/wp-json\/wp\/v2\/product_tag?post=8245"},{"taxonomy":"product-tag","embeddable":true,"href":"https:\/\/www.ankarsrum.com\/ch-fr\/wp-json\/wp\/v2\/product-tag?post=8245"},{"taxonomy":"machines","embeddable":true,"href":"https:\/\/www.ankarsrum.com\/ch-fr\/wp-json\/wp\/v2\/machines?post=8245"},{"taxonomy":"filter","embeddable":true,"href":"https:\/\/www.ankarsrum.com\/ch-fr\/wp-json\/wp\/v2\/filter?post=8245"}],"curies":[{"name":"wp","href":"https:\/\/api.w.org\/{rel}","templated":true}]}}