{"id":8262,"date":"2024-07-10T07:47:06","date_gmt":"2024-07-10T07:47:06","guid":{"rendered":"https:\/\/www.ankarsrum.com\/ch-fr\/product\/assistent-original-glossy-white-gw\/"},"modified":"2026-04-04T03:52:07","modified_gmt":"2026-04-04T03:52:07","slug":"assistent-original-glossy-white-gw","status":"publish","type":"product","link":"https:\/\/www.ankarsrum.com\/ch-fr\/product\/assistent-original-glossy-white-gw\/","title":{"rendered":"Ankarsrum Assistent Original &#8211; Glossy White"},"content":{"rendered":"<p>Chaque carton standard d&#039;Assistent Original\u00ae AKM6230 contient un kit p\u00e2tisserie qui vous apportera une aide pr\u00e9cieuse lors de la pr\u00e9paration de vos p\u00e2tes \u00e0 pain ou \u00e0 g\u00e2teaux. Cette derni\u00e8re version du robot Ankarsrum Classic Original poss\u00e8de de nouvelles fonctions innovantes :<\/p>\n<p>Gr\u00e2ce \u00e0 son moteur plus puissant de 1500 W, vous pourrez m\u00e9langer plus facilement des p\u00e2tes lourdes. Assistent Original\u00ae dispose \u00e9galement d&#039;une r\u00e9gulation du couple moteur, ce qui signifie que l&#039;appareil peut lui-m\u00eame r\u00e9gler sa vitesse en fonction de la quantit\u00e9 de p\u00e2te et de la difficult\u00e9. Son r\u00e9ducteur unique permet \u00e0 la machine d&#039;\u00eatre \u00e0 la fois puissante et silencieuse.<\/p>\n<p>Son bol de grande capacit\u00e9 (7 litres) fait de lui l&#039;appareil id\u00e9al pour p\u00e9trir de grandes quantit\u00e9s de p\u00e2te. Il peut m\u00e9langer 1,5 L de p\u00e2te liquide et 5 kg de p\u00e2te sans probl\u00e8me.<\/p>\n<p>L&#039;Assistent Original\u00ae a un design \u00e0 la fois unique et \u00e9l\u00e9gant, un faible niveau de bruit bien que dot\u00e9 d&#039;un moteur puissant, et de part sa robustesse, il restera bien en place sur votre plan de travail. Assistent Original\u00ae 6230 comprend un bol en acier inoxydable de 7 L qui a la particularit\u00e9 de tourner autour des accessoires, un rouleau \u00e0 p\u00e2te qui agit comme des doigts, un couteau \u00e0 p\u00e2te qui fait le travail de la paume, une spatule, un crochet \u00e0 p\u00e2te inox qui \u00e9tire la p\u00e2te, et un couvercle de pousse. Son pack standard comprend \u00e9galement un bol de 3,5 L en Tritan, un fouet double et des fouets \u00e0 cookies. les poign\u00e9es et boutons de commande sont en zinc chrom\u00e9.<\/p>\n<p>Assistent Original est la nouvelle version du mod\u00e8le Assistent Classic pr\u00e9c\u00e9demment fabriqu\u00e9 par Electrolux. Il est maintenant disponible dans une grande vari\u00e9t\u00e9 de couleurs.<\/p>\n<p>Avec sa large gamme d\u2019accessoires, vous pouvez \u00e9galement mixer, fouetter, hacher de la viande, couper des l\u00e9gumes, r\u00e2per, faire des p\u00e2tes fra\u00eeches, presser des agrumes, et bien d&#039;autres choses encore.<\/p>","protected":false},"excerpt":{"rendered":"<p>L\u2019Assistent Original est fabriqu\u00e9 et assembl\u00e9 \u00e0 la main dans nos usines \u00e0 Su\u00e8de depuis 1969. Chaque Assistent est test\u00e9 individuellement avant de quitter l\u2019usine. Notre objectif est de produire des appareils de qualit\u00e9, fonctionnels, durables au design soign\u00e9.\u00a0<\/p>\n","protected":false},"featured_media":9160,"comment_status":"open","ping_status":"closed","template":"","meta":{"_acf_changed":false,"content-type":"","editor_notices":[]},"product_brand":[],"product_cat":[398],"product_tag":[],"product-tag":[],"machines":[],"filter":[],"class_list":{"0":"post-8262","1":"product","2":"type-product","3":"status-publish","4":"has-post-thumbnail","6":"product_cat-robot-patissier-petrin","8":"first","9":"instock","10":"taxable","11":"shipping-taxable","12":"purchasable","13":"product-type-simple"},"bundled_by":[],"bundle_stock_status":"instock","bundle_stock_quantity":null,"bundle_virtual":false,"bundle_layout":"","bundle_add_to_cart_form_location":"","bundle_editable_in_cart":false,"bundle_sold_individually_context":"","bundle_item_grouping":"","bundle_min_size":"","bundle_max_size":"","bundle_price":[],"bundled_items":[],"bundle_sell_ids":[],"acf":[],"yoast_head":"<!-- This site is optimized with the Yoast SEO Premium plugin v26.6 (Yoast SEO v26.6) - https:\/\/yoast.com\/wordpress\/plugins\/seo\/ -->\n<title>Ankarsrum Assistent Original - Glossy White - Ankarsrum Switzerland French<\/title>\n<meta name=\"robots\" content=\"index, follow, max-snippet:-1, max-image-preview:large, max-video-preview:-1\" \/>\n<link rel=\"canonical\" href=\"https:\/\/www.ankarsrum.com\/ch-fr\/product\/assistent-original-glossy-white-gw\/\" \/>\n<meta property=\"og:locale\" content=\"fr_FR\" \/>\n<meta property=\"og:type\" content=\"article\" \/>\n<meta property=\"og:title\" content=\"Ankarsrum Assistent Original - Glossy White\" \/>\n<meta property=\"og:description\" content=\"L\u2019Assistent Original est fabriqu\u00e9 et assembl\u00e9 \u00e0 la main dans nos usines \u00e0 Su\u00e8de depuis 1969. Chaque Assistent est test\u00e9 individuellement avant de quitter l\u2019usine. Notre objectif est de produire des appareils de qualit\u00e9, fonctionnels, durables au design soign\u00e9.\u00a0\" \/>\n<meta property=\"og:url\" content=\"https:\/\/www.ankarsrum.com\/ch-fr\/product\/assistent-original-glossy-white-gw\/\" \/>\n<meta property=\"og:site_name\" content=\"Ankarsrum Switzerland French\" \/>\n<meta property=\"article:modified_time\" content=\"2026-04-04T03:52:07+00:00\" \/>\n<meta property=\"og:image\" content=\"https:\/\/www.ankarsrum.com\/ch-fr\/wp-content\/uploads\/sites\/69\/2024\/09\/ankarsrum-assistent-original-glossy-white-hero.jpg\" \/>\n\t<meta property=\"og:image:width\" content=\"1200\" \/>\n\t<meta property=\"og:image:height\" content=\"630\" \/>\n\t<meta property=\"og:image:type\" content=\"image\/jpeg\" \/>\n<meta name=\"twitter:card\" content=\"summary_large_image\" \/>\n<meta name=\"twitter:label1\" content=\"Dur\u00e9e de lecture estim\u00e9e\" \/>\n\t<meta name=\"twitter:data1\" content=\"2 minutes\" \/>\n<script type=\"application\/ld+json\" class=\"yoast-schema-graph\">{\"@context\":\"https:\/\/schema.org\",\"@graph\":[{\"@type\":\"WebPage\",\"@id\":\"https:\/\/www.ankarsrum.com\/ch-fr\/product\/assistent-original-glossy-white-gw\/\",\"url\":\"https:\/\/www.ankarsrum.com\/ch-fr\/product\/assistent-original-glossy-white-gw\/\",\"name\":\"Ankarsrum Assistent Original - Glossy White - Ankarsrum Switzerland French\",\"isPartOf\":{\"@id\":\"https:\/\/www.ankarsrum.com\/ch-fr\/#website\"},\"primaryImageOfPage\":{\"@id\":\"https:\/\/www.ankarsrum.com\/ch-fr\/product\/assistent-original-glossy-white-gw\/#primaryimage\"},\"image\":{\"@id\":\"https:\/\/www.ankarsrum.com\/ch-fr\/product\/assistent-original-glossy-white-gw\/#primaryimage\"},\"thumbnailUrl\":\"https:\/\/www.ankarsrum.com\/img-srv\/aSThlRbBMwX7SLlUC5sXCdOHQ551kGgswSWkdoynz0E\/resizing_type:auto\/width:0\/height:0\/gravity:sm\/enlarge:1\/ext:webp\/strip_metadata:1\/quality:90\/cachebuster:filesize-179416\/bG9jYWw6Ly8vd3d3LmFua2Fyc3J1bS5jb20vd3AtY29udGVudC91cGxvYWRzL3NpdGVzLzY5LzIwMjQvMDkvYW5rYXJzcnVtLWFzc2lzdGVudC1vcmlnaW5hbC1nbG9zc3ktd2hpdGUtaGVyby5qcGc.webp\",\"datePublished\":\"2024-07-10T07:47:06+00:00\",\"dateModified\":\"2026-04-04T03:52:07+00:00\",\"breadcrumb\":{\"@id\":\"https:\/\/www.ankarsrum.com\/ch-fr\/product\/assistent-original-glossy-white-gw\/#breadcrumb\"},\"inLanguage\":\"fr-FR\",\"potentialAction\":[{\"@type\":\"ReadAction\",\"target\":[\"https:\/\/www.ankarsrum.com\/ch-fr\/product\/assistent-original-glossy-white-gw\/\"]}]},{\"@type\":\"ImageObject\",\"inLanguage\":\"fr-FR\",\"@id\":\"https:\/\/www.ankarsrum.com\/ch-fr\/product\/assistent-original-glossy-white-gw\/#primaryimage\",\"url\":\"https:\/\/www.ankarsrum.com\/img-srv\/aSThlRbBMwX7SLlUC5sXCdOHQ551kGgswSWkdoynz0E\/resizing_type:auto\/width:0\/height:0\/gravity:sm\/enlarge:1\/ext:webp\/strip_metadata:1\/quality:90\/cachebuster:filesize-179416\/bG9jYWw6Ly8vd3d3LmFua2Fyc3J1bS5jb20vd3AtY29udGVudC91cGxvYWRzL3NpdGVzLzY5LzIwMjQvMDkvYW5rYXJzcnVtLWFzc2lzdGVudC1vcmlnaW5hbC1nbG9zc3ktd2hpdGUtaGVyby5qcGc.webp\",\"contentUrl\":\"https:\/\/www.ankarsrum.com\/img-srv\/aSThlRbBMwX7SLlUC5sXCdOHQ551kGgswSWkdoynz0E\/resizing_type:auto\/width:0\/height:0\/gravity:sm\/enlarge:1\/ext:webp\/strip_metadata:1\/quality:90\/cachebuster:filesize-179416\/bG9jYWw6Ly8vd3d3LmFua2Fyc3J1bS5jb20vd3AtY29udGVudC91cGxvYWRzL3NpdGVzLzY5LzIwMjQvMDkvYW5rYXJzcnVtLWFzc2lzdGVudC1vcmlnaW5hbC1nbG9zc3ktd2hpdGUtaGVyby5qcGc.webp\",\"width\":2000,\"height\":2000},{\"@type\":\"BreadcrumbList\",\"@id\":\"https:\/\/www.ankarsrum.com\/ch-fr\/product\/assistent-original-glossy-white-gw\/#breadcrumb\",\"itemListElement\":[{\"@type\":\"ListItem\",\"position\":1,\"name\":\"Home\",\"item\":\"https:\/\/www.ankarsrum.com\/ch-fr\/\"},{\"@type\":\"ListItem\",\"position\":2,\"name\":\"Produce name\",\"item\":\"https:\/\/www.ankarsrum.com\/ch-fr\/shop\/\"},{\"@type\":\"ListItem\",\"position\":3,\"name\":\"Ankarsrum Assistent Original &#8211; Glossy White\"}]},{\"@type\":\"WebSite\",\"@id\":\"https:\/\/www.ankarsrum.com\/ch-fr\/#website\",\"url\":\"https:\/\/www.ankarsrum.com\/ch-fr\/\",\"name\":\"Ankarsrum Switzerland French\",\"description\":\"The bread of the world\",\"potentialAction\":[{\"@type\":\"SearchAction\",\"target\":{\"@type\":\"EntryPoint\",\"urlTemplate\":\"https:\/\/www.ankarsrum.com\/ch-fr\/?s={search_term_string}\"},\"query-input\":{\"@type\":\"PropertyValueSpecification\",\"valueRequired\":true,\"valueName\":\"search_term_string\"}}],\"inLanguage\":\"fr-FR\"}]}<\/script>\n<!-- \/ Yoast SEO Premium plugin. -->","yoast_head_json":{"title":"Ankarsrum Assistent Original - Glossy White - Ankarsrum Switzerland French","robots":{"index":"index","follow":"follow","max-snippet":"max-snippet:-1","max-image-preview":"max-image-preview:large","max-video-preview":"max-video-preview:-1"},"canonical":"https:\/\/www.ankarsrum.com\/ch-fr\/product\/assistent-original-glossy-white-gw\/","og_locale":"fr_FR","og_type":"article","og_title":"Ankarsrum Assistent Original - Glossy White","og_description":"L\u2019Assistent Original est fabriqu\u00e9 et assembl\u00e9 \u00e0 la main dans nos usines \u00e0 Su\u00e8de depuis 1969. Chaque Assistent est test\u00e9 individuellement avant de quitter l\u2019usine. Notre objectif est de produire des appareils de qualit\u00e9, fonctionnels, durables au design soign\u00e9.\u00a0","og_url":"https:\/\/www.ankarsrum.com\/ch-fr\/product\/assistent-original-glossy-white-gw\/","og_site_name":"Ankarsrum Switzerland French","article_modified_time":"2026-04-04T03:52:07+00:00","og_image":[{"width":1200,"height":630,"url":"https:\/\/www.ankarsrum.com\/ch-fr\/wp-content\/uploads\/sites\/69\/2024\/09\/ankarsrum-assistent-original-glossy-white-hero.jpg","type":"image\/jpeg"}],"twitter_card":"summary_large_image","twitter_misc":{"Dur\u00e9e de lecture estim\u00e9e":"2 minutes"},"schema":{"@context":"https:\/\/schema.org","@graph":[{"@type":"WebPage","@id":"https:\/\/www.ankarsrum.com\/ch-fr\/product\/assistent-original-glossy-white-gw\/","url":"https:\/\/www.ankarsrum.com\/ch-fr\/product\/assistent-original-glossy-white-gw\/","name":"Ankarsrum Assistent Original - Glossy White - Ankarsrum Switzerland French","isPartOf":{"@id":"https:\/\/www.ankarsrum.com\/ch-fr\/#website"},"primaryImageOfPage":{"@id":"https:\/\/www.ankarsrum.com\/ch-fr\/product\/assistent-original-glossy-white-gw\/#primaryimage"},"image":{"@id":"https:\/\/www.ankarsrum.com\/ch-fr\/product\/assistent-original-glossy-white-gw\/#primaryimage"},"thumbnailUrl":"https:\/\/www.ankarsrum.com\/img-srv\/aSThlRbBMwX7SLlUC5sXCdOHQ551kGgswSWkdoynz0E\/resizing_type:auto\/width:0\/height:0\/gravity:sm\/enlarge:1\/ext:webp\/strip_metadata:1\/quality:90\/cachebuster:filesize-179416\/bG9jYWw6Ly8vd3d3LmFua2Fyc3J1bS5jb20vd3AtY29udGVudC91cGxvYWRzL3NpdGVzLzY5LzIwMjQvMDkvYW5rYXJzcnVtLWFzc2lzdGVudC1vcmlnaW5hbC1nbG9zc3ktd2hpdGUtaGVyby5qcGc.webp","datePublished":"2024-07-10T07:47:06+00:00","dateModified":"2026-04-04T03:52:07+00:00","breadcrumb":{"@id":"https:\/\/www.ankarsrum.com\/ch-fr\/product\/assistent-original-glossy-white-gw\/#breadcrumb"},"inLanguage":"fr-FR","potentialAction":[{"@type":"ReadAction","target":["https:\/\/www.ankarsrum.com\/ch-fr\/product\/assistent-original-glossy-white-gw\/"]}]},{"@type":"ImageObject","inLanguage":"fr-FR","@id":"https:\/\/www.ankarsrum.com\/ch-fr\/product\/assistent-original-glossy-white-gw\/#primaryimage","url":"https:\/\/www.ankarsrum.com\/img-srv\/aSThlRbBMwX7SLlUC5sXCdOHQ551kGgswSWkdoynz0E\/resizing_type:auto\/width:0\/height:0\/gravity:sm\/enlarge:1\/ext:webp\/strip_metadata:1\/quality:90\/cachebuster:filesize-179416\/bG9jYWw6Ly8vd3d3LmFua2Fyc3J1bS5jb20vd3AtY29udGVudC91cGxvYWRzL3NpdGVzLzY5LzIwMjQvMDkvYW5rYXJzcnVtLWFzc2lzdGVudC1vcmlnaW5hbC1nbG9zc3ktd2hpdGUtaGVyby5qcGc.webp","contentUrl":"https:\/\/www.ankarsrum.com\/img-srv\/aSThlRbBMwX7SLlUC5sXCdOHQ551kGgswSWkdoynz0E\/resizing_type:auto\/width:0\/height:0\/gravity:sm\/enlarge:1\/ext:webp\/strip_metadata:1\/quality:90\/cachebuster:filesize-179416\/bG9jYWw6Ly8vd3d3LmFua2Fyc3J1bS5jb20vd3AtY29udGVudC91cGxvYWRzL3NpdGVzLzY5LzIwMjQvMDkvYW5rYXJzcnVtLWFzc2lzdGVudC1vcmlnaW5hbC1nbG9zc3ktd2hpdGUtaGVyby5qcGc.webp","width":2000,"height":2000},{"@type":"BreadcrumbList","@id":"https:\/\/www.ankarsrum.com\/ch-fr\/product\/assistent-original-glossy-white-gw\/#breadcrumb","itemListElement":[{"@type":"ListItem","position":1,"name":"Home","item":"https:\/\/www.ankarsrum.com\/ch-fr\/"},{"@type":"ListItem","position":2,"name":"Produce name","item":"https:\/\/www.ankarsrum.com\/ch-fr\/shop\/"},{"@type":"ListItem","position":3,"name":"Ankarsrum Assistent Original &#8211; Glossy White"}]},{"@type":"WebSite","@id":"https:\/\/www.ankarsrum.com\/ch-fr\/#website","url":"https:\/\/www.ankarsrum.com\/ch-fr\/","name":"Ankarsrum Switzerland French","description":"The bread of the world","potentialAction":[{"@type":"SearchAction","target":{"@type":"EntryPoint","urlTemplate":"https:\/\/www.ankarsrum.com\/ch-fr\/?s={search_term_string}"},"query-input":{"@type":"PropertyValueSpecification","valueRequired":true,"valueName":"search_term_string"}}],"inLanguage":"fr-FR"}]}},"_links":{"self":[{"href":"https:\/\/www.ankarsrum.com\/ch-fr\/wp-json\/wp\/v2\/product\/8262","targetHints":{"allow":["GET"]}}],"collection":[{"href":"https:\/\/www.ankarsrum.com\/ch-fr\/wp-json\/wp\/v2\/product"}],"about":[{"href":"https:\/\/www.ankarsrum.com\/ch-fr\/wp-json\/wp\/v2\/types\/product"}],"replies":[{"embeddable":true,"href":"https:\/\/www.ankarsrum.com\/ch-fr\/wp-json\/wp\/v2\/comments?post=8262"}],"wp:featuredmedia":[{"embeddable":true,"href":"https:\/\/www.ankarsrum.com\/ch-fr\/wp-json\/wp\/v2\/media\/9160"}],"wp:attachment":[{"href":"https:\/\/www.ankarsrum.com\/ch-fr\/wp-json\/wp\/v2\/media?parent=8262"}],"wp:term":[{"taxonomy":"product_brand","embeddable":true,"href":"https:\/\/www.ankarsrum.com\/ch-fr\/wp-json\/wp\/v2\/product_brand?post=8262"},{"taxonomy":"product_cat","embeddable":true,"href":"https:\/\/www.ankarsrum.com\/ch-fr\/wp-json\/wp\/v2\/product_cat?post=8262"},{"taxonomy":"product_tag","embeddable":true,"href":"https:\/\/www.ankarsrum.com\/ch-fr\/wp-json\/wp\/v2\/product_tag?post=8262"},{"taxonomy":"product-tag","embeddable":true,"href":"https:\/\/www.ankarsrum.com\/ch-fr\/wp-json\/wp\/v2\/product-tag?post=8262"},{"taxonomy":"machines","embeddable":true,"href":"https:\/\/www.ankarsrum.com\/ch-fr\/wp-json\/wp\/v2\/machines?post=8262"},{"taxonomy":"filter","embeddable":true,"href":"https:\/\/www.ankarsrum.com\/ch-fr\/wp-json\/wp\/v2\/filter?post=8262"}],"curies":[{"name":"wp","href":"https:\/\/api.w.org\/{rel}","templated":true}]}}