{"id":8797,"date":"2024-07-16T13:07:54","date_gmt":"2024-07-16T13:07:54","guid":{"rendered":"https:\/\/www.ankarsrum.com\/ch-fr\/product\/bol-melangeur-en-acier-inoxydable\/"},"modified":"2026-04-15T04:47:41","modified_gmt":"2026-04-15T04:47:41","slug":"bol-melangeur-en-acier-inoxydable","status":"publish","type":"product","link":"https:\/\/www.ankarsrum.com\/ch-fr\/product\/bol-melangeur-en-acier-inoxydable\/","title":{"rendered":"Bol m\u00e9langeur en acier inoxydable"},"content":{"rendered":"<p>Bol m\u00e9langeur en acier inoxydable. Convient \u00e0 tous les mod\u00e8les d\u2019Assistent Original N1-N30.<\/p>\n<p>Faites passer vos p\u00e2tisseries au niveau sup\u00e9rieur ! Maintenant, tous ceux qui r\u00eavent de faire la meringue italienne parfaite, de cr\u00e9er des macarons color\u00e9s ou des g\u00e2teaux perfectionn\u00e9s peuvent devenir les rois ou les reines de la p\u00e2tisserie.<\/p>\n<p>\u00b7 \u00a0 \u00a0 \u00a0 \u00a0 Le bol m\u00e9langeur peut r\u00e9sister \u00e0 la chaleur et est excellent pour r\u00e9aliser, par exemple, une meringue italienne.<\/p>\n<p>\u00b7 \u00a0 \u00a0 \u00a0 \u00a0 Le bol m\u00e9langeur est en acier inoxydable.<\/p>\n<p>\u00b7 \u00a0 \u00a0 \u00a0 \u00a0 Le bol m\u00e9langeur convient \u00e0 tous les mod\u00e8les Assistent Original N1-N30.<\/p>\n<p>\u00b7 \u00a0 \u00a0 \u00a0 \u00a0 Le bol m\u00e9langeur peut contenir jusqu\u2019\u00e0 3,5 litres de volume.<\/p>\n<p>\u00b7 \u00a0 \u00a0 \u00a0 \u00a0 Le bol m\u00e9langeur est facile \u00e0 utiliser gr\u00e2ce \u00e0 ses graduations et \u00e0 ses poign\u00e9es.<\/p>\n<p>Son anneau en silicone lui assure une parfaite stabilit\u00e9.<\/p>","protected":false},"excerpt":{"rendered":"<p>Faites passer vos p\u00e2tisseries au niveau sup\u00e9rieur ! Maintenant, tous ceux qui r\u00eavent de faire la meringue italienne parfaite, de cr\u00e9er des macarons color\u00e9s ou des g\u00e2teaux perfectionn\u00e9s peuvent devenir les rois ou les reines de la p\u00e2tisserie.<\/p>\n<p>\u00b7 \u00a0 \u00a0 \u00a0 \u00a0 Le bol m\u00e9langeur peut r\u00e9sister \u00e0 la chaleur et est excellent pour r\u00e9aliser, par exemple, une meringue italienne.<\/p>\n<p>\u00b7 \u00a0 \u00a0 \u00a0 \u00a0 Le bol m\u00e9langeur est en acier inoxydable.<\/p>\n<p>\u00b7 \u00a0 \u00a0 \u00a0 \u00a0 Le bol m\u00e9langeur convient \u00e0 tous les mod\u00e8les Assistent Original N1-N30.<\/p>\n<p>\u00b7 \u00a0 \u00a0 \u00a0 \u00a0 Le bol m\u00e9langeur peut contenir jusqu\u2019\u00e0 3,5 litres de volume.<\/p>\n","protected":false},"featured_media":9356,"comment_status":"open","ping_status":"closed","template":"","meta":{"_acf_changed":false,"content-type":"","editor_notices":[]},"product_brand":[],"product_cat":[139],"product_tag":[],"product-tag":[],"machines":[],"filter":[],"class_list":{"0":"post-8797","1":"product","2":"type-product","3":"status-publish","4":"has-post-thumbnail","6":"product_cat-accessoires","8":"first","9":"instock","10":"taxable","11":"shipping-taxable","12":"purchasable","13":"product-type-simple"},"bundled_by":[],"bundle_stock_status":"instock","bundle_stock_quantity":null,"bundle_virtual":false,"bundle_layout":"","bundle_add_to_cart_form_location":"","bundle_editable_in_cart":false,"bundle_sold_individually_context":"","bundle_item_grouping":"","bundle_min_size":"","bundle_max_size":"","bundle_price":[],"bundled_items":[],"bundle_sell_ids":[],"acf":[],"yoast_head":"<!-- This site is optimized with the Yoast SEO Premium plugin v26.6 (Yoast SEO v26.6) - https:\/\/yoast.com\/wordpress\/plugins\/seo\/ -->\n<title>Bol m\u00e9langeur en acier inoxydable - Ankarsrum Switzerland French<\/title>\n<meta name=\"robots\" content=\"index, follow, max-snippet:-1, max-image-preview:large, max-video-preview:-1\" \/>\n<link rel=\"canonical\" href=\"https:\/\/www.ankarsrum.com\/ch-fr\/product\/bol-melangeur-en-acier-inoxydable\/\" \/>\n<meta property=\"og:locale\" content=\"fr_FR\" \/>\n<meta property=\"og:type\" content=\"article\" \/>\n<meta property=\"og:title\" content=\"Bol m\u00e9langeur en acier inoxydable\" \/>\n<meta property=\"og:description\" content=\"Faites passer vos p\u00e2tisseries au niveau sup\u00e9rieur ! Maintenant, tous ceux qui r\u00eavent de faire la meringue italienne parfaite, de cr\u00e9er des macarons color\u00e9s ou des g\u00e2teaux perfectionn\u00e9s peuvent devenir les rois ou les reines de la p\u00e2tisserie. \u00b7 \u00a0 \u00a0 \u00a0 \u00a0 Le bol m\u00e9langeur peut r\u00e9sister \u00e0 la chaleur et est excellent pour r\u00e9aliser, par exemple, une meringue italienne. \u00b7 \u00a0 \u00a0 \u00a0 \u00a0 Le bol m\u00e9langeur est en acier inoxydable. \u00b7 \u00a0 \u00a0 \u00a0 \u00a0 Le bol m\u00e9langeur convient \u00e0 tous les mod\u00e8les Assistent Original N1-N30. \u00b7 \u00a0 \u00a0 \u00a0 \u00a0 Le bol m\u00e9langeur peut contenir jusqu\u2019\u00e0 3,5 litres de volume.\" \/>\n<meta property=\"og:url\" content=\"https:\/\/www.ankarsrum.com\/ch-fr\/product\/bol-melangeur-en-acier-inoxydable\/\" \/>\n<meta property=\"og:site_name\" content=\"Ankarsrum Switzerland French\" \/>\n<meta property=\"article:modified_time\" content=\"2026-04-15T04:47:41+00:00\" \/>\n<meta property=\"og:image\" content=\"https:\/\/www.ankarsrum.com\/ch-fr\/wp-content\/uploads\/sites\/69\/2024\/09\/beater-bowl-in-stainless-steel.jpg\" \/>\n\t<meta property=\"og:image:width\" content=\"1200\" \/>\n\t<meta property=\"og:image:height\" content=\"630\" \/>\n\t<meta property=\"og:image:type\" content=\"image\/jpeg\" \/>\n<meta name=\"twitter:card\" content=\"summary_large_image\" \/>\n<meta name=\"twitter:label1\" content=\"Dur\u00e9e de lecture estim\u00e9e\" \/>\n\t<meta name=\"twitter:data1\" content=\"1 minute\" \/>\n<script type=\"application\/ld+json\" class=\"yoast-schema-graph\">{\"@context\":\"https:\/\/schema.org\",\"@graph\":[{\"@type\":\"WebPage\",\"@id\":\"https:\/\/www.ankarsrum.com\/ch-fr\/product\/bol-melangeur-en-acier-inoxydable\/\",\"url\":\"https:\/\/www.ankarsrum.com\/ch-fr\/product\/bol-melangeur-en-acier-inoxydable\/\",\"name\":\"Bol m\u00e9langeur en acier inoxydable - Ankarsrum Switzerland French\",\"isPartOf\":{\"@id\":\"https:\/\/www.ankarsrum.com\/ch-fr\/#website\"},\"primaryImageOfPage\":{\"@id\":\"https:\/\/www.ankarsrum.com\/ch-fr\/product\/bol-melangeur-en-acier-inoxydable\/#primaryimage\"},\"image\":{\"@id\":\"https:\/\/www.ankarsrum.com\/ch-fr\/product\/bol-melangeur-en-acier-inoxydable\/#primaryimage\"},\"thumbnailUrl\":\"https:\/\/www.ankarsrum.com\/img-srv\/8sp_vnOpgvxlH8H-CsfbeO0GkdGES69iSqZDu0XSSaY\/resizing_type:auto\/width:0\/height:0\/gravity:sm\/enlarge:1\/ext:webp\/strip_metadata:1\/quality:90\/cachebuster:filesize-115069\/bG9jYWw6Ly8vd3d3LmFua2Fyc3J1bS5jb20vd3AtY29udGVudC91cGxvYWRzL3NpdGVzLzY5LzIwMjQvMDkvYmVhdGVyLWJvd2wtaW4tc3RhaW5sZXNzLXN0ZWVsLmpwZw.webp\",\"datePublished\":\"2024-07-16T13:07:54+00:00\",\"dateModified\":\"2026-04-15T04:47:41+00:00\",\"breadcrumb\":{\"@id\":\"https:\/\/www.ankarsrum.com\/ch-fr\/product\/bol-melangeur-en-acier-inoxydable\/#breadcrumb\"},\"inLanguage\":\"fr-FR\",\"potentialAction\":[{\"@type\":\"ReadAction\",\"target\":[\"https:\/\/www.ankarsrum.com\/ch-fr\/product\/bol-melangeur-en-acier-inoxydable\/\"]}]},{\"@type\":\"ImageObject\",\"inLanguage\":\"fr-FR\",\"@id\":\"https:\/\/www.ankarsrum.com\/ch-fr\/product\/bol-melangeur-en-acier-inoxydable\/#primaryimage\",\"url\":\"https:\/\/www.ankarsrum.com\/img-srv\/8sp_vnOpgvxlH8H-CsfbeO0GkdGES69iSqZDu0XSSaY\/resizing_type:auto\/width:0\/height:0\/gravity:sm\/enlarge:1\/ext:webp\/strip_metadata:1\/quality:90\/cachebuster:filesize-115069\/bG9jYWw6Ly8vd3d3LmFua2Fyc3J1bS5jb20vd3AtY29udGVudC91cGxvYWRzL3NpdGVzLzY5LzIwMjQvMDkvYmVhdGVyLWJvd2wtaW4tc3RhaW5sZXNzLXN0ZWVsLmpwZw.webp\",\"contentUrl\":\"https:\/\/www.ankarsrum.com\/img-srv\/8sp_vnOpgvxlH8H-CsfbeO0GkdGES69iSqZDu0XSSaY\/resizing_type:auto\/width:0\/height:0\/gravity:sm\/enlarge:1\/ext:webp\/strip_metadata:1\/quality:90\/cachebuster:filesize-115069\/bG9jYWw6Ly8vd3d3LmFua2Fyc3J1bS5jb20vd3AtY29udGVudC91cGxvYWRzL3NpdGVzLzY5LzIwMjQvMDkvYmVhdGVyLWJvd2wtaW4tc3RhaW5sZXNzLXN0ZWVsLmpwZw.webp\",\"width\":2000,\"height\":2000},{\"@type\":\"BreadcrumbList\",\"@id\":\"https:\/\/www.ankarsrum.com\/ch-fr\/product\/bol-melangeur-en-acier-inoxydable\/#breadcrumb\",\"itemListElement\":[{\"@type\":\"ListItem\",\"position\":1,\"name\":\"Home\",\"item\":\"https:\/\/www.ankarsrum.com\/ch-fr\/\"},{\"@type\":\"ListItem\",\"position\":2,\"name\":\"Produce name\",\"item\":\"https:\/\/www.ankarsrum.com\/ch-fr\/shop\/\"},{\"@type\":\"ListItem\",\"position\":3,\"name\":\"Bol m\u00e9langeur en acier inoxydable\"}]},{\"@type\":\"WebSite\",\"@id\":\"https:\/\/www.ankarsrum.com\/ch-fr\/#website\",\"url\":\"https:\/\/www.ankarsrum.com\/ch-fr\/\",\"name\":\"Ankarsrum Switzerland French\",\"description\":\"The bread of the world\",\"potentialAction\":[{\"@type\":\"SearchAction\",\"target\":{\"@type\":\"EntryPoint\",\"urlTemplate\":\"https:\/\/www.ankarsrum.com\/ch-fr\/?s={search_term_string}\"},\"query-input\":{\"@type\":\"PropertyValueSpecification\",\"valueRequired\":true,\"valueName\":\"search_term_string\"}}],\"inLanguage\":\"fr-FR\"}]}<\/script>\n<!-- \/ Yoast SEO Premium plugin. -->","yoast_head_json":{"title":"Bol m\u00e9langeur en acier inoxydable - Ankarsrum Switzerland French","robots":{"index":"index","follow":"follow","max-snippet":"max-snippet:-1","max-image-preview":"max-image-preview:large","max-video-preview":"max-video-preview:-1"},"canonical":"https:\/\/www.ankarsrum.com\/ch-fr\/product\/bol-melangeur-en-acier-inoxydable\/","og_locale":"fr_FR","og_type":"article","og_title":"Bol m\u00e9langeur en acier inoxydable","og_description":"Faites passer vos p\u00e2tisseries au niveau sup\u00e9rieur ! Maintenant, tous ceux qui r\u00eavent de faire la meringue italienne parfaite, de cr\u00e9er des macarons color\u00e9s ou des g\u00e2teaux perfectionn\u00e9s peuvent devenir les rois ou les reines de la p\u00e2tisserie. \u00b7 \u00a0 \u00a0 \u00a0 \u00a0 Le bol m\u00e9langeur peut r\u00e9sister \u00e0 la chaleur et est excellent pour r\u00e9aliser, par exemple, une meringue italienne. \u00b7 \u00a0 \u00a0 \u00a0 \u00a0 Le bol m\u00e9langeur est en acier inoxydable. \u00b7 \u00a0 \u00a0 \u00a0 \u00a0 Le bol m\u00e9langeur convient \u00e0 tous les mod\u00e8les Assistent Original N1-N30. \u00b7 \u00a0 \u00a0 \u00a0 \u00a0 Le bol m\u00e9langeur peut contenir jusqu\u2019\u00e0 3,5 litres de volume.","og_url":"https:\/\/www.ankarsrum.com\/ch-fr\/product\/bol-melangeur-en-acier-inoxydable\/","og_site_name":"Ankarsrum Switzerland French","article_modified_time":"2026-04-15T04:47:41+00:00","og_image":[{"width":1200,"height":630,"url":"https:\/\/www.ankarsrum.com\/ch-fr\/wp-content\/uploads\/sites\/69\/2024\/09\/beater-bowl-in-stainless-steel.jpg","type":"image\/jpeg"}],"twitter_card":"summary_large_image","twitter_misc":{"Dur\u00e9e de lecture estim\u00e9e":"1 minute"},"schema":{"@context":"https:\/\/schema.org","@graph":[{"@type":"WebPage","@id":"https:\/\/www.ankarsrum.com\/ch-fr\/product\/bol-melangeur-en-acier-inoxydable\/","url":"https:\/\/www.ankarsrum.com\/ch-fr\/product\/bol-melangeur-en-acier-inoxydable\/","name":"Bol m\u00e9langeur en acier inoxydable - Ankarsrum Switzerland French","isPartOf":{"@id":"https:\/\/www.ankarsrum.com\/ch-fr\/#website"},"primaryImageOfPage":{"@id":"https:\/\/www.ankarsrum.com\/ch-fr\/product\/bol-melangeur-en-acier-inoxydable\/#primaryimage"},"image":{"@id":"https:\/\/www.ankarsrum.com\/ch-fr\/product\/bol-melangeur-en-acier-inoxydable\/#primaryimage"},"thumbnailUrl":"https:\/\/www.ankarsrum.com\/img-srv\/8sp_vnOpgvxlH8H-CsfbeO0GkdGES69iSqZDu0XSSaY\/resizing_type:auto\/width:0\/height:0\/gravity:sm\/enlarge:1\/ext:webp\/strip_metadata:1\/quality:90\/cachebuster:filesize-115069\/bG9jYWw6Ly8vd3d3LmFua2Fyc3J1bS5jb20vd3AtY29udGVudC91cGxvYWRzL3NpdGVzLzY5LzIwMjQvMDkvYmVhdGVyLWJvd2wtaW4tc3RhaW5sZXNzLXN0ZWVsLmpwZw.webp","datePublished":"2024-07-16T13:07:54+00:00","dateModified":"2026-04-15T04:47:41+00:00","breadcrumb":{"@id":"https:\/\/www.ankarsrum.com\/ch-fr\/product\/bol-melangeur-en-acier-inoxydable\/#breadcrumb"},"inLanguage":"fr-FR","potentialAction":[{"@type":"ReadAction","target":["https:\/\/www.ankarsrum.com\/ch-fr\/product\/bol-melangeur-en-acier-inoxydable\/"]}]},{"@type":"ImageObject","inLanguage":"fr-FR","@id":"https:\/\/www.ankarsrum.com\/ch-fr\/product\/bol-melangeur-en-acier-inoxydable\/#primaryimage","url":"https:\/\/www.ankarsrum.com\/img-srv\/8sp_vnOpgvxlH8H-CsfbeO0GkdGES69iSqZDu0XSSaY\/resizing_type:auto\/width:0\/height:0\/gravity:sm\/enlarge:1\/ext:webp\/strip_metadata:1\/quality:90\/cachebuster:filesize-115069\/bG9jYWw6Ly8vd3d3LmFua2Fyc3J1bS5jb20vd3AtY29udGVudC91cGxvYWRzL3NpdGVzLzY5LzIwMjQvMDkvYmVhdGVyLWJvd2wtaW4tc3RhaW5sZXNzLXN0ZWVsLmpwZw.webp","contentUrl":"https:\/\/www.ankarsrum.com\/img-srv\/8sp_vnOpgvxlH8H-CsfbeO0GkdGES69iSqZDu0XSSaY\/resizing_type:auto\/width:0\/height:0\/gravity:sm\/enlarge:1\/ext:webp\/strip_metadata:1\/quality:90\/cachebuster:filesize-115069\/bG9jYWw6Ly8vd3d3LmFua2Fyc3J1bS5jb20vd3AtY29udGVudC91cGxvYWRzL3NpdGVzLzY5LzIwMjQvMDkvYmVhdGVyLWJvd2wtaW4tc3RhaW5sZXNzLXN0ZWVsLmpwZw.webp","width":2000,"height":2000},{"@type":"BreadcrumbList","@id":"https:\/\/www.ankarsrum.com\/ch-fr\/product\/bol-melangeur-en-acier-inoxydable\/#breadcrumb","itemListElement":[{"@type":"ListItem","position":1,"name":"Home","item":"https:\/\/www.ankarsrum.com\/ch-fr\/"},{"@type":"ListItem","position":2,"name":"Produce name","item":"https:\/\/www.ankarsrum.com\/ch-fr\/shop\/"},{"@type":"ListItem","position":3,"name":"Bol m\u00e9langeur en acier inoxydable"}]},{"@type":"WebSite","@id":"https:\/\/www.ankarsrum.com\/ch-fr\/#website","url":"https:\/\/www.ankarsrum.com\/ch-fr\/","name":"Ankarsrum Switzerland French","description":"The bread of the world","potentialAction":[{"@type":"SearchAction","target":{"@type":"EntryPoint","urlTemplate":"https:\/\/www.ankarsrum.com\/ch-fr\/?s={search_term_string}"},"query-input":{"@type":"PropertyValueSpecification","valueRequired":true,"valueName":"search_term_string"}}],"inLanguage":"fr-FR"}]}},"_links":{"self":[{"href":"https:\/\/www.ankarsrum.com\/ch-fr\/wp-json\/wp\/v2\/product\/8797","targetHints":{"allow":["GET"]}}],"collection":[{"href":"https:\/\/www.ankarsrum.com\/ch-fr\/wp-json\/wp\/v2\/product"}],"about":[{"href":"https:\/\/www.ankarsrum.com\/ch-fr\/wp-json\/wp\/v2\/types\/product"}],"replies":[{"embeddable":true,"href":"https:\/\/www.ankarsrum.com\/ch-fr\/wp-json\/wp\/v2\/comments?post=8797"}],"wp:featuredmedia":[{"embeddable":true,"href":"https:\/\/www.ankarsrum.com\/ch-fr\/wp-json\/wp\/v2\/media\/9356"}],"wp:attachment":[{"href":"https:\/\/www.ankarsrum.com\/ch-fr\/wp-json\/wp\/v2\/media?parent=8797"}],"wp:term":[{"taxonomy":"product_brand","embeddable":true,"href":"https:\/\/www.ankarsrum.com\/ch-fr\/wp-json\/wp\/v2\/product_brand?post=8797"},{"taxonomy":"product_cat","embeddable":true,"href":"https:\/\/www.ankarsrum.com\/ch-fr\/wp-json\/wp\/v2\/product_cat?post=8797"},{"taxonomy":"product_tag","embeddable":true,"href":"https:\/\/www.ankarsrum.com\/ch-fr\/wp-json\/wp\/v2\/product_tag?post=8797"},{"taxonomy":"product-tag","embeddable":true,"href":"https:\/\/www.ankarsrum.com\/ch-fr\/wp-json\/wp\/v2\/product-tag?post=8797"},{"taxonomy":"machines","embeddable":true,"href":"https:\/\/www.ankarsrum.com\/ch-fr\/wp-json\/wp\/v2\/machines?post=8797"},{"taxonomy":"filter","embeddable":true,"href":"https:\/\/www.ankarsrum.com\/ch-fr\/wp-json\/wp\/v2\/filter?post=8797"}],"curies":[{"name":"wp","href":"https:\/\/api.w.org\/{rel}","templated":true}]}}