{"id":8932,"date":"2024-07-16T09:08:59","date_gmt":"2024-07-16T09:08:59","guid":{"rendered":"https:\/\/www.ankarsrum.com\/ch-fr\/product\/sorbetiere-2\/"},"modified":"2026-04-17T04:57:33","modified_gmt":"2026-04-17T04:57:33","slug":"sorbetiere-2","status":"publish","type":"product","link":"https:\/\/www.ankarsrum.com\/ch-fr\/product\/sorbetiere-2\/","title":{"rendered":"Sorbeti\u00e8re"},"content":{"rendered":"<p class=\"MsoNormal\"><span style=\"mso-ansi-language: FR;\">Pr\u00e9parez des glaces maison est facile et amusant avec la sorbeti\u00e8re\u00a0: une exp\u00e9rience qui plaira \u00e0 toute la famille. Que vous pr\u00e9pariez une glace \u00e0 la vanille traditionnelle, un sorbet rafra\u00eechissant ou un yaourt glac\u00e9 onctueux, vous obtiendrez un r\u00e9sultat parfait \u00e0 chaque fois. Fabriqu\u00e9e en Italie selon les normes de qualit\u00e9 les plus strictes, cette sorbeti\u00e8re est id\u00e9ale pour tous ceux qui souhaitent pr\u00e9parer des glaces comme un pro \u00e0 la maison.<\/span><\/p>\n<p class=\"MsoNormal\"><span style=\"mso-ansi-language: FR;\">Le bol de cong\u00e9lation peut contenir jusqu&#039;\u00e0 700\u00a0g d&#039;ingr\u00e9dients, pour une production de 1,5\u00a0litre de glace. Placez le bol au cong\u00e9lateur pendant 20 \u00e0 24\u00a0heures avant utilisation, puis commencez \u00e0 exp\u00e9rimenter avec vos parfums pr\u00e9f\u00e9r\u00e9s. Vous aimez le citron, la fraise, la lavande ou la pistache\u00a0? Avec la sorbeti\u00e8re Ankarsrum, votre imagination est votre seule limite\u00a0! <\/span><\/p>\n<p class=\"MsoNormal\"><span style=\"mso-ansi-language: FR;\">La sorbeti\u00e8re est livr\u00e9e avec tout ce dont vous avez besoin, vous pouvez donc servir directement depuis le bol de cong\u00e9lation.<\/span><\/p>\n<p class=\"MsoNormal\"><strong><span style=\"mso-ansi-language: FR;\">La sorbeti\u00e8re est compatible avec tous les mod\u00e8les Assistent Original &#8211; Type : N1-N30 | Type : N30 \/ Mod\u00e8le : AKM6230<\/span><\/strong><\/p>\n<p class=\"MsoNormal\"><span style=\"mso-ansi-language: FR;\">Que contient-elle\u00a0?<\/span><\/p>\n<ul>\n<li class=\"MsoNormal\"><span style=\"mso-ansi-language: FR;\">Bol ext\u00e9rieur de la sorbeti\u00e8re<\/span><\/li>\n<li class=\"MsoNormal\"><span style=\"mso-ansi-language: FR;\">Plaque inf\u00e9rieure<\/span><\/li>\n<li class=\"MsoNormal\"><span style=\"mso-ansi-language: FR;\">Bol de cong\u00e9lation (dimensions : 205 mm de diam\u00e8tre, 135 mm de hauteur)<\/span><\/li>\n<li class=\"MsoNormal\"><span style=\"mso-ansi-language: FR;\">Couvercle pour bol de cong\u00e9lation<\/span><\/li>\n<li class=\"MsoNormal\"><span style=\"mso-ansi-language: FR;\">Spatule<\/span><\/li>\n<li class=\"MsoNormal\"><span style=\"mso-ansi-language: EN-US;\">Ellice<\/span><\/li>\n<\/ul>","protected":false},"excerpt":{"rendered":"<p>Avec notre sorbeti\u00e8re, vous pouvez facilement tout pr\u00e9parer, de la glace \u00e0 la vanille classique, un sorbet fruit\u00e9, un yaourt glac\u00e9, ou une nice cream healthy.<\/p>\n<p>Kit d\u2019accessoire complet pour cr\u00e8me glac\u00e9e pour Ankarsrum Assistent Original comprenant un couvercle pour le bol de cong\u00e9lation, pratique pour servir directement \u00e0 partir de celui-ci.<\/p>\n<p>Capacit\u00e9 :<br \/>La sorbeti\u00e8re peut contenir au total environ 700 g d\u2019ingr\u00e9dients. Cela vous permet d\u2019obtenir environ 1,5 l de glace pr\u00eate \u00e0 d\u00e9guster.<\/p>\n","protected":false},"featured_media":9412,"comment_status":"open","ping_status":"closed","template":"","meta":{"_acf_changed":false,"content-type":"","editor_notices":[]},"product_brand":[],"product_cat":[139],"product_tag":[],"product-tag":[],"machines":[],"filter":[],"class_list":{"0":"post-8932","1":"product","2":"type-product","3":"status-publish","4":"has-post-thumbnail","6":"product_cat-accessoires","8":"first","9":"instock","10":"taxable","11":"shipping-taxable","12":"purchasable","13":"product-type-simple"},"bundled_by":[],"bundle_stock_status":"instock","bundle_stock_quantity":null,"bundle_virtual":false,"bundle_layout":"","bundle_add_to_cart_form_location":"","bundle_editable_in_cart":false,"bundle_sold_individually_context":"","bundle_item_grouping":"","bundle_min_size":"","bundle_max_size":"","bundle_price":[],"bundled_items":[],"bundle_sell_ids":[],"acf":[],"yoast_head":"<!-- This site is optimized with the Yoast SEO Premium plugin v26.6 (Yoast SEO v26.6) - https:\/\/yoast.com\/wordpress\/plugins\/seo\/ -->\n<title>Sorbeti\u00e8re - Ankarsrum Switzerland French<\/title>\n<meta name=\"robots\" content=\"index, follow, max-snippet:-1, max-image-preview:large, max-video-preview:-1\" \/>\n<link rel=\"canonical\" href=\"https:\/\/www.ankarsrum.com\/ch-fr\/product\/sorbetiere-2\/\" \/>\n<meta property=\"og:locale\" content=\"fr_FR\" \/>\n<meta property=\"og:type\" content=\"article\" \/>\n<meta property=\"og:title\" content=\"Sorbeti\u00e8re\" \/>\n<meta property=\"og:description\" content=\"Avec notre sorbeti\u00e8re, vous pouvez facilement tout pr\u00e9parer, de la glace \u00e0 la vanille classique, un sorbet fruit\u00e9, un yaourt glac\u00e9, ou une nice cream healthy. Kit d\u2019accessoire complet pour cr\u00e8me glac\u00e9e pour Ankarsrum Assistent Original comprenant un couvercle pour le bol de cong\u00e9lation, pratique pour servir directement \u00e0 partir de celui-ci. Capacit\u00e9 :La sorbeti\u00e8re peut contenir au total environ 700 g d\u2019ingr\u00e9dients. Cela vous permet d\u2019obtenir environ 1,5 l de glace pr\u00eate \u00e0 d\u00e9guster.\" \/>\n<meta property=\"og:url\" content=\"https:\/\/www.ankarsrum.com\/ch-fr\/product\/sorbetiere-2\/\" \/>\n<meta property=\"og:site_name\" content=\"Ankarsrum Switzerland French\" \/>\n<meta property=\"article:modified_time\" content=\"2026-04-17T04:57:33+00:00\" \/>\n<meta property=\"og:image\" content=\"https:\/\/www.ankarsrum.com\/ch-fr\/wp-content\/uploads\/sites\/69\/2024\/09\/icecreammaker-med-spatel.jpg\" \/>\n\t<meta property=\"og:image:width\" content=\"1200\" \/>\n\t<meta property=\"og:image:height\" content=\"630\" \/>\n\t<meta property=\"og:image:type\" content=\"image\/jpeg\" \/>\n<meta name=\"twitter:card\" content=\"summary_large_image\" \/>\n<meta name=\"twitter:label1\" content=\"Dur\u00e9e de lecture estim\u00e9e\" \/>\n\t<meta name=\"twitter:data1\" content=\"1 minute\" \/>\n<script type=\"application\/ld+json\" class=\"yoast-schema-graph\">{\"@context\":\"https:\/\/schema.org\",\"@graph\":[{\"@type\":\"WebPage\",\"@id\":\"https:\/\/www.ankarsrum.com\/ch-fr\/product\/sorbetiere-2\/\",\"url\":\"https:\/\/www.ankarsrum.com\/ch-fr\/product\/sorbetiere-2\/\",\"name\":\"Sorbeti\u00e8re - Ankarsrum Switzerland French\",\"isPartOf\":{\"@id\":\"https:\/\/www.ankarsrum.com\/ch-fr\/#website\"},\"primaryImageOfPage\":{\"@id\":\"https:\/\/www.ankarsrum.com\/ch-fr\/product\/sorbetiere-2\/#primaryimage\"},\"image\":{\"@id\":\"https:\/\/www.ankarsrum.com\/ch-fr\/product\/sorbetiere-2\/#primaryimage\"},\"thumbnailUrl\":\"https:\/\/www.ankarsrum.com\/img-srv\/I96AmyfE1jiYljvVYpnQA5fFDre0pXijyZxZzmfZTWg\/resizing_type:auto\/width:0\/height:0\/gravity:sm\/enlarge:1\/ext:webp\/strip_metadata:1\/quality:90\/cachebuster:filesize-135773\/bG9jYWw6Ly8vd3d3LmFua2Fyc3J1bS5jb20vd3AtY29udGVudC91cGxvYWRzL3NpdGVzLzY5LzIwMjQvMDkvaWNlY3JlYW1tYWtlci1tZWQtc3BhdGVsLmpwZw.webp\",\"datePublished\":\"2024-07-16T09:08:59+00:00\",\"dateModified\":\"2026-04-17T04:57:33+00:00\",\"breadcrumb\":{\"@id\":\"https:\/\/www.ankarsrum.com\/ch-fr\/product\/sorbetiere-2\/#breadcrumb\"},\"inLanguage\":\"fr-FR\",\"potentialAction\":[{\"@type\":\"ReadAction\",\"target\":[\"https:\/\/www.ankarsrum.com\/ch-fr\/product\/sorbetiere-2\/\"]}]},{\"@type\":\"ImageObject\",\"inLanguage\":\"fr-FR\",\"@id\":\"https:\/\/www.ankarsrum.com\/ch-fr\/product\/sorbetiere-2\/#primaryimage\",\"url\":\"https:\/\/www.ankarsrum.com\/img-srv\/I96AmyfE1jiYljvVYpnQA5fFDre0pXijyZxZzmfZTWg\/resizing_type:auto\/width:0\/height:0\/gravity:sm\/enlarge:1\/ext:webp\/strip_metadata:1\/quality:90\/cachebuster:filesize-135773\/bG9jYWw6Ly8vd3d3LmFua2Fyc3J1bS5jb20vd3AtY29udGVudC91cGxvYWRzL3NpdGVzLzY5LzIwMjQvMDkvaWNlY3JlYW1tYWtlci1tZWQtc3BhdGVsLmpwZw.webp\",\"contentUrl\":\"https:\/\/www.ankarsrum.com\/img-srv\/I96AmyfE1jiYljvVYpnQA5fFDre0pXijyZxZzmfZTWg\/resizing_type:auto\/width:0\/height:0\/gravity:sm\/enlarge:1\/ext:webp\/strip_metadata:1\/quality:90\/cachebuster:filesize-135773\/bG9jYWw6Ly8vd3d3LmFua2Fyc3J1bS5jb20vd3AtY29udGVudC91cGxvYWRzL3NpdGVzLzY5LzIwMjQvMDkvaWNlY3JlYW1tYWtlci1tZWQtc3BhdGVsLmpwZw.webp\",\"width\":2000,\"height\":2000},{\"@type\":\"BreadcrumbList\",\"@id\":\"https:\/\/www.ankarsrum.com\/ch-fr\/product\/sorbetiere-2\/#breadcrumb\",\"itemListElement\":[{\"@type\":\"ListItem\",\"position\":1,\"name\":\"Home\",\"item\":\"https:\/\/www.ankarsrum.com\/ch-fr\/\"},{\"@type\":\"ListItem\",\"position\":2,\"name\":\"Produce name\",\"item\":\"https:\/\/www.ankarsrum.com\/ch-fr\/shop\/\"},{\"@type\":\"ListItem\",\"position\":3,\"name\":\"Sorbeti\u00e8re\"}]},{\"@type\":\"WebSite\",\"@id\":\"https:\/\/www.ankarsrum.com\/ch-fr\/#website\",\"url\":\"https:\/\/www.ankarsrum.com\/ch-fr\/\",\"name\":\"Ankarsrum Switzerland French\",\"description\":\"The bread of the world\",\"potentialAction\":[{\"@type\":\"SearchAction\",\"target\":{\"@type\":\"EntryPoint\",\"urlTemplate\":\"https:\/\/www.ankarsrum.com\/ch-fr\/?s={search_term_string}\"},\"query-input\":{\"@type\":\"PropertyValueSpecification\",\"valueRequired\":true,\"valueName\":\"search_term_string\"}}],\"inLanguage\":\"fr-FR\"}]}<\/script>\n<!-- \/ Yoast SEO Premium plugin. -->","yoast_head_json":{"title":"Sorbeti\u00e8re - Ankarsrum Switzerland French","robots":{"index":"index","follow":"follow","max-snippet":"max-snippet:-1","max-image-preview":"max-image-preview:large","max-video-preview":"max-video-preview:-1"},"canonical":"https:\/\/www.ankarsrum.com\/ch-fr\/product\/sorbetiere-2\/","og_locale":"fr_FR","og_type":"article","og_title":"Sorbeti\u00e8re","og_description":"Avec notre sorbeti\u00e8re, vous pouvez facilement tout pr\u00e9parer, de la glace \u00e0 la vanille classique, un sorbet fruit\u00e9, un yaourt glac\u00e9, ou une nice cream healthy. Kit d\u2019accessoire complet pour cr\u00e8me glac\u00e9e pour Ankarsrum Assistent Original comprenant un couvercle pour le bol de cong\u00e9lation, pratique pour servir directement \u00e0 partir de celui-ci. Capacit\u00e9 :La sorbeti\u00e8re peut contenir au total environ 700 g d\u2019ingr\u00e9dients. Cela vous permet d\u2019obtenir environ 1,5 l de glace pr\u00eate \u00e0 d\u00e9guster.","og_url":"https:\/\/www.ankarsrum.com\/ch-fr\/product\/sorbetiere-2\/","og_site_name":"Ankarsrum Switzerland French","article_modified_time":"2026-04-17T04:57:33+00:00","og_image":[{"width":1200,"height":630,"url":"https:\/\/www.ankarsrum.com\/ch-fr\/wp-content\/uploads\/sites\/69\/2024\/09\/icecreammaker-med-spatel.jpg","type":"image\/jpeg"}],"twitter_card":"summary_large_image","twitter_misc":{"Dur\u00e9e de lecture estim\u00e9e":"1 minute"},"schema":{"@context":"https:\/\/schema.org","@graph":[{"@type":"WebPage","@id":"https:\/\/www.ankarsrum.com\/ch-fr\/product\/sorbetiere-2\/","url":"https:\/\/www.ankarsrum.com\/ch-fr\/product\/sorbetiere-2\/","name":"Sorbeti\u00e8re - Ankarsrum Switzerland French","isPartOf":{"@id":"https:\/\/www.ankarsrum.com\/ch-fr\/#website"},"primaryImageOfPage":{"@id":"https:\/\/www.ankarsrum.com\/ch-fr\/product\/sorbetiere-2\/#primaryimage"},"image":{"@id":"https:\/\/www.ankarsrum.com\/ch-fr\/product\/sorbetiere-2\/#primaryimage"},"thumbnailUrl":"https:\/\/www.ankarsrum.com\/img-srv\/I96AmyfE1jiYljvVYpnQA5fFDre0pXijyZxZzmfZTWg\/resizing_type:auto\/width:0\/height:0\/gravity:sm\/enlarge:1\/ext:webp\/strip_metadata:1\/quality:90\/cachebuster:filesize-135773\/bG9jYWw6Ly8vd3d3LmFua2Fyc3J1bS5jb20vd3AtY29udGVudC91cGxvYWRzL3NpdGVzLzY5LzIwMjQvMDkvaWNlY3JlYW1tYWtlci1tZWQtc3BhdGVsLmpwZw.webp","datePublished":"2024-07-16T09:08:59+00:00","dateModified":"2026-04-17T04:57:33+00:00","breadcrumb":{"@id":"https:\/\/www.ankarsrum.com\/ch-fr\/product\/sorbetiere-2\/#breadcrumb"},"inLanguage":"fr-FR","potentialAction":[{"@type":"ReadAction","target":["https:\/\/www.ankarsrum.com\/ch-fr\/product\/sorbetiere-2\/"]}]},{"@type":"ImageObject","inLanguage":"fr-FR","@id":"https:\/\/www.ankarsrum.com\/ch-fr\/product\/sorbetiere-2\/#primaryimage","url":"https:\/\/www.ankarsrum.com\/img-srv\/I96AmyfE1jiYljvVYpnQA5fFDre0pXijyZxZzmfZTWg\/resizing_type:auto\/width:0\/height:0\/gravity:sm\/enlarge:1\/ext:webp\/strip_metadata:1\/quality:90\/cachebuster:filesize-135773\/bG9jYWw6Ly8vd3d3LmFua2Fyc3J1bS5jb20vd3AtY29udGVudC91cGxvYWRzL3NpdGVzLzY5LzIwMjQvMDkvaWNlY3JlYW1tYWtlci1tZWQtc3BhdGVsLmpwZw.webp","contentUrl":"https:\/\/www.ankarsrum.com\/img-srv\/I96AmyfE1jiYljvVYpnQA5fFDre0pXijyZxZzmfZTWg\/resizing_type:auto\/width:0\/height:0\/gravity:sm\/enlarge:1\/ext:webp\/strip_metadata:1\/quality:90\/cachebuster:filesize-135773\/bG9jYWw6Ly8vd3d3LmFua2Fyc3J1bS5jb20vd3AtY29udGVudC91cGxvYWRzL3NpdGVzLzY5LzIwMjQvMDkvaWNlY3JlYW1tYWtlci1tZWQtc3BhdGVsLmpwZw.webp","width":2000,"height":2000},{"@type":"BreadcrumbList","@id":"https:\/\/www.ankarsrum.com\/ch-fr\/product\/sorbetiere-2\/#breadcrumb","itemListElement":[{"@type":"ListItem","position":1,"name":"Home","item":"https:\/\/www.ankarsrum.com\/ch-fr\/"},{"@type":"ListItem","position":2,"name":"Produce name","item":"https:\/\/www.ankarsrum.com\/ch-fr\/shop\/"},{"@type":"ListItem","position":3,"name":"Sorbeti\u00e8re"}]},{"@type":"WebSite","@id":"https:\/\/www.ankarsrum.com\/ch-fr\/#website","url":"https:\/\/www.ankarsrum.com\/ch-fr\/","name":"Ankarsrum Switzerland French","description":"The bread of the world","potentialAction":[{"@type":"SearchAction","target":{"@type":"EntryPoint","urlTemplate":"https:\/\/www.ankarsrum.com\/ch-fr\/?s={search_term_string}"},"query-input":{"@type":"PropertyValueSpecification","valueRequired":true,"valueName":"search_term_string"}}],"inLanguage":"fr-FR"}]}},"_links":{"self":[{"href":"https:\/\/www.ankarsrum.com\/ch-fr\/wp-json\/wp\/v2\/product\/8932","targetHints":{"allow":["GET"]}}],"collection":[{"href":"https:\/\/www.ankarsrum.com\/ch-fr\/wp-json\/wp\/v2\/product"}],"about":[{"href":"https:\/\/www.ankarsrum.com\/ch-fr\/wp-json\/wp\/v2\/types\/product"}],"replies":[{"embeddable":true,"href":"https:\/\/www.ankarsrum.com\/ch-fr\/wp-json\/wp\/v2\/comments?post=8932"}],"wp:featuredmedia":[{"embeddable":true,"href":"https:\/\/www.ankarsrum.com\/ch-fr\/wp-json\/wp\/v2\/media\/9412"}],"wp:attachment":[{"href":"https:\/\/www.ankarsrum.com\/ch-fr\/wp-json\/wp\/v2\/media?parent=8932"}],"wp:term":[{"taxonomy":"product_brand","embeddable":true,"href":"https:\/\/www.ankarsrum.com\/ch-fr\/wp-json\/wp\/v2\/product_brand?post=8932"},{"taxonomy":"product_cat","embeddable":true,"href":"https:\/\/www.ankarsrum.com\/ch-fr\/wp-json\/wp\/v2\/product_cat?post=8932"},{"taxonomy":"product_tag","embeddable":true,"href":"https:\/\/www.ankarsrum.com\/ch-fr\/wp-json\/wp\/v2\/product_tag?post=8932"},{"taxonomy":"product-tag","embeddable":true,"href":"https:\/\/www.ankarsrum.com\/ch-fr\/wp-json\/wp\/v2\/product-tag?post=8932"},{"taxonomy":"machines","embeddable":true,"href":"https:\/\/www.ankarsrum.com\/ch-fr\/wp-json\/wp\/v2\/machines?post=8932"},{"taxonomy":"filter","embeddable":true,"href":"https:\/\/www.ankarsrum.com\/ch-fr\/wp-json\/wp\/v2\/filter?post=8932"}],"curies":[{"name":"wp","href":"https:\/\/api.w.org\/{rel}","templated":true}]}}