{"id":4823,"date":"2020-10-05T15:16:24","date_gmt":"2020-10-05T15:16:24","guid":{"rendered":"https:\/\/www.ankarsrum.com\/che\/?page_id=4823"},"modified":"2023-02-28T13:25:12","modified_gmt":"2023-02-28T13:25:12","slug":"tatkraeftige-unterstuetzung-in-ihrer-kueche","status":"publish","type":"page","link":"https:\/\/www.ankarsrum.com\/ch\/tatkraeftige-unterstuetzung-in-ihrer-kueche\/","title":{"rendered":"Tatkr\u00e4ftige Unterst\u00fctzung! In Ihrer K\u00fcche"},"content":{"rendered":"\n<div class=\"wp-block-columns alignfull is-layout-flex wp-container-core-columns-is-layout-28f84493 wp-block-columns-is-layout-flex\">\n<div class=\"wp-block-column is-layout-flow wp-block-column-is-layout-flow\">\n<div class=\"wp-block-cover has-background-dim-20 has-background-dim\" style=\"min-height:500px;aspect-ratio:unset;\"><img loading=\"lazy\" decoding=\"async\" width=\"1080\" height=\"1080\" class=\"wp-block-cover__image-background wp-image-7154\" alt=\"\" src=\"https:\/\/www.ankarsrum.com\/ch\/wp-content\/uploads\/sites\/30\/2022\/10\/1.png\" data-object-fit=\"cover\" srcset=\"https:\/\/www.ankarsrum.com\/ch\/wp-content\/uploads\/sites\/30\/2022\/10\/1.png 1080w, https:\/\/www.ankarsrum.com\/ch\/wp-content\/uploads\/sites\/30\/2022\/10\/1-300x300.png 300w, https:\/\/www.ankarsrum.com\/ch\/wp-content\/uploads\/sites\/30\/2022\/10\/1-1024x1024.png 1024w, https:\/\/www.ankarsrum.com\/ch\/wp-content\/uploads\/sites\/30\/2022\/10\/1-768x768.png 768w, https:\/\/www.ankarsrum.com\/ch\/wp-content\/uploads\/sites\/30\/2022\/10\/1-350x350.png 350w, https:\/\/www.ankarsrum.com\/ch\/wp-content\/uploads\/sites\/30\/2022\/10\/1-600x600.png 600w, https:\/\/www.ankarsrum.com\/ch\/wp-content\/uploads\/sites\/30\/2022\/10\/1-325x325.png 325w, https:\/\/www.ankarsrum.com\/ch\/wp-content\/uploads\/sites\/30\/2022\/10\/1-580x580.png 580w, https:\/\/www.ankarsrum.com\/ch\/wp-content\/uploads\/sites\/30\/2022\/10\/1-577x577.png 577w\" sizes=\"(max-width: 1080px) 100vw, 1080px\" \/><div class=\"wp-block-cover__inner-container is-layout-flow wp-block-cover-is-layout-flow\">\n<h2 class=\"has-text-align-center wp-block-heading\"><strong>K\u00fcchenmaschine<\/strong><\/h2>\n\n\n\n<p class=\"has-text-align-center\"><\/p>\n\n\n\n<div class=\"wp-block-buttons is-content-justification-center is-layout-flex wp-block-buttons-is-layout-flex\">\n<div class=\"wp-block-button wp-block-button btn-medium\"><a class=\"wp-block-button__link\" href=\"https:\/\/www.ankarsrum.com\/ch\/product-category\/unsere-farben\/\">Unsere farben<\/a><\/div>\n<\/div>\n<\/div><\/div>\n<\/div>\n\n\n\n<div class=\"wp-block-column is-layout-flow wp-block-column-is-layout-flow\">\n<div class=\"wp-block-cover has-background-dim-40 has-background-dim\" style=\"min-height:500px;aspect-ratio:unset;\"><img decoding=\"async\" class=\"wp-block-cover__image-background wp-image-31895\" alt=\"\" src=\"https:\/\/www.ankarsrum.com\/se\/wp-content\/uploads\/sites\/11\/2022\/09\/image_1-1-e1662984992928.jpg\" style=\"object-position:45% 3%\" data-object-fit=\"cover\" data-object-position=\"45% 3%\"\/><div class=\"wp-block-cover__inner-container is-layout-flow wp-block-cover-is-layout-flow\">\n<h2 class=\"has-text-align-center wp-block-heading\">Zubeh\u00f6r<\/h2>\n\n\n\n<p class=\"has-text-align-center\"><\/p>\n\n\n\n<div class=\"wp-block-buttons is-content-justification-center is-layout-flex wp-block-buttons-is-layout-flex\">\n<div class=\"wp-block-button wp-block-button btn-medium\"><a class=\"wp-block-button__link\" href=\"https:\/\/www.ankarsrum.com\/ch\/product-category\/zubehoer\/\">Unsere Zubeh\u00f6r<\/a><\/div>\n<\/div>\n<\/div><\/div>\n<\/div>\n<\/div>\n","protected":false},"excerpt":{"rendered":"<p>K\u00fcchenmaschine. Unsere farben. <\/p>\n","protected":false},"author":5,"featured_media":0,"parent":0,"menu_order":0,"comment_status":"closed","ping_status":"closed","template":"","meta":{"_acf_changed":false,"content-type":"","editor_notices":[],"footnotes":""},"class_list":["post-4823","page","type-page","status-publish","hentry"],"acf":[],"yoast_head":"<!-- This site is optimized with the Yoast SEO Premium plugin v26.6 (Yoast SEO v26.6) - https:\/\/yoast.com\/wordpress\/plugins\/seo\/ -->\n<title>Tatkr\u00e4ftige Unterst\u00fctzung! In Ihrer K\u00fcche - Ankarsrum Switzerland<\/title>\n<meta name=\"robots\" content=\"index, follow, max-snippet:-1, max-image-preview:large, max-video-preview:-1\" \/>\n<link rel=\"canonical\" href=\"https:\/\/www.ankarsrum.com\/ch\/tatkraeftige-unterstuetzung-in-ihrer-kueche\/\" \/>\n<meta property=\"og:locale\" content=\"de_DE\" \/>\n<meta property=\"og:type\" content=\"article\" \/>\n<meta property=\"og:title\" content=\"Tatkr\u00e4ftige Unterst\u00fctzung! In Ihrer K\u00fcche\" \/>\n<meta property=\"og:description\" content=\"K\u00fcchenmaschine. Unsere farben.\" \/>\n<meta property=\"og:url\" content=\"https:\/\/www.ankarsrum.com\/ch\/tatkraeftige-unterstuetzung-in-ihrer-kueche\/\" \/>\n<meta property=\"og:site_name\" content=\"Ankarsrum Switzerland\" \/>\n<meta property=\"article:modified_time\" content=\"2023-02-28T13:25:12+00:00\" \/>\n<meta property=\"og:image\" content=\"https:\/\/www.ankarsrum.com\/ch\/wp-content\/uploads\/sites\/30\/2022\/10\/1.png\" \/>\n<meta name=\"twitter:card\" content=\"summary_large_image\" \/>\n<meta name=\"twitter:label1\" content=\"Gesch\u00e4tzte Lesezeit\" \/>\n\t<meta name=\"twitter:data1\" content=\"1\u00a0Minute\" \/>\n<script type=\"application\/ld+json\" class=\"yoast-schema-graph\">{\"@context\":\"https:\/\/schema.org\",\"@graph\":[{\"@type\":\"WebPage\",\"@id\":\"https:\/\/www.ankarsrum.com\/ch\/tatkraeftige-unterstuetzung-in-ihrer-kueche\/\",\"url\":\"https:\/\/www.ankarsrum.com\/ch\/tatkraeftige-unterstuetzung-in-ihrer-kueche\/\",\"name\":\"Tatkr\u00e4ftige Unterst\u00fctzung! In Ihrer K\u00fcche - Ankarsrum Switzerland\",\"isPartOf\":{\"@id\":\"https:\/\/www.ankarsrum.com\/ch\/#website\"},\"primaryImageOfPage\":{\"@id\":\"https:\/\/www.ankarsrum.com\/ch\/tatkraeftige-unterstuetzung-in-ihrer-kueche\/#primaryimage\"},\"image\":{\"@id\":\"https:\/\/www.ankarsrum.com\/ch\/tatkraeftige-unterstuetzung-in-ihrer-kueche\/#primaryimage\"},\"thumbnailUrl\":\"https:\/\/www.ankarsrum.com\/ch\/wp-content\/uploads\/sites\/30\/2022\/10\/1.png\",\"datePublished\":\"2020-10-05T15:16:24+00:00\",\"dateModified\":\"2023-02-28T13:25:12+00:00\",\"breadcrumb\":{\"@id\":\"https:\/\/www.ankarsrum.com\/ch\/tatkraeftige-unterstuetzung-in-ihrer-kueche\/#breadcrumb\"},\"inLanguage\":\"de-CH\",\"potentialAction\":[{\"@type\":\"ReadAction\",\"target\":[\"https:\/\/www.ankarsrum.com\/ch\/tatkraeftige-unterstuetzung-in-ihrer-kueche\/\"]}]},{\"@type\":\"ImageObject\",\"inLanguage\":\"de-CH\",\"@id\":\"https:\/\/www.ankarsrum.com\/ch\/tatkraeftige-unterstuetzung-in-ihrer-kueche\/#primaryimage\",\"url\":\"https:\/\/www.ankarsrum.com\/img-srv\/NKznodKfJvIDUh3QjBh0ZkKT_6iVPUF49aOlfNhHhv0\/resizing_type:auto\/width:0\/height:0\/gravity:sm\/enlarge:1\/ext:webp\/strip_metadata:1\/quality:90\/cachebuster:filesize-1090595\/bG9jYWw6Ly8vd3d3LmFua2Fyc3J1bS5jb20vd3AtY29udGVudC91cGxvYWRzL3NpdGVzLzMwLzIwMjIvMTAvMS5wbmc.webp\",\"contentUrl\":\"https:\/\/www.ankarsrum.com\/img-srv\/NKznodKfJvIDUh3QjBh0ZkKT_6iVPUF49aOlfNhHhv0\/resizing_type:auto\/width:0\/height:0\/gravity:sm\/enlarge:1\/ext:webp\/strip_metadata:1\/quality:90\/cachebuster:filesize-1090595\/bG9jYWw6Ly8vd3d3LmFua2Fyc3J1bS5jb20vd3AtY29udGVudC91cGxvYWRzL3NpdGVzLzMwLzIwMjIvMTAvMS5wbmc.webp\",\"width\":1080,\"height\":1080},{\"@type\":\"BreadcrumbList\",\"@id\":\"https:\/\/www.ankarsrum.com\/ch\/tatkraeftige-unterstuetzung-in-ihrer-kueche\/#breadcrumb\",\"itemListElement\":[{\"@type\":\"ListItem\",\"position\":1,\"name\":\"Home\",\"item\":\"https:\/\/www.ankarsrum.com\/ch\/\"},{\"@type\":\"ListItem\",\"position\":2,\"name\":\"Tatkr\u00e4ftige Unterst\u00fctzung! In Ihrer K\u00fcche\"}]},{\"@type\":\"WebSite\",\"@id\":\"https:\/\/www.ankarsrum.com\/ch\/#website\",\"url\":\"https:\/\/www.ankarsrum.com\/ch\/\",\"name\":\"Ankarsrum Switzerland\",\"description\":\"The bread of the world\",\"potentialAction\":[{\"@type\":\"SearchAction\",\"target\":{\"@type\":\"EntryPoint\",\"urlTemplate\":\"https:\/\/www.ankarsrum.com\/ch\/?s={search_term_string}\"},\"query-input\":{\"@type\":\"PropertyValueSpecification\",\"valueRequired\":true,\"valueName\":\"search_term_string\"}}],\"inLanguage\":\"de-CH\"}]}<\/script>\n<!-- \/ Yoast SEO Premium plugin. -->","yoast_head_json":{"title":"Tatkr\u00e4ftige Unterst\u00fctzung! In Ihrer K\u00fcche - Ankarsrum Switzerland","robots":{"index":"index","follow":"follow","max-snippet":"max-snippet:-1","max-image-preview":"max-image-preview:large","max-video-preview":"max-video-preview:-1"},"canonical":"https:\/\/www.ankarsrum.com\/ch\/tatkraeftige-unterstuetzung-in-ihrer-kueche\/","og_locale":"de_DE","og_type":"article","og_title":"Tatkr\u00e4ftige Unterst\u00fctzung! In Ihrer K\u00fcche","og_description":"K\u00fcchenmaschine. Unsere farben.","og_url":"https:\/\/www.ankarsrum.com\/ch\/tatkraeftige-unterstuetzung-in-ihrer-kueche\/","og_site_name":"Ankarsrum Switzerland","article_modified_time":"2023-02-28T13:25:12+00:00","og_image":[{"url":"https:\/\/www.ankarsrum.com\/ch\/wp-content\/uploads\/sites\/30\/2022\/10\/1.png","type":"","width":"","height":""}],"twitter_card":"summary_large_image","twitter_misc":{"Gesch\u00e4tzte Lesezeit":"1\u00a0Minute"},"schema":{"@context":"https:\/\/schema.org","@graph":[{"@type":"WebPage","@id":"https:\/\/www.ankarsrum.com\/ch\/tatkraeftige-unterstuetzung-in-ihrer-kueche\/","url":"https:\/\/www.ankarsrum.com\/ch\/tatkraeftige-unterstuetzung-in-ihrer-kueche\/","name":"Tatkr\u00e4ftige Unterst\u00fctzung! In Ihrer K\u00fcche - Ankarsrum Switzerland","isPartOf":{"@id":"https:\/\/www.ankarsrum.com\/ch\/#website"},"primaryImageOfPage":{"@id":"https:\/\/www.ankarsrum.com\/ch\/tatkraeftige-unterstuetzung-in-ihrer-kueche\/#primaryimage"},"image":{"@id":"https:\/\/www.ankarsrum.com\/ch\/tatkraeftige-unterstuetzung-in-ihrer-kueche\/#primaryimage"},"thumbnailUrl":"https:\/\/www.ankarsrum.com\/ch\/wp-content\/uploads\/sites\/30\/2022\/10\/1.png","datePublished":"2020-10-05T15:16:24+00:00","dateModified":"2023-02-28T13:25:12+00:00","breadcrumb":{"@id":"https:\/\/www.ankarsrum.com\/ch\/tatkraeftige-unterstuetzung-in-ihrer-kueche\/#breadcrumb"},"inLanguage":"de-CH","potentialAction":[{"@type":"ReadAction","target":["https:\/\/www.ankarsrum.com\/ch\/tatkraeftige-unterstuetzung-in-ihrer-kueche\/"]}]},{"@type":"ImageObject","inLanguage":"de-CH","@id":"https:\/\/www.ankarsrum.com\/ch\/tatkraeftige-unterstuetzung-in-ihrer-kueche\/#primaryimage","url":"https:\/\/www.ankarsrum.com\/img-srv\/NKznodKfJvIDUh3QjBh0ZkKT_6iVPUF49aOlfNhHhv0\/resizing_type:auto\/width:0\/height:0\/gravity:sm\/enlarge:1\/ext:webp\/strip_metadata:1\/quality:90\/cachebuster:filesize-1090595\/bG9jYWw6Ly8vd3d3LmFua2Fyc3J1bS5jb20vd3AtY29udGVudC91cGxvYWRzL3NpdGVzLzMwLzIwMjIvMTAvMS5wbmc.webp","contentUrl":"https:\/\/www.ankarsrum.com\/img-srv\/NKznodKfJvIDUh3QjBh0ZkKT_6iVPUF49aOlfNhHhv0\/resizing_type:auto\/width:0\/height:0\/gravity:sm\/enlarge:1\/ext:webp\/strip_metadata:1\/quality:90\/cachebuster:filesize-1090595\/bG9jYWw6Ly8vd3d3LmFua2Fyc3J1bS5jb20vd3AtY29udGVudC91cGxvYWRzL3NpdGVzLzMwLzIwMjIvMTAvMS5wbmc.webp","width":1080,"height":1080},{"@type":"BreadcrumbList","@id":"https:\/\/www.ankarsrum.com\/ch\/tatkraeftige-unterstuetzung-in-ihrer-kueche\/#breadcrumb","itemListElement":[{"@type":"ListItem","position":1,"name":"Home","item":"https:\/\/www.ankarsrum.com\/ch\/"},{"@type":"ListItem","position":2,"name":"Tatkr\u00e4ftige Unterst\u00fctzung! In Ihrer K\u00fcche"}]},{"@type":"WebSite","@id":"https:\/\/www.ankarsrum.com\/ch\/#website","url":"https:\/\/www.ankarsrum.com\/ch\/","name":"Ankarsrum Switzerland","description":"The bread of the world","potentialAction":[{"@type":"SearchAction","target":{"@type":"EntryPoint","urlTemplate":"https:\/\/www.ankarsrum.com\/ch\/?s={search_term_string}"},"query-input":{"@type":"PropertyValueSpecification","valueRequired":true,"valueName":"search_term_string"}}],"inLanguage":"de-CH"}]}},"_links":{"self":[{"href":"https:\/\/www.ankarsrum.com\/ch\/wp-json\/wp\/v2\/pages\/4823","targetHints":{"allow":["GET"]}}],"collection":[{"href":"https:\/\/www.ankarsrum.com\/ch\/wp-json\/wp\/v2\/pages"}],"about":[{"href":"https:\/\/www.ankarsrum.com\/ch\/wp-json\/wp\/v2\/types\/page"}],"author":[{"embeddable":true,"href":"https:\/\/www.ankarsrum.com\/ch\/wp-json\/wp\/v2\/users\/5"}],"replies":[{"embeddable":true,"href":"https:\/\/www.ankarsrum.com\/ch\/wp-json\/wp\/v2\/comments?post=4823"}],"version-history":[{"count":5,"href":"https:\/\/www.ankarsrum.com\/ch\/wp-json\/wp\/v2\/pages\/4823\/revisions"}],"predecessor-version":[{"id":7545,"href":"https:\/\/www.ankarsrum.com\/ch\/wp-json\/wp\/v2\/pages\/4823\/revisions\/7545"}],"wp:attachment":[{"href":"https:\/\/www.ankarsrum.com\/ch\/wp-json\/wp\/v2\/media?parent=4823"}],"curies":[{"name":"wp","href":"https:\/\/api.w.org\/{rel}","templated":true}]}}