{"id":9140,"date":"2024-10-03T17:58:45","date_gmt":"2024-10-03T17:58:45","guid":{"rendered":"https:\/\/www.ankarsrum.com\/ch\/?page_id=9140"},"modified":"2024-10-04T08:48:00","modified_gmt":"2024-10-04T08:48:00","slug":"allgemeine-geschaeftsbedingungen","status":"publish","type":"page","link":"https:\/\/www.ankarsrum.com\/ch\/allgemeine-geschaeftsbedingungen\/","title":{"rendered":"Allgemeine Gesch\u00e4ftsbedingungen"},"content":{"rendered":"<strong>\u00dcber Ankarsrum Kitchen AB<\/strong>\r\n\r\nAnkarsrum Kitchen AB (Ankarsrum Kitchen) produziert, vermarktet, verkauft und vertreibt K\u00fcchenmaschinen der Marken Ankarsrum\u00ae, Assistent Original\u00ae und deren Zubeh\u00f6r.\r\n\r\nBei K\u00e4ufen \u00fcber <a href=\"http:\/\/www.ankarsrum.com\/ch\">www.ankarsrum.com\/ch<\/a> wird der Kaufvertrag von Ankarsrum Kitchen, dem f\u00fcr die Schweiz ernannten Vertriebspartner, abgeschlossen:\r\n\r\nAvissa Switzerland GmbH\r\nDorfstasse 29\r\nCH-8184 Bachenb\u00fclach\r\nSchweiz\r\n\r\nMWST-Nr. \u2013 245 984.435 MWST\r\n\r\n<strong>Kundendienst\r\n<\/strong><strong>Telefon: <\/strong>+41 44 860 27 66\r\n<strong>E-Mail: <\/strong>info@avissa.ch\r\n\r\n<strong>Allgemeines\r\n<\/strong>Diese Allgemeinen Gesch\u00e4ftsbedingungen gelten, wenn Sie als Verbraucher (Einzelperson) eine Bestellung im E-Commerce von Ankarsrum Kitchen unter <a href=\"http:\/\/www.ankarsrum.com\/ch\">http:\/\/www.ankarsrum.com\/ch<\/a> aufgeben. Ein Vertrag zwischen Ihnen und der Avissa GmbH \u00fcber die Lieferung Ihrer bestellten Produkte kommt zustande, wenn Sie eine Auftragsbest\u00e4tigung erhalten.\r\n\r\nUm im E-Commerce von Ankarsrum Kitchen einkaufen zu k\u00f6nnen, m\u00fcssen Sie mindestens 18 Jahre alt sein, nicht unter Vormundschaft stehen und rechtlich in der Lage sein, Vertr\u00e4ge abzuschlie\u00dfen. Wenn Sie unter 18 Jahre alt sind, m\u00fcssen Sie die Erlaubnis eines Elternteils haben, um bei uns zu bestellen.\r\n\r\nWir behalten uns das Recht vor, die Lieferzeit bei Verz\u00f6gerungen zu \u00e4ndern. Alle Bestellungen unterliegen der Verf\u00fcgbarkeit und der Best\u00e4tigung des Bestellpreises. Dar\u00fcber hinaus behalten wir uns das Recht vor, aufgrund von technischen Fehlern, Druckfehlern und Tippfehlern Aktualisierungen an der Website vorzunehmen. Wir behalten uns das Recht vor, Fehler in den Preisinformationen vor der Bearbeitung der Bestellung und offensichtliche Fehler in den Preisinformationen bei der Bearbeitung der Bestellung zu korrigieren.\r\n\r\nWeitere Informationen dar\u00fcber, wie Ankarsrum Kitchen mit Ihren personenbezogenen Daten umgeht und diese verarbeitet, finden Sie in der Datenschutzerkl\u00e4rung von Ankarsrum Kitchen.\r\n\r\n<strong>Lieferungen und Bestellungen<\/strong>\r\nBesch\u00e4digungen an den Produkten, die w\u00e4hrend des Transports entstanden sind, m\u00fcssen unverz\u00fcglich, sp\u00e4testens 7 Tage nach Eingang der Sendung vom Empf\u00e4nger, der Avissa GmbH gemeldet werden.\r\n\r\n<strong>Force Majeure\r\n<\/strong>Avissa GmbH ist nicht haftbar oder verantwortlich f\u00fcr die Nichterf\u00fcllung oder Verz\u00f6gerung der Erf\u00fcllung einer ihrer Verpflichtungen aus diesen Bedingungen, die durch Ereignisse verursacht werden, die au\u00dferhalb ihrer Kontrolle liegen, oder die Erf\u00fcllung w\u00fcrde Opfer erfordern, die im Hinblick auf das Interesse des Kunden an der Erf\u00fcllung des Kaufs durch die Avissa GmbH nicht angemessen sind. Der Kunde hat keinen Anspruch auf Ersatz des Schadens, der durch den Verzug oder das Verschulden der Avissa GmbH entstanden ist, wenn der Verzug oder die St\u00f6rung auf ein Hindernis zur\u00fcckzuf\u00fchren ist, das au\u00dferhalb der Kontrolle der Avissa GmbH liegt und das zum Zeitpunkt des Kaufs nicht vorhersehbar war und dessen Folgen die Avissa GmbH nicht h\u00e4tte vermeiden oder beseitigen k\u00f6nnen.\r\n\r\n<strong>K\u00e4ufe \u00fcber Distributoren\r\n<\/strong>Wenn Sie eines unserer Produkte, die Sie \u00fcber einen anderen Ankarsrum Kitchen-Distributoren als die Avissa GmbH gekauft haben, reklamieren oder zur\u00fcckgeben m\u00f6chten, sollten Sie sich mit Ihrer R\u00fccksendung oder Beschwerde an den entsprechenden Distributor wenden. Informationen dar\u00fcber, welcher Distributor f\u00fcr Ihren Einkauf relevant ist, finden Sie in Ihrer Auftragsbest\u00e4tigung und eine \u00dcbersicht unserer Distributoren finden Sie auch hier <a href=\"https:\/\/www.ankarsrum.com\/distributors\/\">https:\/\/www.ankarsrum.com\/distributors\/<\/a>.\r\n\r\nDie Avissa GmbH bearbeitet keine Reklamationen oder R\u00fccksendungen in Bezug auf Produkte, die nicht direkt bei ihr \u00fcber www.ankarsrum.com\/ch bestellt wurden.\r\n\r\n<strong>Gew\u00e4hrleistung\r\n<\/strong>F\u00fcr das Maschinenmodell AKM6230 mit 1500-Watt-Motor gilt eine Werksgarantie von sieben (7) Jahren, die die Maschine mit Ausnahme der Edelstahlr\u00fchrsch\u00fcsssel und des sonstigen Zubeh\u00f6rs abdeckt. F\u00fcr \u00e4ltere Modelle gilt eine Werksgarantie von f\u00fcnf (5) Jahren, die die Maschine mit Ausnahme der Edelstahlr\u00fchrsch\u00fcsssel und anderer Zubeh\u00f6rteile abdeckt.\r\n\r\nDie Garantie gilt nur f\u00fcr Maschinen, die in Ihrem eigenen Haushalt verwendet werden, und unter der Bedingung, dass Sie die Anweisungen in der Bedienungsanleitung befolgt haben. Die Gew\u00e4hrleistung gilt nicht bei Transportsch\u00e4den oder bei unsachgem\u00e4\u00dfer oder nachl\u00e4ssiger Behandlung oder gewerblicher Nutzung. Die Gew\u00e4hrleistung gilt nicht bei unsachgem\u00e4\u00dfer Pflege. Die Maschine darf nur f\u00fcr den bestimmungsgem\u00e4\u00dfen Gebrauch verwendet werden. Die Maschine darf nur von Mitarbeitern von Ankarsrum Kitchen, Avissa GmbH oder einer von ihr benannten Servicestelle ge\u00f6ffnet oder auf andere Weise repariert werden, damit die Garantie nicht verf\u00e4llt.\r\n\r\nWenn das Ger\u00e4t an anderen Orten als einem Haushalt verwendet wird, z. B. in einer Industrie, auf Bauernh\u00f6fen oder Bed &amp; Breakfast-Betrieben oder \u00e4hnlichem, Referenz IEC 60335 2-14 \u00a71, ist die Garantiezeit auf ein (1) Jahr beschr\u00e4nkt. Die Garantie gilt nur, wenn Sie die Hinweise in der Bedienungsanleitung und die Sicherheitshinweise, die mit der Lieferung des Produkts geliefert wurden, befolgen.\r\n\r\n<strong>Kosten f\u00fcr Gew\u00e4hrleistung und Reklamationen<\/strong>\r\nDie Kosten f\u00fcr den R\u00fcckversand wird durch Sie \u00fcbernommen.\r\n\r\n<strong>Zahlung und Preise<\/strong>\r\n<strong>\r\n<\/strong><em>Sichere Zahlung\r\n<\/em>Einkaufen im E-Commerce von Ankarsrum Kitchen ist sicher und einfach. Sie k\u00f6nnen zwischen verschiedenen Kartenzahlungsmethoden w\u00e4hlen.\r\n\r\n<em>Zahlung mit Karte\r\n<\/em>Wenn Sie eine Debit- oder Kreditkarte besitzen , die von einer der angebotenen Zahlungsmethoden ausgestellt wurde, k\u00f6nnen Sie mit Ihrer Kreditkarte bezahlen. Wenn Sie sich f\u00fcr diese Zahlungsoption entscheiden, wird der Betrag auf Ihrer Kreditkarte f\u00fcr Ihre Bestellung reserviert und die Zahlung erfolgt erst, wenn die Ware an Sie versendet wird.\r\n\r\n<em>Preise\r\n<\/em>Alle Preise auf www.ankarsrum.com\/ch sind in CHF angegeben und enthalten die Mehrwertsteuer, die Mehrwertsteuer ist auf der Auftragsbest\u00e4tigung\/Quittung angegeben.\r\n\r\n<strong>\u00c4nderung \/ Stornierung\r\n<\/strong>Um eine Bestellung zu \u00e4ndern oder zu stornieren, kontaktieren Sie bitte so schnell wie m\u00f6glich die Avissa GmbH\u00a0 \u00fcber info@avissa.ch oder telefonisch unter +41 44 860 27 66. Achten Sie darauf, dass Sie sich auf Ihre Bestellnummer beziehen. Wir behalten uns das Recht vor, einen Antrag auf \u00c4nderung oder Stornierung abzulehnen.\r\n\r\n<strong>Produktinformationen und Bilder<\/strong>\r\nWenn Sie Fragen zu einem Produkt haben, wenden Sie sich bitte an den Kundendienst der Avissa GmbH, um weitere Informationen zu erhalten.\r\n\r\nAlle Inhalte auf www.ankarsrum.com\/ch sind Eigentum von Ankarsrum Kitchen AB. Die Informationen sind unter anderem durch Gesetze zum Schutz des geistigen Eigentums und des Marketings gesch\u00fctzt. Das bedeutet, dass Marken, Firmennamen, Produktnamen, Bilder und Grafiken, Design, Layout und Informationen \u00fcber Produkte, Dienstleistungen und andere Inhalte ohne vorherige schriftliche Zustimmung von Ankarsrum Kitchen nicht kopiert oder verwendet werden d\u00fcrfen.\r\n\r\n<strong>Anwendbares Recht und Streitigkeiten\/Rechtswahl und Gerichtsstand<\/strong>\r\n\r\nIm Falle von Streitigkeiten gilt ausschliesslich materielles Schweizer Recht unter Ausschluss der Bestimmungen des Kollisionsrechts. Das UN-Kaufrecht (CISG, Wiener \u00dcbereinkommen \u00fcber Vertr\u00e4ge \u00fcber den internationalen Warenkauf) wird ausdr\u00fccklich ausgeschlossen. Ausschliesslicher Gerichtsstand ist Z\u00fcrich (Stadt).\r\n\r\n<strong>\u00c4nderungen dieser Allgemeinen Gesch\u00e4ftsbedingungen\r\n<\/strong>Ankarsrum Kitchen beh\u00e4lt sich das Recht vor, \u00c4nderungen an den Allgemeinen Gesch\u00e4ftsbedingungen vorzunehmen. \u00c4nderungen der Allgemeinen Gesch\u00e4ftsbedingungen werden am www.ankarsrum.com\/ch bekannt gegeben. Die jeweils geltenden Allgemeinen Gesch\u00e4ftsbedingungen sind auf <a href=\"http:\/\/www.ankarsrum.com\/\">http:\/\/www.ankarsrum.com<\/a>\r\n\r\n<strong>Salvatorische Klausel<\/strong>\r\n\r\nSofern eine Bestimmung dieser AGB unwirksam ist, bleiben die \u00fcbrigen Bestimmungen von dieser Unwirksamkeit unber\u00fchrt. Die unwirksame Bestimmung wird durch eine solche ersetzt, die dem Sinn und Zweck der unwirksamen Bestimmung in rechtswirksamer Weise wirtschaftlich am n\u00e4chsten kommt. Gleiches gilt f\u00fcr eventuelle Regelungsl\u00fccken.<strong>\u00a0<\/strong>\r\n\r\n<strong>Der Kundendienst der Avissa GmbH<\/strong>\r\n\r\nSie k\u00f6nnen sich an den Kundendienst der Avissa GmbH wenden, wenn Sie Fragen haben oder alles andere zu den Allgemeinen Gesch\u00e4ftsbedingungen des Unternehmens haben, wenn Sie eine Beratung bei der Produktauswahl w\u00fcnschen, k\u00f6nnen Sie sich auch an uns wenden. Die Kontaktinformationen f\u00fcr den Kundendienst finden Sie unten.\r\n\r\n<strong>Telefon: <\/strong>+41 44 860 27 66\r\n<strong>E-Mail: <\/strong>info@avissa.ch","protected":false},"excerpt":{"rendered":"<p>\u00dcber Ankarsrum Kitchen AB. www.ankarsrum.com\/ch. Kundendienst. Telefon:. E-Mail:. <\/p>\n","protected":false},"author":224,"featured_media":0,"parent":0,"menu_order":0,"comment_status":"closed","ping_status":"closed","template":"","meta":{"_acf_changed":false,"content-type":"","editor_notices":[],"footnotes":""},"class_list":["post-9140","page","type-page","status-publish","hentry"],"acf":[],"yoast_head":"<!-- This site is optimized with the Yoast SEO Premium plugin v26.6 (Yoast SEO v26.6) - https:\/\/yoast.com\/wordpress\/plugins\/seo\/ -->\n<title>Allgemeine Gesch\u00e4ftsbedingungen - Ankarsrum Switzerland<\/title>\n<meta name=\"robots\" content=\"index, follow, max-snippet:-1, max-image-preview:large, max-video-preview:-1\" \/>\n<link rel=\"canonical\" href=\"https:\/\/www.ankarsrum.com\/ch\/allgemeine-geschaeftsbedingungen\/\" \/>\n<meta property=\"og:locale\" content=\"de_DE\" \/>\n<meta property=\"og:type\" content=\"article\" \/>\n<meta property=\"og:title\" content=\"Allgemeine Gesch\u00e4ftsbedingungen\" \/>\n<meta property=\"og:description\" content=\"\u00dcber Ankarsrum Kitchen AB. www.ankarsrum.com\/ch. Kundendienst. Telefon:. E-Mail:.\" \/>\n<meta property=\"og:url\" content=\"https:\/\/www.ankarsrum.com\/ch\/allgemeine-geschaeftsbedingungen\/\" \/>\n<meta property=\"og:site_name\" content=\"Ankarsrum Switzerland\" \/>\n<meta property=\"article:modified_time\" content=\"2024-10-04T08:48:00+00:00\" \/>\n<meta name=\"twitter:card\" content=\"summary_large_image\" \/>\n<meta name=\"twitter:label1\" content=\"Gesch\u00e4tzte Lesezeit\" \/>\n\t<meta name=\"twitter:data1\" content=\"7\u00a0Minuten\" \/>\n<script type=\"application\/ld+json\" class=\"yoast-schema-graph\">{\"@context\":\"https:\/\/schema.org\",\"@graph\":[{\"@type\":\"WebPage\",\"@id\":\"https:\/\/www.ankarsrum.com\/ch\/allgemeine-geschaeftsbedingungen\/\",\"url\":\"https:\/\/www.ankarsrum.com\/ch\/allgemeine-geschaeftsbedingungen\/\",\"name\":\"Allgemeine Gesch\u00e4ftsbedingungen - Ankarsrum Switzerland\",\"isPartOf\":{\"@id\":\"https:\/\/www.ankarsrum.com\/ch\/#website\"},\"datePublished\":\"2024-10-03T17:58:45+00:00\",\"dateModified\":\"2024-10-04T08:48:00+00:00\",\"breadcrumb\":{\"@id\":\"https:\/\/www.ankarsrum.com\/ch\/allgemeine-geschaeftsbedingungen\/#breadcrumb\"},\"inLanguage\":\"de-CH\",\"potentialAction\":[{\"@type\":\"ReadAction\",\"target\":[\"https:\/\/www.ankarsrum.com\/ch\/allgemeine-geschaeftsbedingungen\/\"]}]},{\"@type\":\"BreadcrumbList\",\"@id\":\"https:\/\/www.ankarsrum.com\/ch\/allgemeine-geschaeftsbedingungen\/#breadcrumb\",\"itemListElement\":[{\"@type\":\"ListItem\",\"position\":1,\"name\":\"Home\",\"item\":\"https:\/\/www.ankarsrum.com\/ch\/\"},{\"@type\":\"ListItem\",\"position\":2,\"name\":\"Allgemeine Gesch\u00e4ftsbedingungen\"}]},{\"@type\":\"WebSite\",\"@id\":\"https:\/\/www.ankarsrum.com\/ch\/#website\",\"url\":\"https:\/\/www.ankarsrum.com\/ch\/\",\"name\":\"Ankarsrum Switzerland\",\"description\":\"The bread of the world\",\"potentialAction\":[{\"@type\":\"SearchAction\",\"target\":{\"@type\":\"EntryPoint\",\"urlTemplate\":\"https:\/\/www.ankarsrum.com\/ch\/?s={search_term_string}\"},\"query-input\":{\"@type\":\"PropertyValueSpecification\",\"valueRequired\":true,\"valueName\":\"search_term_string\"}}],\"inLanguage\":\"de-CH\"}]}<\/script>\n<!-- \/ Yoast SEO Premium plugin. -->","yoast_head_json":{"title":"Allgemeine Gesch\u00e4ftsbedingungen - Ankarsrum Switzerland","robots":{"index":"index","follow":"follow","max-snippet":"max-snippet:-1","max-image-preview":"max-image-preview:large","max-video-preview":"max-video-preview:-1"},"canonical":"https:\/\/www.ankarsrum.com\/ch\/allgemeine-geschaeftsbedingungen\/","og_locale":"de_DE","og_type":"article","og_title":"Allgemeine Gesch\u00e4ftsbedingungen","og_description":"\u00dcber Ankarsrum Kitchen AB. www.ankarsrum.com\/ch. Kundendienst. Telefon:. E-Mail:.","og_url":"https:\/\/www.ankarsrum.com\/ch\/allgemeine-geschaeftsbedingungen\/","og_site_name":"Ankarsrum Switzerland","article_modified_time":"2024-10-04T08:48:00+00:00","twitter_card":"summary_large_image","twitter_misc":{"Gesch\u00e4tzte Lesezeit":"7\u00a0Minuten"},"schema":{"@context":"https:\/\/schema.org","@graph":[{"@type":"WebPage","@id":"https:\/\/www.ankarsrum.com\/ch\/allgemeine-geschaeftsbedingungen\/","url":"https:\/\/www.ankarsrum.com\/ch\/allgemeine-geschaeftsbedingungen\/","name":"Allgemeine Gesch\u00e4ftsbedingungen - Ankarsrum Switzerland","isPartOf":{"@id":"https:\/\/www.ankarsrum.com\/ch\/#website"},"datePublished":"2024-10-03T17:58:45+00:00","dateModified":"2024-10-04T08:48:00+00:00","breadcrumb":{"@id":"https:\/\/www.ankarsrum.com\/ch\/allgemeine-geschaeftsbedingungen\/#breadcrumb"},"inLanguage":"de-CH","potentialAction":[{"@type":"ReadAction","target":["https:\/\/www.ankarsrum.com\/ch\/allgemeine-geschaeftsbedingungen\/"]}]},{"@type":"BreadcrumbList","@id":"https:\/\/www.ankarsrum.com\/ch\/allgemeine-geschaeftsbedingungen\/#breadcrumb","itemListElement":[{"@type":"ListItem","position":1,"name":"Home","item":"https:\/\/www.ankarsrum.com\/ch\/"},{"@type":"ListItem","position":2,"name":"Allgemeine Gesch\u00e4ftsbedingungen"}]},{"@type":"WebSite","@id":"https:\/\/www.ankarsrum.com\/ch\/#website","url":"https:\/\/www.ankarsrum.com\/ch\/","name":"Ankarsrum Switzerland","description":"The bread of the world","potentialAction":[{"@type":"SearchAction","target":{"@type":"EntryPoint","urlTemplate":"https:\/\/www.ankarsrum.com\/ch\/?s={search_term_string}"},"query-input":{"@type":"PropertyValueSpecification","valueRequired":true,"valueName":"search_term_string"}}],"inLanguage":"de-CH"}]}},"_links":{"self":[{"href":"https:\/\/www.ankarsrum.com\/ch\/wp-json\/wp\/v2\/pages\/9140","targetHints":{"allow":["GET"]}}],"collection":[{"href":"https:\/\/www.ankarsrum.com\/ch\/wp-json\/wp\/v2\/pages"}],"about":[{"href":"https:\/\/www.ankarsrum.com\/ch\/wp-json\/wp\/v2\/types\/page"}],"author":[{"embeddable":true,"href":"https:\/\/www.ankarsrum.com\/ch\/wp-json\/wp\/v2\/users\/224"}],"replies":[{"embeddable":true,"href":"https:\/\/www.ankarsrum.com\/ch\/wp-json\/wp\/v2\/comments?post=9140"}],"version-history":[{"count":3,"href":"https:\/\/www.ankarsrum.com\/ch\/wp-json\/wp\/v2\/pages\/9140\/revisions"}],"predecessor-version":[{"id":9163,"href":"https:\/\/www.ankarsrum.com\/ch\/wp-json\/wp\/v2\/pages\/9140\/revisions\/9163"}],"wp:attachment":[{"href":"https:\/\/www.ankarsrum.com\/ch\/wp-json\/wp\/v2\/media?parent=9140"}],"curies":[{"name":"wp","href":"https:\/\/api.w.org\/{rel}","templated":true}]}}