{"id":5298,"date":"2024-07-15T12:17:57","date_gmt":"2024-07-15T12:17:57","guid":{"rendered":"https:\/\/www.ankarsrum.com\/ch\/product\/passiervorsatz\/"},"modified":"2026-04-30T20:51:20","modified_gmt":"2026-04-30T20:51:20","slug":"passiervorsatz","status":"publish","type":"product","link":"https:\/\/www.ankarsrum.com\/ch\/product\/passiervorsatz\/","title":{"rendered":"Passiervorsatz"},"content":{"rendered":"<p>\u2022 Der Passiervorsatz dient zum Passieren von Obst und Beeren zu Mus oder P\u00fcree. Schneiden Sie Kernobst in St\u00fccke und entfernen Sie den Kern.<br \/>\u2022 Stellen Sie mithilfe der Stellschraube ein, wie fest oder weich das Mus werden soll. Fangen Sie f\u00fcr beste Ergebnisse immer auf der innersten Position an.<br \/>\u2022 Der Passiervorsatz besteht aus Passierschnecke, Ventil, Passierrohr, Stellschraube und Passierrinne.<\/p>","protected":false},"excerpt":{"rendered":"<p>Willkommen in einer Welt mit mehr Obst und Gem\u00fcse! Der Passiervorsatz dient zum Passieren von Obst und Beeren zu Mus oder P\u00fcree. Schneiden Sie Kernobst in St\u00fccke und entfernen Sie den Kern.<\/p>\n","protected":false},"featured_media":8882,"comment_status":"open","ping_status":"closed","template":"","meta":{"_acf_changed":false,"content-type":"","editor_notices":[]},"product_brand":[],"product_cat":[351],"product_tag":[],"product-tag":[],"machines":[],"filter":[204,199],"class_list":{"0":"post-5298","1":"product","2":"type-product","3":"status-publish","4":"has-post-thumbnail","6":"product_cat-ankarsrum-zubehor","7":"filter-dessert","8":"filter-fleischwolf","10":"first","11":"instock","12":"taxable","13":"shipping-taxable","14":"purchasable","15":"product-type-simple"},"bundled_by":[],"bundle_stock_status":"instock","bundle_stock_quantity":null,"bundle_virtual":false,"bundle_layout":"","bundle_add_to_cart_form_location":"","bundle_editable_in_cart":false,"bundle_sold_individually_context":"","bundle_item_grouping":"","bundle_min_size":"","bundle_max_size":"","bundle_price":[],"bundled_items":[],"bundle_sell_ids":[],"acf":[],"yoast_head":"<!-- This site is optimized with the Yoast SEO Premium plugin v26.6 (Yoast SEO v26.6) - https:\/\/yoast.com\/wordpress\/plugins\/seo\/ -->\n<title>Passiervorsatz - Ankarsrum Switzerland<\/title>\n<meta name=\"robots\" content=\"index, follow, max-snippet:-1, max-image-preview:large, max-video-preview:-1\" \/>\n<link rel=\"canonical\" href=\"https:\/\/www.ankarsrum.com\/ch\/product\/passiervorsatz\/\" \/>\n<meta property=\"og:locale\" content=\"de_DE\" \/>\n<meta property=\"og:type\" content=\"article\" \/>\n<meta property=\"og:title\" content=\"Passiervorsatz\" \/>\n<meta property=\"og:description\" content=\"Willkommen in einer Welt mit mehr Obst und Gem\u00fcse! Der Passiervorsatz dient zum Passieren von Obst und Beeren zu Mus oder P\u00fcree. Schneiden Sie Kernobst in St\u00fccke und entfernen Sie den Kern.\" \/>\n<meta property=\"og:url\" content=\"https:\/\/www.ankarsrum.com\/ch\/product\/passiervorsatz\/\" \/>\n<meta property=\"og:site_name\" content=\"Ankarsrum Switzerland\" \/>\n<meta property=\"article:modified_time\" content=\"2026-04-30T20:51:20+00:00\" \/>\n<meta property=\"og:image\" content=\"https:\/\/www.ankarsrum.com\/ch\/wp-content\/uploads\/sites\/30\/2024\/09\/strainer-scaled.jpg\" \/>\n\t<meta property=\"og:image:width\" content=\"1200\" \/>\n\t<meta property=\"og:image:height\" content=\"630\" \/>\n\t<meta property=\"og:image:type\" content=\"image\/jpeg\" \/>\n<meta name=\"twitter:card\" content=\"summary_large_image\" \/>\n<script type=\"application\/ld+json\" class=\"yoast-schema-graph\">{\"@context\":\"https:\/\/schema.org\",\"@graph\":[{\"@type\":\"WebPage\",\"@id\":\"https:\/\/www.ankarsrum.com\/ch\/product\/passiervorsatz\/\",\"url\":\"https:\/\/www.ankarsrum.com\/ch\/product\/passiervorsatz\/\",\"name\":\"Passiervorsatz - Ankarsrum Switzerland\",\"isPartOf\":{\"@id\":\"https:\/\/www.ankarsrum.com\/ch\/#website\"},\"primaryImageOfPage\":{\"@id\":\"https:\/\/www.ankarsrum.com\/ch\/product\/passiervorsatz\/#primaryimage\"},\"image\":{\"@id\":\"https:\/\/www.ankarsrum.com\/ch\/product\/passiervorsatz\/#primaryimage\"},\"thumbnailUrl\":\"https:\/\/www.ankarsrum.com\/img-srv\/UYbsHWMxbQjrqLSns9a-etJSdaXTU70XLSnvTFqBkcU\/resizing_type:auto\/width:0\/height:0\/gravity:sm\/enlarge:1\/ext:webp\/strip_metadata:1\/quality:90\/cachebuster:filesize-184446\/bG9jYWw6Ly8vd3d3LmFua2Fyc3J1bS5jb20vd3AtY29udGVudC91cGxvYWRzL3NpdGVzLzMwLzIwMjQvMDkvc3RyYWluZXItc2NhbGVkLmpwZw.webp\",\"datePublished\":\"2024-07-15T12:17:57+00:00\",\"dateModified\":\"2026-04-30T20:51:20+00:00\",\"breadcrumb\":{\"@id\":\"https:\/\/www.ankarsrum.com\/ch\/product\/passiervorsatz\/#breadcrumb\"},\"inLanguage\":\"de-CH\",\"potentialAction\":[{\"@type\":\"ReadAction\",\"target\":[\"https:\/\/www.ankarsrum.com\/ch\/product\/passiervorsatz\/\"]}]},{\"@type\":\"ImageObject\",\"inLanguage\":\"de-CH\",\"@id\":\"https:\/\/www.ankarsrum.com\/ch\/product\/passiervorsatz\/#primaryimage\",\"url\":\"https:\/\/www.ankarsrum.com\/img-srv\/UYbsHWMxbQjrqLSns9a-etJSdaXTU70XLSnvTFqBkcU\/resizing_type:auto\/width:0\/height:0\/gravity:sm\/enlarge:1\/ext:webp\/strip_metadata:1\/quality:90\/cachebuster:filesize-184446\/bG9jYWw6Ly8vd3d3LmFua2Fyc3J1bS5jb20vd3AtY29udGVudC91cGxvYWRzL3NpdGVzLzMwLzIwMjQvMDkvc3RyYWluZXItc2NhbGVkLmpwZw.webp\",\"contentUrl\":\"https:\/\/www.ankarsrum.com\/img-srv\/UYbsHWMxbQjrqLSns9a-etJSdaXTU70XLSnvTFqBkcU\/resizing_type:auto\/width:0\/height:0\/gravity:sm\/enlarge:1\/ext:webp\/strip_metadata:1\/quality:90\/cachebuster:filesize-184446\/bG9jYWw6Ly8vd3d3LmFua2Fyc3J1bS5jb20vd3AtY29udGVudC91cGxvYWRzL3NpdGVzLzMwLzIwMjQvMDkvc3RyYWluZXItc2NhbGVkLmpwZw.webp\",\"width\":2560,\"height\":2560},{\"@type\":\"BreadcrumbList\",\"@id\":\"https:\/\/www.ankarsrum.com\/ch\/product\/passiervorsatz\/#breadcrumb\",\"itemListElement\":[{\"@type\":\"ListItem\",\"position\":1,\"name\":\"Home\",\"item\":\"https:\/\/www.ankarsrum.com\/ch\/\"},{\"@type\":\"ListItem\",\"position\":2,\"name\":\"Produce name\",\"item\":\"https:\/\/www.ankarsrum.com\/ch\/shop\/\"},{\"@type\":\"ListItem\",\"position\":3,\"name\":\"Passiervorsatz\"}]},{\"@type\":\"WebSite\",\"@id\":\"https:\/\/www.ankarsrum.com\/ch\/#website\",\"url\":\"https:\/\/www.ankarsrum.com\/ch\/\",\"name\":\"Ankarsrum Switzerland\",\"description\":\"The bread of the world\",\"potentialAction\":[{\"@type\":\"SearchAction\",\"target\":{\"@type\":\"EntryPoint\",\"urlTemplate\":\"https:\/\/www.ankarsrum.com\/ch\/?s={search_term_string}\"},\"query-input\":{\"@type\":\"PropertyValueSpecification\",\"valueRequired\":true,\"valueName\":\"search_term_string\"}}],\"inLanguage\":\"de-CH\"}]}<\/script>\n<!-- \/ Yoast SEO Premium plugin. -->","yoast_head_json":{"title":"Passiervorsatz - Ankarsrum Switzerland","robots":{"index":"index","follow":"follow","max-snippet":"max-snippet:-1","max-image-preview":"max-image-preview:large","max-video-preview":"max-video-preview:-1"},"canonical":"https:\/\/www.ankarsrum.com\/ch\/product\/passiervorsatz\/","og_locale":"de_DE","og_type":"article","og_title":"Passiervorsatz","og_description":"Willkommen in einer Welt mit mehr Obst und Gem\u00fcse! Der Passiervorsatz dient zum Passieren von Obst und Beeren zu Mus oder P\u00fcree. Schneiden Sie Kernobst in St\u00fccke und entfernen Sie den Kern.","og_url":"https:\/\/www.ankarsrum.com\/ch\/product\/passiervorsatz\/","og_site_name":"Ankarsrum Switzerland","article_modified_time":"2026-04-30T20:51:20+00:00","og_image":[{"width":1200,"height":630,"url":"https:\/\/www.ankarsrum.com\/ch\/wp-content\/uploads\/sites\/30\/2024\/09\/strainer-scaled.jpg","type":"image\/jpeg"}],"twitter_card":"summary_large_image","schema":{"@context":"https:\/\/schema.org","@graph":[{"@type":"WebPage","@id":"https:\/\/www.ankarsrum.com\/ch\/product\/passiervorsatz\/","url":"https:\/\/www.ankarsrum.com\/ch\/product\/passiervorsatz\/","name":"Passiervorsatz - Ankarsrum Switzerland","isPartOf":{"@id":"https:\/\/www.ankarsrum.com\/ch\/#website"},"primaryImageOfPage":{"@id":"https:\/\/www.ankarsrum.com\/ch\/product\/passiervorsatz\/#primaryimage"},"image":{"@id":"https:\/\/www.ankarsrum.com\/ch\/product\/passiervorsatz\/#primaryimage"},"thumbnailUrl":"https:\/\/www.ankarsrum.com\/img-srv\/UYbsHWMxbQjrqLSns9a-etJSdaXTU70XLSnvTFqBkcU\/resizing_type:auto\/width:0\/height:0\/gravity:sm\/enlarge:1\/ext:webp\/strip_metadata:1\/quality:90\/cachebuster:filesize-184446\/bG9jYWw6Ly8vd3d3LmFua2Fyc3J1bS5jb20vd3AtY29udGVudC91cGxvYWRzL3NpdGVzLzMwLzIwMjQvMDkvc3RyYWluZXItc2NhbGVkLmpwZw.webp","datePublished":"2024-07-15T12:17:57+00:00","dateModified":"2026-04-30T20:51:20+00:00","breadcrumb":{"@id":"https:\/\/www.ankarsrum.com\/ch\/product\/passiervorsatz\/#breadcrumb"},"inLanguage":"de-CH","potentialAction":[{"@type":"ReadAction","target":["https:\/\/www.ankarsrum.com\/ch\/product\/passiervorsatz\/"]}]},{"@type":"ImageObject","inLanguage":"de-CH","@id":"https:\/\/www.ankarsrum.com\/ch\/product\/passiervorsatz\/#primaryimage","url":"https:\/\/www.ankarsrum.com\/img-srv\/UYbsHWMxbQjrqLSns9a-etJSdaXTU70XLSnvTFqBkcU\/resizing_type:auto\/width:0\/height:0\/gravity:sm\/enlarge:1\/ext:webp\/strip_metadata:1\/quality:90\/cachebuster:filesize-184446\/bG9jYWw6Ly8vd3d3LmFua2Fyc3J1bS5jb20vd3AtY29udGVudC91cGxvYWRzL3NpdGVzLzMwLzIwMjQvMDkvc3RyYWluZXItc2NhbGVkLmpwZw.webp","contentUrl":"https:\/\/www.ankarsrum.com\/img-srv\/UYbsHWMxbQjrqLSns9a-etJSdaXTU70XLSnvTFqBkcU\/resizing_type:auto\/width:0\/height:0\/gravity:sm\/enlarge:1\/ext:webp\/strip_metadata:1\/quality:90\/cachebuster:filesize-184446\/bG9jYWw6Ly8vd3d3LmFua2Fyc3J1bS5jb20vd3AtY29udGVudC91cGxvYWRzL3NpdGVzLzMwLzIwMjQvMDkvc3RyYWluZXItc2NhbGVkLmpwZw.webp","width":2560,"height":2560},{"@type":"BreadcrumbList","@id":"https:\/\/www.ankarsrum.com\/ch\/product\/passiervorsatz\/#breadcrumb","itemListElement":[{"@type":"ListItem","position":1,"name":"Home","item":"https:\/\/www.ankarsrum.com\/ch\/"},{"@type":"ListItem","position":2,"name":"Produce name","item":"https:\/\/www.ankarsrum.com\/ch\/shop\/"},{"@type":"ListItem","position":3,"name":"Passiervorsatz"}]},{"@type":"WebSite","@id":"https:\/\/www.ankarsrum.com\/ch\/#website","url":"https:\/\/www.ankarsrum.com\/ch\/","name":"Ankarsrum Switzerland","description":"The bread of the world","potentialAction":[{"@type":"SearchAction","target":{"@type":"EntryPoint","urlTemplate":"https:\/\/www.ankarsrum.com\/ch\/?s={search_term_string}"},"query-input":{"@type":"PropertyValueSpecification","valueRequired":true,"valueName":"search_term_string"}}],"inLanguage":"de-CH"}]}},"_links":{"self":[{"href":"https:\/\/www.ankarsrum.com\/ch\/wp-json\/wp\/v2\/product\/5298","targetHints":{"allow":["GET"]}}],"collection":[{"href":"https:\/\/www.ankarsrum.com\/ch\/wp-json\/wp\/v2\/product"}],"about":[{"href":"https:\/\/www.ankarsrum.com\/ch\/wp-json\/wp\/v2\/types\/product"}],"replies":[{"embeddable":true,"href":"https:\/\/www.ankarsrum.com\/ch\/wp-json\/wp\/v2\/comments?post=5298"}],"wp:featuredmedia":[{"embeddable":true,"href":"https:\/\/www.ankarsrum.com\/ch\/wp-json\/wp\/v2\/media\/8882"}],"wp:attachment":[{"href":"https:\/\/www.ankarsrum.com\/ch\/wp-json\/wp\/v2\/media?parent=5298"}],"wp:term":[{"taxonomy":"product_brand","embeddable":true,"href":"https:\/\/www.ankarsrum.com\/ch\/wp-json\/wp\/v2\/product_brand?post=5298"},{"taxonomy":"product_cat","embeddable":true,"href":"https:\/\/www.ankarsrum.com\/ch\/wp-json\/wp\/v2\/product_cat?post=5298"},{"taxonomy":"product_tag","embeddable":true,"href":"https:\/\/www.ankarsrum.com\/ch\/wp-json\/wp\/v2\/product_tag?post=5298"},{"taxonomy":"product-tag","embeddable":true,"href":"https:\/\/www.ankarsrum.com\/ch\/wp-json\/wp\/v2\/product-tag?post=5298"},{"taxonomy":"machines","embeddable":true,"href":"https:\/\/www.ankarsrum.com\/ch\/wp-json\/wp\/v2\/machines?post=5298"},{"taxonomy":"filter","embeddable":true,"href":"https:\/\/www.ankarsrum.com\/ch\/wp-json\/wp\/v2\/filter?post=5298"}],"curies":[{"name":"wp","href":"https:\/\/api.w.org\/{rel}","templated":true}]}}