{"id":5306,"date":"2024-07-15T13:19:22","date_gmt":"2024-07-15T13:19:22","guid":{"rendered":"https:\/\/www.ankarsrum.com\/ch\/product\/gemueseschneider\/"},"modified":"2026-05-15T22:06:49","modified_gmt":"2026-05-15T22:06:49","slug":"gemueseschneider","status":"publish","type":"product","link":"https:\/\/www.ankarsrum.com\/ch\/product\/gemueseschneider\/","title":{"rendered":"Gemu\u0308seschneider incl. 3 Trommeln"},"content":{"rendered":"<p>\u2022 Verwenden Sie den Gem\u00fcseschneider z. B. f\u00fcr Kartoffeln, Gurken, Karotten, Wei\u00dfkohl und Champignons.<br \/>\u2022 Der Gem\u00fcseschneider besteht aus einem Geh\u00e4use, einem Sicherungsring, einem Stopfer und drei verschiedenen Trommeln.<br \/>\u2022 Aus Sicherheitsgr\u00fcnden sitzt die Schneidfl\u00e4che der Reibtrommeln auf der Au\u00dfenseite.<br \/>\u2022 Der Gem\u00fcseschneider passt auf alle Modelle der Assistent von N1\u2013N30.<br \/>\u2022 Die Reibtrommel mit mittleren \u00d6ffnungen eignet sich f\u00fcr Wurzelgem\u00fcse und Rohkost, zum Reiben von Mandeln und N\u00fcssen zum Backen, f\u00fcr Hartk\u00e4se und Obst.<br \/>\u2022 Die Scheibentrommel schneidet Wurzelgem\u00fcse, Zwiebeln, Kartoffeln, Obst und Gem\u00fcse in Scheiben.<br \/>\u2022 Die Reibtrommel mit gro\u00dfen \u00d6ffnungen eignet sich zum gr\u00f6beren Raspeln von Wurzelgem\u00fcse, Gem\u00fcse und Obst, z. B. f\u00fcr Suppen, Quiches und Pies.<\/p>","protected":false},"excerpt":{"rendered":"<p>Willkommen in einer Welt mit mehr Obst und Gem\u00fcse! Mit einer Ankarsrum Assistent ist es einfach, Ihren Tag mit Obst und Gem\u00fcse anzureichern und \u00fcberwiegend vegetarisch zu kochen. Der Gem\u00fcseschneider wird mit drei verschiedenen Trommeln, Reibtrommel, Riemenscheibe und Reibtrommel geliefert.<\/p>\n","protected":false},"featured_media":8885,"comment_status":"open","ping_status":"closed","template":"","meta":{"_acf_changed":false,"content-type":"","editor_notices":[]},"product_brand":[],"product_cat":[351],"product_tag":[],"product-tag":[],"machines":[],"filter":[191,202],"class_list":{"0":"post-5306","1":"product","2":"type-product","3":"status-publish","4":"has-post-thumbnail","6":"product_cat-ankarsrum-zubehor","7":"filter-food","8":"filter-go-green","10":"first","11":"instock","12":"taxable","13":"shipping-taxable","14":"purchasable","15":"product-type-simple"},"bundled_by":[],"bundle_stock_status":"instock","bundle_stock_quantity":null,"bundle_virtual":false,"bundle_layout":"","bundle_add_to_cart_form_location":"","bundle_editable_in_cart":false,"bundle_sold_individually_context":"","bundle_item_grouping":"","bundle_min_size":"","bundle_max_size":"","bundle_price":[],"bundled_items":[],"bundle_sell_ids":[],"acf":[],"yoast_head":"<!-- This site is optimized with the Yoast SEO Premium plugin v26.6 (Yoast SEO v26.6) - https:\/\/yoast.com\/wordpress\/plugins\/seo\/ -->\n<title>Gemu\u0308seschneider incl. 3 Trommeln - Ankarsrum Switzerland<\/title>\n<meta name=\"robots\" content=\"index, follow, max-snippet:-1, max-image-preview:large, max-video-preview:-1\" \/>\n<link rel=\"canonical\" href=\"https:\/\/www.ankarsrum.com\/ch\/product\/gemueseschneider\/\" \/>\n<meta property=\"og:locale\" content=\"de_DE\" \/>\n<meta property=\"og:type\" content=\"article\" \/>\n<meta property=\"og:title\" content=\"Gemu\u0308seschneider incl. 3 Trommeln\" \/>\n<meta property=\"og:description\" content=\"Willkommen in einer Welt mit mehr Obst und Gem\u00fcse! Mit einer Ankarsrum Assistent ist es einfach, Ihren Tag mit Obst und Gem\u00fcse anzureichern und \u00fcberwiegend vegetarisch zu kochen. Der Gem\u00fcseschneider wird mit drei verschiedenen Trommeln, Reibtrommel, Riemenscheibe und Reibtrommel geliefert.\" \/>\n<meta property=\"og:url\" content=\"https:\/\/www.ankarsrum.com\/ch\/product\/gemueseschneider\/\" \/>\n<meta property=\"og:site_name\" content=\"Ankarsrum Switzerland\" \/>\n<meta property=\"article:modified_time\" content=\"2026-05-15T22:06:49+00:00\" \/>\n<meta property=\"og:image\" content=\"https:\/\/www.ankarsrum.com\/ch\/wp-content\/uploads\/sites\/30\/2024\/09\/vegetable-cutter.jpg\" \/>\n\t<meta property=\"og:image:width\" content=\"1200\" \/>\n\t<meta property=\"og:image:height\" content=\"630\" \/>\n\t<meta property=\"og:image:type\" content=\"image\/jpeg\" \/>\n<meta name=\"twitter:card\" content=\"summary_large_image\" \/>\n<meta name=\"twitter:label1\" content=\"Gesch\u00e4tzte Lesezeit\" \/>\n\t<meta name=\"twitter:data1\" content=\"1\u00a0Minute\" \/>\n<script type=\"application\/ld+json\" class=\"yoast-schema-graph\">{\"@context\":\"https:\/\/schema.org\",\"@graph\":[{\"@type\":\"WebPage\",\"@id\":\"https:\/\/www.ankarsrum.com\/ch\/product\/gemueseschneider\/\",\"url\":\"https:\/\/www.ankarsrum.com\/ch\/product\/gemueseschneider\/\",\"name\":\"Gemu\u0308seschneider incl. 3 Trommeln - Ankarsrum Switzerland\",\"isPartOf\":{\"@id\":\"https:\/\/www.ankarsrum.com\/ch\/#website\"},\"primaryImageOfPage\":{\"@id\":\"https:\/\/www.ankarsrum.com\/ch\/product\/gemueseschneider\/#primaryimage\"},\"image\":{\"@id\":\"https:\/\/www.ankarsrum.com\/ch\/product\/gemueseschneider\/#primaryimage\"},\"thumbnailUrl\":\"https:\/\/www.ankarsrum.com\/img-srv\/MRJyh0zP_MKnggbRb6wUdmbGblh6j8CJHVzA6C0koX4\/resizing_type:auto\/width:0\/height:0\/gravity:sm\/enlarge:1\/ext:webp\/strip_metadata:1\/quality:90\/cachebuster:filesize-105500\/bG9jYWw6Ly8vd3d3LmFua2Fyc3J1bS5jb20vd3AtY29udGVudC91cGxvYWRzL3NpdGVzLzMwLzIwMjQvMDkvdmVnZXRhYmxlLWN1dHRlci5qcGc.webp\",\"datePublished\":\"2024-07-15T13:19:22+00:00\",\"dateModified\":\"2026-05-15T22:06:49+00:00\",\"breadcrumb\":{\"@id\":\"https:\/\/www.ankarsrum.com\/ch\/product\/gemueseschneider\/#breadcrumb\"},\"inLanguage\":\"de-CH\",\"potentialAction\":[{\"@type\":\"ReadAction\",\"target\":[\"https:\/\/www.ankarsrum.com\/ch\/product\/gemueseschneider\/\"]}]},{\"@type\":\"ImageObject\",\"inLanguage\":\"de-CH\",\"@id\":\"https:\/\/www.ankarsrum.com\/ch\/product\/gemueseschneider\/#primaryimage\",\"url\":\"https:\/\/www.ankarsrum.com\/img-srv\/MRJyh0zP_MKnggbRb6wUdmbGblh6j8CJHVzA6C0koX4\/resizing_type:auto\/width:0\/height:0\/gravity:sm\/enlarge:1\/ext:webp\/strip_metadata:1\/quality:90\/cachebuster:filesize-105500\/bG9jYWw6Ly8vd3d3LmFua2Fyc3J1bS5jb20vd3AtY29udGVudC91cGxvYWRzL3NpdGVzLzMwLzIwMjQvMDkvdmVnZXRhYmxlLWN1dHRlci5qcGc.webp\",\"contentUrl\":\"https:\/\/www.ankarsrum.com\/img-srv\/MRJyh0zP_MKnggbRb6wUdmbGblh6j8CJHVzA6C0koX4\/resizing_type:auto\/width:0\/height:0\/gravity:sm\/enlarge:1\/ext:webp\/strip_metadata:1\/quality:90\/cachebuster:filesize-105500\/bG9jYWw6Ly8vd3d3LmFua2Fyc3J1bS5jb20vd3AtY29udGVudC91cGxvYWRzL3NpdGVzLzMwLzIwMjQvMDkvdmVnZXRhYmxlLWN1dHRlci5qcGc.webp\",\"width\":2000,\"height\":2000},{\"@type\":\"BreadcrumbList\",\"@id\":\"https:\/\/www.ankarsrum.com\/ch\/product\/gemueseschneider\/#breadcrumb\",\"itemListElement\":[{\"@type\":\"ListItem\",\"position\":1,\"name\":\"Home\",\"item\":\"https:\/\/www.ankarsrum.com\/ch\/\"},{\"@type\":\"ListItem\",\"position\":2,\"name\":\"Produce name\",\"item\":\"https:\/\/www.ankarsrum.com\/ch\/shop\/\"},{\"@type\":\"ListItem\",\"position\":3,\"name\":\"Gemu\u0308seschneider incl. 3 Trommeln\"}]},{\"@type\":\"WebSite\",\"@id\":\"https:\/\/www.ankarsrum.com\/ch\/#website\",\"url\":\"https:\/\/www.ankarsrum.com\/ch\/\",\"name\":\"Ankarsrum Switzerland\",\"description\":\"The bread of the world\",\"potentialAction\":[{\"@type\":\"SearchAction\",\"target\":{\"@type\":\"EntryPoint\",\"urlTemplate\":\"https:\/\/www.ankarsrum.com\/ch\/?s={search_term_string}\"},\"query-input\":{\"@type\":\"PropertyValueSpecification\",\"valueRequired\":true,\"valueName\":\"search_term_string\"}}],\"inLanguage\":\"de-CH\"}]}<\/script>\n<!-- \/ Yoast SEO Premium plugin. -->","yoast_head_json":{"title":"Gemu\u0308seschneider incl. 3 Trommeln - Ankarsrum Switzerland","robots":{"index":"index","follow":"follow","max-snippet":"max-snippet:-1","max-image-preview":"max-image-preview:large","max-video-preview":"max-video-preview:-1"},"canonical":"https:\/\/www.ankarsrum.com\/ch\/product\/gemueseschneider\/","og_locale":"de_DE","og_type":"article","og_title":"Gemu\u0308seschneider incl. 3 Trommeln","og_description":"Willkommen in einer Welt mit mehr Obst und Gem\u00fcse! Mit einer Ankarsrum Assistent ist es einfach, Ihren Tag mit Obst und Gem\u00fcse anzureichern und \u00fcberwiegend vegetarisch zu kochen. Der Gem\u00fcseschneider wird mit drei verschiedenen Trommeln, Reibtrommel, Riemenscheibe und Reibtrommel geliefert.","og_url":"https:\/\/www.ankarsrum.com\/ch\/product\/gemueseschneider\/","og_site_name":"Ankarsrum Switzerland","article_modified_time":"2026-05-15T22:06:49+00:00","og_image":[{"width":1200,"height":630,"url":"https:\/\/www.ankarsrum.com\/ch\/wp-content\/uploads\/sites\/30\/2024\/09\/vegetable-cutter.jpg","type":"image\/jpeg"}],"twitter_card":"summary_large_image","twitter_misc":{"Gesch\u00e4tzte Lesezeit":"1\u00a0Minute"},"schema":{"@context":"https:\/\/schema.org","@graph":[{"@type":"WebPage","@id":"https:\/\/www.ankarsrum.com\/ch\/product\/gemueseschneider\/","url":"https:\/\/www.ankarsrum.com\/ch\/product\/gemueseschneider\/","name":"Gemu\u0308seschneider incl. 3 Trommeln - Ankarsrum Switzerland","isPartOf":{"@id":"https:\/\/www.ankarsrum.com\/ch\/#website"},"primaryImageOfPage":{"@id":"https:\/\/www.ankarsrum.com\/ch\/product\/gemueseschneider\/#primaryimage"},"image":{"@id":"https:\/\/www.ankarsrum.com\/ch\/product\/gemueseschneider\/#primaryimage"},"thumbnailUrl":"https:\/\/www.ankarsrum.com\/img-srv\/MRJyh0zP_MKnggbRb6wUdmbGblh6j8CJHVzA6C0koX4\/resizing_type:auto\/width:0\/height:0\/gravity:sm\/enlarge:1\/ext:webp\/strip_metadata:1\/quality:90\/cachebuster:filesize-105500\/bG9jYWw6Ly8vd3d3LmFua2Fyc3J1bS5jb20vd3AtY29udGVudC91cGxvYWRzL3NpdGVzLzMwLzIwMjQvMDkvdmVnZXRhYmxlLWN1dHRlci5qcGc.webp","datePublished":"2024-07-15T13:19:22+00:00","dateModified":"2026-05-15T22:06:49+00:00","breadcrumb":{"@id":"https:\/\/www.ankarsrum.com\/ch\/product\/gemueseschneider\/#breadcrumb"},"inLanguage":"de-CH","potentialAction":[{"@type":"ReadAction","target":["https:\/\/www.ankarsrum.com\/ch\/product\/gemueseschneider\/"]}]},{"@type":"ImageObject","inLanguage":"de-CH","@id":"https:\/\/www.ankarsrum.com\/ch\/product\/gemueseschneider\/#primaryimage","url":"https:\/\/www.ankarsrum.com\/img-srv\/MRJyh0zP_MKnggbRb6wUdmbGblh6j8CJHVzA6C0koX4\/resizing_type:auto\/width:0\/height:0\/gravity:sm\/enlarge:1\/ext:webp\/strip_metadata:1\/quality:90\/cachebuster:filesize-105500\/bG9jYWw6Ly8vd3d3LmFua2Fyc3J1bS5jb20vd3AtY29udGVudC91cGxvYWRzL3NpdGVzLzMwLzIwMjQvMDkvdmVnZXRhYmxlLWN1dHRlci5qcGc.webp","contentUrl":"https:\/\/www.ankarsrum.com\/img-srv\/MRJyh0zP_MKnggbRb6wUdmbGblh6j8CJHVzA6C0koX4\/resizing_type:auto\/width:0\/height:0\/gravity:sm\/enlarge:1\/ext:webp\/strip_metadata:1\/quality:90\/cachebuster:filesize-105500\/bG9jYWw6Ly8vd3d3LmFua2Fyc3J1bS5jb20vd3AtY29udGVudC91cGxvYWRzL3NpdGVzLzMwLzIwMjQvMDkvdmVnZXRhYmxlLWN1dHRlci5qcGc.webp","width":2000,"height":2000},{"@type":"BreadcrumbList","@id":"https:\/\/www.ankarsrum.com\/ch\/product\/gemueseschneider\/#breadcrumb","itemListElement":[{"@type":"ListItem","position":1,"name":"Home","item":"https:\/\/www.ankarsrum.com\/ch\/"},{"@type":"ListItem","position":2,"name":"Produce name","item":"https:\/\/www.ankarsrum.com\/ch\/shop\/"},{"@type":"ListItem","position":3,"name":"Gemu\u0308seschneider incl. 3 Trommeln"}]},{"@type":"WebSite","@id":"https:\/\/www.ankarsrum.com\/ch\/#website","url":"https:\/\/www.ankarsrum.com\/ch\/","name":"Ankarsrum Switzerland","description":"The bread of the world","potentialAction":[{"@type":"SearchAction","target":{"@type":"EntryPoint","urlTemplate":"https:\/\/www.ankarsrum.com\/ch\/?s={search_term_string}"},"query-input":{"@type":"PropertyValueSpecification","valueRequired":true,"valueName":"search_term_string"}}],"inLanguage":"de-CH"}]}},"_links":{"self":[{"href":"https:\/\/www.ankarsrum.com\/ch\/wp-json\/wp\/v2\/product\/5306","targetHints":{"allow":["GET"]}}],"collection":[{"href":"https:\/\/www.ankarsrum.com\/ch\/wp-json\/wp\/v2\/product"}],"about":[{"href":"https:\/\/www.ankarsrum.com\/ch\/wp-json\/wp\/v2\/types\/product"}],"replies":[{"embeddable":true,"href":"https:\/\/www.ankarsrum.com\/ch\/wp-json\/wp\/v2\/comments?post=5306"}],"wp:featuredmedia":[{"embeddable":true,"href":"https:\/\/www.ankarsrum.com\/ch\/wp-json\/wp\/v2\/media\/8885"}],"wp:attachment":[{"href":"https:\/\/www.ankarsrum.com\/ch\/wp-json\/wp\/v2\/media?parent=5306"}],"wp:term":[{"taxonomy":"product_brand","embeddable":true,"href":"https:\/\/www.ankarsrum.com\/ch\/wp-json\/wp\/v2\/product_brand?post=5306"},{"taxonomy":"product_cat","embeddable":true,"href":"https:\/\/www.ankarsrum.com\/ch\/wp-json\/wp\/v2\/product_cat?post=5306"},{"taxonomy":"product_tag","embeddable":true,"href":"https:\/\/www.ankarsrum.com\/ch\/wp-json\/wp\/v2\/product_tag?post=5306"},{"taxonomy":"product-tag","embeddable":true,"href":"https:\/\/www.ankarsrum.com\/ch\/wp-json\/wp\/v2\/product-tag?post=5306"},{"taxonomy":"machines","embeddable":true,"href":"https:\/\/www.ankarsrum.com\/ch\/wp-json\/wp\/v2\/machines?post=5306"},{"taxonomy":"filter","embeddable":true,"href":"https:\/\/www.ankarsrum.com\/ch\/wp-json\/wp\/v2\/filter?post=5306"}],"curies":[{"name":"wp","href":"https:\/\/api.w.org\/{rel}","templated":true}]}}