{"id":5319,"date":"2024-07-16T06:45:46","date_gmt":"2024-07-16T06:45:46","guid":{"rendered":"https:\/\/www.ankarsrum.com\/ch\/product\/fleischwolf-basis-paket\/"},"modified":"2026-05-15T22:06:52","modified_gmt":"2026-05-15T22:06:52","slug":"fleischwolf-basis-paket","status":"publish","type":"product","link":"https:\/\/www.ankarsrum.com\/ch\/product\/fleischwolf-basis-paket\/","title":{"rendered":"Fleischwolf Basispaket"},"content":{"rendered":"<p>Zus\u00e4tzlich zum Fleischwolf mit Einf\u00fcllschale und Stopfer, der Ihnen beim Zerhacken hilft, haben Sie alles, was Sie brauchen, um Ihre eigene Wurst zu machen! Sie erhalten drei verschiedene T\u00fcllen zum Wurststopfen, so dass Sie alles, von Hot Dogs und N\u00fcrnbergern bis zu Bratw\u00fcrsten und Salsiccia machen k\u00f6nnen \u2013 oder wie w\u00e4re es mit einer Fischwurst?<\/p>\n<p>So k\u00f6nnen Sie Ihre eigenen Versionen Ihrer Lieblingsgerichte zubereiten und haben die volle Kontrolle \u00fcber Inhaltsstoffe und Qualit\u00e4t. Versuchen Sie, Fischfrikadellen mit spannenden Geschmacksnoten zu machen, W\u00fcrste mit ausgew\u00e4hlten Gew\u00fcrzen und handverlesenen Zutaten \u2013 oder auch Burger aus Ihrem eigenen Hackfleisch, das den perfekten Anteil an Fett und\u00a0die richtige Art von Fleisch hat. Werfen Sie den Grill an \u2013 das ganze Jahr \u00fcber.<\/p>\n<p>\u2022 Ein Fleischwolf der Oberklasse und besonders beliebt bei unseren Kunden.<br \/>\u2022 Sie k\u00f6nnen damit Fleisch, Fisch, Gefl\u00fcgel und gekochte Bohnen zerkleinern.<br \/>\u2022 Zum Fleischwolf geh\u00f6ren 3 Wurstf\u00fcllaufs\u00e4tze in den Gr\u00f6\u00dfen 10, 20 und 25 mm.<br \/>\u2022 Der Fleischwolf passt auf alle Modelle der Assistent von N1\u2013N30. Die heutigen Lochscheiben, das Messer und das weitere Fleischwolf-Zubeh\u00f6r passen nur auf Fleischwolf-Modell 10 (siehe Nummer auf dem Messer), die nach 1978 gefertigt wurde.<br \/>\u2022 Das 4-schneidige Messer ist immer in den verschiedenen Fleischwolf-Paketen enthalten.<br \/>\u2022 Das Messer ist auch separat erh\u00e4ltlich und passt in Fleischwolf-Modell 10 (siehe Nummer auf dem Messer).<br \/><br \/>\u2022 Verwenden Sie immer den Stopfer zum Nachf\u00fcllen und achten Sie darauf, dass keine Fremdk\u00f6rper in den Fleischwolf geraten.<\/p>","protected":false},"excerpt":{"rendered":"<p>Ein Fleischwolf in der K\u00fcche bedeutet, dass Sie sich beim Kochen auf einem v\u00f6llig neuen Niveau bewegen. Und das gilt, ganz gleich ob Sie lieber Fleisch oder Fisch essen, weil Sie den Fleischwolf ebenso gut verwenden k\u00f6nnen, um Fischfarce zuzubereiten oder Hackfleisch! <span>Das Fleischwolf Basic Paket enth\u00e4lt einen Fleischwolf mit Spritzschutz, Tablett und Stopfer sowie 3 Wurstf\u00fcllaufs\u00e4tze 10\/20\/25 mm und eine Lochscheibe 4,5 mm.<\/span><\/p>\n","protected":false},"featured_media":9054,"comment_status":"open","ping_status":"closed","template":"","meta":{"_acf_changed":false,"content-type":"","editor_notices":[]},"product_brand":[],"product_cat":[351],"product_tag":[],"product-tag":[],"machines":[],"filter":[199,191],"class_list":{"0":"post-5319","1":"product","2":"type-product","3":"status-publish","4":"has-post-thumbnail","6":"product_cat-ankarsrum-zubehor","7":"filter-fleischwolf","8":"filter-food","10":"first","11":"instock","12":"taxable","13":"shipping-taxable","14":"purchasable","15":"product-type-simple"},"bundled_by":[],"bundle_stock_status":"instock","bundle_stock_quantity":null,"bundle_virtual":false,"bundle_layout":"","bundle_add_to_cart_form_location":"","bundle_editable_in_cart":false,"bundle_sold_individually_context":"","bundle_item_grouping":"","bundle_min_size":"","bundle_max_size":"","bundle_price":[],"bundled_items":[],"bundle_sell_ids":[],"acf":[],"yoast_head":"<!-- This site is optimized with the Yoast SEO Premium plugin v26.6 (Yoast SEO v26.6) - https:\/\/yoast.com\/wordpress\/plugins\/seo\/ -->\n<title>Fleischwolf Basispaket - Ankarsrum Switzerland<\/title>\n<meta name=\"robots\" content=\"index, follow, max-snippet:-1, max-image-preview:large, max-video-preview:-1\" \/>\n<link rel=\"canonical\" href=\"https:\/\/www.ankarsrum.com\/ch\/product\/fleischwolf-basis-paket\/\" \/>\n<meta property=\"og:locale\" content=\"de_DE\" \/>\n<meta property=\"og:type\" content=\"article\" \/>\n<meta property=\"og:title\" content=\"Fleischwolf Basispaket\" \/>\n<meta property=\"og:description\" content=\"Ein Fleischwolf in der K\u00fcche bedeutet, dass Sie sich beim Kochen auf einem v\u00f6llig neuen Niveau bewegen. Und das gilt, ganz gleich ob Sie lieber Fleisch oder Fisch essen, weil Sie den Fleischwolf ebenso gut verwenden k\u00f6nnen, um Fischfarce zuzubereiten oder Hackfleisch! Das Fleischwolf Basic Paket enth\u00e4lt einen Fleischwolf mit Spritzschutz, Tablett und Stopfer sowie 3 Wurstf\u00fcllaufs\u00e4tze 10\/20\/25 mm und eine Lochscheibe 4,5 mm.\" \/>\n<meta property=\"og:url\" content=\"https:\/\/www.ankarsrum.com\/ch\/product\/fleischwolf-basis-paket\/\" \/>\n<meta property=\"og:site_name\" content=\"Ankarsrum Switzerland\" \/>\n<meta property=\"article:modified_time\" content=\"2026-05-15T22:06:52+00:00\" \/>\n<meta property=\"og:image\" content=\"https:\/\/www.ankarsrum.com\/ch\/wp-content\/uploads\/sites\/30\/2024\/09\/mincer-basic.jpg\" \/>\n\t<meta property=\"og:image:width\" content=\"1080\" \/>\n\t<meta property=\"og:image:height\" content=\"630\" \/>\n\t<meta property=\"og:image:type\" content=\"image\/jpeg\" \/>\n<meta name=\"twitter:card\" content=\"summary_large_image\" \/>\n<meta name=\"twitter:label1\" content=\"Gesch\u00e4tzte Lesezeit\" \/>\n\t<meta name=\"twitter:data1\" content=\"1\u00a0Minute\" \/>\n<script type=\"application\/ld+json\" class=\"yoast-schema-graph\">{\"@context\":\"https:\/\/schema.org\",\"@graph\":[{\"@type\":\"WebPage\",\"@id\":\"https:\/\/www.ankarsrum.com\/ch\/product\/fleischwolf-basis-paket\/\",\"url\":\"https:\/\/www.ankarsrum.com\/ch\/product\/fleischwolf-basis-paket\/\",\"name\":\"Fleischwolf Basispaket - Ankarsrum Switzerland\",\"isPartOf\":{\"@id\":\"https:\/\/www.ankarsrum.com\/ch\/#website\"},\"primaryImageOfPage\":{\"@id\":\"https:\/\/www.ankarsrum.com\/ch\/product\/fleischwolf-basis-paket\/#primaryimage\"},\"image\":{\"@id\":\"https:\/\/www.ankarsrum.com\/ch\/product\/fleischwolf-basis-paket\/#primaryimage\"},\"thumbnailUrl\":\"https:\/\/www.ankarsrum.com\/img-srv\/3WW_Fwx-num_VYAoBJqJ_iJ4S79JwQbzrpAYXf2wJec\/resizing_type:auto\/width:0\/height:0\/gravity:sm\/enlarge:1\/ext:webp\/strip_metadata:1\/quality:90\/cachebuster:filesize-64568\/bG9jYWw6Ly8vd3d3LmFua2Fyc3J1bS5jb20vd3AtY29udGVudC91cGxvYWRzL3NpdGVzLzMwLzIwMjQvMDkvbWluY2VyLWJhc2ljLmpwZw.webp\",\"datePublished\":\"2024-07-16T06:45:46+00:00\",\"dateModified\":\"2026-05-15T22:06:52+00:00\",\"breadcrumb\":{\"@id\":\"https:\/\/www.ankarsrum.com\/ch\/product\/fleischwolf-basis-paket\/#breadcrumb\"},\"inLanguage\":\"de-CH\",\"potentialAction\":[{\"@type\":\"ReadAction\",\"target\":[\"https:\/\/www.ankarsrum.com\/ch\/product\/fleischwolf-basis-paket\/\"]}]},{\"@type\":\"ImageObject\",\"inLanguage\":\"de-CH\",\"@id\":\"https:\/\/www.ankarsrum.com\/ch\/product\/fleischwolf-basis-paket\/#primaryimage\",\"url\":\"https:\/\/www.ankarsrum.com\/img-srv\/3WW_Fwx-num_VYAoBJqJ_iJ4S79JwQbzrpAYXf2wJec\/resizing_type:auto\/width:0\/height:0\/gravity:sm\/enlarge:1\/ext:webp\/strip_metadata:1\/quality:90\/cachebuster:filesize-64568\/bG9jYWw6Ly8vd3d3LmFua2Fyc3J1bS5jb20vd3AtY29udGVudC91cGxvYWRzL3NpdGVzLzMwLzIwMjQvMDkvbWluY2VyLWJhc2ljLmpwZw.webp\",\"contentUrl\":\"https:\/\/www.ankarsrum.com\/img-srv\/3WW_Fwx-num_VYAoBJqJ_iJ4S79JwQbzrpAYXf2wJec\/resizing_type:auto\/width:0\/height:0\/gravity:sm\/enlarge:1\/ext:webp\/strip_metadata:1\/quality:90\/cachebuster:filesize-64568\/bG9jYWw6Ly8vd3d3LmFua2Fyc3J1bS5jb20vd3AtY29udGVudC91cGxvYWRzL3NpdGVzLzMwLzIwMjQvMDkvbWluY2VyLWJhc2ljLmpwZw.webp\",\"width\":1080,\"height\":1080},{\"@type\":\"BreadcrumbList\",\"@id\":\"https:\/\/www.ankarsrum.com\/ch\/product\/fleischwolf-basis-paket\/#breadcrumb\",\"itemListElement\":[{\"@type\":\"ListItem\",\"position\":1,\"name\":\"Home\",\"item\":\"https:\/\/www.ankarsrum.com\/ch\/\"},{\"@type\":\"ListItem\",\"position\":2,\"name\":\"Produce name\",\"item\":\"https:\/\/www.ankarsrum.com\/ch\/shop\/\"},{\"@type\":\"ListItem\",\"position\":3,\"name\":\"Fleischwolf Basispaket\"}]},{\"@type\":\"WebSite\",\"@id\":\"https:\/\/www.ankarsrum.com\/ch\/#website\",\"url\":\"https:\/\/www.ankarsrum.com\/ch\/\",\"name\":\"Ankarsrum Switzerland\",\"description\":\"The bread of the world\",\"potentialAction\":[{\"@type\":\"SearchAction\",\"target\":{\"@type\":\"EntryPoint\",\"urlTemplate\":\"https:\/\/www.ankarsrum.com\/ch\/?s={search_term_string}\"},\"query-input\":{\"@type\":\"PropertyValueSpecification\",\"valueRequired\":true,\"valueName\":\"search_term_string\"}}],\"inLanguage\":\"de-CH\"}]}<\/script>\n<!-- \/ Yoast SEO Premium plugin. -->","yoast_head_json":{"title":"Fleischwolf Basispaket - Ankarsrum Switzerland","robots":{"index":"index","follow":"follow","max-snippet":"max-snippet:-1","max-image-preview":"max-image-preview:large","max-video-preview":"max-video-preview:-1"},"canonical":"https:\/\/www.ankarsrum.com\/ch\/product\/fleischwolf-basis-paket\/","og_locale":"de_DE","og_type":"article","og_title":"Fleischwolf Basispaket","og_description":"Ein Fleischwolf in der K\u00fcche bedeutet, dass Sie sich beim Kochen auf einem v\u00f6llig neuen Niveau bewegen. Und das gilt, ganz gleich ob Sie lieber Fleisch oder Fisch essen, weil Sie den Fleischwolf ebenso gut verwenden k\u00f6nnen, um Fischfarce zuzubereiten oder Hackfleisch! Das Fleischwolf Basic Paket enth\u00e4lt einen Fleischwolf mit Spritzschutz, Tablett und Stopfer sowie 3 Wurstf\u00fcllaufs\u00e4tze 10\/20\/25 mm und eine Lochscheibe 4,5 mm.","og_url":"https:\/\/www.ankarsrum.com\/ch\/product\/fleischwolf-basis-paket\/","og_site_name":"Ankarsrum Switzerland","article_modified_time":"2026-05-15T22:06:52+00:00","og_image":[{"width":1080,"height":630,"url":"https:\/\/www.ankarsrum.com\/ch\/wp-content\/uploads\/sites\/30\/2024\/09\/mincer-basic.jpg","type":"image\/jpeg"}],"twitter_card":"summary_large_image","twitter_misc":{"Gesch\u00e4tzte Lesezeit":"1\u00a0Minute"},"schema":{"@context":"https:\/\/schema.org","@graph":[{"@type":"WebPage","@id":"https:\/\/www.ankarsrum.com\/ch\/product\/fleischwolf-basis-paket\/","url":"https:\/\/www.ankarsrum.com\/ch\/product\/fleischwolf-basis-paket\/","name":"Fleischwolf Basispaket - Ankarsrum Switzerland","isPartOf":{"@id":"https:\/\/www.ankarsrum.com\/ch\/#website"},"primaryImageOfPage":{"@id":"https:\/\/www.ankarsrum.com\/ch\/product\/fleischwolf-basis-paket\/#primaryimage"},"image":{"@id":"https:\/\/www.ankarsrum.com\/ch\/product\/fleischwolf-basis-paket\/#primaryimage"},"thumbnailUrl":"https:\/\/www.ankarsrum.com\/img-srv\/3WW_Fwx-num_VYAoBJqJ_iJ4S79JwQbzrpAYXf2wJec\/resizing_type:auto\/width:0\/height:0\/gravity:sm\/enlarge:1\/ext:webp\/strip_metadata:1\/quality:90\/cachebuster:filesize-64568\/bG9jYWw6Ly8vd3d3LmFua2Fyc3J1bS5jb20vd3AtY29udGVudC91cGxvYWRzL3NpdGVzLzMwLzIwMjQvMDkvbWluY2VyLWJhc2ljLmpwZw.webp","datePublished":"2024-07-16T06:45:46+00:00","dateModified":"2026-05-15T22:06:52+00:00","breadcrumb":{"@id":"https:\/\/www.ankarsrum.com\/ch\/product\/fleischwolf-basis-paket\/#breadcrumb"},"inLanguage":"de-CH","potentialAction":[{"@type":"ReadAction","target":["https:\/\/www.ankarsrum.com\/ch\/product\/fleischwolf-basis-paket\/"]}]},{"@type":"ImageObject","inLanguage":"de-CH","@id":"https:\/\/www.ankarsrum.com\/ch\/product\/fleischwolf-basis-paket\/#primaryimage","url":"https:\/\/www.ankarsrum.com\/img-srv\/3WW_Fwx-num_VYAoBJqJ_iJ4S79JwQbzrpAYXf2wJec\/resizing_type:auto\/width:0\/height:0\/gravity:sm\/enlarge:1\/ext:webp\/strip_metadata:1\/quality:90\/cachebuster:filesize-64568\/bG9jYWw6Ly8vd3d3LmFua2Fyc3J1bS5jb20vd3AtY29udGVudC91cGxvYWRzL3NpdGVzLzMwLzIwMjQvMDkvbWluY2VyLWJhc2ljLmpwZw.webp","contentUrl":"https:\/\/www.ankarsrum.com\/img-srv\/3WW_Fwx-num_VYAoBJqJ_iJ4S79JwQbzrpAYXf2wJec\/resizing_type:auto\/width:0\/height:0\/gravity:sm\/enlarge:1\/ext:webp\/strip_metadata:1\/quality:90\/cachebuster:filesize-64568\/bG9jYWw6Ly8vd3d3LmFua2Fyc3J1bS5jb20vd3AtY29udGVudC91cGxvYWRzL3NpdGVzLzMwLzIwMjQvMDkvbWluY2VyLWJhc2ljLmpwZw.webp","width":1080,"height":1080},{"@type":"BreadcrumbList","@id":"https:\/\/www.ankarsrum.com\/ch\/product\/fleischwolf-basis-paket\/#breadcrumb","itemListElement":[{"@type":"ListItem","position":1,"name":"Home","item":"https:\/\/www.ankarsrum.com\/ch\/"},{"@type":"ListItem","position":2,"name":"Produce name","item":"https:\/\/www.ankarsrum.com\/ch\/shop\/"},{"@type":"ListItem","position":3,"name":"Fleischwolf Basispaket"}]},{"@type":"WebSite","@id":"https:\/\/www.ankarsrum.com\/ch\/#website","url":"https:\/\/www.ankarsrum.com\/ch\/","name":"Ankarsrum Switzerland","description":"The bread of the world","potentialAction":[{"@type":"SearchAction","target":{"@type":"EntryPoint","urlTemplate":"https:\/\/www.ankarsrum.com\/ch\/?s={search_term_string}"},"query-input":{"@type":"PropertyValueSpecification","valueRequired":true,"valueName":"search_term_string"}}],"inLanguage":"de-CH"}]}},"_links":{"self":[{"href":"https:\/\/www.ankarsrum.com\/ch\/wp-json\/wp\/v2\/product\/5319","targetHints":{"allow":["GET"]}}],"collection":[{"href":"https:\/\/www.ankarsrum.com\/ch\/wp-json\/wp\/v2\/product"}],"about":[{"href":"https:\/\/www.ankarsrum.com\/ch\/wp-json\/wp\/v2\/types\/product"}],"replies":[{"embeddable":true,"href":"https:\/\/www.ankarsrum.com\/ch\/wp-json\/wp\/v2\/comments?post=5319"}],"wp:featuredmedia":[{"embeddable":true,"href":"https:\/\/www.ankarsrum.com\/ch\/wp-json\/wp\/v2\/media\/9054"}],"wp:attachment":[{"href":"https:\/\/www.ankarsrum.com\/ch\/wp-json\/wp\/v2\/media?parent=5319"}],"wp:term":[{"taxonomy":"product_brand","embeddable":true,"href":"https:\/\/www.ankarsrum.com\/ch\/wp-json\/wp\/v2\/product_brand?post=5319"},{"taxonomy":"product_cat","embeddable":true,"href":"https:\/\/www.ankarsrum.com\/ch\/wp-json\/wp\/v2\/product_cat?post=5319"},{"taxonomy":"product_tag","embeddable":true,"href":"https:\/\/www.ankarsrum.com\/ch\/wp-json\/wp\/v2\/product_tag?post=5319"},{"taxonomy":"product-tag","embeddable":true,"href":"https:\/\/www.ankarsrum.com\/ch\/wp-json\/wp\/v2\/product-tag?post=5319"},{"taxonomy":"machines","embeddable":true,"href":"https:\/\/www.ankarsrum.com\/ch\/wp-json\/wp\/v2\/machines?post=5319"},{"taxonomy":"filter","embeddable":true,"href":"https:\/\/www.ankarsrum.com\/ch\/wp-json\/wp\/v2\/filter?post=5319"}],"curies":[{"name":"wp","href":"https:\/\/api.w.org\/{rel}","templated":true}]}}