{"id":5347,"date":"2024-07-09T19:00:29","date_gmt":"2024-07-09T19:00:29","guid":{"rendered":"https:\/\/www.ankarsrum.com\/ch\/product\/assistent-original-black-diamond-bd\/"},"modified":"2026-04-13T19:26:05","modified_gmt":"2026-04-13T19:26:05","slug":"assistent-original-black-diamond-bd","status":"publish","type":"product","link":"https:\/\/www.ankarsrum.com\/ch\/product\/assistent-original-black-diamond-bd\/","title":{"rendered":"Ankarsrum Assistent Original &#8211; Black Diamond"},"content":{"rendered":"<ol>\n<li><strong>Handgefertigt<\/strong>\u00a0in Schweden. Die Ankarsrum Assistent Original wird in der bekannten Industriestadt Ankarsrum in Sm\u00e5land von Hand gefertigt und montiert. Die K\u00fcchenmaschine ist besonders robust gearbeitet. Jede Maschine wird vor Verlassen der Fabrik individuellen Tests unterzogen.<\/li>\n<li>Die erste in Schweden produzierte K\u00fcchenmaschine. Die\u00a0<strong>Ankarsrum Assistent Original wurde 1940<\/strong>\u00a0erstmals lanciert. \u00dcber die Jahre ist die Maschine mit einem leistungsst\u00e4rkeren Motor, einer stufenlosen Geschwindigkeitsregulierung und einem \u00dcberlastungsschutz ausgestattet worden, die zur Leistungssteigerung und verbesserten Sicherheit beigetragen haben.<\/li>\n<li><strong>Neun Funktionen<\/strong>\u00a0erleichtern die K\u00fcchenarbeit. Mit ihrem 18-teiligen Zubeh\u00f6r-Set kann die Maschine sowohl zum R\u00fchren, Mixen, Kneten und P\u00fcrieren, als auch zum Mahlen, Raspeln, W\u00fcrstchen stopfen und Passieren genutzt werden. Heutige Modelle der K\u00fcchenmaschine sind mit \u00e4lteren Modellen kompatibel. Dies bedeutet auch, dass neues Zubeh\u00f6r mit \u00e4lteren Modellen der Ankarsrum Assistent Original kompatibel ist und Vice versa.<\/li>\n<li>Mehr Spielraum im Vergleich zu Konkurrenz-Produkten. Da die R\u00fchrsch\u00fcssel ganze 7 l Volumen fasst, k\u00f6nnen in einem Arbeitsschritt bis zu\u00a0<strong>5 kg Teig<\/strong>\u00a0hergestellt werden. Die Sch\u00fcssel ist oberhalb des Motors und des Getriebekastens angebracht, sodass die Sch\u00fcssel selbst rotiert, statt des Aufsatzes (beispielsweise ein R\u00fchrstab), wie bei anderen K\u00fcchenmaschinen \u00fcblich. Diese Art der Konstruktion erm\u00f6glicht eine effektivere und leistungsst\u00e4rkere Nutzung des Motors und erleichtert au\u00dferdem die K\u00fcchenarbeit, da die Zutaten einfacher von oben einzuf\u00fcllen sind.<\/li>\n<li><strong>Stil<\/strong>. Das charakteristische stromlinienf\u00f6rmige Design ist heute noch genauso beliebt wie schon in den 1950er Jahren. Es wurde vom Diplom-Ingenieur Alvar Lenning entworfen. Mit der Zeit wurde das cr\u00e8mefarbene Original um zahlreiche Farbvarianten erweitert. Heute ist der Ankarsrum Assistent Original zahlreichen Farben erh\u00e4ltlich.<\/li>\n<\/ol>","protected":false},"excerpt":{"rendered":"<p>Die Assistent Original wird im eigenen Werk in Schweden von Hand gefertigt und montiert \u2013 und das bereits seit 1940. Jede Assistent wird genauestens gepr\u00fcft, bevor sie das Werk verl\u00e4sst. Unsere Arbeit steht unter den Leitprinzipien Qualit\u00e4t, Funktionalit\u00e4t und Design.<\/p>\n","protected":false},"featured_media":8646,"comment_status":"open","ping_status":"closed","template":"","meta":{"_acf_changed":false,"content-type":"","editor_notices":[]},"product_brand":[],"product_cat":[354],"product_tag":[],"product-tag":[],"machines":[],"filter":[],"class_list":{"0":"post-5347","1":"product","2":"type-product","3":"status-publish","4":"has-post-thumbnail","6":"product_cat-kuchenmashine","8":"first","9":"instock","10":"taxable","11":"shipping-taxable","12":"purchasable","13":"product-type-simple"},"bundled_by":[],"bundle_stock_status":"instock","bundle_stock_quantity":null,"bundle_virtual":false,"bundle_layout":"","bundle_add_to_cart_form_location":"","bundle_editable_in_cart":false,"bundle_sold_individually_context":"","bundle_item_grouping":"","bundle_min_size":"","bundle_max_size":"","bundle_price":[],"bundled_items":[],"bundle_sell_ids":[],"acf":[],"yoast_head":"<!-- This site is optimized with the Yoast SEO Premium plugin v26.6 (Yoast SEO v26.6) - https:\/\/yoast.com\/wordpress\/plugins\/seo\/ -->\n<title>Ankarsrum Assistent Original - Black Diamond - Ankarsrum Switzerland<\/title>\n<meta name=\"robots\" content=\"index, follow, max-snippet:-1, max-image-preview:large, max-video-preview:-1\" \/>\n<link rel=\"canonical\" href=\"https:\/\/www.ankarsrum.com\/ch\/product\/assistent-original-black-diamond-bd\/\" \/>\n<meta property=\"og:locale\" content=\"de_DE\" \/>\n<meta property=\"og:type\" content=\"article\" \/>\n<meta property=\"og:title\" content=\"Ankarsrum Assistent Original - Black Diamond\" \/>\n<meta property=\"og:description\" content=\"Die Assistent Original wird im eigenen Werk in Schweden von Hand gefertigt und montiert \u2013 und das bereits seit 1940. Jede Assistent wird genauestens gepr\u00fcft, bevor sie das Werk verl\u00e4sst. Unsere Arbeit steht unter den Leitprinzipien Qualit\u00e4t, Funktionalit\u00e4t und Design.\" \/>\n<meta property=\"og:url\" content=\"https:\/\/www.ankarsrum.com\/ch\/product\/assistent-original-black-diamond-bd\/\" \/>\n<meta property=\"og:site_name\" content=\"Ankarsrum Switzerland\" \/>\n<meta property=\"article:modified_time\" content=\"2026-04-13T19:26:05+00:00\" \/>\n<meta property=\"og:image\" content=\"https:\/\/www.ankarsrum.com\/ch\/wp-content\/uploads\/sites\/30\/2024\/09\/ankarsrum-assistent-original-black-diamond-hero.jpg\" \/>\n\t<meta property=\"og:image:width\" content=\"1200\" \/>\n\t<meta property=\"og:image:height\" content=\"630\" \/>\n\t<meta property=\"og:image:type\" content=\"image\/jpeg\" \/>\n<meta name=\"twitter:card\" content=\"summary_large_image\" \/>\n<meta name=\"twitter:label1\" content=\"Gesch\u00e4tzte Lesezeit\" \/>\n\t<meta name=\"twitter:data1\" content=\"2\u00a0Minuten\" \/>\n<script type=\"application\/ld+json\" class=\"yoast-schema-graph\">{\"@context\":\"https:\/\/schema.org\",\"@graph\":[{\"@type\":\"WebPage\",\"@id\":\"https:\/\/www.ankarsrum.com\/ch\/product\/assistent-original-black-diamond-bd\/\",\"url\":\"https:\/\/www.ankarsrum.com\/ch\/product\/assistent-original-black-diamond-bd\/\",\"name\":\"Ankarsrum Assistent Original - Black Diamond - Ankarsrum Switzerland\",\"isPartOf\":{\"@id\":\"https:\/\/www.ankarsrum.com\/ch\/#website\"},\"primaryImageOfPage\":{\"@id\":\"https:\/\/www.ankarsrum.com\/ch\/product\/assistent-original-black-diamond-bd\/#primaryimage\"},\"image\":{\"@id\":\"https:\/\/www.ankarsrum.com\/ch\/product\/assistent-original-black-diamond-bd\/#primaryimage\"},\"thumbnailUrl\":\"https:\/\/www.ankarsrum.com\/img-srv\/-Q2wkAcoNWNYhHTNeBFq_poUvJHGEGZ7SiTXiu8zILg\/resizing_type:auto\/width:0\/height:0\/gravity:sm\/enlarge:1\/ext:webp\/strip_metadata:1\/quality:90\/cachebuster:filesize-247897\/bG9jYWw6Ly8vd3d3LmFua2Fyc3J1bS5jb20vd3AtY29udGVudC91cGxvYWRzL3NpdGVzLzMwLzIwMjQvMDkvYW5rYXJzcnVtLWFzc2lzdGVudC1vcmlnaW5hbC1ibGFjay1kaWFtb25kLWhlcm8uanBn.webp\",\"datePublished\":\"2024-07-09T19:00:29+00:00\",\"dateModified\":\"2026-04-13T19:26:05+00:00\",\"breadcrumb\":{\"@id\":\"https:\/\/www.ankarsrum.com\/ch\/product\/assistent-original-black-diamond-bd\/#breadcrumb\"},\"inLanguage\":\"de-CH\",\"potentialAction\":[{\"@type\":\"ReadAction\",\"target\":[\"https:\/\/www.ankarsrum.com\/ch\/product\/assistent-original-black-diamond-bd\/\"]}]},{\"@type\":\"ImageObject\",\"inLanguage\":\"de-CH\",\"@id\":\"https:\/\/www.ankarsrum.com\/ch\/product\/assistent-original-black-diamond-bd\/#primaryimage\",\"url\":\"https:\/\/www.ankarsrum.com\/img-srv\/-Q2wkAcoNWNYhHTNeBFq_poUvJHGEGZ7SiTXiu8zILg\/resizing_type:auto\/width:0\/height:0\/gravity:sm\/enlarge:1\/ext:webp\/strip_metadata:1\/quality:90\/cachebuster:filesize-247897\/bG9jYWw6Ly8vd3d3LmFua2Fyc3J1bS5jb20vd3AtY29udGVudC91cGxvYWRzL3NpdGVzLzMwLzIwMjQvMDkvYW5rYXJzcnVtLWFzc2lzdGVudC1vcmlnaW5hbC1ibGFjay1kaWFtb25kLWhlcm8uanBn.webp\",\"contentUrl\":\"https:\/\/www.ankarsrum.com\/img-srv\/-Q2wkAcoNWNYhHTNeBFq_poUvJHGEGZ7SiTXiu8zILg\/resizing_type:auto\/width:0\/height:0\/gravity:sm\/enlarge:1\/ext:webp\/strip_metadata:1\/quality:90\/cachebuster:filesize-247897\/bG9jYWw6Ly8vd3d3LmFua2Fyc3J1bS5jb20vd3AtY29udGVudC91cGxvYWRzL3NpdGVzLzMwLzIwMjQvMDkvYW5rYXJzcnVtLWFzc2lzdGVudC1vcmlnaW5hbC1ibGFjay1kaWFtb25kLWhlcm8uanBn.webp\",\"width\":2000,\"height\":2000},{\"@type\":\"BreadcrumbList\",\"@id\":\"https:\/\/www.ankarsrum.com\/ch\/product\/assistent-original-black-diamond-bd\/#breadcrumb\",\"itemListElement\":[{\"@type\":\"ListItem\",\"position\":1,\"name\":\"Home\",\"item\":\"https:\/\/www.ankarsrum.com\/ch\/\"},{\"@type\":\"ListItem\",\"position\":2,\"name\":\"Produce name\",\"item\":\"https:\/\/www.ankarsrum.com\/ch\/shop\/\"},{\"@type\":\"ListItem\",\"position\":3,\"name\":\"Ankarsrum Assistent Original &#8211; Black Diamond\"}]},{\"@type\":\"WebSite\",\"@id\":\"https:\/\/www.ankarsrum.com\/ch\/#website\",\"url\":\"https:\/\/www.ankarsrum.com\/ch\/\",\"name\":\"Ankarsrum Switzerland\",\"description\":\"The bread of the world\",\"potentialAction\":[{\"@type\":\"SearchAction\",\"target\":{\"@type\":\"EntryPoint\",\"urlTemplate\":\"https:\/\/www.ankarsrum.com\/ch\/?s={search_term_string}\"},\"query-input\":{\"@type\":\"PropertyValueSpecification\",\"valueRequired\":true,\"valueName\":\"search_term_string\"}}],\"inLanguage\":\"de-CH\"}]}<\/script>\n<!-- \/ Yoast SEO Premium plugin. -->","yoast_head_json":{"title":"Ankarsrum Assistent Original - Black Diamond - Ankarsrum Switzerland","robots":{"index":"index","follow":"follow","max-snippet":"max-snippet:-1","max-image-preview":"max-image-preview:large","max-video-preview":"max-video-preview:-1"},"canonical":"https:\/\/www.ankarsrum.com\/ch\/product\/assistent-original-black-diamond-bd\/","og_locale":"de_DE","og_type":"article","og_title":"Ankarsrum Assistent Original - Black Diamond","og_description":"Die Assistent Original wird im eigenen Werk in Schweden von Hand gefertigt und montiert \u2013 und das bereits seit 1940. Jede Assistent wird genauestens gepr\u00fcft, bevor sie das Werk verl\u00e4sst. Unsere Arbeit steht unter den Leitprinzipien Qualit\u00e4t, Funktionalit\u00e4t und Design.","og_url":"https:\/\/www.ankarsrum.com\/ch\/product\/assistent-original-black-diamond-bd\/","og_site_name":"Ankarsrum Switzerland","article_modified_time":"2026-04-13T19:26:05+00:00","og_image":[{"width":1200,"height":630,"url":"https:\/\/www.ankarsrum.com\/ch\/wp-content\/uploads\/sites\/30\/2024\/09\/ankarsrum-assistent-original-black-diamond-hero.jpg","type":"image\/jpeg"}],"twitter_card":"summary_large_image","twitter_misc":{"Gesch\u00e4tzte Lesezeit":"2\u00a0Minuten"},"schema":{"@context":"https:\/\/schema.org","@graph":[{"@type":"WebPage","@id":"https:\/\/www.ankarsrum.com\/ch\/product\/assistent-original-black-diamond-bd\/","url":"https:\/\/www.ankarsrum.com\/ch\/product\/assistent-original-black-diamond-bd\/","name":"Ankarsrum Assistent Original - Black Diamond - Ankarsrum Switzerland","isPartOf":{"@id":"https:\/\/www.ankarsrum.com\/ch\/#website"},"primaryImageOfPage":{"@id":"https:\/\/www.ankarsrum.com\/ch\/product\/assistent-original-black-diamond-bd\/#primaryimage"},"image":{"@id":"https:\/\/www.ankarsrum.com\/ch\/product\/assistent-original-black-diamond-bd\/#primaryimage"},"thumbnailUrl":"https:\/\/www.ankarsrum.com\/img-srv\/-Q2wkAcoNWNYhHTNeBFq_poUvJHGEGZ7SiTXiu8zILg\/resizing_type:auto\/width:0\/height:0\/gravity:sm\/enlarge:1\/ext:webp\/strip_metadata:1\/quality:90\/cachebuster:filesize-247897\/bG9jYWw6Ly8vd3d3LmFua2Fyc3J1bS5jb20vd3AtY29udGVudC91cGxvYWRzL3NpdGVzLzMwLzIwMjQvMDkvYW5rYXJzcnVtLWFzc2lzdGVudC1vcmlnaW5hbC1ibGFjay1kaWFtb25kLWhlcm8uanBn.webp","datePublished":"2024-07-09T19:00:29+00:00","dateModified":"2026-04-13T19:26:05+00:00","breadcrumb":{"@id":"https:\/\/www.ankarsrum.com\/ch\/product\/assistent-original-black-diamond-bd\/#breadcrumb"},"inLanguage":"de-CH","potentialAction":[{"@type":"ReadAction","target":["https:\/\/www.ankarsrum.com\/ch\/product\/assistent-original-black-diamond-bd\/"]}]},{"@type":"ImageObject","inLanguage":"de-CH","@id":"https:\/\/www.ankarsrum.com\/ch\/product\/assistent-original-black-diamond-bd\/#primaryimage","url":"https:\/\/www.ankarsrum.com\/img-srv\/-Q2wkAcoNWNYhHTNeBFq_poUvJHGEGZ7SiTXiu8zILg\/resizing_type:auto\/width:0\/height:0\/gravity:sm\/enlarge:1\/ext:webp\/strip_metadata:1\/quality:90\/cachebuster:filesize-247897\/bG9jYWw6Ly8vd3d3LmFua2Fyc3J1bS5jb20vd3AtY29udGVudC91cGxvYWRzL3NpdGVzLzMwLzIwMjQvMDkvYW5rYXJzcnVtLWFzc2lzdGVudC1vcmlnaW5hbC1ibGFjay1kaWFtb25kLWhlcm8uanBn.webp","contentUrl":"https:\/\/www.ankarsrum.com\/img-srv\/-Q2wkAcoNWNYhHTNeBFq_poUvJHGEGZ7SiTXiu8zILg\/resizing_type:auto\/width:0\/height:0\/gravity:sm\/enlarge:1\/ext:webp\/strip_metadata:1\/quality:90\/cachebuster:filesize-247897\/bG9jYWw6Ly8vd3d3LmFua2Fyc3J1bS5jb20vd3AtY29udGVudC91cGxvYWRzL3NpdGVzLzMwLzIwMjQvMDkvYW5rYXJzcnVtLWFzc2lzdGVudC1vcmlnaW5hbC1ibGFjay1kaWFtb25kLWhlcm8uanBn.webp","width":2000,"height":2000},{"@type":"BreadcrumbList","@id":"https:\/\/www.ankarsrum.com\/ch\/product\/assistent-original-black-diamond-bd\/#breadcrumb","itemListElement":[{"@type":"ListItem","position":1,"name":"Home","item":"https:\/\/www.ankarsrum.com\/ch\/"},{"@type":"ListItem","position":2,"name":"Produce name","item":"https:\/\/www.ankarsrum.com\/ch\/shop\/"},{"@type":"ListItem","position":3,"name":"Ankarsrum Assistent Original &#8211; Black Diamond"}]},{"@type":"WebSite","@id":"https:\/\/www.ankarsrum.com\/ch\/#website","url":"https:\/\/www.ankarsrum.com\/ch\/","name":"Ankarsrum Switzerland","description":"The bread of the world","potentialAction":[{"@type":"SearchAction","target":{"@type":"EntryPoint","urlTemplate":"https:\/\/www.ankarsrum.com\/ch\/?s={search_term_string}"},"query-input":{"@type":"PropertyValueSpecification","valueRequired":true,"valueName":"search_term_string"}}],"inLanguage":"de-CH"}]}},"_links":{"self":[{"href":"https:\/\/www.ankarsrum.com\/ch\/wp-json\/wp\/v2\/product\/5347","targetHints":{"allow":["GET"]}}],"collection":[{"href":"https:\/\/www.ankarsrum.com\/ch\/wp-json\/wp\/v2\/product"}],"about":[{"href":"https:\/\/www.ankarsrum.com\/ch\/wp-json\/wp\/v2\/types\/product"}],"replies":[{"embeddable":true,"href":"https:\/\/www.ankarsrum.com\/ch\/wp-json\/wp\/v2\/comments?post=5347"}],"wp:featuredmedia":[{"embeddable":true,"href":"https:\/\/www.ankarsrum.com\/ch\/wp-json\/wp\/v2\/media\/8646"}],"wp:attachment":[{"href":"https:\/\/www.ankarsrum.com\/ch\/wp-json\/wp\/v2\/media?parent=5347"}],"wp:term":[{"taxonomy":"product_brand","embeddable":true,"href":"https:\/\/www.ankarsrum.com\/ch\/wp-json\/wp\/v2\/product_brand?post=5347"},{"taxonomy":"product_cat","embeddable":true,"href":"https:\/\/www.ankarsrum.com\/ch\/wp-json\/wp\/v2\/product_cat?post=5347"},{"taxonomy":"product_tag","embeddable":true,"href":"https:\/\/www.ankarsrum.com\/ch\/wp-json\/wp\/v2\/product_tag?post=5347"},{"taxonomy":"product-tag","embeddable":true,"href":"https:\/\/www.ankarsrum.com\/ch\/wp-json\/wp\/v2\/product-tag?post=5347"},{"taxonomy":"machines","embeddable":true,"href":"https:\/\/www.ankarsrum.com\/ch\/wp-json\/wp\/v2\/machines?post=5347"},{"taxonomy":"filter","embeddable":true,"href":"https:\/\/www.ankarsrum.com\/ch\/wp-json\/wp\/v2\/filter?post=5347"}],"curies":[{"name":"wp","href":"https:\/\/api.w.org\/{rel}","templated":true}]}}