{"id":6060,"date":"2024-07-10T14:39:15","date_gmt":"2024-07-10T14:39:15","guid":{"rendered":"https:\/\/www.ankarsrum.com\/ch\/product\/planeten-schlagwerk-mit-schuessel-komplett\/"},"modified":"2026-04-29T20:46:16","modified_gmt":"2026-04-29T20:46:16","slug":"planeten-schlagwerk-mit-schuessel-komplett","status":"publish","type":"product","link":"https:\/\/www.ankarsrum.com\/ch\/product\/planeten-schlagwerk-mit-schuessel-komplett\/","title":{"rendered":"Planetenru\u0308hrwerk m. 3,5 ltr.-Schu\u0308ssel"},"content":{"rendered":"<p>\u2022 Schneebesen \u2013 f\u00fcr perfekte Fluffigkeit!<br \/>\u2022 Arbeiten Sie mit den Schneebesen, wenn Sie luftige Teige wie Baiser oder Sahne, Eier und Sandkuchenteig schlagen m\u00f6chten.<br \/>\u2022 Sahne (100\u2013800 ml), Eiwei\u00df (2\u201320 St\u00fcck), Pfannkuchenteig (0,5\u20132,5 Liter), Sandkuchenteig (1\u20133 Portionen).<br \/>\u2022 Arbeiten Sie mit den R\u00fchrbesen, wenn Sie R\u00fchrteig oder einfache Teige auf Butterbasis wie f\u00fcr Cookies oder Quiches r\u00fchren m\u00f6chten.<br \/>\u2022 Wenn Sie Teige mit Butter r\u00fchren, sollte die Butter zimmerwarm oder fl\u00fcssig sein.<br \/>\u2022 In der R\u00fchrsch\u00fcssel k\u00f6nnen auch hei\u00dfe Zutaten verarbeitet werden, z. B. f\u00fcr italienische Baisermasse mit hei\u00dfem Zuckersirup.<br \/>\u2022 Die R\u00fchrsch\u00fcssel besteht aus dem Copolyester-Kunststoff Tritan und ist BPA-frei.<br \/>\u2022 Wenn Sie Teige mit Butter r\u00fchren, sollte die Butter zimmerwarm oder fl\u00fcssig sein.<br \/>\u2022 Wenn Sie zwischen Schneebesen und R\u00fchrbesen wechseln, achten Sie darauf, dass Sie einen \u201eKlick\u201c h\u00f6ren, wenn Sie die Besen in den Kopf des Schlagwerks einsetzen.<\/p>","protected":false},"excerpt":{"rendered":"<p>Mit den Schneebesen erhalten Sie immer das gew\u00fcnschte Ergebnis, wenn Sie die perfekt luftige Sahne und Schaumgeb\u00e4ck zubereiten wollen, und mit den Einschlaufenr\u00fchrern k\u00f6nnen Sie die leckersten Pl\u00e4tzchen und die knusprigsten Pasteten backen, die Sie sich vorstellen k\u00f6nnen.<\/p>\n","protected":false},"featured_media":9088,"comment_status":"open","ping_status":"closed","template":"","meta":{"_acf_changed":false,"content-type":"","editor_notices":[]},"product_brand":[],"product_cat":[348],"product_tag":[121],"product-tag":[],"machines":[],"filter":[],"class_list":{"0":"post-6060","1":"product","2":"type-product","3":"status-publish","4":"has-post-thumbnail","6":"product_cat-erasatzteile","7":"product_tag-akm6230","9":"first","10":"instock","11":"taxable","12":"shipping-taxable","13":"purchasable","14":"product-type-simple"},"bundled_by":[],"bundle_stock_status":"instock","bundle_stock_quantity":null,"bundle_virtual":false,"bundle_layout":"","bundle_add_to_cart_form_location":"","bundle_editable_in_cart":false,"bundle_sold_individually_context":"","bundle_item_grouping":"","bundle_min_size":"","bundle_max_size":"","bundle_price":[],"bundled_items":[],"bundle_sell_ids":[],"acf":[],"yoast_head":"<!-- This site is optimized with the Yoast SEO Premium plugin v26.6 (Yoast SEO v26.6) - https:\/\/yoast.com\/wordpress\/plugins\/seo\/ -->\n<title>Planetenru\u0308hrwerk m. 3,5 ltr.-Schu\u0308ssel - Ankarsrum Switzerland<\/title>\n<meta name=\"robots\" content=\"index, follow, max-snippet:-1, max-image-preview:large, max-video-preview:-1\" \/>\n<link rel=\"canonical\" href=\"https:\/\/www.ankarsrum.com\/ch\/product\/planeten-schlagwerk-mit-schuessel-komplett\/\" \/>\n<meta property=\"og:locale\" content=\"de_DE\" \/>\n<meta property=\"og:type\" content=\"article\" \/>\n<meta property=\"og:title\" content=\"Planetenru\u0308hrwerk m. 3,5 ltr.-Schu\u0308ssel\" \/>\n<meta property=\"og:description\" content=\"Mit den Schneebesen erhalten Sie immer das gew\u00fcnschte Ergebnis, wenn Sie die perfekt luftige Sahne und Schaumgeb\u00e4ck zubereiten wollen, und mit den Einschlaufenr\u00fchrern k\u00f6nnen Sie die leckersten Pl\u00e4tzchen und die knusprigsten Pasteten backen, die Sie sich vorstellen k\u00f6nnen.\" \/>\n<meta property=\"og:url\" content=\"https:\/\/www.ankarsrum.com\/ch\/product\/planeten-schlagwerk-mit-schuessel-komplett\/\" \/>\n<meta property=\"og:site_name\" content=\"Ankarsrum Switzerland\" \/>\n<meta property=\"article:modified_time\" content=\"2026-04-29T20:46:16+00:00\" \/>\n<meta property=\"og:image\" content=\"https:\/\/www.ankarsrum.com\/ch\/wp-content\/uploads\/sites\/30\/2024\/09\/dubbelvisp-komplett.jpg\" \/>\n\t<meta property=\"og:image:width\" content=\"1200\" \/>\n\t<meta property=\"og:image:height\" content=\"630\" \/>\n\t<meta property=\"og:image:type\" content=\"image\/jpeg\" \/>\n<meta name=\"twitter:card\" content=\"summary_large_image\" \/>\n<meta name=\"twitter:label1\" content=\"Gesch\u00e4tzte Lesezeit\" \/>\n\t<meta name=\"twitter:data1\" content=\"1\u00a0Minute\" \/>\n<script type=\"application\/ld+json\" class=\"yoast-schema-graph\">{\"@context\":\"https:\/\/schema.org\",\"@graph\":[{\"@type\":\"WebPage\",\"@id\":\"https:\/\/www.ankarsrum.com\/ch\/product\/planeten-schlagwerk-mit-schuessel-komplett\/\",\"url\":\"https:\/\/www.ankarsrum.com\/ch\/product\/planeten-schlagwerk-mit-schuessel-komplett\/\",\"name\":\"Planetenru\u0308hrwerk m. 3,5 ltr.-Schu\u0308ssel - Ankarsrum Switzerland\",\"isPartOf\":{\"@id\":\"https:\/\/www.ankarsrum.com\/ch\/#website\"},\"primaryImageOfPage\":{\"@id\":\"https:\/\/www.ankarsrum.com\/ch\/product\/planeten-schlagwerk-mit-schuessel-komplett\/#primaryimage\"},\"image\":{\"@id\":\"https:\/\/www.ankarsrum.com\/ch\/product\/planeten-schlagwerk-mit-schuessel-komplett\/#primaryimage\"},\"thumbnailUrl\":\"https:\/\/www.ankarsrum.com\/img-srv\/37-0rNVWKfT_sndgKTIWIWgbs_10FOl_x1ujWbdDE4E\/resizing_type:auto\/width:0\/height:0\/gravity:sm\/enlarge:1\/ext:webp\/strip_metadata:1\/quality:90\/cachebuster:filesize-154964\/bG9jYWw6Ly8vd3d3LmFua2Fyc3J1bS5jb20vd3AtY29udGVudC91cGxvYWRzL3NpdGVzLzMwLzIwMjQvMDkvZHViYmVsdmlzcC1rb21wbGV0dC5qcGc.webp\",\"datePublished\":\"2024-07-10T14:39:15+00:00\",\"dateModified\":\"2026-04-29T20:46:16+00:00\",\"breadcrumb\":{\"@id\":\"https:\/\/www.ankarsrum.com\/ch\/product\/planeten-schlagwerk-mit-schuessel-komplett\/#breadcrumb\"},\"inLanguage\":\"de-CH\",\"potentialAction\":[{\"@type\":\"ReadAction\",\"target\":[\"https:\/\/www.ankarsrum.com\/ch\/product\/planeten-schlagwerk-mit-schuessel-komplett\/\"]}]},{\"@type\":\"ImageObject\",\"inLanguage\":\"de-CH\",\"@id\":\"https:\/\/www.ankarsrum.com\/ch\/product\/planeten-schlagwerk-mit-schuessel-komplett\/#primaryimage\",\"url\":\"https:\/\/www.ankarsrum.com\/img-srv\/37-0rNVWKfT_sndgKTIWIWgbs_10FOl_x1ujWbdDE4E\/resizing_type:auto\/width:0\/height:0\/gravity:sm\/enlarge:1\/ext:webp\/strip_metadata:1\/quality:90\/cachebuster:filesize-154964\/bG9jYWw6Ly8vd3d3LmFua2Fyc3J1bS5jb20vd3AtY29udGVudC91cGxvYWRzL3NpdGVzLzMwLzIwMjQvMDkvZHViYmVsdmlzcC1rb21wbGV0dC5qcGc.webp\",\"contentUrl\":\"https:\/\/www.ankarsrum.com\/img-srv\/37-0rNVWKfT_sndgKTIWIWgbs_10FOl_x1ujWbdDE4E\/resizing_type:auto\/width:0\/height:0\/gravity:sm\/enlarge:1\/ext:webp\/strip_metadata:1\/quality:90\/cachebuster:filesize-154964\/bG9jYWw6Ly8vd3d3LmFua2Fyc3J1bS5jb20vd3AtY29udGVudC91cGxvYWRzL3NpdGVzLzMwLzIwMjQvMDkvZHViYmVsdmlzcC1rb21wbGV0dC5qcGc.webp\",\"width\":2000,\"height\":2000},{\"@type\":\"BreadcrumbList\",\"@id\":\"https:\/\/www.ankarsrum.com\/ch\/product\/planeten-schlagwerk-mit-schuessel-komplett\/#breadcrumb\",\"itemListElement\":[{\"@type\":\"ListItem\",\"position\":1,\"name\":\"Home\",\"item\":\"https:\/\/www.ankarsrum.com\/ch\/\"},{\"@type\":\"ListItem\",\"position\":2,\"name\":\"Produce name\",\"item\":\"https:\/\/www.ankarsrum.com\/ch\/shop\/\"},{\"@type\":\"ListItem\",\"position\":3,\"name\":\"Planetenru\u0308hrwerk m. 3,5 ltr.-Schu\u0308ssel\"}]},{\"@type\":\"WebSite\",\"@id\":\"https:\/\/www.ankarsrum.com\/ch\/#website\",\"url\":\"https:\/\/www.ankarsrum.com\/ch\/\",\"name\":\"Ankarsrum Switzerland\",\"description\":\"The bread of the world\",\"potentialAction\":[{\"@type\":\"SearchAction\",\"target\":{\"@type\":\"EntryPoint\",\"urlTemplate\":\"https:\/\/www.ankarsrum.com\/ch\/?s={search_term_string}\"},\"query-input\":{\"@type\":\"PropertyValueSpecification\",\"valueRequired\":true,\"valueName\":\"search_term_string\"}}],\"inLanguage\":\"de-CH\"}]}<\/script>\n<!-- \/ Yoast SEO Premium plugin. -->","yoast_head_json":{"title":"Planetenru\u0308hrwerk m. 3,5 ltr.-Schu\u0308ssel - Ankarsrum Switzerland","robots":{"index":"index","follow":"follow","max-snippet":"max-snippet:-1","max-image-preview":"max-image-preview:large","max-video-preview":"max-video-preview:-1"},"canonical":"https:\/\/www.ankarsrum.com\/ch\/product\/planeten-schlagwerk-mit-schuessel-komplett\/","og_locale":"de_DE","og_type":"article","og_title":"Planetenru\u0308hrwerk m. 3,5 ltr.-Schu\u0308ssel","og_description":"Mit den Schneebesen erhalten Sie immer das gew\u00fcnschte Ergebnis, wenn Sie die perfekt luftige Sahne und Schaumgeb\u00e4ck zubereiten wollen, und mit den Einschlaufenr\u00fchrern k\u00f6nnen Sie die leckersten Pl\u00e4tzchen und die knusprigsten Pasteten backen, die Sie sich vorstellen k\u00f6nnen.","og_url":"https:\/\/www.ankarsrum.com\/ch\/product\/planeten-schlagwerk-mit-schuessel-komplett\/","og_site_name":"Ankarsrum Switzerland","article_modified_time":"2026-04-29T20:46:16+00:00","og_image":[{"width":1200,"height":630,"url":"https:\/\/www.ankarsrum.com\/ch\/wp-content\/uploads\/sites\/30\/2024\/09\/dubbelvisp-komplett.jpg","type":"image\/jpeg"}],"twitter_card":"summary_large_image","twitter_misc":{"Gesch\u00e4tzte Lesezeit":"1\u00a0Minute"},"schema":{"@context":"https:\/\/schema.org","@graph":[{"@type":"WebPage","@id":"https:\/\/www.ankarsrum.com\/ch\/product\/planeten-schlagwerk-mit-schuessel-komplett\/","url":"https:\/\/www.ankarsrum.com\/ch\/product\/planeten-schlagwerk-mit-schuessel-komplett\/","name":"Planetenru\u0308hrwerk m. 3,5 ltr.-Schu\u0308ssel - Ankarsrum Switzerland","isPartOf":{"@id":"https:\/\/www.ankarsrum.com\/ch\/#website"},"primaryImageOfPage":{"@id":"https:\/\/www.ankarsrum.com\/ch\/product\/planeten-schlagwerk-mit-schuessel-komplett\/#primaryimage"},"image":{"@id":"https:\/\/www.ankarsrum.com\/ch\/product\/planeten-schlagwerk-mit-schuessel-komplett\/#primaryimage"},"thumbnailUrl":"https:\/\/www.ankarsrum.com\/img-srv\/37-0rNVWKfT_sndgKTIWIWgbs_10FOl_x1ujWbdDE4E\/resizing_type:auto\/width:0\/height:0\/gravity:sm\/enlarge:1\/ext:webp\/strip_metadata:1\/quality:90\/cachebuster:filesize-154964\/bG9jYWw6Ly8vd3d3LmFua2Fyc3J1bS5jb20vd3AtY29udGVudC91cGxvYWRzL3NpdGVzLzMwLzIwMjQvMDkvZHViYmVsdmlzcC1rb21wbGV0dC5qcGc.webp","datePublished":"2024-07-10T14:39:15+00:00","dateModified":"2026-04-29T20:46:16+00:00","breadcrumb":{"@id":"https:\/\/www.ankarsrum.com\/ch\/product\/planeten-schlagwerk-mit-schuessel-komplett\/#breadcrumb"},"inLanguage":"de-CH","potentialAction":[{"@type":"ReadAction","target":["https:\/\/www.ankarsrum.com\/ch\/product\/planeten-schlagwerk-mit-schuessel-komplett\/"]}]},{"@type":"ImageObject","inLanguage":"de-CH","@id":"https:\/\/www.ankarsrum.com\/ch\/product\/planeten-schlagwerk-mit-schuessel-komplett\/#primaryimage","url":"https:\/\/www.ankarsrum.com\/img-srv\/37-0rNVWKfT_sndgKTIWIWgbs_10FOl_x1ujWbdDE4E\/resizing_type:auto\/width:0\/height:0\/gravity:sm\/enlarge:1\/ext:webp\/strip_metadata:1\/quality:90\/cachebuster:filesize-154964\/bG9jYWw6Ly8vd3d3LmFua2Fyc3J1bS5jb20vd3AtY29udGVudC91cGxvYWRzL3NpdGVzLzMwLzIwMjQvMDkvZHViYmVsdmlzcC1rb21wbGV0dC5qcGc.webp","contentUrl":"https:\/\/www.ankarsrum.com\/img-srv\/37-0rNVWKfT_sndgKTIWIWgbs_10FOl_x1ujWbdDE4E\/resizing_type:auto\/width:0\/height:0\/gravity:sm\/enlarge:1\/ext:webp\/strip_metadata:1\/quality:90\/cachebuster:filesize-154964\/bG9jYWw6Ly8vd3d3LmFua2Fyc3J1bS5jb20vd3AtY29udGVudC91cGxvYWRzL3NpdGVzLzMwLzIwMjQvMDkvZHViYmVsdmlzcC1rb21wbGV0dC5qcGc.webp","width":2000,"height":2000},{"@type":"BreadcrumbList","@id":"https:\/\/www.ankarsrum.com\/ch\/product\/planeten-schlagwerk-mit-schuessel-komplett\/#breadcrumb","itemListElement":[{"@type":"ListItem","position":1,"name":"Home","item":"https:\/\/www.ankarsrum.com\/ch\/"},{"@type":"ListItem","position":2,"name":"Produce name","item":"https:\/\/www.ankarsrum.com\/ch\/shop\/"},{"@type":"ListItem","position":3,"name":"Planetenru\u0308hrwerk m. 3,5 ltr.-Schu\u0308ssel"}]},{"@type":"WebSite","@id":"https:\/\/www.ankarsrum.com\/ch\/#website","url":"https:\/\/www.ankarsrum.com\/ch\/","name":"Ankarsrum Switzerland","description":"The bread of the world","potentialAction":[{"@type":"SearchAction","target":{"@type":"EntryPoint","urlTemplate":"https:\/\/www.ankarsrum.com\/ch\/?s={search_term_string}"},"query-input":{"@type":"PropertyValueSpecification","valueRequired":true,"valueName":"search_term_string"}}],"inLanguage":"de-CH"}]}},"_links":{"self":[{"href":"https:\/\/www.ankarsrum.com\/ch\/wp-json\/wp\/v2\/product\/6060","targetHints":{"allow":["GET"]}}],"collection":[{"href":"https:\/\/www.ankarsrum.com\/ch\/wp-json\/wp\/v2\/product"}],"about":[{"href":"https:\/\/www.ankarsrum.com\/ch\/wp-json\/wp\/v2\/types\/product"}],"replies":[{"embeddable":true,"href":"https:\/\/www.ankarsrum.com\/ch\/wp-json\/wp\/v2\/comments?post=6060"}],"wp:featuredmedia":[{"embeddable":true,"href":"https:\/\/www.ankarsrum.com\/ch\/wp-json\/wp\/v2\/media\/9088"}],"wp:attachment":[{"href":"https:\/\/www.ankarsrum.com\/ch\/wp-json\/wp\/v2\/media?parent=6060"}],"wp:term":[{"taxonomy":"product_brand","embeddable":true,"href":"https:\/\/www.ankarsrum.com\/ch\/wp-json\/wp\/v2\/product_brand?post=6060"},{"taxonomy":"product_cat","embeddable":true,"href":"https:\/\/www.ankarsrum.com\/ch\/wp-json\/wp\/v2\/product_cat?post=6060"},{"taxonomy":"product_tag","embeddable":true,"href":"https:\/\/www.ankarsrum.com\/ch\/wp-json\/wp\/v2\/product_tag?post=6060"},{"taxonomy":"product-tag","embeddable":true,"href":"https:\/\/www.ankarsrum.com\/ch\/wp-json\/wp\/v2\/product-tag?post=6060"},{"taxonomy":"machines","embeddable":true,"href":"https:\/\/www.ankarsrum.com\/ch\/wp-json\/wp\/v2\/machines?post=6060"},{"taxonomy":"filter","embeddable":true,"href":"https:\/\/www.ankarsrum.com\/ch\/wp-json\/wp\/v2\/filter?post=6060"}],"curies":[{"name":"wp","href":"https:\/\/api.w.org\/{rel}","templated":true}]}}