{"id":6115,"date":"2024-07-16T08:48:09","date_gmt":"2024-07-16T08:48:09","guid":{"rendered":"https:\/\/www.ankarsrum.com\/ch\/product\/go-green\/"},"modified":"2026-04-15T19:36:31","modified_gmt":"2026-04-15T19:36:31","slug":"go-green","status":"publish","type":"product","link":"https:\/\/www.ankarsrum.com\/ch\/product\/go-green\/","title":{"rendered":"Go Green"},"content":{"rendered":"\n<ul>\n<li>Gem\u00fcseschneider<\/li>\n<li>\u00a0Mixeraufsatz<\/li>\n<li>Zitruspresse<\/li>\n<\/ul>","protected":false},"excerpt":{"rendered":"<p>Willkommen in einer gr\u00fcneren Welt! Mit einer Ankarsrum Assistent Original ist es einfach, Ihren Tag mit Obst und Gem\u00fcse anzureichern und \u00fcberwiegend vegetarisch zu kochen.<\/p>\n<p>Be healthy, eat healthy, go healthy &#8211; Go Green!<\/p>\n","protected":false},"featured_media":8909,"comment_status":"open","ping_status":"closed","template":"","meta":{"_acf_changed":false,"content-type":"","editor_notices":[]},"product_brand":[],"product_cat":[351],"product_tag":[],"product-tag":[],"machines":[],"filter":[191,202],"class_list":{"0":"post-6115","1":"product","2":"type-product","3":"status-publish","4":"has-post-thumbnail","6":"product_cat-ankarsrum-zubehor","7":"filter-food","8":"filter-go-green","10":"first","11":"instock","12":"taxable","13":"shipping-taxable","14":"purchasable","15":"product-type-simple"},"bundled_by":[],"bundle_stock_status":"instock","bundle_stock_quantity":null,"bundle_virtual":false,"bundle_layout":"","bundle_add_to_cart_form_location":"","bundle_editable_in_cart":false,"bundle_sold_individually_context":"","bundle_item_grouping":"","bundle_min_size":"","bundle_max_size":"","bundle_price":[],"bundled_items":[],"bundle_sell_ids":[],"acf":[],"yoast_head":"<!-- This site is optimized with the Yoast SEO Premium plugin v26.6 (Yoast SEO v26.6) - https:\/\/yoast.com\/wordpress\/plugins\/seo\/ -->\n<title>Go Green - Ankarsrum Switzerland<\/title>\n<meta name=\"robots\" content=\"index, follow, max-snippet:-1, max-image-preview:large, max-video-preview:-1\" \/>\n<link rel=\"canonical\" href=\"https:\/\/www.ankarsrum.com\/ch\/product\/go-green\/\" \/>\n<meta property=\"og:locale\" content=\"de_DE\" \/>\n<meta property=\"og:type\" content=\"article\" \/>\n<meta property=\"og:title\" content=\"Go Green\" \/>\n<meta property=\"og:description\" content=\"Willkommen in einer gr\u00fcneren Welt! Mit einer Ankarsrum Assistent Original ist es einfach, Ihren Tag mit Obst und Gem\u00fcse anzureichern und \u00fcberwiegend vegetarisch zu kochen. Be healthy, eat healthy, go healthy - Go Green!\" \/>\n<meta property=\"og:url\" content=\"https:\/\/www.ankarsrum.com\/ch\/product\/go-green\/\" \/>\n<meta property=\"og:site_name\" content=\"Ankarsrum Switzerland\" \/>\n<meta property=\"article:modified_time\" content=\"2026-04-15T19:36:31+00:00\" \/>\n<meta property=\"og:image\" content=\"https:\/\/www.ankarsrum.com\/ch\/wp-content\/uploads\/sites\/30\/2024\/09\/go-green.jpg\" \/>\n\t<meta property=\"og:image:width\" content=\"1200\" \/>\n\t<meta property=\"og:image:height\" content=\"630\" \/>\n\t<meta property=\"og:image:type\" content=\"image\/jpeg\" \/>\n<meta name=\"twitter:card\" content=\"summary_large_image\" \/>\n<script type=\"application\/ld+json\" class=\"yoast-schema-graph\">{\"@context\":\"https:\/\/schema.org\",\"@graph\":[{\"@type\":\"WebPage\",\"@id\":\"https:\/\/www.ankarsrum.com\/ch\/product\/go-green\/\",\"url\":\"https:\/\/www.ankarsrum.com\/ch\/product\/go-green\/\",\"name\":\"Go Green - Ankarsrum Switzerland\",\"isPartOf\":{\"@id\":\"https:\/\/www.ankarsrum.com\/ch\/#website\"},\"primaryImageOfPage\":{\"@id\":\"https:\/\/www.ankarsrum.com\/ch\/product\/go-green\/#primaryimage\"},\"image\":{\"@id\":\"https:\/\/www.ankarsrum.com\/ch\/product\/go-green\/#primaryimage\"},\"thumbnailUrl\":\"https:\/\/www.ankarsrum.com\/img-srv\/M-9bwuMeJCp20oX9KPe24bUzlLnua82xzyFCt9wrN34\/resizing_type:auto\/width:0\/height:0\/gravity:sm\/enlarge:1\/ext:webp\/strip_metadata:1\/quality:90\/cachebuster:filesize-168702\/bG9jYWw6Ly8vd3d3LmFua2Fyc3J1bS5jb20vd3AtY29udGVudC91cGxvYWRzL3NpdGVzLzMwLzIwMjQvMDkvZ28tZ3JlZW4uanBn.webp\",\"datePublished\":\"2024-07-16T08:48:09+00:00\",\"dateModified\":\"2026-04-15T19:36:31+00:00\",\"breadcrumb\":{\"@id\":\"https:\/\/www.ankarsrum.com\/ch\/product\/go-green\/#breadcrumb\"},\"inLanguage\":\"de-CH\",\"potentialAction\":[{\"@type\":\"ReadAction\",\"target\":[\"https:\/\/www.ankarsrum.com\/ch\/product\/go-green\/\"]}]},{\"@type\":\"ImageObject\",\"inLanguage\":\"de-CH\",\"@id\":\"https:\/\/www.ankarsrum.com\/ch\/product\/go-green\/#primaryimage\",\"url\":\"https:\/\/www.ankarsrum.com\/img-srv\/M-9bwuMeJCp20oX9KPe24bUzlLnua82xzyFCt9wrN34\/resizing_type:auto\/width:0\/height:0\/gravity:sm\/enlarge:1\/ext:webp\/strip_metadata:1\/quality:90\/cachebuster:filesize-168702\/bG9jYWw6Ly8vd3d3LmFua2Fyc3J1bS5jb20vd3AtY29udGVudC91cGxvYWRzL3NpdGVzLzMwLzIwMjQvMDkvZ28tZ3JlZW4uanBn.webp\",\"contentUrl\":\"https:\/\/www.ankarsrum.com\/img-srv\/M-9bwuMeJCp20oX9KPe24bUzlLnua82xzyFCt9wrN34\/resizing_type:auto\/width:0\/height:0\/gravity:sm\/enlarge:1\/ext:webp\/strip_metadata:1\/quality:90\/cachebuster:filesize-168702\/bG9jYWw6Ly8vd3d3LmFua2Fyc3J1bS5jb20vd3AtY29udGVudC91cGxvYWRzL3NpdGVzLzMwLzIwMjQvMDkvZ28tZ3JlZW4uanBn.webp\",\"width\":2000,\"height\":2000},{\"@type\":\"BreadcrumbList\",\"@id\":\"https:\/\/www.ankarsrum.com\/ch\/product\/go-green\/#breadcrumb\",\"itemListElement\":[{\"@type\":\"ListItem\",\"position\":1,\"name\":\"Home\",\"item\":\"https:\/\/www.ankarsrum.com\/ch\/\"},{\"@type\":\"ListItem\",\"position\":2,\"name\":\"Produce name\",\"item\":\"https:\/\/www.ankarsrum.com\/ch\/shop\/\"},{\"@type\":\"ListItem\",\"position\":3,\"name\":\"Go Green\"}]},{\"@type\":\"WebSite\",\"@id\":\"https:\/\/www.ankarsrum.com\/ch\/#website\",\"url\":\"https:\/\/www.ankarsrum.com\/ch\/\",\"name\":\"Ankarsrum Switzerland\",\"description\":\"The bread of the world\",\"potentialAction\":[{\"@type\":\"SearchAction\",\"target\":{\"@type\":\"EntryPoint\",\"urlTemplate\":\"https:\/\/www.ankarsrum.com\/ch\/?s={search_term_string}\"},\"query-input\":{\"@type\":\"PropertyValueSpecification\",\"valueRequired\":true,\"valueName\":\"search_term_string\"}}],\"inLanguage\":\"de-CH\"}]}<\/script>\n<!-- \/ Yoast SEO Premium plugin. -->","yoast_head_json":{"title":"Go Green - Ankarsrum Switzerland","robots":{"index":"index","follow":"follow","max-snippet":"max-snippet:-1","max-image-preview":"max-image-preview:large","max-video-preview":"max-video-preview:-1"},"canonical":"https:\/\/www.ankarsrum.com\/ch\/product\/go-green\/","og_locale":"de_DE","og_type":"article","og_title":"Go Green","og_description":"Willkommen in einer gr\u00fcneren Welt! Mit einer Ankarsrum Assistent Original ist es einfach, Ihren Tag mit Obst und Gem\u00fcse anzureichern und \u00fcberwiegend vegetarisch zu kochen. Be healthy, eat healthy, go healthy - Go Green!","og_url":"https:\/\/www.ankarsrum.com\/ch\/product\/go-green\/","og_site_name":"Ankarsrum Switzerland","article_modified_time":"2026-04-15T19:36:31+00:00","og_image":[{"width":1200,"height":630,"url":"https:\/\/www.ankarsrum.com\/ch\/wp-content\/uploads\/sites\/30\/2024\/09\/go-green.jpg","type":"image\/jpeg"}],"twitter_card":"summary_large_image","schema":{"@context":"https:\/\/schema.org","@graph":[{"@type":"WebPage","@id":"https:\/\/www.ankarsrum.com\/ch\/product\/go-green\/","url":"https:\/\/www.ankarsrum.com\/ch\/product\/go-green\/","name":"Go Green - Ankarsrum Switzerland","isPartOf":{"@id":"https:\/\/www.ankarsrum.com\/ch\/#website"},"primaryImageOfPage":{"@id":"https:\/\/www.ankarsrum.com\/ch\/product\/go-green\/#primaryimage"},"image":{"@id":"https:\/\/www.ankarsrum.com\/ch\/product\/go-green\/#primaryimage"},"thumbnailUrl":"https:\/\/www.ankarsrum.com\/img-srv\/M-9bwuMeJCp20oX9KPe24bUzlLnua82xzyFCt9wrN34\/resizing_type:auto\/width:0\/height:0\/gravity:sm\/enlarge:1\/ext:webp\/strip_metadata:1\/quality:90\/cachebuster:filesize-168702\/bG9jYWw6Ly8vd3d3LmFua2Fyc3J1bS5jb20vd3AtY29udGVudC91cGxvYWRzL3NpdGVzLzMwLzIwMjQvMDkvZ28tZ3JlZW4uanBn.webp","datePublished":"2024-07-16T08:48:09+00:00","dateModified":"2026-04-15T19:36:31+00:00","breadcrumb":{"@id":"https:\/\/www.ankarsrum.com\/ch\/product\/go-green\/#breadcrumb"},"inLanguage":"de-CH","potentialAction":[{"@type":"ReadAction","target":["https:\/\/www.ankarsrum.com\/ch\/product\/go-green\/"]}]},{"@type":"ImageObject","inLanguage":"de-CH","@id":"https:\/\/www.ankarsrum.com\/ch\/product\/go-green\/#primaryimage","url":"https:\/\/www.ankarsrum.com\/img-srv\/M-9bwuMeJCp20oX9KPe24bUzlLnua82xzyFCt9wrN34\/resizing_type:auto\/width:0\/height:0\/gravity:sm\/enlarge:1\/ext:webp\/strip_metadata:1\/quality:90\/cachebuster:filesize-168702\/bG9jYWw6Ly8vd3d3LmFua2Fyc3J1bS5jb20vd3AtY29udGVudC91cGxvYWRzL3NpdGVzLzMwLzIwMjQvMDkvZ28tZ3JlZW4uanBn.webp","contentUrl":"https:\/\/www.ankarsrum.com\/img-srv\/M-9bwuMeJCp20oX9KPe24bUzlLnua82xzyFCt9wrN34\/resizing_type:auto\/width:0\/height:0\/gravity:sm\/enlarge:1\/ext:webp\/strip_metadata:1\/quality:90\/cachebuster:filesize-168702\/bG9jYWw6Ly8vd3d3LmFua2Fyc3J1bS5jb20vd3AtY29udGVudC91cGxvYWRzL3NpdGVzLzMwLzIwMjQvMDkvZ28tZ3JlZW4uanBn.webp","width":2000,"height":2000},{"@type":"BreadcrumbList","@id":"https:\/\/www.ankarsrum.com\/ch\/product\/go-green\/#breadcrumb","itemListElement":[{"@type":"ListItem","position":1,"name":"Home","item":"https:\/\/www.ankarsrum.com\/ch\/"},{"@type":"ListItem","position":2,"name":"Produce name","item":"https:\/\/www.ankarsrum.com\/ch\/shop\/"},{"@type":"ListItem","position":3,"name":"Go Green"}]},{"@type":"WebSite","@id":"https:\/\/www.ankarsrum.com\/ch\/#website","url":"https:\/\/www.ankarsrum.com\/ch\/","name":"Ankarsrum Switzerland","description":"The bread of the world","potentialAction":[{"@type":"SearchAction","target":{"@type":"EntryPoint","urlTemplate":"https:\/\/www.ankarsrum.com\/ch\/?s={search_term_string}"},"query-input":{"@type":"PropertyValueSpecification","valueRequired":true,"valueName":"search_term_string"}}],"inLanguage":"de-CH"}]}},"_links":{"self":[{"href":"https:\/\/www.ankarsrum.com\/ch\/wp-json\/wp\/v2\/product\/6115","targetHints":{"allow":["GET"]}}],"collection":[{"href":"https:\/\/www.ankarsrum.com\/ch\/wp-json\/wp\/v2\/product"}],"about":[{"href":"https:\/\/www.ankarsrum.com\/ch\/wp-json\/wp\/v2\/types\/product"}],"replies":[{"embeddable":true,"href":"https:\/\/www.ankarsrum.com\/ch\/wp-json\/wp\/v2\/comments?post=6115"}],"wp:featuredmedia":[{"embeddable":true,"href":"https:\/\/www.ankarsrum.com\/ch\/wp-json\/wp\/v2\/media\/8909"}],"wp:attachment":[{"href":"https:\/\/www.ankarsrum.com\/ch\/wp-json\/wp\/v2\/media?parent=6115"}],"wp:term":[{"taxonomy":"product_brand","embeddable":true,"href":"https:\/\/www.ankarsrum.com\/ch\/wp-json\/wp\/v2\/product_brand?post=6115"},{"taxonomy":"product_cat","embeddable":true,"href":"https:\/\/www.ankarsrum.com\/ch\/wp-json\/wp\/v2\/product_cat?post=6115"},{"taxonomy":"product_tag","embeddable":true,"href":"https:\/\/www.ankarsrum.com\/ch\/wp-json\/wp\/v2\/product_tag?post=6115"},{"taxonomy":"product-tag","embeddable":true,"href":"https:\/\/www.ankarsrum.com\/ch\/wp-json\/wp\/v2\/product-tag?post=6115"},{"taxonomy":"machines","embeddable":true,"href":"https:\/\/www.ankarsrum.com\/ch\/wp-json\/wp\/v2\/machines?post=6115"},{"taxonomy":"filter","embeddable":true,"href":"https:\/\/www.ankarsrum.com\/ch\/wp-json\/wp\/v2\/filter?post=6115"}],"curies":[{"name":"wp","href":"https:\/\/api.w.org\/{rel}","templated":true}]}}