{"id":8104,"date":"2024-07-16T12:58:20","date_gmt":"2024-07-16T12:58:20","guid":{"rendered":"https:\/\/www.ankarsrum.com\/ch\/product\/deluxe-paket-2\/"},"modified":"2026-05-02T21:01:30","modified_gmt":"2026-05-02T21:01:30","slug":"deluxe-paket-2","status":"publish","type":"product","link":"https:\/\/www.ankarsrum.com\/ch\/product\/deluxe-paket-2\/","title":{"rendered":"DeLuxe-Paket"},"content":{"rendered":"<p>Ein Fleischwolf in der K\u00fcche bedeutet, dass Sie sich beim Kochen auf einem v\u00f6llig neuen Niveau bewegen. Und das gilt, ganz gleich ob Sie lieber Fleisch oder Fisch essen, weil Sie den Fleischwolf ebenso gut verwenden k\u00f6nnen, um Fischfarce zuzubereiten oder Hackfleisch! Sie erhalten drei verschiedene T\u00fcllen zum Wurststopfen, so dass Sie alles, von Hot Dogs und N\u00fcrnbergern bis zu Bratw\u00fcrsten und Salsiccia machen k\u00f6nnen \u2013 oder wie w\u00e4re es mit einer Fischwurst?<\/p>","protected":false},"excerpt":{"rendered":"<p>Dies ist die L\u00f6sung f\u00fcr alle, die Ihr Assistent Original voll ausnutzen m\u00f6chten. Backen, Hacken, Mischen, Passieren, Pressen, Reiben, Spritzen.<\/p>\n<p>Gro\u00dfes Zubeh\u00f6rpaket, das DeLuxe enth\u00e4lt Fleischwolf, Wurstf\u00fcllaufs\u00e4tze 10\/20\/25 mm, Tablett, Stopfer, 4x Lochscheibe 2.5\/4.5\/6\/8mm, Passiervorsatz, Reibvorsatz, Pastascheiben, Spritzgeb\u00e4ckvorsatz, Mixer, Zitruspresse, Spritzschutz f\u00fcr den Fleischwolf.<\/p>\n","protected":false},"featured_media":8954,"comment_status":"open","ping_status":"closed","template":"","meta":{"_acf_changed":false,"content-type":"","editor_notices":[]},"product_brand":[],"product_cat":[351],"product_tag":[],"product-tag":[],"machines":[],"filter":[],"class_list":{"0":"post-8104","1":"product","2":"type-product","3":"status-publish","4":"has-post-thumbnail","6":"product_cat-ankarsrum-zubehor","8":"first","9":"outofstock","10":"taxable","11":"shipping-taxable","12":"purchasable","13":"product-type-simple"},"bundled_by":[],"bundle_stock_status":"outofstock","bundle_stock_quantity":null,"bundle_virtual":false,"bundle_layout":"","bundle_add_to_cart_form_location":"","bundle_editable_in_cart":false,"bundle_sold_individually_context":"","bundle_item_grouping":"","bundle_min_size":"","bundle_max_size":"","bundle_price":[],"bundled_items":[],"bundle_sell_ids":[],"acf":[],"yoast_head":"<!-- This site is optimized with the Yoast SEO Premium plugin v26.6 (Yoast SEO v26.6) - https:\/\/yoast.com\/wordpress\/plugins\/seo\/ -->\n<title>DeLuxe-Paket - Ankarsrum Switzerland<\/title>\n<meta name=\"robots\" content=\"index, follow, max-snippet:-1, max-image-preview:large, max-video-preview:-1\" \/>\n<link rel=\"canonical\" href=\"https:\/\/www.ankarsrum.com\/ch\/product\/deluxe-paket-2\/\" \/>\n<meta property=\"og:locale\" content=\"de_DE\" \/>\n<meta property=\"og:type\" content=\"article\" \/>\n<meta property=\"og:title\" content=\"DeLuxe-Paket\" \/>\n<meta property=\"og:description\" content=\"Dies ist die L\u00f6sung f\u00fcr alle, die Ihr Assistent Original voll ausnutzen m\u00f6chten. Backen, Hacken, Mischen, Passieren, Pressen, Reiben, Spritzen. Gro\u00dfes Zubeh\u00f6rpaket, das DeLuxe enth\u00e4lt Fleischwolf, Wurstf\u00fcllaufs\u00e4tze 10\/20\/25 mm, Tablett, Stopfer, 4x Lochscheibe 2.5\/4.5\/6\/8mm, Passiervorsatz, Reibvorsatz, Pastascheiben, Spritzgeb\u00e4ckvorsatz, Mixer, Zitruspresse, Spritzschutz f\u00fcr den Fleischwolf.\" \/>\n<meta property=\"og:url\" content=\"https:\/\/www.ankarsrum.com\/ch\/product\/deluxe-paket-2\/\" \/>\n<meta property=\"og:site_name\" content=\"Ankarsrum Switzerland\" \/>\n<meta property=\"article:modified_time\" content=\"2026-05-02T21:01:30+00:00\" \/>\n<meta property=\"og:image\" content=\"https:\/\/www.ankarsrum.com\/ch\/wp-content\/uploads\/sites\/30\/2024\/09\/deluxe-package-920900080jpg.png\" \/>\n\t<meta property=\"og:image:width\" content=\"1080\" \/>\n\t<meta property=\"og:image:height\" content=\"630\" \/>\n\t<meta property=\"og:image:type\" content=\"image\/png\" \/>\n<meta name=\"twitter:card\" content=\"summary_large_image\" \/>\n<script type=\"application\/ld+json\" class=\"yoast-schema-graph\">{\"@context\":\"https:\/\/schema.org\",\"@graph\":[{\"@type\":\"WebPage\",\"@id\":\"https:\/\/www.ankarsrum.com\/ch\/product\/deluxe-paket-2\/\",\"url\":\"https:\/\/www.ankarsrum.com\/ch\/product\/deluxe-paket-2\/\",\"name\":\"DeLuxe-Paket - Ankarsrum Switzerland\",\"isPartOf\":{\"@id\":\"https:\/\/www.ankarsrum.com\/ch\/#website\"},\"primaryImageOfPage\":{\"@id\":\"https:\/\/www.ankarsrum.com\/ch\/product\/deluxe-paket-2\/#primaryimage\"},\"image\":{\"@id\":\"https:\/\/www.ankarsrum.com\/ch\/product\/deluxe-paket-2\/#primaryimage\"},\"thumbnailUrl\":\"https:\/\/www.ankarsrum.com\/img-srv\/j-TTawl5I-zP72AonRrYFt847n6ZxzH0tGRXdtkYmtg\/resizing_type:auto\/width:0\/height:0\/gravity:sm\/enlarge:1\/ext:webp\/strip_metadata:1\/quality:90\/cachebuster:filesize-254966\/bG9jYWw6Ly8vd3d3LmFua2Fyc3J1bS5jb20vd3AtY29udGVudC91cGxvYWRzL3NpdGVzLzMwLzIwMjQvMDkvZGVsdXhlLXBhY2thZ2UtOTIwOTAwMDgwanBnLnBuZw.webp\",\"datePublished\":\"2024-07-16T12:58:20+00:00\",\"dateModified\":\"2026-05-02T21:01:30+00:00\",\"breadcrumb\":{\"@id\":\"https:\/\/www.ankarsrum.com\/ch\/product\/deluxe-paket-2\/#breadcrumb\"},\"inLanguage\":\"de-CH\",\"potentialAction\":[{\"@type\":\"ReadAction\",\"target\":[\"https:\/\/www.ankarsrum.com\/ch\/product\/deluxe-paket-2\/\"]}]},{\"@type\":\"ImageObject\",\"inLanguage\":\"de-CH\",\"@id\":\"https:\/\/www.ankarsrum.com\/ch\/product\/deluxe-paket-2\/#primaryimage\",\"url\":\"https:\/\/www.ankarsrum.com\/img-srv\/j-TTawl5I-zP72AonRrYFt847n6ZxzH0tGRXdtkYmtg\/resizing_type:auto\/width:0\/height:0\/gravity:sm\/enlarge:1\/ext:webp\/strip_metadata:1\/quality:90\/cachebuster:filesize-254966\/bG9jYWw6Ly8vd3d3LmFua2Fyc3J1bS5jb20vd3AtY29udGVudC91cGxvYWRzL3NpdGVzLzMwLzIwMjQvMDkvZGVsdXhlLXBhY2thZ2UtOTIwOTAwMDgwanBnLnBuZw.webp\",\"contentUrl\":\"https:\/\/www.ankarsrum.com\/img-srv\/j-TTawl5I-zP72AonRrYFt847n6ZxzH0tGRXdtkYmtg\/resizing_type:auto\/width:0\/height:0\/gravity:sm\/enlarge:1\/ext:webp\/strip_metadata:1\/quality:90\/cachebuster:filesize-254966\/bG9jYWw6Ly8vd3d3LmFua2Fyc3J1bS5jb20vd3AtY29udGVudC91cGxvYWRzL3NpdGVzLzMwLzIwMjQvMDkvZGVsdXhlLXBhY2thZ2UtOTIwOTAwMDgwanBnLnBuZw.webp\",\"width\":1080,\"height\":1080},{\"@type\":\"BreadcrumbList\",\"@id\":\"https:\/\/www.ankarsrum.com\/ch\/product\/deluxe-paket-2\/#breadcrumb\",\"itemListElement\":[{\"@type\":\"ListItem\",\"position\":1,\"name\":\"Home\",\"item\":\"https:\/\/www.ankarsrum.com\/ch\/\"},{\"@type\":\"ListItem\",\"position\":2,\"name\":\"Produce name\",\"item\":\"https:\/\/www.ankarsrum.com\/ch\/shop\/\"},{\"@type\":\"ListItem\",\"position\":3,\"name\":\"DeLuxe-Paket\"}]},{\"@type\":\"WebSite\",\"@id\":\"https:\/\/www.ankarsrum.com\/ch\/#website\",\"url\":\"https:\/\/www.ankarsrum.com\/ch\/\",\"name\":\"Ankarsrum Switzerland\",\"description\":\"The bread of the world\",\"potentialAction\":[{\"@type\":\"SearchAction\",\"target\":{\"@type\":\"EntryPoint\",\"urlTemplate\":\"https:\/\/www.ankarsrum.com\/ch\/?s={search_term_string}\"},\"query-input\":{\"@type\":\"PropertyValueSpecification\",\"valueRequired\":true,\"valueName\":\"search_term_string\"}}],\"inLanguage\":\"de-CH\"}]}<\/script>\n<!-- \/ Yoast SEO Premium plugin. -->","yoast_head_json":{"title":"DeLuxe-Paket - Ankarsrum Switzerland","robots":{"index":"index","follow":"follow","max-snippet":"max-snippet:-1","max-image-preview":"max-image-preview:large","max-video-preview":"max-video-preview:-1"},"canonical":"https:\/\/www.ankarsrum.com\/ch\/product\/deluxe-paket-2\/","og_locale":"de_DE","og_type":"article","og_title":"DeLuxe-Paket","og_description":"Dies ist die L\u00f6sung f\u00fcr alle, die Ihr Assistent Original voll ausnutzen m\u00f6chten. Backen, Hacken, Mischen, Passieren, Pressen, Reiben, Spritzen. Gro\u00dfes Zubeh\u00f6rpaket, das DeLuxe enth\u00e4lt Fleischwolf, Wurstf\u00fcllaufs\u00e4tze 10\/20\/25 mm, Tablett, Stopfer, 4x Lochscheibe 2.5\/4.5\/6\/8mm, Passiervorsatz, Reibvorsatz, Pastascheiben, Spritzgeb\u00e4ckvorsatz, Mixer, Zitruspresse, Spritzschutz f\u00fcr den Fleischwolf.","og_url":"https:\/\/www.ankarsrum.com\/ch\/product\/deluxe-paket-2\/","og_site_name":"Ankarsrum Switzerland","article_modified_time":"2026-05-02T21:01:30+00:00","og_image":[{"width":1080,"height":630,"url":"https:\/\/www.ankarsrum.com\/ch\/wp-content\/uploads\/sites\/30\/2024\/09\/deluxe-package-920900080jpg.png","type":"image\/png"}],"twitter_card":"summary_large_image","schema":{"@context":"https:\/\/schema.org","@graph":[{"@type":"WebPage","@id":"https:\/\/www.ankarsrum.com\/ch\/product\/deluxe-paket-2\/","url":"https:\/\/www.ankarsrum.com\/ch\/product\/deluxe-paket-2\/","name":"DeLuxe-Paket - Ankarsrum Switzerland","isPartOf":{"@id":"https:\/\/www.ankarsrum.com\/ch\/#website"},"primaryImageOfPage":{"@id":"https:\/\/www.ankarsrum.com\/ch\/product\/deluxe-paket-2\/#primaryimage"},"image":{"@id":"https:\/\/www.ankarsrum.com\/ch\/product\/deluxe-paket-2\/#primaryimage"},"thumbnailUrl":"https:\/\/www.ankarsrum.com\/img-srv\/j-TTawl5I-zP72AonRrYFt847n6ZxzH0tGRXdtkYmtg\/resizing_type:auto\/width:0\/height:0\/gravity:sm\/enlarge:1\/ext:webp\/strip_metadata:1\/quality:90\/cachebuster:filesize-254966\/bG9jYWw6Ly8vd3d3LmFua2Fyc3J1bS5jb20vd3AtY29udGVudC91cGxvYWRzL3NpdGVzLzMwLzIwMjQvMDkvZGVsdXhlLXBhY2thZ2UtOTIwOTAwMDgwanBnLnBuZw.webp","datePublished":"2024-07-16T12:58:20+00:00","dateModified":"2026-05-02T21:01:30+00:00","breadcrumb":{"@id":"https:\/\/www.ankarsrum.com\/ch\/product\/deluxe-paket-2\/#breadcrumb"},"inLanguage":"de-CH","potentialAction":[{"@type":"ReadAction","target":["https:\/\/www.ankarsrum.com\/ch\/product\/deluxe-paket-2\/"]}]},{"@type":"ImageObject","inLanguage":"de-CH","@id":"https:\/\/www.ankarsrum.com\/ch\/product\/deluxe-paket-2\/#primaryimage","url":"https:\/\/www.ankarsrum.com\/img-srv\/j-TTawl5I-zP72AonRrYFt847n6ZxzH0tGRXdtkYmtg\/resizing_type:auto\/width:0\/height:0\/gravity:sm\/enlarge:1\/ext:webp\/strip_metadata:1\/quality:90\/cachebuster:filesize-254966\/bG9jYWw6Ly8vd3d3LmFua2Fyc3J1bS5jb20vd3AtY29udGVudC91cGxvYWRzL3NpdGVzLzMwLzIwMjQvMDkvZGVsdXhlLXBhY2thZ2UtOTIwOTAwMDgwanBnLnBuZw.webp","contentUrl":"https:\/\/www.ankarsrum.com\/img-srv\/j-TTawl5I-zP72AonRrYFt847n6ZxzH0tGRXdtkYmtg\/resizing_type:auto\/width:0\/height:0\/gravity:sm\/enlarge:1\/ext:webp\/strip_metadata:1\/quality:90\/cachebuster:filesize-254966\/bG9jYWw6Ly8vd3d3LmFua2Fyc3J1bS5jb20vd3AtY29udGVudC91cGxvYWRzL3NpdGVzLzMwLzIwMjQvMDkvZGVsdXhlLXBhY2thZ2UtOTIwOTAwMDgwanBnLnBuZw.webp","width":1080,"height":1080},{"@type":"BreadcrumbList","@id":"https:\/\/www.ankarsrum.com\/ch\/product\/deluxe-paket-2\/#breadcrumb","itemListElement":[{"@type":"ListItem","position":1,"name":"Home","item":"https:\/\/www.ankarsrum.com\/ch\/"},{"@type":"ListItem","position":2,"name":"Produce name","item":"https:\/\/www.ankarsrum.com\/ch\/shop\/"},{"@type":"ListItem","position":3,"name":"DeLuxe-Paket"}]},{"@type":"WebSite","@id":"https:\/\/www.ankarsrum.com\/ch\/#website","url":"https:\/\/www.ankarsrum.com\/ch\/","name":"Ankarsrum Switzerland","description":"The bread of the world","potentialAction":[{"@type":"SearchAction","target":{"@type":"EntryPoint","urlTemplate":"https:\/\/www.ankarsrum.com\/ch\/?s={search_term_string}"},"query-input":{"@type":"PropertyValueSpecification","valueRequired":true,"valueName":"search_term_string"}}],"inLanguage":"de-CH"}]}},"_links":{"self":[{"href":"https:\/\/www.ankarsrum.com\/ch\/wp-json\/wp\/v2\/product\/8104","targetHints":{"allow":["GET"]}}],"collection":[{"href":"https:\/\/www.ankarsrum.com\/ch\/wp-json\/wp\/v2\/product"}],"about":[{"href":"https:\/\/www.ankarsrum.com\/ch\/wp-json\/wp\/v2\/types\/product"}],"replies":[{"embeddable":true,"href":"https:\/\/www.ankarsrum.com\/ch\/wp-json\/wp\/v2\/comments?post=8104"}],"wp:featuredmedia":[{"embeddable":true,"href":"https:\/\/www.ankarsrum.com\/ch\/wp-json\/wp\/v2\/media\/8954"}],"wp:attachment":[{"href":"https:\/\/www.ankarsrum.com\/ch\/wp-json\/wp\/v2\/media?parent=8104"}],"wp:term":[{"taxonomy":"product_brand","embeddable":true,"href":"https:\/\/www.ankarsrum.com\/ch\/wp-json\/wp\/v2\/product_brand?post=8104"},{"taxonomy":"product_cat","embeddable":true,"href":"https:\/\/www.ankarsrum.com\/ch\/wp-json\/wp\/v2\/product_cat?post=8104"},{"taxonomy":"product_tag","embeddable":true,"href":"https:\/\/www.ankarsrum.com\/ch\/wp-json\/wp\/v2\/product_tag?post=8104"},{"taxonomy":"product-tag","embeddable":true,"href":"https:\/\/www.ankarsrum.com\/ch\/wp-json\/wp\/v2\/product-tag?post=8104"},{"taxonomy":"machines","embeddable":true,"href":"https:\/\/www.ankarsrum.com\/ch\/wp-json\/wp\/v2\/machines?post=8104"},{"taxonomy":"filter","embeddable":true,"href":"https:\/\/www.ankarsrum.com\/ch\/wp-json\/wp\/v2\/filter?post=8104"}],"curies":[{"name":"wp","href":"https:\/\/api.w.org\/{rel}","templated":true}]}}