{"id":8168,"date":"2024-07-16T13:07:54","date_gmt":"2024-07-16T13:07:54","guid":{"rendered":"https:\/\/www.ankarsrum.com\/ch\/product\/ruehrschuessel-aus-rostfreiem-stahl\/"},"modified":"2026-05-01T20:56:31","modified_gmt":"2026-05-01T20:56:31","slug":"ruehrschuessel-aus-rostfreiem-stahl","status":"publish","type":"product","link":"https:\/\/www.ankarsrum.com\/ch\/product\/ruehrschuessel-aus-rostfreiem-stahl\/","title":{"rendered":"R\u00fchrsch\u00fcssel aus Edelstahl"},"content":{"rendered":"<p>R\u00fchrsch\u00fcssel aus Edelstahl. Passend f\u00fcr alle Ankarsrum Assistent Original Modelle N1-N30.<\/p>\n<p>Bringen Sie Ihr Geb\u00e4ck auf die n\u00e4chste Stufe! Jetzt k\u00f6nnen alle, die davon tr\u00e4umen, die perfekte italienische Meringue zuzubereiten, bunte Macarons oder Kuchen f\u00fcr Fortgeschrittene zu kreieren, Backk\u00f6niginnen oder Backk\u00f6nig werden.<\/p>","protected":false},"excerpt":{"rendered":"<p>Die R\u00fchrsch\u00fcssel ist hitzebest\u00e4ndig und eignet sich beispielsweise hervorragend f\u00fcr die Zubereitung von Meringue.<\/p>\n<p>\u00b7\u00a0\u00a0\u00a0\u00a0\u00a0\u00a0\u00a0\u00a0 Die R\u00fchrsch\u00fcssel besteht aus Edelstahl.<\/p>\n<p>\u00b7\u00a0\u00a0\u00a0\u00a0\u00a0\u00a0\u00a0\u00a0 Die R\u00fchrsch\u00fcssel passt auf alle Ankarsrum Assistent Original Modelle N1-N30.<\/p>\n<p>\u00b7\u00a0\u00a0\u00a0\u00a0\u00a0\u00a0\u00a0\u00a0 Die R\u00fchrsch\u00fcssel hat ein Volumen von 3,5 Liter<\/p>\n<p>\u00b7\u00a0\u00a0\u00a0\u00a0\u00a0\u00a0\u00a0\u00a0 Dank der gut ablesbaren Messskalierung und den integrierten Griffmulden ist die R\u00fchrsch\u00fcssel einfach zu verwenden. Die Sch\u00fcssel wurde mit einem Silikonring f\u00fcr erh\u00f6hte Stabilit\u00e4t konstruiert<\/p>\n","protected":false},"featured_media":8858,"comment_status":"open","ping_status":"closed","template":"","meta":{"_acf_changed":false,"content-type":"","editor_notices":[]},"product_brand":[],"product_cat":[351],"product_tag":[],"product-tag":[],"machines":[],"filter":[],"class_list":{"0":"post-8168","1":"product","2":"type-product","3":"status-publish","4":"has-post-thumbnail","6":"product_cat-ankarsrum-zubehor","8":"first","9":"instock","10":"taxable","11":"shipping-taxable","12":"purchasable","13":"product-type-simple"},"bundled_by":[],"bundle_stock_status":"instock","bundle_stock_quantity":null,"bundle_virtual":false,"bundle_layout":"","bundle_add_to_cart_form_location":"","bundle_editable_in_cart":false,"bundle_sold_individually_context":"","bundle_item_grouping":"","bundle_min_size":"","bundle_max_size":"","bundle_price":[],"bundled_items":[],"bundle_sell_ids":[],"acf":[],"yoast_head":"<!-- This site is optimized with the Yoast SEO Premium plugin v26.6 (Yoast SEO v26.6) - https:\/\/yoast.com\/wordpress\/plugins\/seo\/ -->\n<title>R\u00fchrsch\u00fcssel aus Edelstahl - Ankarsrum Switzerland<\/title>\n<meta name=\"robots\" content=\"index, follow, max-snippet:-1, max-image-preview:large, max-video-preview:-1\" \/>\n<link rel=\"canonical\" href=\"https:\/\/www.ankarsrum.com\/ch\/product\/ruehrschuessel-aus-rostfreiem-stahl\/\" \/>\n<meta property=\"og:locale\" content=\"de_DE\" \/>\n<meta property=\"og:type\" content=\"article\" \/>\n<meta property=\"og:title\" content=\"R\u00fchrsch\u00fcssel aus Edelstahl\" \/>\n<meta property=\"og:description\" content=\"Die R\u00fchrsch\u00fcssel ist hitzebest\u00e4ndig und eignet sich beispielsweise hervorragend f\u00fcr die Zubereitung von Meringue. \u00b7\u00a0\u00a0\u00a0\u00a0\u00a0\u00a0\u00a0\u00a0 Die R\u00fchrsch\u00fcssel besteht aus Edelstahl. \u00b7\u00a0\u00a0\u00a0\u00a0\u00a0\u00a0\u00a0\u00a0 Die R\u00fchrsch\u00fcssel passt auf alle Ankarsrum Assistent Original Modelle N1-N30. \u00b7\u00a0\u00a0\u00a0\u00a0\u00a0\u00a0\u00a0\u00a0 Die R\u00fchrsch\u00fcssel hat ein Volumen von 3,5 Liter \u00b7\u00a0\u00a0\u00a0\u00a0\u00a0\u00a0\u00a0\u00a0 Dank der gut ablesbaren Messskalierung und den integrierten Griffmulden ist die R\u00fchrsch\u00fcssel einfach zu verwenden. Die Sch\u00fcssel wurde mit einem Silikonring f\u00fcr erh\u00f6hte Stabilit\u00e4t konstruiert\" \/>\n<meta property=\"og:url\" content=\"https:\/\/www.ankarsrum.com\/ch\/product\/ruehrschuessel-aus-rostfreiem-stahl\/\" \/>\n<meta property=\"og:site_name\" content=\"Ankarsrum Switzerland\" \/>\n<meta property=\"article:modified_time\" content=\"2026-05-01T20:56:31+00:00\" \/>\n<meta property=\"og:image\" content=\"https:\/\/www.ankarsrum.com\/ch\/wp-content\/uploads\/sites\/30\/2024\/09\/beater-bowl-in-stainless-steel.jpg\" \/>\n\t<meta property=\"og:image:width\" content=\"1200\" \/>\n\t<meta property=\"og:image:height\" content=\"630\" \/>\n\t<meta property=\"og:image:type\" content=\"image\/jpeg\" \/>\n<meta name=\"twitter:card\" content=\"summary_large_image\" \/>\n<script type=\"application\/ld+json\" class=\"yoast-schema-graph\">{\"@context\":\"https:\/\/schema.org\",\"@graph\":[{\"@type\":\"WebPage\",\"@id\":\"https:\/\/www.ankarsrum.com\/ch\/product\/ruehrschuessel-aus-rostfreiem-stahl\/\",\"url\":\"https:\/\/www.ankarsrum.com\/ch\/product\/ruehrschuessel-aus-rostfreiem-stahl\/\",\"name\":\"R\u00fchrsch\u00fcssel aus Edelstahl - Ankarsrum Switzerland\",\"isPartOf\":{\"@id\":\"https:\/\/www.ankarsrum.com\/ch\/#website\"},\"primaryImageOfPage\":{\"@id\":\"https:\/\/www.ankarsrum.com\/ch\/product\/ruehrschuessel-aus-rostfreiem-stahl\/#primaryimage\"},\"image\":{\"@id\":\"https:\/\/www.ankarsrum.com\/ch\/product\/ruehrschuessel-aus-rostfreiem-stahl\/#primaryimage\"},\"thumbnailUrl\":\"https:\/\/www.ankarsrum.com\/img-srv\/GWusWpJnzIywcUVSBFAHFPAv_xfjBY1xTK9zMzxmi1w\/resizing_type:auto\/width:0\/height:0\/gravity:sm\/enlarge:1\/ext:webp\/strip_metadata:1\/quality:90\/cachebuster:filesize-115069\/bG9jYWw6Ly8vd3d3LmFua2Fyc3J1bS5jb20vd3AtY29udGVudC91cGxvYWRzL3NpdGVzLzMwLzIwMjQvMDkvYmVhdGVyLWJvd2wtaW4tc3RhaW5sZXNzLXN0ZWVsLmpwZw.webp\",\"datePublished\":\"2024-07-16T13:07:54+00:00\",\"dateModified\":\"2026-05-01T20:56:31+00:00\",\"breadcrumb\":{\"@id\":\"https:\/\/www.ankarsrum.com\/ch\/product\/ruehrschuessel-aus-rostfreiem-stahl\/#breadcrumb\"},\"inLanguage\":\"de-CH\",\"potentialAction\":[{\"@type\":\"ReadAction\",\"target\":[\"https:\/\/www.ankarsrum.com\/ch\/product\/ruehrschuessel-aus-rostfreiem-stahl\/\"]}]},{\"@type\":\"ImageObject\",\"inLanguage\":\"de-CH\",\"@id\":\"https:\/\/www.ankarsrum.com\/ch\/product\/ruehrschuessel-aus-rostfreiem-stahl\/#primaryimage\",\"url\":\"https:\/\/www.ankarsrum.com\/img-srv\/GWusWpJnzIywcUVSBFAHFPAv_xfjBY1xTK9zMzxmi1w\/resizing_type:auto\/width:0\/height:0\/gravity:sm\/enlarge:1\/ext:webp\/strip_metadata:1\/quality:90\/cachebuster:filesize-115069\/bG9jYWw6Ly8vd3d3LmFua2Fyc3J1bS5jb20vd3AtY29udGVudC91cGxvYWRzL3NpdGVzLzMwLzIwMjQvMDkvYmVhdGVyLWJvd2wtaW4tc3RhaW5sZXNzLXN0ZWVsLmpwZw.webp\",\"contentUrl\":\"https:\/\/www.ankarsrum.com\/img-srv\/GWusWpJnzIywcUVSBFAHFPAv_xfjBY1xTK9zMzxmi1w\/resizing_type:auto\/width:0\/height:0\/gravity:sm\/enlarge:1\/ext:webp\/strip_metadata:1\/quality:90\/cachebuster:filesize-115069\/bG9jYWw6Ly8vd3d3LmFua2Fyc3J1bS5jb20vd3AtY29udGVudC91cGxvYWRzL3NpdGVzLzMwLzIwMjQvMDkvYmVhdGVyLWJvd2wtaW4tc3RhaW5sZXNzLXN0ZWVsLmpwZw.webp\",\"width\":2000,\"height\":2000},{\"@type\":\"BreadcrumbList\",\"@id\":\"https:\/\/www.ankarsrum.com\/ch\/product\/ruehrschuessel-aus-rostfreiem-stahl\/#breadcrumb\",\"itemListElement\":[{\"@type\":\"ListItem\",\"position\":1,\"name\":\"Home\",\"item\":\"https:\/\/www.ankarsrum.com\/ch\/\"},{\"@type\":\"ListItem\",\"position\":2,\"name\":\"Produce name\",\"item\":\"https:\/\/www.ankarsrum.com\/ch\/shop\/\"},{\"@type\":\"ListItem\",\"position\":3,\"name\":\"R\u00fchrsch\u00fcssel aus Edelstahl\"}]},{\"@type\":\"WebSite\",\"@id\":\"https:\/\/www.ankarsrum.com\/ch\/#website\",\"url\":\"https:\/\/www.ankarsrum.com\/ch\/\",\"name\":\"Ankarsrum Switzerland\",\"description\":\"The bread of the world\",\"potentialAction\":[{\"@type\":\"SearchAction\",\"target\":{\"@type\":\"EntryPoint\",\"urlTemplate\":\"https:\/\/www.ankarsrum.com\/ch\/?s={search_term_string}\"},\"query-input\":{\"@type\":\"PropertyValueSpecification\",\"valueRequired\":true,\"valueName\":\"search_term_string\"}}],\"inLanguage\":\"de-CH\"}]}<\/script>\n<!-- \/ Yoast SEO Premium plugin. -->","yoast_head_json":{"title":"R\u00fchrsch\u00fcssel aus Edelstahl - Ankarsrum Switzerland","robots":{"index":"index","follow":"follow","max-snippet":"max-snippet:-1","max-image-preview":"max-image-preview:large","max-video-preview":"max-video-preview:-1"},"canonical":"https:\/\/www.ankarsrum.com\/ch\/product\/ruehrschuessel-aus-rostfreiem-stahl\/","og_locale":"de_DE","og_type":"article","og_title":"R\u00fchrsch\u00fcssel aus Edelstahl","og_description":"Die R\u00fchrsch\u00fcssel ist hitzebest\u00e4ndig und eignet sich beispielsweise hervorragend f\u00fcr die Zubereitung von Meringue. \u00b7\u00a0\u00a0\u00a0\u00a0\u00a0\u00a0\u00a0\u00a0 Die R\u00fchrsch\u00fcssel besteht aus Edelstahl. \u00b7\u00a0\u00a0\u00a0\u00a0\u00a0\u00a0\u00a0\u00a0 Die R\u00fchrsch\u00fcssel passt auf alle Ankarsrum Assistent Original Modelle N1-N30. \u00b7\u00a0\u00a0\u00a0\u00a0\u00a0\u00a0\u00a0\u00a0 Die R\u00fchrsch\u00fcssel hat ein Volumen von 3,5 Liter \u00b7\u00a0\u00a0\u00a0\u00a0\u00a0\u00a0\u00a0\u00a0 Dank der gut ablesbaren Messskalierung und den integrierten Griffmulden ist die R\u00fchrsch\u00fcssel einfach zu verwenden. Die Sch\u00fcssel wurde mit einem Silikonring f\u00fcr erh\u00f6hte Stabilit\u00e4t konstruiert","og_url":"https:\/\/www.ankarsrum.com\/ch\/product\/ruehrschuessel-aus-rostfreiem-stahl\/","og_site_name":"Ankarsrum Switzerland","article_modified_time":"2026-05-01T20:56:31+00:00","og_image":[{"width":1200,"height":630,"url":"https:\/\/www.ankarsrum.com\/ch\/wp-content\/uploads\/sites\/30\/2024\/09\/beater-bowl-in-stainless-steel.jpg","type":"image\/jpeg"}],"twitter_card":"summary_large_image","schema":{"@context":"https:\/\/schema.org","@graph":[{"@type":"WebPage","@id":"https:\/\/www.ankarsrum.com\/ch\/product\/ruehrschuessel-aus-rostfreiem-stahl\/","url":"https:\/\/www.ankarsrum.com\/ch\/product\/ruehrschuessel-aus-rostfreiem-stahl\/","name":"R\u00fchrsch\u00fcssel aus Edelstahl - Ankarsrum Switzerland","isPartOf":{"@id":"https:\/\/www.ankarsrum.com\/ch\/#website"},"primaryImageOfPage":{"@id":"https:\/\/www.ankarsrum.com\/ch\/product\/ruehrschuessel-aus-rostfreiem-stahl\/#primaryimage"},"image":{"@id":"https:\/\/www.ankarsrum.com\/ch\/product\/ruehrschuessel-aus-rostfreiem-stahl\/#primaryimage"},"thumbnailUrl":"https:\/\/www.ankarsrum.com\/img-srv\/GWusWpJnzIywcUVSBFAHFPAv_xfjBY1xTK9zMzxmi1w\/resizing_type:auto\/width:0\/height:0\/gravity:sm\/enlarge:1\/ext:webp\/strip_metadata:1\/quality:90\/cachebuster:filesize-115069\/bG9jYWw6Ly8vd3d3LmFua2Fyc3J1bS5jb20vd3AtY29udGVudC91cGxvYWRzL3NpdGVzLzMwLzIwMjQvMDkvYmVhdGVyLWJvd2wtaW4tc3RhaW5sZXNzLXN0ZWVsLmpwZw.webp","datePublished":"2024-07-16T13:07:54+00:00","dateModified":"2026-05-01T20:56:31+00:00","breadcrumb":{"@id":"https:\/\/www.ankarsrum.com\/ch\/product\/ruehrschuessel-aus-rostfreiem-stahl\/#breadcrumb"},"inLanguage":"de-CH","potentialAction":[{"@type":"ReadAction","target":["https:\/\/www.ankarsrum.com\/ch\/product\/ruehrschuessel-aus-rostfreiem-stahl\/"]}]},{"@type":"ImageObject","inLanguage":"de-CH","@id":"https:\/\/www.ankarsrum.com\/ch\/product\/ruehrschuessel-aus-rostfreiem-stahl\/#primaryimage","url":"https:\/\/www.ankarsrum.com\/img-srv\/GWusWpJnzIywcUVSBFAHFPAv_xfjBY1xTK9zMzxmi1w\/resizing_type:auto\/width:0\/height:0\/gravity:sm\/enlarge:1\/ext:webp\/strip_metadata:1\/quality:90\/cachebuster:filesize-115069\/bG9jYWw6Ly8vd3d3LmFua2Fyc3J1bS5jb20vd3AtY29udGVudC91cGxvYWRzL3NpdGVzLzMwLzIwMjQvMDkvYmVhdGVyLWJvd2wtaW4tc3RhaW5sZXNzLXN0ZWVsLmpwZw.webp","contentUrl":"https:\/\/www.ankarsrum.com\/img-srv\/GWusWpJnzIywcUVSBFAHFPAv_xfjBY1xTK9zMzxmi1w\/resizing_type:auto\/width:0\/height:0\/gravity:sm\/enlarge:1\/ext:webp\/strip_metadata:1\/quality:90\/cachebuster:filesize-115069\/bG9jYWw6Ly8vd3d3LmFua2Fyc3J1bS5jb20vd3AtY29udGVudC91cGxvYWRzL3NpdGVzLzMwLzIwMjQvMDkvYmVhdGVyLWJvd2wtaW4tc3RhaW5sZXNzLXN0ZWVsLmpwZw.webp","width":2000,"height":2000},{"@type":"BreadcrumbList","@id":"https:\/\/www.ankarsrum.com\/ch\/product\/ruehrschuessel-aus-rostfreiem-stahl\/#breadcrumb","itemListElement":[{"@type":"ListItem","position":1,"name":"Home","item":"https:\/\/www.ankarsrum.com\/ch\/"},{"@type":"ListItem","position":2,"name":"Produce name","item":"https:\/\/www.ankarsrum.com\/ch\/shop\/"},{"@type":"ListItem","position":3,"name":"R\u00fchrsch\u00fcssel aus Edelstahl"}]},{"@type":"WebSite","@id":"https:\/\/www.ankarsrum.com\/ch\/#website","url":"https:\/\/www.ankarsrum.com\/ch\/","name":"Ankarsrum Switzerland","description":"The bread of the world","potentialAction":[{"@type":"SearchAction","target":{"@type":"EntryPoint","urlTemplate":"https:\/\/www.ankarsrum.com\/ch\/?s={search_term_string}"},"query-input":{"@type":"PropertyValueSpecification","valueRequired":true,"valueName":"search_term_string"}}],"inLanguage":"de-CH"}]}},"_links":{"self":[{"href":"https:\/\/www.ankarsrum.com\/ch\/wp-json\/wp\/v2\/product\/8168","targetHints":{"allow":["GET"]}}],"collection":[{"href":"https:\/\/www.ankarsrum.com\/ch\/wp-json\/wp\/v2\/product"}],"about":[{"href":"https:\/\/www.ankarsrum.com\/ch\/wp-json\/wp\/v2\/types\/product"}],"replies":[{"embeddable":true,"href":"https:\/\/www.ankarsrum.com\/ch\/wp-json\/wp\/v2\/comments?post=8168"}],"wp:featuredmedia":[{"embeddable":true,"href":"https:\/\/www.ankarsrum.com\/ch\/wp-json\/wp\/v2\/media\/8858"}],"wp:attachment":[{"href":"https:\/\/www.ankarsrum.com\/ch\/wp-json\/wp\/v2\/media?parent=8168"}],"wp:term":[{"taxonomy":"product_brand","embeddable":true,"href":"https:\/\/www.ankarsrum.com\/ch\/wp-json\/wp\/v2\/product_brand?post=8168"},{"taxonomy":"product_cat","embeddable":true,"href":"https:\/\/www.ankarsrum.com\/ch\/wp-json\/wp\/v2\/product_cat?post=8168"},{"taxonomy":"product_tag","embeddable":true,"href":"https:\/\/www.ankarsrum.com\/ch\/wp-json\/wp\/v2\/product_tag?post=8168"},{"taxonomy":"product-tag","embeddable":true,"href":"https:\/\/www.ankarsrum.com\/ch\/wp-json\/wp\/v2\/product-tag?post=8168"},{"taxonomy":"machines","embeddable":true,"href":"https:\/\/www.ankarsrum.com\/ch\/wp-json\/wp\/v2\/machines?post=8168"},{"taxonomy":"filter","embeddable":true,"href":"https:\/\/www.ankarsrum.com\/ch\/wp-json\/wp\/v2\/filter?post=8168"}],"curies":[{"name":"wp","href":"https:\/\/api.w.org\/{rel}","templated":true}]}}