{"id":9074,"date":"2024-07-16T08:56:30","date_gmt":"2024-07-16T08:56:30","guid":{"rendered":"https:\/\/www.ankarsrum.com\/ch\/product\/ankarsrum-baking-steel\/"},"modified":"2024-09-17T13:50:24","modified_gmt":"2024-09-17T13:50:24","slug":"ankarsrum-baking-steel","status":"publish","type":"product","link":"https:\/\/www.ankarsrum.com\/ch\/product\/ankarsrum-baking-steel\/","title":{"rendered":"Ankarsrum Baking Steel"},"content":{"rendered":"<p>REINIGUNG<\/p>\n<ul>\n<li>Wenn der Baking Steel im Ofen verwendet wurde, l\u00e4sst Du ihn mindestens eine Stunde abk\u00fchlen, um die Handhabung zu erleichtern. Anschlie\u00dfend abwaschen und gr\u00fcndlich trocknen. Nachdem Du ihn auf einem Au\u00dfengrill verwendet hast, wasche ihn, wenn er noch hei\u00df ist, um Reste vom Grillen leicht zu entfernen. Stahlwolle und Grillreinigungswerkzeuge k\u00f6nnen verwendet werden und schaden dem Stahl nicht. Denke immer daran, den Baking Steel gr\u00fcndlich zu trocknen und immer an einem trockenen Ort auf zu bewaren, um Rost zu vermeiden.<\/li>\n<\/ul>\n<p>TIPPS!<\/p>\n<ul>\n<li>Verwende den Baking Steel als Bratplatte auf dem Au\u00dfengrill. Nicht nur f\u00fcr Pizza, sondern auch zum Braten von Gem\u00fcse, Meeresfr\u00fcchten, Fleisch oder Burgern.<\/li>\n<li>Beim Backen von Pizza: Lege den Baking Steel auf ein Gitter oben im Ofen, ca. 5 cm vom Grillelement entfernt. Schalte die Max-Grill-Funktion ein und lass den Stahl etwa eine Stunde lang erhitzen. In 2 Minuten hast Du eine dampfend hei\u00dfe Pizza mit knusprigen R\u00e4ndern und einem goldbraunen Boden.<\/li>\n<\/ul>","protected":false},"excerpt":{"rendered":"<ul>\n<li>Das Paket beinhaltet einen Baking Steel und ein Pizzapaddel.<\/li>\n<li>Beide werden in Nordschweden hergestellt.\u2022 Ideal zum Backen von Pizza im normalen Ofen oder als Bratplatte auf dem Au\u00dfengrill.<\/li>\n<li>Der Baking Steel eignet sich auch gut f\u00fcr alle Brotsorten, die eine kurze Backzeit bei hoher Temperatur haben.<\/li>\n<li>Der Baking Steel wird aus einer massiven Stahlplatte lasergeschnitten.\u00a0<\/li>\n<li>Das Pizzapaddel ist handgefertigt aus Birke.<\/li>\n<li>Der Baking Steel wiegt 5 kg.<\/li>\n<li>Die Abmessungen des Baking Steels betragen 6x370x330 mm.<\/li>\n<\/ul>\n","protected":false},"featured_media":9070,"comment_status":"closed","ping_status":"closed","template":"","meta":{"_acf_changed":false,"content-type":"","editor_notices":[]},"product_brand":[],"product_cat":[15],"product_tag":[],"product-tag":[],"machines":[],"filter":[],"class_list":{"0":"post-9074","1":"product","2":"type-product","3":"status-publish","4":"has-post-thumbnail","6":"product_cat-uncategorized","8":"first","9":"instock","10":"taxable","11":"shipping-taxable","12":"product-type-simple"},"bundled_by":[],"bundle_stock_status":"instock","bundle_stock_quantity":null,"bundle_virtual":false,"bundle_layout":"","bundle_add_to_cart_form_location":"","bundle_editable_in_cart":false,"bundle_sold_individually_context":"","bundle_item_grouping":"","bundle_min_size":"","bundle_max_size":"","bundle_price":[],"bundled_items":[],"bundle_sell_ids":[],"acf":[],"yoast_head":"<!-- This site is optimized with the Yoast SEO Premium plugin v26.6 (Yoast SEO v26.6) - https:\/\/yoast.com\/wordpress\/plugins\/seo\/ -->\n<title>Ankarsrum Baking Steel - Ankarsrum Switzerland<\/title>\n<meta name=\"robots\" content=\"index, follow, max-snippet:-1, max-image-preview:large, max-video-preview:-1\" \/>\n<link rel=\"canonical\" href=\"https:\/\/www.ankarsrum.com\/ch\/?post_type=product&p=9074\" \/>\n<meta property=\"og:locale\" content=\"de_DE\" \/>\n<meta property=\"og:type\" content=\"article\" \/>\n<meta property=\"og:title\" content=\"Ankarsrum Baking Steel\" \/>\n<meta property=\"og:description\" content=\"Das Paket beinhaltet einen Baking Steel und ein Pizzapaddel. Beide werden in Nordschweden hergestellt.\u2022 Ideal zum Backen von Pizza im normalen Ofen oder als Bratplatte auf dem Au\u00dfengrill. Der Baking Steel eignet sich auch gut f\u00fcr alle Brotsorten, die eine kurze Backzeit bei hoher Temperatur haben. Der Baking Steel wird aus einer massiven Stahlplatte lasergeschnitten.\u00a0 Das Pizzapaddel ist handgefertigt aus Birke. Der Baking Steel wiegt 5 kg. Die Abmessungen des Baking Steels betragen 6x370x330 mm.\" \/>\n<meta property=\"og:url\" content=\"https:\/\/www.ankarsrum.com\/ch\/?post_type=product&amp;p=9074\" \/>\n<meta property=\"og:site_name\" content=\"Ankarsrum Switzerland\" \/>\n<meta property=\"article:modified_time\" content=\"2024-09-17T13:50:24+00:00\" \/>\n<meta property=\"og:image\" content=\"https:\/\/www.ankarsrum.com\/ch\/wp-content\/uploads\/sites\/30\/2024\/09\/bakingsteel-920-900-071-pc2729a1c.jpg\" \/>\n\t<meta property=\"og:image:width\" content=\"1200\" \/>\n\t<meta property=\"og:image:height\" content=\"630\" \/>\n\t<meta property=\"og:image:type\" content=\"image\/jpeg\" \/>\n<meta name=\"twitter:card\" content=\"summary_large_image\" \/>\n<meta name=\"twitter:label1\" content=\"Gesch\u00e4tzte Lesezeit\" \/>\n\t<meta name=\"twitter:data1\" content=\"1\u00a0Minute\" \/>\n<script type=\"application\/ld+json\" class=\"yoast-schema-graph\">{\"@context\":\"https:\/\/schema.org\",\"@graph\":[{\"@type\":\"WebPage\",\"@id\":\"https:\/\/www.ankarsrum.com\/ch\/?post_type=product&p=9074\",\"url\":\"https:\/\/www.ankarsrum.com\/ch\/?post_type=product&p=9074\",\"name\":\"Ankarsrum Baking Steel - Ankarsrum Switzerland\",\"isPartOf\":{\"@id\":\"https:\/\/www.ankarsrum.com\/ch\/#website\"},\"primaryImageOfPage\":{\"@id\":\"https:\/\/www.ankarsrum.com\/ch\/?post_type=product&p=9074#primaryimage\"},\"image\":{\"@id\":\"https:\/\/www.ankarsrum.com\/ch\/?post_type=product&p=9074#primaryimage\"},\"thumbnailUrl\":\"https:\/\/www.ankarsrum.com\/img-srv\/46wNRyDQ8lOUFhQ9IPQo9Cl-x96zfkO0F4OEULJHAGM\/resizing_type:auto\/width:0\/height:0\/gravity:sm\/enlarge:1\/ext:webp\/strip_metadata:1\/quality:90\/cachebuster:filesize-110862\/bG9jYWw6Ly8vd3d3LmFua2Fyc3J1bS5jb20vd3AtY29udGVudC91cGxvYWRzL3NpdGVzLzMwLzIwMjQvMDkvYmFraW5nc3RlZWwtOTIwLTkwMC0wNzEtcGMyNzI5YTFjLmpwZw.webp\",\"datePublished\":\"2024-07-16T08:56:30+00:00\",\"dateModified\":\"2024-09-17T13:50:24+00:00\",\"breadcrumb\":{\"@id\":\"https:\/\/www.ankarsrum.com\/ch\/?post_type=product&p=9074#breadcrumb\"},\"inLanguage\":\"de-CH\",\"potentialAction\":[{\"@type\":\"ReadAction\",\"target\":[\"https:\/\/www.ankarsrum.com\/ch\/?post_type=product&p=9074\"]}]},{\"@type\":\"ImageObject\",\"inLanguage\":\"de-CH\",\"@id\":\"https:\/\/www.ankarsrum.com\/ch\/?post_type=product&p=9074#primaryimage\",\"url\":\"https:\/\/www.ankarsrum.com\/img-srv\/46wNRyDQ8lOUFhQ9IPQo9Cl-x96zfkO0F4OEULJHAGM\/resizing_type:auto\/width:0\/height:0\/gravity:sm\/enlarge:1\/ext:webp\/strip_metadata:1\/quality:90\/cachebuster:filesize-110862\/bG9jYWw6Ly8vd3d3LmFua2Fyc3J1bS5jb20vd3AtY29udGVudC91cGxvYWRzL3NpdGVzLzMwLzIwMjQvMDkvYmFraW5nc3RlZWwtOTIwLTkwMC0wNzEtcGMyNzI5YTFjLmpwZw.webp\",\"contentUrl\":\"https:\/\/www.ankarsrum.com\/img-srv\/46wNRyDQ8lOUFhQ9IPQo9Cl-x96zfkO0F4OEULJHAGM\/resizing_type:auto\/width:0\/height:0\/gravity:sm\/enlarge:1\/ext:webp\/strip_metadata:1\/quality:90\/cachebuster:filesize-110862\/bG9jYWw6Ly8vd3d3LmFua2Fyc3J1bS5jb20vd3AtY29udGVudC91cGxvYWRzL3NpdGVzLzMwLzIwMjQvMDkvYmFraW5nc3RlZWwtOTIwLTkwMC0wNzEtcGMyNzI5YTFjLmpwZw.webp\",\"width\":1440,\"height\":1440},{\"@type\":\"BreadcrumbList\",\"@id\":\"https:\/\/www.ankarsrum.com\/ch\/?post_type=product&p=9074#breadcrumb\",\"itemListElement\":[{\"@type\":\"ListItem\",\"position\":1,\"name\":\"Home\",\"item\":\"https:\/\/www.ankarsrum.com\/ch\/\"},{\"@type\":\"ListItem\",\"position\":2,\"name\":\"Produce name\",\"item\":\"https:\/\/www.ankarsrum.com\/ch\/shop\/\"},{\"@type\":\"ListItem\",\"position\":3,\"name\":\"Ankarsrum Baking Steel\"}]},{\"@type\":\"WebSite\",\"@id\":\"https:\/\/www.ankarsrum.com\/ch\/#website\",\"url\":\"https:\/\/www.ankarsrum.com\/ch\/\",\"name\":\"Ankarsrum Switzerland\",\"description\":\"The bread of the world\",\"potentialAction\":[{\"@type\":\"SearchAction\",\"target\":{\"@type\":\"EntryPoint\",\"urlTemplate\":\"https:\/\/www.ankarsrum.com\/ch\/?s={search_term_string}\"},\"query-input\":{\"@type\":\"PropertyValueSpecification\",\"valueRequired\":true,\"valueName\":\"search_term_string\"}}],\"inLanguage\":\"de-CH\"}]}<\/script>\n<!-- \/ Yoast SEO Premium plugin. -->","yoast_head_json":{"title":"Ankarsrum Baking Steel - Ankarsrum Switzerland","robots":{"index":"index","follow":"follow","max-snippet":"max-snippet:-1","max-image-preview":"max-image-preview:large","max-video-preview":"max-video-preview:-1"},"canonical":"https:\/\/www.ankarsrum.com\/ch\/?post_type=product&p=9074","og_locale":"de_DE","og_type":"article","og_title":"Ankarsrum Baking Steel","og_description":"Das Paket beinhaltet einen Baking Steel und ein Pizzapaddel. Beide werden in Nordschweden hergestellt.\u2022 Ideal zum Backen von Pizza im normalen Ofen oder als Bratplatte auf dem Au\u00dfengrill. Der Baking Steel eignet sich auch gut f\u00fcr alle Brotsorten, die eine kurze Backzeit bei hoher Temperatur haben. Der Baking Steel wird aus einer massiven Stahlplatte lasergeschnitten.\u00a0 Das Pizzapaddel ist handgefertigt aus Birke. Der Baking Steel wiegt 5 kg. Die Abmessungen des Baking Steels betragen 6x370x330 mm.","og_url":"https:\/\/www.ankarsrum.com\/ch\/?post_type=product&p=9074","og_site_name":"Ankarsrum Switzerland","article_modified_time":"2024-09-17T13:50:24+00:00","og_image":[{"width":1200,"height":630,"url":"https:\/\/www.ankarsrum.com\/ch\/wp-content\/uploads\/sites\/30\/2024\/09\/bakingsteel-920-900-071-pc2729a1c.jpg","type":"image\/jpeg"}],"twitter_card":"summary_large_image","twitter_misc":{"Gesch\u00e4tzte Lesezeit":"1\u00a0Minute"},"schema":{"@context":"https:\/\/schema.org","@graph":[{"@type":"WebPage","@id":"https:\/\/www.ankarsrum.com\/ch\/?post_type=product&p=9074","url":"https:\/\/www.ankarsrum.com\/ch\/?post_type=product&p=9074","name":"Ankarsrum Baking Steel - Ankarsrum Switzerland","isPartOf":{"@id":"https:\/\/www.ankarsrum.com\/ch\/#website"},"primaryImageOfPage":{"@id":"https:\/\/www.ankarsrum.com\/ch\/?post_type=product&p=9074#primaryimage"},"image":{"@id":"https:\/\/www.ankarsrum.com\/ch\/?post_type=product&p=9074#primaryimage"},"thumbnailUrl":"https:\/\/www.ankarsrum.com\/img-srv\/46wNRyDQ8lOUFhQ9IPQo9Cl-x96zfkO0F4OEULJHAGM\/resizing_type:auto\/width:0\/height:0\/gravity:sm\/enlarge:1\/ext:webp\/strip_metadata:1\/quality:90\/cachebuster:filesize-110862\/bG9jYWw6Ly8vd3d3LmFua2Fyc3J1bS5jb20vd3AtY29udGVudC91cGxvYWRzL3NpdGVzLzMwLzIwMjQvMDkvYmFraW5nc3RlZWwtOTIwLTkwMC0wNzEtcGMyNzI5YTFjLmpwZw.webp","datePublished":"2024-07-16T08:56:30+00:00","dateModified":"2024-09-17T13:50:24+00:00","breadcrumb":{"@id":"https:\/\/www.ankarsrum.com\/ch\/?post_type=product&p=9074#breadcrumb"},"inLanguage":"de-CH","potentialAction":[{"@type":"ReadAction","target":["https:\/\/www.ankarsrum.com\/ch\/?post_type=product&p=9074"]}]},{"@type":"ImageObject","inLanguage":"de-CH","@id":"https:\/\/www.ankarsrum.com\/ch\/?post_type=product&p=9074#primaryimage","url":"https:\/\/www.ankarsrum.com\/img-srv\/46wNRyDQ8lOUFhQ9IPQo9Cl-x96zfkO0F4OEULJHAGM\/resizing_type:auto\/width:0\/height:0\/gravity:sm\/enlarge:1\/ext:webp\/strip_metadata:1\/quality:90\/cachebuster:filesize-110862\/bG9jYWw6Ly8vd3d3LmFua2Fyc3J1bS5jb20vd3AtY29udGVudC91cGxvYWRzL3NpdGVzLzMwLzIwMjQvMDkvYmFraW5nc3RlZWwtOTIwLTkwMC0wNzEtcGMyNzI5YTFjLmpwZw.webp","contentUrl":"https:\/\/www.ankarsrum.com\/img-srv\/46wNRyDQ8lOUFhQ9IPQo9Cl-x96zfkO0F4OEULJHAGM\/resizing_type:auto\/width:0\/height:0\/gravity:sm\/enlarge:1\/ext:webp\/strip_metadata:1\/quality:90\/cachebuster:filesize-110862\/bG9jYWw6Ly8vd3d3LmFua2Fyc3J1bS5jb20vd3AtY29udGVudC91cGxvYWRzL3NpdGVzLzMwLzIwMjQvMDkvYmFraW5nc3RlZWwtOTIwLTkwMC0wNzEtcGMyNzI5YTFjLmpwZw.webp","width":1440,"height":1440},{"@type":"BreadcrumbList","@id":"https:\/\/www.ankarsrum.com\/ch\/?post_type=product&p=9074#breadcrumb","itemListElement":[{"@type":"ListItem","position":1,"name":"Home","item":"https:\/\/www.ankarsrum.com\/ch\/"},{"@type":"ListItem","position":2,"name":"Produce name","item":"https:\/\/www.ankarsrum.com\/ch\/shop\/"},{"@type":"ListItem","position":3,"name":"Ankarsrum Baking Steel"}]},{"@type":"WebSite","@id":"https:\/\/www.ankarsrum.com\/ch\/#website","url":"https:\/\/www.ankarsrum.com\/ch\/","name":"Ankarsrum Switzerland","description":"The bread of the world","potentialAction":[{"@type":"SearchAction","target":{"@type":"EntryPoint","urlTemplate":"https:\/\/www.ankarsrum.com\/ch\/?s={search_term_string}"},"query-input":{"@type":"PropertyValueSpecification","valueRequired":true,"valueName":"search_term_string"}}],"inLanguage":"de-CH"}]}},"_links":{"self":[{"href":"https:\/\/www.ankarsrum.com\/ch\/wp-json\/wp\/v2\/product\/9074","targetHints":{"allow":["GET"]}}],"collection":[{"href":"https:\/\/www.ankarsrum.com\/ch\/wp-json\/wp\/v2\/product"}],"about":[{"href":"https:\/\/www.ankarsrum.com\/ch\/wp-json\/wp\/v2\/types\/product"}],"replies":[{"embeddable":true,"href":"https:\/\/www.ankarsrum.com\/ch\/wp-json\/wp\/v2\/comments?post=9074"}],"wp:featuredmedia":[{"embeddable":true,"href":"https:\/\/www.ankarsrum.com\/ch\/wp-json\/wp\/v2\/media\/9070"}],"wp:attachment":[{"href":"https:\/\/www.ankarsrum.com\/ch\/wp-json\/wp\/v2\/media?parent=9074"}],"wp:term":[{"taxonomy":"product_brand","embeddable":true,"href":"https:\/\/www.ankarsrum.com\/ch\/wp-json\/wp\/v2\/product_brand?post=9074"},{"taxonomy":"product_cat","embeddable":true,"href":"https:\/\/www.ankarsrum.com\/ch\/wp-json\/wp\/v2\/product_cat?post=9074"},{"taxonomy":"product_tag","embeddable":true,"href":"https:\/\/www.ankarsrum.com\/ch\/wp-json\/wp\/v2\/product_tag?post=9074"},{"taxonomy":"product-tag","embeddable":true,"href":"https:\/\/www.ankarsrum.com\/ch\/wp-json\/wp\/v2\/product-tag?post=9074"},{"taxonomy":"machines","embeddable":true,"href":"https:\/\/www.ankarsrum.com\/ch\/wp-json\/wp\/v2\/machines?post=9074"},{"taxonomy":"filter","embeddable":true,"href":"https:\/\/www.ankarsrum.com\/ch\/wp-json\/wp\/v2\/filter?post=9074"}],"curies":[{"name":"wp","href":"https:\/\/api.w.org\/{rel}","templated":true}]}}