{"id":1708,"date":"2018-12-28T14:10:55","date_gmt":"2018-12-28T14:10:55","guid":{"rendered":"https:\/\/www.ankarsrum.com\/?page_id=1708"},"modified":"2025-01-20T11:37:56","modified_gmt":"2025-01-20T10:37:56","slug":"registrieren-sie-ihre-kuechenmaschine","status":"publish","type":"page","link":"https:\/\/www.ankarsrum.com\/de\/registrieren-sie-ihre-kuechenmaschine\/","title":{"rendered":"Registrieren Sie Ihre K\u00fcchenmaschine"},"content":{"rendered":"\n<div class=\"wp-block-cover alignfull is-light\" style=\"min-height:370px;aspect-ratio:unset;\"><span aria-hidden=\"true\" class=\"wp-block-cover__background has-base-900-background-color has-background-dim-40 has-background-dim\"><\/span><img decoding=\"async\" class=\"wp-block-cover__image-background wp-image-42241\" alt=\"Vit Ankarsrum k\u00f6ksassistent \" src=\"https:\/\/www.ankarsrum.com\/se\/wp-content\/uploads\/sites\/11\/2023\/09\/ankarsrum-liggande.jpg\" style=\"object-position:56% 51%\" data-object-fit=\"cover\" data-object-position=\"56% 51%\"\/><div class=\"wp-block-cover__inner-container is-layout-flow wp-block-cover-is-layout-flow\">\n<h1 class=\"wp-block-heading has-text-align-center\" id=\"h-registrieren-sie-ihre-kuchenmaschine\"><strong><strong>Registrieren Sie Ihre K\u00fcchenmaschine<\/strong><\/strong><\/h1>\n\n\n\n<div class=\"wp-block-columns is-layout-flex wp-container-core-columns-is-layout-28f84493 wp-block-columns-is-layout-flex\">\n<div class=\"wp-block-column is-layout-flow wp-block-column-is-layout-flow\" style=\"flex-basis:25%\"><\/div>\n\n\n\n<div class=\"wp-block-column is-layout-flow wp-block-column-is-layout-flow\" style=\"flex-basis:50%\">\n<p class=\"has-text-align-center\">Ankarsrum Assistent Original wird im Schweden liebevoll von Hand gefertigt. Die Ankarsrum Assistent Original 6230 hat eine 7-j\u00e4hrige Herstellergarantie, die die Maschine mit Ausnahme der Edelstahlsch\u00fcssel und des weiteren Zubeh\u00f6rs abdeckt.<\/p>\n<\/div>\n\n\n\n<div class=\"wp-block-column is-layout-flow wp-block-column-is-layout-flow\" style=\"flex-basis:25%\"><\/div>\n<\/div>\n<\/div><\/div>\n\n\n\n<div style=\"height:69px\" aria-hidden=\"true\" class=\"wp-block-spacer\"><\/div>\n\n\n\n<div class=\"wp-block-columns alignwide is-layout-flex wp-container-core-columns-is-layout-28f84493 wp-block-columns-is-layout-flex\">\n<div class=\"wp-block-column is-layout-flow wp-block-column-is-layout-flow\" style=\"flex-basis:25%\"><\/div>\n\n\n\n<div class=\"wp-block-column is-layout-flow wp-block-column-is-layout-flow\" style=\"flex-basis:50%\">\n<div class=\"wp-block-leadin-hubspot-form-block\">\n\t\t\t\t\t\t<script>\n\t\t\t\t\t\t\twindow.hsFormsOnReady = window.hsFormsOnReady || [];\n\t\t\t\t\t\t\twindow.hsFormsOnReady.push(()=>{\n\t\t\t\t\t\t\t\thbspt.forms.create({\n\t\t\t\t\t\t\t\t\tportalId: 145411780,\n\t\t\t\t\t\t\t\t\tformId: \"c259dafb-1b97-4cf1-9528-3a70f34de80c\",\n\t\t\t\t\t\t\t\t\ttarget: \"#hbspt-form-1776024306000-8594425448\",\n\t\t\t\t\t\t\t\t\tregion: \"eu1\",\n\t\t\t\t\t\t\t\t\t\n\t\t\t\t\t\t\t})});\n\t\t\t\t\t\t<\/script>\n\t\t\t\t\t\t<div class=\"hbspt-form\" id=\"hbspt-form-1776024306000-8594425448\"><\/div><\/div>\n\n\n\n<div style=\"height:49px\" aria-hidden=\"true\" class=\"wp-block-spacer\"><\/div>\n<\/div>\n\n\n\n<div class=\"wp-block-column is-layout-flow wp-block-column-is-layout-flow\" style=\"flex-basis:25%\"><\/div>\n<\/div>\n","protected":false},"excerpt":{"rendered":"<p>Registrieren Sie Ihre K\u00fcchenmaschine. Ankarsrum Assistent Original wird im Schweden liebevoll von Hand gefertigt. Die Ankarsrum Assistent Original 6230 hat&hellip;<\/p>\n","protected":false},"author":33,"featured_media":2567,"parent":0,"menu_order":0,"comment_status":"closed","ping_status":"closed","template":"","meta":{"_acf_changed":false,"content-type":"","editor_notices":[],"footnotes":""},"class_list":["post-1708","page","type-page","status-publish","has-post-thumbnail","hentry"],"acf":[],"yoast_head":"<!-- This site is optimized with the Yoast SEO Premium plugin v26.6 (Yoast SEO v26.6) - https:\/\/yoast.com\/wordpress\/plugins\/seo\/ -->\n<title>Registrieren Sie Ihre Ankarsrum K\u00fcchenmaschine<\/title>\n<meta name=\"description\" content=\"Ankarsrum assistent Original - Registrieren Sie Ihre Ankarsrum K\u00fcchenmaschine f\u00fcr 7 Jahre Garantie und erhalten Sie exklusive Vorteile!\" \/>\n<meta name=\"robots\" content=\"index, follow, max-snippet:-1, max-image-preview:large, max-video-preview:-1\" \/>\n<link rel=\"canonical\" href=\"https:\/\/www.ankarsrum.com\/de\/registrieren-sie-ihre-kuechenmaschine\/\" \/>\n<meta property=\"og:locale\" content=\"de_DE\" \/>\n<meta property=\"og:type\" content=\"article\" \/>\n<meta property=\"og:title\" content=\"Registrieren Sie Ihre K\u00fcchenmaschine\" \/>\n<meta property=\"og:description\" content=\"Ankarsrum assistent Original - Registrieren Sie Ihre Ankarsrum K\u00fcchenmaschine f\u00fcr 7 Jahre Garantie und erhalten Sie exklusive Vorteile!\" \/>\n<meta property=\"og:url\" content=\"https:\/\/www.ankarsrum.com\/de\/registrieren-sie-ihre-kuechenmaschine\/\" \/>\n<meta property=\"og:site_name\" content=\"Ankarsrum Germany\" \/>\n<meta property=\"article:modified_time\" content=\"2025-01-20T10:37:56+00:00\" \/>\n<meta property=\"og:image\" content=\"https:\/\/www.ankarsrum.com\/de\/wp-content\/uploads\/sites\/16\/2019\/04\/NEW_GarantiEmblem-7-Years.gif\" \/>\n\t<meta property=\"og:image:width\" content=\"800\" \/>\n\t<meta property=\"og:image:height\" content=\"630\" \/>\n\t<meta property=\"og:image:type\" content=\"image\/gif\" \/>\n<meta name=\"twitter:card\" content=\"summary_large_image\" \/>\n<meta name=\"twitter:label1\" content=\"Gesch\u00e4tzte Lesezeit\" \/>\n\t<meta name=\"twitter:data1\" content=\"1\u00a0Minute\" \/>\n<script type=\"application\/ld+json\" class=\"yoast-schema-graph\">{\"@context\":\"https:\/\/schema.org\",\"@graph\":[{\"@type\":\"WebPage\",\"@id\":\"https:\/\/www.ankarsrum.com\/de\/registrieren-sie-ihre-kuechenmaschine\/\",\"url\":\"https:\/\/www.ankarsrum.com\/de\/registrieren-sie-ihre-kuechenmaschine\/\",\"name\":\"Registrieren Sie Ihre Ankarsrum K\u00fcchenmaschine\",\"isPartOf\":{\"@id\":\"https:\/\/www.ankarsrum.com\/de\/#website\"},\"primaryImageOfPage\":{\"@id\":\"https:\/\/www.ankarsrum.com\/de\/registrieren-sie-ihre-kuechenmaschine\/#primaryimage\"},\"image\":{\"@id\":\"https:\/\/www.ankarsrum.com\/de\/registrieren-sie-ihre-kuechenmaschine\/#primaryimage\"},\"thumbnailUrl\":\"https:\/\/www.ankarsrum.com\/img-srv\/eZCxzOIWzxqiyXJmCBxvvSLqtX02clev-usJhQSamC4\/resizing_type:auto\/width:0\/height:0\/gravity:sm\/enlarge:1\/ext:webp\/strip_metadata:1\/quality:90\/cachebuster:filesize-22996\/bG9jYWw6Ly8vd3d3LmFua2Fyc3J1bS5jb20vd3AtY29udGVudC91cGxvYWRzL3NpdGVzLzE2LzIwMTkvMDQvTkVXX0dhcmFudGlFbWJsZW0tNy1ZZWFycy5naWY.webp\",\"datePublished\":\"2018-12-28T14:10:55+00:00\",\"dateModified\":\"2025-01-20T10:37:56+00:00\",\"description\":\"Ankarsrum assistent Original - Registrieren Sie Ihre Ankarsrum K\u00fcchenmaschine f\u00fcr 7 Jahre Garantie und erhalten Sie exklusive Vorteile!\",\"breadcrumb\":{\"@id\":\"https:\/\/www.ankarsrum.com\/de\/registrieren-sie-ihre-kuechenmaschine\/#breadcrumb\"},\"inLanguage\":\"de\",\"potentialAction\":[{\"@type\":\"ReadAction\",\"target\":[\"https:\/\/www.ankarsrum.com\/de\/registrieren-sie-ihre-kuechenmaschine\/\"]}]},{\"@type\":\"ImageObject\",\"inLanguage\":\"de\",\"@id\":\"https:\/\/www.ankarsrum.com\/de\/registrieren-sie-ihre-kuechenmaschine\/#primaryimage\",\"url\":\"https:\/\/www.ankarsrum.com\/img-srv\/eZCxzOIWzxqiyXJmCBxvvSLqtX02clev-usJhQSamC4\/resizing_type:auto\/width:0\/height:0\/gravity:sm\/enlarge:1\/ext:webp\/strip_metadata:1\/quality:90\/cachebuster:filesize-22996\/bG9jYWw6Ly8vd3d3LmFua2Fyc3J1bS5jb20vd3AtY29udGVudC91cGxvYWRzL3NpdGVzLzE2LzIwMTkvMDQvTkVXX0dhcmFudGlFbWJsZW0tNy1ZZWFycy5naWY.webp\",\"contentUrl\":\"https:\/\/www.ankarsrum.com\/img-srv\/eZCxzOIWzxqiyXJmCBxvvSLqtX02clev-usJhQSamC4\/resizing_type:auto\/width:0\/height:0\/gravity:sm\/enlarge:1\/ext:webp\/strip_metadata:1\/quality:90\/cachebuster:filesize-22996\/bG9jYWw6Ly8vd3d3LmFua2Fyc3J1bS5jb20vd3AtY29udGVudC91cGxvYWRzL3NpdGVzLzE2LzIwMTkvMDQvTkVXX0dhcmFudGlFbWJsZW0tNy1ZZWFycy5naWY.webp\",\"width\":800,\"height\":800},{\"@type\":\"BreadcrumbList\",\"@id\":\"https:\/\/www.ankarsrum.com\/de\/registrieren-sie-ihre-kuechenmaschine\/#breadcrumb\",\"itemListElement\":[{\"@type\":\"ListItem\",\"position\":1,\"name\":\"Home\",\"item\":\"https:\/\/www.ankarsrum.com\/de\/\"},{\"@type\":\"ListItem\",\"position\":2,\"name\":\"Registrieren Sie Ihre K\u00fcchenmaschine\"}]},{\"@type\":\"WebSite\",\"@id\":\"https:\/\/www.ankarsrum.com\/de\/#website\",\"url\":\"https:\/\/www.ankarsrum.com\/de\/\",\"name\":\"Ankarsrum Germany\",\"description\":\"The bread of the world\",\"potentialAction\":[{\"@type\":\"SearchAction\",\"target\":{\"@type\":\"EntryPoint\",\"urlTemplate\":\"https:\/\/www.ankarsrum.com\/de\/?s={search_term_string}\"},\"query-input\":{\"@type\":\"PropertyValueSpecification\",\"valueRequired\":true,\"valueName\":\"search_term_string\"}}],\"inLanguage\":\"de\"}]}<\/script>\n<!-- \/ Yoast SEO Premium plugin. -->","yoast_head_json":{"title":"Registrieren Sie Ihre Ankarsrum K\u00fcchenmaschine","description":"Ankarsrum assistent Original - Registrieren Sie Ihre Ankarsrum K\u00fcchenmaschine f\u00fcr 7 Jahre Garantie und erhalten Sie exklusive Vorteile!","robots":{"index":"index","follow":"follow","max-snippet":"max-snippet:-1","max-image-preview":"max-image-preview:large","max-video-preview":"max-video-preview:-1"},"canonical":"https:\/\/www.ankarsrum.com\/de\/registrieren-sie-ihre-kuechenmaschine\/","og_locale":"de_DE","og_type":"article","og_title":"Registrieren Sie Ihre K\u00fcchenmaschine","og_description":"Ankarsrum assistent Original - Registrieren Sie Ihre Ankarsrum K\u00fcchenmaschine f\u00fcr 7 Jahre Garantie und erhalten Sie exklusive Vorteile!","og_url":"https:\/\/www.ankarsrum.com\/de\/registrieren-sie-ihre-kuechenmaschine\/","og_site_name":"Ankarsrum Germany","article_modified_time":"2025-01-20T10:37:56+00:00","og_image":[{"width":800,"height":630,"url":"https:\/\/www.ankarsrum.com\/de\/wp-content\/uploads\/sites\/16\/2019\/04\/NEW_GarantiEmblem-7-Years.gif","type":"image\/gif"}],"twitter_card":"summary_large_image","twitter_misc":{"Gesch\u00e4tzte Lesezeit":"1\u00a0Minute"},"schema":{"@context":"https:\/\/schema.org","@graph":[{"@type":"WebPage","@id":"https:\/\/www.ankarsrum.com\/de\/registrieren-sie-ihre-kuechenmaschine\/","url":"https:\/\/www.ankarsrum.com\/de\/registrieren-sie-ihre-kuechenmaschine\/","name":"Registrieren Sie Ihre Ankarsrum K\u00fcchenmaschine","isPartOf":{"@id":"https:\/\/www.ankarsrum.com\/de\/#website"},"primaryImageOfPage":{"@id":"https:\/\/www.ankarsrum.com\/de\/registrieren-sie-ihre-kuechenmaschine\/#primaryimage"},"image":{"@id":"https:\/\/www.ankarsrum.com\/de\/registrieren-sie-ihre-kuechenmaschine\/#primaryimage"},"thumbnailUrl":"https:\/\/www.ankarsrum.com\/img-srv\/eZCxzOIWzxqiyXJmCBxvvSLqtX02clev-usJhQSamC4\/resizing_type:auto\/width:0\/height:0\/gravity:sm\/enlarge:1\/ext:webp\/strip_metadata:1\/quality:90\/cachebuster:filesize-22996\/bG9jYWw6Ly8vd3d3LmFua2Fyc3J1bS5jb20vd3AtY29udGVudC91cGxvYWRzL3NpdGVzLzE2LzIwMTkvMDQvTkVXX0dhcmFudGlFbWJsZW0tNy1ZZWFycy5naWY.webp","datePublished":"2018-12-28T14:10:55+00:00","dateModified":"2025-01-20T10:37:56+00:00","description":"Ankarsrum assistent Original - Registrieren Sie Ihre Ankarsrum K\u00fcchenmaschine f\u00fcr 7 Jahre Garantie und erhalten Sie exklusive Vorteile!","breadcrumb":{"@id":"https:\/\/www.ankarsrum.com\/de\/registrieren-sie-ihre-kuechenmaschine\/#breadcrumb"},"inLanguage":"de","potentialAction":[{"@type":"ReadAction","target":["https:\/\/www.ankarsrum.com\/de\/registrieren-sie-ihre-kuechenmaschine\/"]}]},{"@type":"ImageObject","inLanguage":"de","@id":"https:\/\/www.ankarsrum.com\/de\/registrieren-sie-ihre-kuechenmaschine\/#primaryimage","url":"https:\/\/www.ankarsrum.com\/img-srv\/eZCxzOIWzxqiyXJmCBxvvSLqtX02clev-usJhQSamC4\/resizing_type:auto\/width:0\/height:0\/gravity:sm\/enlarge:1\/ext:webp\/strip_metadata:1\/quality:90\/cachebuster:filesize-22996\/bG9jYWw6Ly8vd3d3LmFua2Fyc3J1bS5jb20vd3AtY29udGVudC91cGxvYWRzL3NpdGVzLzE2LzIwMTkvMDQvTkVXX0dhcmFudGlFbWJsZW0tNy1ZZWFycy5naWY.webp","contentUrl":"https:\/\/www.ankarsrum.com\/img-srv\/eZCxzOIWzxqiyXJmCBxvvSLqtX02clev-usJhQSamC4\/resizing_type:auto\/width:0\/height:0\/gravity:sm\/enlarge:1\/ext:webp\/strip_metadata:1\/quality:90\/cachebuster:filesize-22996\/bG9jYWw6Ly8vd3d3LmFua2Fyc3J1bS5jb20vd3AtY29udGVudC91cGxvYWRzL3NpdGVzLzE2LzIwMTkvMDQvTkVXX0dhcmFudGlFbWJsZW0tNy1ZZWFycy5naWY.webp","width":800,"height":800},{"@type":"BreadcrumbList","@id":"https:\/\/www.ankarsrum.com\/de\/registrieren-sie-ihre-kuechenmaschine\/#breadcrumb","itemListElement":[{"@type":"ListItem","position":1,"name":"Home","item":"https:\/\/www.ankarsrum.com\/de\/"},{"@type":"ListItem","position":2,"name":"Registrieren Sie Ihre K\u00fcchenmaschine"}]},{"@type":"WebSite","@id":"https:\/\/www.ankarsrum.com\/de\/#website","url":"https:\/\/www.ankarsrum.com\/de\/","name":"Ankarsrum Germany","description":"The bread of the world","potentialAction":[{"@type":"SearchAction","target":{"@type":"EntryPoint","urlTemplate":"https:\/\/www.ankarsrum.com\/de\/?s={search_term_string}"},"query-input":{"@type":"PropertyValueSpecification","valueRequired":true,"valueName":"search_term_string"}}],"inLanguage":"de"}]}},"_links":{"self":[{"href":"https:\/\/www.ankarsrum.com\/de\/wp-json\/wp\/v2\/pages\/1708","targetHints":{"allow":["GET"]}}],"collection":[{"href":"https:\/\/www.ankarsrum.com\/de\/wp-json\/wp\/v2\/pages"}],"about":[{"href":"https:\/\/www.ankarsrum.com\/de\/wp-json\/wp\/v2\/types\/page"}],"author":[{"embeddable":true,"href":"https:\/\/www.ankarsrum.com\/de\/wp-json\/wp\/v2\/users\/33"}],"replies":[{"embeddable":true,"href":"https:\/\/www.ankarsrum.com\/de\/wp-json\/wp\/v2\/comments?post=1708"}],"version-history":[{"count":5,"href":"https:\/\/www.ankarsrum.com\/de\/wp-json\/wp\/v2\/pages\/1708\/revisions"}],"predecessor-version":[{"id":11130,"href":"https:\/\/www.ankarsrum.com\/de\/wp-json\/wp\/v2\/pages\/1708\/revisions\/11130"}],"wp:featuredmedia":[{"embeddable":true,"href":"https:\/\/www.ankarsrum.com\/de\/wp-json\/wp\/v2\/media\/2567"}],"wp:attachment":[{"href":"https:\/\/www.ankarsrum.com\/de\/wp-json\/wp\/v2\/media?parent=1708"}],"curies":[{"name":"wp","href":"https:\/\/api.w.org\/{rel}","templated":true}]}}