{"id":4359,"date":"2020-02-11T14:48:50","date_gmt":"2020-02-11T14:48:50","guid":{"rendered":"https:\/\/www.ankarsrum.com\/de\/?page_id=4359"},"modified":"2026-03-05T15:14:18","modified_gmt":"2026-03-05T14:14:18","slug":"sachen-die-sie-herstellen-koennen","status":"publish","type":"page","link":"https:\/\/www.ankarsrum.com\/de\/sachen-die-sie-herstellen-koennen\/","title":{"rendered":"Sachen, die Sie herstellen k\u00f6nnen"},"content":{"rendered":"\n\t<div class=\"wp-video-popup-wrapper\">\n\t\t<div class=\"wp-video-popup-close\"><\/div>\n\t\t\n\t\t\t<iframe class=\"wp-video-popup-video is-hosted is-landscape is-resizable\" src=\"\" data-wp-video-popup-url=\"https:\/\/youtube.com\/embed\/YlUKcNNmywk?autoplay=1\" frameborder=\"0\" webkitallowfullscreen mozallowfullscreen allowfullscreen allow=\"autoplay\">\n\t\t\t<\/iframe>\n\t\t\n\t<\/div>\n\t\r\n\r\n&nbsp;\r\n\r\ntext","protected":false},"excerpt":{"rendered":"[wp-video-popup video=\"https:\/\/www.youtube.com\/watch?v=YlUKcNNmywk\"]\n<p>&nbsp;<\/p>\n<p>text<\/p>\n","protected":false},"author":19,"featured_media":0,"parent":0,"menu_order":0,"comment_status":"closed","ping_status":"closed","template":"template-blocks.php","meta":{"_acf_changed":false,"content-type":"","editor_notices":[],"footnotes":""},"class_list":["post-4359","page","type-page","status-publish","hentry"],"acf":[],"yoast_head":"<!-- This site is optimized with the Yoast SEO Premium plugin v26.6 (Yoast SEO v26.6) - https:\/\/yoast.com\/wordpress\/plugins\/seo\/ -->\n<title>Sachen die Sie herstellen k\u00f6nnen \u2013 mit Ankarsrum<\/title>\n<meta name=\"description\" content=\"Entdecken Sie, was Sie mit der Ankarsrum K\u00fcchenmaschine herstellen k\u00f6nnen \u2013 von Brot \u00fcber Pasta bis Smoothies.\" \/>\n<meta name=\"robots\" content=\"index, follow, max-snippet:-1, max-image-preview:large, max-video-preview:-1\" \/>\n<link rel=\"canonical\" href=\"https:\/\/www.ankarsrum.com\/de\/sachen-die-sie-herstellen-koennen\/\" \/>\n<meta property=\"og:locale\" content=\"de_DE\" \/>\n<meta property=\"og:type\" content=\"article\" \/>\n<meta property=\"og:title\" content=\"Sachen, die Sie herstellen k\u00f6nnen\" \/>\n<meta property=\"og:description\" content=\"Entdecken Sie, was Sie mit der Ankarsrum K\u00fcchenmaschine herstellen k\u00f6nnen \u2013 von Brot \u00fcber Pasta bis Smoothies.\" \/>\n<meta property=\"og:url\" content=\"https:\/\/www.ankarsrum.com\/de\/sachen-die-sie-herstellen-koennen\/\" \/>\n<meta property=\"og:site_name\" content=\"Ankarsrum Germany\" \/>\n<meta property=\"article:modified_time\" content=\"2026-03-05T14:14:18+00:00\" \/>\n<meta name=\"twitter:card\" content=\"summary_large_image\" \/>\n<meta name=\"twitter:label1\" content=\"Gesch\u00e4tzte Lesezeit\" \/>\n\t<meta name=\"twitter:data1\" content=\"1\u00a0Minute\" \/>\n<script type=\"application\/ld+json\" class=\"yoast-schema-graph\">{\"@context\":\"https:\/\/schema.org\",\"@graph\":[{\"@type\":\"WebPage\",\"@id\":\"https:\/\/www.ankarsrum.com\/de\/sachen-die-sie-herstellen-koennen\/\",\"url\":\"https:\/\/www.ankarsrum.com\/de\/sachen-die-sie-herstellen-koennen\/\",\"name\":\"Sachen die Sie herstellen k\u00f6nnen \u2013 mit Ankarsrum\",\"isPartOf\":{\"@id\":\"https:\/\/www.ankarsrum.com\/de\/#website\"},\"datePublished\":\"2020-02-11T14:48:50+00:00\",\"dateModified\":\"2026-03-05T14:14:18+00:00\",\"description\":\"Entdecken Sie, was Sie mit der Ankarsrum K\u00fcchenmaschine herstellen k\u00f6nnen \u2013 von Brot \u00fcber Pasta bis Smoothies.\",\"breadcrumb\":{\"@id\":\"https:\/\/www.ankarsrum.com\/de\/sachen-die-sie-herstellen-koennen\/#breadcrumb\"},\"inLanguage\":\"de\",\"potentialAction\":[{\"@type\":\"ReadAction\",\"target\":[\"https:\/\/www.ankarsrum.com\/de\/sachen-die-sie-herstellen-koennen\/\"]}]},{\"@type\":\"BreadcrumbList\",\"@id\":\"https:\/\/www.ankarsrum.com\/de\/sachen-die-sie-herstellen-koennen\/#breadcrumb\",\"itemListElement\":[{\"@type\":\"ListItem\",\"position\":1,\"name\":\"Home\",\"item\":\"https:\/\/www.ankarsrum.com\/de\/\"},{\"@type\":\"ListItem\",\"position\":2,\"name\":\"Sachen, die Sie herstellen k\u00f6nnen\"}]},{\"@type\":\"WebSite\",\"@id\":\"https:\/\/www.ankarsrum.com\/de\/#website\",\"url\":\"https:\/\/www.ankarsrum.com\/de\/\",\"name\":\"Ankarsrum Germany\",\"description\":\"The bread of the world\",\"potentialAction\":[{\"@type\":\"SearchAction\",\"target\":{\"@type\":\"EntryPoint\",\"urlTemplate\":\"https:\/\/www.ankarsrum.com\/de\/?s={search_term_string}\"},\"query-input\":{\"@type\":\"PropertyValueSpecification\",\"valueRequired\":true,\"valueName\":\"search_term_string\"}}],\"inLanguage\":\"de\"}]}<\/script>\n<!-- \/ Yoast SEO Premium plugin. -->","yoast_head_json":{"title":"Sachen die Sie herstellen k\u00f6nnen \u2013 mit Ankarsrum","description":"Entdecken Sie, was Sie mit der Ankarsrum K\u00fcchenmaschine herstellen k\u00f6nnen \u2013 von Brot \u00fcber Pasta bis Smoothies.","robots":{"index":"index","follow":"follow","max-snippet":"max-snippet:-1","max-image-preview":"max-image-preview:large","max-video-preview":"max-video-preview:-1"},"canonical":"https:\/\/www.ankarsrum.com\/de\/sachen-die-sie-herstellen-koennen\/","og_locale":"de_DE","og_type":"article","og_title":"Sachen, die Sie herstellen k\u00f6nnen","og_description":"Entdecken Sie, was Sie mit der Ankarsrum K\u00fcchenmaschine herstellen k\u00f6nnen \u2013 von Brot \u00fcber Pasta bis Smoothies.","og_url":"https:\/\/www.ankarsrum.com\/de\/sachen-die-sie-herstellen-koennen\/","og_site_name":"Ankarsrum Germany","article_modified_time":"2026-03-05T14:14:18+00:00","twitter_card":"summary_large_image","twitter_misc":{"Gesch\u00e4tzte Lesezeit":"1\u00a0Minute"},"schema":{"@context":"https:\/\/schema.org","@graph":[{"@type":"WebPage","@id":"https:\/\/www.ankarsrum.com\/de\/sachen-die-sie-herstellen-koennen\/","url":"https:\/\/www.ankarsrum.com\/de\/sachen-die-sie-herstellen-koennen\/","name":"Sachen die Sie herstellen k\u00f6nnen \u2013 mit Ankarsrum","isPartOf":{"@id":"https:\/\/www.ankarsrum.com\/de\/#website"},"datePublished":"2020-02-11T14:48:50+00:00","dateModified":"2026-03-05T14:14:18+00:00","description":"Entdecken Sie, was Sie mit der Ankarsrum K\u00fcchenmaschine herstellen k\u00f6nnen \u2013 von Brot \u00fcber Pasta bis Smoothies.","breadcrumb":{"@id":"https:\/\/www.ankarsrum.com\/de\/sachen-die-sie-herstellen-koennen\/#breadcrumb"},"inLanguage":"de","potentialAction":[{"@type":"ReadAction","target":["https:\/\/www.ankarsrum.com\/de\/sachen-die-sie-herstellen-koennen\/"]}]},{"@type":"BreadcrumbList","@id":"https:\/\/www.ankarsrum.com\/de\/sachen-die-sie-herstellen-koennen\/#breadcrumb","itemListElement":[{"@type":"ListItem","position":1,"name":"Home","item":"https:\/\/www.ankarsrum.com\/de\/"},{"@type":"ListItem","position":2,"name":"Sachen, die Sie herstellen k\u00f6nnen"}]},{"@type":"WebSite","@id":"https:\/\/www.ankarsrum.com\/de\/#website","url":"https:\/\/www.ankarsrum.com\/de\/","name":"Ankarsrum Germany","description":"The bread of the world","potentialAction":[{"@type":"SearchAction","target":{"@type":"EntryPoint","urlTemplate":"https:\/\/www.ankarsrum.com\/de\/?s={search_term_string}"},"query-input":{"@type":"PropertyValueSpecification","valueRequired":true,"valueName":"search_term_string"}}],"inLanguage":"de"}]}},"_links":{"self":[{"href":"https:\/\/www.ankarsrum.com\/de\/wp-json\/wp\/v2\/pages\/4359","targetHints":{"allow":["GET"]}}],"collection":[{"href":"https:\/\/www.ankarsrum.com\/de\/wp-json\/wp\/v2\/pages"}],"about":[{"href":"https:\/\/www.ankarsrum.com\/de\/wp-json\/wp\/v2\/types\/page"}],"author":[{"embeddable":true,"href":"https:\/\/www.ankarsrum.com\/de\/wp-json\/wp\/v2\/users\/19"}],"replies":[{"embeddable":true,"href":"https:\/\/www.ankarsrum.com\/de\/wp-json\/wp\/v2\/comments?post=4359"}],"version-history":[{"count":6,"href":"https:\/\/www.ankarsrum.com\/de\/wp-json\/wp\/v2\/pages\/4359\/revisions"}],"predecessor-version":[{"id":12831,"href":"https:\/\/www.ankarsrum.com\/de\/wp-json\/wp\/v2\/pages\/4359\/revisions\/12831"}],"wp:attachment":[{"href":"https:\/\/www.ankarsrum.com\/de\/wp-json\/wp\/v2\/media?parent=4359"}],"curies":[{"name":"wp","href":"https:\/\/api.w.org\/{rel}","templated":true}]}}