{"id":5531,"date":"2021-06-22T11:17:47","date_gmt":"2021-06-22T11:17:47","guid":{"rendered":"https:\/\/www.ankarsrum.com\/de\/?page_id=5531"},"modified":"2025-10-29T21:11:11","modified_gmt":"2025-10-29T20:11:11","slug":"garantiebestimmungen","status":"publish","type":"page","link":"https:\/\/www.ankarsrum.com\/de\/garantiebestimmungen\/","title":{"rendered":"Garantiebestimmungen"},"content":{"rendered":"Die Ankarsrum Assistent Original 6230 hat eine 7-j\u00e4hrige Herstellergarantie, die die Maschine mit Ausnahme der Edelstahlsch\u00fcssel und des weiteren Zubeh\u00f6rs abdeckt.\r\n\r\nDie Garantie gilt nur f\u00fcr die Nutzung der Maschine im eigenen Haushalt gem\u00e4\u00df den Anleitungen in der Gebrauchsanweisung. Die Garantie gilt nicht f\u00fcr Transportsch\u00e4den oder falsche bzw. nachl\u00e4ssige Bedienung oder bei gewerblicher Nutzung. Die Garantie gilt nicht bei unsachgem\u00e4\u00dfer Wartung. Die Maschine darf nur gem\u00e4\u00df ihres Bestimmungszwecks genutzt werden. Die Maschine darf nicht ge\u00f6ffnet oder anderweitig repariert werden, au\u00dfer durch Personal von Ankarsrum oder einer ausgewiesenen Servicestelle, damit die Garantie gilt.","protected":false},"excerpt":{"rendered":"<p>Die Ankarsrum Assistent Original 6230 hat eine 7-j\u00e4hrige Herstellergarantie die die Maschine mit Ausnahme der Edelstahlsch\u00fcssel und des weiteren Zubeh\u00f6rs&hellip;<\/p>\n","protected":false},"author":23,"featured_media":0,"parent":0,"menu_order":0,"comment_status":"closed","ping_status":"closed","template":"","meta":{"_acf_changed":false,"content-type":"","editor_notices":[],"footnotes":""},"class_list":["post-5531","page","type-page","status-publish","hentry"],"acf":[],"yoast_head":"<!-- This site is optimized with the Yoast SEO Premium plugin v26.6 (Yoast SEO v26.6) - https:\/\/yoast.com\/wordpress\/plugins\/seo\/ -->\n<title>Garantie\u00adbestimmungen | Ankarsrum K\u00fcchenmaschine<\/title>\n<meta name=\"description\" content=\"Informationen zur 7-Jahres-Garantie der K\u00fcchenmaschine bei privater Nutzung \u2013 g\u00fcltig nur bei bestimmungsgem\u00e4\u00dfer Nutzung.\" \/>\n<meta name=\"robots\" content=\"index, follow, max-snippet:-1, max-image-preview:large, max-video-preview:-1\" \/>\n<link rel=\"canonical\" href=\"https:\/\/www.ankarsrum.com\/de\/garantiebestimmungen\/\" \/>\n<meta property=\"og:locale\" content=\"de_DE\" \/>\n<meta property=\"og:type\" content=\"article\" \/>\n<meta property=\"og:title\" content=\"Garantiebestimmungen\" \/>\n<meta property=\"og:description\" content=\"Informationen zur 7-Jahres-Garantie der K\u00fcchenmaschine bei privater Nutzung \u2013 g\u00fcltig nur bei bestimmungsgem\u00e4\u00dfer Nutzung.\" \/>\n<meta property=\"og:url\" content=\"https:\/\/www.ankarsrum.com\/de\/garantiebestimmungen\/\" \/>\n<meta property=\"og:site_name\" content=\"Ankarsrum Germany\" \/>\n<meta property=\"article:modified_time\" content=\"2025-10-29T20:11:11+00:00\" \/>\n<meta name=\"twitter:card\" content=\"summary_large_image\" \/>\n<meta name=\"twitter:label1\" content=\"Gesch\u00e4tzte Lesezeit\" \/>\n\t<meta name=\"twitter:data1\" content=\"1\u00a0Minute\" \/>\n<script type=\"application\/ld+json\" class=\"yoast-schema-graph\">{\"@context\":\"https:\/\/schema.org\",\"@graph\":[{\"@type\":\"WebPage\",\"@id\":\"https:\/\/www.ankarsrum.com\/de\/garantiebestimmungen\/\",\"url\":\"https:\/\/www.ankarsrum.com\/de\/garantiebestimmungen\/\",\"name\":\"Garantie\u00adbestimmungen | Ankarsrum K\u00fcchenmaschine\",\"isPartOf\":{\"@id\":\"https:\/\/www.ankarsrum.com\/de\/#website\"},\"datePublished\":\"2021-06-22T11:17:47+00:00\",\"dateModified\":\"2025-10-29T20:11:11+00:00\",\"description\":\"Informationen zur 7-Jahres-Garantie der K\u00fcchenmaschine bei privater Nutzung \u2013 g\u00fcltig nur bei bestimmungsgem\u00e4\u00dfer Nutzung.\",\"breadcrumb\":{\"@id\":\"https:\/\/www.ankarsrum.com\/de\/garantiebestimmungen\/#breadcrumb\"},\"inLanguage\":\"de\",\"potentialAction\":[{\"@type\":\"ReadAction\",\"target\":[\"https:\/\/www.ankarsrum.com\/de\/garantiebestimmungen\/\"]}]},{\"@type\":\"BreadcrumbList\",\"@id\":\"https:\/\/www.ankarsrum.com\/de\/garantiebestimmungen\/#breadcrumb\",\"itemListElement\":[{\"@type\":\"ListItem\",\"position\":1,\"name\":\"Home\",\"item\":\"https:\/\/www.ankarsrum.com\/de\/\"},{\"@type\":\"ListItem\",\"position\":2,\"name\":\"Garantiebestimmungen\"}]},{\"@type\":\"WebSite\",\"@id\":\"https:\/\/www.ankarsrum.com\/de\/#website\",\"url\":\"https:\/\/www.ankarsrum.com\/de\/\",\"name\":\"Ankarsrum Germany\",\"description\":\"The bread of the world\",\"potentialAction\":[{\"@type\":\"SearchAction\",\"target\":{\"@type\":\"EntryPoint\",\"urlTemplate\":\"https:\/\/www.ankarsrum.com\/de\/?s={search_term_string}\"},\"query-input\":{\"@type\":\"PropertyValueSpecification\",\"valueRequired\":true,\"valueName\":\"search_term_string\"}}],\"inLanguage\":\"de\"}]}<\/script>\n<!-- \/ Yoast SEO Premium plugin. -->","yoast_head_json":{"title":"Garantie\u00adbestimmungen | Ankarsrum K\u00fcchenmaschine","description":"Informationen zur 7-Jahres-Garantie der K\u00fcchenmaschine bei privater Nutzung \u2013 g\u00fcltig nur bei bestimmungsgem\u00e4\u00dfer Nutzung.","robots":{"index":"index","follow":"follow","max-snippet":"max-snippet:-1","max-image-preview":"max-image-preview:large","max-video-preview":"max-video-preview:-1"},"canonical":"https:\/\/www.ankarsrum.com\/de\/garantiebestimmungen\/","og_locale":"de_DE","og_type":"article","og_title":"Garantiebestimmungen","og_description":"Informationen zur 7-Jahres-Garantie der K\u00fcchenmaschine bei privater Nutzung \u2013 g\u00fcltig nur bei bestimmungsgem\u00e4\u00dfer Nutzung.","og_url":"https:\/\/www.ankarsrum.com\/de\/garantiebestimmungen\/","og_site_name":"Ankarsrum Germany","article_modified_time":"2025-10-29T20:11:11+00:00","twitter_card":"summary_large_image","twitter_misc":{"Gesch\u00e4tzte Lesezeit":"1\u00a0Minute"},"schema":{"@context":"https:\/\/schema.org","@graph":[{"@type":"WebPage","@id":"https:\/\/www.ankarsrum.com\/de\/garantiebestimmungen\/","url":"https:\/\/www.ankarsrum.com\/de\/garantiebestimmungen\/","name":"Garantie\u00adbestimmungen | Ankarsrum K\u00fcchenmaschine","isPartOf":{"@id":"https:\/\/www.ankarsrum.com\/de\/#website"},"datePublished":"2021-06-22T11:17:47+00:00","dateModified":"2025-10-29T20:11:11+00:00","description":"Informationen zur 7-Jahres-Garantie der K\u00fcchenmaschine bei privater Nutzung \u2013 g\u00fcltig nur bei bestimmungsgem\u00e4\u00dfer Nutzung.","breadcrumb":{"@id":"https:\/\/www.ankarsrum.com\/de\/garantiebestimmungen\/#breadcrumb"},"inLanguage":"de","potentialAction":[{"@type":"ReadAction","target":["https:\/\/www.ankarsrum.com\/de\/garantiebestimmungen\/"]}]},{"@type":"BreadcrumbList","@id":"https:\/\/www.ankarsrum.com\/de\/garantiebestimmungen\/#breadcrumb","itemListElement":[{"@type":"ListItem","position":1,"name":"Home","item":"https:\/\/www.ankarsrum.com\/de\/"},{"@type":"ListItem","position":2,"name":"Garantiebestimmungen"}]},{"@type":"WebSite","@id":"https:\/\/www.ankarsrum.com\/de\/#website","url":"https:\/\/www.ankarsrum.com\/de\/","name":"Ankarsrum Germany","description":"The bread of the world","potentialAction":[{"@type":"SearchAction","target":{"@type":"EntryPoint","urlTemplate":"https:\/\/www.ankarsrum.com\/de\/?s={search_term_string}"},"query-input":{"@type":"PropertyValueSpecification","valueRequired":true,"valueName":"search_term_string"}}],"inLanguage":"de"}]}},"_links":{"self":[{"href":"https:\/\/www.ankarsrum.com\/de\/wp-json\/wp\/v2\/pages\/5531","targetHints":{"allow":["GET"]}}],"collection":[{"href":"https:\/\/www.ankarsrum.com\/de\/wp-json\/wp\/v2\/pages"}],"about":[{"href":"https:\/\/www.ankarsrum.com\/de\/wp-json\/wp\/v2\/types\/page"}],"author":[{"embeddable":true,"href":"https:\/\/www.ankarsrum.com\/de\/wp-json\/wp\/v2\/users\/23"}],"replies":[{"embeddable":true,"href":"https:\/\/www.ankarsrum.com\/de\/wp-json\/wp\/v2\/comments?post=5531"}],"version-history":[{"count":2,"href":"https:\/\/www.ankarsrum.com\/de\/wp-json\/wp\/v2\/pages\/5531\/revisions"}],"predecessor-version":[{"id":5546,"href":"https:\/\/www.ankarsrum.com\/de\/wp-json\/wp\/v2\/pages\/5531\/revisions\/5546"}],"wp:attachment":[{"href":"https:\/\/www.ankarsrum.com\/de\/wp-json\/wp\/v2\/media?parent=5531"}],"curies":[{"name":"wp","href":"https:\/\/api.w.org\/{rel}","templated":true}]}}