{"id":75,"date":"2018-12-07T12:09:00","date_gmt":"2018-12-07T12:09:00","guid":{"rendered":"https:\/\/www.ankarsrum.com.dev.synot.io\/?page_id=75"},"modified":"2026-01-21T07:04:04","modified_gmt":"2026-01-21T06:04:04","slug":"product-categories","status":"publish","type":"page","link":"https:\/\/www.ankarsrum.com\/de\/product-categories\/","title":{"rendered":"Tatkr\u00e4ftige Unterst\u00fctzung! In Ihrer K\u00fcche."},"content":{"rendered":"<h3>Ankarsrum Assistent Original wird von Hand gefertigt und montiert. Sie wurde entwickelt, um Schwerstarbeit in der K\u00fcche zu leisten und hat 7 Jahre Garantie. Erfahren Sie hier mehr.<\/h3>","protected":false},"excerpt":{"rendered":"<p>Ankarsrum Assistent Original wird von Hand gefertigt und montiert. Sie wurde entwickelt um Schwerstarbeit in der K\u00fcche zu leisten und&hellip;<\/p>\n","protected":false},"author":477,"featured_media":0,"parent":0,"menu_order":0,"comment_status":"closed","ping_status":"closed","template":"template-categories.php","meta":{"_acf_changed":false,"content-type":"","editor_notices":[],"footnotes":""},"class_list":["post-75","page","type-page","status-publish","hentry"],"acf":[],"yoast_head":"<!-- This site is optimized with the Yoast SEO Premium plugin v26.6 (Yoast SEO v26.6) - https:\/\/yoast.com\/wordpress\/plugins\/seo\/ -->\n<title>Produktkategorien f\u00fcr Ankarsrum Assistent<\/title>\n<meta name=\"description\" content=\"\u00dcbersicht aller Produktkategorien rund um die Ankarsrum Assistent \u2013 Maschinen, Zubeh\u00f6r und L\u00f6sungen f\u00fcr vielseitige K\u00fcchenarbeit.\" \/>\n<meta name=\"robots\" content=\"index, follow, max-snippet:-1, max-image-preview:large, max-video-preview:-1\" \/>\n<link rel=\"canonical\" href=\"https:\/\/www.ankarsrum.com\/de\/product-categories\/\" \/>\n<meta property=\"og:locale\" content=\"de_DE\" \/>\n<meta property=\"og:type\" content=\"article\" \/>\n<meta property=\"og:title\" content=\"Tatkr\u00e4ftige Unterst\u00fctzung! In Ihrer K\u00fcche.\" \/>\n<meta property=\"og:description\" content=\"\u00dcbersicht aller Produktkategorien rund um die Ankarsrum Assistent \u2013 Maschinen, Zubeh\u00f6r und L\u00f6sungen f\u00fcr vielseitige K\u00fcchenarbeit.\" \/>\n<meta property=\"og:url\" content=\"https:\/\/www.ankarsrum.com\/de\/product-categories\/\" \/>\n<meta property=\"og:site_name\" content=\"Ankarsrum Germany\" \/>\n<meta property=\"article:modified_time\" content=\"2026-01-21T06:04:04+00:00\" \/>\n<meta name=\"twitter:card\" content=\"summary_large_image\" \/>\n<meta name=\"twitter:label1\" content=\"Gesch\u00e4tzte Lesezeit\" \/>\n\t<meta name=\"twitter:data1\" content=\"1\u00a0Minute\" \/>\n<script type=\"application\/ld+json\" class=\"yoast-schema-graph\">{\"@context\":\"https:\/\/schema.org\",\"@graph\":[{\"@type\":\"WebPage\",\"@id\":\"https:\/\/www.ankarsrum.com\/de\/product-categories\/\",\"url\":\"https:\/\/www.ankarsrum.com\/de\/product-categories\/\",\"name\":\"Produktkategorien f\u00fcr Ankarsrum Assistent\",\"isPartOf\":{\"@id\":\"https:\/\/www.ankarsrum.com\/de\/#website\"},\"datePublished\":\"2018-12-07T12:09:00+00:00\",\"dateModified\":\"2026-01-21T06:04:04+00:00\",\"description\":\"\u00dcbersicht aller Produktkategorien rund um die Ankarsrum Assistent \u2013 Maschinen, Zubeh\u00f6r und L\u00f6sungen f\u00fcr vielseitige K\u00fcchenarbeit.\",\"breadcrumb\":{\"@id\":\"https:\/\/www.ankarsrum.com\/de\/product-categories\/#breadcrumb\"},\"inLanguage\":\"de\",\"potentialAction\":[{\"@type\":\"ReadAction\",\"target\":[\"https:\/\/www.ankarsrum.com\/de\/product-categories\/\"]}]},{\"@type\":\"BreadcrumbList\",\"@id\":\"https:\/\/www.ankarsrum.com\/de\/product-categories\/#breadcrumb\",\"itemListElement\":[{\"@type\":\"ListItem\",\"position\":1,\"name\":\"Home\",\"item\":\"https:\/\/www.ankarsrum.com\/de\/\"},{\"@type\":\"ListItem\",\"position\":2,\"name\":\"Tatkr\u00e4ftige Unterst\u00fctzung! In Ihrer K\u00fcche.\"}]},{\"@type\":\"WebSite\",\"@id\":\"https:\/\/www.ankarsrum.com\/de\/#website\",\"url\":\"https:\/\/www.ankarsrum.com\/de\/\",\"name\":\"Ankarsrum Germany\",\"description\":\"The bread of the world\",\"potentialAction\":[{\"@type\":\"SearchAction\",\"target\":{\"@type\":\"EntryPoint\",\"urlTemplate\":\"https:\/\/www.ankarsrum.com\/de\/?s={search_term_string}\"},\"query-input\":{\"@type\":\"PropertyValueSpecification\",\"valueRequired\":true,\"valueName\":\"search_term_string\"}}],\"inLanguage\":\"de\"}]}<\/script>\n<!-- \/ Yoast SEO Premium plugin. -->","yoast_head_json":{"title":"Produktkategorien f\u00fcr Ankarsrum Assistent","description":"\u00dcbersicht aller Produktkategorien rund um die Ankarsrum Assistent \u2013 Maschinen, Zubeh\u00f6r und L\u00f6sungen f\u00fcr vielseitige K\u00fcchenarbeit.","robots":{"index":"index","follow":"follow","max-snippet":"max-snippet:-1","max-image-preview":"max-image-preview:large","max-video-preview":"max-video-preview:-1"},"canonical":"https:\/\/www.ankarsrum.com\/de\/product-categories\/","og_locale":"de_DE","og_type":"article","og_title":"Tatkr\u00e4ftige Unterst\u00fctzung! In Ihrer K\u00fcche.","og_description":"\u00dcbersicht aller Produktkategorien rund um die Ankarsrum Assistent \u2013 Maschinen, Zubeh\u00f6r und L\u00f6sungen f\u00fcr vielseitige K\u00fcchenarbeit.","og_url":"https:\/\/www.ankarsrum.com\/de\/product-categories\/","og_site_name":"Ankarsrum Germany","article_modified_time":"2026-01-21T06:04:04+00:00","twitter_card":"summary_large_image","twitter_misc":{"Gesch\u00e4tzte Lesezeit":"1\u00a0Minute"},"schema":{"@context":"https:\/\/schema.org","@graph":[{"@type":"WebPage","@id":"https:\/\/www.ankarsrum.com\/de\/product-categories\/","url":"https:\/\/www.ankarsrum.com\/de\/product-categories\/","name":"Produktkategorien f\u00fcr Ankarsrum Assistent","isPartOf":{"@id":"https:\/\/www.ankarsrum.com\/de\/#website"},"datePublished":"2018-12-07T12:09:00+00:00","dateModified":"2026-01-21T06:04:04+00:00","description":"\u00dcbersicht aller Produktkategorien rund um die Ankarsrum Assistent \u2013 Maschinen, Zubeh\u00f6r und L\u00f6sungen f\u00fcr vielseitige K\u00fcchenarbeit.","breadcrumb":{"@id":"https:\/\/www.ankarsrum.com\/de\/product-categories\/#breadcrumb"},"inLanguage":"de","potentialAction":[{"@type":"ReadAction","target":["https:\/\/www.ankarsrum.com\/de\/product-categories\/"]}]},{"@type":"BreadcrumbList","@id":"https:\/\/www.ankarsrum.com\/de\/product-categories\/#breadcrumb","itemListElement":[{"@type":"ListItem","position":1,"name":"Home","item":"https:\/\/www.ankarsrum.com\/de\/"},{"@type":"ListItem","position":2,"name":"Tatkr\u00e4ftige Unterst\u00fctzung! In Ihrer K\u00fcche."}]},{"@type":"WebSite","@id":"https:\/\/www.ankarsrum.com\/de\/#website","url":"https:\/\/www.ankarsrum.com\/de\/","name":"Ankarsrum Germany","description":"The bread of the world","potentialAction":[{"@type":"SearchAction","target":{"@type":"EntryPoint","urlTemplate":"https:\/\/www.ankarsrum.com\/de\/?s={search_term_string}"},"query-input":{"@type":"PropertyValueSpecification","valueRequired":true,"valueName":"search_term_string"}}],"inLanguage":"de"}]}},"_links":{"self":[{"href":"https:\/\/www.ankarsrum.com\/de\/wp-json\/wp\/v2\/pages\/75","targetHints":{"allow":["GET"]}}],"collection":[{"href":"https:\/\/www.ankarsrum.com\/de\/wp-json\/wp\/v2\/pages"}],"about":[{"href":"https:\/\/www.ankarsrum.com\/de\/wp-json\/wp\/v2\/types\/page"}],"author":[{"embeddable":true,"href":"https:\/\/www.ankarsrum.com\/de\/wp-json\/wp\/v2\/users\/477"}],"replies":[{"embeddable":true,"href":"https:\/\/www.ankarsrum.com\/de\/wp-json\/wp\/v2\/comments?post=75"}],"version-history":[{"count":5,"href":"https:\/\/www.ankarsrum.com\/de\/wp-json\/wp\/v2\/pages\/75\/revisions"}],"predecessor-version":[{"id":3782,"href":"https:\/\/www.ankarsrum.com\/de\/wp-json\/wp\/v2\/pages\/75\/revisions\/3782"}],"wp:attachment":[{"href":"https:\/\/www.ankarsrum.com\/de\/wp-json\/wp\/v2\/media?parent=75"}],"curies":[{"name":"wp","href":"https:\/\/api.w.org\/{rel}","templated":true}]}}