{"id":9689,"date":"2024-03-26T10:06:39","date_gmt":"2024-03-26T10:06:39","guid":{"rendered":"https:\/\/www.ankarsrum.com\/de\/?page_id=9689"},"modified":"2025-11-05T15:12:04","modified_gmt":"2025-11-05T14:12:04","slug":"retailers","status":"publish","type":"page","link":"https:\/\/www.ankarsrum.com\/de\/retailers\/","title":{"rendered":"Retailers"},"content":{"rendered":"","protected":false},"excerpt":{"rendered":"","protected":false},"author":23,"featured_media":0,"parent":0,"menu_order":0,"comment_status":"closed","ping_status":"closed","template":"template-dealers.php","meta":{"_acf_changed":false,"content-type":"","editor_notices":[],"footnotes":""},"class_list":["post-9689","page","type-page","status-publish","hentry"],"acf":[],"yoast_head":"<!-- This site is optimized with the Yoast SEO Premium plugin v26.6 (Yoast SEO v26.6) - https:\/\/yoast.com\/wordpress\/plugins\/seo\/ -->\n<title>Ankarsrum H\u00e4ndler finden | Offizielle Verkaufsstellen<\/title>\n<meta name=\"description\" content=\"Finden Sie offizielle Ankarsrum H\u00e4ndler in Ihrer N\u00e4he. Kaufen Sie Ihre K\u00fcchenmaschine direkt bei zertifizierten Partnern.\" \/>\n<meta name=\"robots\" content=\"index, follow, max-snippet:-1, max-image-preview:large, max-video-preview:-1\" \/>\n<link rel=\"canonical\" href=\"https:\/\/www.ankarsrum.com\/de\/retailers\/\" \/>\n<meta property=\"og:locale\" content=\"de_DE\" \/>\n<meta property=\"og:type\" content=\"article\" \/>\n<meta property=\"og:title\" content=\"Retailers\" \/>\n<meta property=\"og:description\" content=\"Finden Sie offizielle Ankarsrum H\u00e4ndler in Ihrer N\u00e4he. Kaufen Sie Ihre K\u00fcchenmaschine direkt bei zertifizierten Partnern.\" \/>\n<meta property=\"og:url\" content=\"https:\/\/www.ankarsrum.com\/de\/retailers\/\" \/>\n<meta property=\"og:site_name\" content=\"Ankarsrum Germany\" \/>\n<meta property=\"article:modified_time\" content=\"2025-11-05T14:12:04+00:00\" \/>\n<meta name=\"twitter:card\" content=\"summary_large_image\" \/>\n<script type=\"application\/ld+json\" class=\"yoast-schema-graph\">{\"@context\":\"https:\/\/schema.org\",\"@graph\":[{\"@type\":\"WebPage\",\"@id\":\"https:\/\/www.ankarsrum.com\/de\/retailers\/\",\"url\":\"https:\/\/www.ankarsrum.com\/de\/retailers\/\",\"name\":\"Ankarsrum H\u00e4ndler finden | Offizielle Verkaufsstellen\",\"isPartOf\":{\"@id\":\"https:\/\/www.ankarsrum.com\/de\/#website\"},\"datePublished\":\"2024-03-26T10:06:39+00:00\",\"dateModified\":\"2025-11-05T14:12:04+00:00\",\"description\":\"Finden Sie offizielle Ankarsrum H\u00e4ndler in Ihrer N\u00e4he. Kaufen Sie Ihre K\u00fcchenmaschine direkt bei zertifizierten Partnern.\",\"breadcrumb\":{\"@id\":\"https:\/\/www.ankarsrum.com\/de\/retailers\/#breadcrumb\"},\"inLanguage\":\"de\",\"potentialAction\":[{\"@type\":\"ReadAction\",\"target\":[\"https:\/\/www.ankarsrum.com\/de\/retailers\/\"]}]},{\"@type\":\"BreadcrumbList\",\"@id\":\"https:\/\/www.ankarsrum.com\/de\/retailers\/#breadcrumb\",\"itemListElement\":[{\"@type\":\"ListItem\",\"position\":1,\"name\":\"Home\",\"item\":\"https:\/\/www.ankarsrum.com\/de\/\"},{\"@type\":\"ListItem\",\"position\":2,\"name\":\"Retailers\"}]},{\"@type\":\"WebSite\",\"@id\":\"https:\/\/www.ankarsrum.com\/de\/#website\",\"url\":\"https:\/\/www.ankarsrum.com\/de\/\",\"name\":\"Ankarsrum Germany\",\"description\":\"The bread of the world\",\"potentialAction\":[{\"@type\":\"SearchAction\",\"target\":{\"@type\":\"EntryPoint\",\"urlTemplate\":\"https:\/\/www.ankarsrum.com\/de\/?s={search_term_string}\"},\"query-input\":{\"@type\":\"PropertyValueSpecification\",\"valueRequired\":true,\"valueName\":\"search_term_string\"}}],\"inLanguage\":\"de\"}]}<\/script>\n<!-- \/ Yoast SEO Premium plugin. -->","yoast_head_json":{"title":"Ankarsrum H\u00e4ndler finden | Offizielle Verkaufsstellen","description":"Finden Sie offizielle Ankarsrum H\u00e4ndler in Ihrer N\u00e4he. Kaufen Sie Ihre K\u00fcchenmaschine direkt bei zertifizierten Partnern.","robots":{"index":"index","follow":"follow","max-snippet":"max-snippet:-1","max-image-preview":"max-image-preview:large","max-video-preview":"max-video-preview:-1"},"canonical":"https:\/\/www.ankarsrum.com\/de\/retailers\/","og_locale":"de_DE","og_type":"article","og_title":"Retailers","og_description":"Finden Sie offizielle Ankarsrum H\u00e4ndler in Ihrer N\u00e4he. Kaufen Sie Ihre K\u00fcchenmaschine direkt bei zertifizierten Partnern.","og_url":"https:\/\/www.ankarsrum.com\/de\/retailers\/","og_site_name":"Ankarsrum Germany","article_modified_time":"2025-11-05T14:12:04+00:00","twitter_card":"summary_large_image","schema":{"@context":"https:\/\/schema.org","@graph":[{"@type":"WebPage","@id":"https:\/\/www.ankarsrum.com\/de\/retailers\/","url":"https:\/\/www.ankarsrum.com\/de\/retailers\/","name":"Ankarsrum H\u00e4ndler finden | Offizielle Verkaufsstellen","isPartOf":{"@id":"https:\/\/www.ankarsrum.com\/de\/#website"},"datePublished":"2024-03-26T10:06:39+00:00","dateModified":"2025-11-05T14:12:04+00:00","description":"Finden Sie offizielle Ankarsrum H\u00e4ndler in Ihrer N\u00e4he. Kaufen Sie Ihre K\u00fcchenmaschine direkt bei zertifizierten Partnern.","breadcrumb":{"@id":"https:\/\/www.ankarsrum.com\/de\/retailers\/#breadcrumb"},"inLanguage":"de","potentialAction":[{"@type":"ReadAction","target":["https:\/\/www.ankarsrum.com\/de\/retailers\/"]}]},{"@type":"BreadcrumbList","@id":"https:\/\/www.ankarsrum.com\/de\/retailers\/#breadcrumb","itemListElement":[{"@type":"ListItem","position":1,"name":"Home","item":"https:\/\/www.ankarsrum.com\/de\/"},{"@type":"ListItem","position":2,"name":"Retailers"}]},{"@type":"WebSite","@id":"https:\/\/www.ankarsrum.com\/de\/#website","url":"https:\/\/www.ankarsrum.com\/de\/","name":"Ankarsrum Germany","description":"The bread of the world","potentialAction":[{"@type":"SearchAction","target":{"@type":"EntryPoint","urlTemplate":"https:\/\/www.ankarsrum.com\/de\/?s={search_term_string}"},"query-input":{"@type":"PropertyValueSpecification","valueRequired":true,"valueName":"search_term_string"}}],"inLanguage":"de"}]}},"_links":{"self":[{"href":"https:\/\/www.ankarsrum.com\/de\/wp-json\/wp\/v2\/pages\/9689","targetHints":{"allow":["GET"]}}],"collection":[{"href":"https:\/\/www.ankarsrum.com\/de\/wp-json\/wp\/v2\/pages"}],"about":[{"href":"https:\/\/www.ankarsrum.com\/de\/wp-json\/wp\/v2\/types\/page"}],"author":[{"embeddable":true,"href":"https:\/\/www.ankarsrum.com\/de\/wp-json\/wp\/v2\/users\/23"}],"replies":[{"embeddable":true,"href":"https:\/\/www.ankarsrum.com\/de\/wp-json\/wp\/v2\/comments?post=9689"}],"version-history":[{"count":3,"href":"https:\/\/www.ankarsrum.com\/de\/wp-json\/wp\/v2\/pages\/9689\/revisions"}],"predecessor-version":[{"id":9709,"href":"https:\/\/www.ankarsrum.com\/de\/wp-json\/wp\/v2\/pages\/9689\/revisions\/9709"}],"wp:attachment":[{"href":"https:\/\/www.ankarsrum.com\/de\/wp-json\/wp\/v2\/media?parent=9689"}],"curies":[{"name":"wp","href":"https:\/\/api.w.org\/{rel}","templated":true}]}}