{"id":11836,"date":"2024-07-16T15:21:51","date_gmt":"2024-07-16T13:21:51","guid":{"rendered":"https:\/\/www.ankarsrum.com\/de\/product\/recipe-book-europe\/"},"modified":"2026-05-08T07:21:17","modified_gmt":"2026-05-08T05:21:17","slug":"recipe-book-europe","status":"publish","type":"product","link":"https:\/\/www.ankarsrum.com\/de\/product\/recipe-book-europe\/","title":{"rendered":"Recipe Book Europe"},"content":{"rendered":"<p>Ankarsrum recipe book contains 35 recipes with everything from bread and pastries to dinners and drinks.<\/p>\n<p>The recipe book provides detailed descriptions and smart tips on how to best work together with your Ankarsrum Assistant Original.<br \/>Here the possibilities with your assistent for a maximum experience are explained.<\/p>\n<p>Ankarsrum recipe book is written in the following languages: English, German, French and Italian<\/p>","protected":false},"excerpt":{"rendered":"<p>Ankarsrum recipe book contains 35 recipes with everything from bread and pastries to dinners and drinks.<\/p>\n","protected":false},"featured_media":11362,"comment_status":"open","ping_status":"closed","template":"","meta":{"_acf_changed":false,"content-type":"","editor_notices":[]},"product_brand":[],"product_cat":[373],"product_tag":[],"product-tag":[],"machines":[],"filter":[],"class_list":{"0":"post-11836","1":"product","2":"type-product","3":"status-publish","4":"has-post-thumbnail","6":"product_cat-ankarsrum-zubehor","8":"first","9":"instock","10":"taxable","11":"shipping-taxable","12":"product-type-simple"},"acf":[],"yoast_head":"<!-- This site is optimized with the Yoast SEO Premium plugin v26.6 (Yoast SEO v26.6) - https:\/\/yoast.com\/wordpress\/plugins\/seo\/ -->\n<title>Rezeptbuch Europe | Ankarsrum K\u00fcchenmaschine<\/title>\n<meta name=\"description\" content=\"Entdecken Sie das Ankarsrum Rezeptbuch Europe \u2013 mit 35 Rezepten f\u00fcr Brot, Kuchen, Dinner &amp; Drinks. Ideal f\u00fcr Ihre K\u00fcchenmaschine.\" \/>\n<meta name=\"robots\" content=\"index, follow, max-snippet:-1, max-image-preview:large, max-video-preview:-1\" \/>\n<link rel=\"canonical\" href=\"https:\/\/www.ankarsrum.com\/de\/product\/recipe-book-europe\/\" \/>\n<meta property=\"og:locale\" content=\"de_DE\" \/>\n<meta property=\"og:type\" content=\"article\" \/>\n<meta property=\"og:title\" content=\"Recipe Book Europe\" \/>\n<meta property=\"og:description\" content=\"Entdecken Sie das Ankarsrum Rezeptbuch Europe \u2013 mit 35 Rezepten f\u00fcr Brot, Kuchen, Dinner &amp; Drinks. Ideal f\u00fcr Ihre K\u00fcchenmaschine.\" \/>\n<meta property=\"og:url\" content=\"https:\/\/www.ankarsrum.com\/de\/product\/recipe-book-europe\/\" \/>\n<meta property=\"og:site_name\" content=\"Ankarsrum Germany\" \/>\n<meta property=\"article:modified_time\" content=\"2026-05-08T05:21:17+00:00\" \/>\n<meta property=\"og:image\" content=\"https:\/\/www.ankarsrum.com\/de\/wp-content\/uploads\/sites\/16\/2025\/03\/recipe-book-eu.jpg\" \/>\n\t<meta property=\"og:image:width\" content=\"1160\" \/>\n\t<meta property=\"og:image:height\" content=\"630\" \/>\n\t<meta property=\"og:image:type\" content=\"image\/jpeg\" \/>\n<meta name=\"twitter:card\" content=\"summary_large_image\" \/>\n<meta name=\"twitter:label1\" content=\"Gesch\u00e4tzte Lesezeit\" \/>\n\t<meta name=\"twitter:data1\" content=\"1\u00a0Minute\" \/>\n<script type=\"application\/ld+json\" class=\"yoast-schema-graph\">{\"@context\":\"https:\/\/schema.org\",\"@graph\":[{\"@type\":\"WebPage\",\"@id\":\"https:\/\/www.ankarsrum.com\/de\/product\/recipe-book-europe\/\",\"url\":\"https:\/\/www.ankarsrum.com\/de\/product\/recipe-book-europe\/\",\"name\":\"Rezeptbuch Europe | Ankarsrum K\u00fcchenmaschine\",\"isPartOf\":{\"@id\":\"https:\/\/www.ankarsrum.com\/de\/#website\"},\"primaryImageOfPage\":{\"@id\":\"https:\/\/www.ankarsrum.com\/de\/product\/recipe-book-europe\/#primaryimage\"},\"image\":{\"@id\":\"https:\/\/www.ankarsrum.com\/de\/product\/recipe-book-europe\/#primaryimage\"},\"thumbnailUrl\":\"https:\/\/www.ankarsrum.com\/img-srv\/C7vvwJwoJ_-DbZYUcienyvIeyRjI6r_m4hQCf5wF3bk\/resizing_type:auto\/width:0\/height:0\/gravity:sm\/enlarge:1\/ext:webp\/strip_metadata:1\/quality:90\/cachebuster:filesize-239143\/bG9jYWw6Ly8vd3d3LmFua2Fyc3J1bS5jb20vd3AtY29udGVudC91cGxvYWRzL3NpdGVzLzE2LzIwMjUvMDMvcmVjaXBlLWJvb2stZXUuanBn.webp\",\"datePublished\":\"2024-07-16T13:21:51+00:00\",\"dateModified\":\"2026-05-08T05:21:17+00:00\",\"description\":\"Entdecken Sie das Ankarsrum Rezeptbuch Europe \u2013 mit 35 Rezepten f\u00fcr Brot, Kuchen, Dinner & Drinks. Ideal f\u00fcr Ihre K\u00fcchenmaschine.\",\"breadcrumb\":{\"@id\":\"https:\/\/www.ankarsrum.com\/de\/product\/recipe-book-europe\/#breadcrumb\"},\"inLanguage\":\"de\",\"potentialAction\":[{\"@type\":\"ReadAction\",\"target\":[\"https:\/\/www.ankarsrum.com\/de\/product\/recipe-book-europe\/\"]}]},{\"@type\":\"ImageObject\",\"inLanguage\":\"de\",\"@id\":\"https:\/\/www.ankarsrum.com\/de\/product\/recipe-book-europe\/#primaryimage\",\"url\":\"https:\/\/www.ankarsrum.com\/img-srv\/C7vvwJwoJ_-DbZYUcienyvIeyRjI6r_m4hQCf5wF3bk\/resizing_type:auto\/width:0\/height:0\/gravity:sm\/enlarge:1\/ext:webp\/strip_metadata:1\/quality:90\/cachebuster:filesize-239143\/bG9jYWw6Ly8vd3d3LmFua2Fyc3J1bS5jb20vd3AtY29udGVudC91cGxvYWRzL3NpdGVzLzE2LzIwMjUvMDMvcmVjaXBlLWJvb2stZXUuanBn.webp\",\"contentUrl\":\"https:\/\/www.ankarsrum.com\/img-srv\/C7vvwJwoJ_-DbZYUcienyvIeyRjI6r_m4hQCf5wF3bk\/resizing_type:auto\/width:0\/height:0\/gravity:sm\/enlarge:1\/ext:webp\/strip_metadata:1\/quality:90\/cachebuster:filesize-239143\/bG9jYWw6Ly8vd3d3LmFua2Fyc3J1bS5jb20vd3AtY29udGVudC91cGxvYWRzL3NpdGVzLzE2LzIwMjUvMDMvcmVjaXBlLWJvb2stZXUuanBn.webp\",\"width\":1160,\"height\":1453},{\"@type\":\"BreadcrumbList\",\"@id\":\"https:\/\/www.ankarsrum.com\/de\/product\/recipe-book-europe\/#breadcrumb\",\"itemListElement\":[{\"@type\":\"ListItem\",\"position\":1,\"name\":\"Home\",\"item\":\"https:\/\/www.ankarsrum.com\/de\/\"},{\"@type\":\"ListItem\",\"position\":2,\"name\":\"Produce name\",\"item\":\"https:\/\/www.ankarsrum.com\/de\/shop\/\"},{\"@type\":\"ListItem\",\"position\":3,\"name\":\"Recipe Book Europe\"}]},{\"@type\":\"WebSite\",\"@id\":\"https:\/\/www.ankarsrum.com\/de\/#website\",\"url\":\"https:\/\/www.ankarsrum.com\/de\/\",\"name\":\"Ankarsrum Germany\",\"description\":\"The bread of the world\",\"potentialAction\":[{\"@type\":\"SearchAction\",\"target\":{\"@type\":\"EntryPoint\",\"urlTemplate\":\"https:\/\/www.ankarsrum.com\/de\/?s={search_term_string}\"},\"query-input\":{\"@type\":\"PropertyValueSpecification\",\"valueRequired\":true,\"valueName\":\"search_term_string\"}}],\"inLanguage\":\"de\"}]}<\/script>\n<!-- \/ Yoast SEO Premium plugin. -->","yoast_head_json":{"title":"Rezeptbuch Europe | Ankarsrum K\u00fcchenmaschine","description":"Entdecken Sie das Ankarsrum Rezeptbuch Europe \u2013 mit 35 Rezepten f\u00fcr Brot, Kuchen, Dinner & Drinks. Ideal f\u00fcr Ihre K\u00fcchenmaschine.","robots":{"index":"index","follow":"follow","max-snippet":"max-snippet:-1","max-image-preview":"max-image-preview:large","max-video-preview":"max-video-preview:-1"},"canonical":"https:\/\/www.ankarsrum.com\/de\/product\/recipe-book-europe\/","og_locale":"de_DE","og_type":"article","og_title":"Recipe Book Europe","og_description":"Entdecken Sie das Ankarsrum Rezeptbuch Europe \u2013 mit 35 Rezepten f\u00fcr Brot, Kuchen, Dinner & Drinks. Ideal f\u00fcr Ihre K\u00fcchenmaschine.","og_url":"https:\/\/www.ankarsrum.com\/de\/product\/recipe-book-europe\/","og_site_name":"Ankarsrum Germany","article_modified_time":"2026-05-08T05:21:17+00:00","og_image":[{"width":1160,"height":630,"url":"https:\/\/www.ankarsrum.com\/de\/wp-content\/uploads\/sites\/16\/2025\/03\/recipe-book-eu.jpg","type":"image\/jpeg"}],"twitter_card":"summary_large_image","twitter_misc":{"Gesch\u00e4tzte Lesezeit":"1\u00a0Minute"},"schema":{"@context":"https:\/\/schema.org","@graph":[{"@type":"WebPage","@id":"https:\/\/www.ankarsrum.com\/de\/product\/recipe-book-europe\/","url":"https:\/\/www.ankarsrum.com\/de\/product\/recipe-book-europe\/","name":"Rezeptbuch Europe | Ankarsrum K\u00fcchenmaschine","isPartOf":{"@id":"https:\/\/www.ankarsrum.com\/de\/#website"},"primaryImageOfPage":{"@id":"https:\/\/www.ankarsrum.com\/de\/product\/recipe-book-europe\/#primaryimage"},"image":{"@id":"https:\/\/www.ankarsrum.com\/de\/product\/recipe-book-europe\/#primaryimage"},"thumbnailUrl":"https:\/\/www.ankarsrum.com\/img-srv\/C7vvwJwoJ_-DbZYUcienyvIeyRjI6r_m4hQCf5wF3bk\/resizing_type:auto\/width:0\/height:0\/gravity:sm\/enlarge:1\/ext:webp\/strip_metadata:1\/quality:90\/cachebuster:filesize-239143\/bG9jYWw6Ly8vd3d3LmFua2Fyc3J1bS5jb20vd3AtY29udGVudC91cGxvYWRzL3NpdGVzLzE2LzIwMjUvMDMvcmVjaXBlLWJvb2stZXUuanBn.webp","datePublished":"2024-07-16T13:21:51+00:00","dateModified":"2026-05-08T05:21:17+00:00","description":"Entdecken Sie das Ankarsrum Rezeptbuch Europe \u2013 mit 35 Rezepten f\u00fcr Brot, Kuchen, Dinner & Drinks. Ideal f\u00fcr Ihre K\u00fcchenmaschine.","breadcrumb":{"@id":"https:\/\/www.ankarsrum.com\/de\/product\/recipe-book-europe\/#breadcrumb"},"inLanguage":"de","potentialAction":[{"@type":"ReadAction","target":["https:\/\/www.ankarsrum.com\/de\/product\/recipe-book-europe\/"]}]},{"@type":"ImageObject","inLanguage":"de","@id":"https:\/\/www.ankarsrum.com\/de\/product\/recipe-book-europe\/#primaryimage","url":"https:\/\/www.ankarsrum.com\/img-srv\/C7vvwJwoJ_-DbZYUcienyvIeyRjI6r_m4hQCf5wF3bk\/resizing_type:auto\/width:0\/height:0\/gravity:sm\/enlarge:1\/ext:webp\/strip_metadata:1\/quality:90\/cachebuster:filesize-239143\/bG9jYWw6Ly8vd3d3LmFua2Fyc3J1bS5jb20vd3AtY29udGVudC91cGxvYWRzL3NpdGVzLzE2LzIwMjUvMDMvcmVjaXBlLWJvb2stZXUuanBn.webp","contentUrl":"https:\/\/www.ankarsrum.com\/img-srv\/C7vvwJwoJ_-DbZYUcienyvIeyRjI6r_m4hQCf5wF3bk\/resizing_type:auto\/width:0\/height:0\/gravity:sm\/enlarge:1\/ext:webp\/strip_metadata:1\/quality:90\/cachebuster:filesize-239143\/bG9jYWw6Ly8vd3d3LmFua2Fyc3J1bS5jb20vd3AtY29udGVudC91cGxvYWRzL3NpdGVzLzE2LzIwMjUvMDMvcmVjaXBlLWJvb2stZXUuanBn.webp","width":1160,"height":1453},{"@type":"BreadcrumbList","@id":"https:\/\/www.ankarsrum.com\/de\/product\/recipe-book-europe\/#breadcrumb","itemListElement":[{"@type":"ListItem","position":1,"name":"Home","item":"https:\/\/www.ankarsrum.com\/de\/"},{"@type":"ListItem","position":2,"name":"Produce name","item":"https:\/\/www.ankarsrum.com\/de\/shop\/"},{"@type":"ListItem","position":3,"name":"Recipe Book Europe"}]},{"@type":"WebSite","@id":"https:\/\/www.ankarsrum.com\/de\/#website","url":"https:\/\/www.ankarsrum.com\/de\/","name":"Ankarsrum Germany","description":"The bread of the world","potentialAction":[{"@type":"SearchAction","target":{"@type":"EntryPoint","urlTemplate":"https:\/\/www.ankarsrum.com\/de\/?s={search_term_string}"},"query-input":{"@type":"PropertyValueSpecification","valueRequired":true,"valueName":"search_term_string"}}],"inLanguage":"de"}]}},"_links":{"self":[{"href":"https:\/\/www.ankarsrum.com\/de\/wp-json\/wp\/v2\/product\/11836","targetHints":{"allow":["GET"]}}],"collection":[{"href":"https:\/\/www.ankarsrum.com\/de\/wp-json\/wp\/v2\/product"}],"about":[{"href":"https:\/\/www.ankarsrum.com\/de\/wp-json\/wp\/v2\/types\/product"}],"replies":[{"embeddable":true,"href":"https:\/\/www.ankarsrum.com\/de\/wp-json\/wp\/v2\/comments?post=11836"}],"wp:featuredmedia":[{"embeddable":true,"href":"https:\/\/www.ankarsrum.com\/de\/wp-json\/wp\/v2\/media\/11362"}],"wp:attachment":[{"href":"https:\/\/www.ankarsrum.com\/de\/wp-json\/wp\/v2\/media?parent=11836"}],"wp:term":[{"taxonomy":"product_brand","embeddable":true,"href":"https:\/\/www.ankarsrum.com\/de\/wp-json\/wp\/v2\/product_brand?post=11836"},{"taxonomy":"product_cat","embeddable":true,"href":"https:\/\/www.ankarsrum.com\/de\/wp-json\/wp\/v2\/product_cat?post=11836"},{"taxonomy":"product_tag","embeddable":true,"href":"https:\/\/www.ankarsrum.com\/de\/wp-json\/wp\/v2\/product_tag?post=11836"},{"taxonomy":"product-tag","embeddable":true,"href":"https:\/\/www.ankarsrum.com\/de\/wp-json\/wp\/v2\/product-tag?post=11836"},{"taxonomy":"machines","embeddable":true,"href":"https:\/\/www.ankarsrum.com\/de\/wp-json\/wp\/v2\/machines?post=11836"},{"taxonomy":"filter","embeddable":true,"href":"https:\/\/www.ankarsrum.com\/de\/wp-json\/wp\/v2\/filter?post=11836"}],"curies":[{"name":"wp","href":"https:\/\/api.w.org\/{rel}","templated":true}]}}