{"id":12893,"date":"2025-06-27T14:34:14","date_gmt":"2025-06-27T12:34:14","guid":{"rendered":"https:\/\/www.ankarsrum.com\/de\/product\/deluxe-paket\/"},"modified":"2026-04-15T05:26:28","modified_gmt":"2026-04-15T03:26:28","slug":"deluxe-paket","status":"publish","type":"product","link":"https:\/\/www.ankarsrum.com\/de\/product\/deluxe-paket\/","title":{"rendered":"DeLuxe-Paket"},"content":{"rendered":"<p>Einen Fleischwolf in der K\u00fcche einzusetzen bedeutet, dass Sie sich beim Kochen auf ein v\u00f6llig neues Niveau begeben. Und das gilt, ganz gleich ob Sie lieber Fleisch oder Fisch essen. Sie k\u00f6nnen ihn f\u00fcr die Zubereitung von Fischfarce ebensogut verwenden wie zum Durchdrehen von Hackfleisch! Drei verschiedene Wurstf\u00fcllaufs\u00e4tze kommen zum Einsatz bei Hot Dogs, N\u00fcrnbergern oder Bratw\u00fcrsten sowie Salsiccia. Selbst Fischbratwurst gelingt!<\/p>\n<p>Mit dem Spritzgeb\u00e4ckvorsatz k\u00f6nnen Sie Kekse in 4 verschiedenen Formen herstellen.<\/p>\n<p>Garantiert mehr Obst und Gem\u00fcse! Im DeLuxe-Paket befindet sich eine Zitruspresse sowie der Mixaufsatz. Mit dem Passieraufsatz k\u00f6nnen Sie Obst und Gem\u00fcse wie \u00c4pfel und Tomaten passieren oder ihn zur Herstellung von P\u00fcree aus Kartoffeln.<\/p>","protected":false},"excerpt":{"rendered":"<p>Dies ist die L\u00f6sung f\u00fcr alle, die s\u00e4mtliche Funktionen der Ankarsrum Assistent voll aussch\u00f6pfen wollen, wie mixen, zerkleinern, raspeln, passieren und vieles mehr.<\/p>\n<p>Das Deluxe-Paket enth\u00e4lt einen Fleischwolf mit Spritzschutz, Tablett und Stopfer, 3 Wurstf\u00fcllaufs\u00e4tze 10 \/ 20 \/ 25 mm, 3 Lochscheiben 2,5\/4,5\/6\/8 mm, einen Passiervorsatz, einen Reibevorsatz, einen Spritzgeb\u00e4ckvorsatz, einen Mixeraufsatz sowie eine Zitruspresse.<\/p>\n","protected":false},"featured_media":11722,"comment_status":"open","ping_status":"closed","template":"","meta":{"_acf_changed":false,"content-type":"","editor_notices":[]},"product_brand":[],"product_cat":[373],"product_tag":[],"product-tag":[],"machines":[],"filter":[],"class_list":{"0":"post-12893","1":"product","2":"type-product","3":"status-publish","4":"has-post-thumbnail","6":"product_cat-ankarsrum-zubehor","8":"first","9":"instock","10":"taxable","11":"shipping-taxable","12":"product-type-simple"},"acf":[],"yoast_head":"<!-- This site is optimized with the Yoast SEO Premium plugin v26.6 (Yoast SEO v26.6) - https:\/\/yoast.com\/wordpress\/plugins\/seo\/ -->\n<title>DeLuxe-Paket - Ankarsrum Germany<\/title>\n<meta name=\"robots\" content=\"index, follow, max-snippet:-1, max-image-preview:large, max-video-preview:-1\" \/>\n<link rel=\"canonical\" href=\"https:\/\/www.ankarsrum.com\/de\/product\/deluxe-paket\/\" \/>\n<meta property=\"og:locale\" content=\"de_DE\" \/>\n<meta property=\"og:type\" content=\"article\" \/>\n<meta property=\"og:title\" content=\"DeLuxe-Paket\" \/>\n<meta property=\"og:description\" content=\"Dies ist die L\u00f6sung f\u00fcr alle, die s\u00e4mtliche Funktionen der Ankarsrum Assistent voll aussch\u00f6pfen wollen, wie mixen, zerkleinern, raspeln, passieren und vieles mehr. Das Deluxe-Paket enth\u00e4lt einen Fleischwolf mit Spritzschutz, Tablett und Stopfer, 3 Wurstf\u00fcllaufs\u00e4tze 10 \/ 20 \/ 25 mm, 3 Lochscheiben 2,5\/4,5\/6\/8 mm, einen Passiervorsatz, einen Reibevorsatz, einen Spritzgeb\u00e4ckvorsatz, einen Mixeraufsatz sowie eine Zitruspresse.\" \/>\n<meta property=\"og:url\" content=\"https:\/\/www.ankarsrum.com\/de\/product\/deluxe-paket\/\" \/>\n<meta property=\"og:site_name\" content=\"Ankarsrum Germany\" \/>\n<meta property=\"article:modified_time\" content=\"2026-04-15T03:26:28+00:00\" \/>\n<meta property=\"og:image\" content=\"https:\/\/www.ankarsrum.com\/de\/wp-content\/uploads\/sites\/16\/2025\/08\/deluxe-package-920900085.png\" \/>\n\t<meta property=\"og:image:width\" content=\"1080\" \/>\n\t<meta property=\"og:image:height\" content=\"630\" \/>\n\t<meta property=\"og:image:type\" content=\"image\/png\" \/>\n<meta name=\"twitter:card\" content=\"summary_large_image\" \/>\n<meta name=\"twitter:label1\" content=\"Gesch\u00e4tzte Lesezeit\" \/>\n\t<meta name=\"twitter:data1\" content=\"1\u00a0Minute\" \/>\n<script type=\"application\/ld+json\" class=\"yoast-schema-graph\">{\"@context\":\"https:\/\/schema.org\",\"@graph\":[{\"@type\":\"WebPage\",\"@id\":\"https:\/\/www.ankarsrum.com\/de\/product\/deluxe-paket\/\",\"url\":\"https:\/\/www.ankarsrum.com\/de\/product\/deluxe-paket\/\",\"name\":\"DeLuxe-Paket - Ankarsrum Germany\",\"isPartOf\":{\"@id\":\"https:\/\/www.ankarsrum.com\/de\/#website\"},\"primaryImageOfPage\":{\"@id\":\"https:\/\/www.ankarsrum.com\/de\/product\/deluxe-paket\/#primaryimage\"},\"image\":{\"@id\":\"https:\/\/www.ankarsrum.com\/de\/product\/deluxe-paket\/#primaryimage\"},\"thumbnailUrl\":\"https:\/\/www.ankarsrum.com\/img-srv\/cjkkDDm4o9IRfgLigd8enw3b-33t0ObniCcl1a2zQD4\/resizing_type:auto\/width:0\/height:0\/gravity:sm\/enlarge:1\/ext:webp\/strip_metadata:1\/quality:90\/cachebuster:filesize-244783\/bG9jYWw6Ly8vd3d3LmFua2Fyc3J1bS5jb20vd3AtY29udGVudC91cGxvYWRzL3NpdGVzLzE2LzIwMjUvMDgvZGVsdXhlLXBhY2thZ2UtOTIwOTAwMDg1LnBuZw.webp\",\"datePublished\":\"2025-06-27T12:34:14+00:00\",\"dateModified\":\"2026-04-15T03:26:28+00:00\",\"breadcrumb\":{\"@id\":\"https:\/\/www.ankarsrum.com\/de\/product\/deluxe-paket\/#breadcrumb\"},\"inLanguage\":\"de\",\"potentialAction\":[{\"@type\":\"ReadAction\",\"target\":[\"https:\/\/www.ankarsrum.com\/de\/product\/deluxe-paket\/\"]}]},{\"@type\":\"ImageObject\",\"inLanguage\":\"de\",\"@id\":\"https:\/\/www.ankarsrum.com\/de\/product\/deluxe-paket\/#primaryimage\",\"url\":\"https:\/\/www.ankarsrum.com\/img-srv\/cjkkDDm4o9IRfgLigd8enw3b-33t0ObniCcl1a2zQD4\/resizing_type:auto\/width:0\/height:0\/gravity:sm\/enlarge:1\/ext:webp\/strip_metadata:1\/quality:90\/cachebuster:filesize-244783\/bG9jYWw6Ly8vd3d3LmFua2Fyc3J1bS5jb20vd3AtY29udGVudC91cGxvYWRzL3NpdGVzLzE2LzIwMjUvMDgvZGVsdXhlLXBhY2thZ2UtOTIwOTAwMDg1LnBuZw.webp\",\"contentUrl\":\"https:\/\/www.ankarsrum.com\/img-srv\/cjkkDDm4o9IRfgLigd8enw3b-33t0ObniCcl1a2zQD4\/resizing_type:auto\/width:0\/height:0\/gravity:sm\/enlarge:1\/ext:webp\/strip_metadata:1\/quality:90\/cachebuster:filesize-244783\/bG9jYWw6Ly8vd3d3LmFua2Fyc3J1bS5jb20vd3AtY29udGVudC91cGxvYWRzL3NpdGVzLzE2LzIwMjUvMDgvZGVsdXhlLXBhY2thZ2UtOTIwOTAwMDg1LnBuZw.webp\",\"width\":1080,\"height\":1080},{\"@type\":\"BreadcrumbList\",\"@id\":\"https:\/\/www.ankarsrum.com\/de\/product\/deluxe-paket\/#breadcrumb\",\"itemListElement\":[{\"@type\":\"ListItem\",\"position\":1,\"name\":\"Home\",\"item\":\"https:\/\/www.ankarsrum.com\/de\/\"},{\"@type\":\"ListItem\",\"position\":2,\"name\":\"Produce name\",\"item\":\"https:\/\/www.ankarsrum.com\/de\/shop\/\"},{\"@type\":\"ListItem\",\"position\":3,\"name\":\"DeLuxe-Paket\"}]},{\"@type\":\"WebSite\",\"@id\":\"https:\/\/www.ankarsrum.com\/de\/#website\",\"url\":\"https:\/\/www.ankarsrum.com\/de\/\",\"name\":\"Ankarsrum Germany\",\"description\":\"The bread of the world\",\"potentialAction\":[{\"@type\":\"SearchAction\",\"target\":{\"@type\":\"EntryPoint\",\"urlTemplate\":\"https:\/\/www.ankarsrum.com\/de\/?s={search_term_string}\"},\"query-input\":{\"@type\":\"PropertyValueSpecification\",\"valueRequired\":true,\"valueName\":\"search_term_string\"}}],\"inLanguage\":\"de\"}]}<\/script>\n<!-- \/ Yoast SEO Premium plugin. -->","yoast_head_json":{"title":"DeLuxe-Paket - Ankarsrum Germany","robots":{"index":"index","follow":"follow","max-snippet":"max-snippet:-1","max-image-preview":"max-image-preview:large","max-video-preview":"max-video-preview:-1"},"canonical":"https:\/\/www.ankarsrum.com\/de\/product\/deluxe-paket\/","og_locale":"de_DE","og_type":"article","og_title":"DeLuxe-Paket","og_description":"Dies ist die L\u00f6sung f\u00fcr alle, die s\u00e4mtliche Funktionen der Ankarsrum Assistent voll aussch\u00f6pfen wollen, wie mixen, zerkleinern, raspeln, passieren und vieles mehr. Das Deluxe-Paket enth\u00e4lt einen Fleischwolf mit Spritzschutz, Tablett und Stopfer, 3 Wurstf\u00fcllaufs\u00e4tze 10 \/ 20 \/ 25 mm, 3 Lochscheiben 2,5\/4,5\/6\/8 mm, einen Passiervorsatz, einen Reibevorsatz, einen Spritzgeb\u00e4ckvorsatz, einen Mixeraufsatz sowie eine Zitruspresse.","og_url":"https:\/\/www.ankarsrum.com\/de\/product\/deluxe-paket\/","og_site_name":"Ankarsrum Germany","article_modified_time":"2026-04-15T03:26:28+00:00","og_image":[{"width":1080,"height":630,"url":"https:\/\/www.ankarsrum.com\/de\/wp-content\/uploads\/sites\/16\/2025\/08\/deluxe-package-920900085.png","type":"image\/png"}],"twitter_card":"summary_large_image","twitter_misc":{"Gesch\u00e4tzte Lesezeit":"1\u00a0Minute"},"schema":{"@context":"https:\/\/schema.org","@graph":[{"@type":"WebPage","@id":"https:\/\/www.ankarsrum.com\/de\/product\/deluxe-paket\/","url":"https:\/\/www.ankarsrum.com\/de\/product\/deluxe-paket\/","name":"DeLuxe-Paket - Ankarsrum Germany","isPartOf":{"@id":"https:\/\/www.ankarsrum.com\/de\/#website"},"primaryImageOfPage":{"@id":"https:\/\/www.ankarsrum.com\/de\/product\/deluxe-paket\/#primaryimage"},"image":{"@id":"https:\/\/www.ankarsrum.com\/de\/product\/deluxe-paket\/#primaryimage"},"thumbnailUrl":"https:\/\/www.ankarsrum.com\/img-srv\/cjkkDDm4o9IRfgLigd8enw3b-33t0ObniCcl1a2zQD4\/resizing_type:auto\/width:0\/height:0\/gravity:sm\/enlarge:1\/ext:webp\/strip_metadata:1\/quality:90\/cachebuster:filesize-244783\/bG9jYWw6Ly8vd3d3LmFua2Fyc3J1bS5jb20vd3AtY29udGVudC91cGxvYWRzL3NpdGVzLzE2LzIwMjUvMDgvZGVsdXhlLXBhY2thZ2UtOTIwOTAwMDg1LnBuZw.webp","datePublished":"2025-06-27T12:34:14+00:00","dateModified":"2026-04-15T03:26:28+00:00","breadcrumb":{"@id":"https:\/\/www.ankarsrum.com\/de\/product\/deluxe-paket\/#breadcrumb"},"inLanguage":"de","potentialAction":[{"@type":"ReadAction","target":["https:\/\/www.ankarsrum.com\/de\/product\/deluxe-paket\/"]}]},{"@type":"ImageObject","inLanguage":"de","@id":"https:\/\/www.ankarsrum.com\/de\/product\/deluxe-paket\/#primaryimage","url":"https:\/\/www.ankarsrum.com\/img-srv\/cjkkDDm4o9IRfgLigd8enw3b-33t0ObniCcl1a2zQD4\/resizing_type:auto\/width:0\/height:0\/gravity:sm\/enlarge:1\/ext:webp\/strip_metadata:1\/quality:90\/cachebuster:filesize-244783\/bG9jYWw6Ly8vd3d3LmFua2Fyc3J1bS5jb20vd3AtY29udGVudC91cGxvYWRzL3NpdGVzLzE2LzIwMjUvMDgvZGVsdXhlLXBhY2thZ2UtOTIwOTAwMDg1LnBuZw.webp","contentUrl":"https:\/\/www.ankarsrum.com\/img-srv\/cjkkDDm4o9IRfgLigd8enw3b-33t0ObniCcl1a2zQD4\/resizing_type:auto\/width:0\/height:0\/gravity:sm\/enlarge:1\/ext:webp\/strip_metadata:1\/quality:90\/cachebuster:filesize-244783\/bG9jYWw6Ly8vd3d3LmFua2Fyc3J1bS5jb20vd3AtY29udGVudC91cGxvYWRzL3NpdGVzLzE2LzIwMjUvMDgvZGVsdXhlLXBhY2thZ2UtOTIwOTAwMDg1LnBuZw.webp","width":1080,"height":1080},{"@type":"BreadcrumbList","@id":"https:\/\/www.ankarsrum.com\/de\/product\/deluxe-paket\/#breadcrumb","itemListElement":[{"@type":"ListItem","position":1,"name":"Home","item":"https:\/\/www.ankarsrum.com\/de\/"},{"@type":"ListItem","position":2,"name":"Produce name","item":"https:\/\/www.ankarsrum.com\/de\/shop\/"},{"@type":"ListItem","position":3,"name":"DeLuxe-Paket"}]},{"@type":"WebSite","@id":"https:\/\/www.ankarsrum.com\/de\/#website","url":"https:\/\/www.ankarsrum.com\/de\/","name":"Ankarsrum Germany","description":"The bread of the world","potentialAction":[{"@type":"SearchAction","target":{"@type":"EntryPoint","urlTemplate":"https:\/\/www.ankarsrum.com\/de\/?s={search_term_string}"},"query-input":{"@type":"PropertyValueSpecification","valueRequired":true,"valueName":"search_term_string"}}],"inLanguage":"de"}]}},"_links":{"self":[{"href":"https:\/\/www.ankarsrum.com\/de\/wp-json\/wp\/v2\/product\/12893","targetHints":{"allow":["GET"]}}],"collection":[{"href":"https:\/\/www.ankarsrum.com\/de\/wp-json\/wp\/v2\/product"}],"about":[{"href":"https:\/\/www.ankarsrum.com\/de\/wp-json\/wp\/v2\/types\/product"}],"replies":[{"embeddable":true,"href":"https:\/\/www.ankarsrum.com\/de\/wp-json\/wp\/v2\/comments?post=12893"}],"wp:featuredmedia":[{"embeddable":true,"href":"https:\/\/www.ankarsrum.com\/de\/wp-json\/wp\/v2\/media\/11722"}],"wp:attachment":[{"href":"https:\/\/www.ankarsrum.com\/de\/wp-json\/wp\/v2\/media?parent=12893"}],"wp:term":[{"taxonomy":"product_brand","embeddable":true,"href":"https:\/\/www.ankarsrum.com\/de\/wp-json\/wp\/v2\/product_brand?post=12893"},{"taxonomy":"product_cat","embeddable":true,"href":"https:\/\/www.ankarsrum.com\/de\/wp-json\/wp\/v2\/product_cat?post=12893"},{"taxonomy":"product_tag","embeddable":true,"href":"https:\/\/www.ankarsrum.com\/de\/wp-json\/wp\/v2\/product_tag?post=12893"},{"taxonomy":"product-tag","embeddable":true,"href":"https:\/\/www.ankarsrum.com\/de\/wp-json\/wp\/v2\/product-tag?post=12893"},{"taxonomy":"machines","embeddable":true,"href":"https:\/\/www.ankarsrum.com\/de\/wp-json\/wp\/v2\/machines?post=12893"},{"taxonomy":"filter","embeddable":true,"href":"https:\/\/www.ankarsrum.com\/de\/wp-json\/wp\/v2\/filter?post=12893"}],"curies":[{"name":"wp","href":"https:\/\/api.w.org\/{rel}","templated":true}]}}