{"id":4776,"date":"2024-07-10T16:21:58","date_gmt":"2024-07-10T14:21:58","guid":{"rendered":"https:\/\/www.ankarsrum.com\/de\/product\/ruehrwalze\/"},"modified":"2026-05-08T07:20:52","modified_gmt":"2026-05-08T05:20:52","slug":"ruehrwalze","status":"publish","type":"product","link":"https:\/\/www.ankarsrum.com\/de\/product\/ruehrwalze\/","title":{"rendered":"R\u00fchrwalze"},"content":{"rendered":"<p>\u2022 Wenn Sie mit der R\u00fchrwalze arbeiten, setzen Sie auch den Teigabstreifer ein, damit der Teig in die Mitte der Sch\u00fcssel gelenkt wird.<br \/>\u2022 Die R\u00fchrwalze passt auf Modelle der Assistent N6\u2013N30.<\/p>\n<p>R\u00fchrwalze oder Knethaken? Das ist im Grunde eine Frage der Vorliebe, bei schweren Teigen hat der Knethaken aber Vorteile. Die R\u00fchrwalze war von Anfang an dabei, der Knethaken kam dann im Zusammenhang mit der Markteinf\u00fchrung der Assistent in den USA als Basiszubeh\u00f6r mit dazu.<\/p>","protected":false},"excerpt":{"rendered":"<p>Die R\u00fchrwalze ist mit ihrer Knettechnik einmalig. Ein echtes Ankarsrum-Kultobjekt seit Erfindung der Assistent.<\/p>\n","protected":false},"featured_media":10445,"comment_status":"open","ping_status":"closed","template":"","meta":{"_acf_changed":false,"content-type":"","editor_notices":[]},"product_brand":[],"product_cat":[370],"product_tag":[],"product-tag":[],"machines":[],"filter":[],"class_list":{"0":"post-4776","1":"product","2":"type-product","3":"status-publish","4":"has-post-thumbnail","6":"product_cat-replacement-parts","8":"first","9":"instock","10":"taxable","11":"shipping-taxable","12":"product-type-simple"},"acf":[],"yoast_head":"<!-- This site is optimized with the Yoast SEO Premium plugin v26.6 (Yoast SEO v26.6) - https:\/\/yoast.com\/wordpress\/plugins\/seo\/ -->\n<title>R\u00fchrwalze | Ankarsrum K\u00fcchenmaschine Zubeh\u00f6r<\/title>\n<meta name=\"description\" content=\"Original R\u00fchrwalze f\u00fcr Ihre Ankarsrum K\u00fcchenmaschine \u2013 ideal f\u00fcr Brotteige, glutenfreies Backen und vielseitige Anwendungen.\" \/>\n<meta name=\"robots\" content=\"index, follow, max-snippet:-1, max-image-preview:large, max-video-preview:-1\" \/>\n<link rel=\"canonical\" href=\"https:\/\/www.ankarsrum.com\/de\/product\/ruehrwalze\/\" \/>\n<meta property=\"og:locale\" content=\"de_DE\" \/>\n<meta property=\"og:type\" content=\"article\" \/>\n<meta property=\"og:title\" content=\"R\u00fchrwalze\" \/>\n<meta property=\"og:description\" content=\"Original R\u00fchrwalze f\u00fcr Ihre Ankarsrum K\u00fcchenmaschine \u2013 ideal f\u00fcr Brotteige, glutenfreies Backen und vielseitige Anwendungen.\" \/>\n<meta property=\"og:url\" content=\"https:\/\/www.ankarsrum.com\/de\/product\/ruehrwalze\/\" \/>\n<meta property=\"og:site_name\" content=\"Ankarsrum Germany\" \/>\n<meta property=\"article:modified_time\" content=\"2026-05-08T05:20:52+00:00\" \/>\n<meta property=\"og:image\" content=\"https:\/\/www.ankarsrum.com\/de\/wp-content\/uploads\/sites\/16\/2024\/09\/dough-roller-920900018.jpg\" \/>\n\t<meta property=\"og:image:width\" content=\"1200\" \/>\n\t<meta property=\"og:image:height\" content=\"630\" \/>\n\t<meta property=\"og:image:type\" content=\"image\/jpeg\" \/>\n<meta name=\"twitter:card\" content=\"summary_large_image\" \/>\n<meta name=\"twitter:label1\" content=\"Gesch\u00e4tzte Lesezeit\" \/>\n\t<meta name=\"twitter:data1\" content=\"1\u00a0Minute\" \/>\n<script type=\"application\/ld+json\" class=\"yoast-schema-graph\">{\"@context\":\"https:\/\/schema.org\",\"@graph\":[{\"@type\":\"WebPage\",\"@id\":\"https:\/\/www.ankarsrum.com\/de\/product\/ruehrwalze\/\",\"url\":\"https:\/\/www.ankarsrum.com\/de\/product\/ruehrwalze\/\",\"name\":\"R\u00fchrwalze | Ankarsrum K\u00fcchenmaschine Zubeh\u00f6r\",\"isPartOf\":{\"@id\":\"https:\/\/www.ankarsrum.com\/de\/#website\"},\"primaryImageOfPage\":{\"@id\":\"https:\/\/www.ankarsrum.com\/de\/product\/ruehrwalze\/#primaryimage\"},\"image\":{\"@id\":\"https:\/\/www.ankarsrum.com\/de\/product\/ruehrwalze\/#primaryimage\"},\"thumbnailUrl\":\"https:\/\/www.ankarsrum.com\/img-srv\/WOMsOXhfs8RPy-nFK3ey1pF5bP4mWwQJMHQq-xONxEQ\/resizing_type:auto\/width:0\/height:0\/gravity:sm\/enlarge:1\/ext:webp\/strip_metadata:1\/quality:90\/cachebuster:filesize-78114\/bG9jYWw6Ly8vd3d3LmFua2Fyc3J1bS5jb20vd3AtY29udGVudC91cGxvYWRzL3NpdGVzLzE2LzIwMjQvMDkvZG91Z2gtcm9sbGVyLTkyMDkwMDAxOC5qcGc.webp\",\"datePublished\":\"2024-07-10T14:21:58+00:00\",\"dateModified\":\"2026-05-08T05:20:52+00:00\",\"description\":\"Original R\u00fchrwalze f\u00fcr Ihre Ankarsrum K\u00fcchenmaschine \u2013 ideal f\u00fcr Brotteige, glutenfreies Backen und vielseitige Anwendungen.\",\"breadcrumb\":{\"@id\":\"https:\/\/www.ankarsrum.com\/de\/product\/ruehrwalze\/#breadcrumb\"},\"inLanguage\":\"de\",\"potentialAction\":[{\"@type\":\"ReadAction\",\"target\":[\"https:\/\/www.ankarsrum.com\/de\/product\/ruehrwalze\/\"]}]},{\"@type\":\"ImageObject\",\"inLanguage\":\"de\",\"@id\":\"https:\/\/www.ankarsrum.com\/de\/product\/ruehrwalze\/#primaryimage\",\"url\":\"https:\/\/www.ankarsrum.com\/img-srv\/WOMsOXhfs8RPy-nFK3ey1pF5bP4mWwQJMHQq-xONxEQ\/resizing_type:auto\/width:0\/height:0\/gravity:sm\/enlarge:1\/ext:webp\/strip_metadata:1\/quality:90\/cachebuster:filesize-78114\/bG9jYWw6Ly8vd3d3LmFua2Fyc3J1bS5jb20vd3AtY29udGVudC91cGxvYWRzL3NpdGVzLzE2LzIwMjQvMDkvZG91Z2gtcm9sbGVyLTkyMDkwMDAxOC5qcGc.webp\",\"contentUrl\":\"https:\/\/www.ankarsrum.com\/img-srv\/WOMsOXhfs8RPy-nFK3ey1pF5bP4mWwQJMHQq-xONxEQ\/resizing_type:auto\/width:0\/height:0\/gravity:sm\/enlarge:1\/ext:webp\/strip_metadata:1\/quality:90\/cachebuster:filesize-78114\/bG9jYWw6Ly8vd3d3LmFua2Fyc3J1bS5jb20vd3AtY29udGVudC91cGxvYWRzL3NpdGVzLzE2LzIwMjQvMDkvZG91Z2gtcm9sbGVyLTkyMDkwMDAxOC5qcGc.webp\",\"width\":1835,\"height\":1835},{\"@type\":\"BreadcrumbList\",\"@id\":\"https:\/\/www.ankarsrum.com\/de\/product\/ruehrwalze\/#breadcrumb\",\"itemListElement\":[{\"@type\":\"ListItem\",\"position\":1,\"name\":\"Home\",\"item\":\"https:\/\/www.ankarsrum.com\/de\/\"},{\"@type\":\"ListItem\",\"position\":2,\"name\":\"Produce name\",\"item\":\"https:\/\/www.ankarsrum.com\/de\/shop\/\"},{\"@type\":\"ListItem\",\"position\":3,\"name\":\"R\u00fchrwalze\"}]},{\"@type\":\"WebSite\",\"@id\":\"https:\/\/www.ankarsrum.com\/de\/#website\",\"url\":\"https:\/\/www.ankarsrum.com\/de\/\",\"name\":\"Ankarsrum Germany\",\"description\":\"The bread of the world\",\"potentialAction\":[{\"@type\":\"SearchAction\",\"target\":{\"@type\":\"EntryPoint\",\"urlTemplate\":\"https:\/\/www.ankarsrum.com\/de\/?s={search_term_string}\"},\"query-input\":{\"@type\":\"PropertyValueSpecification\",\"valueRequired\":true,\"valueName\":\"search_term_string\"}}],\"inLanguage\":\"de\"}]}<\/script>\n<!-- \/ Yoast SEO Premium plugin. -->","yoast_head_json":{"title":"R\u00fchrwalze | Ankarsrum K\u00fcchenmaschine Zubeh\u00f6r","description":"Original R\u00fchrwalze f\u00fcr Ihre Ankarsrum K\u00fcchenmaschine \u2013 ideal f\u00fcr Brotteige, glutenfreies Backen und vielseitige Anwendungen.","robots":{"index":"index","follow":"follow","max-snippet":"max-snippet:-1","max-image-preview":"max-image-preview:large","max-video-preview":"max-video-preview:-1"},"canonical":"https:\/\/www.ankarsrum.com\/de\/product\/ruehrwalze\/","og_locale":"de_DE","og_type":"article","og_title":"R\u00fchrwalze","og_description":"Original R\u00fchrwalze f\u00fcr Ihre Ankarsrum K\u00fcchenmaschine \u2013 ideal f\u00fcr Brotteige, glutenfreies Backen und vielseitige Anwendungen.","og_url":"https:\/\/www.ankarsrum.com\/de\/product\/ruehrwalze\/","og_site_name":"Ankarsrum Germany","article_modified_time":"2026-05-08T05:20:52+00:00","og_image":[{"width":1200,"height":630,"url":"https:\/\/www.ankarsrum.com\/de\/wp-content\/uploads\/sites\/16\/2024\/09\/dough-roller-920900018.jpg","type":"image\/jpeg"}],"twitter_card":"summary_large_image","twitter_misc":{"Gesch\u00e4tzte Lesezeit":"1\u00a0Minute"},"schema":{"@context":"https:\/\/schema.org","@graph":[{"@type":"WebPage","@id":"https:\/\/www.ankarsrum.com\/de\/product\/ruehrwalze\/","url":"https:\/\/www.ankarsrum.com\/de\/product\/ruehrwalze\/","name":"R\u00fchrwalze | Ankarsrum K\u00fcchenmaschine Zubeh\u00f6r","isPartOf":{"@id":"https:\/\/www.ankarsrum.com\/de\/#website"},"primaryImageOfPage":{"@id":"https:\/\/www.ankarsrum.com\/de\/product\/ruehrwalze\/#primaryimage"},"image":{"@id":"https:\/\/www.ankarsrum.com\/de\/product\/ruehrwalze\/#primaryimage"},"thumbnailUrl":"https:\/\/www.ankarsrum.com\/img-srv\/WOMsOXhfs8RPy-nFK3ey1pF5bP4mWwQJMHQq-xONxEQ\/resizing_type:auto\/width:0\/height:0\/gravity:sm\/enlarge:1\/ext:webp\/strip_metadata:1\/quality:90\/cachebuster:filesize-78114\/bG9jYWw6Ly8vd3d3LmFua2Fyc3J1bS5jb20vd3AtY29udGVudC91cGxvYWRzL3NpdGVzLzE2LzIwMjQvMDkvZG91Z2gtcm9sbGVyLTkyMDkwMDAxOC5qcGc.webp","datePublished":"2024-07-10T14:21:58+00:00","dateModified":"2026-05-08T05:20:52+00:00","description":"Original R\u00fchrwalze f\u00fcr Ihre Ankarsrum K\u00fcchenmaschine \u2013 ideal f\u00fcr Brotteige, glutenfreies Backen und vielseitige Anwendungen.","breadcrumb":{"@id":"https:\/\/www.ankarsrum.com\/de\/product\/ruehrwalze\/#breadcrumb"},"inLanguage":"de","potentialAction":[{"@type":"ReadAction","target":["https:\/\/www.ankarsrum.com\/de\/product\/ruehrwalze\/"]}]},{"@type":"ImageObject","inLanguage":"de","@id":"https:\/\/www.ankarsrum.com\/de\/product\/ruehrwalze\/#primaryimage","url":"https:\/\/www.ankarsrum.com\/img-srv\/WOMsOXhfs8RPy-nFK3ey1pF5bP4mWwQJMHQq-xONxEQ\/resizing_type:auto\/width:0\/height:0\/gravity:sm\/enlarge:1\/ext:webp\/strip_metadata:1\/quality:90\/cachebuster:filesize-78114\/bG9jYWw6Ly8vd3d3LmFua2Fyc3J1bS5jb20vd3AtY29udGVudC91cGxvYWRzL3NpdGVzLzE2LzIwMjQvMDkvZG91Z2gtcm9sbGVyLTkyMDkwMDAxOC5qcGc.webp","contentUrl":"https:\/\/www.ankarsrum.com\/img-srv\/WOMsOXhfs8RPy-nFK3ey1pF5bP4mWwQJMHQq-xONxEQ\/resizing_type:auto\/width:0\/height:0\/gravity:sm\/enlarge:1\/ext:webp\/strip_metadata:1\/quality:90\/cachebuster:filesize-78114\/bG9jYWw6Ly8vd3d3LmFua2Fyc3J1bS5jb20vd3AtY29udGVudC91cGxvYWRzL3NpdGVzLzE2LzIwMjQvMDkvZG91Z2gtcm9sbGVyLTkyMDkwMDAxOC5qcGc.webp","width":1835,"height":1835},{"@type":"BreadcrumbList","@id":"https:\/\/www.ankarsrum.com\/de\/product\/ruehrwalze\/#breadcrumb","itemListElement":[{"@type":"ListItem","position":1,"name":"Home","item":"https:\/\/www.ankarsrum.com\/de\/"},{"@type":"ListItem","position":2,"name":"Produce name","item":"https:\/\/www.ankarsrum.com\/de\/shop\/"},{"@type":"ListItem","position":3,"name":"R\u00fchrwalze"}]},{"@type":"WebSite","@id":"https:\/\/www.ankarsrum.com\/de\/#website","url":"https:\/\/www.ankarsrum.com\/de\/","name":"Ankarsrum Germany","description":"The bread of the world","potentialAction":[{"@type":"SearchAction","target":{"@type":"EntryPoint","urlTemplate":"https:\/\/www.ankarsrum.com\/de\/?s={search_term_string}"},"query-input":{"@type":"PropertyValueSpecification","valueRequired":true,"valueName":"search_term_string"}}],"inLanguage":"de"}]}},"_links":{"self":[{"href":"https:\/\/www.ankarsrum.com\/de\/wp-json\/wp\/v2\/product\/4776","targetHints":{"allow":["GET"]}}],"collection":[{"href":"https:\/\/www.ankarsrum.com\/de\/wp-json\/wp\/v2\/product"}],"about":[{"href":"https:\/\/www.ankarsrum.com\/de\/wp-json\/wp\/v2\/types\/product"}],"replies":[{"embeddable":true,"href":"https:\/\/www.ankarsrum.com\/de\/wp-json\/wp\/v2\/comments?post=4776"}],"wp:featuredmedia":[{"embeddable":true,"href":"https:\/\/www.ankarsrum.com\/de\/wp-json\/wp\/v2\/media\/10445"}],"wp:attachment":[{"href":"https:\/\/www.ankarsrum.com\/de\/wp-json\/wp\/v2\/media?parent=4776"}],"wp:term":[{"taxonomy":"product_brand","embeddable":true,"href":"https:\/\/www.ankarsrum.com\/de\/wp-json\/wp\/v2\/product_brand?post=4776"},{"taxonomy":"product_cat","embeddable":true,"href":"https:\/\/www.ankarsrum.com\/de\/wp-json\/wp\/v2\/product_cat?post=4776"},{"taxonomy":"product_tag","embeddable":true,"href":"https:\/\/www.ankarsrum.com\/de\/wp-json\/wp\/v2\/product_tag?post=4776"},{"taxonomy":"product-tag","embeddable":true,"href":"https:\/\/www.ankarsrum.com\/de\/wp-json\/wp\/v2\/product-tag?post=4776"},{"taxonomy":"machines","embeddable":true,"href":"https:\/\/www.ankarsrum.com\/de\/wp-json\/wp\/v2\/machines?post=4776"},{"taxonomy":"filter","embeddable":true,"href":"https:\/\/www.ankarsrum.com\/de\/wp-json\/wp\/v2\/filter?post=4776"}],"curies":[{"name":"wp","href":"https:\/\/api.w.org\/{rel}","templated":true}]}}