{"id":4779,"date":"2024-07-15T14:09:23","date_gmt":"2024-07-15T12:09:23","guid":{"rendered":"https:\/\/www.ankarsrum.com\/de\/product\/knethaken-klassisch\/"},"modified":"2026-05-01T06:46:01","modified_gmt":"2026-05-01T04:46:01","slug":"knethaken-klassisch","status":"publish","type":"product","link":"https:\/\/www.ankarsrum.com\/de\/product\/knethaken-klassisch\/","title":{"rendered":"Knethaken Klassisch"},"content":{"rendered":"<p>\u2022 Der Knethaken wird vorrangig f\u00fcr Brotteige eingesetzt!<br \/>\u2022 Wenn Sie mit dem Knethaken arbeiten, setzen Sie immer auch den Teigabstreifer ein, damit der Teig in die Mitte der Sch\u00fcssel gelenkt wird.<br \/>\u2022 Der Knethaken passt auf die Modelle der Assistent N6\u2013N24.<\/p>\n<p>R\u00fchrwalze oder Knethaken? Das ist im Grunde eine Frage der Vorliebe, bei schweren Teigen hat der Knethaken aber Vorteile. Die R\u00fchrwalze war von Anfang an dabei, der Knethaken kam dann im Zusammenhang mit der Markteinf\u00fchrung der Assistent in den USA als Basiszubeh\u00f6r mit dazu.<\/p>","protected":false},"excerpt":{"rendered":"<p>Der Knethaken besser f\u00fcr schwere Teige eignet.<\/p>\n","protected":false},"featured_media":10463,"comment_status":"open","ping_status":"closed","template":"","meta":{"_acf_changed":false,"content-type":"","editor_notices":[]},"product_brand":[],"product_cat":[370],"product_tag":[],"product-tag":[],"machines":[],"filter":[],"class_list":{"0":"post-4779","1":"product","2":"type-product","3":"status-publish","4":"has-post-thumbnail","6":"product_cat-replacement-parts","8":"first","9":"instock","10":"taxable","11":"shipping-taxable","12":"product-type-simple"},"acf":[],"yoast_head":"<!-- This site is optimized with the Yoast SEO Premium plugin v26.6 (Yoast SEO v26.6) - https:\/\/yoast.com\/wordpress\/plugins\/seo\/ -->\n<title>Knethaken Klassisch | Ankarsrum K\u00fcchenmaschine Zubeh\u00f6r<\/title>\n<meta name=\"description\" content=\"Original Knethaken Klassisch f\u00fcr Ihre Ankarsrum K\u00fcchenmaschine \u2013 ideal f\u00fcr schwere Teige, kompatibel mit Modellen N1\u2013N24, in robuster Ausf\u00fchrung.\" \/>\n<meta name=\"robots\" content=\"index, follow, max-snippet:-1, max-image-preview:large, max-video-preview:-1\" \/>\n<link rel=\"canonical\" href=\"https:\/\/www.ankarsrum.com\/de\/product\/knethaken-klassisch\/\" \/>\n<meta property=\"og:locale\" content=\"de_DE\" \/>\n<meta property=\"og:type\" content=\"article\" \/>\n<meta property=\"og:title\" content=\"Knethaken Klassisch\" \/>\n<meta property=\"og:description\" content=\"Original Knethaken Klassisch f\u00fcr Ihre Ankarsrum K\u00fcchenmaschine \u2013 ideal f\u00fcr schwere Teige, kompatibel mit Modellen N1\u2013N24, in robuster Ausf\u00fchrung.\" \/>\n<meta property=\"og:url\" content=\"https:\/\/www.ankarsrum.com\/de\/product\/knethaken-klassisch\/\" \/>\n<meta property=\"og:site_name\" content=\"Ankarsrum Germany\" \/>\n<meta property=\"article:modified_time\" content=\"2026-05-01T04:46:01+00:00\" \/>\n<meta property=\"og:image\" content=\"https:\/\/www.ankarsrum.com\/de\/wp-content\/uploads\/sites\/16\/2024\/09\/dough-hook-classic.jpg\" \/>\n\t<meta property=\"og:image:width\" content=\"1200\" \/>\n\t<meta property=\"og:image:height\" content=\"630\" \/>\n\t<meta property=\"og:image:type\" content=\"image\/jpeg\" \/>\n<meta name=\"twitter:card\" content=\"summary_large_image\" \/>\n<meta name=\"twitter:label1\" content=\"Gesch\u00e4tzte Lesezeit\" \/>\n\t<meta name=\"twitter:data1\" content=\"1\u00a0Minute\" \/>\n<script type=\"application\/ld+json\" class=\"yoast-schema-graph\">{\"@context\":\"https:\/\/schema.org\",\"@graph\":[{\"@type\":\"WebPage\",\"@id\":\"https:\/\/www.ankarsrum.com\/de\/product\/knethaken-klassisch\/\",\"url\":\"https:\/\/www.ankarsrum.com\/de\/product\/knethaken-klassisch\/\",\"name\":\"Knethaken Klassisch | Ankarsrum K\u00fcchenmaschine Zubeh\u00f6r\",\"isPartOf\":{\"@id\":\"https:\/\/www.ankarsrum.com\/de\/#website\"},\"primaryImageOfPage\":{\"@id\":\"https:\/\/www.ankarsrum.com\/de\/product\/knethaken-klassisch\/#primaryimage\"},\"image\":{\"@id\":\"https:\/\/www.ankarsrum.com\/de\/product\/knethaken-klassisch\/#primaryimage\"},\"thumbnailUrl\":\"https:\/\/www.ankarsrum.com\/img-srv\/GFMUqwe9vbSHPDv16LiEsCjlM78QvX-aHOG2Nf0TZKY\/resizing_type:auto\/width:0\/height:0\/gravity:sm\/enlarge:1\/ext:webp\/strip_metadata:1\/quality:90\/cachebuster:filesize-92109\/bG9jYWw6Ly8vd3d3LmFua2Fyc3J1bS5jb20vd3AtY29udGVudC91cGxvYWRzL3NpdGVzLzE2LzIwMjQvMDkvZG91Z2gtaG9vay1jbGFzc2ljLmpwZw.webp\",\"datePublished\":\"2024-07-15T12:09:23+00:00\",\"dateModified\":\"2026-05-01T04:46:01+00:00\",\"description\":\"Original Knethaken Klassisch f\u00fcr Ihre Ankarsrum K\u00fcchenmaschine \u2013 ideal f\u00fcr schwere Teige, kompatibel mit Modellen N1\u2013N24, in robuster Ausf\u00fchrung.\",\"breadcrumb\":{\"@id\":\"https:\/\/www.ankarsrum.com\/de\/product\/knethaken-klassisch\/#breadcrumb\"},\"inLanguage\":\"de\",\"potentialAction\":[{\"@type\":\"ReadAction\",\"target\":[\"https:\/\/www.ankarsrum.com\/de\/product\/knethaken-klassisch\/\"]}]},{\"@type\":\"ImageObject\",\"inLanguage\":\"de\",\"@id\":\"https:\/\/www.ankarsrum.com\/de\/product\/knethaken-klassisch\/#primaryimage\",\"url\":\"https:\/\/www.ankarsrum.com\/img-srv\/GFMUqwe9vbSHPDv16LiEsCjlM78QvX-aHOG2Nf0TZKY\/resizing_type:auto\/width:0\/height:0\/gravity:sm\/enlarge:1\/ext:webp\/strip_metadata:1\/quality:90\/cachebuster:filesize-92109\/bG9jYWw6Ly8vd3d3LmFua2Fyc3J1bS5jb20vd3AtY29udGVudC91cGxvYWRzL3NpdGVzLzE2LzIwMjQvMDkvZG91Z2gtaG9vay1jbGFzc2ljLmpwZw.webp\",\"contentUrl\":\"https:\/\/www.ankarsrum.com\/img-srv\/GFMUqwe9vbSHPDv16LiEsCjlM78QvX-aHOG2Nf0TZKY\/resizing_type:auto\/width:0\/height:0\/gravity:sm\/enlarge:1\/ext:webp\/strip_metadata:1\/quality:90\/cachebuster:filesize-92109\/bG9jYWw6Ly8vd3d3LmFua2Fyc3J1bS5jb20vd3AtY29udGVudC91cGxvYWRzL3NpdGVzLzE2LzIwMjQvMDkvZG91Z2gtaG9vay1jbGFzc2ljLmpwZw.webp\",\"width\":2000,\"height\":2000},{\"@type\":\"BreadcrumbList\",\"@id\":\"https:\/\/www.ankarsrum.com\/de\/product\/knethaken-klassisch\/#breadcrumb\",\"itemListElement\":[{\"@type\":\"ListItem\",\"position\":1,\"name\":\"Home\",\"item\":\"https:\/\/www.ankarsrum.com\/de\/\"},{\"@type\":\"ListItem\",\"position\":2,\"name\":\"Produce name\",\"item\":\"https:\/\/www.ankarsrum.com\/de\/shop\/\"},{\"@type\":\"ListItem\",\"position\":3,\"name\":\"Knethaken Klassisch\"}]},{\"@type\":\"WebSite\",\"@id\":\"https:\/\/www.ankarsrum.com\/de\/#website\",\"url\":\"https:\/\/www.ankarsrum.com\/de\/\",\"name\":\"Ankarsrum Germany\",\"description\":\"The bread of the world\",\"potentialAction\":[{\"@type\":\"SearchAction\",\"target\":{\"@type\":\"EntryPoint\",\"urlTemplate\":\"https:\/\/www.ankarsrum.com\/de\/?s={search_term_string}\"},\"query-input\":{\"@type\":\"PropertyValueSpecification\",\"valueRequired\":true,\"valueName\":\"search_term_string\"}}],\"inLanguage\":\"de\"}]}<\/script>\n<!-- \/ Yoast SEO Premium plugin. -->","yoast_head_json":{"title":"Knethaken Klassisch | Ankarsrum K\u00fcchenmaschine Zubeh\u00f6r","description":"Original Knethaken Klassisch f\u00fcr Ihre Ankarsrum K\u00fcchenmaschine \u2013 ideal f\u00fcr schwere Teige, kompatibel mit Modellen N1\u2013N24, in robuster Ausf\u00fchrung.","robots":{"index":"index","follow":"follow","max-snippet":"max-snippet:-1","max-image-preview":"max-image-preview:large","max-video-preview":"max-video-preview:-1"},"canonical":"https:\/\/www.ankarsrum.com\/de\/product\/knethaken-klassisch\/","og_locale":"de_DE","og_type":"article","og_title":"Knethaken Klassisch","og_description":"Original Knethaken Klassisch f\u00fcr Ihre Ankarsrum K\u00fcchenmaschine \u2013 ideal f\u00fcr schwere Teige, kompatibel mit Modellen N1\u2013N24, in robuster Ausf\u00fchrung.","og_url":"https:\/\/www.ankarsrum.com\/de\/product\/knethaken-klassisch\/","og_site_name":"Ankarsrum Germany","article_modified_time":"2026-05-01T04:46:01+00:00","og_image":[{"width":1200,"height":630,"url":"https:\/\/www.ankarsrum.com\/de\/wp-content\/uploads\/sites\/16\/2024\/09\/dough-hook-classic.jpg","type":"image\/jpeg"}],"twitter_card":"summary_large_image","twitter_misc":{"Gesch\u00e4tzte Lesezeit":"1\u00a0Minute"},"schema":{"@context":"https:\/\/schema.org","@graph":[{"@type":"WebPage","@id":"https:\/\/www.ankarsrum.com\/de\/product\/knethaken-klassisch\/","url":"https:\/\/www.ankarsrum.com\/de\/product\/knethaken-klassisch\/","name":"Knethaken Klassisch | Ankarsrum K\u00fcchenmaschine Zubeh\u00f6r","isPartOf":{"@id":"https:\/\/www.ankarsrum.com\/de\/#website"},"primaryImageOfPage":{"@id":"https:\/\/www.ankarsrum.com\/de\/product\/knethaken-klassisch\/#primaryimage"},"image":{"@id":"https:\/\/www.ankarsrum.com\/de\/product\/knethaken-klassisch\/#primaryimage"},"thumbnailUrl":"https:\/\/www.ankarsrum.com\/img-srv\/GFMUqwe9vbSHPDv16LiEsCjlM78QvX-aHOG2Nf0TZKY\/resizing_type:auto\/width:0\/height:0\/gravity:sm\/enlarge:1\/ext:webp\/strip_metadata:1\/quality:90\/cachebuster:filesize-92109\/bG9jYWw6Ly8vd3d3LmFua2Fyc3J1bS5jb20vd3AtY29udGVudC91cGxvYWRzL3NpdGVzLzE2LzIwMjQvMDkvZG91Z2gtaG9vay1jbGFzc2ljLmpwZw.webp","datePublished":"2024-07-15T12:09:23+00:00","dateModified":"2026-05-01T04:46:01+00:00","description":"Original Knethaken Klassisch f\u00fcr Ihre Ankarsrum K\u00fcchenmaschine \u2013 ideal f\u00fcr schwere Teige, kompatibel mit Modellen N1\u2013N24, in robuster Ausf\u00fchrung.","breadcrumb":{"@id":"https:\/\/www.ankarsrum.com\/de\/product\/knethaken-klassisch\/#breadcrumb"},"inLanguage":"de","potentialAction":[{"@type":"ReadAction","target":["https:\/\/www.ankarsrum.com\/de\/product\/knethaken-klassisch\/"]}]},{"@type":"ImageObject","inLanguage":"de","@id":"https:\/\/www.ankarsrum.com\/de\/product\/knethaken-klassisch\/#primaryimage","url":"https:\/\/www.ankarsrum.com\/img-srv\/GFMUqwe9vbSHPDv16LiEsCjlM78QvX-aHOG2Nf0TZKY\/resizing_type:auto\/width:0\/height:0\/gravity:sm\/enlarge:1\/ext:webp\/strip_metadata:1\/quality:90\/cachebuster:filesize-92109\/bG9jYWw6Ly8vd3d3LmFua2Fyc3J1bS5jb20vd3AtY29udGVudC91cGxvYWRzL3NpdGVzLzE2LzIwMjQvMDkvZG91Z2gtaG9vay1jbGFzc2ljLmpwZw.webp","contentUrl":"https:\/\/www.ankarsrum.com\/img-srv\/GFMUqwe9vbSHPDv16LiEsCjlM78QvX-aHOG2Nf0TZKY\/resizing_type:auto\/width:0\/height:0\/gravity:sm\/enlarge:1\/ext:webp\/strip_metadata:1\/quality:90\/cachebuster:filesize-92109\/bG9jYWw6Ly8vd3d3LmFua2Fyc3J1bS5jb20vd3AtY29udGVudC91cGxvYWRzL3NpdGVzLzE2LzIwMjQvMDkvZG91Z2gtaG9vay1jbGFzc2ljLmpwZw.webp","width":2000,"height":2000},{"@type":"BreadcrumbList","@id":"https:\/\/www.ankarsrum.com\/de\/product\/knethaken-klassisch\/#breadcrumb","itemListElement":[{"@type":"ListItem","position":1,"name":"Home","item":"https:\/\/www.ankarsrum.com\/de\/"},{"@type":"ListItem","position":2,"name":"Produce name","item":"https:\/\/www.ankarsrum.com\/de\/shop\/"},{"@type":"ListItem","position":3,"name":"Knethaken Klassisch"}]},{"@type":"WebSite","@id":"https:\/\/www.ankarsrum.com\/de\/#website","url":"https:\/\/www.ankarsrum.com\/de\/","name":"Ankarsrum Germany","description":"The bread of the world","potentialAction":[{"@type":"SearchAction","target":{"@type":"EntryPoint","urlTemplate":"https:\/\/www.ankarsrum.com\/de\/?s={search_term_string}"},"query-input":{"@type":"PropertyValueSpecification","valueRequired":true,"valueName":"search_term_string"}}],"inLanguage":"de"}]}},"_links":{"self":[{"href":"https:\/\/www.ankarsrum.com\/de\/wp-json\/wp\/v2\/product\/4779","targetHints":{"allow":["GET"]}}],"collection":[{"href":"https:\/\/www.ankarsrum.com\/de\/wp-json\/wp\/v2\/product"}],"about":[{"href":"https:\/\/www.ankarsrum.com\/de\/wp-json\/wp\/v2\/types\/product"}],"replies":[{"embeddable":true,"href":"https:\/\/www.ankarsrum.com\/de\/wp-json\/wp\/v2\/comments?post=4779"}],"wp:featuredmedia":[{"embeddable":true,"href":"https:\/\/www.ankarsrum.com\/de\/wp-json\/wp\/v2\/media\/10463"}],"wp:attachment":[{"href":"https:\/\/www.ankarsrum.com\/de\/wp-json\/wp\/v2\/media?parent=4779"}],"wp:term":[{"taxonomy":"product_brand","embeddable":true,"href":"https:\/\/www.ankarsrum.com\/de\/wp-json\/wp\/v2\/product_brand?post=4779"},{"taxonomy":"product_cat","embeddable":true,"href":"https:\/\/www.ankarsrum.com\/de\/wp-json\/wp\/v2\/product_cat?post=4779"},{"taxonomy":"product_tag","embeddable":true,"href":"https:\/\/www.ankarsrum.com\/de\/wp-json\/wp\/v2\/product_tag?post=4779"},{"taxonomy":"product-tag","embeddable":true,"href":"https:\/\/www.ankarsrum.com\/de\/wp-json\/wp\/v2\/product-tag?post=4779"},{"taxonomy":"machines","embeddable":true,"href":"https:\/\/www.ankarsrum.com\/de\/wp-json\/wp\/v2\/machines?post=4779"},{"taxonomy":"filter","embeddable":true,"href":"https:\/\/www.ankarsrum.com\/de\/wp-json\/wp\/v2\/filter?post=4779"}],"curies":[{"name":"wp","href":"https:\/\/api.w.org\/{rel}","templated":true}]}}