{"id":4788,"date":"2024-07-15T15:19:22","date_gmt":"2024-07-15T13:19:22","guid":{"rendered":"https:\/\/www.ankarsrum.com\/de\/product\/gemueseschneider\/"},"modified":"2026-04-04T04:31:10","modified_gmt":"2026-04-04T02:31:10","slug":"gemueseschneider","status":"publish","type":"product","link":"https:\/\/www.ankarsrum.com\/de\/product\/gemueseschneider\/","title":{"rendered":"Gem\u00fcseschneider"},"content":{"rendered":"<p>\u2022 Verwenden Sie den Gem\u00fcseschneider z. B. f\u00fcr Kartoffeln, Gurken, Karotten, Wei\u00dfkohl und Champignons.<br \/>\u2022\u00a0Der Gem\u00fcseschneider besteht aus einem Geh\u00e4use, einem Sicherungsring, einem Stopfer und drei verschiedenen Trommeln.<br \/>\u2022 Aus Sicherheitsgr\u00fcnden befindet sich die Schneidefl\u00e4che der Reibetrommeln auf der Au\u00dfenseite.<br \/>\u2022 Der Gem\u00fcseschneider passt auf alle Modelle der Assistent von N1\u2013N30.<br \/>\u2022 Die mittlere Reibetrommel eignet sich f\u00fcr Wurzelgem\u00fcse und Rohkost, zum Reiben von Mandeln und N\u00fcssen zum Backen sowie f\u00fcr Hartk\u00e4se und Obst.<br \/>\u2022 Die Scheibentrommel schneidet Wurzelgem\u00fcse, Zwiebeln, Kartoffeln, Obst und Gem\u00fcse in Scheiben.<br \/>\u2022 Die grobe Reibetrommel eignet sich zum Raspeln von Wurzelgem\u00fcse, Gem\u00fcse und Obst, z. B. f\u00fcr Suppen, Quiches und Pies.<\/p>","protected":false},"excerpt":{"rendered":"<p>Willkommen in einer Welt mit mehr Obst und Gem\u00fcse! Mit einer Ankarsrum Assistent ist es einfach, Ihren Tag mit Obst und Gem\u00fcse anzureicchern und \u00fcberwiegend vegetarisch zu kochen. Der Gem\u00fcseschneider wir mit drei verschiedenen Trommeln geliefert, einer mittleren und einer groben Reibetrommel sowie einer Scheibentrommel.<\/p>\n","protected":false},"featured_media":10522,"comment_status":"open","ping_status":"closed","template":"","meta":{"_acf_changed":false,"content-type":"","editor_notices":[]},"product_brand":[],"product_cat":[373],"product_tag":[],"product-tag":[],"machines":[],"filter":[214,222],"class_list":{"0":"post-4788","1":"product","2":"type-product","3":"status-publish","4":"has-post-thumbnail","6":"product_cat-ankarsrum-zubehor","7":"filter-food","8":"filter-go-green","10":"first","11":"instock","12":"taxable","13":"shipping-taxable","14":"product-type-simple"},"acf":[],"yoast_head":"<!-- This site is optimized with the Yoast SEO Premium plugin v26.6 (Yoast SEO v26.6) - https:\/\/yoast.com\/wordpress\/plugins\/seo\/ -->\n<title>Gem\u00fcseschneider \u2013 Ankarsrum Zubeh\u00f6r<\/title>\n<meta name=\"description\" content=\"Schneiden, reiben und zerkleinern Sie Gem\u00fcse m\u00fchelos mit dem Ankarsrum k\u00fcchenmaschine Gem\u00fcseschneider. Praktisch und vielseitig!\" \/>\n<meta name=\"robots\" content=\"index, follow, max-snippet:-1, max-image-preview:large, max-video-preview:-1\" \/>\n<link rel=\"canonical\" href=\"https:\/\/www.ankarsrum.com\/de\/product\/gemueseschneider\/\" \/>\n<meta property=\"og:locale\" content=\"de_DE\" \/>\n<meta property=\"og:type\" content=\"article\" \/>\n<meta property=\"og:title\" content=\"Gem\u00fcseschneider\" \/>\n<meta property=\"og:description\" content=\"Schneiden, reiben und zerkleinern Sie Gem\u00fcse m\u00fchelos mit dem Ankarsrum k\u00fcchenmaschine Gem\u00fcseschneider. Praktisch und vielseitig!\" \/>\n<meta property=\"og:url\" content=\"https:\/\/www.ankarsrum.com\/de\/product\/gemueseschneider\/\" \/>\n<meta property=\"og:site_name\" content=\"Ankarsrum Germany\" \/>\n<meta property=\"article:modified_time\" content=\"2026-04-04T02:31:10+00:00\" \/>\n<meta property=\"og:image\" content=\"https:\/\/www.ankarsrum.com\/de\/wp-content\/uploads\/sites\/16\/2024\/09\/vegetable-cutter.jpg\" \/>\n\t<meta property=\"og:image:width\" content=\"1200\" \/>\n\t<meta property=\"og:image:height\" content=\"630\" \/>\n\t<meta property=\"og:image:type\" content=\"image\/jpeg\" \/>\n<meta name=\"twitter:card\" content=\"summary_large_image\" \/>\n<meta name=\"twitter:label1\" content=\"Gesch\u00e4tzte Lesezeit\" \/>\n\t<meta name=\"twitter:data1\" content=\"1\u00a0Minute\" \/>\n<script type=\"application\/ld+json\" class=\"yoast-schema-graph\">{\"@context\":\"https:\/\/schema.org\",\"@graph\":[{\"@type\":\"WebPage\",\"@id\":\"https:\/\/www.ankarsrum.com\/de\/product\/gemueseschneider\/\",\"url\":\"https:\/\/www.ankarsrum.com\/de\/product\/gemueseschneider\/\",\"name\":\"Gem\u00fcseschneider \u2013 Ankarsrum Zubeh\u00f6r\",\"isPartOf\":{\"@id\":\"https:\/\/www.ankarsrum.com\/de\/#website\"},\"primaryImageOfPage\":{\"@id\":\"https:\/\/www.ankarsrum.com\/de\/product\/gemueseschneider\/#primaryimage\"},\"image\":{\"@id\":\"https:\/\/www.ankarsrum.com\/de\/product\/gemueseschneider\/#primaryimage\"},\"thumbnailUrl\":\"https:\/\/www.ankarsrum.com\/img-srv\/ma8Ulm-tPc2bytUucDFFTjxR89SkIJ1KB9voD4sY6KQ\/resizing_type:auto\/width:0\/height:0\/gravity:sm\/enlarge:1\/ext:webp\/strip_metadata:1\/quality:90\/cachebuster:filesize-105500\/bG9jYWw6Ly8vd3d3LmFua2Fyc3J1bS5jb20vd3AtY29udGVudC91cGxvYWRzL3NpdGVzLzE2LzIwMjQvMDkvdmVnZXRhYmxlLWN1dHRlci5qcGc.webp\",\"datePublished\":\"2024-07-15T13:19:22+00:00\",\"dateModified\":\"2026-04-04T02:31:10+00:00\",\"description\":\"Schneiden, reiben und zerkleinern Sie Gem\u00fcse m\u00fchelos mit dem Ankarsrum k\u00fcchenmaschine Gem\u00fcseschneider. Praktisch und vielseitig!\",\"breadcrumb\":{\"@id\":\"https:\/\/www.ankarsrum.com\/de\/product\/gemueseschneider\/#breadcrumb\"},\"inLanguage\":\"de\",\"potentialAction\":[{\"@type\":\"ReadAction\",\"target\":[\"https:\/\/www.ankarsrum.com\/de\/product\/gemueseschneider\/\"]}]},{\"@type\":\"ImageObject\",\"inLanguage\":\"de\",\"@id\":\"https:\/\/www.ankarsrum.com\/de\/product\/gemueseschneider\/#primaryimage\",\"url\":\"https:\/\/www.ankarsrum.com\/img-srv\/ma8Ulm-tPc2bytUucDFFTjxR89SkIJ1KB9voD4sY6KQ\/resizing_type:auto\/width:0\/height:0\/gravity:sm\/enlarge:1\/ext:webp\/strip_metadata:1\/quality:90\/cachebuster:filesize-105500\/bG9jYWw6Ly8vd3d3LmFua2Fyc3J1bS5jb20vd3AtY29udGVudC91cGxvYWRzL3NpdGVzLzE2LzIwMjQvMDkvdmVnZXRhYmxlLWN1dHRlci5qcGc.webp\",\"contentUrl\":\"https:\/\/www.ankarsrum.com\/img-srv\/ma8Ulm-tPc2bytUucDFFTjxR89SkIJ1KB9voD4sY6KQ\/resizing_type:auto\/width:0\/height:0\/gravity:sm\/enlarge:1\/ext:webp\/strip_metadata:1\/quality:90\/cachebuster:filesize-105500\/bG9jYWw6Ly8vd3d3LmFua2Fyc3J1bS5jb20vd3AtY29udGVudC91cGxvYWRzL3NpdGVzLzE2LzIwMjQvMDkvdmVnZXRhYmxlLWN1dHRlci5qcGc.webp\",\"width\":2000,\"height\":2000},{\"@type\":\"BreadcrumbList\",\"@id\":\"https:\/\/www.ankarsrum.com\/de\/product\/gemueseschneider\/#breadcrumb\",\"itemListElement\":[{\"@type\":\"ListItem\",\"position\":1,\"name\":\"Home\",\"item\":\"https:\/\/www.ankarsrum.com\/de\/\"},{\"@type\":\"ListItem\",\"position\":2,\"name\":\"Produce name\",\"item\":\"https:\/\/www.ankarsrum.com\/de\/shop\/\"},{\"@type\":\"ListItem\",\"position\":3,\"name\":\"Gem\u00fcseschneider\"}]},{\"@type\":\"WebSite\",\"@id\":\"https:\/\/www.ankarsrum.com\/de\/#website\",\"url\":\"https:\/\/www.ankarsrum.com\/de\/\",\"name\":\"Ankarsrum Germany\",\"description\":\"The bread of the world\",\"potentialAction\":[{\"@type\":\"SearchAction\",\"target\":{\"@type\":\"EntryPoint\",\"urlTemplate\":\"https:\/\/www.ankarsrum.com\/de\/?s={search_term_string}\"},\"query-input\":{\"@type\":\"PropertyValueSpecification\",\"valueRequired\":true,\"valueName\":\"search_term_string\"}}],\"inLanguage\":\"de\"}]}<\/script>\n<!-- \/ Yoast SEO Premium plugin. -->","yoast_head_json":{"title":"Gem\u00fcseschneider \u2013 Ankarsrum Zubeh\u00f6r","description":"Schneiden, reiben und zerkleinern Sie Gem\u00fcse m\u00fchelos mit dem Ankarsrum k\u00fcchenmaschine Gem\u00fcseschneider. Praktisch und vielseitig!","robots":{"index":"index","follow":"follow","max-snippet":"max-snippet:-1","max-image-preview":"max-image-preview:large","max-video-preview":"max-video-preview:-1"},"canonical":"https:\/\/www.ankarsrum.com\/de\/product\/gemueseschneider\/","og_locale":"de_DE","og_type":"article","og_title":"Gem\u00fcseschneider","og_description":"Schneiden, reiben und zerkleinern Sie Gem\u00fcse m\u00fchelos mit dem Ankarsrum k\u00fcchenmaschine Gem\u00fcseschneider. Praktisch und vielseitig!","og_url":"https:\/\/www.ankarsrum.com\/de\/product\/gemueseschneider\/","og_site_name":"Ankarsrum Germany","article_modified_time":"2026-04-04T02:31:10+00:00","og_image":[{"width":1200,"height":630,"url":"https:\/\/www.ankarsrum.com\/de\/wp-content\/uploads\/sites\/16\/2024\/09\/vegetable-cutter.jpg","type":"image\/jpeg"}],"twitter_card":"summary_large_image","twitter_misc":{"Gesch\u00e4tzte Lesezeit":"1\u00a0Minute"},"schema":{"@context":"https:\/\/schema.org","@graph":[{"@type":"WebPage","@id":"https:\/\/www.ankarsrum.com\/de\/product\/gemueseschneider\/","url":"https:\/\/www.ankarsrum.com\/de\/product\/gemueseschneider\/","name":"Gem\u00fcseschneider \u2013 Ankarsrum Zubeh\u00f6r","isPartOf":{"@id":"https:\/\/www.ankarsrum.com\/de\/#website"},"primaryImageOfPage":{"@id":"https:\/\/www.ankarsrum.com\/de\/product\/gemueseschneider\/#primaryimage"},"image":{"@id":"https:\/\/www.ankarsrum.com\/de\/product\/gemueseschneider\/#primaryimage"},"thumbnailUrl":"https:\/\/www.ankarsrum.com\/img-srv\/ma8Ulm-tPc2bytUucDFFTjxR89SkIJ1KB9voD4sY6KQ\/resizing_type:auto\/width:0\/height:0\/gravity:sm\/enlarge:1\/ext:webp\/strip_metadata:1\/quality:90\/cachebuster:filesize-105500\/bG9jYWw6Ly8vd3d3LmFua2Fyc3J1bS5jb20vd3AtY29udGVudC91cGxvYWRzL3NpdGVzLzE2LzIwMjQvMDkvdmVnZXRhYmxlLWN1dHRlci5qcGc.webp","datePublished":"2024-07-15T13:19:22+00:00","dateModified":"2026-04-04T02:31:10+00:00","description":"Schneiden, reiben und zerkleinern Sie Gem\u00fcse m\u00fchelos mit dem Ankarsrum k\u00fcchenmaschine Gem\u00fcseschneider. Praktisch und vielseitig!","breadcrumb":{"@id":"https:\/\/www.ankarsrum.com\/de\/product\/gemueseschneider\/#breadcrumb"},"inLanguage":"de","potentialAction":[{"@type":"ReadAction","target":["https:\/\/www.ankarsrum.com\/de\/product\/gemueseschneider\/"]}]},{"@type":"ImageObject","inLanguage":"de","@id":"https:\/\/www.ankarsrum.com\/de\/product\/gemueseschneider\/#primaryimage","url":"https:\/\/www.ankarsrum.com\/img-srv\/ma8Ulm-tPc2bytUucDFFTjxR89SkIJ1KB9voD4sY6KQ\/resizing_type:auto\/width:0\/height:0\/gravity:sm\/enlarge:1\/ext:webp\/strip_metadata:1\/quality:90\/cachebuster:filesize-105500\/bG9jYWw6Ly8vd3d3LmFua2Fyc3J1bS5jb20vd3AtY29udGVudC91cGxvYWRzL3NpdGVzLzE2LzIwMjQvMDkvdmVnZXRhYmxlLWN1dHRlci5qcGc.webp","contentUrl":"https:\/\/www.ankarsrum.com\/img-srv\/ma8Ulm-tPc2bytUucDFFTjxR89SkIJ1KB9voD4sY6KQ\/resizing_type:auto\/width:0\/height:0\/gravity:sm\/enlarge:1\/ext:webp\/strip_metadata:1\/quality:90\/cachebuster:filesize-105500\/bG9jYWw6Ly8vd3d3LmFua2Fyc3J1bS5jb20vd3AtY29udGVudC91cGxvYWRzL3NpdGVzLzE2LzIwMjQvMDkvdmVnZXRhYmxlLWN1dHRlci5qcGc.webp","width":2000,"height":2000},{"@type":"BreadcrumbList","@id":"https:\/\/www.ankarsrum.com\/de\/product\/gemueseschneider\/#breadcrumb","itemListElement":[{"@type":"ListItem","position":1,"name":"Home","item":"https:\/\/www.ankarsrum.com\/de\/"},{"@type":"ListItem","position":2,"name":"Produce name","item":"https:\/\/www.ankarsrum.com\/de\/shop\/"},{"@type":"ListItem","position":3,"name":"Gem\u00fcseschneider"}]},{"@type":"WebSite","@id":"https:\/\/www.ankarsrum.com\/de\/#website","url":"https:\/\/www.ankarsrum.com\/de\/","name":"Ankarsrum Germany","description":"The bread of the world","potentialAction":[{"@type":"SearchAction","target":{"@type":"EntryPoint","urlTemplate":"https:\/\/www.ankarsrum.com\/de\/?s={search_term_string}"},"query-input":{"@type":"PropertyValueSpecification","valueRequired":true,"valueName":"search_term_string"}}],"inLanguage":"de"}]}},"_links":{"self":[{"href":"https:\/\/www.ankarsrum.com\/de\/wp-json\/wp\/v2\/product\/4788","targetHints":{"allow":["GET"]}}],"collection":[{"href":"https:\/\/www.ankarsrum.com\/de\/wp-json\/wp\/v2\/product"}],"about":[{"href":"https:\/\/www.ankarsrum.com\/de\/wp-json\/wp\/v2\/types\/product"}],"replies":[{"embeddable":true,"href":"https:\/\/www.ankarsrum.com\/de\/wp-json\/wp\/v2\/comments?post=4788"}],"wp:featuredmedia":[{"embeddable":true,"href":"https:\/\/www.ankarsrum.com\/de\/wp-json\/wp\/v2\/media\/10522"}],"wp:attachment":[{"href":"https:\/\/www.ankarsrum.com\/de\/wp-json\/wp\/v2\/media?parent=4788"}],"wp:term":[{"taxonomy":"product_brand","embeddable":true,"href":"https:\/\/www.ankarsrum.com\/de\/wp-json\/wp\/v2\/product_brand?post=4788"},{"taxonomy":"product_cat","embeddable":true,"href":"https:\/\/www.ankarsrum.com\/de\/wp-json\/wp\/v2\/product_cat?post=4788"},{"taxonomy":"product_tag","embeddable":true,"href":"https:\/\/www.ankarsrum.com\/de\/wp-json\/wp\/v2\/product_tag?post=4788"},{"taxonomy":"product-tag","embeddable":true,"href":"https:\/\/www.ankarsrum.com\/de\/wp-json\/wp\/v2\/product-tag?post=4788"},{"taxonomy":"machines","embeddable":true,"href":"https:\/\/www.ankarsrum.com\/de\/wp-json\/wp\/v2\/machines?post=4788"},{"taxonomy":"filter","embeddable":true,"href":"https:\/\/www.ankarsrum.com\/de\/wp-json\/wp\/v2\/filter?post=4788"}],"curies":[{"name":"wp","href":"https:\/\/api.w.org\/{rel}","templated":true}]}}