{"id":4799,"date":"2024-07-16T09:28:42","date_gmt":"2024-07-16T07:28:42","guid":{"rendered":"https:\/\/www.ankarsrum.com\/de\/product\/fleischwolf-kleines-paket\/"},"modified":"2026-05-08T07:21:10","modified_gmt":"2026-05-08T05:21:10","slug":"fleischwolf-kleines-paket","status":"publish","type":"product","link":"https:\/\/www.ankarsrum.com\/de\/product\/fleischwolf-kleines-paket\/","title":{"rendered":"Fleischwolf, Kleines Paket"},"content":{"rendered":"<p>Zus\u00e4tzlich zum Fleischwolf mit Tablett und Stopfer, hast Du alles, was Du brauchst, um Deine eigene Wurst herzustellen! Drei verschiedene Wurstf\u00fcllaufs\u00e4tze kommen zum Einsatz bei Hot Dogs, N\u00fcrnbergern oder Bratw\u00fcrsten sowie Salsiccia. Selbst Fischbratwurst gelingt!<\/p>\n<p>So kannst Du Deine eigene Version Deiner Lieblingsgerichte zubereiten und hast die volle Kontrolle \u00fcber Inhaltstoffe und Qualit\u00e4t. Versuche einmal Fischfrikadellen mit spannenden Geschmacksnoten zu machen, W\u00fcrste mit ausgew\u00e4hlten Gew\u00fcrzen und handverlesenen Zutaten \u2013 oder auch Burger aus Deinem eigenen Hackfleisch, das den perfekten Anteil an Fett und die richtige Art von Fleisch beinhaltet. Werfe den Grill an \u2013 das ganze Jahr \u00fcber.<\/p>\n<ul>\n<li>Ein Fleischwolf der Extraklasse, der besonders beliebt ist bei unseren Kunden.<\/li>\n<li>Du kannst\u00a0damit Fleisch, Fisch, Gefl\u00fcgel und sogar gekochte Bohnen zerkleinern.\u00a0<\/li>\n<li>Zum Fleischwolf geh\u00f6ren 3 Wurstf\u00fcllaufs\u00e4tze in 10, 20 und 25 mm Gr\u00f6\u00dfe.<\/li>\n<li>Die Lochscheiben haben einen Durchmesser von 70 mm und je nach Scheibe, L\u00f6cher von 8, 6, 4,5 oder 2,5 mm Gr\u00f6\u00dfe.<\/li>\n<li>Das 4-schneidige Messer ist immer in den verschiedenen Fleischwolf-Paketen enthalten.<\/li>\n<li>Der Fleischwolf passt auf alle Modelle der Assistent von N1-N30. Die aktuellen Lochscheiben, das Messer und das andere Fleischwolf-Zubeh\u00f6r passen nur auf Fleischwolf-Modell 10 (siehe Nummer auf dem Messer), das nach 1978 gefertigt wurde.<\/li>\n<li>Das Messer ist aber auch separat erh\u00e4ltlich und passt in Fleischwolf-Modell 10 (siehe Nummer auf dem Messer).<\/li>\n<li>Verwenden Sie immer den Stopfer zum Nachf\u00fcllen und achten Sie darauf, dass keine Fremdk\u00f6rper in den Fleischwolf geraten.<\/li>\n<\/ul>","protected":false},"excerpt":{"rendered":"<p>Einen Fleischwolf in der K\u00fcche einzusetzen bedeutet, dass Du dich beim Kochen auf ein v\u00f6llig neues Niveau begibst. Und das gilt ganz gleich ob, Du lieber Fleisch oder Fisch essen.\u00a0Du kannst\u00a0ihn f\u00fcr die Zubereitung von Fischfarce ebensogut verwenden wie zum Durchdrehen von Hackfleisch!<\/p>\n<p>Das kleine Fleischwolf-Paket enth\u00e4lt einen Fleischwolf mit Spritzschutz, Tablett und Stopfer sowie 3 Wurstf\u00fcllaufs\u00e4tze 10\/20\/25 mm und 4 Lochscheiben 2,5\/4,5\/6\/8 mm.<\/p>\n","protected":false},"featured_media":10665,"comment_status":"open","ping_status":"closed","template":"","meta":{"_acf_changed":false,"content-type":"","editor_notices":[]},"product_brand":[],"product_cat":[373],"product_tag":[],"product-tag":[],"machines":[],"filter":[219,214],"class_list":{"0":"post-4799","1":"product","2":"type-product","3":"status-publish","4":"has-post-thumbnail","6":"product_cat-ankarsrum-zubehor","7":"filter-fleischwolf","8":"filter-food","10":"first","11":"instock","12":"taxable","13":"shipping-taxable","14":"product-type-simple"},"acf":[],"yoast_head":"<!-- This site is optimized with the Yoast SEO Premium plugin v26.6 (Yoast SEO v26.6) - https:\/\/yoast.com\/wordpress\/plugins\/seo\/ -->\n<title>Fleischwolf Kleines Paket \u2013 Ankarsrum Zubeh\u00f6r<\/title>\n<meta name=\"description\" content=\"Effizientes Fleischwolf-Set von Ankarsrum k\u00fcchenmaschine. Perfekt f\u00fcr Hackfleisch und mehr \u2013 praktisch und vielseitig! Ankarsrum Assistent.\" \/>\n<meta name=\"robots\" content=\"index, follow, max-snippet:-1, max-image-preview:large, max-video-preview:-1\" \/>\n<link rel=\"canonical\" href=\"https:\/\/www.ankarsrum.com\/de\/product\/fleischwolf-kleines-paket\/\" \/>\n<meta property=\"og:locale\" content=\"de_DE\" \/>\n<meta property=\"og:type\" content=\"article\" \/>\n<meta property=\"og:title\" content=\"Fleischwolf, Kleines Paket\" \/>\n<meta property=\"og:description\" content=\"Effizientes Fleischwolf-Set von Ankarsrum k\u00fcchenmaschine. Perfekt f\u00fcr Hackfleisch und mehr \u2013 praktisch und vielseitig! Ankarsrum Assistent.\" \/>\n<meta property=\"og:url\" content=\"https:\/\/www.ankarsrum.com\/de\/product\/fleischwolf-kleines-paket\/\" \/>\n<meta property=\"og:site_name\" content=\"Ankarsrum Germany\" \/>\n<meta property=\"article:modified_time\" content=\"2026-05-08T05:21:10+00:00\" \/>\n<meta property=\"og:image\" content=\"https:\/\/www.ankarsrum.com\/de\/wp-content\/uploads\/sites\/16\/2024\/09\/mincer-hunting.jpg\" \/>\n\t<meta property=\"og:image:width\" content=\"1080\" \/>\n\t<meta property=\"og:image:height\" content=\"630\" \/>\n\t<meta property=\"og:image:type\" content=\"image\/jpeg\" \/>\n<meta name=\"twitter:card\" content=\"summary_large_image\" \/>\n<meta name=\"twitter:label1\" content=\"Gesch\u00e4tzte Lesezeit\" \/>\n\t<meta name=\"twitter:data1\" content=\"2\u00a0Minuten\" \/>\n<script type=\"application\/ld+json\" class=\"yoast-schema-graph\">{\"@context\":\"https:\/\/schema.org\",\"@graph\":[{\"@type\":\"WebPage\",\"@id\":\"https:\/\/www.ankarsrum.com\/de\/product\/fleischwolf-kleines-paket\/\",\"url\":\"https:\/\/www.ankarsrum.com\/de\/product\/fleischwolf-kleines-paket\/\",\"name\":\"Fleischwolf Kleines Paket \u2013 Ankarsrum Zubeh\u00f6r\",\"isPartOf\":{\"@id\":\"https:\/\/www.ankarsrum.com\/de\/#website\"},\"primaryImageOfPage\":{\"@id\":\"https:\/\/www.ankarsrum.com\/de\/product\/fleischwolf-kleines-paket\/#primaryimage\"},\"image\":{\"@id\":\"https:\/\/www.ankarsrum.com\/de\/product\/fleischwolf-kleines-paket\/#primaryimage\"},\"thumbnailUrl\":\"https:\/\/www.ankarsrum.com\/img-srv\/BYntGx4E5PkKJhJ74kd2Th0oSUQbP96GBgm9aCWNoTk\/resizing_type:auto\/width:0\/height:0\/gravity:sm\/enlarge:1\/ext:webp\/strip_metadata:1\/quality:90\/cachebuster:filesize-88016\/bG9jYWw6Ly8vd3d3LmFua2Fyc3J1bS5jb20vd3AtY29udGVudC91cGxvYWRzL3NpdGVzLzE2LzIwMjQvMDkvbWluY2VyLWh1bnRpbmcuanBn.webp\",\"datePublished\":\"2024-07-16T07:28:42+00:00\",\"dateModified\":\"2026-05-08T05:21:10+00:00\",\"description\":\"Effizientes Fleischwolf-Set von Ankarsrum k\u00fcchenmaschine. Perfekt f\u00fcr Hackfleisch und mehr \u2013 praktisch und vielseitig! Ankarsrum Assistent.\",\"breadcrumb\":{\"@id\":\"https:\/\/www.ankarsrum.com\/de\/product\/fleischwolf-kleines-paket\/#breadcrumb\"},\"inLanguage\":\"de\",\"potentialAction\":[{\"@type\":\"ReadAction\",\"target\":[\"https:\/\/www.ankarsrum.com\/de\/product\/fleischwolf-kleines-paket\/\"]}]},{\"@type\":\"ImageObject\",\"inLanguage\":\"de\",\"@id\":\"https:\/\/www.ankarsrum.com\/de\/product\/fleischwolf-kleines-paket\/#primaryimage\",\"url\":\"https:\/\/www.ankarsrum.com\/img-srv\/BYntGx4E5PkKJhJ74kd2Th0oSUQbP96GBgm9aCWNoTk\/resizing_type:auto\/width:0\/height:0\/gravity:sm\/enlarge:1\/ext:webp\/strip_metadata:1\/quality:90\/cachebuster:filesize-88016\/bG9jYWw6Ly8vd3d3LmFua2Fyc3J1bS5jb20vd3AtY29udGVudC91cGxvYWRzL3NpdGVzLzE2LzIwMjQvMDkvbWluY2VyLWh1bnRpbmcuanBn.webp\",\"contentUrl\":\"https:\/\/www.ankarsrum.com\/img-srv\/BYntGx4E5PkKJhJ74kd2Th0oSUQbP96GBgm9aCWNoTk\/resizing_type:auto\/width:0\/height:0\/gravity:sm\/enlarge:1\/ext:webp\/strip_metadata:1\/quality:90\/cachebuster:filesize-88016\/bG9jYWw6Ly8vd3d3LmFua2Fyc3J1bS5jb20vd3AtY29udGVudC91cGxvYWRzL3NpdGVzLzE2LzIwMjQvMDkvbWluY2VyLWh1bnRpbmcuanBn.webp\",\"width\":1080,\"height\":1080},{\"@type\":\"BreadcrumbList\",\"@id\":\"https:\/\/www.ankarsrum.com\/de\/product\/fleischwolf-kleines-paket\/#breadcrumb\",\"itemListElement\":[{\"@type\":\"ListItem\",\"position\":1,\"name\":\"Home\",\"item\":\"https:\/\/www.ankarsrum.com\/de\/\"},{\"@type\":\"ListItem\",\"position\":2,\"name\":\"Produce name\",\"item\":\"https:\/\/www.ankarsrum.com\/de\/shop\/\"},{\"@type\":\"ListItem\",\"position\":3,\"name\":\"Fleischwolf, Kleines Paket\"}]},{\"@type\":\"WebSite\",\"@id\":\"https:\/\/www.ankarsrum.com\/de\/#website\",\"url\":\"https:\/\/www.ankarsrum.com\/de\/\",\"name\":\"Ankarsrum Germany\",\"description\":\"The bread of the world\",\"potentialAction\":[{\"@type\":\"SearchAction\",\"target\":{\"@type\":\"EntryPoint\",\"urlTemplate\":\"https:\/\/www.ankarsrum.com\/de\/?s={search_term_string}\"},\"query-input\":{\"@type\":\"PropertyValueSpecification\",\"valueRequired\":true,\"valueName\":\"search_term_string\"}}],\"inLanguage\":\"de\"}]}<\/script>\n<!-- \/ Yoast SEO Premium plugin. -->","yoast_head_json":{"title":"Fleischwolf Kleines Paket \u2013 Ankarsrum Zubeh\u00f6r","description":"Effizientes Fleischwolf-Set von Ankarsrum k\u00fcchenmaschine. Perfekt f\u00fcr Hackfleisch und mehr \u2013 praktisch und vielseitig! Ankarsrum Assistent.","robots":{"index":"index","follow":"follow","max-snippet":"max-snippet:-1","max-image-preview":"max-image-preview:large","max-video-preview":"max-video-preview:-1"},"canonical":"https:\/\/www.ankarsrum.com\/de\/product\/fleischwolf-kleines-paket\/","og_locale":"de_DE","og_type":"article","og_title":"Fleischwolf, Kleines Paket","og_description":"Effizientes Fleischwolf-Set von Ankarsrum k\u00fcchenmaschine. Perfekt f\u00fcr Hackfleisch und mehr \u2013 praktisch und vielseitig! Ankarsrum Assistent.","og_url":"https:\/\/www.ankarsrum.com\/de\/product\/fleischwolf-kleines-paket\/","og_site_name":"Ankarsrum Germany","article_modified_time":"2026-05-08T05:21:10+00:00","og_image":[{"width":1080,"height":630,"url":"https:\/\/www.ankarsrum.com\/de\/wp-content\/uploads\/sites\/16\/2024\/09\/mincer-hunting.jpg","type":"image\/jpeg"}],"twitter_card":"summary_large_image","twitter_misc":{"Gesch\u00e4tzte Lesezeit":"2\u00a0Minuten"},"schema":{"@context":"https:\/\/schema.org","@graph":[{"@type":"WebPage","@id":"https:\/\/www.ankarsrum.com\/de\/product\/fleischwolf-kleines-paket\/","url":"https:\/\/www.ankarsrum.com\/de\/product\/fleischwolf-kleines-paket\/","name":"Fleischwolf Kleines Paket \u2013 Ankarsrum Zubeh\u00f6r","isPartOf":{"@id":"https:\/\/www.ankarsrum.com\/de\/#website"},"primaryImageOfPage":{"@id":"https:\/\/www.ankarsrum.com\/de\/product\/fleischwolf-kleines-paket\/#primaryimage"},"image":{"@id":"https:\/\/www.ankarsrum.com\/de\/product\/fleischwolf-kleines-paket\/#primaryimage"},"thumbnailUrl":"https:\/\/www.ankarsrum.com\/img-srv\/BYntGx4E5PkKJhJ74kd2Th0oSUQbP96GBgm9aCWNoTk\/resizing_type:auto\/width:0\/height:0\/gravity:sm\/enlarge:1\/ext:webp\/strip_metadata:1\/quality:90\/cachebuster:filesize-88016\/bG9jYWw6Ly8vd3d3LmFua2Fyc3J1bS5jb20vd3AtY29udGVudC91cGxvYWRzL3NpdGVzLzE2LzIwMjQvMDkvbWluY2VyLWh1bnRpbmcuanBn.webp","datePublished":"2024-07-16T07:28:42+00:00","dateModified":"2026-05-08T05:21:10+00:00","description":"Effizientes Fleischwolf-Set von Ankarsrum k\u00fcchenmaschine. Perfekt f\u00fcr Hackfleisch und mehr \u2013 praktisch und vielseitig! Ankarsrum Assistent.","breadcrumb":{"@id":"https:\/\/www.ankarsrum.com\/de\/product\/fleischwolf-kleines-paket\/#breadcrumb"},"inLanguage":"de","potentialAction":[{"@type":"ReadAction","target":["https:\/\/www.ankarsrum.com\/de\/product\/fleischwolf-kleines-paket\/"]}]},{"@type":"ImageObject","inLanguage":"de","@id":"https:\/\/www.ankarsrum.com\/de\/product\/fleischwolf-kleines-paket\/#primaryimage","url":"https:\/\/www.ankarsrum.com\/img-srv\/BYntGx4E5PkKJhJ74kd2Th0oSUQbP96GBgm9aCWNoTk\/resizing_type:auto\/width:0\/height:0\/gravity:sm\/enlarge:1\/ext:webp\/strip_metadata:1\/quality:90\/cachebuster:filesize-88016\/bG9jYWw6Ly8vd3d3LmFua2Fyc3J1bS5jb20vd3AtY29udGVudC91cGxvYWRzL3NpdGVzLzE2LzIwMjQvMDkvbWluY2VyLWh1bnRpbmcuanBn.webp","contentUrl":"https:\/\/www.ankarsrum.com\/img-srv\/BYntGx4E5PkKJhJ74kd2Th0oSUQbP96GBgm9aCWNoTk\/resizing_type:auto\/width:0\/height:0\/gravity:sm\/enlarge:1\/ext:webp\/strip_metadata:1\/quality:90\/cachebuster:filesize-88016\/bG9jYWw6Ly8vd3d3LmFua2Fyc3J1bS5jb20vd3AtY29udGVudC91cGxvYWRzL3NpdGVzLzE2LzIwMjQvMDkvbWluY2VyLWh1bnRpbmcuanBn.webp","width":1080,"height":1080},{"@type":"BreadcrumbList","@id":"https:\/\/www.ankarsrum.com\/de\/product\/fleischwolf-kleines-paket\/#breadcrumb","itemListElement":[{"@type":"ListItem","position":1,"name":"Home","item":"https:\/\/www.ankarsrum.com\/de\/"},{"@type":"ListItem","position":2,"name":"Produce name","item":"https:\/\/www.ankarsrum.com\/de\/shop\/"},{"@type":"ListItem","position":3,"name":"Fleischwolf, Kleines Paket"}]},{"@type":"WebSite","@id":"https:\/\/www.ankarsrum.com\/de\/#website","url":"https:\/\/www.ankarsrum.com\/de\/","name":"Ankarsrum Germany","description":"The bread of the world","potentialAction":[{"@type":"SearchAction","target":{"@type":"EntryPoint","urlTemplate":"https:\/\/www.ankarsrum.com\/de\/?s={search_term_string}"},"query-input":{"@type":"PropertyValueSpecification","valueRequired":true,"valueName":"search_term_string"}}],"inLanguage":"de"}]}},"_links":{"self":[{"href":"https:\/\/www.ankarsrum.com\/de\/wp-json\/wp\/v2\/product\/4799","targetHints":{"allow":["GET"]}}],"collection":[{"href":"https:\/\/www.ankarsrum.com\/de\/wp-json\/wp\/v2\/product"}],"about":[{"href":"https:\/\/www.ankarsrum.com\/de\/wp-json\/wp\/v2\/types\/product"}],"replies":[{"embeddable":true,"href":"https:\/\/www.ankarsrum.com\/de\/wp-json\/wp\/v2\/comments?post=4799"}],"wp:featuredmedia":[{"embeddable":true,"href":"https:\/\/www.ankarsrum.com\/de\/wp-json\/wp\/v2\/media\/10665"}],"wp:attachment":[{"href":"https:\/\/www.ankarsrum.com\/de\/wp-json\/wp\/v2\/media?parent=4799"}],"wp:term":[{"taxonomy":"product_brand","embeddable":true,"href":"https:\/\/www.ankarsrum.com\/de\/wp-json\/wp\/v2\/product_brand?post=4799"},{"taxonomy":"product_cat","embeddable":true,"href":"https:\/\/www.ankarsrum.com\/de\/wp-json\/wp\/v2\/product_cat?post=4799"},{"taxonomy":"product_tag","embeddable":true,"href":"https:\/\/www.ankarsrum.com\/de\/wp-json\/wp\/v2\/product_tag?post=4799"},{"taxonomy":"product-tag","embeddable":true,"href":"https:\/\/www.ankarsrum.com\/de\/wp-json\/wp\/v2\/product-tag?post=4799"},{"taxonomy":"machines","embeddable":true,"href":"https:\/\/www.ankarsrum.com\/de\/wp-json\/wp\/v2\/machines?post=4799"},{"taxonomy":"filter","embeddable":true,"href":"https:\/\/www.ankarsrum.com\/de\/wp-json\/wp\/v2\/filter?post=4799"}],"curies":[{"name":"wp","href":"https:\/\/api.w.org\/{rel}","templated":true}]}}