{"id":4802,"date":"2024-07-16T10:00:59","date_gmt":"2024-07-16T08:00:59","guid":{"rendered":"https:\/\/www.ankarsrum.com\/de\/product\/pastawalze-spaghetti\/"},"modified":"2026-04-29T06:36:08","modified_gmt":"2026-04-29T04:36:08","slug":"pastawalze-spaghetti","status":"publish","type":"product","link":"https:\/\/www.ankarsrum.com\/de\/product\/pastawalze-spaghetti\/","title":{"rendered":"Pastawalze Spaghetti"},"content":{"rendered":"<p>Die Italiener haben f\u00fcr jede Pastaform einen Namen. Pasta selber machen ist nicht Kochen, es ein Akt der Liebe!<\/p>\n<p>\u2022 Die Pastawalzen werden f\u00fcr Ankarsrum vom italienischen Premiumhersteller Marcato gefertigt, der \u00fcber 80 Jahre Erfahrung hat.<br \/>\u2022 Die Teigplatten, die Sie mithilfe der Lasagnewalze oder durch Ausrollen von Hand hergestellt haben, k\u00f6nnen Sie dann durch die Spaghettiwalze f\u00fchren.<br \/>\u2022 Mit dem Pastazubeh\u00f6r darf ausschlie\u00dflich Pastateig verarbeitet werden.<br \/>\u2022 Achten Sie darauf, nicht mit Ihren Fingern oder Fremdk\u00f6rpern in die Walzen zu geraten.<br \/>\u2022 Beugen Sie sich niemals \u00fcber die Walze, wenn die Assistent arbeitet.<br \/>\u2022 Die Pastawalzen passen auf alle Modelle der Assistent von N1\u2013N30.<\/p>","protected":false},"excerpt":{"rendered":"<p>Selbstgemachte Nudeln servieren, das macht bei jedem Essen einen guten Eindruck. Der Geschmack und die Konsistenz sind ein wundervolles Erlebnis f\u00fcr den Gaumen \u2013 und sie sind viel einfacher zu machen als Sie denken!<\/p>\n<p>Die Spaghettiwalze macht 2 mm breite Nudeln.<\/p>\n","protected":false},"featured_media":10618,"comment_status":"open","ping_status":"closed","template":"","meta":{"_acf_changed":false,"content-type":"","editor_notices":[]},"product_brand":[],"product_cat":[373],"product_tag":[],"product-tag":[],"machines":[],"filter":[214,218],"class_list":{"0":"post-4802","1":"product","2":"type-product","3":"status-publish","4":"has-post-thumbnail","6":"product_cat-ankarsrum-zubehor","7":"filter-food","8":"filter-pasta","10":"first","11":"instock","12":"taxable","13":"shipping-taxable","14":"product-type-simple"},"acf":[],"yoast_head":"<!-- This site is optimized with the Yoast SEO Premium plugin v26.6 (Yoast SEO v26.6) - https:\/\/yoast.com\/wordpress\/plugins\/seo\/ -->\n<title>Pastawalze f\u00fcr Spaghetti \u2013 Ankarsrum Knetmaschine Zubeh\u00f6r<\/title>\n<meta name=\"description\" content=\"Entdecken Sie die Pastawalze f\u00fcr Spaghetti von Ankarsrum. Perfekt f\u00fcr hausgemachte Pasta \u2013 einfach, schnell und k\u00f6stlich!\" \/>\n<meta name=\"robots\" content=\"index, follow, max-snippet:-1, max-image-preview:large, max-video-preview:-1\" \/>\n<link rel=\"canonical\" href=\"https:\/\/www.ankarsrum.com\/de\/product\/pastawalze-spaghetti\/\" \/>\n<meta property=\"og:locale\" content=\"de_DE\" \/>\n<meta property=\"og:type\" content=\"article\" \/>\n<meta property=\"og:title\" content=\"Pastawalze Spaghetti\" \/>\n<meta property=\"og:description\" content=\"Entdecken Sie die Pastawalze f\u00fcr Spaghetti von Ankarsrum. Perfekt f\u00fcr hausgemachte Pasta \u2013 einfach, schnell und k\u00f6stlich!\" \/>\n<meta property=\"og:url\" content=\"https:\/\/www.ankarsrum.com\/de\/product\/pastawalze-spaghetti\/\" \/>\n<meta property=\"og:site_name\" content=\"Ankarsrum Germany\" \/>\n<meta property=\"article:modified_time\" content=\"2026-04-29T04:36:08+00:00\" \/>\n<meta property=\"og:image\" content=\"https:\/\/www.ankarsrum.com\/de\/wp-content\/uploads\/sites\/16\/2024\/09\/spagetti-1.jpg\" \/>\n\t<meta property=\"og:image:width\" content=\"1200\" \/>\n\t<meta property=\"og:image:height\" content=\"630\" \/>\n\t<meta property=\"og:image:type\" content=\"image\/jpeg\" \/>\n<meta name=\"twitter:card\" content=\"summary_large_image\" \/>\n<meta name=\"twitter:label1\" content=\"Gesch\u00e4tzte Lesezeit\" \/>\n\t<meta name=\"twitter:data1\" content=\"1\u00a0Minute\" \/>\n<script type=\"application\/ld+json\" class=\"yoast-schema-graph\">{\"@context\":\"https:\/\/schema.org\",\"@graph\":[{\"@type\":\"WebPage\",\"@id\":\"https:\/\/www.ankarsrum.com\/de\/product\/pastawalze-spaghetti\/\",\"url\":\"https:\/\/www.ankarsrum.com\/de\/product\/pastawalze-spaghetti\/\",\"name\":\"Pastawalze f\u00fcr Spaghetti \u2013 Ankarsrum Knetmaschine Zubeh\u00f6r\",\"isPartOf\":{\"@id\":\"https:\/\/www.ankarsrum.com\/de\/#website\"},\"primaryImageOfPage\":{\"@id\":\"https:\/\/www.ankarsrum.com\/de\/product\/pastawalze-spaghetti\/#primaryimage\"},\"image\":{\"@id\":\"https:\/\/www.ankarsrum.com\/de\/product\/pastawalze-spaghetti\/#primaryimage\"},\"thumbnailUrl\":\"https:\/\/www.ankarsrum.com\/img-srv\/ib6Wwk3tIPvcd-3X83QJ1zMKOLy8winJsgEA8dWN6xQ\/resizing_type:auto\/width:0\/height:0\/gravity:sm\/enlarge:1\/ext:webp\/strip_metadata:1\/quality:90\/cachebuster:filesize-107584\/bG9jYWw6Ly8vd3d3LmFua2Fyc3J1bS5jb20vd3AtY29udGVudC91cGxvYWRzL3NpdGVzLzE2LzIwMjQvMDkvc3BhZ2V0dGktMS5qcGc.webp\",\"datePublished\":\"2024-07-16T08:00:59+00:00\",\"dateModified\":\"2026-04-29T04:36:08+00:00\",\"description\":\"Entdecken Sie die Pastawalze f\u00fcr Spaghetti von Ankarsrum. Perfekt f\u00fcr hausgemachte Pasta \u2013 einfach, schnell und k\u00f6stlich!\",\"breadcrumb\":{\"@id\":\"https:\/\/www.ankarsrum.com\/de\/product\/pastawalze-spaghetti\/#breadcrumb\"},\"inLanguage\":\"de\",\"potentialAction\":[{\"@type\":\"ReadAction\",\"target\":[\"https:\/\/www.ankarsrum.com\/de\/product\/pastawalze-spaghetti\/\"]}]},{\"@type\":\"ImageObject\",\"inLanguage\":\"de\",\"@id\":\"https:\/\/www.ankarsrum.com\/de\/product\/pastawalze-spaghetti\/#primaryimage\",\"url\":\"https:\/\/www.ankarsrum.com\/img-srv\/ib6Wwk3tIPvcd-3X83QJ1zMKOLy8winJsgEA8dWN6xQ\/resizing_type:auto\/width:0\/height:0\/gravity:sm\/enlarge:1\/ext:webp\/strip_metadata:1\/quality:90\/cachebuster:filesize-107584\/bG9jYWw6Ly8vd3d3LmFua2Fyc3J1bS5jb20vd3AtY29udGVudC91cGxvYWRzL3NpdGVzLzE2LzIwMjQvMDkvc3BhZ2V0dGktMS5qcGc.webp\",\"contentUrl\":\"https:\/\/www.ankarsrum.com\/img-srv\/ib6Wwk3tIPvcd-3X83QJ1zMKOLy8winJsgEA8dWN6xQ\/resizing_type:auto\/width:0\/height:0\/gravity:sm\/enlarge:1\/ext:webp\/strip_metadata:1\/quality:90\/cachebuster:filesize-107584\/bG9jYWw6Ly8vd3d3LmFua2Fyc3J1bS5jb20vd3AtY29udGVudC91cGxvYWRzL3NpdGVzLzE2LzIwMjQvMDkvc3BhZ2V0dGktMS5qcGc.webp\",\"width\":2000,\"height\":2000},{\"@type\":\"BreadcrumbList\",\"@id\":\"https:\/\/www.ankarsrum.com\/de\/product\/pastawalze-spaghetti\/#breadcrumb\",\"itemListElement\":[{\"@type\":\"ListItem\",\"position\":1,\"name\":\"Home\",\"item\":\"https:\/\/www.ankarsrum.com\/de\/\"},{\"@type\":\"ListItem\",\"position\":2,\"name\":\"Produce name\",\"item\":\"https:\/\/www.ankarsrum.com\/de\/shop\/\"},{\"@type\":\"ListItem\",\"position\":3,\"name\":\"Pastawalze Spaghetti\"}]},{\"@type\":\"WebSite\",\"@id\":\"https:\/\/www.ankarsrum.com\/de\/#website\",\"url\":\"https:\/\/www.ankarsrum.com\/de\/\",\"name\":\"Ankarsrum Germany\",\"description\":\"The bread of the world\",\"potentialAction\":[{\"@type\":\"SearchAction\",\"target\":{\"@type\":\"EntryPoint\",\"urlTemplate\":\"https:\/\/www.ankarsrum.com\/de\/?s={search_term_string}\"},\"query-input\":{\"@type\":\"PropertyValueSpecification\",\"valueRequired\":true,\"valueName\":\"search_term_string\"}}],\"inLanguage\":\"de\"}]}<\/script>\n<!-- \/ Yoast SEO Premium plugin. -->","yoast_head_json":{"title":"Pastawalze f\u00fcr Spaghetti \u2013 Ankarsrum Knetmaschine Zubeh\u00f6r","description":"Entdecken Sie die Pastawalze f\u00fcr Spaghetti von Ankarsrum. Perfekt f\u00fcr hausgemachte Pasta \u2013 einfach, schnell und k\u00f6stlich!","robots":{"index":"index","follow":"follow","max-snippet":"max-snippet:-1","max-image-preview":"max-image-preview:large","max-video-preview":"max-video-preview:-1"},"canonical":"https:\/\/www.ankarsrum.com\/de\/product\/pastawalze-spaghetti\/","og_locale":"de_DE","og_type":"article","og_title":"Pastawalze Spaghetti","og_description":"Entdecken Sie die Pastawalze f\u00fcr Spaghetti von Ankarsrum. Perfekt f\u00fcr hausgemachte Pasta \u2013 einfach, schnell und k\u00f6stlich!","og_url":"https:\/\/www.ankarsrum.com\/de\/product\/pastawalze-spaghetti\/","og_site_name":"Ankarsrum Germany","article_modified_time":"2026-04-29T04:36:08+00:00","og_image":[{"width":1200,"height":630,"url":"https:\/\/www.ankarsrum.com\/de\/wp-content\/uploads\/sites\/16\/2024\/09\/spagetti-1.jpg","type":"image\/jpeg"}],"twitter_card":"summary_large_image","twitter_misc":{"Gesch\u00e4tzte Lesezeit":"1\u00a0Minute"},"schema":{"@context":"https:\/\/schema.org","@graph":[{"@type":"WebPage","@id":"https:\/\/www.ankarsrum.com\/de\/product\/pastawalze-spaghetti\/","url":"https:\/\/www.ankarsrum.com\/de\/product\/pastawalze-spaghetti\/","name":"Pastawalze f\u00fcr Spaghetti \u2013 Ankarsrum Knetmaschine Zubeh\u00f6r","isPartOf":{"@id":"https:\/\/www.ankarsrum.com\/de\/#website"},"primaryImageOfPage":{"@id":"https:\/\/www.ankarsrum.com\/de\/product\/pastawalze-spaghetti\/#primaryimage"},"image":{"@id":"https:\/\/www.ankarsrum.com\/de\/product\/pastawalze-spaghetti\/#primaryimage"},"thumbnailUrl":"https:\/\/www.ankarsrum.com\/img-srv\/ib6Wwk3tIPvcd-3X83QJ1zMKOLy8winJsgEA8dWN6xQ\/resizing_type:auto\/width:0\/height:0\/gravity:sm\/enlarge:1\/ext:webp\/strip_metadata:1\/quality:90\/cachebuster:filesize-107584\/bG9jYWw6Ly8vd3d3LmFua2Fyc3J1bS5jb20vd3AtY29udGVudC91cGxvYWRzL3NpdGVzLzE2LzIwMjQvMDkvc3BhZ2V0dGktMS5qcGc.webp","datePublished":"2024-07-16T08:00:59+00:00","dateModified":"2026-04-29T04:36:08+00:00","description":"Entdecken Sie die Pastawalze f\u00fcr Spaghetti von Ankarsrum. Perfekt f\u00fcr hausgemachte Pasta \u2013 einfach, schnell und k\u00f6stlich!","breadcrumb":{"@id":"https:\/\/www.ankarsrum.com\/de\/product\/pastawalze-spaghetti\/#breadcrumb"},"inLanguage":"de","potentialAction":[{"@type":"ReadAction","target":["https:\/\/www.ankarsrum.com\/de\/product\/pastawalze-spaghetti\/"]}]},{"@type":"ImageObject","inLanguage":"de","@id":"https:\/\/www.ankarsrum.com\/de\/product\/pastawalze-spaghetti\/#primaryimage","url":"https:\/\/www.ankarsrum.com\/img-srv\/ib6Wwk3tIPvcd-3X83QJ1zMKOLy8winJsgEA8dWN6xQ\/resizing_type:auto\/width:0\/height:0\/gravity:sm\/enlarge:1\/ext:webp\/strip_metadata:1\/quality:90\/cachebuster:filesize-107584\/bG9jYWw6Ly8vd3d3LmFua2Fyc3J1bS5jb20vd3AtY29udGVudC91cGxvYWRzL3NpdGVzLzE2LzIwMjQvMDkvc3BhZ2V0dGktMS5qcGc.webp","contentUrl":"https:\/\/www.ankarsrum.com\/img-srv\/ib6Wwk3tIPvcd-3X83QJ1zMKOLy8winJsgEA8dWN6xQ\/resizing_type:auto\/width:0\/height:0\/gravity:sm\/enlarge:1\/ext:webp\/strip_metadata:1\/quality:90\/cachebuster:filesize-107584\/bG9jYWw6Ly8vd3d3LmFua2Fyc3J1bS5jb20vd3AtY29udGVudC91cGxvYWRzL3NpdGVzLzE2LzIwMjQvMDkvc3BhZ2V0dGktMS5qcGc.webp","width":2000,"height":2000},{"@type":"BreadcrumbList","@id":"https:\/\/www.ankarsrum.com\/de\/product\/pastawalze-spaghetti\/#breadcrumb","itemListElement":[{"@type":"ListItem","position":1,"name":"Home","item":"https:\/\/www.ankarsrum.com\/de\/"},{"@type":"ListItem","position":2,"name":"Produce name","item":"https:\/\/www.ankarsrum.com\/de\/shop\/"},{"@type":"ListItem","position":3,"name":"Pastawalze Spaghetti"}]},{"@type":"WebSite","@id":"https:\/\/www.ankarsrum.com\/de\/#website","url":"https:\/\/www.ankarsrum.com\/de\/","name":"Ankarsrum Germany","description":"The bread of the world","potentialAction":[{"@type":"SearchAction","target":{"@type":"EntryPoint","urlTemplate":"https:\/\/www.ankarsrum.com\/de\/?s={search_term_string}"},"query-input":{"@type":"PropertyValueSpecification","valueRequired":true,"valueName":"search_term_string"}}],"inLanguage":"de"}]}},"_links":{"self":[{"href":"https:\/\/www.ankarsrum.com\/de\/wp-json\/wp\/v2\/product\/4802","targetHints":{"allow":["GET"]}}],"collection":[{"href":"https:\/\/www.ankarsrum.com\/de\/wp-json\/wp\/v2\/product"}],"about":[{"href":"https:\/\/www.ankarsrum.com\/de\/wp-json\/wp\/v2\/types\/product"}],"replies":[{"embeddable":true,"href":"https:\/\/www.ankarsrum.com\/de\/wp-json\/wp\/v2\/comments?post=4802"}],"wp:featuredmedia":[{"embeddable":true,"href":"https:\/\/www.ankarsrum.com\/de\/wp-json\/wp\/v2\/media\/10618"}],"wp:attachment":[{"href":"https:\/\/www.ankarsrum.com\/de\/wp-json\/wp\/v2\/media?parent=4802"}],"wp:term":[{"taxonomy":"product_brand","embeddable":true,"href":"https:\/\/www.ankarsrum.com\/de\/wp-json\/wp\/v2\/product_brand?post=4802"},{"taxonomy":"product_cat","embeddable":true,"href":"https:\/\/www.ankarsrum.com\/de\/wp-json\/wp\/v2\/product_cat?post=4802"},{"taxonomy":"product_tag","embeddable":true,"href":"https:\/\/www.ankarsrum.com\/de\/wp-json\/wp\/v2\/product_tag?post=4802"},{"taxonomy":"product-tag","embeddable":true,"href":"https:\/\/www.ankarsrum.com\/de\/wp-json\/wp\/v2\/product-tag?post=4802"},{"taxonomy":"machines","embeddable":true,"href":"https:\/\/www.ankarsrum.com\/de\/wp-json\/wp\/v2\/machines?post=4802"},{"taxonomy":"filter","embeddable":true,"href":"https:\/\/www.ankarsrum.com\/de\/wp-json\/wp\/v2\/filter?post=4802"}],"curies":[{"name":"wp","href":"https:\/\/api.w.org\/{rel}","templated":true}]}}