{"id":4806,"date":"2024-07-10T11:17:47","date_gmt":"2024-07-10T09:17:47","guid":{"rendered":"https:\/\/www.ankarsrum.com\/de\/product\/planetenruehrwerk\/"},"modified":"2026-04-15T05:25:58","modified_gmt":"2026-04-15T03:25:58","slug":"planeten-schlagwerk","status":"publish","type":"product","link":"https:\/\/www.ankarsrum.com\/de\/product\/planeten-schlagwerk\/","title":{"rendered":"Double Beater Including Beater"},"content":{"rendered":"<p>Double Beater Including Beater<\/p>","protected":false},"excerpt":{"rendered":"<p>Fits all Assistent Originals.<\/p>\n","protected":false},"featured_media":10310,"comment_status":"open","ping_status":"closed","template":"","meta":{"_acf_changed":false,"content-type":"","editor_notices":[]},"product_brand":[],"product_cat":[370],"product_tag":[],"product-tag":[],"machines":[],"filter":[],"class_list":{"0":"post-4806","1":"product","2":"type-product","3":"status-publish","4":"has-post-thumbnail","6":"product_cat-replacement-parts","8":"first","9":"instock","10":"taxable","11":"shipping-taxable","12":"product-type-simple"},"acf":[],"yoast_head":"<!-- This site is optimized with the Yoast SEO Premium plugin v26.6 (Yoast SEO v26.6) - https:\/\/yoast.com\/wordpress\/plugins\/seo\/ -->\n<title>Planeten-Schlagwerk | Ankarsrum Assistent<\/title>\n<meta name=\"description\" content=\"Zubeh\u00f6r f\u00fcr die Ankarsrum Assistent: Planeten-Schlagwerk f\u00fcr kontrolliertes Arbeiten beim R\u00fchren und Schlagen.\" \/>\n<meta name=\"robots\" content=\"index, follow, max-snippet:-1, max-image-preview:large, max-video-preview:-1\" \/>\n<link rel=\"canonical\" href=\"https:\/\/www.ankarsrum.com\/de\/product\/planeten-schlagwerk\/\" \/>\n<meta property=\"og:locale\" content=\"de_DE\" \/>\n<meta property=\"og:type\" content=\"article\" \/>\n<meta property=\"og:title\" content=\"Double Beater Including Beater\" \/>\n<meta property=\"og:description\" content=\"Zubeh\u00f6r f\u00fcr die Ankarsrum Assistent: Planeten-Schlagwerk f\u00fcr kontrolliertes Arbeiten beim R\u00fchren und Schlagen.\" \/>\n<meta property=\"og:url\" content=\"https:\/\/www.ankarsrum.com\/de\/product\/planeten-schlagwerk\/\" \/>\n<meta property=\"og:site_name\" content=\"Ankarsrum Germany\" \/>\n<meta property=\"article:modified_time\" content=\"2026-04-15T03:25:58+00:00\" \/>\n<meta property=\"og:image\" content=\"https:\/\/www.ankarsrum.com\/de\/wp-content\/uploads\/sites\/16\/2024\/09\/doublebeater-and-cookie-inc-beater-hed-920000053-50.jpg\" \/>\n\t<meta property=\"og:image:width\" content=\"1000\" \/>\n\t<meta property=\"og:image:height\" content=\"630\" \/>\n\t<meta property=\"og:image:type\" content=\"image\/jpeg\" \/>\n<meta name=\"twitter:card\" content=\"summary_large_image\" \/>\n<meta name=\"twitter:label1\" content=\"Gesch\u00e4tzte Lesezeit\" \/>\n\t<meta name=\"twitter:data1\" content=\"1\u00a0Minute\" \/>\n<script type=\"application\/ld+json\" class=\"yoast-schema-graph\">{\"@context\":\"https:\/\/schema.org\",\"@graph\":[{\"@type\":\"WebPage\",\"@id\":\"https:\/\/www.ankarsrum.com\/de\/product\/planeten-schlagwerk\/\",\"url\":\"https:\/\/www.ankarsrum.com\/de\/product\/planeten-schlagwerk\/\",\"name\":\"Planeten-Schlagwerk | Ankarsrum Assistent\",\"isPartOf\":{\"@id\":\"https:\/\/www.ankarsrum.com\/de\/#website\"},\"primaryImageOfPage\":{\"@id\":\"https:\/\/www.ankarsrum.com\/de\/product\/planeten-schlagwerk\/#primaryimage\"},\"image\":{\"@id\":\"https:\/\/www.ankarsrum.com\/de\/product\/planeten-schlagwerk\/#primaryimage\"},\"thumbnailUrl\":\"https:\/\/www.ankarsrum.com\/img-srv\/7gtrLlTnVQpm1C49bJioKsQTaqtPfUZzi2JLTCWQN5s\/resizing_type:auto\/width:0\/height:0\/gravity:sm\/enlarge:1\/ext:webp\/strip_metadata:1\/quality:90\/cachebuster:filesize-65232\/bG9jYWw6Ly8vd3d3LmFua2Fyc3J1bS5jb20vd3AtY29udGVudC91cGxvYWRzL3NpdGVzLzE2LzIwMjQvMDkvZG91YmxlYmVhdGVyLWFuZC1jb29raWUtaW5jLWJlYXRlci1oZWQtOTIwMDAwMDUzLTUwLmpwZw.webp\",\"datePublished\":\"2024-07-10T09:17:47+00:00\",\"dateModified\":\"2026-04-15T03:25:58+00:00\",\"description\":\"Zubeh\u00f6r f\u00fcr die Ankarsrum Assistent: Planeten-Schlagwerk f\u00fcr kontrolliertes Arbeiten beim R\u00fchren und Schlagen.\",\"breadcrumb\":{\"@id\":\"https:\/\/www.ankarsrum.com\/de\/product\/planeten-schlagwerk\/#breadcrumb\"},\"inLanguage\":\"de\",\"potentialAction\":[{\"@type\":\"ReadAction\",\"target\":[\"https:\/\/www.ankarsrum.com\/de\/product\/planeten-schlagwerk\/\"]}]},{\"@type\":\"ImageObject\",\"inLanguage\":\"de\",\"@id\":\"https:\/\/www.ankarsrum.com\/de\/product\/planeten-schlagwerk\/#primaryimage\",\"url\":\"https:\/\/www.ankarsrum.com\/img-srv\/7gtrLlTnVQpm1C49bJioKsQTaqtPfUZzi2JLTCWQN5s\/resizing_type:auto\/width:0\/height:0\/gravity:sm\/enlarge:1\/ext:webp\/strip_metadata:1\/quality:90\/cachebuster:filesize-65232\/bG9jYWw6Ly8vd3d3LmFua2Fyc3J1bS5jb20vd3AtY29udGVudC91cGxvYWRzL3NpdGVzLzE2LzIwMjQvMDkvZG91YmxlYmVhdGVyLWFuZC1jb29raWUtaW5jLWJlYXRlci1oZWQtOTIwMDAwMDUzLTUwLmpwZw.webp\",\"contentUrl\":\"https:\/\/www.ankarsrum.com\/img-srv\/7gtrLlTnVQpm1C49bJioKsQTaqtPfUZzi2JLTCWQN5s\/resizing_type:auto\/width:0\/height:0\/gravity:sm\/enlarge:1\/ext:webp\/strip_metadata:1\/quality:90\/cachebuster:filesize-65232\/bG9jYWw6Ly8vd3d3LmFua2Fyc3J1bS5jb20vd3AtY29udGVudC91cGxvYWRzL3NpdGVzLzE2LzIwMjQvMDkvZG91YmxlYmVhdGVyLWFuZC1jb29raWUtaW5jLWJlYXRlci1oZWQtOTIwMDAwMDUzLTUwLmpwZw.webp\",\"width\":1000,\"height\":1000},{\"@type\":\"BreadcrumbList\",\"@id\":\"https:\/\/www.ankarsrum.com\/de\/product\/planeten-schlagwerk\/#breadcrumb\",\"itemListElement\":[{\"@type\":\"ListItem\",\"position\":1,\"name\":\"Home\",\"item\":\"https:\/\/www.ankarsrum.com\/de\/\"},{\"@type\":\"ListItem\",\"position\":2,\"name\":\"Produce name\",\"item\":\"https:\/\/www.ankarsrum.com\/de\/shop\/\"},{\"@type\":\"ListItem\",\"position\":3,\"name\":\"Double Beater Including Beater\"}]},{\"@type\":\"WebSite\",\"@id\":\"https:\/\/www.ankarsrum.com\/de\/#website\",\"url\":\"https:\/\/www.ankarsrum.com\/de\/\",\"name\":\"Ankarsrum Germany\",\"description\":\"The bread of the world\",\"potentialAction\":[{\"@type\":\"SearchAction\",\"target\":{\"@type\":\"EntryPoint\",\"urlTemplate\":\"https:\/\/www.ankarsrum.com\/de\/?s={search_term_string}\"},\"query-input\":{\"@type\":\"PropertyValueSpecification\",\"valueRequired\":true,\"valueName\":\"search_term_string\"}}],\"inLanguage\":\"de\"}]}<\/script>\n<!-- \/ Yoast SEO Premium plugin. -->","yoast_head_json":{"title":"Planeten-Schlagwerk | Ankarsrum Assistent","description":"Zubeh\u00f6r f\u00fcr die Ankarsrum Assistent: Planeten-Schlagwerk f\u00fcr kontrolliertes Arbeiten beim R\u00fchren und Schlagen.","robots":{"index":"index","follow":"follow","max-snippet":"max-snippet:-1","max-image-preview":"max-image-preview:large","max-video-preview":"max-video-preview:-1"},"canonical":"https:\/\/www.ankarsrum.com\/de\/product\/planeten-schlagwerk\/","og_locale":"de_DE","og_type":"article","og_title":"Double Beater Including Beater","og_description":"Zubeh\u00f6r f\u00fcr die Ankarsrum Assistent: Planeten-Schlagwerk f\u00fcr kontrolliertes Arbeiten beim R\u00fchren und Schlagen.","og_url":"https:\/\/www.ankarsrum.com\/de\/product\/planeten-schlagwerk\/","og_site_name":"Ankarsrum Germany","article_modified_time":"2026-04-15T03:25:58+00:00","og_image":[{"width":1000,"height":630,"url":"https:\/\/www.ankarsrum.com\/de\/wp-content\/uploads\/sites\/16\/2024\/09\/doublebeater-and-cookie-inc-beater-hed-920000053-50.jpg","type":"image\/jpeg"}],"twitter_card":"summary_large_image","twitter_misc":{"Gesch\u00e4tzte Lesezeit":"1\u00a0Minute"},"schema":{"@context":"https:\/\/schema.org","@graph":[{"@type":"WebPage","@id":"https:\/\/www.ankarsrum.com\/de\/product\/planeten-schlagwerk\/","url":"https:\/\/www.ankarsrum.com\/de\/product\/planeten-schlagwerk\/","name":"Planeten-Schlagwerk | Ankarsrum Assistent","isPartOf":{"@id":"https:\/\/www.ankarsrum.com\/de\/#website"},"primaryImageOfPage":{"@id":"https:\/\/www.ankarsrum.com\/de\/product\/planeten-schlagwerk\/#primaryimage"},"image":{"@id":"https:\/\/www.ankarsrum.com\/de\/product\/planeten-schlagwerk\/#primaryimage"},"thumbnailUrl":"https:\/\/www.ankarsrum.com\/img-srv\/7gtrLlTnVQpm1C49bJioKsQTaqtPfUZzi2JLTCWQN5s\/resizing_type:auto\/width:0\/height:0\/gravity:sm\/enlarge:1\/ext:webp\/strip_metadata:1\/quality:90\/cachebuster:filesize-65232\/bG9jYWw6Ly8vd3d3LmFua2Fyc3J1bS5jb20vd3AtY29udGVudC91cGxvYWRzL3NpdGVzLzE2LzIwMjQvMDkvZG91YmxlYmVhdGVyLWFuZC1jb29raWUtaW5jLWJlYXRlci1oZWQtOTIwMDAwMDUzLTUwLmpwZw.webp","datePublished":"2024-07-10T09:17:47+00:00","dateModified":"2026-04-15T03:25:58+00:00","description":"Zubeh\u00f6r f\u00fcr die Ankarsrum Assistent: Planeten-Schlagwerk f\u00fcr kontrolliertes Arbeiten beim R\u00fchren und Schlagen.","breadcrumb":{"@id":"https:\/\/www.ankarsrum.com\/de\/product\/planeten-schlagwerk\/#breadcrumb"},"inLanguage":"de","potentialAction":[{"@type":"ReadAction","target":["https:\/\/www.ankarsrum.com\/de\/product\/planeten-schlagwerk\/"]}]},{"@type":"ImageObject","inLanguage":"de","@id":"https:\/\/www.ankarsrum.com\/de\/product\/planeten-schlagwerk\/#primaryimage","url":"https:\/\/www.ankarsrum.com\/img-srv\/7gtrLlTnVQpm1C49bJioKsQTaqtPfUZzi2JLTCWQN5s\/resizing_type:auto\/width:0\/height:0\/gravity:sm\/enlarge:1\/ext:webp\/strip_metadata:1\/quality:90\/cachebuster:filesize-65232\/bG9jYWw6Ly8vd3d3LmFua2Fyc3J1bS5jb20vd3AtY29udGVudC91cGxvYWRzL3NpdGVzLzE2LzIwMjQvMDkvZG91YmxlYmVhdGVyLWFuZC1jb29raWUtaW5jLWJlYXRlci1oZWQtOTIwMDAwMDUzLTUwLmpwZw.webp","contentUrl":"https:\/\/www.ankarsrum.com\/img-srv\/7gtrLlTnVQpm1C49bJioKsQTaqtPfUZzi2JLTCWQN5s\/resizing_type:auto\/width:0\/height:0\/gravity:sm\/enlarge:1\/ext:webp\/strip_metadata:1\/quality:90\/cachebuster:filesize-65232\/bG9jYWw6Ly8vd3d3LmFua2Fyc3J1bS5jb20vd3AtY29udGVudC91cGxvYWRzL3NpdGVzLzE2LzIwMjQvMDkvZG91YmxlYmVhdGVyLWFuZC1jb29raWUtaW5jLWJlYXRlci1oZWQtOTIwMDAwMDUzLTUwLmpwZw.webp","width":1000,"height":1000},{"@type":"BreadcrumbList","@id":"https:\/\/www.ankarsrum.com\/de\/product\/planeten-schlagwerk\/#breadcrumb","itemListElement":[{"@type":"ListItem","position":1,"name":"Home","item":"https:\/\/www.ankarsrum.com\/de\/"},{"@type":"ListItem","position":2,"name":"Produce name","item":"https:\/\/www.ankarsrum.com\/de\/shop\/"},{"@type":"ListItem","position":3,"name":"Double Beater Including Beater"}]},{"@type":"WebSite","@id":"https:\/\/www.ankarsrum.com\/de\/#website","url":"https:\/\/www.ankarsrum.com\/de\/","name":"Ankarsrum Germany","description":"The bread of the world","potentialAction":[{"@type":"SearchAction","target":{"@type":"EntryPoint","urlTemplate":"https:\/\/www.ankarsrum.com\/de\/?s={search_term_string}"},"query-input":{"@type":"PropertyValueSpecification","valueRequired":true,"valueName":"search_term_string"}}],"inLanguage":"de"}]}},"_links":{"self":[{"href":"https:\/\/www.ankarsrum.com\/de\/wp-json\/wp\/v2\/product\/4806","targetHints":{"allow":["GET"]}}],"collection":[{"href":"https:\/\/www.ankarsrum.com\/de\/wp-json\/wp\/v2\/product"}],"about":[{"href":"https:\/\/www.ankarsrum.com\/de\/wp-json\/wp\/v2\/types\/product"}],"replies":[{"embeddable":true,"href":"https:\/\/www.ankarsrum.com\/de\/wp-json\/wp\/v2\/comments?post=4806"}],"wp:featuredmedia":[{"embeddable":true,"href":"https:\/\/www.ankarsrum.com\/de\/wp-json\/wp\/v2\/media\/10310"}],"wp:attachment":[{"href":"https:\/\/www.ankarsrum.com\/de\/wp-json\/wp\/v2\/media?parent=4806"}],"wp:term":[{"taxonomy":"product_brand","embeddable":true,"href":"https:\/\/www.ankarsrum.com\/de\/wp-json\/wp\/v2\/product_brand?post=4806"},{"taxonomy":"product_cat","embeddable":true,"href":"https:\/\/www.ankarsrum.com\/de\/wp-json\/wp\/v2\/product_cat?post=4806"},{"taxonomy":"product_tag","embeddable":true,"href":"https:\/\/www.ankarsrum.com\/de\/wp-json\/wp\/v2\/product_tag?post=4806"},{"taxonomy":"product-tag","embeddable":true,"href":"https:\/\/www.ankarsrum.com\/de\/wp-json\/wp\/v2\/product-tag?post=4806"},{"taxonomy":"machines","embeddable":true,"href":"https:\/\/www.ankarsrum.com\/de\/wp-json\/wp\/v2\/machines?post=4806"},{"taxonomy":"filter","embeddable":true,"href":"https:\/\/www.ankarsrum.com\/de\/wp-json\/wp\/v2\/filter?post=4806"}],"curies":[{"name":"wp","href":"https:\/\/api.w.org\/{rel}","templated":true}]}}