{"id":4813,"date":"2024-07-09T20:45:23","date_gmt":"2024-07-09T18:45:23","guid":{"rendered":"https:\/\/www.ankarsrum.com\/de\/product\/assistent-original-black-chrome-bc\/"},"modified":"2026-04-14T05:20:49","modified_gmt":"2026-04-14T03:20:49","slug":"assistent-original-black-chrome-bc","status":"publish","type":"product","link":"https:\/\/www.ankarsrum.com\/de\/product\/assistent-original-black-chrome-bc\/","title":{"rendered":"Ankarsrum Assistent Original K\u00fcchenmaschine &#8211; Black Chrome"},"content":{"rendered":"<ol>\n<li><strong>Handgefertigt<\/strong> in Schweden. Die K\u00fcchenmaschine ist besonders robust gearbeitet. Jede Maschine wird vor Verlassen der Fabrik individuellen Tests unterzogen.<\/li>\n<li>Die erste in Schweden produzierte K\u00fcchenmaschine. Die <strong>Ankarsrum Assistent Original wurde 1940<\/strong> erstmals lanciert. \u00dcber die Jahre ist die Maschine mit einem leistungsst\u00e4rkeren Motor, einer stufenlosen Geschwindigkeitsregulierung und einem \u00dcberlastungsschutz ausgestattet worden, die zur Leistungssteigerung und verbesserten Sicherheit beigetragen haben.<\/li>\n<li><strong>Neun Funktionen<\/strong>\u00a0erleichtern die K\u00fcchenarbeit. Mit ihrem umfangreichen Zubeh\u00f6r-Set kann die Maschine sowohl zum R\u00fchren, Mixen, Kneten und P\u00fcrieren, als auch zum Mahlen, Raspeln, W\u00fcrstchen stopfen und Passieren genutzt werden. Das aktuelle Model der K\u00fcchenmaschine ist mit \u00e4lteren Modellen kompatibel. Dies bedeutet auch, dass neues Zubeh\u00f6r mit \u00e4lteren Modellen der Ankarsrum Assistent Original kompatibel ist und Vice versa.<\/li>\n<li>Mehr Spielraum im Vergleich zu Konkurrenz-Produkten. Da die R\u00fchrsch\u00fcssel ganze 7 l Volumen fasst, k\u00f6nnen in einem Arbeitsschritt bis zu <strong>5 kg Teig hergestellt werden<\/strong>. Die Sch\u00fcssel ist oberhalb des Motors und des Getriebekastens angebracht, so dass die Sch\u00fcssel selbst rotiert und nicht der R\u00fchrbesen oder Knethaken, wie bei anderen K\u00fcchenmaschinen \u00fcblich. Diese Art der Konstruktion erm\u00f6glicht eine effektivere Nutzung des Motors und erleichtert au\u00dferdem die K\u00fcchenarbeit. Die Zutaten k\u00f6nnen einfach w\u00e4hrend des R\u00fchr- oder Knetvorgangs von oben nachgef\u00fcllt werden.<\/li>\n<li><strong>Stil<\/strong>. Das charakteristische Design ist heute noch genauso beliebt wie schon in den 1950er Jahren. Es wurde von Diplom-Ingenieur Alvar Lenning entworfen. Mit der Zeit wurde das cr\u00e8mefarbene Original um zahlreiche Farbvarianten erweitert.\u00a0<\/li>\n<\/ol>","protected":false},"excerpt":{"rendered":"<p>Die Assistent Original wird im eigenen Werk in Schweden von Hand gefertigt und montiert \u2013 und das bereits seit 1940. Jede Maschine wird genauestens gepr\u00fcft, bevor sie das Werk verl\u00e4sst. Unsere Arbeit steht unter den Leitprinzipien Qualit\u00e4t, Funktionalit\u00e4t und Design.<\/p>\n","protected":false},"featured_media":10279,"comment_status":"open","ping_status":"closed","template":"","meta":{"_acf_changed":false,"content-type":"","editor_notices":[]},"product_brand":[],"product_cat":[376],"product_tag":[],"product-tag":[],"machines":[],"filter":[],"class_list":{"0":"post-4813","1":"product","2":"type-product","3":"status-publish","4":"has-post-thumbnail","6":"product_cat-ankarsrum-kuchenmaschinen","8":"first","9":"instock","10":"taxable","11":"shipping-taxable","12":"product-type-simple"},"acf":[],"yoast_head":"<!-- This site is optimized with the Yoast SEO Premium plugin v26.6 (Yoast SEO v26.6) - https:\/\/yoast.com\/wordpress\/plugins\/seo\/ -->\n<title>K\u00fcchenmaschine Schwarz Chrom \u2013 Ankarsrum Assistent Original<\/title>\n<meta name=\"description\" content=\"Die Ankarsrum Assistent Original in Black Chrome \u2013 die luxuri\u00f6se schwarze K\u00fcchenmaschine mit Chromakzenten f\u00fcr Ihre stilvolle K\u00fcche.\" \/>\n<meta name=\"robots\" content=\"index, follow, max-snippet:-1, max-image-preview:large, max-video-preview:-1\" \/>\n<link rel=\"canonical\" href=\"https:\/\/www.ankarsrum.com\/de\/product\/assistent-original-black-chrome-bc\/\" \/>\n<meta property=\"og:locale\" content=\"de_DE\" \/>\n<meta property=\"og:type\" content=\"article\" \/>\n<meta property=\"og:title\" content=\"Ankarsrum Assistent Original K\u00fcchenmaschine - Black Chrome\" \/>\n<meta property=\"og:description\" content=\"Die Ankarsrum Assistent Original in Black Chrome \u2013 die luxuri\u00f6se schwarze K\u00fcchenmaschine mit Chromakzenten f\u00fcr Ihre stilvolle K\u00fcche.\" \/>\n<meta property=\"og:url\" content=\"https:\/\/www.ankarsrum.com\/de\/product\/assistent-original-black-chrome-bc\/\" \/>\n<meta property=\"og:site_name\" content=\"Ankarsrum Germany\" \/>\n<meta property=\"article:modified_time\" content=\"2026-04-14T03:20:49+00:00\" \/>\n<meta property=\"og:image\" content=\"https:\/\/www.ankarsrum.com\/de\/wp-content\/uploads\/sites\/16\/2024\/09\/ankarsrum-assistent-original-black-chrome-hero.jpg\" \/>\n\t<meta property=\"og:image:width\" content=\"1200\" \/>\n\t<meta property=\"og:image:height\" content=\"630\" \/>\n\t<meta property=\"og:image:type\" content=\"image\/jpeg\" \/>\n<meta name=\"twitter:card\" content=\"summary_large_image\" \/>\n<meta name=\"twitter:label1\" content=\"Gesch\u00e4tzte Lesezeit\" \/>\n\t<meta name=\"twitter:data1\" content=\"2\u00a0Minuten\" \/>\n<script type=\"application\/ld+json\" class=\"yoast-schema-graph\">{\"@context\":\"https:\/\/schema.org\",\"@graph\":[{\"@type\":\"WebPage\",\"@id\":\"https:\/\/www.ankarsrum.com\/de\/product\/assistent-original-black-chrome-bc\/\",\"url\":\"https:\/\/www.ankarsrum.com\/de\/product\/assistent-original-black-chrome-bc\/\",\"name\":\"K\u00fcchenmaschine Schwarz Chrom \u2013 Ankarsrum Assistent Original\",\"isPartOf\":{\"@id\":\"https:\/\/www.ankarsrum.com\/de\/#website\"},\"primaryImageOfPage\":{\"@id\":\"https:\/\/www.ankarsrum.com\/de\/product\/assistent-original-black-chrome-bc\/#primaryimage\"},\"image\":{\"@id\":\"https:\/\/www.ankarsrum.com\/de\/product\/assistent-original-black-chrome-bc\/#primaryimage\"},\"thumbnailUrl\":\"https:\/\/www.ankarsrum.com\/img-srv\/NCqv0Kr4q0k4UF_hUk5fv6QmMb8LGFwKQfJl-LcPdtI\/resizing_type:auto\/width:0\/height:0\/gravity:sm\/enlarge:1\/ext:webp\/strip_metadata:1\/quality:90\/cachebuster:filesize-227202\/bG9jYWw6Ly8vd3d3LmFua2Fyc3J1bS5jb20vd3AtY29udGVudC91cGxvYWRzL3NpdGVzLzE2LzIwMjQvMDkvYW5rYXJzcnVtLWFzc2lzdGVudC1vcmlnaW5hbC1ibGFjay1jaHJvbWUtaGVyby5qcGc.webp\",\"datePublished\":\"2024-07-09T18:45:23+00:00\",\"dateModified\":\"2026-04-14T03:20:49+00:00\",\"description\":\"Die Ankarsrum Assistent Original in Black Chrome \u2013 die luxuri\u00f6se schwarze K\u00fcchenmaschine mit Chromakzenten f\u00fcr Ihre stilvolle K\u00fcche.\",\"breadcrumb\":{\"@id\":\"https:\/\/www.ankarsrum.com\/de\/product\/assistent-original-black-chrome-bc\/#breadcrumb\"},\"inLanguage\":\"de\",\"potentialAction\":[{\"@type\":\"ReadAction\",\"target\":[\"https:\/\/www.ankarsrum.com\/de\/product\/assistent-original-black-chrome-bc\/\"]}]},{\"@type\":\"ImageObject\",\"inLanguage\":\"de\",\"@id\":\"https:\/\/www.ankarsrum.com\/de\/product\/assistent-original-black-chrome-bc\/#primaryimage\",\"url\":\"https:\/\/www.ankarsrum.com\/img-srv\/NCqv0Kr4q0k4UF_hUk5fv6QmMb8LGFwKQfJl-LcPdtI\/resizing_type:auto\/width:0\/height:0\/gravity:sm\/enlarge:1\/ext:webp\/strip_metadata:1\/quality:90\/cachebuster:filesize-227202\/bG9jYWw6Ly8vd3d3LmFua2Fyc3J1bS5jb20vd3AtY29udGVudC91cGxvYWRzL3NpdGVzLzE2LzIwMjQvMDkvYW5rYXJzcnVtLWFzc2lzdGVudC1vcmlnaW5hbC1ibGFjay1jaHJvbWUtaGVyby5qcGc.webp\",\"contentUrl\":\"https:\/\/www.ankarsrum.com\/img-srv\/NCqv0Kr4q0k4UF_hUk5fv6QmMb8LGFwKQfJl-LcPdtI\/resizing_type:auto\/width:0\/height:0\/gravity:sm\/enlarge:1\/ext:webp\/strip_metadata:1\/quality:90\/cachebuster:filesize-227202\/bG9jYWw6Ly8vd3d3LmFua2Fyc3J1bS5jb20vd3AtY29udGVudC91cGxvYWRzL3NpdGVzLzE2LzIwMjQvMDkvYW5rYXJzcnVtLWFzc2lzdGVudC1vcmlnaW5hbC1ibGFjay1jaHJvbWUtaGVyby5qcGc.webp\",\"width\":2000,\"height\":2000},{\"@type\":\"BreadcrumbList\",\"@id\":\"https:\/\/www.ankarsrum.com\/de\/product\/assistent-original-black-chrome-bc\/#breadcrumb\",\"itemListElement\":[{\"@type\":\"ListItem\",\"position\":1,\"name\":\"Home\",\"item\":\"https:\/\/www.ankarsrum.com\/de\/\"},{\"@type\":\"ListItem\",\"position\":2,\"name\":\"Produce name\",\"item\":\"https:\/\/www.ankarsrum.com\/de\/shop\/\"},{\"@type\":\"ListItem\",\"position\":3,\"name\":\"Ankarsrum Assistent Original K\u00fcchenmaschine &#8211; Black Chrome\"}]},{\"@type\":\"WebSite\",\"@id\":\"https:\/\/www.ankarsrum.com\/de\/#website\",\"url\":\"https:\/\/www.ankarsrum.com\/de\/\",\"name\":\"Ankarsrum Germany\",\"description\":\"The bread of the world\",\"potentialAction\":[{\"@type\":\"SearchAction\",\"target\":{\"@type\":\"EntryPoint\",\"urlTemplate\":\"https:\/\/www.ankarsrum.com\/de\/?s={search_term_string}\"},\"query-input\":{\"@type\":\"PropertyValueSpecification\",\"valueRequired\":true,\"valueName\":\"search_term_string\"}}],\"inLanguage\":\"de\"}]}<\/script>\n<!-- \/ Yoast SEO Premium plugin. -->","yoast_head_json":{"title":"K\u00fcchenmaschine Schwarz Chrom \u2013 Ankarsrum Assistent Original","description":"Die Ankarsrum Assistent Original in Black Chrome \u2013 die luxuri\u00f6se schwarze K\u00fcchenmaschine mit Chromakzenten f\u00fcr Ihre stilvolle K\u00fcche.","robots":{"index":"index","follow":"follow","max-snippet":"max-snippet:-1","max-image-preview":"max-image-preview:large","max-video-preview":"max-video-preview:-1"},"canonical":"https:\/\/www.ankarsrum.com\/de\/product\/assistent-original-black-chrome-bc\/","og_locale":"de_DE","og_type":"article","og_title":"Ankarsrum Assistent Original K\u00fcchenmaschine - Black Chrome","og_description":"Die Ankarsrum Assistent Original in Black Chrome \u2013 die luxuri\u00f6se schwarze K\u00fcchenmaschine mit Chromakzenten f\u00fcr Ihre stilvolle K\u00fcche.","og_url":"https:\/\/www.ankarsrum.com\/de\/product\/assistent-original-black-chrome-bc\/","og_site_name":"Ankarsrum Germany","article_modified_time":"2026-04-14T03:20:49+00:00","og_image":[{"width":1200,"height":630,"url":"https:\/\/www.ankarsrum.com\/de\/wp-content\/uploads\/sites\/16\/2024\/09\/ankarsrum-assistent-original-black-chrome-hero.jpg","type":"image\/jpeg"}],"twitter_card":"summary_large_image","twitter_misc":{"Gesch\u00e4tzte Lesezeit":"2\u00a0Minuten"},"schema":{"@context":"https:\/\/schema.org","@graph":[{"@type":"WebPage","@id":"https:\/\/www.ankarsrum.com\/de\/product\/assistent-original-black-chrome-bc\/","url":"https:\/\/www.ankarsrum.com\/de\/product\/assistent-original-black-chrome-bc\/","name":"K\u00fcchenmaschine Schwarz Chrom \u2013 Ankarsrum Assistent Original","isPartOf":{"@id":"https:\/\/www.ankarsrum.com\/de\/#website"},"primaryImageOfPage":{"@id":"https:\/\/www.ankarsrum.com\/de\/product\/assistent-original-black-chrome-bc\/#primaryimage"},"image":{"@id":"https:\/\/www.ankarsrum.com\/de\/product\/assistent-original-black-chrome-bc\/#primaryimage"},"thumbnailUrl":"https:\/\/www.ankarsrum.com\/img-srv\/NCqv0Kr4q0k4UF_hUk5fv6QmMb8LGFwKQfJl-LcPdtI\/resizing_type:auto\/width:0\/height:0\/gravity:sm\/enlarge:1\/ext:webp\/strip_metadata:1\/quality:90\/cachebuster:filesize-227202\/bG9jYWw6Ly8vd3d3LmFua2Fyc3J1bS5jb20vd3AtY29udGVudC91cGxvYWRzL3NpdGVzLzE2LzIwMjQvMDkvYW5rYXJzcnVtLWFzc2lzdGVudC1vcmlnaW5hbC1ibGFjay1jaHJvbWUtaGVyby5qcGc.webp","datePublished":"2024-07-09T18:45:23+00:00","dateModified":"2026-04-14T03:20:49+00:00","description":"Die Ankarsrum Assistent Original in Black Chrome \u2013 die luxuri\u00f6se schwarze K\u00fcchenmaschine mit Chromakzenten f\u00fcr Ihre stilvolle K\u00fcche.","breadcrumb":{"@id":"https:\/\/www.ankarsrum.com\/de\/product\/assistent-original-black-chrome-bc\/#breadcrumb"},"inLanguage":"de","potentialAction":[{"@type":"ReadAction","target":["https:\/\/www.ankarsrum.com\/de\/product\/assistent-original-black-chrome-bc\/"]}]},{"@type":"ImageObject","inLanguage":"de","@id":"https:\/\/www.ankarsrum.com\/de\/product\/assistent-original-black-chrome-bc\/#primaryimage","url":"https:\/\/www.ankarsrum.com\/img-srv\/NCqv0Kr4q0k4UF_hUk5fv6QmMb8LGFwKQfJl-LcPdtI\/resizing_type:auto\/width:0\/height:0\/gravity:sm\/enlarge:1\/ext:webp\/strip_metadata:1\/quality:90\/cachebuster:filesize-227202\/bG9jYWw6Ly8vd3d3LmFua2Fyc3J1bS5jb20vd3AtY29udGVudC91cGxvYWRzL3NpdGVzLzE2LzIwMjQvMDkvYW5rYXJzcnVtLWFzc2lzdGVudC1vcmlnaW5hbC1ibGFjay1jaHJvbWUtaGVyby5qcGc.webp","contentUrl":"https:\/\/www.ankarsrum.com\/img-srv\/NCqv0Kr4q0k4UF_hUk5fv6QmMb8LGFwKQfJl-LcPdtI\/resizing_type:auto\/width:0\/height:0\/gravity:sm\/enlarge:1\/ext:webp\/strip_metadata:1\/quality:90\/cachebuster:filesize-227202\/bG9jYWw6Ly8vd3d3LmFua2Fyc3J1bS5jb20vd3AtY29udGVudC91cGxvYWRzL3NpdGVzLzE2LzIwMjQvMDkvYW5rYXJzcnVtLWFzc2lzdGVudC1vcmlnaW5hbC1ibGFjay1jaHJvbWUtaGVyby5qcGc.webp","width":2000,"height":2000},{"@type":"BreadcrumbList","@id":"https:\/\/www.ankarsrum.com\/de\/product\/assistent-original-black-chrome-bc\/#breadcrumb","itemListElement":[{"@type":"ListItem","position":1,"name":"Home","item":"https:\/\/www.ankarsrum.com\/de\/"},{"@type":"ListItem","position":2,"name":"Produce name","item":"https:\/\/www.ankarsrum.com\/de\/shop\/"},{"@type":"ListItem","position":3,"name":"Ankarsrum Assistent Original K\u00fcchenmaschine &#8211; Black Chrome"}]},{"@type":"WebSite","@id":"https:\/\/www.ankarsrum.com\/de\/#website","url":"https:\/\/www.ankarsrum.com\/de\/","name":"Ankarsrum Germany","description":"The bread of the world","potentialAction":[{"@type":"SearchAction","target":{"@type":"EntryPoint","urlTemplate":"https:\/\/www.ankarsrum.com\/de\/?s={search_term_string}"},"query-input":{"@type":"PropertyValueSpecification","valueRequired":true,"valueName":"search_term_string"}}],"inLanguage":"de"}]}},"_links":{"self":[{"href":"https:\/\/www.ankarsrum.com\/de\/wp-json\/wp\/v2\/product\/4813","targetHints":{"allow":["GET"]}}],"collection":[{"href":"https:\/\/www.ankarsrum.com\/de\/wp-json\/wp\/v2\/product"}],"about":[{"href":"https:\/\/www.ankarsrum.com\/de\/wp-json\/wp\/v2\/types\/product"}],"replies":[{"embeddable":true,"href":"https:\/\/www.ankarsrum.com\/de\/wp-json\/wp\/v2\/comments?post=4813"}],"wp:featuredmedia":[{"embeddable":true,"href":"https:\/\/www.ankarsrum.com\/de\/wp-json\/wp\/v2\/media\/10279"}],"wp:attachment":[{"href":"https:\/\/www.ankarsrum.com\/de\/wp-json\/wp\/v2\/media?parent=4813"}],"wp:term":[{"taxonomy":"product_brand","embeddable":true,"href":"https:\/\/www.ankarsrum.com\/de\/wp-json\/wp\/v2\/product_brand?post=4813"},{"taxonomy":"product_cat","embeddable":true,"href":"https:\/\/www.ankarsrum.com\/de\/wp-json\/wp\/v2\/product_cat?post=4813"},{"taxonomy":"product_tag","embeddable":true,"href":"https:\/\/www.ankarsrum.com\/de\/wp-json\/wp\/v2\/product_tag?post=4813"},{"taxonomy":"product-tag","embeddable":true,"href":"https:\/\/www.ankarsrum.com\/de\/wp-json\/wp\/v2\/product-tag?post=4813"},{"taxonomy":"machines","embeddable":true,"href":"https:\/\/www.ankarsrum.com\/de\/wp-json\/wp\/v2\/machines?post=4813"},{"taxonomy":"filter","embeddable":true,"href":"https:\/\/www.ankarsrum.com\/de\/wp-json\/wp\/v2\/filter?post=4813"}],"curies":[{"name":"wp","href":"https:\/\/api.w.org\/{rel}","templated":true}]}}