{"id":5085,"date":"2024-07-16T10:48:09","date_gmt":"2024-07-16T08:48:09","guid":{"rendered":"https:\/\/www.ankarsrum.com\/de\/product\/go-green\/"},"modified":"2026-05-08T07:21:13","modified_gmt":"2026-05-08T05:21:13","slug":"go-green","status":"publish","type":"product","link":"https:\/\/www.ankarsrum.com\/de\/product\/go-green\/","title":{"rendered":"Go Green"},"content":{"rendered":"\n<ul>\n<li>Gem\u00fcseschneider<\/li>\n<li>\u00a0Mixeraufsatz<\/li>\n<li>Zitruspresse<\/li>\n<\/ul>","protected":false},"excerpt":{"rendered":"<p>Willkommen in einer gr\u00fcneren Welt! Mit einer Ankarsrum Assistent Original ist es einfach, Ihren Tag mit Obst und Gem\u00fcse anzureichern und \u00fcberwiegend vegetarisch zu kochen.<\/p>\n<p>Be healthy, eat healthy, go healthy &#8211; Go Green!<\/p>\n","protected":false},"featured_media":10544,"comment_status":"open","ping_status":"closed","template":"","meta":{"_acf_changed":false,"content-type":"","editor_notices":[]},"product_brand":[],"product_cat":[373],"product_tag":[],"product-tag":[],"machines":[],"filter":[214,222],"class_list":{"0":"post-5085","1":"product","2":"type-product","3":"status-publish","4":"has-post-thumbnail","6":"product_cat-ankarsrum-zubehor","7":"filter-food","8":"filter-go-green","10":"first","11":"instock","12":"taxable","13":"shipping-taxable","14":"product-type-simple"},"acf":[],"yoast_head":"<!-- This site is optimized with the Yoast SEO Premium plugin v26.6 (Yoast SEO v26.6) - https:\/\/yoast.com\/wordpress\/plugins\/seo\/ -->\n<title>Ankarsrum Go Green Paket \u2013 K\u00fcchenmaschine Zubeh\u00f6r<\/title>\n<meta name=\"description\" content=\"Das Ankarsrum Go Green Paket f\u00fcr Ihre K\u00fcchenmaschine \u2013 perfektes Zubeh\u00f6r f\u00fcr Smoothies, S\u00e4fte und eine gesunde Ern\u00e4hrung.\" \/>\n<meta name=\"robots\" content=\"index, follow, max-snippet:-1, max-image-preview:large, max-video-preview:-1\" \/>\n<link rel=\"canonical\" href=\"https:\/\/www.ankarsrum.com\/de\/product\/go-green\/\" \/>\n<meta property=\"og:locale\" content=\"de_DE\" \/>\n<meta property=\"og:type\" content=\"article\" \/>\n<meta property=\"og:title\" content=\"Go Green\" \/>\n<meta property=\"og:description\" content=\"Das Ankarsrum Go Green Paket f\u00fcr Ihre K\u00fcchenmaschine \u2013 perfektes Zubeh\u00f6r f\u00fcr Smoothies, S\u00e4fte und eine gesunde Ern\u00e4hrung.\" \/>\n<meta property=\"og:url\" content=\"https:\/\/www.ankarsrum.com\/de\/product\/go-green\/\" \/>\n<meta property=\"og:site_name\" content=\"Ankarsrum Germany\" \/>\n<meta property=\"article:modified_time\" content=\"2026-05-08T05:21:13+00:00\" \/>\n<meta property=\"og:image\" content=\"https:\/\/www.ankarsrum.com\/de\/wp-content\/uploads\/sites\/16\/2024\/09\/go-green.jpg\" \/>\n\t<meta property=\"og:image:width\" content=\"1200\" \/>\n\t<meta property=\"og:image:height\" content=\"630\" \/>\n\t<meta property=\"og:image:type\" content=\"image\/jpeg\" \/>\n<meta name=\"twitter:card\" content=\"summary_large_image\" \/>\n<meta name=\"twitter:label1\" content=\"Gesch\u00e4tzte Lesezeit\" \/>\n\t<meta name=\"twitter:data1\" content=\"1\u00a0Minute\" \/>\n<script type=\"application\/ld+json\" class=\"yoast-schema-graph\">{\"@context\":\"https:\/\/schema.org\",\"@graph\":[{\"@type\":\"WebPage\",\"@id\":\"https:\/\/www.ankarsrum.com\/de\/product\/go-green\/\",\"url\":\"https:\/\/www.ankarsrum.com\/de\/product\/go-green\/\",\"name\":\"Ankarsrum Go Green Paket \u2013 K\u00fcchenmaschine Zubeh\u00f6r\",\"isPartOf\":{\"@id\":\"https:\/\/www.ankarsrum.com\/de\/#website\"},\"primaryImageOfPage\":{\"@id\":\"https:\/\/www.ankarsrum.com\/de\/product\/go-green\/#primaryimage\"},\"image\":{\"@id\":\"https:\/\/www.ankarsrum.com\/de\/product\/go-green\/#primaryimage\"},\"thumbnailUrl\":\"https:\/\/www.ankarsrum.com\/img-srv\/l2OQm-xwXtiYJHfggUZScZHusPC36oqbaZaTS0I83bs\/resizing_type:auto\/width:0\/height:0\/gravity:sm\/enlarge:1\/ext:webp\/strip_metadata:1\/quality:90\/cachebuster:filesize-168702\/bG9jYWw6Ly8vd3d3LmFua2Fyc3J1bS5jb20vd3AtY29udGVudC91cGxvYWRzL3NpdGVzLzE2LzIwMjQvMDkvZ28tZ3JlZW4uanBn.webp\",\"datePublished\":\"2024-07-16T08:48:09+00:00\",\"dateModified\":\"2026-05-08T05:21:13+00:00\",\"description\":\"Das Ankarsrum Go Green Paket f\u00fcr Ihre K\u00fcchenmaschine \u2013 perfektes Zubeh\u00f6r f\u00fcr Smoothies, S\u00e4fte und eine gesunde Ern\u00e4hrung.\",\"breadcrumb\":{\"@id\":\"https:\/\/www.ankarsrum.com\/de\/product\/go-green\/#breadcrumb\"},\"inLanguage\":\"de\",\"potentialAction\":[{\"@type\":\"ReadAction\",\"target\":[\"https:\/\/www.ankarsrum.com\/de\/product\/go-green\/\"]}]},{\"@type\":\"ImageObject\",\"inLanguage\":\"de\",\"@id\":\"https:\/\/www.ankarsrum.com\/de\/product\/go-green\/#primaryimage\",\"url\":\"https:\/\/www.ankarsrum.com\/img-srv\/l2OQm-xwXtiYJHfggUZScZHusPC36oqbaZaTS0I83bs\/resizing_type:auto\/width:0\/height:0\/gravity:sm\/enlarge:1\/ext:webp\/strip_metadata:1\/quality:90\/cachebuster:filesize-168702\/bG9jYWw6Ly8vd3d3LmFua2Fyc3J1bS5jb20vd3AtY29udGVudC91cGxvYWRzL3NpdGVzLzE2LzIwMjQvMDkvZ28tZ3JlZW4uanBn.webp\",\"contentUrl\":\"https:\/\/www.ankarsrum.com\/img-srv\/l2OQm-xwXtiYJHfggUZScZHusPC36oqbaZaTS0I83bs\/resizing_type:auto\/width:0\/height:0\/gravity:sm\/enlarge:1\/ext:webp\/strip_metadata:1\/quality:90\/cachebuster:filesize-168702\/bG9jYWw6Ly8vd3d3LmFua2Fyc3J1bS5jb20vd3AtY29udGVudC91cGxvYWRzL3NpdGVzLzE2LzIwMjQvMDkvZ28tZ3JlZW4uanBn.webp\",\"width\":2000,\"height\":2000},{\"@type\":\"BreadcrumbList\",\"@id\":\"https:\/\/www.ankarsrum.com\/de\/product\/go-green\/#breadcrumb\",\"itemListElement\":[{\"@type\":\"ListItem\",\"position\":1,\"name\":\"Home\",\"item\":\"https:\/\/www.ankarsrum.com\/de\/\"},{\"@type\":\"ListItem\",\"position\":2,\"name\":\"Produce name\",\"item\":\"https:\/\/www.ankarsrum.com\/de\/shop\/\"},{\"@type\":\"ListItem\",\"position\":3,\"name\":\"Go Green\"}]},{\"@type\":\"WebSite\",\"@id\":\"https:\/\/www.ankarsrum.com\/de\/#website\",\"url\":\"https:\/\/www.ankarsrum.com\/de\/\",\"name\":\"Ankarsrum Germany\",\"description\":\"The bread of the world\",\"potentialAction\":[{\"@type\":\"SearchAction\",\"target\":{\"@type\":\"EntryPoint\",\"urlTemplate\":\"https:\/\/www.ankarsrum.com\/de\/?s={search_term_string}\"},\"query-input\":{\"@type\":\"PropertyValueSpecification\",\"valueRequired\":true,\"valueName\":\"search_term_string\"}}],\"inLanguage\":\"de\"}]}<\/script>\n<!-- \/ Yoast SEO Premium plugin. -->","yoast_head_json":{"title":"Ankarsrum Go Green Paket \u2013 K\u00fcchenmaschine Zubeh\u00f6r","description":"Das Ankarsrum Go Green Paket f\u00fcr Ihre K\u00fcchenmaschine \u2013 perfektes Zubeh\u00f6r f\u00fcr Smoothies, S\u00e4fte und eine gesunde Ern\u00e4hrung.","robots":{"index":"index","follow":"follow","max-snippet":"max-snippet:-1","max-image-preview":"max-image-preview:large","max-video-preview":"max-video-preview:-1"},"canonical":"https:\/\/www.ankarsrum.com\/de\/product\/go-green\/","og_locale":"de_DE","og_type":"article","og_title":"Go Green","og_description":"Das Ankarsrum Go Green Paket f\u00fcr Ihre K\u00fcchenmaschine \u2013 perfektes Zubeh\u00f6r f\u00fcr Smoothies, S\u00e4fte und eine gesunde Ern\u00e4hrung.","og_url":"https:\/\/www.ankarsrum.com\/de\/product\/go-green\/","og_site_name":"Ankarsrum Germany","article_modified_time":"2026-05-08T05:21:13+00:00","og_image":[{"width":1200,"height":630,"url":"https:\/\/www.ankarsrum.com\/de\/wp-content\/uploads\/sites\/16\/2024\/09\/go-green.jpg","type":"image\/jpeg"}],"twitter_card":"summary_large_image","twitter_misc":{"Gesch\u00e4tzte Lesezeit":"1\u00a0Minute"},"schema":{"@context":"https:\/\/schema.org","@graph":[{"@type":"WebPage","@id":"https:\/\/www.ankarsrum.com\/de\/product\/go-green\/","url":"https:\/\/www.ankarsrum.com\/de\/product\/go-green\/","name":"Ankarsrum Go Green Paket \u2013 K\u00fcchenmaschine Zubeh\u00f6r","isPartOf":{"@id":"https:\/\/www.ankarsrum.com\/de\/#website"},"primaryImageOfPage":{"@id":"https:\/\/www.ankarsrum.com\/de\/product\/go-green\/#primaryimage"},"image":{"@id":"https:\/\/www.ankarsrum.com\/de\/product\/go-green\/#primaryimage"},"thumbnailUrl":"https:\/\/www.ankarsrum.com\/img-srv\/l2OQm-xwXtiYJHfggUZScZHusPC36oqbaZaTS0I83bs\/resizing_type:auto\/width:0\/height:0\/gravity:sm\/enlarge:1\/ext:webp\/strip_metadata:1\/quality:90\/cachebuster:filesize-168702\/bG9jYWw6Ly8vd3d3LmFua2Fyc3J1bS5jb20vd3AtY29udGVudC91cGxvYWRzL3NpdGVzLzE2LzIwMjQvMDkvZ28tZ3JlZW4uanBn.webp","datePublished":"2024-07-16T08:48:09+00:00","dateModified":"2026-05-08T05:21:13+00:00","description":"Das Ankarsrum Go Green Paket f\u00fcr Ihre K\u00fcchenmaschine \u2013 perfektes Zubeh\u00f6r f\u00fcr Smoothies, S\u00e4fte und eine gesunde Ern\u00e4hrung.","breadcrumb":{"@id":"https:\/\/www.ankarsrum.com\/de\/product\/go-green\/#breadcrumb"},"inLanguage":"de","potentialAction":[{"@type":"ReadAction","target":["https:\/\/www.ankarsrum.com\/de\/product\/go-green\/"]}]},{"@type":"ImageObject","inLanguage":"de","@id":"https:\/\/www.ankarsrum.com\/de\/product\/go-green\/#primaryimage","url":"https:\/\/www.ankarsrum.com\/img-srv\/l2OQm-xwXtiYJHfggUZScZHusPC36oqbaZaTS0I83bs\/resizing_type:auto\/width:0\/height:0\/gravity:sm\/enlarge:1\/ext:webp\/strip_metadata:1\/quality:90\/cachebuster:filesize-168702\/bG9jYWw6Ly8vd3d3LmFua2Fyc3J1bS5jb20vd3AtY29udGVudC91cGxvYWRzL3NpdGVzLzE2LzIwMjQvMDkvZ28tZ3JlZW4uanBn.webp","contentUrl":"https:\/\/www.ankarsrum.com\/img-srv\/l2OQm-xwXtiYJHfggUZScZHusPC36oqbaZaTS0I83bs\/resizing_type:auto\/width:0\/height:0\/gravity:sm\/enlarge:1\/ext:webp\/strip_metadata:1\/quality:90\/cachebuster:filesize-168702\/bG9jYWw6Ly8vd3d3LmFua2Fyc3J1bS5jb20vd3AtY29udGVudC91cGxvYWRzL3NpdGVzLzE2LzIwMjQvMDkvZ28tZ3JlZW4uanBn.webp","width":2000,"height":2000},{"@type":"BreadcrumbList","@id":"https:\/\/www.ankarsrum.com\/de\/product\/go-green\/#breadcrumb","itemListElement":[{"@type":"ListItem","position":1,"name":"Home","item":"https:\/\/www.ankarsrum.com\/de\/"},{"@type":"ListItem","position":2,"name":"Produce name","item":"https:\/\/www.ankarsrum.com\/de\/shop\/"},{"@type":"ListItem","position":3,"name":"Go Green"}]},{"@type":"WebSite","@id":"https:\/\/www.ankarsrum.com\/de\/#website","url":"https:\/\/www.ankarsrum.com\/de\/","name":"Ankarsrum Germany","description":"The bread of the world","potentialAction":[{"@type":"SearchAction","target":{"@type":"EntryPoint","urlTemplate":"https:\/\/www.ankarsrum.com\/de\/?s={search_term_string}"},"query-input":{"@type":"PropertyValueSpecification","valueRequired":true,"valueName":"search_term_string"}}],"inLanguage":"de"}]}},"_links":{"self":[{"href":"https:\/\/www.ankarsrum.com\/de\/wp-json\/wp\/v2\/product\/5085","targetHints":{"allow":["GET"]}}],"collection":[{"href":"https:\/\/www.ankarsrum.com\/de\/wp-json\/wp\/v2\/product"}],"about":[{"href":"https:\/\/www.ankarsrum.com\/de\/wp-json\/wp\/v2\/types\/product"}],"replies":[{"embeddable":true,"href":"https:\/\/www.ankarsrum.com\/de\/wp-json\/wp\/v2\/comments?post=5085"}],"wp:featuredmedia":[{"embeddable":true,"href":"https:\/\/www.ankarsrum.com\/de\/wp-json\/wp\/v2\/media\/10544"}],"wp:attachment":[{"href":"https:\/\/www.ankarsrum.com\/de\/wp-json\/wp\/v2\/media?parent=5085"}],"wp:term":[{"taxonomy":"product_brand","embeddable":true,"href":"https:\/\/www.ankarsrum.com\/de\/wp-json\/wp\/v2\/product_brand?post=5085"},{"taxonomy":"product_cat","embeddable":true,"href":"https:\/\/www.ankarsrum.com\/de\/wp-json\/wp\/v2\/product_cat?post=5085"},{"taxonomy":"product_tag","embeddable":true,"href":"https:\/\/www.ankarsrum.com\/de\/wp-json\/wp\/v2\/product_tag?post=5085"},{"taxonomy":"product-tag","embeddable":true,"href":"https:\/\/www.ankarsrum.com\/de\/wp-json\/wp\/v2\/product-tag?post=5085"},{"taxonomy":"machines","embeddable":true,"href":"https:\/\/www.ankarsrum.com\/de\/wp-json\/wp\/v2\/machines?post=5085"},{"taxonomy":"filter","embeddable":true,"href":"https:\/\/www.ankarsrum.com\/de\/wp-json\/wp\/v2\/filter?post=5085"}],"curies":[{"name":"wp","href":"https:\/\/api.w.org\/{rel}","templated":true}]}}