{"id":7853,"date":"2024-07-16T14:32:17","date_gmt":"2024-07-16T12:32:17","guid":{"rendered":"https:\/\/www.ankarsrum.com\/de\/product\/pastawalze-lasagnette\/"},"modified":"2026-04-16T05:31:22","modified_gmt":"2026-04-16T03:31:22","slug":"pastawalze-lasagnette","status":"publish","type":"product","link":"https:\/\/www.ankarsrum.com\/de\/product\/pastawalze-lasagnette\/","title":{"rendered":"Pastawalze Lasagnette"},"content":{"rendered":"<p>\u2022 Die Pastawalzen werden f\u00fcr Ankarsrum vom italienischen Premiumhersteller Marcato gefertigt, der \u00fcber 80 Jahre Erfahrung hat.<br \/>\u2022 Die Teigplatten, die Sie mithilfe der Lasagnewalze oder durch Ausrollen von Hand hergestellt haben, k\u00f6nnen Sie danach durch die Fettuccinewalze f\u00fchren.<br \/>\u2022 Mit dem Pastazubeh\u00f6r darf ausschlie\u00dflich Pastateig verarbeitet werden.<br \/>\u2022 Achten Sie darauf, nicht mit Ihren Fingern oder Fremdk\u00f6rpern in die Walzen zu geraten.<br \/>\u2022 Beugen Sie sich niemals \u00fcber die Walze, wenn die Assistent arbeitet.<br \/>\u2022 Die Pastawalzen passen auf alle Modelle der Assistent von N1\u2013N30.<\/p>","protected":false},"excerpt":{"rendered":"<p>Selbstgemachte Nudeln servieren, das macht bei jedem Essen einen guten Eindruck. Der Geschmack und die Konsistenz sind ein wundervolles Erlebnis f\u00fcr den Gaumen \u2013 und sie sind viel einfacher zu machen als Sie denken!<\/p>\n<p>Die Rolle ist 145 mm breit und rollt auf eine Dicke von 4,8 mm bis 0,6 mm aus.\u00a0<br \/>Die Lasagnette macht 10 mm breite Nudeln.<\/p>\n","protected":false},"featured_media":10633,"comment_status":"open","ping_status":"closed","template":"","meta":{"_acf_changed":false,"content-type":"","editor_notices":[]},"product_brand":[],"product_cat":[388,373],"product_tag":[],"product-tag":[],"machines":[],"filter":[214,218],"class_list":{"0":"post-7853","1":"product","2":"type-product","3":"status-publish","4":"has-post-thumbnail","6":"product_cat-sale","7":"product_cat-ankarsrum-zubehor","8":"filter-food","9":"filter-pasta","11":"first","12":"instock","13":"taxable","14":"shipping-taxable","15":"product-type-simple"},"acf":[],"yoast_head":"<!-- This site is optimized with the Yoast SEO Premium plugin v26.6 (Yoast SEO v26.6) - https:\/\/yoast.com\/wordpress\/plugins\/seo\/ -->\n<title>Pastawalze Lasagnette \u2013 Ankarsrum Zubeh\u00f6r<\/title>\n<meta name=\"description\" content=\"Pastawalze f\u00fcr Lasagnette \u2013 das ideale Zubeh\u00f6r f\u00fcr Ihre Ankarsrum K\u00fcchenmaschine, um hausgemachte Pasta m\u00fchelos herzustellen.\" \/>\n<meta name=\"robots\" content=\"index, follow, max-snippet:-1, max-image-preview:large, max-video-preview:-1\" \/>\n<link rel=\"canonical\" href=\"https:\/\/www.ankarsrum.com\/de\/product\/pastawalze-lasagnette\/\" \/>\n<meta property=\"og:locale\" content=\"de_DE\" \/>\n<meta property=\"og:type\" content=\"article\" \/>\n<meta property=\"og:title\" content=\"Pastawalze Lasagnette\" \/>\n<meta property=\"og:description\" content=\"Pastawalze f\u00fcr Lasagnette \u2013 das ideale Zubeh\u00f6r f\u00fcr Ihre Ankarsrum K\u00fcchenmaschine, um hausgemachte Pasta m\u00fchelos herzustellen.\" \/>\n<meta property=\"og:url\" content=\"https:\/\/www.ankarsrum.com\/de\/product\/pastawalze-lasagnette\/\" \/>\n<meta property=\"og:site_name\" content=\"Ankarsrum Germany\" \/>\n<meta property=\"article:modified_time\" content=\"2026-04-16T03:31:22+00:00\" \/>\n<meta property=\"og:image\" content=\"https:\/\/www.ankarsrum.com\/de\/wp-content\/uploads\/sites\/16\/2024\/09\/lasagnette-angle-1-scaled.jpg\" \/>\n\t<meta property=\"og:image:width\" content=\"1200\" \/>\n\t<meta property=\"og:image:height\" content=\"630\" \/>\n\t<meta property=\"og:image:type\" content=\"image\/jpeg\" \/>\n<meta name=\"twitter:card\" content=\"summary_large_image\" \/>\n<meta name=\"twitter:label1\" content=\"Gesch\u00e4tzte Lesezeit\" \/>\n\t<meta name=\"twitter:data1\" content=\"1\u00a0Minute\" \/>\n<script type=\"application\/ld+json\" class=\"yoast-schema-graph\">{\"@context\":\"https:\/\/schema.org\",\"@graph\":[{\"@type\":\"WebPage\",\"@id\":\"https:\/\/www.ankarsrum.com\/de\/product\/pastawalze-lasagnette\/\",\"url\":\"https:\/\/www.ankarsrum.com\/de\/product\/pastawalze-lasagnette\/\",\"name\":\"Pastawalze Lasagnette \u2013 Ankarsrum Zubeh\u00f6r\",\"isPartOf\":{\"@id\":\"https:\/\/www.ankarsrum.com\/de\/#website\"},\"primaryImageOfPage\":{\"@id\":\"https:\/\/www.ankarsrum.com\/de\/product\/pastawalze-lasagnette\/#primaryimage\"},\"image\":{\"@id\":\"https:\/\/www.ankarsrum.com\/de\/product\/pastawalze-lasagnette\/#primaryimage\"},\"thumbnailUrl\":\"https:\/\/www.ankarsrum.com\/img-srv\/a-8KcS6g1QJA9aJCshJjXR17u66Ls5Yq5YzNHz5X-HM\/resizing_type:auto\/width:0\/height:0\/gravity:sm\/enlarge:1\/ext:webp\/strip_metadata:1\/quality:90\/cachebuster:filesize-209377\/bG9jYWw6Ly8vd3d3LmFua2Fyc3J1bS5jb20vd3AtY29udGVudC91cGxvYWRzL3NpdGVzLzE2LzIwMjQvMDkvbGFzYWduZXR0ZS1hbmdsZS0xLXNjYWxlZC5qcGc.webp\",\"datePublished\":\"2024-07-16T12:32:17+00:00\",\"dateModified\":\"2026-04-16T03:31:22+00:00\",\"description\":\"Pastawalze f\u00fcr Lasagnette \u2013 das ideale Zubeh\u00f6r f\u00fcr Ihre Ankarsrum K\u00fcchenmaschine, um hausgemachte Pasta m\u00fchelos herzustellen.\",\"breadcrumb\":{\"@id\":\"https:\/\/www.ankarsrum.com\/de\/product\/pastawalze-lasagnette\/#breadcrumb\"},\"inLanguage\":\"de\",\"potentialAction\":[{\"@type\":\"ReadAction\",\"target\":[\"https:\/\/www.ankarsrum.com\/de\/product\/pastawalze-lasagnette\/\"]}]},{\"@type\":\"ImageObject\",\"inLanguage\":\"de\",\"@id\":\"https:\/\/www.ankarsrum.com\/de\/product\/pastawalze-lasagnette\/#primaryimage\",\"url\":\"https:\/\/www.ankarsrum.com\/img-srv\/a-8KcS6g1QJA9aJCshJjXR17u66Ls5Yq5YzNHz5X-HM\/resizing_type:auto\/width:0\/height:0\/gravity:sm\/enlarge:1\/ext:webp\/strip_metadata:1\/quality:90\/cachebuster:filesize-209377\/bG9jYWw6Ly8vd3d3LmFua2Fyc3J1bS5jb20vd3AtY29udGVudC91cGxvYWRzL3NpdGVzLzE2LzIwMjQvMDkvbGFzYWduZXR0ZS1hbmdsZS0xLXNjYWxlZC5qcGc.webp\",\"contentUrl\":\"https:\/\/www.ankarsrum.com\/img-srv\/a-8KcS6g1QJA9aJCshJjXR17u66Ls5Yq5YzNHz5X-HM\/resizing_type:auto\/width:0\/height:0\/gravity:sm\/enlarge:1\/ext:webp\/strip_metadata:1\/quality:90\/cachebuster:filesize-209377\/bG9jYWw6Ly8vd3d3LmFua2Fyc3J1bS5jb20vd3AtY29udGVudC91cGxvYWRzL3NpdGVzLzE2LzIwMjQvMDkvbGFzYWduZXR0ZS1hbmdsZS0xLXNjYWxlZC5qcGc.webp\",\"width\":2560,\"height\":2560},{\"@type\":\"BreadcrumbList\",\"@id\":\"https:\/\/www.ankarsrum.com\/de\/product\/pastawalze-lasagnette\/#breadcrumb\",\"itemListElement\":[{\"@type\":\"ListItem\",\"position\":1,\"name\":\"Home\",\"item\":\"https:\/\/www.ankarsrum.com\/de\/\"},{\"@type\":\"ListItem\",\"position\":2,\"name\":\"Produce name\",\"item\":\"https:\/\/www.ankarsrum.com\/de\/shop\/\"},{\"@type\":\"ListItem\",\"position\":3,\"name\":\"Pastawalze Lasagnette\"}]},{\"@type\":\"WebSite\",\"@id\":\"https:\/\/www.ankarsrum.com\/de\/#website\",\"url\":\"https:\/\/www.ankarsrum.com\/de\/\",\"name\":\"Ankarsrum Germany\",\"description\":\"The bread of the world\",\"potentialAction\":[{\"@type\":\"SearchAction\",\"target\":{\"@type\":\"EntryPoint\",\"urlTemplate\":\"https:\/\/www.ankarsrum.com\/de\/?s={search_term_string}\"},\"query-input\":{\"@type\":\"PropertyValueSpecification\",\"valueRequired\":true,\"valueName\":\"search_term_string\"}}],\"inLanguage\":\"de\"}]}<\/script>\n<!-- \/ Yoast SEO Premium plugin. -->","yoast_head_json":{"title":"Pastawalze Lasagnette \u2013 Ankarsrum Zubeh\u00f6r","description":"Pastawalze f\u00fcr Lasagnette \u2013 das ideale Zubeh\u00f6r f\u00fcr Ihre Ankarsrum K\u00fcchenmaschine, um hausgemachte Pasta m\u00fchelos herzustellen.","robots":{"index":"index","follow":"follow","max-snippet":"max-snippet:-1","max-image-preview":"max-image-preview:large","max-video-preview":"max-video-preview:-1"},"canonical":"https:\/\/www.ankarsrum.com\/de\/product\/pastawalze-lasagnette\/","og_locale":"de_DE","og_type":"article","og_title":"Pastawalze Lasagnette","og_description":"Pastawalze f\u00fcr Lasagnette \u2013 das ideale Zubeh\u00f6r f\u00fcr Ihre Ankarsrum K\u00fcchenmaschine, um hausgemachte Pasta m\u00fchelos herzustellen.","og_url":"https:\/\/www.ankarsrum.com\/de\/product\/pastawalze-lasagnette\/","og_site_name":"Ankarsrum Germany","article_modified_time":"2026-04-16T03:31:22+00:00","og_image":[{"width":1200,"height":630,"url":"https:\/\/www.ankarsrum.com\/de\/wp-content\/uploads\/sites\/16\/2024\/09\/lasagnette-angle-1-scaled.jpg","type":"image\/jpeg"}],"twitter_card":"summary_large_image","twitter_misc":{"Gesch\u00e4tzte Lesezeit":"1\u00a0Minute"},"schema":{"@context":"https:\/\/schema.org","@graph":[{"@type":"WebPage","@id":"https:\/\/www.ankarsrum.com\/de\/product\/pastawalze-lasagnette\/","url":"https:\/\/www.ankarsrum.com\/de\/product\/pastawalze-lasagnette\/","name":"Pastawalze Lasagnette \u2013 Ankarsrum Zubeh\u00f6r","isPartOf":{"@id":"https:\/\/www.ankarsrum.com\/de\/#website"},"primaryImageOfPage":{"@id":"https:\/\/www.ankarsrum.com\/de\/product\/pastawalze-lasagnette\/#primaryimage"},"image":{"@id":"https:\/\/www.ankarsrum.com\/de\/product\/pastawalze-lasagnette\/#primaryimage"},"thumbnailUrl":"https:\/\/www.ankarsrum.com\/img-srv\/a-8KcS6g1QJA9aJCshJjXR17u66Ls5Yq5YzNHz5X-HM\/resizing_type:auto\/width:0\/height:0\/gravity:sm\/enlarge:1\/ext:webp\/strip_metadata:1\/quality:90\/cachebuster:filesize-209377\/bG9jYWw6Ly8vd3d3LmFua2Fyc3J1bS5jb20vd3AtY29udGVudC91cGxvYWRzL3NpdGVzLzE2LzIwMjQvMDkvbGFzYWduZXR0ZS1hbmdsZS0xLXNjYWxlZC5qcGc.webp","datePublished":"2024-07-16T12:32:17+00:00","dateModified":"2026-04-16T03:31:22+00:00","description":"Pastawalze f\u00fcr Lasagnette \u2013 das ideale Zubeh\u00f6r f\u00fcr Ihre Ankarsrum K\u00fcchenmaschine, um hausgemachte Pasta m\u00fchelos herzustellen.","breadcrumb":{"@id":"https:\/\/www.ankarsrum.com\/de\/product\/pastawalze-lasagnette\/#breadcrumb"},"inLanguage":"de","potentialAction":[{"@type":"ReadAction","target":["https:\/\/www.ankarsrum.com\/de\/product\/pastawalze-lasagnette\/"]}]},{"@type":"ImageObject","inLanguage":"de","@id":"https:\/\/www.ankarsrum.com\/de\/product\/pastawalze-lasagnette\/#primaryimage","url":"https:\/\/www.ankarsrum.com\/img-srv\/a-8KcS6g1QJA9aJCshJjXR17u66Ls5Yq5YzNHz5X-HM\/resizing_type:auto\/width:0\/height:0\/gravity:sm\/enlarge:1\/ext:webp\/strip_metadata:1\/quality:90\/cachebuster:filesize-209377\/bG9jYWw6Ly8vd3d3LmFua2Fyc3J1bS5jb20vd3AtY29udGVudC91cGxvYWRzL3NpdGVzLzE2LzIwMjQvMDkvbGFzYWduZXR0ZS1hbmdsZS0xLXNjYWxlZC5qcGc.webp","contentUrl":"https:\/\/www.ankarsrum.com\/img-srv\/a-8KcS6g1QJA9aJCshJjXR17u66Ls5Yq5YzNHz5X-HM\/resizing_type:auto\/width:0\/height:0\/gravity:sm\/enlarge:1\/ext:webp\/strip_metadata:1\/quality:90\/cachebuster:filesize-209377\/bG9jYWw6Ly8vd3d3LmFua2Fyc3J1bS5jb20vd3AtY29udGVudC91cGxvYWRzL3NpdGVzLzE2LzIwMjQvMDkvbGFzYWduZXR0ZS1hbmdsZS0xLXNjYWxlZC5qcGc.webp","width":2560,"height":2560},{"@type":"BreadcrumbList","@id":"https:\/\/www.ankarsrum.com\/de\/product\/pastawalze-lasagnette\/#breadcrumb","itemListElement":[{"@type":"ListItem","position":1,"name":"Home","item":"https:\/\/www.ankarsrum.com\/de\/"},{"@type":"ListItem","position":2,"name":"Produce name","item":"https:\/\/www.ankarsrum.com\/de\/shop\/"},{"@type":"ListItem","position":3,"name":"Pastawalze Lasagnette"}]},{"@type":"WebSite","@id":"https:\/\/www.ankarsrum.com\/de\/#website","url":"https:\/\/www.ankarsrum.com\/de\/","name":"Ankarsrum Germany","description":"The bread of the world","potentialAction":[{"@type":"SearchAction","target":{"@type":"EntryPoint","urlTemplate":"https:\/\/www.ankarsrum.com\/de\/?s={search_term_string}"},"query-input":{"@type":"PropertyValueSpecification","valueRequired":true,"valueName":"search_term_string"}}],"inLanguage":"de"}]}},"_links":{"self":[{"href":"https:\/\/www.ankarsrum.com\/de\/wp-json\/wp\/v2\/product\/7853","targetHints":{"allow":["GET"]}}],"collection":[{"href":"https:\/\/www.ankarsrum.com\/de\/wp-json\/wp\/v2\/product"}],"about":[{"href":"https:\/\/www.ankarsrum.com\/de\/wp-json\/wp\/v2\/types\/product"}],"replies":[{"embeddable":true,"href":"https:\/\/www.ankarsrum.com\/de\/wp-json\/wp\/v2\/comments?post=7853"}],"wp:featuredmedia":[{"embeddable":true,"href":"https:\/\/www.ankarsrum.com\/de\/wp-json\/wp\/v2\/media\/10633"}],"wp:attachment":[{"href":"https:\/\/www.ankarsrum.com\/de\/wp-json\/wp\/v2\/media?parent=7853"}],"wp:term":[{"taxonomy":"product_brand","embeddable":true,"href":"https:\/\/www.ankarsrum.com\/de\/wp-json\/wp\/v2\/product_brand?post=7853"},{"taxonomy":"product_cat","embeddable":true,"href":"https:\/\/www.ankarsrum.com\/de\/wp-json\/wp\/v2\/product_cat?post=7853"},{"taxonomy":"product_tag","embeddable":true,"href":"https:\/\/www.ankarsrum.com\/de\/wp-json\/wp\/v2\/product_tag?post=7853"},{"taxonomy":"product-tag","embeddable":true,"href":"https:\/\/www.ankarsrum.com\/de\/wp-json\/wp\/v2\/product-tag?post=7853"},{"taxonomy":"machines","embeddable":true,"href":"https:\/\/www.ankarsrum.com\/de\/wp-json\/wp\/v2\/machines?post=7853"},{"taxonomy":"filter","embeddable":true,"href":"https:\/\/www.ankarsrum.com\/de\/wp-json\/wp\/v2\/filter?post=7853"}],"curies":[{"name":"wp","href":"https:\/\/api.w.org\/{rel}","templated":true}]}}