{"id":8850,"date":"2024-07-16T09:17:29","date_gmt":"2024-07-16T07:17:29","guid":{"rendered":"https:\/\/www.ankarsrum.com\/de\/product\/fleischwolf-mittleres-paket\/"},"modified":"2026-04-29T06:36:05","modified_gmt":"2026-04-29T04:36:05","slug":"fleischwolf-mittleres-paket","status":"publish","type":"product","link":"https:\/\/www.ankarsrum.com\/de\/product\/fleischwolf-mittleres-paket\/","title":{"rendered":"Fleischwolf, Mittleres Paket"},"content":{"rendered":"<p>Zus\u00e4tzlich zum Fleischwolf mit Tablett und Stopfer, haben Sie alles, was Sie brauchen, um Ihre eigene Wurst herzustellen! Drei verschiedene Wurstf\u00fcllaufs\u00e4tze kommen zum Einsatz bei Hot Dogs, N\u00fcrnbergern oder Bratw\u00fcrsten sowie Salsiccia. Selbst Fischbratwurst gelingt!<\/p>\n<p>So k\u00f6nnen Sie Ihre eigene Version Ihrer Lieblingsgerichte zubereiten und haben die volle Kontrolle \u00fcber Inhaltstoffe und Qualit\u00e4t. Versuchen Sie einmal Fischfrikadellen mit spannenden Geschmacksnoten zu machen, W\u00fcrste mit ausgew\u00e4hlten Gew\u00fcrzen und handverlesenen Zutaten \u2013 oder auch Burger aus Ihrem eigenen Hackfleisch, das den perfekten Anteil an Fett und die richtige Art von Fleisch beinhaltet. Werfen Sie den Grill an \u2013 das ganze Jahr \u00fcber.<\/p>\n<p>Der Passiervorsatz dient zum Passieren von Obst und Beeren zu Mus oder P\u00fcree. Schneiden Sie Obst in St\u00fccke und entfernen Sie die Kerne.<\/p>\n<p>\u2022 Ein Fleischwolf der Extraklasse, der besonders beliebt ist bei unseren Kunden.<br \/>\u2022 Sie k\u00f6nnen damit Fleisch, Fisch, Gefl\u00fcgel und sogar gekochte Bohnen zerkleinern.<br \/>\u2022 Zum Fleischwolf geh\u00f6ren 3 Wurstf\u00fcllaufs\u00e4tze in 10, 20 und 25 mm Gr\u00f6\u00dfe.<br \/>\u2022 Die Lochscheibe hat einen Durchmesser von 70 mm und L\u00f6cher von 4,5 mm Gr\u00f6\u00dfe.<br \/>\u2022 Das 4-schneidige Messer ist immer in den verschiedenen Fleischwolf-Paketen enthalten.\u00a0<br \/>\u2022 Der Passiervorsatz besteht aus Passierschnecke, Ventil, Passierrohr, Stellschraube und Passierrinne.<br \/>\u2022 Der Fleischwolf passt auf alle Modelle der Assistent von N1-N30. Die aktuellen Lochscheiben, das Messer und das andere Fleischwolf-Zubeh\u00f6r passen nur auf Fleischwolf-Modell 10 (siehe Nummer auf dem Messer), das nach 1978 gefertigt wurde.<br \/>\u2022 Das Messer ist aber auch separat erh\u00e4ltlich und passt in Fleischwolf-Modell 10 (siehe Nummer auf dem Messer).\u2022 Verwenden Sie immer den Stopfer zum Nachf\u00fcllen und achten Sie darauf, dass keine Fremdk\u00f6rper in den Fleischwolf geraten.<\/p>","protected":false},"excerpt":{"rendered":"<p>Einen Fleischwolf in der K\u00fcche einzusetzen bedeutet, dass Sie sich beim Kochen auf ein v\u00f6llig neues Niveau begeben. Und das gilt, ganz gleich ob Sie lieber Fleisch oder Fisch essen. Sie k\u00f6nnen ihn f\u00fcr die Zubereitung von Fischfarce ebensogut verwenden wie zum Durchdrehen von Hackfleisch!<\/p>\n<p>Das mittlere Fleischwolf-Paket enth\u00e4lt einen Fleischwolf mit Spritzschutz, Tablett und Stopfer sowie 3 Wurstf\u00fcllaufs\u00e4tze 10\/20\/25 mm, eine Lochscheibe 4,5 mm und einen Passiervorsatz.\u00a0<\/p>\n","protected":false},"featured_media":10668,"comment_status":"open","ping_status":"closed","template":"","meta":{"_acf_changed":false,"content-type":"","editor_notices":[]},"product_brand":[],"product_cat":[373],"product_tag":[],"product-tag":[],"machines":[],"filter":[219,214],"class_list":{"0":"post-8850","1":"product","2":"type-product","3":"status-publish","4":"has-post-thumbnail","6":"product_cat-ankarsrum-zubehor","7":"filter-fleischwolf","8":"filter-food","10":"first","11":"instock","12":"taxable","13":"shipping-taxable","14":"product-type-simple"},"acf":[],"yoast_head":"<!-- This site is optimized with the Yoast SEO Premium plugin v26.6 (Yoast SEO v26.6) - https:\/\/yoast.com\/wordpress\/plugins\/seo\/ -->\n<title>Fleischwolf Mittleres Paket \u2013 Ankarsrum Zubeh\u00f6r<\/title>\n<meta name=\"description\" content=\"Vielseitiges Fleischwolf-Set von Ankarsrum k\u00fcchenmaschine. Ideal f\u00fcr Hackfleisch, Spritzgeb\u00e4ck und mehr \u2013 einfach und praktisch!\" \/>\n<meta name=\"robots\" content=\"index, follow, max-snippet:-1, max-image-preview:large, max-video-preview:-1\" \/>\n<link rel=\"canonical\" href=\"https:\/\/www.ankarsrum.com\/de\/product\/fleischwolf-mittleres-paket\/\" \/>\n<meta property=\"og:locale\" content=\"de_DE\" \/>\n<meta property=\"og:type\" content=\"article\" \/>\n<meta property=\"og:title\" content=\"Fleischwolf, Mittleres Paket\" \/>\n<meta property=\"og:description\" content=\"Vielseitiges Fleischwolf-Set von Ankarsrum k\u00fcchenmaschine. Ideal f\u00fcr Hackfleisch, Spritzgeb\u00e4ck und mehr \u2013 einfach und praktisch!\" \/>\n<meta property=\"og:url\" content=\"https:\/\/www.ankarsrum.com\/de\/product\/fleischwolf-mittleres-paket\/\" \/>\n<meta property=\"og:site_name\" content=\"Ankarsrum Germany\" \/>\n<meta property=\"article:modified_time\" content=\"2026-04-29T04:36:05+00:00\" \/>\n<meta property=\"og:image\" content=\"https:\/\/www.ankarsrum.com\/de\/wp-content\/uploads\/sites\/16\/2024\/09\/mincer-harvest.jpg\" \/>\n\t<meta property=\"og:image:width\" content=\"1080\" \/>\n\t<meta property=\"og:image:height\" content=\"630\" \/>\n\t<meta property=\"og:image:type\" content=\"image\/jpeg\" \/>\n<meta name=\"twitter:card\" content=\"summary_large_image\" \/>\n<meta name=\"twitter:label1\" content=\"Gesch\u00e4tzte Lesezeit\" \/>\n\t<meta name=\"twitter:data1\" content=\"2\u00a0Minuten\" \/>\n<script type=\"application\/ld+json\" class=\"yoast-schema-graph\">{\"@context\":\"https:\/\/schema.org\",\"@graph\":[{\"@type\":\"WebPage\",\"@id\":\"https:\/\/www.ankarsrum.com\/de\/product\/fleischwolf-mittleres-paket\/\",\"url\":\"https:\/\/www.ankarsrum.com\/de\/product\/fleischwolf-mittleres-paket\/\",\"name\":\"Fleischwolf Mittleres Paket \u2013 Ankarsrum Zubeh\u00f6r\",\"isPartOf\":{\"@id\":\"https:\/\/www.ankarsrum.com\/de\/#website\"},\"primaryImageOfPage\":{\"@id\":\"https:\/\/www.ankarsrum.com\/de\/product\/fleischwolf-mittleres-paket\/#primaryimage\"},\"image\":{\"@id\":\"https:\/\/www.ankarsrum.com\/de\/product\/fleischwolf-mittleres-paket\/#primaryimage\"},\"thumbnailUrl\":\"https:\/\/www.ankarsrum.com\/img-srv\/7KsJ6uCqc3ccIZpcWwb71zEim7dSAvhQwscQFnLxcEA\/resizing_type:auto\/width:0\/height:0\/gravity:sm\/enlarge:1\/ext:webp\/strip_metadata:1\/quality:90\/cachebuster:filesize-64170\/bG9jYWw6Ly8vd3d3LmFua2Fyc3J1bS5jb20vd3AtY29udGVudC91cGxvYWRzL3NpdGVzLzE2LzIwMjQvMDkvbWluY2VyLWhhcnZlc3QuanBn.webp\",\"datePublished\":\"2024-07-16T07:17:29+00:00\",\"dateModified\":\"2026-04-29T04:36:05+00:00\",\"description\":\"Vielseitiges Fleischwolf-Set von Ankarsrum k\u00fcchenmaschine. Ideal f\u00fcr Hackfleisch, Spritzgeb\u00e4ck und mehr \u2013 einfach und praktisch!\",\"breadcrumb\":{\"@id\":\"https:\/\/www.ankarsrum.com\/de\/product\/fleischwolf-mittleres-paket\/#breadcrumb\"},\"inLanguage\":\"de\",\"potentialAction\":[{\"@type\":\"ReadAction\",\"target\":[\"https:\/\/www.ankarsrum.com\/de\/product\/fleischwolf-mittleres-paket\/\"]}]},{\"@type\":\"ImageObject\",\"inLanguage\":\"de\",\"@id\":\"https:\/\/www.ankarsrum.com\/de\/product\/fleischwolf-mittleres-paket\/#primaryimage\",\"url\":\"https:\/\/www.ankarsrum.com\/img-srv\/7KsJ6uCqc3ccIZpcWwb71zEim7dSAvhQwscQFnLxcEA\/resizing_type:auto\/width:0\/height:0\/gravity:sm\/enlarge:1\/ext:webp\/strip_metadata:1\/quality:90\/cachebuster:filesize-64170\/bG9jYWw6Ly8vd3d3LmFua2Fyc3J1bS5jb20vd3AtY29udGVudC91cGxvYWRzL3NpdGVzLzE2LzIwMjQvMDkvbWluY2VyLWhhcnZlc3QuanBn.webp\",\"contentUrl\":\"https:\/\/www.ankarsrum.com\/img-srv\/7KsJ6uCqc3ccIZpcWwb71zEim7dSAvhQwscQFnLxcEA\/resizing_type:auto\/width:0\/height:0\/gravity:sm\/enlarge:1\/ext:webp\/strip_metadata:1\/quality:90\/cachebuster:filesize-64170\/bG9jYWw6Ly8vd3d3LmFua2Fyc3J1bS5jb20vd3AtY29udGVudC91cGxvYWRzL3NpdGVzLzE2LzIwMjQvMDkvbWluY2VyLWhhcnZlc3QuanBn.webp\",\"width\":1080,\"height\":1080},{\"@type\":\"BreadcrumbList\",\"@id\":\"https:\/\/www.ankarsrum.com\/de\/product\/fleischwolf-mittleres-paket\/#breadcrumb\",\"itemListElement\":[{\"@type\":\"ListItem\",\"position\":1,\"name\":\"Home\",\"item\":\"https:\/\/www.ankarsrum.com\/de\/\"},{\"@type\":\"ListItem\",\"position\":2,\"name\":\"Produce name\",\"item\":\"https:\/\/www.ankarsrum.com\/de\/shop\/\"},{\"@type\":\"ListItem\",\"position\":3,\"name\":\"Fleischwolf, Mittleres Paket\"}]},{\"@type\":\"WebSite\",\"@id\":\"https:\/\/www.ankarsrum.com\/de\/#website\",\"url\":\"https:\/\/www.ankarsrum.com\/de\/\",\"name\":\"Ankarsrum Germany\",\"description\":\"The bread of the world\",\"potentialAction\":[{\"@type\":\"SearchAction\",\"target\":{\"@type\":\"EntryPoint\",\"urlTemplate\":\"https:\/\/www.ankarsrum.com\/de\/?s={search_term_string}\"},\"query-input\":{\"@type\":\"PropertyValueSpecification\",\"valueRequired\":true,\"valueName\":\"search_term_string\"}}],\"inLanguage\":\"de\"}]}<\/script>\n<!-- \/ Yoast SEO Premium plugin. -->","yoast_head_json":{"title":"Fleischwolf Mittleres Paket \u2013 Ankarsrum Zubeh\u00f6r","description":"Vielseitiges Fleischwolf-Set von Ankarsrum k\u00fcchenmaschine. Ideal f\u00fcr Hackfleisch, Spritzgeb\u00e4ck und mehr \u2013 einfach und praktisch!","robots":{"index":"index","follow":"follow","max-snippet":"max-snippet:-1","max-image-preview":"max-image-preview:large","max-video-preview":"max-video-preview:-1"},"canonical":"https:\/\/www.ankarsrum.com\/de\/product\/fleischwolf-mittleres-paket\/","og_locale":"de_DE","og_type":"article","og_title":"Fleischwolf, Mittleres Paket","og_description":"Vielseitiges Fleischwolf-Set von Ankarsrum k\u00fcchenmaschine. Ideal f\u00fcr Hackfleisch, Spritzgeb\u00e4ck und mehr \u2013 einfach und praktisch!","og_url":"https:\/\/www.ankarsrum.com\/de\/product\/fleischwolf-mittleres-paket\/","og_site_name":"Ankarsrum Germany","article_modified_time":"2026-04-29T04:36:05+00:00","og_image":[{"width":1080,"height":630,"url":"https:\/\/www.ankarsrum.com\/de\/wp-content\/uploads\/sites\/16\/2024\/09\/mincer-harvest.jpg","type":"image\/jpeg"}],"twitter_card":"summary_large_image","twitter_misc":{"Gesch\u00e4tzte Lesezeit":"2\u00a0Minuten"},"schema":{"@context":"https:\/\/schema.org","@graph":[{"@type":"WebPage","@id":"https:\/\/www.ankarsrum.com\/de\/product\/fleischwolf-mittleres-paket\/","url":"https:\/\/www.ankarsrum.com\/de\/product\/fleischwolf-mittleres-paket\/","name":"Fleischwolf Mittleres Paket \u2013 Ankarsrum Zubeh\u00f6r","isPartOf":{"@id":"https:\/\/www.ankarsrum.com\/de\/#website"},"primaryImageOfPage":{"@id":"https:\/\/www.ankarsrum.com\/de\/product\/fleischwolf-mittleres-paket\/#primaryimage"},"image":{"@id":"https:\/\/www.ankarsrum.com\/de\/product\/fleischwolf-mittleres-paket\/#primaryimage"},"thumbnailUrl":"https:\/\/www.ankarsrum.com\/img-srv\/7KsJ6uCqc3ccIZpcWwb71zEim7dSAvhQwscQFnLxcEA\/resizing_type:auto\/width:0\/height:0\/gravity:sm\/enlarge:1\/ext:webp\/strip_metadata:1\/quality:90\/cachebuster:filesize-64170\/bG9jYWw6Ly8vd3d3LmFua2Fyc3J1bS5jb20vd3AtY29udGVudC91cGxvYWRzL3NpdGVzLzE2LzIwMjQvMDkvbWluY2VyLWhhcnZlc3QuanBn.webp","datePublished":"2024-07-16T07:17:29+00:00","dateModified":"2026-04-29T04:36:05+00:00","description":"Vielseitiges Fleischwolf-Set von Ankarsrum k\u00fcchenmaschine. Ideal f\u00fcr Hackfleisch, Spritzgeb\u00e4ck und mehr \u2013 einfach und praktisch!","breadcrumb":{"@id":"https:\/\/www.ankarsrum.com\/de\/product\/fleischwolf-mittleres-paket\/#breadcrumb"},"inLanguage":"de","potentialAction":[{"@type":"ReadAction","target":["https:\/\/www.ankarsrum.com\/de\/product\/fleischwolf-mittleres-paket\/"]}]},{"@type":"ImageObject","inLanguage":"de","@id":"https:\/\/www.ankarsrum.com\/de\/product\/fleischwolf-mittleres-paket\/#primaryimage","url":"https:\/\/www.ankarsrum.com\/img-srv\/7KsJ6uCqc3ccIZpcWwb71zEim7dSAvhQwscQFnLxcEA\/resizing_type:auto\/width:0\/height:0\/gravity:sm\/enlarge:1\/ext:webp\/strip_metadata:1\/quality:90\/cachebuster:filesize-64170\/bG9jYWw6Ly8vd3d3LmFua2Fyc3J1bS5jb20vd3AtY29udGVudC91cGxvYWRzL3NpdGVzLzE2LzIwMjQvMDkvbWluY2VyLWhhcnZlc3QuanBn.webp","contentUrl":"https:\/\/www.ankarsrum.com\/img-srv\/7KsJ6uCqc3ccIZpcWwb71zEim7dSAvhQwscQFnLxcEA\/resizing_type:auto\/width:0\/height:0\/gravity:sm\/enlarge:1\/ext:webp\/strip_metadata:1\/quality:90\/cachebuster:filesize-64170\/bG9jYWw6Ly8vd3d3LmFua2Fyc3J1bS5jb20vd3AtY29udGVudC91cGxvYWRzL3NpdGVzLzE2LzIwMjQvMDkvbWluY2VyLWhhcnZlc3QuanBn.webp","width":1080,"height":1080},{"@type":"BreadcrumbList","@id":"https:\/\/www.ankarsrum.com\/de\/product\/fleischwolf-mittleres-paket\/#breadcrumb","itemListElement":[{"@type":"ListItem","position":1,"name":"Home","item":"https:\/\/www.ankarsrum.com\/de\/"},{"@type":"ListItem","position":2,"name":"Produce name","item":"https:\/\/www.ankarsrum.com\/de\/shop\/"},{"@type":"ListItem","position":3,"name":"Fleischwolf, Mittleres Paket"}]},{"@type":"WebSite","@id":"https:\/\/www.ankarsrum.com\/de\/#website","url":"https:\/\/www.ankarsrum.com\/de\/","name":"Ankarsrum Germany","description":"The bread of the world","potentialAction":[{"@type":"SearchAction","target":{"@type":"EntryPoint","urlTemplate":"https:\/\/www.ankarsrum.com\/de\/?s={search_term_string}"},"query-input":{"@type":"PropertyValueSpecification","valueRequired":true,"valueName":"search_term_string"}}],"inLanguage":"de"}]}},"_links":{"self":[{"href":"https:\/\/www.ankarsrum.com\/de\/wp-json\/wp\/v2\/product\/8850","targetHints":{"allow":["GET"]}}],"collection":[{"href":"https:\/\/www.ankarsrum.com\/de\/wp-json\/wp\/v2\/product"}],"about":[{"href":"https:\/\/www.ankarsrum.com\/de\/wp-json\/wp\/v2\/types\/product"}],"replies":[{"embeddable":true,"href":"https:\/\/www.ankarsrum.com\/de\/wp-json\/wp\/v2\/comments?post=8850"}],"wp:featuredmedia":[{"embeddable":true,"href":"https:\/\/www.ankarsrum.com\/de\/wp-json\/wp\/v2\/media\/10668"}],"wp:attachment":[{"href":"https:\/\/www.ankarsrum.com\/de\/wp-json\/wp\/v2\/media?parent=8850"}],"wp:term":[{"taxonomy":"product_brand","embeddable":true,"href":"https:\/\/www.ankarsrum.com\/de\/wp-json\/wp\/v2\/product_brand?post=8850"},{"taxonomy":"product_cat","embeddable":true,"href":"https:\/\/www.ankarsrum.com\/de\/wp-json\/wp\/v2\/product_cat?post=8850"},{"taxonomy":"product_tag","embeddable":true,"href":"https:\/\/www.ankarsrum.com\/de\/wp-json\/wp\/v2\/product_tag?post=8850"},{"taxonomy":"product-tag","embeddable":true,"href":"https:\/\/www.ankarsrum.com\/de\/wp-json\/wp\/v2\/product-tag?post=8850"},{"taxonomy":"machines","embeddable":true,"href":"https:\/\/www.ankarsrum.com\/de\/wp-json\/wp\/v2\/machines?post=8850"},{"taxonomy":"filter","embeddable":true,"href":"https:\/\/www.ankarsrum.com\/de\/wp-json\/wp\/v2\/filter?post=8850"}],"curies":[{"name":"wp","href":"https:\/\/api.w.org\/{rel}","templated":true}]}}