{"id":9025,"date":"2024-07-16T15:07:54","date_gmt":"2024-07-16T13:07:54","guid":{"rendered":"https:\/\/www.ankarsrum.com\/de\/product\/ruehrschuessel-aus-rostfreiem-stahl\/"},"modified":"2026-04-30T06:41:17","modified_gmt":"2026-04-30T04:41:17","slug":"ruehrschuessel-aus-rostfreiem-stahl","status":"publish","type":"product","link":"https:\/\/www.ankarsrum.com\/de\/product\/ruehrschuessel-aus-rostfreiem-stahl\/","title":{"rendered":"R\u00fchrsch\u00fcssel aus rostfreiem Stahl"},"content":{"rendered":"<p>\u2013 Die R\u00fchrsch\u00fcssel ist hitzebest\u00e4ndig und eignet sich hervorragend f\u00fcr die Herstellung von z.B. italienischem Baiser.<\/p>\n<p>\u2013 Das Material der R\u00fchrsch\u00fcssel ist rostfreier Stahl.<\/p>\n<p>\u2013 Die R\u00fchrsch\u00fcssel passt auf alle Assistent Original Modelle N1-N30.<\/p>\n<p>\u2013 Die R\u00fchrsch\u00fcssel fasst bis zu 3,5 Liter Volumen<\/p>\n<p>Die R\u00fchrsch\u00fcssel ist einfach zu handhaben und hat sowohl Abmessungen als auch Griffe. Die Sch\u00fcssel ist mit einem Silikonring ausgestattet, um die Stabilit\u00e4t zu erh\u00f6hen.<\/p>","protected":false},"excerpt":{"rendered":"<p>R\u00fchrsch\u00fcssel aus rostfreiem Stahl. Passend f\u00fcr alle Assistent Original Modelle N1-N30.<\/p>\n<p>Bringen Sie Ihr Geb\u00e4ck auf die n\u00e4chste Stufe! Jetzt k\u00f6nnen alle, die davon tr\u00e4umen, die perfekte italienische Meringue zu machen, bunte Macarons oder fortschrittliche Kuchen zu kreieren, K\u00f6nig oder K\u00f6nigin des Geb\u00e4cks werden.<\/p>\n","protected":false},"featured_media":10496,"comment_status":"open","ping_status":"closed","template":"","meta":{"_acf_changed":false,"content-type":"","editor_notices":[]},"product_brand":[],"product_cat":[373],"product_tag":[],"product-tag":[],"machines":[],"filter":[225],"class_list":{"0":"post-9025","1":"product","2":"type-product","3":"status-publish","4":"has-post-thumbnail","6":"product_cat-ankarsrum-zubehor","7":"filter-dessert","9":"first","10":"instock","11":"taxable","12":"shipping-taxable","13":"product-type-simple"},"acf":[],"yoast_head":"<!-- This site is optimized with the Yoast SEO Premium plugin v26.6 (Yoast SEO v26.6) - https:\/\/yoast.com\/wordpress\/plugins\/seo\/ -->\n<title>R\u00fchrsch\u00fcssel Edelstahl \u2013 Ankarsrum Zubeh\u00f6r<\/title>\n<meta name=\"description\" content=\"Robuste R\u00fchrsch\u00fcssel aus Edelstahl f\u00fcr Ihre Ankarsrum K\u00fcchenmaschine \u2013 langlebig, stilvoll und ideal f\u00fcr jede Back- und Kochaufgabe.\" \/>\n<meta name=\"robots\" content=\"index, follow, max-snippet:-1, max-image-preview:large, max-video-preview:-1\" \/>\n<link rel=\"canonical\" href=\"https:\/\/www.ankarsrum.com\/de\/product\/ruehrschuessel-aus-rostfreiem-stahl\/\" \/>\n<meta property=\"og:locale\" content=\"de_DE\" \/>\n<meta property=\"og:type\" content=\"article\" \/>\n<meta property=\"og:title\" content=\"R\u00fchrsch\u00fcssel aus rostfreiem Stahl\" \/>\n<meta property=\"og:description\" content=\"Robuste R\u00fchrsch\u00fcssel aus Edelstahl f\u00fcr Ihre Ankarsrum K\u00fcchenmaschine \u2013 langlebig, stilvoll und ideal f\u00fcr jede Back- und Kochaufgabe.\" \/>\n<meta property=\"og:url\" content=\"https:\/\/www.ankarsrum.com\/de\/product\/ruehrschuessel-aus-rostfreiem-stahl\/\" \/>\n<meta property=\"og:site_name\" content=\"Ankarsrum Germany\" \/>\n<meta property=\"article:modified_time\" content=\"2026-04-30T04:41:17+00:00\" \/>\n<meta property=\"og:image\" content=\"https:\/\/www.ankarsrum.com\/de\/wp-content\/uploads\/sites\/16\/2024\/09\/beater-bowl-in-stainless-steel.jpg\" \/>\n\t<meta property=\"og:image:width\" content=\"1200\" \/>\n\t<meta property=\"og:image:height\" content=\"630\" \/>\n\t<meta property=\"og:image:type\" content=\"image\/jpeg\" \/>\n<meta name=\"twitter:card\" content=\"summary_large_image\" \/>\n<meta name=\"twitter:label1\" content=\"Gesch\u00e4tzte Lesezeit\" \/>\n\t<meta name=\"twitter:data1\" content=\"1\u00a0Minute\" \/>\n<script type=\"application\/ld+json\" class=\"yoast-schema-graph\">{\"@context\":\"https:\/\/schema.org\",\"@graph\":[{\"@type\":\"WebPage\",\"@id\":\"https:\/\/www.ankarsrum.com\/de\/product\/ruehrschuessel-aus-rostfreiem-stahl\/\",\"url\":\"https:\/\/www.ankarsrum.com\/de\/product\/ruehrschuessel-aus-rostfreiem-stahl\/\",\"name\":\"R\u00fchrsch\u00fcssel Edelstahl \u2013 Ankarsrum Zubeh\u00f6r\",\"isPartOf\":{\"@id\":\"https:\/\/www.ankarsrum.com\/de\/#website\"},\"primaryImageOfPage\":{\"@id\":\"https:\/\/www.ankarsrum.com\/de\/product\/ruehrschuessel-aus-rostfreiem-stahl\/#primaryimage\"},\"image\":{\"@id\":\"https:\/\/www.ankarsrum.com\/de\/product\/ruehrschuessel-aus-rostfreiem-stahl\/#primaryimage\"},\"thumbnailUrl\":\"https:\/\/www.ankarsrum.com\/img-srv\/6V3BBB7rYZprwQKYSUvKpyoNJPMXbqjiZwVs-Kt83JQ\/resizing_type:auto\/width:0\/height:0\/gravity:sm\/enlarge:1\/ext:webp\/strip_metadata:1\/quality:90\/cachebuster:filesize-115069\/bG9jYWw6Ly8vd3d3LmFua2Fyc3J1bS5jb20vd3AtY29udGVudC91cGxvYWRzL3NpdGVzLzE2LzIwMjQvMDkvYmVhdGVyLWJvd2wtaW4tc3RhaW5sZXNzLXN0ZWVsLmpwZw.webp\",\"datePublished\":\"2024-07-16T13:07:54+00:00\",\"dateModified\":\"2026-04-30T04:41:17+00:00\",\"description\":\"Robuste R\u00fchrsch\u00fcssel aus Edelstahl f\u00fcr Ihre Ankarsrum K\u00fcchenmaschine \u2013 langlebig, stilvoll und ideal f\u00fcr jede Back- und Kochaufgabe.\",\"breadcrumb\":{\"@id\":\"https:\/\/www.ankarsrum.com\/de\/product\/ruehrschuessel-aus-rostfreiem-stahl\/#breadcrumb\"},\"inLanguage\":\"de\",\"potentialAction\":[{\"@type\":\"ReadAction\",\"target\":[\"https:\/\/www.ankarsrum.com\/de\/product\/ruehrschuessel-aus-rostfreiem-stahl\/\"]}]},{\"@type\":\"ImageObject\",\"inLanguage\":\"de\",\"@id\":\"https:\/\/www.ankarsrum.com\/de\/product\/ruehrschuessel-aus-rostfreiem-stahl\/#primaryimage\",\"url\":\"https:\/\/www.ankarsrum.com\/img-srv\/6V3BBB7rYZprwQKYSUvKpyoNJPMXbqjiZwVs-Kt83JQ\/resizing_type:auto\/width:0\/height:0\/gravity:sm\/enlarge:1\/ext:webp\/strip_metadata:1\/quality:90\/cachebuster:filesize-115069\/bG9jYWw6Ly8vd3d3LmFua2Fyc3J1bS5jb20vd3AtY29udGVudC91cGxvYWRzL3NpdGVzLzE2LzIwMjQvMDkvYmVhdGVyLWJvd2wtaW4tc3RhaW5sZXNzLXN0ZWVsLmpwZw.webp\",\"contentUrl\":\"https:\/\/www.ankarsrum.com\/img-srv\/6V3BBB7rYZprwQKYSUvKpyoNJPMXbqjiZwVs-Kt83JQ\/resizing_type:auto\/width:0\/height:0\/gravity:sm\/enlarge:1\/ext:webp\/strip_metadata:1\/quality:90\/cachebuster:filesize-115069\/bG9jYWw6Ly8vd3d3LmFua2Fyc3J1bS5jb20vd3AtY29udGVudC91cGxvYWRzL3NpdGVzLzE2LzIwMjQvMDkvYmVhdGVyLWJvd2wtaW4tc3RhaW5sZXNzLXN0ZWVsLmpwZw.webp\",\"width\":2000,\"height\":2000},{\"@type\":\"BreadcrumbList\",\"@id\":\"https:\/\/www.ankarsrum.com\/de\/product\/ruehrschuessel-aus-rostfreiem-stahl\/#breadcrumb\",\"itemListElement\":[{\"@type\":\"ListItem\",\"position\":1,\"name\":\"Home\",\"item\":\"https:\/\/www.ankarsrum.com\/de\/\"},{\"@type\":\"ListItem\",\"position\":2,\"name\":\"Produce name\",\"item\":\"https:\/\/www.ankarsrum.com\/de\/shop\/\"},{\"@type\":\"ListItem\",\"position\":3,\"name\":\"R\u00fchrsch\u00fcssel aus rostfreiem Stahl\"}]},{\"@type\":\"WebSite\",\"@id\":\"https:\/\/www.ankarsrum.com\/de\/#website\",\"url\":\"https:\/\/www.ankarsrum.com\/de\/\",\"name\":\"Ankarsrum Germany\",\"description\":\"The bread of the world\",\"potentialAction\":[{\"@type\":\"SearchAction\",\"target\":{\"@type\":\"EntryPoint\",\"urlTemplate\":\"https:\/\/www.ankarsrum.com\/de\/?s={search_term_string}\"},\"query-input\":{\"@type\":\"PropertyValueSpecification\",\"valueRequired\":true,\"valueName\":\"search_term_string\"}}],\"inLanguage\":\"de\"}]}<\/script>\n<!-- \/ Yoast SEO Premium plugin. -->","yoast_head_json":{"title":"R\u00fchrsch\u00fcssel Edelstahl \u2013 Ankarsrum Zubeh\u00f6r","description":"Robuste R\u00fchrsch\u00fcssel aus Edelstahl f\u00fcr Ihre Ankarsrum K\u00fcchenmaschine \u2013 langlebig, stilvoll und ideal f\u00fcr jede Back- und Kochaufgabe.","robots":{"index":"index","follow":"follow","max-snippet":"max-snippet:-1","max-image-preview":"max-image-preview:large","max-video-preview":"max-video-preview:-1"},"canonical":"https:\/\/www.ankarsrum.com\/de\/product\/ruehrschuessel-aus-rostfreiem-stahl\/","og_locale":"de_DE","og_type":"article","og_title":"R\u00fchrsch\u00fcssel aus rostfreiem Stahl","og_description":"Robuste R\u00fchrsch\u00fcssel aus Edelstahl f\u00fcr Ihre Ankarsrum K\u00fcchenmaschine \u2013 langlebig, stilvoll und ideal f\u00fcr jede Back- und Kochaufgabe.","og_url":"https:\/\/www.ankarsrum.com\/de\/product\/ruehrschuessel-aus-rostfreiem-stahl\/","og_site_name":"Ankarsrum Germany","article_modified_time":"2026-04-30T04:41:17+00:00","og_image":[{"width":1200,"height":630,"url":"https:\/\/www.ankarsrum.com\/de\/wp-content\/uploads\/sites\/16\/2024\/09\/beater-bowl-in-stainless-steel.jpg","type":"image\/jpeg"}],"twitter_card":"summary_large_image","twitter_misc":{"Gesch\u00e4tzte Lesezeit":"1\u00a0Minute"},"schema":{"@context":"https:\/\/schema.org","@graph":[{"@type":"WebPage","@id":"https:\/\/www.ankarsrum.com\/de\/product\/ruehrschuessel-aus-rostfreiem-stahl\/","url":"https:\/\/www.ankarsrum.com\/de\/product\/ruehrschuessel-aus-rostfreiem-stahl\/","name":"R\u00fchrsch\u00fcssel Edelstahl \u2013 Ankarsrum Zubeh\u00f6r","isPartOf":{"@id":"https:\/\/www.ankarsrum.com\/de\/#website"},"primaryImageOfPage":{"@id":"https:\/\/www.ankarsrum.com\/de\/product\/ruehrschuessel-aus-rostfreiem-stahl\/#primaryimage"},"image":{"@id":"https:\/\/www.ankarsrum.com\/de\/product\/ruehrschuessel-aus-rostfreiem-stahl\/#primaryimage"},"thumbnailUrl":"https:\/\/www.ankarsrum.com\/img-srv\/6V3BBB7rYZprwQKYSUvKpyoNJPMXbqjiZwVs-Kt83JQ\/resizing_type:auto\/width:0\/height:0\/gravity:sm\/enlarge:1\/ext:webp\/strip_metadata:1\/quality:90\/cachebuster:filesize-115069\/bG9jYWw6Ly8vd3d3LmFua2Fyc3J1bS5jb20vd3AtY29udGVudC91cGxvYWRzL3NpdGVzLzE2LzIwMjQvMDkvYmVhdGVyLWJvd2wtaW4tc3RhaW5sZXNzLXN0ZWVsLmpwZw.webp","datePublished":"2024-07-16T13:07:54+00:00","dateModified":"2026-04-30T04:41:17+00:00","description":"Robuste R\u00fchrsch\u00fcssel aus Edelstahl f\u00fcr Ihre Ankarsrum K\u00fcchenmaschine \u2013 langlebig, stilvoll und ideal f\u00fcr jede Back- und Kochaufgabe.","breadcrumb":{"@id":"https:\/\/www.ankarsrum.com\/de\/product\/ruehrschuessel-aus-rostfreiem-stahl\/#breadcrumb"},"inLanguage":"de","potentialAction":[{"@type":"ReadAction","target":["https:\/\/www.ankarsrum.com\/de\/product\/ruehrschuessel-aus-rostfreiem-stahl\/"]}]},{"@type":"ImageObject","inLanguage":"de","@id":"https:\/\/www.ankarsrum.com\/de\/product\/ruehrschuessel-aus-rostfreiem-stahl\/#primaryimage","url":"https:\/\/www.ankarsrum.com\/img-srv\/6V3BBB7rYZprwQKYSUvKpyoNJPMXbqjiZwVs-Kt83JQ\/resizing_type:auto\/width:0\/height:0\/gravity:sm\/enlarge:1\/ext:webp\/strip_metadata:1\/quality:90\/cachebuster:filesize-115069\/bG9jYWw6Ly8vd3d3LmFua2Fyc3J1bS5jb20vd3AtY29udGVudC91cGxvYWRzL3NpdGVzLzE2LzIwMjQvMDkvYmVhdGVyLWJvd2wtaW4tc3RhaW5sZXNzLXN0ZWVsLmpwZw.webp","contentUrl":"https:\/\/www.ankarsrum.com\/img-srv\/6V3BBB7rYZprwQKYSUvKpyoNJPMXbqjiZwVs-Kt83JQ\/resizing_type:auto\/width:0\/height:0\/gravity:sm\/enlarge:1\/ext:webp\/strip_metadata:1\/quality:90\/cachebuster:filesize-115069\/bG9jYWw6Ly8vd3d3LmFua2Fyc3J1bS5jb20vd3AtY29udGVudC91cGxvYWRzL3NpdGVzLzE2LzIwMjQvMDkvYmVhdGVyLWJvd2wtaW4tc3RhaW5sZXNzLXN0ZWVsLmpwZw.webp","width":2000,"height":2000},{"@type":"BreadcrumbList","@id":"https:\/\/www.ankarsrum.com\/de\/product\/ruehrschuessel-aus-rostfreiem-stahl\/#breadcrumb","itemListElement":[{"@type":"ListItem","position":1,"name":"Home","item":"https:\/\/www.ankarsrum.com\/de\/"},{"@type":"ListItem","position":2,"name":"Produce name","item":"https:\/\/www.ankarsrum.com\/de\/shop\/"},{"@type":"ListItem","position":3,"name":"R\u00fchrsch\u00fcssel aus rostfreiem Stahl"}]},{"@type":"WebSite","@id":"https:\/\/www.ankarsrum.com\/de\/#website","url":"https:\/\/www.ankarsrum.com\/de\/","name":"Ankarsrum Germany","description":"The bread of the world","potentialAction":[{"@type":"SearchAction","target":{"@type":"EntryPoint","urlTemplate":"https:\/\/www.ankarsrum.com\/de\/?s={search_term_string}"},"query-input":{"@type":"PropertyValueSpecification","valueRequired":true,"valueName":"search_term_string"}}],"inLanguage":"de"}]}},"_links":{"self":[{"href":"https:\/\/www.ankarsrum.com\/de\/wp-json\/wp\/v2\/product\/9025","targetHints":{"allow":["GET"]}}],"collection":[{"href":"https:\/\/www.ankarsrum.com\/de\/wp-json\/wp\/v2\/product"}],"about":[{"href":"https:\/\/www.ankarsrum.com\/de\/wp-json\/wp\/v2\/types\/product"}],"replies":[{"embeddable":true,"href":"https:\/\/www.ankarsrum.com\/de\/wp-json\/wp\/v2\/comments?post=9025"}],"wp:featuredmedia":[{"embeddable":true,"href":"https:\/\/www.ankarsrum.com\/de\/wp-json\/wp\/v2\/media\/10496"}],"wp:attachment":[{"href":"https:\/\/www.ankarsrum.com\/de\/wp-json\/wp\/v2\/media?parent=9025"}],"wp:term":[{"taxonomy":"product_brand","embeddable":true,"href":"https:\/\/www.ankarsrum.com\/de\/wp-json\/wp\/v2\/product_brand?post=9025"},{"taxonomy":"product_cat","embeddable":true,"href":"https:\/\/www.ankarsrum.com\/de\/wp-json\/wp\/v2\/product_cat?post=9025"},{"taxonomy":"product_tag","embeddable":true,"href":"https:\/\/www.ankarsrum.com\/de\/wp-json\/wp\/v2\/product_tag?post=9025"},{"taxonomy":"product-tag","embeddable":true,"href":"https:\/\/www.ankarsrum.com\/de\/wp-json\/wp\/v2\/product-tag?post=9025"},{"taxonomy":"machines","embeddable":true,"href":"https:\/\/www.ankarsrum.com\/de\/wp-json\/wp\/v2\/machines?post=9025"},{"taxonomy":"filter","embeddable":true,"href":"https:\/\/www.ankarsrum.com\/de\/wp-json\/wp\/v2\/filter?post=9025"}],"curies":[{"name":"wp","href":"https:\/\/api.w.org\/{rel}","templated":true}]}}