{"id":9086,"date":"2024-07-16T14:46:35","date_gmt":"2024-07-16T12:46:35","guid":{"rendered":"https:\/\/www.ankarsrum.com\/de\/product\/mixeraufsatz-fassungsvermoegen-13-l-2\/"},"modified":"2026-05-11T07:36:15","modified_gmt":"2026-05-11T05:36:15","slug":"mixeraufsatz-fassungsvermoegen-13-l-2","status":"publish","type":"product","link":"https:\/\/www.ankarsrum.com\/de\/product\/mixeraufsatz-fassungsvermoegen-13-l-2\/","title":{"rendered":"Mixeraufsatz, Fassungsverm\u00f6gen: 1,3 L"},"content":{"rendered":"<p>\u2022 Der Mixeraufsatz besteht aus einem Beh\u00e4lter mit Deckel, der \u00fcber eine Verschlusskappe verf\u00fcgt.\u00a0<br \/>\u2022 Der Mixaufsatz fasst 1,5 Liter, kann aber h\u00f6chsten 1,3 Liter verarbeiten.<br \/>\u2022 Durch die Verschlusskappe k\u00f6nnen Sie weitere Zutaten ganz einfach durch das Loch im Deckel zugeben.<br \/>\u2022 Aus Sicherheitsgr\u00fcnden ist der Mixer aus unzerbrechlichem Tritan gearbeitet, nat\u00fcrlich BPA-frei.<br \/>\u2022 Legen Sie immer eine Hand auf den Deckel, wenn der Mixaufsatz l\u00e4uft.<br \/>\u2022 Der Mixaufsatz passt auf alle Modelle der Assistent von N23-N30.<\/p>","protected":false},"excerpt":{"rendered":"<p>Der Mixeraufsatz erledigt kraftvoll alles, was Sie m\u00f6chten und das so oft und so viel Sie wollen. Vom Zersto\u00dfen von Eis bis zum Mixen von Hummus und Smoothies. Sie ist extra daf\u00fcr gemacht!<\/p>\n","protected":false},"featured_media":10577,"comment_status":"open","ping_status":"closed","template":"","meta":{"_acf_changed":false,"content-type":"","editor_notices":[]},"product_brand":[],"product_cat":[373],"product_tag":[],"product-tag":[],"machines":[],"filter":[],"class_list":{"0":"post-9086","1":"product","2":"type-product","3":"status-publish","4":"has-post-thumbnail","6":"product_cat-ankarsrum-zubehor","8":"first","9":"instock","10":"taxable","11":"shipping-taxable","12":"product-type-simple"},"acf":[],"yoast_head":"<!-- This site is optimized with the Yoast SEO Premium plugin v26.6 (Yoast SEO v26.6) - https:\/\/yoast.com\/wordpress\/plugins\/seo\/ -->\n<title>Mixeraufsatz 1,3 L \u2013 Ankarsrum Zubeh\u00f6r<\/title>\n<meta name=\"description\" content=\"Vielseitiger Mixeraufsatz mit 1,3 Liter Fassungsverm\u00f6gen f\u00fcr Ihre Ankarsrum K\u00fcchenmaschine \u2013 perfekt f\u00fcr Smoothies, Suppen und mehr.\" \/>\n<meta name=\"robots\" content=\"index, follow, max-snippet:-1, max-image-preview:large, max-video-preview:-1\" \/>\n<link rel=\"canonical\" href=\"https:\/\/www.ankarsrum.com\/de\/product\/mixeraufsatz-fassungsvermoegen-13-l-2\/\" \/>\n<meta property=\"og:locale\" content=\"de_DE\" \/>\n<meta property=\"og:type\" content=\"article\" \/>\n<meta property=\"og:title\" content=\"Mixeraufsatz, Fassungsverm\u00f6gen: 1,3 L\" \/>\n<meta property=\"og:description\" content=\"Vielseitiger Mixeraufsatz mit 1,3 Liter Fassungsverm\u00f6gen f\u00fcr Ihre Ankarsrum K\u00fcchenmaschine \u2013 perfekt f\u00fcr Smoothies, Suppen und mehr.\" \/>\n<meta property=\"og:url\" content=\"https:\/\/www.ankarsrum.com\/de\/product\/mixeraufsatz-fassungsvermoegen-13-l-2\/\" \/>\n<meta property=\"og:site_name\" content=\"Ankarsrum Germany\" \/>\n<meta property=\"article:modified_time\" content=\"2026-05-11T05:36:15+00:00\" \/>\n<meta property=\"og:image\" content=\"https:\/\/www.ankarsrum.com\/de\/wp-content\/uploads\/sites\/16\/2024\/09\/blender-with-tamper-920900082-3.png\" \/>\n\t<meta property=\"og:image:width\" content=\"1080\" \/>\n\t<meta property=\"og:image:height\" content=\"630\" \/>\n\t<meta property=\"og:image:type\" content=\"image\/png\" \/>\n<meta name=\"twitter:card\" content=\"summary_large_image\" \/>\n<meta name=\"twitter:label1\" content=\"Gesch\u00e4tzte Lesezeit\" \/>\n\t<meta name=\"twitter:data1\" content=\"1\u00a0Minute\" \/>\n<script type=\"application\/ld+json\" class=\"yoast-schema-graph\">{\"@context\":\"https:\/\/schema.org\",\"@graph\":[{\"@type\":\"WebPage\",\"@id\":\"https:\/\/www.ankarsrum.com\/de\/product\/mixeraufsatz-fassungsvermoegen-13-l-2\/\",\"url\":\"https:\/\/www.ankarsrum.com\/de\/product\/mixeraufsatz-fassungsvermoegen-13-l-2\/\",\"name\":\"Mixeraufsatz 1,3 L \u2013 Ankarsrum Zubeh\u00f6r\",\"isPartOf\":{\"@id\":\"https:\/\/www.ankarsrum.com\/de\/#website\"},\"primaryImageOfPage\":{\"@id\":\"https:\/\/www.ankarsrum.com\/de\/product\/mixeraufsatz-fassungsvermoegen-13-l-2\/#primaryimage\"},\"image\":{\"@id\":\"https:\/\/www.ankarsrum.com\/de\/product\/mixeraufsatz-fassungsvermoegen-13-l-2\/#primaryimage\"},\"thumbnailUrl\":\"https:\/\/www.ankarsrum.com\/img-srv\/Ga-940gjidx-krcmojRmilvozbbvpQ_lrWXl9J7qqPo\/resizing_type:auto\/width:0\/height:0\/gravity:sm\/enlarge:1\/ext:webp\/strip_metadata:1\/quality:90\/cachebuster:filesize-350030\/bG9jYWw6Ly8vd3d3LmFua2Fyc3J1bS5jb20vd3AtY29udGVudC91cGxvYWRzL3NpdGVzLzE2LzIwMjQvMDkvYmxlbmRlci13aXRoLXRhbXBlci05MjA5MDAwODItMy5wbmc.webp\",\"datePublished\":\"2024-07-16T12:46:35+00:00\",\"dateModified\":\"2026-05-11T05:36:15+00:00\",\"description\":\"Vielseitiger Mixeraufsatz mit 1,3 Liter Fassungsverm\u00f6gen f\u00fcr Ihre Ankarsrum K\u00fcchenmaschine \u2013 perfekt f\u00fcr Smoothies, Suppen und mehr.\",\"breadcrumb\":{\"@id\":\"https:\/\/www.ankarsrum.com\/de\/product\/mixeraufsatz-fassungsvermoegen-13-l-2\/#breadcrumb\"},\"inLanguage\":\"de\",\"potentialAction\":[{\"@type\":\"ReadAction\",\"target\":[\"https:\/\/www.ankarsrum.com\/de\/product\/mixeraufsatz-fassungsvermoegen-13-l-2\/\"]}]},{\"@type\":\"ImageObject\",\"inLanguage\":\"de\",\"@id\":\"https:\/\/www.ankarsrum.com\/de\/product\/mixeraufsatz-fassungsvermoegen-13-l-2\/#primaryimage\",\"url\":\"https:\/\/www.ankarsrum.com\/img-srv\/Ga-940gjidx-krcmojRmilvozbbvpQ_lrWXl9J7qqPo\/resizing_type:auto\/width:0\/height:0\/gravity:sm\/enlarge:1\/ext:webp\/strip_metadata:1\/quality:90\/cachebuster:filesize-350030\/bG9jYWw6Ly8vd3d3LmFua2Fyc3J1bS5jb20vd3AtY29udGVudC91cGxvYWRzL3NpdGVzLzE2LzIwMjQvMDkvYmxlbmRlci13aXRoLXRhbXBlci05MjA5MDAwODItMy5wbmc.webp\",\"contentUrl\":\"https:\/\/www.ankarsrum.com\/img-srv\/Ga-940gjidx-krcmojRmilvozbbvpQ_lrWXl9J7qqPo\/resizing_type:auto\/width:0\/height:0\/gravity:sm\/enlarge:1\/ext:webp\/strip_metadata:1\/quality:90\/cachebuster:filesize-350030\/bG9jYWw6Ly8vd3d3LmFua2Fyc3J1bS5jb20vd3AtY29udGVudC91cGxvYWRzL3NpdGVzLzE2LzIwMjQvMDkvYmxlbmRlci13aXRoLXRhbXBlci05MjA5MDAwODItMy5wbmc.webp\",\"width\":1080,\"height\":1080},{\"@type\":\"BreadcrumbList\",\"@id\":\"https:\/\/www.ankarsrum.com\/de\/product\/mixeraufsatz-fassungsvermoegen-13-l-2\/#breadcrumb\",\"itemListElement\":[{\"@type\":\"ListItem\",\"position\":1,\"name\":\"Home\",\"item\":\"https:\/\/www.ankarsrum.com\/de\/\"},{\"@type\":\"ListItem\",\"position\":2,\"name\":\"Produce name\",\"item\":\"https:\/\/www.ankarsrum.com\/de\/shop\/\"},{\"@type\":\"ListItem\",\"position\":3,\"name\":\"Mixeraufsatz, Fassungsverm\u00f6gen: 1,3 L\"}]},{\"@type\":\"WebSite\",\"@id\":\"https:\/\/www.ankarsrum.com\/de\/#website\",\"url\":\"https:\/\/www.ankarsrum.com\/de\/\",\"name\":\"Ankarsrum Germany\",\"description\":\"The bread of the world\",\"potentialAction\":[{\"@type\":\"SearchAction\",\"target\":{\"@type\":\"EntryPoint\",\"urlTemplate\":\"https:\/\/www.ankarsrum.com\/de\/?s={search_term_string}\"},\"query-input\":{\"@type\":\"PropertyValueSpecification\",\"valueRequired\":true,\"valueName\":\"search_term_string\"}}],\"inLanguage\":\"de\"}]}<\/script>\n<!-- \/ Yoast SEO Premium plugin. -->","yoast_head_json":{"title":"Mixeraufsatz 1,3 L \u2013 Ankarsrum Zubeh\u00f6r","description":"Vielseitiger Mixeraufsatz mit 1,3 Liter Fassungsverm\u00f6gen f\u00fcr Ihre Ankarsrum K\u00fcchenmaschine \u2013 perfekt f\u00fcr Smoothies, Suppen und mehr.","robots":{"index":"index","follow":"follow","max-snippet":"max-snippet:-1","max-image-preview":"max-image-preview:large","max-video-preview":"max-video-preview:-1"},"canonical":"https:\/\/www.ankarsrum.com\/de\/product\/mixeraufsatz-fassungsvermoegen-13-l-2\/","og_locale":"de_DE","og_type":"article","og_title":"Mixeraufsatz, Fassungsverm\u00f6gen: 1,3 L","og_description":"Vielseitiger Mixeraufsatz mit 1,3 Liter Fassungsverm\u00f6gen f\u00fcr Ihre Ankarsrum K\u00fcchenmaschine \u2013 perfekt f\u00fcr Smoothies, Suppen und mehr.","og_url":"https:\/\/www.ankarsrum.com\/de\/product\/mixeraufsatz-fassungsvermoegen-13-l-2\/","og_site_name":"Ankarsrum Germany","article_modified_time":"2026-05-11T05:36:15+00:00","og_image":[{"width":1080,"height":630,"url":"https:\/\/www.ankarsrum.com\/de\/wp-content\/uploads\/sites\/16\/2024\/09\/blender-with-tamper-920900082-3.png","type":"image\/png"}],"twitter_card":"summary_large_image","twitter_misc":{"Gesch\u00e4tzte Lesezeit":"1\u00a0Minute"},"schema":{"@context":"https:\/\/schema.org","@graph":[{"@type":"WebPage","@id":"https:\/\/www.ankarsrum.com\/de\/product\/mixeraufsatz-fassungsvermoegen-13-l-2\/","url":"https:\/\/www.ankarsrum.com\/de\/product\/mixeraufsatz-fassungsvermoegen-13-l-2\/","name":"Mixeraufsatz 1,3 L \u2013 Ankarsrum Zubeh\u00f6r","isPartOf":{"@id":"https:\/\/www.ankarsrum.com\/de\/#website"},"primaryImageOfPage":{"@id":"https:\/\/www.ankarsrum.com\/de\/product\/mixeraufsatz-fassungsvermoegen-13-l-2\/#primaryimage"},"image":{"@id":"https:\/\/www.ankarsrum.com\/de\/product\/mixeraufsatz-fassungsvermoegen-13-l-2\/#primaryimage"},"thumbnailUrl":"https:\/\/www.ankarsrum.com\/img-srv\/Ga-940gjidx-krcmojRmilvozbbvpQ_lrWXl9J7qqPo\/resizing_type:auto\/width:0\/height:0\/gravity:sm\/enlarge:1\/ext:webp\/strip_metadata:1\/quality:90\/cachebuster:filesize-350030\/bG9jYWw6Ly8vd3d3LmFua2Fyc3J1bS5jb20vd3AtY29udGVudC91cGxvYWRzL3NpdGVzLzE2LzIwMjQvMDkvYmxlbmRlci13aXRoLXRhbXBlci05MjA5MDAwODItMy5wbmc.webp","datePublished":"2024-07-16T12:46:35+00:00","dateModified":"2026-05-11T05:36:15+00:00","description":"Vielseitiger Mixeraufsatz mit 1,3 Liter Fassungsverm\u00f6gen f\u00fcr Ihre Ankarsrum K\u00fcchenmaschine \u2013 perfekt f\u00fcr Smoothies, Suppen und mehr.","breadcrumb":{"@id":"https:\/\/www.ankarsrum.com\/de\/product\/mixeraufsatz-fassungsvermoegen-13-l-2\/#breadcrumb"},"inLanguage":"de","potentialAction":[{"@type":"ReadAction","target":["https:\/\/www.ankarsrum.com\/de\/product\/mixeraufsatz-fassungsvermoegen-13-l-2\/"]}]},{"@type":"ImageObject","inLanguage":"de","@id":"https:\/\/www.ankarsrum.com\/de\/product\/mixeraufsatz-fassungsvermoegen-13-l-2\/#primaryimage","url":"https:\/\/www.ankarsrum.com\/img-srv\/Ga-940gjidx-krcmojRmilvozbbvpQ_lrWXl9J7qqPo\/resizing_type:auto\/width:0\/height:0\/gravity:sm\/enlarge:1\/ext:webp\/strip_metadata:1\/quality:90\/cachebuster:filesize-350030\/bG9jYWw6Ly8vd3d3LmFua2Fyc3J1bS5jb20vd3AtY29udGVudC91cGxvYWRzL3NpdGVzLzE2LzIwMjQvMDkvYmxlbmRlci13aXRoLXRhbXBlci05MjA5MDAwODItMy5wbmc.webp","contentUrl":"https:\/\/www.ankarsrum.com\/img-srv\/Ga-940gjidx-krcmojRmilvozbbvpQ_lrWXl9J7qqPo\/resizing_type:auto\/width:0\/height:0\/gravity:sm\/enlarge:1\/ext:webp\/strip_metadata:1\/quality:90\/cachebuster:filesize-350030\/bG9jYWw6Ly8vd3d3LmFua2Fyc3J1bS5jb20vd3AtY29udGVudC91cGxvYWRzL3NpdGVzLzE2LzIwMjQvMDkvYmxlbmRlci13aXRoLXRhbXBlci05MjA5MDAwODItMy5wbmc.webp","width":1080,"height":1080},{"@type":"BreadcrumbList","@id":"https:\/\/www.ankarsrum.com\/de\/product\/mixeraufsatz-fassungsvermoegen-13-l-2\/#breadcrumb","itemListElement":[{"@type":"ListItem","position":1,"name":"Home","item":"https:\/\/www.ankarsrum.com\/de\/"},{"@type":"ListItem","position":2,"name":"Produce name","item":"https:\/\/www.ankarsrum.com\/de\/shop\/"},{"@type":"ListItem","position":3,"name":"Mixeraufsatz, Fassungsverm\u00f6gen: 1,3 L"}]},{"@type":"WebSite","@id":"https:\/\/www.ankarsrum.com\/de\/#website","url":"https:\/\/www.ankarsrum.com\/de\/","name":"Ankarsrum Germany","description":"The bread of the world","potentialAction":[{"@type":"SearchAction","target":{"@type":"EntryPoint","urlTemplate":"https:\/\/www.ankarsrum.com\/de\/?s={search_term_string}"},"query-input":{"@type":"PropertyValueSpecification","valueRequired":true,"valueName":"search_term_string"}}],"inLanguage":"de"}]}},"_links":{"self":[{"href":"https:\/\/www.ankarsrum.com\/de\/wp-json\/wp\/v2\/product\/9086","targetHints":{"allow":["GET"]}}],"collection":[{"href":"https:\/\/www.ankarsrum.com\/de\/wp-json\/wp\/v2\/product"}],"about":[{"href":"https:\/\/www.ankarsrum.com\/de\/wp-json\/wp\/v2\/types\/product"}],"replies":[{"embeddable":true,"href":"https:\/\/www.ankarsrum.com\/de\/wp-json\/wp\/v2\/comments?post=9086"}],"wp:featuredmedia":[{"embeddable":true,"href":"https:\/\/www.ankarsrum.com\/de\/wp-json\/wp\/v2\/media\/10577"}],"wp:attachment":[{"href":"https:\/\/www.ankarsrum.com\/de\/wp-json\/wp\/v2\/media?parent=9086"}],"wp:term":[{"taxonomy":"product_brand","embeddable":true,"href":"https:\/\/www.ankarsrum.com\/de\/wp-json\/wp\/v2\/product_brand?post=9086"},{"taxonomy":"product_cat","embeddable":true,"href":"https:\/\/www.ankarsrum.com\/de\/wp-json\/wp\/v2\/product_cat?post=9086"},{"taxonomy":"product_tag","embeddable":true,"href":"https:\/\/www.ankarsrum.com\/de\/wp-json\/wp\/v2\/product_tag?post=9086"},{"taxonomy":"product-tag","embeddable":true,"href":"https:\/\/www.ankarsrum.com\/de\/wp-json\/wp\/v2\/product-tag?post=9086"},{"taxonomy":"machines","embeddable":true,"href":"https:\/\/www.ankarsrum.com\/de\/wp-json\/wp\/v2\/machines?post=9086"},{"taxonomy":"filter","embeddable":true,"href":"https:\/\/www.ankarsrum.com\/de\/wp-json\/wp\/v2\/filter?post=9086"}],"curies":[{"name":"wp","href":"https:\/\/api.w.org\/{rel}","templated":true}]}}