{"id":9900,"date":"2024-07-04T08:32:02","date_gmt":"2024-07-04T06:32:02","guid":{"rendered":"https:\/\/www.ankarsrum.com\/de\/product\/ankarsrum-pasta-set-lasagne-und-fettuccine\/"},"modified":"2026-05-08T07:20:43","modified_gmt":"2026-05-08T05:20:43","slug":"ankarsrum-pasta-set-lasagne-und-fettuccine","status":"publish","type":"product","link":"https:\/\/www.ankarsrum.com\/de\/product\/ankarsrum-pasta-set-lasagne-und-fettuccine\/","title":{"rendered":"Ankarsrum Pasta Set &#8211; Lasagne und Fettuccine"},"content":{"rendered":"<ul>\n<li>Die Pastawalzen werden f\u00fcr Ankarsrum vom italienischen Premiumhersteller Marcato gefertigt, wo man \u00fcber 80 Jahre Erfahrung mit der Pastaherstellung hat.<\/li>\n<li>Lasse den Teig einige Male auf der gr\u00f6\u00dften Stufe durch die Lasagnewalze laufen, bevor Du die Dicke stufenweise reduzierst. Klappe den Teig zwischen jedem Walzdurchgang einmal auf die H\u00e4lfte.<\/li>\n<li>Die Teigplatten, die Du mithilfe der Lasagnewalze hergestellt hast, kannst Du dann durch die Fettuccine f\u00fchren.<\/li>\n<li>Mit dem Pastazubeh\u00f6r darf ausschlie\u00dflich Pastateig verarbeitet werden.<\/li>\n<li>Achte darauf, nicht mit Deinen Fingern oder Fremdk\u00f6rpern in die Walzen zu kommen.<\/li>\n<li>Beuge Dich niemals \u00fcber die Walze, wenn die Assistent arbeitet.<\/li>\n<li>Die Pastawalzen passen auf alle Modelle der Assistent von N1\u2013N30<\/li>\n<\/ul>","protected":false},"excerpt":{"rendered":"<p>Selbstgemachte Nudeln servieren, das macht bei jedem Essen einen guten Eindruck. Der Geschmack und die Konsistenz sind ein wundervolles Erlebnis f\u00fcr den Gaumen \u2013 und sie sind viel einfacher zu machen als Du denkst!<\/p>\n<p>\u00a0<\/p>\n<p>Mit unserem Pasta Set &#8211; Lasagne und Fettuccine wird die Herstellung von Pasta ein Kinderspiel. Damit kannst du deine Lieblingsnudelgerichte mit Leichtigkeit zubereiten.<\/p>\n<p>Das Pasta Set enth\u00e4lt:<\/p>\n<ul>\n<li>Pastawalze Lasagne<\/li>\n<li>Pastawalze Fettuccine<\/li>\n<\/ul>\n","protected":false},"featured_media":10105,"comment_status":"open","ping_status":"closed","template":"","meta":{"_acf_changed":false,"content-type":"","editor_notices":[]},"product_brand":[],"product_cat":[373],"product_tag":[],"product-tag":[],"machines":[],"filter":[],"class_list":{"0":"post-9900","1":"product","2":"type-product","3":"status-publish","4":"has-post-thumbnail","6":"product_cat-ankarsrum-zubehor","8":"first","9":"instock","10":"taxable","11":"shipping-taxable","12":"product-type-simple"},"acf":[],"yoast_head":"<!-- This site is optimized with the Yoast SEO Premium plugin v26.6 (Yoast SEO v26.6) - https:\/\/yoast.com\/wordpress\/plugins\/seo\/ -->\n<title>Ankarsrum Pasta Set \u2013 Lasagne &amp; Fettuccine<\/title>\n<meta name=\"description\" content=\"Das Pasta-Set von Ankarsrum k\u00fcchenmaschine f\u00fcr Lasagne und Fettuccine. Perfekt f\u00fcr hausgemachte Pasta \u2013 einfach, frisch und lecker!\" \/>\n<meta name=\"robots\" content=\"index, follow, max-snippet:-1, max-image-preview:large, max-video-preview:-1\" \/>\n<link rel=\"canonical\" href=\"https:\/\/www.ankarsrum.com\/de\/product\/ankarsrum-pasta-set-lasagne-und-fettuccine\/\" \/>\n<meta property=\"og:locale\" content=\"de_DE\" \/>\n<meta property=\"og:type\" content=\"article\" \/>\n<meta property=\"og:title\" content=\"Ankarsrum Pasta Set - Lasagne und Fettuccine\" \/>\n<meta property=\"og:description\" content=\"Das Pasta-Set von Ankarsrum k\u00fcchenmaschine f\u00fcr Lasagne und Fettuccine. Perfekt f\u00fcr hausgemachte Pasta \u2013 einfach, frisch und lecker!\" \/>\n<meta property=\"og:url\" content=\"https:\/\/www.ankarsrum.com\/de\/product\/ankarsrum-pasta-set-lasagne-und-fettuccine\/\" \/>\n<meta property=\"og:site_name\" content=\"Ankarsrum Germany\" \/>\n<meta property=\"article:modified_time\" content=\"2026-05-08T05:20:43+00:00\" \/>\n<meta property=\"og:image\" content=\"https:\/\/www.ankarsrum.com\/de\/wp-content\/uploads\/sites\/16\/2024\/09\/fettuccine-lasagne-bundle025x.jpg\" \/>\n\t<meta property=\"og:image:width\" content=\"1200\" \/>\n\t<meta property=\"og:image:height\" content=\"630\" \/>\n\t<meta property=\"og:image:type\" content=\"image\/jpeg\" \/>\n<meta name=\"twitter:card\" content=\"summary_large_image\" \/>\n<meta name=\"twitter:label1\" content=\"Gesch\u00e4tzte Lesezeit\" \/>\n\t<meta name=\"twitter:data1\" content=\"1\u00a0Minute\" \/>\n<script type=\"application\/ld+json\" class=\"yoast-schema-graph\">{\"@context\":\"https:\/\/schema.org\",\"@graph\":[{\"@type\":\"WebPage\",\"@id\":\"https:\/\/www.ankarsrum.com\/de\/product\/ankarsrum-pasta-set-lasagne-und-fettuccine\/\",\"url\":\"https:\/\/www.ankarsrum.com\/de\/product\/ankarsrum-pasta-set-lasagne-und-fettuccine\/\",\"name\":\"Ankarsrum Pasta Set \u2013 Lasagne & Fettuccine\",\"isPartOf\":{\"@id\":\"https:\/\/www.ankarsrum.com\/de\/#website\"},\"primaryImageOfPage\":{\"@id\":\"https:\/\/www.ankarsrum.com\/de\/product\/ankarsrum-pasta-set-lasagne-und-fettuccine\/#primaryimage\"},\"image\":{\"@id\":\"https:\/\/www.ankarsrum.com\/de\/product\/ankarsrum-pasta-set-lasagne-und-fettuccine\/#primaryimage\"},\"thumbnailUrl\":\"https:\/\/www.ankarsrum.com\/img-srv\/zYx1UK2tQfhhTKnpleGKEawl22CO9PWN1Tuh7xk14LQ\/resizing_type:auto\/width:0\/height:0\/gravity:sm\/enlarge:1\/ext:webp\/strip_metadata:1\/quality:90\/cachebuster:filesize-82470\/bG9jYWw6Ly8vd3d3LmFua2Fyc3J1bS5jb20vd3AtY29udGVudC91cGxvYWRzL3NpdGVzLzE2LzIwMjQvMDkvZmV0dHVjY2luZS1sYXNhZ25lLWJ1bmRsZTAyNXguanBn.webp\",\"datePublished\":\"2024-07-04T06:32:02+00:00\",\"dateModified\":\"2026-05-08T05:20:43+00:00\",\"description\":\"Das Pasta-Set von Ankarsrum k\u00fcchenmaschine f\u00fcr Lasagne und Fettuccine. Perfekt f\u00fcr hausgemachte Pasta \u2013 einfach, frisch und lecker!\",\"breadcrumb\":{\"@id\":\"https:\/\/www.ankarsrum.com\/de\/product\/ankarsrum-pasta-set-lasagne-und-fettuccine\/#breadcrumb\"},\"inLanguage\":\"de\",\"potentialAction\":[{\"@type\":\"ReadAction\",\"target\":[\"https:\/\/www.ankarsrum.com\/de\/product\/ankarsrum-pasta-set-lasagne-und-fettuccine\/\"]}]},{\"@type\":\"ImageObject\",\"inLanguage\":\"de\",\"@id\":\"https:\/\/www.ankarsrum.com\/de\/product\/ankarsrum-pasta-set-lasagne-und-fettuccine\/#primaryimage\",\"url\":\"https:\/\/www.ankarsrum.com\/img-srv\/zYx1UK2tQfhhTKnpleGKEawl22CO9PWN1Tuh7xk14LQ\/resizing_type:auto\/width:0\/height:0\/gravity:sm\/enlarge:1\/ext:webp\/strip_metadata:1\/quality:90\/cachebuster:filesize-82470\/bG9jYWw6Ly8vd3d3LmFua2Fyc3J1bS5jb20vd3AtY29udGVudC91cGxvYWRzL3NpdGVzLzE2LzIwMjQvMDkvZmV0dHVjY2luZS1sYXNhZ25lLWJ1bmRsZTAyNXguanBn.webp\",\"contentUrl\":\"https:\/\/www.ankarsrum.com\/img-srv\/zYx1UK2tQfhhTKnpleGKEawl22CO9PWN1Tuh7xk14LQ\/resizing_type:auto\/width:0\/height:0\/gravity:sm\/enlarge:1\/ext:webp\/strip_metadata:1\/quality:90\/cachebuster:filesize-82470\/bG9jYWw6Ly8vd3d3LmFua2Fyc3J1bS5jb20vd3AtY29udGVudC91cGxvYWRzL3NpdGVzLzE2LzIwMjQvMDkvZmV0dHVjY2luZS1sYXNhZ25lLWJ1bmRsZTAyNXguanBn.webp\",\"width\":1342,\"height\":1342},{\"@type\":\"BreadcrumbList\",\"@id\":\"https:\/\/www.ankarsrum.com\/de\/product\/ankarsrum-pasta-set-lasagne-und-fettuccine\/#breadcrumb\",\"itemListElement\":[{\"@type\":\"ListItem\",\"position\":1,\"name\":\"Home\",\"item\":\"https:\/\/www.ankarsrum.com\/de\/\"},{\"@type\":\"ListItem\",\"position\":2,\"name\":\"Produce name\",\"item\":\"https:\/\/www.ankarsrum.com\/de\/shop\/\"},{\"@type\":\"ListItem\",\"position\":3,\"name\":\"Ankarsrum Pasta Set &#8211; Lasagne und Fettuccine\"}]},{\"@type\":\"WebSite\",\"@id\":\"https:\/\/www.ankarsrum.com\/de\/#website\",\"url\":\"https:\/\/www.ankarsrum.com\/de\/\",\"name\":\"Ankarsrum Germany\",\"description\":\"The bread of the world\",\"potentialAction\":[{\"@type\":\"SearchAction\",\"target\":{\"@type\":\"EntryPoint\",\"urlTemplate\":\"https:\/\/www.ankarsrum.com\/de\/?s={search_term_string}\"},\"query-input\":{\"@type\":\"PropertyValueSpecification\",\"valueRequired\":true,\"valueName\":\"search_term_string\"}}],\"inLanguage\":\"de\"}]}<\/script>\n<!-- \/ Yoast SEO Premium plugin. -->","yoast_head_json":{"title":"Ankarsrum Pasta Set \u2013 Lasagne & Fettuccine","description":"Das Pasta-Set von Ankarsrum k\u00fcchenmaschine f\u00fcr Lasagne und Fettuccine. Perfekt f\u00fcr hausgemachte Pasta \u2013 einfach, frisch und lecker!","robots":{"index":"index","follow":"follow","max-snippet":"max-snippet:-1","max-image-preview":"max-image-preview:large","max-video-preview":"max-video-preview:-1"},"canonical":"https:\/\/www.ankarsrum.com\/de\/product\/ankarsrum-pasta-set-lasagne-und-fettuccine\/","og_locale":"de_DE","og_type":"article","og_title":"Ankarsrum Pasta Set - Lasagne und Fettuccine","og_description":"Das Pasta-Set von Ankarsrum k\u00fcchenmaschine f\u00fcr Lasagne und Fettuccine. Perfekt f\u00fcr hausgemachte Pasta \u2013 einfach, frisch und lecker!","og_url":"https:\/\/www.ankarsrum.com\/de\/product\/ankarsrum-pasta-set-lasagne-und-fettuccine\/","og_site_name":"Ankarsrum Germany","article_modified_time":"2026-05-08T05:20:43+00:00","og_image":[{"width":1200,"height":630,"url":"https:\/\/www.ankarsrum.com\/de\/wp-content\/uploads\/sites\/16\/2024\/09\/fettuccine-lasagne-bundle025x.jpg","type":"image\/jpeg"}],"twitter_card":"summary_large_image","twitter_misc":{"Gesch\u00e4tzte Lesezeit":"1\u00a0Minute"},"schema":{"@context":"https:\/\/schema.org","@graph":[{"@type":"WebPage","@id":"https:\/\/www.ankarsrum.com\/de\/product\/ankarsrum-pasta-set-lasagne-und-fettuccine\/","url":"https:\/\/www.ankarsrum.com\/de\/product\/ankarsrum-pasta-set-lasagne-und-fettuccine\/","name":"Ankarsrum Pasta Set \u2013 Lasagne & Fettuccine","isPartOf":{"@id":"https:\/\/www.ankarsrum.com\/de\/#website"},"primaryImageOfPage":{"@id":"https:\/\/www.ankarsrum.com\/de\/product\/ankarsrum-pasta-set-lasagne-und-fettuccine\/#primaryimage"},"image":{"@id":"https:\/\/www.ankarsrum.com\/de\/product\/ankarsrum-pasta-set-lasagne-und-fettuccine\/#primaryimage"},"thumbnailUrl":"https:\/\/www.ankarsrum.com\/img-srv\/zYx1UK2tQfhhTKnpleGKEawl22CO9PWN1Tuh7xk14LQ\/resizing_type:auto\/width:0\/height:0\/gravity:sm\/enlarge:1\/ext:webp\/strip_metadata:1\/quality:90\/cachebuster:filesize-82470\/bG9jYWw6Ly8vd3d3LmFua2Fyc3J1bS5jb20vd3AtY29udGVudC91cGxvYWRzL3NpdGVzLzE2LzIwMjQvMDkvZmV0dHVjY2luZS1sYXNhZ25lLWJ1bmRsZTAyNXguanBn.webp","datePublished":"2024-07-04T06:32:02+00:00","dateModified":"2026-05-08T05:20:43+00:00","description":"Das Pasta-Set von Ankarsrum k\u00fcchenmaschine f\u00fcr Lasagne und Fettuccine. Perfekt f\u00fcr hausgemachte Pasta \u2013 einfach, frisch und lecker!","breadcrumb":{"@id":"https:\/\/www.ankarsrum.com\/de\/product\/ankarsrum-pasta-set-lasagne-und-fettuccine\/#breadcrumb"},"inLanguage":"de","potentialAction":[{"@type":"ReadAction","target":["https:\/\/www.ankarsrum.com\/de\/product\/ankarsrum-pasta-set-lasagne-und-fettuccine\/"]}]},{"@type":"ImageObject","inLanguage":"de","@id":"https:\/\/www.ankarsrum.com\/de\/product\/ankarsrum-pasta-set-lasagne-und-fettuccine\/#primaryimage","url":"https:\/\/www.ankarsrum.com\/img-srv\/zYx1UK2tQfhhTKnpleGKEawl22CO9PWN1Tuh7xk14LQ\/resizing_type:auto\/width:0\/height:0\/gravity:sm\/enlarge:1\/ext:webp\/strip_metadata:1\/quality:90\/cachebuster:filesize-82470\/bG9jYWw6Ly8vd3d3LmFua2Fyc3J1bS5jb20vd3AtY29udGVudC91cGxvYWRzL3NpdGVzLzE2LzIwMjQvMDkvZmV0dHVjY2luZS1sYXNhZ25lLWJ1bmRsZTAyNXguanBn.webp","contentUrl":"https:\/\/www.ankarsrum.com\/img-srv\/zYx1UK2tQfhhTKnpleGKEawl22CO9PWN1Tuh7xk14LQ\/resizing_type:auto\/width:0\/height:0\/gravity:sm\/enlarge:1\/ext:webp\/strip_metadata:1\/quality:90\/cachebuster:filesize-82470\/bG9jYWw6Ly8vd3d3LmFua2Fyc3J1bS5jb20vd3AtY29udGVudC91cGxvYWRzL3NpdGVzLzE2LzIwMjQvMDkvZmV0dHVjY2luZS1sYXNhZ25lLWJ1bmRsZTAyNXguanBn.webp","width":1342,"height":1342},{"@type":"BreadcrumbList","@id":"https:\/\/www.ankarsrum.com\/de\/product\/ankarsrum-pasta-set-lasagne-und-fettuccine\/#breadcrumb","itemListElement":[{"@type":"ListItem","position":1,"name":"Home","item":"https:\/\/www.ankarsrum.com\/de\/"},{"@type":"ListItem","position":2,"name":"Produce name","item":"https:\/\/www.ankarsrum.com\/de\/shop\/"},{"@type":"ListItem","position":3,"name":"Ankarsrum Pasta Set &#8211; Lasagne und Fettuccine"}]},{"@type":"WebSite","@id":"https:\/\/www.ankarsrum.com\/de\/#website","url":"https:\/\/www.ankarsrum.com\/de\/","name":"Ankarsrum Germany","description":"The bread of the world","potentialAction":[{"@type":"SearchAction","target":{"@type":"EntryPoint","urlTemplate":"https:\/\/www.ankarsrum.com\/de\/?s={search_term_string}"},"query-input":{"@type":"PropertyValueSpecification","valueRequired":true,"valueName":"search_term_string"}}],"inLanguage":"de"}]}},"_links":{"self":[{"href":"https:\/\/www.ankarsrum.com\/de\/wp-json\/wp\/v2\/product\/9900","targetHints":{"allow":["GET"]}}],"collection":[{"href":"https:\/\/www.ankarsrum.com\/de\/wp-json\/wp\/v2\/product"}],"about":[{"href":"https:\/\/www.ankarsrum.com\/de\/wp-json\/wp\/v2\/types\/product"}],"replies":[{"embeddable":true,"href":"https:\/\/www.ankarsrum.com\/de\/wp-json\/wp\/v2\/comments?post=9900"}],"wp:featuredmedia":[{"embeddable":true,"href":"https:\/\/www.ankarsrum.com\/de\/wp-json\/wp\/v2\/media\/10105"}],"wp:attachment":[{"href":"https:\/\/www.ankarsrum.com\/de\/wp-json\/wp\/v2\/media?parent=9900"}],"wp:term":[{"taxonomy":"product_brand","embeddable":true,"href":"https:\/\/www.ankarsrum.com\/de\/wp-json\/wp\/v2\/product_brand?post=9900"},{"taxonomy":"product_cat","embeddable":true,"href":"https:\/\/www.ankarsrum.com\/de\/wp-json\/wp\/v2\/product_cat?post=9900"},{"taxonomy":"product_tag","embeddable":true,"href":"https:\/\/www.ankarsrum.com\/de\/wp-json\/wp\/v2\/product_tag?post=9900"},{"taxonomy":"product-tag","embeddable":true,"href":"https:\/\/www.ankarsrum.com\/de\/wp-json\/wp\/v2\/product-tag?post=9900"},{"taxonomy":"machines","embeddable":true,"href":"https:\/\/www.ankarsrum.com\/de\/wp-json\/wp\/v2\/machines?post=9900"},{"taxonomy":"filter","embeddable":true,"href":"https:\/\/www.ankarsrum.com\/de\/wp-json\/wp\/v2\/filter?post=9900"}],"curies":[{"name":"wp","href":"https:\/\/api.w.org\/{rel}","templated":true}]}}