{"id":1005,"date":"2019-02-05T07:07:11","date_gmt":"2019-02-05T07:07:11","guid":{"rendered":"https:\/\/www.ankarsrum.com\/?page_id=1005"},"modified":"2025-12-19T07:37:15","modified_gmt":"2025-12-19T06:37:15","slug":"hvorfor-ankarsrum","status":"publish","type":"page","link":"https:\/\/www.ankarsrum.com\/dk\/hvorfor-ankarsrum\/","title":{"rendered":"Hvorfor Ankarsrum"},"content":{"rendered":"","protected":false},"excerpt":{"rendered":"","protected":false},"author":5,"featured_media":0,"parent":0,"menu_order":0,"comment_status":"closed","ping_status":"closed","template":"template-blocks.php","meta":{"_acf_changed":false,"content-type":"","editor_notices":[],"footnotes":""},"class_list":["post-1005","page","type-page","status-publish","hentry"],"acf":[],"yoast_head":"<!-- This site is optimized with the Yoast SEO Premium plugin v26.6 (Yoast SEO v26.6) - https:\/\/yoast.com\/wordpress\/plugins\/seo\/ -->\n<title>Hvorfor v\u00e6lge Ankarsrum k\u00f8kkenmaskine | Ankarsrum<\/title>\n<meta name=\"description\" content=\"L\u00e6s hvorfor Ankarsrum k\u00f8kkenmaskine skiller sig ud. Oplev kvalitet, holdbarhed og alsidighed i bagning og madlavning med vores maskiner.\" \/>\n<meta name=\"robots\" content=\"index, follow, max-snippet:-1, max-image-preview:large, max-video-preview:-1\" \/>\n<link rel=\"canonical\" href=\"https:\/\/www.ankarsrum.com\/dk\/hvorfor-ankarsrum\/\" \/>\n<meta property=\"og:locale\" content=\"da_DK\" \/>\n<meta property=\"og:type\" content=\"article\" \/>\n<meta property=\"og:title\" content=\"Hvorfor Ankarsrum\" \/>\n<meta property=\"og:description\" content=\"L\u00e6s hvorfor Ankarsrum k\u00f8kkenmaskine skiller sig ud. Oplev kvalitet, holdbarhed og alsidighed i bagning og madlavning med vores maskiner.\" \/>\n<meta property=\"og:url\" content=\"https:\/\/www.ankarsrum.com\/dk\/hvorfor-ankarsrum\/\" \/>\n<meta property=\"og:site_name\" content=\"Ankarsrum Denmark\" \/>\n<meta property=\"article:modified_time\" content=\"2025-12-19T06:37:15+00:00\" \/>\n<meta name=\"twitter:card\" content=\"summary_large_image\" \/>\n<script type=\"application\/ld+json\" class=\"yoast-schema-graph\">{\"@context\":\"https:\/\/schema.org\",\"@graph\":[{\"@type\":\"WebPage\",\"@id\":\"https:\/\/www.ankarsrum.com\/dk\/hvorfor-ankarsrum\/\",\"url\":\"https:\/\/www.ankarsrum.com\/dk\/hvorfor-ankarsrum\/\",\"name\":\"Hvorfor v\u00e6lge Ankarsrum k\u00f8kkenmaskine | Ankarsrum\",\"isPartOf\":{\"@id\":\"https:\/\/www.ankarsrum.com\/dk\/#website\"},\"datePublished\":\"2019-02-05T07:07:11+00:00\",\"dateModified\":\"2025-12-19T06:37:15+00:00\",\"description\":\"L\u00e6s hvorfor Ankarsrum k\u00f8kkenmaskine skiller sig ud. Oplev kvalitet, holdbarhed og alsidighed i bagning og madlavning med vores maskiner.\",\"breadcrumb\":{\"@id\":\"https:\/\/www.ankarsrum.com\/dk\/hvorfor-ankarsrum\/#breadcrumb\"},\"inLanguage\":\"da-DK\",\"potentialAction\":[{\"@type\":\"ReadAction\",\"target\":[\"https:\/\/www.ankarsrum.com\/dk\/hvorfor-ankarsrum\/\"]}]},{\"@type\":\"BreadcrumbList\",\"@id\":\"https:\/\/www.ankarsrum.com\/dk\/hvorfor-ankarsrum\/#breadcrumb\",\"itemListElement\":[{\"@type\":\"ListItem\",\"position\":1,\"name\":\"Home\",\"item\":\"https:\/\/www.ankarsrum.com\/dk\/\"},{\"@type\":\"ListItem\",\"position\":2,\"name\":\"Hvorfor Ankarsrum\"}]},{\"@type\":\"WebSite\",\"@id\":\"https:\/\/www.ankarsrum.com\/dk\/#website\",\"url\":\"https:\/\/www.ankarsrum.com\/dk\/\",\"name\":\"Ankarsrum Denmark\",\"description\":\"The bread of the world\",\"potentialAction\":[{\"@type\":\"SearchAction\",\"target\":{\"@type\":\"EntryPoint\",\"urlTemplate\":\"https:\/\/www.ankarsrum.com\/dk\/?s={search_term_string}\"},\"query-input\":{\"@type\":\"PropertyValueSpecification\",\"valueRequired\":true,\"valueName\":\"search_term_string\"}}],\"inLanguage\":\"da-DK\"}]}<\/script>\n<!-- \/ Yoast SEO Premium plugin. -->","yoast_head_json":{"title":"Hvorfor v\u00e6lge Ankarsrum k\u00f8kkenmaskine | Ankarsrum","description":"L\u00e6s hvorfor Ankarsrum k\u00f8kkenmaskine skiller sig ud. Oplev kvalitet, holdbarhed og alsidighed i bagning og madlavning med vores maskiner.","robots":{"index":"index","follow":"follow","max-snippet":"max-snippet:-1","max-image-preview":"max-image-preview:large","max-video-preview":"max-video-preview:-1"},"canonical":"https:\/\/www.ankarsrum.com\/dk\/hvorfor-ankarsrum\/","og_locale":"da_DK","og_type":"article","og_title":"Hvorfor Ankarsrum","og_description":"L\u00e6s hvorfor Ankarsrum k\u00f8kkenmaskine skiller sig ud. Oplev kvalitet, holdbarhed og alsidighed i bagning og madlavning med vores maskiner.","og_url":"https:\/\/www.ankarsrum.com\/dk\/hvorfor-ankarsrum\/","og_site_name":"Ankarsrum Denmark","article_modified_time":"2025-12-19T06:37:15+00:00","twitter_card":"summary_large_image","schema":{"@context":"https:\/\/schema.org","@graph":[{"@type":"WebPage","@id":"https:\/\/www.ankarsrum.com\/dk\/hvorfor-ankarsrum\/","url":"https:\/\/www.ankarsrum.com\/dk\/hvorfor-ankarsrum\/","name":"Hvorfor v\u00e6lge Ankarsrum k\u00f8kkenmaskine | Ankarsrum","isPartOf":{"@id":"https:\/\/www.ankarsrum.com\/dk\/#website"},"datePublished":"2019-02-05T07:07:11+00:00","dateModified":"2025-12-19T06:37:15+00:00","description":"L\u00e6s hvorfor Ankarsrum k\u00f8kkenmaskine skiller sig ud. Oplev kvalitet, holdbarhed og alsidighed i bagning og madlavning med vores maskiner.","breadcrumb":{"@id":"https:\/\/www.ankarsrum.com\/dk\/hvorfor-ankarsrum\/#breadcrumb"},"inLanguage":"da-DK","potentialAction":[{"@type":"ReadAction","target":["https:\/\/www.ankarsrum.com\/dk\/hvorfor-ankarsrum\/"]}]},{"@type":"BreadcrumbList","@id":"https:\/\/www.ankarsrum.com\/dk\/hvorfor-ankarsrum\/#breadcrumb","itemListElement":[{"@type":"ListItem","position":1,"name":"Home","item":"https:\/\/www.ankarsrum.com\/dk\/"},{"@type":"ListItem","position":2,"name":"Hvorfor Ankarsrum"}]},{"@type":"WebSite","@id":"https:\/\/www.ankarsrum.com\/dk\/#website","url":"https:\/\/www.ankarsrum.com\/dk\/","name":"Ankarsrum Denmark","description":"The bread of the world","potentialAction":[{"@type":"SearchAction","target":{"@type":"EntryPoint","urlTemplate":"https:\/\/www.ankarsrum.com\/dk\/?s={search_term_string}"},"query-input":{"@type":"PropertyValueSpecification","valueRequired":true,"valueName":"search_term_string"}}],"inLanguage":"da-DK"}]}},"_links":{"self":[{"href":"https:\/\/www.ankarsrum.com\/dk\/wp-json\/wp\/v2\/pages\/1005","targetHints":{"allow":["GET"]}}],"collection":[{"href":"https:\/\/www.ankarsrum.com\/dk\/wp-json\/wp\/v2\/pages"}],"about":[{"href":"https:\/\/www.ankarsrum.com\/dk\/wp-json\/wp\/v2\/types\/page"}],"author":[{"embeddable":true,"href":"https:\/\/www.ankarsrum.com\/dk\/wp-json\/wp\/v2\/users\/5"}],"replies":[{"embeddable":true,"href":"https:\/\/www.ankarsrum.com\/dk\/wp-json\/wp\/v2\/comments?post=1005"}],"version-history":[{"count":7,"href":"https:\/\/www.ankarsrum.com\/dk\/wp-json\/wp\/v2\/pages\/1005\/revisions"}],"predecessor-version":[{"id":6833,"href":"https:\/\/www.ankarsrum.com\/dk\/wp-json\/wp\/v2\/pages\/1005\/revisions\/6833"}],"wp:attachment":[{"href":"https:\/\/www.ankarsrum.com\/dk\/wp-json\/wp\/v2\/media?parent=1005"}],"curies":[{"name":"wp","href":"https:\/\/api.w.org\/{rel}","templated":true}]}}