{"id":10395,"date":"2023-05-15T06:05:56","date_gmt":"2023-05-15T06:05:56","guid":{"rendered":"https:\/\/www.ankarsrum.com\/dk\/?page_id=10395"},"modified":"2023-05-16T06:44:06","modified_gmt":"2023-05-16T06:44:06","slug":"ankarsrum-newsletter-2","status":"publish","type":"page","link":"https:\/\/www.ankarsrum.com\/dk\/ankarsrum-newsletter-2\/","title":{"rendered":"Ankarsrum newsletter"},"content":{"rendered":"\n\n<div class=\"wp-block-qala-blocks-hero alignfull content-position__left content-align__center has-media-first-mobile has-media-full-mobile alignfull  wp-block-qala-blocks-hero\">\n\t<div\n\t\tclass=\"wp-block-qala-blocks-hero__wrapper \"\n\t\tstyle=\" \"\n\t\t>\n\n\t\t\t\t<div\n\t\t\tclass=\"wp-block-qala-blocks-hero__content \"\n\t\t\tdata-width=\"50%\"\n\t\t\tstyle=\" width:50%;  text-align:left;\"\n\t\t\t>\n\t\t\t\t\t\t\t\n\n<h5 class=\"wp-block-qala-blocks-hero__subheading wp-block-heading\"><\/h5>\n\n\n\n<h1 class=\"wp-block-qala-blocks-hero__heading wp-block-heading\">Tilmeld dig vores nyhedsbrev<\/h1>\n\n\n\n<p class=\"wp-block-qala-blocks-hero__text\">F\u00e5 tips til, hvordan du bruger og kommer i gang med din maskine. V\u00e6r den f\u00f8rste til at h\u00f8re om vores nyheder og tilbud. Og lad dig selvf\u00f8lgelig inspirere af mange sp\u00e6ndende og velsmagende opskrifter fra Ankarsrum.<\/p>\n\n\n<script>(function() {\n\twindow.mc4wp = window.mc4wp || {\n\t\tlisteners: [],\n\t\tforms: {\n\t\t\ton: function(evt, cb) {\n\t\t\t\twindow.mc4wp.listeners.push(\n\t\t\t\t\t{\n\t\t\t\t\t\tevent   : evt,\n\t\t\t\t\t\tcallback: cb\n\t\t\t\t\t}\n\t\t\t\t);\n\t\t\t}\n\t\t}\n\t}\n})();\n<\/script><!-- Mailchimp for WordPress v4.10.5 - https:\/\/wordpress.org\/plugins\/mailchimp-for-wp\/ --><form id=\"mc4wp-form-1\" class=\"mc4wp-form mc4wp-form-10376\" method=\"post\" data-id=\"10376\" data-name=\"Newsletter DK\" ><div class=\"mc4wp-form-fields\"><div style=\"display: flex; width: 100%;\">\r\n  <div style=\"width: 100%;\">\r\n    <input style=\"height: 50px; width: 100%;\" type=\"email\" name=\"EMAIL\" placeholder=\"Email adresse\" required \/>\r\n  <\/div>\r\n  <div>\r\n    <input class=\"btn\" style=\"height: 50px;\" type=\"submit\" value=\"Abonner\" \/>\r\n  <\/div>\r\n<\/div>\r\n<div style=\"display: flex; margin-top: 10px; align-items: center;\">\r\n  <input name=\"AGREE_TO_TERMS\" type=\"checkbox\" value=\"1\" required=\"\" style=\"margin-right: 10px;\"><a href=\"https:\/\/www.ankarsrum.com\/dk\/privacy-page\/\" target=\"_blank\">Jeg accepterer privatlivspolitikken<\/a>\r\n<\/div><\/div><label style=\"display: none !important;\">Leave this field empty if you're human: <input type=\"text\" name=\"_mc4wp_honeypot\" value=\"\" tabindex=\"-1\" autocomplete=\"off\" \/><\/label><input type=\"hidden\" name=\"_mc4wp_timestamp\" value=\"1775510768\" \/><input type=\"hidden\" name=\"_mc4wp_form_id\" value=\"10376\" \/><input type=\"hidden\" name=\"_mc4wp_form_element_id\" value=\"mc4wp-form-1\" \/><div class=\"mc4wp-response\"><\/div><\/form><!-- \/ Mailchimp for WordPress Plugin -->\n\n\t\t\t\t\t<\/div>\n\n\t\t\t\t<div\n\t\t\tclass=\"wp-block-qala-blocks-hero__media-wrap \"\n\t\t\t\t\t\tstyle=\"\"\n\t\t\t>\n\n\t\t\t\t\t\t\t<picture><source height=\"1024\" width=\"1024\" sizes=\"(max-width: 1129px) 100vw, 1129px\" srcset=\"https:\/\/www.ankarsrum.com\/img-srv\/1qkUl00_ZOH4Xw1szZkbh6o-7f3LP2FXFmDMSO8Ahh0\/resizing_type:auto\/width:358\/height:0\/gravity:sm\/enlarge:1\/ext:webp\/strip_metadata:1\/quality:90\/cachebuster:filesize-362783\/bG9jYWw6Ly8vd3d3LmFua2Fyc3J1bS5jb20vd3AtY29udGVudC91cGxvYWRzL3NpdGVzLzE5LzIwMjIvMTEvQW5rYXJzcnVtX0tpdGNoZW5fUGFzdHJ5XzAyLXNjYWxlZC1lMTY2ODc3OTQ1MTc3OS5qcGc.webp 358w, https:\/\/www.ankarsrum.com\/img-srv\/SLhWi8-QAtH3z0eG7EyAL4UaBULqjQ3MWY5XXugEfnA\/resizing_type:auto\/width:614\/height:0\/gravity:sm\/enlarge:1\/ext:webp\/strip_metadata:1\/quality:90\/cachebuster:filesize-362783\/bG9jYWw6Ly8vd3d3LmFua2Fyc3J1bS5jb20vd3AtY29udGVudC91cGxvYWRzL3NpdGVzLzE5LzIwMjIvMTEvQW5rYXJzcnVtX0tpdGNoZW5fUGFzdHJ5XzAyLXNjYWxlZC1lMTY2ODc3OTQ1MTc3OS5qcGc.webp 614w, https:\/\/www.ankarsrum.com\/img-srv\/JHG745mh0eUv934WAqWmmIv2KrdzHCnAv9zOBThQh6s\/resizing_type:auto\/width:870\/height:0\/gravity:sm\/enlarge:1\/ext:webp\/strip_metadata:1\/quality:90\/cachebuster:filesize-362783\/bG9jYWw6Ly8vd3d3LmFua2Fyc3J1bS5jb20vd3AtY29udGVudC91cGxvYWRzL3NpdGVzLzE5LzIwMjIvMTEvQW5rYXJzcnVtX0tpdGNoZW5fUGFzdHJ5XzAyLXNjYWxlZC1lMTY2ODc3OTQ1MTc3OS5qcGc.webp 870w, https:\/\/www.ankarsrum.com\/img-srv\/dQi6ruT2J0R27aR2Tsk429IkFDs2BCXxzJ8Low-sy90\/resizing_type:auto\/width:1126\/height:0\/gravity:sm\/enlarge:1\/ext:webp\/strip_metadata:1\/quality:90\/cachebuster:filesize-362783\/bG9jYWw6Ly8vd3d3LmFua2Fyc3J1bS5jb20vd3AtY29udGVudC91cGxvYWRzL3NpdGVzLzE5LzIwMjIvMTEvQW5rYXJzcnVtX0tpdGNoZW5fUGFzdHJ5XzAyLXNjYWxlZC1lMTY2ODc3OTQ1MTc3OS5qcGc.webp 1126w, https:\/\/www.ankarsrum.com\/img-srv\/7U0VYmIhWYzIVOMeO_O9Fk2yQ4klJRcsLtpbr1RqgPA\/resizing_type:auto\/width:1382\/height:0\/gravity:sm\/enlarge:1\/ext:webp\/strip_metadata:1\/quality:90\/cachebuster:filesize-362783\/bG9jYWw6Ly8vd3d3LmFua2Fyc3J1bS5jb20vd3AtY29udGVudC91cGxvYWRzL3NpdGVzLzE5LzIwMjIvMTEvQW5rYXJzcnVtX0tpdGNoZW5fUGFzdHJ5XzAyLXNjYWxlZC1lMTY2ODc3OTQ1MTc3OS5qcGc.webp 1382w, https:\/\/www.ankarsrum.com\/img-srv\/SIjl4wDvCRY-cuNFnOkPqv0psPdG7DaPie47GWc6Yt0\/resizing_type:auto\/width:1638\/height:0\/gravity:sm\/enlarge:1\/ext:webp\/strip_metadata:1\/quality:90\/cachebuster:filesize-362783\/bG9jYWw6Ly8vd3d3LmFua2Fyc3J1bS5jb20vd3AtY29udGVudC91cGxvYWRzL3NpdGVzLzE5LzIwMjIvMTEvQW5rYXJzcnVtX0tpdGNoZW5fUGFzdHJ5XzAyLXNjYWxlZC1lMTY2ODc3OTQ1MTc3OS5qcGc.webp 1638w, https:\/\/www.ankarsrum.com\/img-srv\/jfXkEh9I6v3f7Wd4pSBxHCfKsqeuU71Y38TpmSfOdiQ\/resizing_type:auto\/width:1894\/height:0\/gravity:sm\/enlarge:1\/ext:webp\/strip_metadata:1\/quality:90\/cachebuster:filesize-362783\/bG9jYWw6Ly8vd3d3LmFua2Fyc3J1bS5jb20vd3AtY29udGVudC91cGxvYWRzL3NpdGVzLzE5LzIwMjIvMTEvQW5rYXJzcnVtX0tpdGNoZW5fUGFzdHJ5XzAyLXNjYWxlZC1lMTY2ODc3OTQ1MTc3OS5qcGc.webp 1894w, https:\/\/www.ankarsrum.com\/img-srv\/dxXlCCauJveOdGLuuNY7saYgf94BMfKjrjdfFntJvZo\/resizing_type:auto\/width:2150\/height:0\/gravity:sm\/enlarge:1\/ext:webp\/strip_metadata:1\/quality:90\/cachebuster:filesize-362783\/bG9jYWw6Ly8vd3d3LmFua2Fyc3J1bS5jb20vd3AtY29udGVudC91cGxvYWRzL3NpdGVzLzE5LzIwMjIvMTEvQW5rYXJzcnVtX0tpdGNoZW5fUGFzdHJ5XzAyLXNjYWxlZC1lMTY2ODc3OTQ1MTc3OS5qcGc.webp 2150w, https:\/\/www.ankarsrum.com\/img-srv\/q6ZwgQ8zlDHnaAQ8Guz-s-QFG6nnea4NdfGQYPrO69Q\/resizing_type:auto\/width:2406\/height:0\/gravity:sm\/enlarge:1\/ext:webp\/strip_metadata:1\/quality:90\/cachebuster:filesize-362783\/bG9jYWw6Ly8vd3d3LmFua2Fyc3J1bS5jb20vd3AtY29udGVudC91cGxvYWRzL3NpdGVzLzE5LzIwMjIvMTEvQW5rYXJzcnVtX0tpdGNoZW5fUGFzdHJ5XzAyLXNjYWxlZC1lMTY2ODc3OTQ1MTc3OS5qcGc.webp 2406w, https:\/\/www.ankarsrum.com\/img-srv\/waY9D3U8DSz6GYeHeefmo8MhybOzZh9my1deMCB4FQo\/resizing_type:auto\/width:2662\/height:0\/gravity:sm\/enlarge:1\/ext:webp\/strip_metadata:1\/quality:90\/cachebuster:filesize-362783\/bG9jYWw6Ly8vd3d3LmFua2Fyc3J1bS5jb20vd3AtY29udGVudC91cGxvYWRzL3NpdGVzLzE5LzIwMjIvMTEvQW5rYXJzcnVtX0tpdGNoZW5fUGFzdHJ5XzAyLXNjYWxlZC1lMTY2ODc3OTQ1MTc3OS5qcGc.webp 2662w, https:\/\/www.ankarsrum.com\/img-srv\/XXRDS2aySj_2eX7XFr5R_9257x5i1U8lpGxX5ElwDkU\/resizing_type:auto\/width:2918\/height:0\/gravity:sm\/enlarge:1\/ext:webp\/strip_metadata:1\/quality:90\/cachebuster:filesize-362783\/bG9jYWw6Ly8vd3d3LmFua2Fyc3J1bS5jb20vd3AtY29udGVudC91cGxvYWRzL3NpdGVzLzE5LzIwMjIvMTEvQW5rYXJzcnVtX0tpdGNoZW5fUGFzdHJ5XzAyLXNjYWxlZC1lMTY2ODc3OTQ1MTc3OS5qcGc.webp 2918w\" type=\"image\/webp\" ><source height=\"1024\" width=\"1024\" sizes=\"(max-width: 1129px) 100vw, 1129px\" srcset=\"https:\/\/www.ankarsrum.com\/img-srv\/KNSafyQJPpu78ZBrHgbGa7e1e869mLToirdG6p-ANZY\/resizing_type:auto\/width:1024\/height:0\/gravity:sm\/enlarge:1\/ext:webp\/strip_metadata:1\/quality:90\/cachebuster:filesize-362783\/bG9jYWw6Ly8vd3d3LmFua2Fyc3J1bS5jb20vd3AtY29udGVudC91cGxvYWRzL3NpdGVzLzE5LzIwMjIvMTEvQW5rYXJzcnVtX0tpdGNoZW5fUGFzdHJ5XzAyLXNjYWxlZC1lMTY2ODc3OTQ1MTc3OS5qcGc.webp 1024w\" type=\"image\/webp\" ><img decoding=\"async\" width=\"1129\" height=\"1024\" src=\"https:\/\/www.ankarsrum.com\/img-srv\/KNSafyQJPpu78ZBrHgbGa7e1e869mLToirdG6p-ANZY\/resizing_type:auto\/width:1024\/height:0\/gravity:sm\/enlarge:1\/ext:webp\/strip_metadata:1\/quality:90\/cachebuster:filesize-362783\/bG9jYWw6Ly8vd3d3LmFua2Fyc3J1bS5jb20vd3AtY29udGVudC91cGxvYWRzL3NpdGVzLzE5LzIwMjIvMTEvQW5rYXJzcnVtX0tpdGNoZW5fUGFzdHJ5XzAyLXNjYWxlZC1lMTY2ODc3OTQ1MTc3OS5qcGc.webp\" class=\"attachment-large size-large wp-image-8999\" alt=\"\" loading=\"lazy\" data-blur-hash=\"LCI5JR-iM^_39IIW-q~C?GDhxpad\" style=\"background-size: cover; background-origin: content-box; background-repeat: no-repeat; background-image: url(data:image\/png;base64,iVBORw0KGgoAAAANSUhEUgAAACAAAAAdCAIAAABE\/PnQAAAACXBIWXMAAA7EAAAOxAGVKw4bAAADrklEQVRIiXVWy3LkNhADQHlt7\/\/fc8w\/5MOy6xEJ5NBNSd6qqDgcacoG2A+gxX\/+\/ivJXD7n\/Hq9fn29\/v3d6\/drvVYcjnG8vb1\/vL\/\/\/Pz4+fH5+fH++fH+48ePt+MYQyKDLPtc8zzn13l+nefrPF9zTi\/h20WAj\/v\/vZL+AOgvANk3SOrn4AgQ8NvfFTQBkghJYH8K5uYBUjx5XPb95QNgkPTZ2Tds+EZ9BJZeSRLECYEgtp3YtuNlL9tey0fACqIWWOgiCYo0QZLfkvdET4rMLnSvtex1XYeLgAx47SAhkabIkE1SHDe6bbLDWQ\/QOWvNudaxz55QgECBgkSSEgOlnjpdf2TcNgA7azM09DznOeeah6EggQJXBCAbXVaUgNLm6CIncbzCmAAqM3MV9MY\/z7lm18Adx46AoiRJcUJqLwJEsAtgg0xgr7ke8IV+nuecuwZVAPJC3wQIILIiqJ7aKbLDulv2WnN2fs5meJ3nmodBEAa9OSg2+tAAKkVjZ+nicAK70rXWWvZca64556r8VxmO7mviVkDDFz6TkJIqCOIRhGEAcQr92URrznmea87DlzqJVIHFKsEYAYGApMYdBLh9IAjguHT17FSv6bXWuiJoDkKoDhpDQEikCHQHwdsxSmZ24q3ivTlesI9qicoS0OiShgxIRIDO2tgcakmUgJxabmngeeYc9Vw7HyrGEBFTAIhuqp2lqgQfBno5YIgQKICIR+CHFYWMtNsWUoKyp52jZ57yzaKBXUINjiEPITpQBMVcqOV1oKg8CCo7taFlneYqXHXxxtBxDGSIOIB12TAZlZxrSBBJedDOvarDiDKVoD23G6\/QR6PjbQ3dBOy5kMFEqP\/vuYMtbwoSKJTBkIQZSW7hHOPwQA4hS\/TaBK2eMmwBBgREe7CVQQ1KoMI9mhKICRONoXggRg7CIsZiPA52BACzWwNQPd3HB7TRVfkxoHAXOYCQARiw+LbEWLZ3igimdFBiuK2jhkQFkdqrxVpmSg95YQwgQlw9asU+iIkn8u4PkgxBEbw8vPITKLtuiFGHwABDDjMRLSWCc9Wgx65Yjdq9twcyu7BkmoMAnAiC0E7GIcBEiKhaJVWDffyIELmLWxK43gSo7PwYJXE6LmmWktLT\/Sh\/QlJCQ6upwbbcrxhAXDZCAqpGI+r8tqgavTv2VCzVUptAF\/Q++x8RgGQNqH4Va6VQoMsAnLKaZIAdQW4d3J6xU7TxCzT7daytN0zpHdURm1eiDQrJf6QbcrW6IRhXAAAAAElFTkSuQmCC);\" srcset=\"https:\/\/www.ankarsrum.com\/img-srv\/KNSafyQJPpu78ZBrHgbGa7e1e869mLToirdG6p-ANZY\/resizing_type:auto\/width:1024\/height:0\/gravity:sm\/enlarge:1\/ext:webp\/strip_metadata:1\/quality:90\/cachebuster:filesize-362783\/bG9jYWw6Ly8vd3d3LmFua2Fyc3J1bS5jb20vd3AtY29udGVudC91cGxvYWRzL3NpdGVzLzE5LzIwMjIvMTEvQW5rYXJzcnVtX0tpdGNoZW5fUGFzdHJ5XzAyLXNjYWxlZC1lMTY2ODc3OTQ1MTc3OS5qcGc.webp 1024w\" sizes=\"(max-width: 1129px) 100vw, 1129px\" qala-img-proxy-processed=\"processed\" \/>\n\n<\/picture>\t\t\t\n\t\t\t\t\t\t\n\t\t\t\t\t\t\t<div\n\t\t\t\t\tclass=\"overlay\"\n\t\t\t\t\tstyle=\"opacity:70%; \"\n\t\t\t\t><\/div>\n\t\t\t\n\t\t<\/div>\n\t<\/div>\n<\/div>\n\n\n\n<div style=\"height:16px\" aria-hidden=\"true\" class=\"wp-block-spacer\"><\/div>\n\n\n\n<figure class=\"wp-block-gallery alignfull columns-4 is-cropped wp-block-gallery-1 is-layout-flex wp-block-gallery-is-layout-flex\"><ul class=\"blocks-gallery-grid\"><li class=\"blocks-gallery-item\"><figure><img decoding=\"async\" src=\"https:\/\/www.ankarsrum.com\/us\/wp-content\/uploads\/sites\/10\/2023\/03\/coral-pc4589561.png\" alt=\"\" data-id=\"8132\" data-full-url=\"https:\/\/www.ankarsrum.com\/us\/wp-content\/uploads\/sites\/10\/2023\/03\/coral-pc4589561.png\" data-link=\"https:\/\/www.ankarsrum.com\/us\/coral__pc4589561__-png\/\" class=\"wp-image-8132\"\/><\/figure><\/li><li class=\"blocks-gallery-item\"><figure><img decoding=\"async\" src=\"https:\/\/www.ankarsrum.com\/us\/wp-content\/uploads\/sites\/10\/2023\/05\/ankarsrum-glassvaffla-5.jpg\" alt=\"\" data-id=\"8697\" data-full-url=\"https:\/\/www.ankarsrum.com\/us\/wp-content\/uploads\/sites\/10\/2023\/05\/ankarsrum-glassvaffla-5.jpg\" data-link=\"https:\/\/www.ankarsrum.com\/us\/ankarsrum-newsletter\/ankarsrum-glassvaffla-5\/\" class=\"wp-image-8697\"\/><\/figure><\/li><li class=\"blocks-gallery-item\"><figure><img decoding=\"async\" src=\"https:\/\/www.ankarsrum.com\/us\/wp-content\/uploads\/sites\/10\/2023\/05\/ankarsrum-1.jpg\" alt=\"\" data-id=\"8699\" data-full-url=\"https:\/\/www.ankarsrum.com\/us\/wp-content\/uploads\/sites\/10\/2023\/05\/ankarsrum-1.jpg\" data-link=\"https:\/\/www.ankarsrum.com\/us\/ankarsrum-newsletter\/ankarsrum-1\/\" class=\"wp-image-8699\"\/><\/figure><\/li><li class=\"blocks-gallery-item\"><figure><img decoding=\"async\" src=\"https:\/\/www.ankarsrum.com\/us\/wp-content\/uploads\/sites\/10\/2023\/05\/falafel-3-web.jpg\" alt=\"\" data-id=\"8700\" data-full-url=\"https:\/\/www.ankarsrum.com\/us\/wp-content\/uploads\/sites\/10\/2023\/05\/falafel-3-web.jpg\" data-link=\"https:\/\/www.ankarsrum.com\/us\/ankarsrum-newsletter\/falafel_3_web\/\" class=\"wp-image-8700\"\/><\/figure><\/li><\/ul><\/figure>\n","protected":false},"excerpt":{"rendered":"<p>Tilmeld dig vores nyhedsbrev. F\u00e5 tips til hvordan du bruger og kommer i gang med din maskine<\/p>\n","protected":false},"author":23,"featured_media":0,"parent":0,"menu_order":0,"comment_status":"closed","ping_status":"closed","template":"","meta":{"_acf_changed":false,"content-type":"","editor_notices":[],"footnotes":""},"class_list":["post-10395","page","type-page","status-publish","hentry"],"acf":[],"yoast_head":"<!-- This site is optimized with the Yoast SEO Premium plugin v26.6 (Yoast SEO v26.6) - https:\/\/yoast.com\/wordpress\/plugins\/seo\/ -->\n<title>Ankarsrum newsletter - Ankarsrum Denmark<\/title>\n<meta name=\"robots\" content=\"index, follow, max-snippet:-1, max-image-preview:large, max-video-preview:-1\" \/>\n<link rel=\"canonical\" href=\"https:\/\/www.ankarsrum.com\/dk\/ankarsrum-newsletter-2\/\" \/>\n<meta property=\"og:locale\" content=\"da_DK\" \/>\n<meta property=\"og:type\" content=\"article\" \/>\n<meta property=\"og:title\" content=\"Ankarsrum newsletter\" \/>\n<meta property=\"og:description\" content=\"Tilmeld dig vores nyhedsbrev. F\u00e5 tips til hvordan du bruger og kommer i gang med din maskine\" \/>\n<meta property=\"og:url\" content=\"https:\/\/www.ankarsrum.com\/dk\/ankarsrum-newsletter-2\/\" \/>\n<meta property=\"og:site_name\" content=\"Ankarsrum Denmark\" \/>\n<meta property=\"article:modified_time\" content=\"2023-05-16T06:44:06+00:00\" \/>\n<meta property=\"og:image\" content=\"https:\/\/www.ankarsrum.com\/us\/wp-content\/uploads\/sites\/10\/2023\/03\/coral-pc4589561.png\" \/>\n<meta name=\"twitter:card\" content=\"summary_large_image\" \/>\n<meta name=\"twitter:label1\" content=\"Estimeret l\u00e6setid\" \/>\n\t<meta name=\"twitter:data1\" content=\"2 minutter\" \/>\n<script type=\"application\/ld+json\" class=\"yoast-schema-graph\">{\"@context\":\"https:\/\/schema.org\",\"@graph\":[{\"@type\":\"WebPage\",\"@id\":\"https:\/\/www.ankarsrum.com\/dk\/ankarsrum-newsletter-2\/\",\"url\":\"https:\/\/www.ankarsrum.com\/dk\/ankarsrum-newsletter-2\/\",\"name\":\"Ankarsrum newsletter - Ankarsrum Denmark\",\"isPartOf\":{\"@id\":\"https:\/\/www.ankarsrum.com\/dk\/#website\"},\"primaryImageOfPage\":{\"@id\":\"https:\/\/www.ankarsrum.com\/dk\/ankarsrum-newsletter-2\/#primaryimage\"},\"image\":{\"@id\":\"https:\/\/www.ankarsrum.com\/dk\/ankarsrum-newsletter-2\/#primaryimage\"},\"thumbnailUrl\":\"https:\/\/www.ankarsrum.com\/us\/wp-content\/uploads\/sites\/10\/2023\/03\/coral-pc4589561.png\",\"datePublished\":\"2023-05-15T06:05:56+00:00\",\"dateModified\":\"2023-05-16T06:44:06+00:00\",\"breadcrumb\":{\"@id\":\"https:\/\/www.ankarsrum.com\/dk\/ankarsrum-newsletter-2\/#breadcrumb\"},\"inLanguage\":\"da-DK\",\"potentialAction\":[{\"@type\":\"ReadAction\",\"target\":[\"https:\/\/www.ankarsrum.com\/dk\/ankarsrum-newsletter-2\/\"]}]},{\"@type\":\"ImageObject\",\"inLanguage\":\"da-DK\",\"@id\":\"https:\/\/www.ankarsrum.com\/dk\/ankarsrum-newsletter-2\/#primaryimage\",\"url\":\"https:\/\/www.ankarsrum.com\/us\/wp-content\/uploads\/sites\/10\/2023\/03\/coral-pc4589561.png\",\"contentUrl\":\"https:\/\/www.ankarsrum.com\/us\/wp-content\/uploads\/sites\/10\/2023\/03\/coral-pc4589561.png\"},{\"@type\":\"BreadcrumbList\",\"@id\":\"https:\/\/www.ankarsrum.com\/dk\/ankarsrum-newsletter-2\/#breadcrumb\",\"itemListElement\":[{\"@type\":\"ListItem\",\"position\":1,\"name\":\"Home\",\"item\":\"https:\/\/www.ankarsrum.com\/dk\/\"},{\"@type\":\"ListItem\",\"position\":2,\"name\":\"Ankarsrum newsletter\"}]},{\"@type\":\"WebSite\",\"@id\":\"https:\/\/www.ankarsrum.com\/dk\/#website\",\"url\":\"https:\/\/www.ankarsrum.com\/dk\/\",\"name\":\"Ankarsrum Denmark\",\"description\":\"The bread of the world\",\"potentialAction\":[{\"@type\":\"SearchAction\",\"target\":{\"@type\":\"EntryPoint\",\"urlTemplate\":\"https:\/\/www.ankarsrum.com\/dk\/?s={search_term_string}\"},\"query-input\":{\"@type\":\"PropertyValueSpecification\",\"valueRequired\":true,\"valueName\":\"search_term_string\"}}],\"inLanguage\":\"da-DK\"}]}<\/script>\n<!-- \/ Yoast SEO Premium plugin. -->","yoast_head_json":{"title":"Ankarsrum newsletter - Ankarsrum Denmark","robots":{"index":"index","follow":"follow","max-snippet":"max-snippet:-1","max-image-preview":"max-image-preview:large","max-video-preview":"max-video-preview:-1"},"canonical":"https:\/\/www.ankarsrum.com\/dk\/ankarsrum-newsletter-2\/","og_locale":"da_DK","og_type":"article","og_title":"Ankarsrum newsletter","og_description":"Tilmeld dig vores nyhedsbrev. F\u00e5 tips til hvordan du bruger og kommer i gang med din maskine","og_url":"https:\/\/www.ankarsrum.com\/dk\/ankarsrum-newsletter-2\/","og_site_name":"Ankarsrum Denmark","article_modified_time":"2023-05-16T06:44:06+00:00","og_image":[{"url":"https:\/\/www.ankarsrum.com\/us\/wp-content\/uploads\/sites\/10\/2023\/03\/coral-pc4589561.png","type":"","width":"","height":""}],"twitter_card":"summary_large_image","twitter_misc":{"Estimeret l\u00e6setid":"2 minutter"},"schema":{"@context":"https:\/\/schema.org","@graph":[{"@type":"WebPage","@id":"https:\/\/www.ankarsrum.com\/dk\/ankarsrum-newsletter-2\/","url":"https:\/\/www.ankarsrum.com\/dk\/ankarsrum-newsletter-2\/","name":"Ankarsrum newsletter - Ankarsrum Denmark","isPartOf":{"@id":"https:\/\/www.ankarsrum.com\/dk\/#website"},"primaryImageOfPage":{"@id":"https:\/\/www.ankarsrum.com\/dk\/ankarsrum-newsletter-2\/#primaryimage"},"image":{"@id":"https:\/\/www.ankarsrum.com\/dk\/ankarsrum-newsletter-2\/#primaryimage"},"thumbnailUrl":"https:\/\/www.ankarsrum.com\/us\/wp-content\/uploads\/sites\/10\/2023\/03\/coral-pc4589561.png","datePublished":"2023-05-15T06:05:56+00:00","dateModified":"2023-05-16T06:44:06+00:00","breadcrumb":{"@id":"https:\/\/www.ankarsrum.com\/dk\/ankarsrum-newsletter-2\/#breadcrumb"},"inLanguage":"da-DK","potentialAction":[{"@type":"ReadAction","target":["https:\/\/www.ankarsrum.com\/dk\/ankarsrum-newsletter-2\/"]}]},{"@type":"ImageObject","inLanguage":"da-DK","@id":"https:\/\/www.ankarsrum.com\/dk\/ankarsrum-newsletter-2\/#primaryimage","url":"https:\/\/www.ankarsrum.com\/us\/wp-content\/uploads\/sites\/10\/2023\/03\/coral-pc4589561.png","contentUrl":"https:\/\/www.ankarsrum.com\/us\/wp-content\/uploads\/sites\/10\/2023\/03\/coral-pc4589561.png"},{"@type":"BreadcrumbList","@id":"https:\/\/www.ankarsrum.com\/dk\/ankarsrum-newsletter-2\/#breadcrumb","itemListElement":[{"@type":"ListItem","position":1,"name":"Home","item":"https:\/\/www.ankarsrum.com\/dk\/"},{"@type":"ListItem","position":2,"name":"Ankarsrum newsletter"}]},{"@type":"WebSite","@id":"https:\/\/www.ankarsrum.com\/dk\/#website","url":"https:\/\/www.ankarsrum.com\/dk\/","name":"Ankarsrum Denmark","description":"The bread of the world","potentialAction":[{"@type":"SearchAction","target":{"@type":"EntryPoint","urlTemplate":"https:\/\/www.ankarsrum.com\/dk\/?s={search_term_string}"},"query-input":{"@type":"PropertyValueSpecification","valueRequired":true,"valueName":"search_term_string"}}],"inLanguage":"da-DK"}]}},"_links":{"self":[{"href":"https:\/\/www.ankarsrum.com\/dk\/wp-json\/wp\/v2\/pages\/10395","targetHints":{"allow":["GET"]}}],"collection":[{"href":"https:\/\/www.ankarsrum.com\/dk\/wp-json\/wp\/v2\/pages"}],"about":[{"href":"https:\/\/www.ankarsrum.com\/dk\/wp-json\/wp\/v2\/types\/page"}],"author":[{"embeddable":true,"href":"https:\/\/www.ankarsrum.com\/dk\/wp-json\/wp\/v2\/users\/23"}],"replies":[{"embeddable":true,"href":"https:\/\/www.ankarsrum.com\/dk\/wp-json\/wp\/v2\/comments?post=10395"}],"version-history":[{"count":1,"href":"https:\/\/www.ankarsrum.com\/dk\/wp-json\/wp\/v2\/pages\/10395\/revisions"}],"predecessor-version":[{"id":10411,"href":"https:\/\/www.ankarsrum.com\/dk\/wp-json\/wp\/v2\/pages\/10395\/revisions\/10411"}],"wp:attachment":[{"href":"https:\/\/www.ankarsrum.com\/dk\/wp-json\/wp\/v2\/media?parent=10395"}],"curies":[{"name":"wp","href":"https:\/\/api.w.org\/{rel}","templated":true}]}}