{"id":14291,"date":"2024-10-21T12:43:20","date_gmt":"2024-10-21T10:43:20","guid":{"rendered":"https:\/\/www.ankarsrum.com\/dk\/?page_id=14291"},"modified":"2025-01-23T11:15:06","modified_gmt":"2025-01-23T10:15:06","slug":"koebsbetingelser","status":"publish","type":"page","link":"https:\/\/www.ankarsrum.com\/dk\/koebsbetingelser\/","title":{"rendered":"K\u00f8bsbetingelser"},"content":{"rendered":"<strong>Om Ankarsrum Kitchen AB<\/strong>\n\nAnkarsrum Kitchen AB producerer, markedsf\u00f8rer, s\u00e6lger og distribuerer k\u00f8kkenmaskiner af m\u00e6rket Ankarsrum\u00ae, Assistent Original\u00ae samt tilbeh\u00f8r.\nVed k\u00f8b foretaget via\u00a0www.ankarsrum.com\/dk\u00a0indg\u00e5s k\u00f8bsaftalen med den af Ankarsrum Kitchen udn\u00e6vnte distribut\u00f8r for Danmark:\n\nCrylle ApS\nStadion Alle 36, kl.\n8000 Aarhus C.\nDanmark\nCVR-nr. 29799687\nKundeservice\nTelefon: +45 2552 0002 (Telefontid hverdage mellem 8-16)\nE-mail:\u00a0crylle@crylle.dk\n\nN\u00e5r du sender breve til Crylle ApS&#8217;s kundeservice, bedes du m\u00e6rke kuverten med &#8220;Kundeservice&#8221;.\n\n<strong>Generelt<\/strong>\nDisse vilk\u00e5r og betingelser g\u00e6lder, n\u00e5r du som forbruger (privatperson) afgiver en ordre fra Ankarsrum Kitchens e-handel p\u00e5\u00a0www.ankarsrum.com\/dk. En aftale mellem dig og Crylle ApS indg\u00e5s for levering af de bestilte produkter, n\u00e5r du modtager en ordrebekr\u00e6ftelse.\nFor at handle p\u00e5 Ankarsrum Kitchens e-handel skal du v\u00e6re minimum 18 \u00e5r gammel, ikke v\u00e6re under v\u00e6rgem\u00e5l og have den juridiske kapacitet til at indg\u00e5 aftaler. Hvis du er under 18 \u00e5r, skal du have en for\u00e6lders tilladelse til at bestille hos os.\nVi forbeholder os retten til at revidere leveringstiden i tilf\u00e6lde af forsinkelser. Alle ordrer er underlagt tilg\u00e6ngelighed og bekr\u00e6ftelse af ordreprisen. Desuden forbeholder vi os retten til at foretage opdateringer p\u00e5 websitet som f\u00f8lge af tekniske fejl, trykfejl og tastefejl. Vi forbeholder os retten til at rette fejl i prisoplysningerne, inden ordren er blevet behandlet, samt for \u00e5benlyse fejl i prisoplysningerne, n\u00e5r ordren er blevet behandlet.\nFor mere information om, hvordan Ankarsrum Kitchen h\u00e5ndterer og behandler dine personlige data, se Ankarsrum Kitchens privatlivspolitik.\n\n<strong>Leveringer og bestilling<\/strong>\nVi tilbyder gratis fragt p\u00e5 alle ordrer over 3000 kr. Gratis fragt tilbydes i samarbejde med Post Nord og leveres normalt direkte til din hjemmeadresse\/pakkeshop\/alternativt til din firmaadresse.\nVores leveringsmuligheder inkluderer levering til n\u00e6rmeste Post Nord pakkeshop samt hjemmelevering med Post Nord. Du v\u00e6lger den mulighed, der passer dig bedst ved kassen. Aktuelle fragtomkostninger vises i onlinekassen.\nSkader p\u00e5 produkter, der er opst\u00e5et under transport, skal rapporteres straks til Crylle ApS, senest 7 dage efter, at forsendelsen er modtaget af modtageren.\n\n<strong>Hvis du ikke henter din pakke<\/strong>\nDin pakke forbliver p\u00e5 leveringsstedet i forskellige perioder afh\u00e6ngigt af den respektive leverand\u00f8rs regler, hvorefter den sendes tilbage til Crylle ApS&#8217;s lager. Hvis du har betalt for din ordre, men ikke har hentet den, vil du automatisk blive krediteret bel\u00f8bet for produktet(erne) (men ikke for fragtomkostningen), n\u00e5r vi har behandlet din levering.\nOrdrer, der ikke er blevet hentet fra pakkeshop eller ikke kan leveres, vil blive p\u00e5lagt et gebyr for at d\u00e6kke vores omkostninger. Gebyret for pakkeshop er 100 kr., og for hjemmeleveringer 100 kr.\n\n<strong>Force Majeure<\/strong>\nCrylle ApS er ikke ansvarlig for manglende opfyldelse eller forsinkelse af opfyldelsen af nogen af vores forpligtelser i henhold til disse vilk\u00e5r, som skyldes begivenheder uden for vores rimelige kontrol, eller hvis gennemf\u00f8relsen ville kr\u00e6ve ofre, der ikke er rimelige med hensyn til kundens interesse i, at Crylle ApS opfylder k\u00f8bet. Kunden har ikke ret til erstatning for det tab, der er lidt som f\u00f8lge af Crylle ApS&#8217;s forsinkelse eller fejl, hvis forsinkelsen eller fejlen skyldes en hindring uden for Crylle ApS&#8217;s kontrol, som ikke rimeligt kunne have v\u00e6ret forudset p\u00e5 k\u00f8bstidspunktet, og hvis konsekvenser Crylle ApS ikke rimeligt kunne have undg\u00e5et eller overvundet.\n\n<strong>Ordrebekr\u00e6ftelse<\/strong>\nN\u00e5r du har gennemf\u00f8rt en ordre, vil du modtage en ordrebekr\u00e6ftelse via e-mail. Hvis du ikke har modtaget en ordrebekr\u00e6ftelse, skal du kontrollere, at din e-mailadresse er korrekt og tjekke spam-mappen i din e-mail. Kontakt Crylle ApS&#8217;s kundeservice, og vi sender dig bekr\u00e6ftelsen igen.\n\n<strong>Retur<\/strong>\nCrylle ApS tilbyder 30 dages returret. Dette betyder, at du som forbruger har mulighed for at annullere dit k\u00f8b i op til tredive (30) dage.\n\nFor at anmelde en retur skal du blot sende en e-mail m\u00e6rket &#8220;retur&#8221; med ordre nummer, navn og \u00e5rsagen til returen &#8211; returadressen er:\nCrylle ApS\nStadion Alle 36, kl.\n8000 Aarhus C\n\nCrylle ApS d\u00e6kker ikke returfragten. Du som kunde er ansvarlig for, at varen sendes tilbage i samme stand, som du modtog den, i perfekt stand og komplet med emballage og original \u00e6ske. Afvigelser fra dette kan resultere i fradrag i k\u00f8bsprisen i tilf\u00e6lde af skader, der er opst\u00e5et under transport, under reng\u00f8ring eller manglende dele. Udover dette g\u00e6lder de vilk\u00e5r og betingelser, der er fastsat af fortrydelsesretten.\n\n<strong>Fortrydelsesret<\/strong>\nSom forbruger (privatperson) har du en fjorten (14) dages fortrydelsesret i henhold til loven (2005:59) om fjernsalg og salg uden for faste lokaler. Fortrydelsesfristen tr\u00e6der i kraft den dag forbrugeren modtager produktet.\nFor at ud\u00f8ve din fortrydelsesret skal du kontakte Crylle ApS mundtligt eller skriftligt inden for fjorten (14) dage efter modtagelsen af dit produkt. Dette skal g\u00f8res via telefonnummer +45 2552 0002 eller e-mail &#8211;\u00a0crylle@crylle.dk\n\nHvis du v\u00e6lger at annullere dit k\u00f8b, skal produktet sendes til Crylle ApS inden for fjorten (14) dage fra den dato, hvor du har informeret Crylle ApS om, at du har ombestemt dig. Returen betales af kunden. Du vil modtage din refundering senest fjorten (14) dage efter, at vi er blevet informeret om din beslutning om at annullere ordren. Vi har ret til at vente med refusionen, indtil vi har modtaget varerne. Vi vil refundere via den samme betalingsmetode, som k\u00f8bet oprindeligt blev foretaget med.\nCrylle ApS er ikke ansvarlig for produktet i den periode, det sendes tilbage til Crylle ApS fra kunden i henhold til fortrydelsesretten. S\u00f8rg for at pakke varen(e) forsigtigt og send dem tilbage som pakke. Gem forsendelsesnummeret, indtil du er blevet refunderet eller kontaktet.\n\nVaren skal returneres med originalemballagen og i samme stand, som du modtog den, Crylle ApS har ret til at opkr\u00e6ve omkostninger for at genskabe produkter til deres oprindelige stand.<strong>\u00a0<\/strong>\n\n<strong>Klage<\/strong>\nHver maskine gennemg\u00e5r en kvalitetskontrol, inden den sendes til dig som forbruger. Hvis produktet, trods kvalitetskontrollen, er defekt eller fejlagtigt ved ankomsten, har du som forbruger (ikke en virksomhed) en to\u00e5rig klageret p\u00e5 originale fejl fra den dag, du k\u00f8bte produktet. Hvis du \u00f8nsker at klage over en fejl i det bestilte produkt, skal du kontakte Crylle ApS&#8217;s kundeservice s\u00e5 hurtigt som muligt efter, at fejlen er blevet opdaget, se kontaktinformation:\n\nCrylle ApS\nStadion Alle 36, kl.\n8000 Aarhus C\nDanmark\n\nTelefon: +45 2552 0002\nE-mail:\u00a0crylle@crylle.dk\nI en periode p\u00e5 fireogtyve (24) m\u00e5neder ligger bevisbyrden p\u00e5 Crylle ApS for at bevise, at produktet er d\u00e6kket af en original fejl.\n\n<strong>K\u00f8b via distribut\u00f8rer<\/strong>\nHvis du \u00f8nsker at klage eller returnere nogle af vores produkter, som du har k\u00f8bt gennem en af Ankarsrum Kitchens distribut\u00f8rer, der ikke er Crylle ApS, skal du kontakte den relevante distribut\u00f8r med din retur eller klage. Oplysninger om, hvilken distribut\u00f8r der er relevant for dit k\u00f8b, fremg\u00e5r af din ordrebekr\u00e6ftelse, og du kan ogs\u00e5 se en oversigt over vores distribut\u00f8rer her:\u00a0<a href=\"https:\/\/www.ankarsrum.com\/distributors\/\">https:\/\/www.ankarsrum.com\/distributors\/<\/a>.\nCrylle ApS h\u00e5ndterer ikke klager eller returneringer vedr\u00f8rende produkter, der ikke er k\u00f8bt direkte fra os via\u00a0www.ankarsrum.com\/dk.\nSom kunde har du en 14-dages returret og en to-\u00e5rig klageret p\u00e5 originale fejl fra den dato, du k\u00f8bte produktet fra distribut\u00f8ren, medmindre andet er fastsat ved national lovgivning.\n\n<strong>Garanti Regler<\/strong>\nMaskinmodel AKM6230 med 1500 watt motor har en syv (7) \u00e5rs fabriksgaranti, som d\u00e6kker maskinen undtagen den rustfrie sk\u00e5l og eventuelt tilbeh\u00f8r. \u00c6ldre modeller (800 watt motor) er d\u00e6kket af en fem (5) \u00e5rs fabriksgaranti, som d\u00e6kker maskinen undtagen den rustfrie sk\u00e5l og andet tilbeh\u00f8r.\nGarantien g\u00e6lder kun for maskiner, der anvendes i dit eget husstand, og under foruds\u00e6tning af, at du har fulgt instruktionerne i brugermanualen. Garantien g\u00e6lder ikke for transportskader eller i tilf\u00e6lde af forkert eller uforsigtig h\u00e5ndtering eller kommerciel brug. Garantien g\u00e6lder ikke i tilf\u00e6lde af forkert pleje. Maskinen m\u00e5 ikke bruges til andet end sit tilsigtede form\u00e5l. Maskinen m\u00e5 ikke \u00e5bnes eller p\u00e5 anden m\u00e5de repareres af andre end medarbejdere fra Ankarsrum Kitchen, Crylle ApS eller et udpeget servicepunkt for at garantien skal g\u00e6lde.\nHvis apparatet anvendes andre steder end i en husstand, s\u00e5som i en industri, p\u00e5 g\u00e5rde eller bed-and-breakfast, eller lignende, henvises der til IEC 60335 2-14 \u00a71; garantiperioden er begr\u00e6nset til et (1) \u00e5r. Garantien er kun gyldig, hvis du f\u00f8lger instruktionerne i betjeningsvejledningen og sikkerhedsinstrukserne, der medf\u00f8lger produktleveringen.\n\n<strong>Omkostninger ved garanti og klager<\/strong>\nHvis klagen godkendes, betaler Crylle ApS for omkostningerne ved returfragt. Hvis klagen ikke er gyldig, eller hvis du ud\u00f8ver din fortrydelsesret, skal du selv betale omkostningerne ved returfragten.\nHvis produkter viser sig at v\u00e6re uden fejl ved krav om garanti eller efter en klage, vil der blive opkr\u00e6vet et gebyr for forsendelse og et unders\u00f8gelsesgebyr p\u00e5 i alt 400 kr. inkl. moms.\n\n<strong>Betaling og priser<\/strong>\n\n<strong>Sikker betaling<\/strong>\nAt handle p\u00e5 Ankarsrum Kitchens e-handel er sikkert og nemt. Du kan v\u00e6lge mellem betaling via Mobilepay eller kortbetaling, hvor dit debet- eller kreditkort er tilknyttet Dankort\/Scanpay Visa eller Mastercard\/Eurocard. Mere information om de forskellige betalingsmuligheder kan findes under de respektive overskrifter nedenfor.\n\n<strong>Betaling med kort<\/strong>\nHvis du har et debet- eller kreditkort udstedt af Dankort\/Visa eller Mastercard, kan du betale via dit kreditkort. N\u00e5r du v\u00e6lger denne betalingsmulighed, vil bel\u00f8bet blive reserveret p\u00e5 dit kreditkort for din ordre, og betalingen vil kun blive gennemf\u00f8rt, n\u00e5r varerne sendes til dig.\n\n<strong>Faktura efter anmodning<\/strong>\nFakturaen sendes til dig efter anmodning.\n\n<strong>Priser<\/strong>\nAlle priser p\u00e5\u00a0www.ankarsrum.com\/dk\u00a0er angivet i kr. og inkluderer moms; momsen er specificeret p\u00e5 ordrebekr\u00e6ftelsen\/kvitteringen.\n\n<strong>\u00c6ndring \/ Annullering<\/strong>\nFor at \u00e6ndre eller annullere en ordre skal du kontakte Crylle ApS s\u00e5 hurtigt som muligt via\u00a0crylle@crylle.dk\u00a0eller telefon +45 2552 0002. S\u00f8rg for at henvise til dit ordrenummer. Vi forbeholder os retten til at afvise en anmodning om \u00e6ndring eller annullering.\n\n<strong>Produktoplysninger og billeder<\/strong>\nHvis du har sp\u00f8rgsm\u00e5l om et produkt, bedes du kontakte Crylle ApS&#8217;s kundeservice for mere information.\nAlt indhold p\u00e5\u00a0www.ankarsrum.com\/dk\u00a0tilh\u00f8rer Ankarsrum Kitchen AB. Oplysninger er beskyttet af blandt andet immaterialret og markedsf\u00f8ringslove. Det betyder, at varem\u00e6rker, firmanavne, produktnavne, billeder og grafik, design, layout samt oplysninger om produkter, tjenester og andet indhold ikke m\u00e5 kopieres eller bruges uden forudg\u00e5ende skriftlig tilladelse fra Ankarsrum Kitchen.\n\n<strong>G\u00e6ldende lov og tvister<\/strong>\nTvister skal l\u00f8ses enten af Forbrugerklagen\u00e6vnet eller af Den Europ\u00e6iske Kommission Online Klagebehandling, eller i sidste ende af en almindelig domstol.\nDisse vilk\u00e5r og betingelser skal fortolkes i overensstemmelse med dansk lov.\n\nKonkurrence- og Forbrugerstyrelsen\nCarl Jacobsens Vej 35\n2500 Valby\n\n<strong>EU Online Klagebehandling (ODR)<\/strong>\nDer er en europ\u00e6isk online klagebehandlingsplatform leveret af Den Europ\u00e6iske Kommission for at g\u00f8re online shopping mere sikker og retf\u00e6rdig. Hvis du befinder dig i EU, Norge, Island eller Liechtenstein, kan du som forbruger bruge platformen til at finde den bedste l\u00f8sning p\u00e5 dit forbrugerproblem, for at dr\u00f8fte en l\u00f8sning p\u00e5 dit problem direkte med os, eller for at acceptere et klagebehandlingsorgan til at h\u00e5ndtere din sag.\nOnline klagebehandlingsplatformen er ikke tilknyttet Crylle ApS eller Ankarsrum Kitchen. Du kan bruge online klagebehandlingsplatformen p\u00e5 alle EU-sprog, islandsk og norsk. Mere information om EU ODR kan findes her:\u00a0<a href=\"http:\/\/ec.europa.eu\/consumers\/odr\">http:\/\/ec.europa.eu\/consumers\/odr<\/a>.\n\n<strong>\u00c6ndringer af disse vilk\u00e5r og betingelser<\/strong>\nAnkarsrum Kitchen forbeholder sig retten til at \u00e6ndre vilk\u00e5rene og betingelserne. \u00c6ndringer af vilk\u00e5rene og betingelserne vil blive annonceret p\u00e5\u00a0www.ankarsrum.com\/dk. De g\u00e6ldende vilk\u00e5r og betingelser er tilg\u00e6ngelige p\u00e5\u00a0www.ankarsrum.com\/xx\/xxxxxxx.\n\n<strong>Crylle ApS Kundeservice<\/strong>\nDu kan kontakte Crylle ApS Kundeservice ang\u00e5ende sp\u00f8rgsm\u00e5l eller andet vedr\u00f8rende virksomhedens vilk\u00e5r og betingelser. Hvis du \u00f8nsker r\u00e5dgivning om produktvalg, kan du ogs\u00e5 kontakte os. Kontaktinformation til kundeservice kan findes nedenfor.\nTelefon: +45 2552 0002\nE-mail:\u00a0crylle@crylle.dk\nCrylle ApS\nStadion Alle 36, kl.\n8000 Aarhus C","protected":false},"excerpt":{"rendered":"<p>Om Ankarsrum Kitchen AB. Generelt. Leveringer og bestilling. <\/p>\n","protected":false},"author":224,"featured_media":0,"parent":0,"menu_order":0,"comment_status":"closed","ping_status":"closed","template":"","meta":{"_acf_changed":false,"content-type":"","editor_notices":[],"footnotes":""},"class_list":["post-14291","page","type-page","status-publish","hentry"],"acf":[],"yoast_head":"<!-- This site is optimized with the Yoast SEO Premium plugin v26.6 (Yoast SEO v26.6) - https:\/\/yoast.com\/wordpress\/plugins\/seo\/ -->\n<title>K\u00f8bsbetingelser - Ankarsrum Denmark<\/title>\n<meta name=\"robots\" content=\"index, follow, max-snippet:-1, max-image-preview:large, max-video-preview:-1\" \/>\n<link rel=\"canonical\" href=\"https:\/\/www.ankarsrum.com\/dk\/koebsbetingelser\/\" \/>\n<meta property=\"og:locale\" content=\"da_DK\" \/>\n<meta property=\"og:type\" content=\"article\" \/>\n<meta property=\"og:title\" content=\"K\u00f8bsbetingelser\" \/>\n<meta property=\"og:description\" content=\"Om Ankarsrum Kitchen AB. Generelt. Leveringer og bestilling.\" \/>\n<meta property=\"og:url\" content=\"https:\/\/www.ankarsrum.com\/dk\/koebsbetingelser\/\" \/>\n<meta property=\"og:site_name\" content=\"Ankarsrum Denmark\" \/>\n<meta property=\"article:modified_time\" content=\"2025-01-23T10:15:06+00:00\" \/>\n<meta name=\"twitter:card\" content=\"summary_large_image\" \/>\n<meta name=\"twitter:label1\" content=\"Estimeret l\u00e6setid\" \/>\n\t<meta name=\"twitter:data1\" content=\"11 minutter\" \/>\n<script type=\"application\/ld+json\" class=\"yoast-schema-graph\">{\"@context\":\"https:\/\/schema.org\",\"@graph\":[{\"@type\":\"WebPage\",\"@id\":\"https:\/\/www.ankarsrum.com\/dk\/koebsbetingelser\/\",\"url\":\"https:\/\/www.ankarsrum.com\/dk\/koebsbetingelser\/\",\"name\":\"K\u00f8bsbetingelser - Ankarsrum Denmark\",\"isPartOf\":{\"@id\":\"https:\/\/www.ankarsrum.com\/dk\/#website\"},\"datePublished\":\"2024-10-21T10:43:20+00:00\",\"dateModified\":\"2025-01-23T10:15:06+00:00\",\"breadcrumb\":{\"@id\":\"https:\/\/www.ankarsrum.com\/dk\/koebsbetingelser\/#breadcrumb\"},\"inLanguage\":\"da-DK\",\"potentialAction\":[{\"@type\":\"ReadAction\",\"target\":[\"https:\/\/www.ankarsrum.com\/dk\/koebsbetingelser\/\"]}]},{\"@type\":\"BreadcrumbList\",\"@id\":\"https:\/\/www.ankarsrum.com\/dk\/koebsbetingelser\/#breadcrumb\",\"itemListElement\":[{\"@type\":\"ListItem\",\"position\":1,\"name\":\"Home\",\"item\":\"https:\/\/www.ankarsrum.com\/dk\/\"},{\"@type\":\"ListItem\",\"position\":2,\"name\":\"K\u00f8bsbetingelser\"}]},{\"@type\":\"WebSite\",\"@id\":\"https:\/\/www.ankarsrum.com\/dk\/#website\",\"url\":\"https:\/\/www.ankarsrum.com\/dk\/\",\"name\":\"Ankarsrum Denmark\",\"description\":\"The bread of the world\",\"potentialAction\":[{\"@type\":\"SearchAction\",\"target\":{\"@type\":\"EntryPoint\",\"urlTemplate\":\"https:\/\/www.ankarsrum.com\/dk\/?s={search_term_string}\"},\"query-input\":{\"@type\":\"PropertyValueSpecification\",\"valueRequired\":true,\"valueName\":\"search_term_string\"}}],\"inLanguage\":\"da-DK\"}]}<\/script>\n<!-- \/ Yoast SEO Premium plugin. -->","yoast_head_json":{"title":"K\u00f8bsbetingelser - Ankarsrum Denmark","robots":{"index":"index","follow":"follow","max-snippet":"max-snippet:-1","max-image-preview":"max-image-preview:large","max-video-preview":"max-video-preview:-1"},"canonical":"https:\/\/www.ankarsrum.com\/dk\/koebsbetingelser\/","og_locale":"da_DK","og_type":"article","og_title":"K\u00f8bsbetingelser","og_description":"Om Ankarsrum Kitchen AB. Generelt. Leveringer og bestilling.","og_url":"https:\/\/www.ankarsrum.com\/dk\/koebsbetingelser\/","og_site_name":"Ankarsrum Denmark","article_modified_time":"2025-01-23T10:15:06+00:00","twitter_card":"summary_large_image","twitter_misc":{"Estimeret l\u00e6setid":"11 minutter"},"schema":{"@context":"https:\/\/schema.org","@graph":[{"@type":"WebPage","@id":"https:\/\/www.ankarsrum.com\/dk\/koebsbetingelser\/","url":"https:\/\/www.ankarsrum.com\/dk\/koebsbetingelser\/","name":"K\u00f8bsbetingelser - Ankarsrum Denmark","isPartOf":{"@id":"https:\/\/www.ankarsrum.com\/dk\/#website"},"datePublished":"2024-10-21T10:43:20+00:00","dateModified":"2025-01-23T10:15:06+00:00","breadcrumb":{"@id":"https:\/\/www.ankarsrum.com\/dk\/koebsbetingelser\/#breadcrumb"},"inLanguage":"da-DK","potentialAction":[{"@type":"ReadAction","target":["https:\/\/www.ankarsrum.com\/dk\/koebsbetingelser\/"]}]},{"@type":"BreadcrumbList","@id":"https:\/\/www.ankarsrum.com\/dk\/koebsbetingelser\/#breadcrumb","itemListElement":[{"@type":"ListItem","position":1,"name":"Home","item":"https:\/\/www.ankarsrum.com\/dk\/"},{"@type":"ListItem","position":2,"name":"K\u00f8bsbetingelser"}]},{"@type":"WebSite","@id":"https:\/\/www.ankarsrum.com\/dk\/#website","url":"https:\/\/www.ankarsrum.com\/dk\/","name":"Ankarsrum Denmark","description":"The bread of the world","potentialAction":[{"@type":"SearchAction","target":{"@type":"EntryPoint","urlTemplate":"https:\/\/www.ankarsrum.com\/dk\/?s={search_term_string}"},"query-input":{"@type":"PropertyValueSpecification","valueRequired":true,"valueName":"search_term_string"}}],"inLanguage":"da-DK"}]}},"_links":{"self":[{"href":"https:\/\/www.ankarsrum.com\/dk\/wp-json\/wp\/v2\/pages\/14291","targetHints":{"allow":["GET"]}}],"collection":[{"href":"https:\/\/www.ankarsrum.com\/dk\/wp-json\/wp\/v2\/pages"}],"about":[{"href":"https:\/\/www.ankarsrum.com\/dk\/wp-json\/wp\/v2\/types\/page"}],"author":[{"embeddable":true,"href":"https:\/\/www.ankarsrum.com\/dk\/wp-json\/wp\/v2\/users\/224"}],"replies":[{"embeddable":true,"href":"https:\/\/www.ankarsrum.com\/dk\/wp-json\/wp\/v2\/comments?post=14291"}],"version-history":[{"count":2,"href":"https:\/\/www.ankarsrum.com\/dk\/wp-json\/wp\/v2\/pages\/14291\/revisions"}],"predecessor-version":[{"id":15252,"href":"https:\/\/www.ankarsrum.com\/dk\/wp-json\/wp\/v2\/pages\/14291\/revisions\/15252"}],"wp:attachment":[{"href":"https:\/\/www.ankarsrum.com\/dk\/wp-json\/wp\/v2\/media?parent=14291"}],"curies":[{"name":"wp","href":"https:\/\/api.w.org\/{rel}","templated":true}]}}