{"id":15169,"date":"2025-01-20T10:13:56","date_gmt":"2025-01-20T09:13:56","guid":{"rendered":"https:\/\/www.ankarsrum.com\/dk\/wishlist\/"},"modified":"2025-10-22T15:23:32","modified_gmt":"2025-10-22T13:23:32","slug":"wishlist","status":"publish","type":"page","link":"https:\/\/www.ankarsrum.com\/dk\/wishlist\/","title":{"rendered":"Wishlist"},"content":{"rendered":"","protected":false},"excerpt":{"rendered":"","protected":false},"author":477,"featured_media":0,"parent":0,"menu_order":0,"comment_status":"closed","ping_status":"closed","template":"","meta":{"_acf_changed":false,"content-type":"","editor_notices":[],"footnotes":""},"class_list":["post-15169","page","type-page","status-publish","hentry"],"acf":[],"yoast_head":"<!-- This site is optimized with the Yoast SEO Premium plugin v26.6 (Yoast SEO v26.6) - https:\/\/yoast.com\/wordpress\/plugins\/seo\/ -->\n<title>\u00d8nskeliste \u2013 Gem dine favoritter hos Ankarsrum<\/title>\n<meta name=\"description\" content=\"Opret din \u00f8nskeliste hos Ankarsrum \u2013 gem maskiner og tilbeh\u00f8r til senere k\u00f8b, eller del listen som gaveid\u00e9 med venner og familie.\" \/>\n<meta name=\"robots\" content=\"index, follow, max-snippet:-1, max-image-preview:large, max-video-preview:-1\" \/>\n<link rel=\"canonical\" href=\"https:\/\/www.ankarsrum.com\/dk\/wishlist\/\" \/>\n<meta property=\"og:locale\" content=\"da_DK\" \/>\n<meta property=\"og:type\" content=\"article\" \/>\n<meta property=\"og:title\" content=\"Wishlist\" \/>\n<meta property=\"og:description\" content=\"Opret din \u00f8nskeliste hos Ankarsrum \u2013 gem maskiner og tilbeh\u00f8r til senere k\u00f8b, eller del listen som gaveid\u00e9 med venner og familie.\" \/>\n<meta property=\"og:url\" content=\"https:\/\/www.ankarsrum.com\/dk\/wishlist\/\" \/>\n<meta property=\"og:site_name\" content=\"Ankarsrum Denmark\" \/>\n<meta property=\"article:modified_time\" content=\"2025-10-22T13:23:32+00:00\" \/>\n<meta name=\"twitter:card\" content=\"summary_large_image\" \/>\n<script type=\"application\/ld+json\" class=\"yoast-schema-graph\">{\"@context\":\"https:\/\/schema.org\",\"@graph\":[{\"@type\":\"WebPage\",\"@id\":\"https:\/\/www.ankarsrum.com\/dk\/wishlist\/\",\"url\":\"https:\/\/www.ankarsrum.com\/dk\/wishlist\/\",\"name\":\"\u00d8nskeliste \u2013 Gem dine favoritter hos Ankarsrum\",\"isPartOf\":{\"@id\":\"https:\/\/www.ankarsrum.com\/dk\/#website\"},\"datePublished\":\"2025-01-20T09:13:56+00:00\",\"dateModified\":\"2025-10-22T13:23:32+00:00\",\"description\":\"Opret din \u00f8nskeliste hos Ankarsrum \u2013 gem maskiner og tilbeh\u00f8r til senere k\u00f8b, eller del listen som gaveid\u00e9 med venner og familie.\",\"breadcrumb\":{\"@id\":\"https:\/\/www.ankarsrum.com\/dk\/wishlist\/#breadcrumb\"},\"inLanguage\":\"da-DK\",\"potentialAction\":[{\"@type\":\"ReadAction\",\"target\":[\"https:\/\/www.ankarsrum.com\/dk\/wishlist\/\"]}]},{\"@type\":\"BreadcrumbList\",\"@id\":\"https:\/\/www.ankarsrum.com\/dk\/wishlist\/#breadcrumb\",\"itemListElement\":[{\"@type\":\"ListItem\",\"position\":1,\"name\":\"Home\",\"item\":\"https:\/\/www.ankarsrum.com\/dk\/\"},{\"@type\":\"ListItem\",\"position\":2,\"name\":\"Wishlist\"}]},{\"@type\":\"WebSite\",\"@id\":\"https:\/\/www.ankarsrum.com\/dk\/#website\",\"url\":\"https:\/\/www.ankarsrum.com\/dk\/\",\"name\":\"Ankarsrum Denmark\",\"description\":\"The bread of the world\",\"potentialAction\":[{\"@type\":\"SearchAction\",\"target\":{\"@type\":\"EntryPoint\",\"urlTemplate\":\"https:\/\/www.ankarsrum.com\/dk\/?s={search_term_string}\"},\"query-input\":{\"@type\":\"PropertyValueSpecification\",\"valueRequired\":true,\"valueName\":\"search_term_string\"}}],\"inLanguage\":\"da-DK\"}]}<\/script>\n<!-- \/ Yoast SEO Premium plugin. -->","yoast_head_json":{"title":"\u00d8nskeliste \u2013 Gem dine favoritter hos Ankarsrum","description":"Opret din \u00f8nskeliste hos Ankarsrum \u2013 gem maskiner og tilbeh\u00f8r til senere k\u00f8b, eller del listen som gaveid\u00e9 med venner og familie.","robots":{"index":"index","follow":"follow","max-snippet":"max-snippet:-1","max-image-preview":"max-image-preview:large","max-video-preview":"max-video-preview:-1"},"canonical":"https:\/\/www.ankarsrum.com\/dk\/wishlist\/","og_locale":"da_DK","og_type":"article","og_title":"Wishlist","og_description":"Opret din \u00f8nskeliste hos Ankarsrum \u2013 gem maskiner og tilbeh\u00f8r til senere k\u00f8b, eller del listen som gaveid\u00e9 med venner og familie.","og_url":"https:\/\/www.ankarsrum.com\/dk\/wishlist\/","og_site_name":"Ankarsrum Denmark","article_modified_time":"2025-10-22T13:23:32+00:00","twitter_card":"summary_large_image","schema":{"@context":"https:\/\/schema.org","@graph":[{"@type":"WebPage","@id":"https:\/\/www.ankarsrum.com\/dk\/wishlist\/","url":"https:\/\/www.ankarsrum.com\/dk\/wishlist\/","name":"\u00d8nskeliste \u2013 Gem dine favoritter hos Ankarsrum","isPartOf":{"@id":"https:\/\/www.ankarsrum.com\/dk\/#website"},"datePublished":"2025-01-20T09:13:56+00:00","dateModified":"2025-10-22T13:23:32+00:00","description":"Opret din \u00f8nskeliste hos Ankarsrum \u2013 gem maskiner og tilbeh\u00f8r til senere k\u00f8b, eller del listen som gaveid\u00e9 med venner og familie.","breadcrumb":{"@id":"https:\/\/www.ankarsrum.com\/dk\/wishlist\/#breadcrumb"},"inLanguage":"da-DK","potentialAction":[{"@type":"ReadAction","target":["https:\/\/www.ankarsrum.com\/dk\/wishlist\/"]}]},{"@type":"BreadcrumbList","@id":"https:\/\/www.ankarsrum.com\/dk\/wishlist\/#breadcrumb","itemListElement":[{"@type":"ListItem","position":1,"name":"Home","item":"https:\/\/www.ankarsrum.com\/dk\/"},{"@type":"ListItem","position":2,"name":"Wishlist"}]},{"@type":"WebSite","@id":"https:\/\/www.ankarsrum.com\/dk\/#website","url":"https:\/\/www.ankarsrum.com\/dk\/","name":"Ankarsrum Denmark","description":"The bread of the world","potentialAction":[{"@type":"SearchAction","target":{"@type":"EntryPoint","urlTemplate":"https:\/\/www.ankarsrum.com\/dk\/?s={search_term_string}"},"query-input":{"@type":"PropertyValueSpecification","valueRequired":true,"valueName":"search_term_string"}}],"inLanguage":"da-DK"}]}},"_links":{"self":[{"href":"https:\/\/www.ankarsrum.com\/dk\/wp-json\/wp\/v2\/pages\/15169","targetHints":{"allow":["GET"]}}],"collection":[{"href":"https:\/\/www.ankarsrum.com\/dk\/wp-json\/wp\/v2\/pages"}],"about":[{"href":"https:\/\/www.ankarsrum.com\/dk\/wp-json\/wp\/v2\/types\/page"}],"author":[{"embeddable":true,"href":"https:\/\/www.ankarsrum.com\/dk\/wp-json\/wp\/v2\/users\/477"}],"replies":[{"embeddable":true,"href":"https:\/\/www.ankarsrum.com\/dk\/wp-json\/wp\/v2\/comments?post=15169"}],"version-history":[{"count":1,"href":"https:\/\/www.ankarsrum.com\/dk\/wp-json\/wp\/v2\/pages\/15169\/revisions"}],"predecessor-version":[{"id":16557,"href":"https:\/\/www.ankarsrum.com\/dk\/wp-json\/wp\/v2\/pages\/15169\/revisions\/16557"}],"wp:attachment":[{"href":"https:\/\/www.ankarsrum.com\/dk\/wp-json\/wp\/v2\/media?parent=15169"}],"curies":[{"name":"wp","href":"https:\/\/api.w.org\/{rel}","templated":true}]}}