{"id":1523,"date":"2019-02-21T12:13:37","date_gmt":"2019-02-21T12:13:37","guid":{"rendered":"https:\/\/www.ankarsrum.com\/?page_id=1523"},"modified":"2025-10-22T15:18:15","modified_gmt":"2025-10-22T13:18:15","slug":"tips-til-vask","status":"publish","type":"page","link":"https:\/\/www.ankarsrum.com\/dk\/tips-til-vask\/","title":{"rendered":"Tips til vask"},"content":{"rendered":"<table class=\" aligncenter\" border=\"0\" width=\"100%\">\r\n<tbody>\r\n<tr style=\"border-bottom: 1px solid #ddd;\">\r\n<td width=\"70%\">\r\n<h3>K\u00f8dhakker<\/h3>\r\n<\/td>\r\n<td valign=\"right\" width=\"50%\"><img loading=\"lazy\" decoding=\"async\" class=\"alignnone size-full wp-image-1540\" src=\"https:\/\/www.ankarsrum.com\/wp-content\/uploads\/sites\/19\/2019\/02\/wash_1.jpg\" alt=\"\" width=\"362\" height=\"76\" srcset=\"https:\/\/www.ankarsrum.com\/dk\/wp-content\/uploads\/sites\/19\/2019\/02\/wash_1.jpg 362w, https:\/\/www.ankarsrum.com\/dk\/wp-content\/uploads\/sites\/19\/2019\/02\/wash_1-300x63.jpg 300w\" sizes=\"(max-width: 362px) 100vw, 362px\" \/><\/td>\r\n<\/tr>\r\n<tr style=\"border-bottom: 1px solid #ddd;\">\r\n<td width=\"70%\">\r\n<h3>Hulskiver &amp; kniv<\/h3>\r\n<\/td>\r\n<td valign=\"right\" width=\"50%\"><img loading=\"lazy\" decoding=\"async\" class=\"alignnone size-full wp-image-1540\" src=\"https:\/\/www.ankarsrum.com\/wp-content\/uploads\/sites\/19\/2019\/02\/wash_2.jpg\" alt=\"\" width=\"362\" height=\"76\" \/><\/td>\r\n<\/tr>\r\n<tr style=\"border-bottom: 1px solid #ddd;\">\r\n<td width=\"70%\">\r\n<h3>Hurtigpisker<\/h3>\r\n<\/td>\r\n<td valign=\"right\" width=\"50%\"><img loading=\"lazy\" decoding=\"async\" class=\"alignnone size-full wp-image-1540\" src=\"https:\/\/www.ankarsrum.com\/wp-content\/uploads\/sites\/19\/2019\/02\/wash_3.jpg\" alt=\"\" width=\"362\" height=\"76\" \/><\/td>\r\n<\/tr>\r\n<tr style=\"border-bottom: 1px solid #ddd;\">\r\n<td width=\"70%\">\r\n<h3>Pastacutters &amp; rollers<\/h3>\r\n<\/td>\r\n<td valign=\"right\" width=\"50%\"><img loading=\"lazy\" decoding=\"async\" class=\"alignnone size-full wp-image-1540\" src=\"https:\/\/www.ankarsrum.com\/wp-content\/uploads\/sites\/19\/2019\/02\/wash_4.jpg\" alt=\"\" width=\"362\" height=\"76\" \/><\/td>\r\n<\/tr>\r\n<tr style=\"border-bottom: 1px solid #ddd;\">\r\n<td width=\"70%\">\r\n<h3>Blender<\/h3>\r\n<\/td>\r\n<td valign=\"right\" width=\"50%\"><img loading=\"lazy\" decoding=\"async\" class=\"alignnone size-full wp-image-1540\" src=\"https:\/\/www.ankarsrum.com\/wp-content\/uploads\/sites\/19\/2019\/02\/wash_5.jpg\" alt=\"\" width=\"362\" height=\"76\" \/><\/td>\r\n<\/tr>\r\n<tr style=\"border-bottom: 1px solid #ddd;\">\r\n<td width=\"70%\">\r\n<h3>Mel-\/kaffekv\u00e6rn<\/h3>\r\n<\/td>\r\n<td valign=\"right\" width=\"50%\"><img loading=\"lazy\" decoding=\"async\" class=\"alignnone size-full wp-image-1540\" src=\"https:\/\/www.ankarsrum.com\/wp-content\/uploads\/sites\/19\/2019\/02\/wash_6.jpg\" alt=\"\" width=\"362\" height=\"76\" \/><\/td>\r\n<\/tr>\r\n<tr style=\"border-bottom: 1px solid #ddd;\">\r\n<td width=\"70%\">\r\n<h3>M\u00fcslikv\u00e6rn<\/h3>\r\n<\/td>\r\n<td valign=\"right\" width=\"50%\"><img loading=\"lazy\" decoding=\"async\" class=\"alignnone size-full wp-image-1540\" src=\"https:\/\/www.ankarsrum.com\/wp-content\/uploads\/sites\/19\/2019\/02\/wash_7.jpg\" alt=\"\" width=\"362\" height=\"76\" \/><\/td>\r\n<\/tr>\r\n<tr style=\"border-bottom: 1px solid #ddd;\">\r\n<td width=\"70%\">\r\n<h3>Rivejern, pur\u00e9presser og sm\u00e5kagejern<\/h3>\r\n<\/td>\r\n<td valign=\"right\" width=\"50%\"><img loading=\"lazy\" decoding=\"async\" class=\"alignnone size-full wp-image-1540\" src=\"https:\/\/www.ankarsrum.com\/wp-content\/uploads\/sites\/19\/2019\/02\/wash_8.jpg\" alt=\"\" width=\"362\" height=\"76\" \/><\/td>\r\n<\/tr>\r\n<tr style=\"border-bottom: 1px solid #ddd;\">\r\n<td width=\"70%\">\r\n<h3>Citruspresser<\/h3>\r\n<\/td>\r\n<td valign=\"right\" width=\"50%\"><img loading=\"lazy\" decoding=\"async\" class=\"alignnone size-full wp-image-1540\" src=\"https:\/\/www.ankarsrum.com\/wp-content\/uploads\/sites\/19\/2019\/02\/wash_9.jpg\" alt=\"\" width=\"362\" height=\"76\" \/><\/td>\r\n<\/tr>\r\n<tr style=\"border-bottom: 1px solid #ddd;\">\r\n<td width=\"70%\">\r\n<h3>Hurtigpiskersk\u00e5len<\/h3>\r\n<\/td>\r\n<td valign=\"right\" width=\"50%\"><img loading=\"lazy\" decoding=\"async\" class=\"alignnone size-full wp-image-1540\" src=\"https:\/\/www.ankarsrum.com\/wp-content\/uploads\/sites\/19\/2019\/02\/wash_10.jpg\" alt=\"\" width=\"362\" height=\"76\" \/><\/td>\r\n<\/tr>\r\n<tr style=\"border-bottom: 1px solid #ddd;\">\r\n<td width=\"70%\">\r\n<h3>Metalsk\u00e5l<\/h3>\r\n<\/td>\r\n<td valign=\"right\" width=\"50%\"><img loading=\"lazy\" decoding=\"async\" class=\"alignnone size-full wp-image-1540\" src=\"https:\/\/www.ankarsrum.com\/wp-content\/uploads\/sites\/19\/2019\/02\/wash_11.jpg\" alt=\"\" width=\"362\" height=\"76\" \/><\/td>\r\n<\/tr>\r\n<tr style=\"border-bottom: 1px solid #ddd;\">\r\n<td width=\"70%\">\r\n<h3>Dejrulle and spatel<\/h3>\r\n<\/td>\r\n<td valign=\"right\" width=\"50%\"><img loading=\"lazy\" decoding=\"async\" class=\"alignnone size-full wp-image-1540\" src=\"https:\/\/www.ankarsrum.com\/wp-content\/uploads\/sites\/19\/2019\/02\/wash_missing.jpg\" alt=\"\" width=\"362\" height=\"76\" \/><\/td>\r\n<\/tr>\r\n<tr style=\"border-bottom: 1px solid #ddd;\">\r\n<td width=\"70%\">\r\n<h3>Dejkrok &amp; kantskraber<\/h3>\r\n<\/td>\r\n<td valign=\"right\" width=\"50%\"><img loading=\"lazy\" decoding=\"async\" class=\"alignnone size-full wp-image-1540\" src=\"https:\/\/www.ankarsrum.com\/wp-content\/uploads\/sites\/19\/2019\/02\/wash_12.jpg\" alt=\"\" width=\"362\" height=\"76\" \/><\/td>\r\n<\/tr>\r\n<tr style=\"border-bottom: 1px solid #ddd;\">\r\n<td width=\"70%\">\r\n<h3>Pastaskiver &amp; P\u00f8lsehorn<\/h3>\r\n<\/td>\r\n<td valign=\"right\" width=\"50%\"><img loading=\"lazy\" decoding=\"async\" class=\"alignnone size-full wp-image-1540\" src=\"https:\/\/www.ankarsrum.com\/wp-content\/uploads\/sites\/19\/2019\/02\/wash_13.jpg\" alt=\"\" width=\"362\" height=\"76\" \/><\/td>\r\n<\/tr>\r\n<tr style=\"border-bottom: 1px solid #ddd;\">\r\n<td width=\"70%\">\r\n<h3>Gr\u00f8ntsagssnitter &amp; tromler<\/h3>\r\n<\/td>\r\n<td valign=\"right\" width=\"50%\"><img loading=\"lazy\" decoding=\"async\" class=\"alignnone size-full wp-image-1540\" src=\"https:\/\/www.ankarsrum.com\/wp-content\/uploads\/sites\/19\/2019\/02\/wash_14.jpg\" alt=\"\" width=\"362\" height=\"76\" \/><\/td>\r\n<\/tr>\r\n<\/tbody>\r\n<\/table>\r\n&nbsp;","protected":false},"excerpt":{"rendered":"<p>K\u00f8dhakker. Hulskiver &amp; kniv. Hurtigpisker. <\/p>\n","protected":false},"author":5,"featured_media":0,"parent":0,"menu_order":0,"comment_status":"closed","ping_status":"closed","template":"","meta":{"_acf_changed":false,"content-type":"","editor_notices":[],"footnotes":""},"class_list":["post-1523","page","type-page","status-publish","hentry"],"acf":[],"yoast_head":"<!-- This site is optimized with the Yoast SEO Premium plugin v26.6 (Yoast SEO v26.6) - https:\/\/yoast.com\/wordpress\/plugins\/seo\/ -->\n<title>Tips til vask \u2013 S\u00e5dan reng\u00f8r du din Ankarsrum Assistent<\/title>\n<meta name=\"description\" content=\"F\u00e5 de bedste reng\u00f8ringstips til din Ankarsrum \u2013 se hvilke dele der kan i opvaskemaskinen, og hvordan du bedst plejer sk\u00e5l, tilbeh\u00f8r og motor.\" \/>\n<meta name=\"robots\" content=\"index, follow, max-snippet:-1, max-image-preview:large, max-video-preview:-1\" \/>\n<link rel=\"canonical\" href=\"https:\/\/www.ankarsrum.com\/dk\/tips-til-vask\/\" \/>\n<meta property=\"og:locale\" content=\"da_DK\" \/>\n<meta property=\"og:type\" content=\"article\" \/>\n<meta property=\"og:title\" content=\"Tips til vask\" \/>\n<meta property=\"og:description\" content=\"F\u00e5 de bedste reng\u00f8ringstips til din Ankarsrum \u2013 se hvilke dele der kan i opvaskemaskinen, og hvordan du bedst plejer sk\u00e5l, tilbeh\u00f8r og motor.\" \/>\n<meta property=\"og:url\" content=\"https:\/\/www.ankarsrum.com\/dk\/tips-til-vask\/\" \/>\n<meta property=\"og:site_name\" content=\"Ankarsrum Denmark\" \/>\n<meta property=\"article:modified_time\" content=\"2025-10-22T13:18:15+00:00\" \/>\n<meta property=\"og:image\" content=\"https:\/\/www.ankarsrum.com\/wp-content\/uploads\/sites\/19\/2019\/02\/wash_1.jpg\" \/>\n<meta name=\"twitter:card\" content=\"summary_large_image\" \/>\n<meta name=\"twitter:label1\" content=\"Estimeret l\u00e6setid\" \/>\n\t<meta name=\"twitter:data1\" content=\"4 minutter\" \/>\n<script type=\"application\/ld+json\" class=\"yoast-schema-graph\">{\"@context\":\"https:\/\/schema.org\",\"@graph\":[{\"@type\":\"WebPage\",\"@id\":\"https:\/\/www.ankarsrum.com\/dk\/tips-til-vask\/\",\"url\":\"https:\/\/www.ankarsrum.com\/dk\/tips-til-vask\/\",\"name\":\"Tips til vask \u2013 S\u00e5dan reng\u00f8r du din Ankarsrum Assistent\",\"isPartOf\":{\"@id\":\"https:\/\/www.ankarsrum.com\/dk\/#website\"},\"primaryImageOfPage\":{\"@id\":\"https:\/\/www.ankarsrum.com\/dk\/tips-til-vask\/#primaryimage\"},\"image\":{\"@id\":\"https:\/\/www.ankarsrum.com\/dk\/tips-til-vask\/#primaryimage\"},\"thumbnailUrl\":\"https:\/\/www.ankarsrum.com\/wp-content\/uploads\/sites\/19\/2019\/02\/wash_1.jpg\",\"datePublished\":\"2019-02-21T12:13:37+00:00\",\"dateModified\":\"2025-10-22T13:18:15+00:00\",\"description\":\"F\u00e5 de bedste reng\u00f8ringstips til din Ankarsrum \u2013 se hvilke dele der kan i opvaskemaskinen, og hvordan du bedst plejer sk\u00e5l, tilbeh\u00f8r og motor.\",\"breadcrumb\":{\"@id\":\"https:\/\/www.ankarsrum.com\/dk\/tips-til-vask\/#breadcrumb\"},\"inLanguage\":\"da-DK\",\"potentialAction\":[{\"@type\":\"ReadAction\",\"target\":[\"https:\/\/www.ankarsrum.com\/dk\/tips-til-vask\/\"]}]},{\"@type\":\"ImageObject\",\"inLanguage\":\"da-DK\",\"@id\":\"https:\/\/www.ankarsrum.com\/dk\/tips-til-vask\/#primaryimage\",\"url\":\"https:\/\/www.ankarsrum.com\/wp-content\/uploads\/sites\/19\/2019\/02\/wash_1.jpg\",\"contentUrl\":\"https:\/\/www.ankarsrum.com\/wp-content\/uploads\/sites\/19\/2019\/02\/wash_1.jpg\"},{\"@type\":\"BreadcrumbList\",\"@id\":\"https:\/\/www.ankarsrum.com\/dk\/tips-til-vask\/#breadcrumb\",\"itemListElement\":[{\"@type\":\"ListItem\",\"position\":1,\"name\":\"Home\",\"item\":\"https:\/\/www.ankarsrum.com\/dk\/\"},{\"@type\":\"ListItem\",\"position\":2,\"name\":\"Tips til vask\"}]},{\"@type\":\"WebSite\",\"@id\":\"https:\/\/www.ankarsrum.com\/dk\/#website\",\"url\":\"https:\/\/www.ankarsrum.com\/dk\/\",\"name\":\"Ankarsrum Denmark\",\"description\":\"The bread of the world\",\"potentialAction\":[{\"@type\":\"SearchAction\",\"target\":{\"@type\":\"EntryPoint\",\"urlTemplate\":\"https:\/\/www.ankarsrum.com\/dk\/?s={search_term_string}\"},\"query-input\":{\"@type\":\"PropertyValueSpecification\",\"valueRequired\":true,\"valueName\":\"search_term_string\"}}],\"inLanguage\":\"da-DK\"}]}<\/script>\n<!-- \/ Yoast SEO Premium plugin. -->","yoast_head_json":{"title":"Tips til vask \u2013 S\u00e5dan reng\u00f8r du din Ankarsrum Assistent","description":"F\u00e5 de bedste reng\u00f8ringstips til din Ankarsrum \u2013 se hvilke dele der kan i opvaskemaskinen, og hvordan du bedst plejer sk\u00e5l, tilbeh\u00f8r og motor.","robots":{"index":"index","follow":"follow","max-snippet":"max-snippet:-1","max-image-preview":"max-image-preview:large","max-video-preview":"max-video-preview:-1"},"canonical":"https:\/\/www.ankarsrum.com\/dk\/tips-til-vask\/","og_locale":"da_DK","og_type":"article","og_title":"Tips til vask","og_description":"F\u00e5 de bedste reng\u00f8ringstips til din Ankarsrum \u2013 se hvilke dele der kan i opvaskemaskinen, og hvordan du bedst plejer sk\u00e5l, tilbeh\u00f8r og motor.","og_url":"https:\/\/www.ankarsrum.com\/dk\/tips-til-vask\/","og_site_name":"Ankarsrum Denmark","article_modified_time":"2025-10-22T13:18:15+00:00","og_image":[{"url":"https:\/\/www.ankarsrum.com\/wp-content\/uploads\/sites\/19\/2019\/02\/wash_1.jpg","type":"","width":"","height":""}],"twitter_card":"summary_large_image","twitter_misc":{"Estimeret l\u00e6setid":"4 minutter"},"schema":{"@context":"https:\/\/schema.org","@graph":[{"@type":"WebPage","@id":"https:\/\/www.ankarsrum.com\/dk\/tips-til-vask\/","url":"https:\/\/www.ankarsrum.com\/dk\/tips-til-vask\/","name":"Tips til vask \u2013 S\u00e5dan reng\u00f8r du din Ankarsrum Assistent","isPartOf":{"@id":"https:\/\/www.ankarsrum.com\/dk\/#website"},"primaryImageOfPage":{"@id":"https:\/\/www.ankarsrum.com\/dk\/tips-til-vask\/#primaryimage"},"image":{"@id":"https:\/\/www.ankarsrum.com\/dk\/tips-til-vask\/#primaryimage"},"thumbnailUrl":"https:\/\/www.ankarsrum.com\/wp-content\/uploads\/sites\/19\/2019\/02\/wash_1.jpg","datePublished":"2019-02-21T12:13:37+00:00","dateModified":"2025-10-22T13:18:15+00:00","description":"F\u00e5 de bedste reng\u00f8ringstips til din Ankarsrum \u2013 se hvilke dele der kan i opvaskemaskinen, og hvordan du bedst plejer sk\u00e5l, tilbeh\u00f8r og motor.","breadcrumb":{"@id":"https:\/\/www.ankarsrum.com\/dk\/tips-til-vask\/#breadcrumb"},"inLanguage":"da-DK","potentialAction":[{"@type":"ReadAction","target":["https:\/\/www.ankarsrum.com\/dk\/tips-til-vask\/"]}]},{"@type":"ImageObject","inLanguage":"da-DK","@id":"https:\/\/www.ankarsrum.com\/dk\/tips-til-vask\/#primaryimage","url":"https:\/\/www.ankarsrum.com\/wp-content\/uploads\/sites\/19\/2019\/02\/wash_1.jpg","contentUrl":"https:\/\/www.ankarsrum.com\/wp-content\/uploads\/sites\/19\/2019\/02\/wash_1.jpg"},{"@type":"BreadcrumbList","@id":"https:\/\/www.ankarsrum.com\/dk\/tips-til-vask\/#breadcrumb","itemListElement":[{"@type":"ListItem","position":1,"name":"Home","item":"https:\/\/www.ankarsrum.com\/dk\/"},{"@type":"ListItem","position":2,"name":"Tips til vask"}]},{"@type":"WebSite","@id":"https:\/\/www.ankarsrum.com\/dk\/#website","url":"https:\/\/www.ankarsrum.com\/dk\/","name":"Ankarsrum Denmark","description":"The bread of the world","potentialAction":[{"@type":"SearchAction","target":{"@type":"EntryPoint","urlTemplate":"https:\/\/www.ankarsrum.com\/dk\/?s={search_term_string}"},"query-input":{"@type":"PropertyValueSpecification","valueRequired":true,"valueName":"search_term_string"}}],"inLanguage":"da-DK"}]}},"_links":{"self":[{"href":"https:\/\/www.ankarsrum.com\/dk\/wp-json\/wp\/v2\/pages\/1523","targetHints":{"allow":["GET"]}}],"collection":[{"href":"https:\/\/www.ankarsrum.com\/dk\/wp-json\/wp\/v2\/pages"}],"about":[{"href":"https:\/\/www.ankarsrum.com\/dk\/wp-json\/wp\/v2\/types\/page"}],"author":[{"embeddable":true,"href":"https:\/\/www.ankarsrum.com\/dk\/wp-json\/wp\/v2\/users\/5"}],"replies":[{"embeddable":true,"href":"https:\/\/www.ankarsrum.com\/dk\/wp-json\/wp\/v2\/comments?post=1523"}],"version-history":[{"count":6,"href":"https:\/\/www.ankarsrum.com\/dk\/wp-json\/wp\/v2\/pages\/1523\/revisions"}],"predecessor-version":[{"id":3954,"href":"https:\/\/www.ankarsrum.com\/dk\/wp-json\/wp\/v2\/pages\/1523\/revisions\/3954"}],"wp:attachment":[{"href":"https:\/\/www.ankarsrum.com\/dk\/wp-json\/wp\/v2\/media?parent=1523"}],"curies":[{"name":"wp","href":"https:\/\/api.w.org\/{rel}","templated":true}]}}